{"id":13065,"date":"2024-01-02T13:16:49","date_gmt":"2024-01-02T12:16:49","guid":{"rendered":"https:\/\/www.leaplytics.de\/?page_id=13065"},"modified":"2024-01-02T13:16:50","modified_gmt":"2024-01-02T12:16:50","slug":"power-bi-kiberbiztonsagi-kockazatkezeles","status":"publish","type":"page","link":"https:\/\/www.leaplytics.de\/hu\/power-bi-kiberbiztonsagi-kockazatkezeles\/","title":{"rendered":"Power BI: Kiberbiztons\u00e1gi kock\u00e1zatkezel\u00e9s"},"content":{"rendered":"<h3 class=\"wp-block-heading has-medium-font-size\">Bevezet\u00e9s<\/h3>\n\n\n\n<p>Napjaink gyors temp\u00f3j\u00fa digit\u00e1lis vil\u00e1g\u00e1ban a kiberbiztons\u00e1gi kock\u00e1zatok kezel\u00e9se alapvet\u0151 fontoss\u00e1g\u00fa. Ez a cikk a kiberbiztons\u00e1gi kock\u00e1zatkezel\u00e9ssel kapcsolatos legfontosabb megl\u00e1t\u00e1sokr\u00f3l sz\u00f3l. Hangs\u00falyozzuk, hogy a szervezeteknek a Power BI-ban kock\u00e1zatkezel\u00e9si strat\u00e9gi\u00e1kat kell elfogadniuk.<\/p>\n\n\n\n<h3 class=\"wp-block-heading has-medium-font-size\">A kiberbiztons\u00e1gi strat\u00e9gi\u00e1k meg\u00e9rt\u00e9se \u00e9s optimaliz\u00e1l\u00e1sa<\/h3>\n\n\n\n<p>A szervezetek vil\u00e1gszerte befektetnek a kiberbiztons\u00e1gi kezdem\u00e9nyez\u00e9sekbe, hogy az adatok megs\u00e9rt\u00e9s\u00e9nek \u00e9s a nem tervezett le\u00e1ll\u00e1sok megel\u0151z\u00e9s\u00e9vel cs\u00f6kkents\u00e9k a kock\u00e1zatokat \u00e9s cs\u00f6kkents\u00e9k a k\u00f6lts\u00e9geket.. Alapvet\u0151 szempont a kock\u00e1zatok t\u00edpusainak meg\u00e9rt\u00e9se. Ez lehet\u0151v\u00e9 teszi a v\u00e1llalkoz\u00e1sok sz\u00e1m\u00e1ra, hogy hat\u00e9kony kock\u00e1zatkezel\u00e9si strat\u00e9gi\u00e1kat alak\u00edtsanak ki.<\/p>\n\n\n\n<p><strong>1. l\u00e9p\u00e9s - R\u00e9szletes kock\u00e1zati besorol\u00e1s: <\/strong><br>A hat\u00e9kony kock\u00e1zatkezel\u00e9s mag\u00e1ban foglalja a kock\u00e1zatok pontos oszt\u00e1lyoz\u00e1s\u00e1t. Ez a szemcs\u00e9s megk\u00f6zel\u00edt\u00e9s lehet\u0151v\u00e9 teszi a szervezetek sz\u00e1m\u00e1ra a potenci\u00e1lis fenyeget\u00e9sek azonos\u00edt\u00e1s\u00e1t \u00e9s rangsorol\u00e1s\u00e1t.<\/p>\n\n\n\n<p><strong>2. l\u00e9p\u00e9s - Proakt\u00edv kock\u00e1zatfelismer\u00e9s: <\/strong><br>A kock\u00e1zatok felismer\u00e9s\u00e9nek proakt\u00edv megk\u00f6zel\u00edt\u00e9se kulcsfontoss\u00e1g\u00fa. A szervezeteknek azonos\u00edtaniuk kell a potenci\u00e1lis fenyeget\u00e9seket, miel\u0151tt azok eszkal\u00e1l\u00f3dn\u00e1nak, ezzel fokozva a biztons\u00e1gi felk\u00e9sz\u00fclts\u00e9get.<\/p>\n\n\n\n<p><strong>3. l\u00e9p\u00e9s - Hat\u00e9kony kock\u00e1zatcs\u00f6kkent\u00e9s: <\/strong><br>A hat\u00e9kony kock\u00e1zatcs\u00f6kkent\u00e9s a kock\u00e1zatokat a val\u00f3sz\u00edn\u0171s\u00e9g \u00e9s a hat\u00e1s alapj\u00e1n \u00e9rt\u00e9keli. Az er\u0151forr\u00e1sok megfelel\u0151 eloszt\u00e1sa minimaliz\u00e1lja a bek\u00f6vetkez\u00e9s val\u00f3sz\u00edn\u0171s\u00e9g\u00e9t \u00e9s optimaliz\u00e1lja a kock\u00e1zatkezel\u00e9st.<\/p>\n\n\n\n<h3 class=\"wp-block-heading has-medium-font-size\">Kulcsteljes\u00edtm\u00e9nymutat\u00f3k (KPI-k) a kiberbiztons\u00e1gban<\/h3>\n\n\n\n<p>A KPI-k integr\u00e1l\u00e1sa a kiberbiztons\u00e1gi kock\u00e1zatkezel\u00e9sbe haszn\u00e1lhat\u00f3 betekint\u00e9st ny\u00fajt:<\/p>\n\n\n\n<ul class=\"wp-block-list\">\n<li> Gyors reag\u00e1l\u00e1s az incidensekre: Az azonnali cselekv\u00e9s probl\u00e9ma eset\u00e9n kulcsfontoss\u00e1g\u00fa a dolgok ellen\u0151rz\u00e9s alatt tart\u00e1s\u00e1hoz. (KPI: <strong>V\u00e1laszid\u0151<\/strong>)<\/li>\n<\/ul>\n\n\n\n<ul class=\"wp-block-list\">\n<li> A sebezhet\u0151s\u00e9gek kisz\u00far\u00e1sa: A gyenge pontok gyors azonos\u00edt\u00e1sa \u00e9s megold\u00e1sa biztos\u00edtja a fokozott digit\u00e1lis biztons\u00e1got. (KPI: <strong>Azonos\u00edtott kock\u00e1zatok<\/strong>\/mitigated)<\/li>\n<\/ul>\n\n\n\n<ul class=\"wp-block-list\">\n<li>Kock\u00e1zati megold\u00e1sok ellen\u0151rz\u00e9se: A kock\u00e1zatcs\u00f6kkent\u00e9si tervek hat\u00e9konys\u00e1g\u00e1nak ellen\u0151rz\u00e9se biztos\u00edtja a folyamatos javul\u00e1st. (KPI: <strong>Kock\u00e1zatok mer\u00fcltek fel<\/strong>, [p\u00e9nz\u00fcgyi] kock\u00e1zat hat\u00e1sa)<\/li>\n<\/ul>\n\n\n\n<h3 class=\"wp-block-heading has-medium-font-size\">Kock\u00e1zati m\u00e1trix a Power BI sz\u00e1m\u00e1ra<\/h3>\n\n\n\n<figure class=\"wp-block-image size-full\"><img loading=\"lazy\" decoding=\"async\" width=\"1024\" height=\"576\" src=\"https:\/\/www.leaplytics.de\/wp-content\/uploads\/2024\/01\/Risk-Matrix.jpg\" alt=\"\" class=\"wp-image-13066\" srcset=\"https:\/\/www.leaplytics.de\/wp-content\/uploads\/2024\/01\/Risk-Matrix.jpg 1024w, https:\/\/www.leaplytics.de\/wp-content\/uploads\/2024\/01\/Risk-Matrix-300x169.jpg 300w, https:\/\/www.leaplytics.de\/wp-content\/uploads\/2024\/01\/Risk-Matrix-768x432.jpg 768w, https:\/\/www.leaplytics.de\/wp-content\/uploads\/2024\/01\/Risk-Matrix-107x60.jpg 107w\" sizes=\"auto, (max-width: 1024px) 100vw, 1024px\" \/><\/figure>\n\n\n\n<p>Hogyan \u00e9rt\u00e9keli a kock\u00e1zatokat a Power BI kock\u00e1zati m\u00e1trixa:<\/p>\n\n\n\n<p>A kock\u00e1zat val\u00f3sz\u00edn\u0171s\u00e9g\u00e9nek \u00e9s potenci\u00e1lis hat\u00e1s\u00e1nak meg\u00e9rt\u00e9se seg\u00edt a kock\u00e1zati pontoz\u00e1si t\u00e1bl\u00e1zat l\u00e9trehoz\u00e1s\u00e1ban.  E dimenzi\u00f3k kombin\u00e1l\u00e1s\u00e1val a szervezetek rangsorolni tudj\u00e1k a s\u00falyos kock\u00e1zatokat.<\/p>\n\n\n\n<p>Kock\u00e1zati m\u00e1trixunk a Power BI sz\u00e1m\u00e1ra a k\u00f6vetkez\u0151 megold\u00e1sokat k\u00edn\u00e1lja:<\/p>\n\n\n\n<ul class=\"wp-block-list\">\n<li> Val\u00f3s idej\u0171 m\u0171szerfalak: A biztons\u00e1gi inform\u00e1ci\u00f3kat val\u00f3s id\u0151ben megjelen\u00edt\u0151 m\u0171szerfalakat tudunk l\u00e9trehozni. Ez seg\u00edt abban, hogy b\u00e1rmikor tudjuk, mennyire biztons\u00e1gosak a dolgok.<\/li>\n<\/ul>\n\n\n\n<ul class=\"wp-block-list\">\n<li>Kock\u00e1zati adatok vizualiz\u00e1l\u00e1sa: A m\u00e1trix \u00e9s az integr\u00e1lt grafikonok a kock\u00e1zati m\u00e9r\u0151sz\u00e1mokat mutatj\u00e1k. \u00cdgy mindenki sz\u00e1m\u00e1ra k\u00f6nnyen \u00e9rthet\u0151v\u00e9 v\u00e1lik, hogy mennyire s\u00falyosak a kock\u00e1zatok.<\/li>\n<\/ul>\n\n\n\n<ul class=\"wp-block-list\">\n<li> A tendenci\u00e1k nyomon k\u00f6vet\u00e9se \u00e9s azonos\u00edt\u00e1sa: A kock\u00e1zati m\u00e1trix seg\u00edts\u00e9g\u00e9vel ellen\u0151rizhetj\u00fck, hogy betartjuk-e a biztons\u00e1gi szab\u00e1lyokat. Seg\u00edt megtal\u00e1lni azokat a ter\u00fcleteket, amelyek t\u00f6bb biztons\u00e1gi int\u00e9zked\u00e9st ig\u00e9nyelnek, \u00e9s meg\u00e9rthetj\u00fck a trendeket a jobb biztons\u00e1g \u00e9rdek\u00e9ben.<\/li>\n<\/ul>\n\n\n\n<div class=\"wp-block-buttons is-layout-flex wp-block-buttons-is-layout-flex\">\n<div class=\"wp-block-button has-custom-font-size\" style=\"font-size:18px\"><a class=\"wp-block-button__link has-background wp-element-button\" href=\"https:\/\/www.leaplytics.de\/hu\/cimoldal\/projektmenedzsment-egyedi-latvanyterv-microsoft-powerbi\/kockazati-hoterkep-egyeni-vizualis-a-power-bi-szamara\/\" style=\"background-color:#22316d\" rel=\"https:\/\/www.leaplytics.de\/frontpage\/project-management-custom-visuals-microsoft-powerbi\/risk-heatmap-custom-visual-for-power-bi\/\">N\u00e9zze meg az egy\u00e9ni vizu\u00e1lis \"kock\u00e1zati m\u00e1trixot\" a Power BI sz\u00e1m\u00e1ra itt!<\/a><\/div>\n<\/div>\n\n\n\n<p><\/p>\n\n\n\n<h3 class=\"wp-block-heading has-medium-font-size\">K\u00f6vetkeztet\u00e9s<\/h3>\n\n\n\n<p>A fejl\u0151d\u0151 digit\u00e1lis fenyeget\u00e9sekkel szemben a szervezeteknek optim\u00e1lis kock\u00e1zatkezel\u00e9si strat\u00e9gi\u00e1kra van sz\u00fcks\u00e9g\u00fck. A kock\u00e1zatok dimenzi\u00f3inak meg\u00e9rt\u00e9se k\u00fcsz\u00f6b\u00f6n \u00e1ll. A fenyeget\u00e9sek m\u00e9rs\u00e9kl\u00e9s\u00e9re ir\u00e1nyul\u00f3 proakt\u00edv megk\u00f6zel\u00edt\u00e9s elfogad\u00e1sa er\u0151s\u00edti a v\u00e1llalkoz\u00e1sok kiberbiztons\u00e1g\u00e1t. A kiberbiztons\u00e1g intelligens \u00e9s hat\u00e9kony megk\u00f6zel\u00edt\u00e9se \u00e9rdek\u00e9ben a folyamatok egyszer\u0171s\u00edt\u00e9se \u00e1ll a k\u00f6z\u00e9ppontban.<\/p>","protected":false},"excerpt":{"rendered":"<p>Bevezet\u00e9s Napjaink rohan\u00f3 digit\u00e1lis vil\u00e1g\u00e1ban a kiberbiztons\u00e1gi kock\u00e1zatok kezel\u00e9se kulcsfontoss\u00e1g\u00fa. Ez a cikk a kiberbiztons\u00e1gi kock\u00e1zatkezel\u00e9ssel kapcsolatos legfontosabb megl\u00e1t\u00e1sokr\u00f3l sz\u00f3l. Hangs\u00falyozzuk, hogy a szervezeteknek a Power BI-ban kock\u00e1zatkezel\u00e9si strat\u00e9gi\u00e1kat kell elfogadniuk. A kiberbiztons\u00e1gi strat\u00e9gi\u00e1k meg\u00e9rt\u00e9se \u00e9s optimaliz\u00e1l\u00e1sa A szervezetek vil\u00e1gszerte befektetnek a kiberbiztons\u00e1gi kezdem\u00e9nyez\u00e9sekbe, hogy az adatok megel\u0151z\u00e9s\u00e9vel m\u00e9rs\u00e9kelj\u00e9k a kock\u00e1zatokat \u00e9s cs\u00f6kkents\u00e9k a k\u00f6lts\u00e9geket ... <\/p>","protected":false},"author":55,"featured_media":13070,"parent":0,"menu_order":0,"comment_status":"closed","ping_status":"closed","template":"","meta":{"footnotes":""},"class_list":["post-13065","page","type-page","status-publish","has-post-thumbnail","hentry","latest_post"],"_links":{"self":[{"href":"https:\/\/www.leaplytics.de\/hu\/wp-json\/wp\/v2\/pages\/13065","targetHints":{"allow":["GET"]}}],"collection":[{"href":"https:\/\/www.leaplytics.de\/hu\/wp-json\/wp\/v2\/pages"}],"about":[{"href":"https:\/\/www.leaplytics.de\/hu\/wp-json\/wp\/v2\/types\/page"}],"author":[{"embeddable":true,"href":"https:\/\/www.leaplytics.de\/hu\/wp-json\/wp\/v2\/users\/55"}],"replies":[{"embeddable":true,"href":"https:\/\/www.leaplytics.de\/hu\/wp-json\/wp\/v2\/comments?post=13065"}],"version-history":[{"count":0,"href":"https:\/\/www.leaplytics.de\/hu\/wp-json\/wp\/v2\/pages\/13065\/revisions"}],"wp:featuredmedia":[{"embeddable":true,"href":"https:\/\/www.leaplytics.de\/hu\/wp-json\/wp\/v2\/media\/13070"}],"wp:attachment":[{"href":"https:\/\/www.leaplytics.de\/hu\/wp-json\/wp\/v2\/media?parent=13065"}],"curies":[{"name":"wp","href":"https:\/\/api.w.org\/{rel}","templated":true}]}}