{"id":13092,"date":"2024-01-22T11:56:36","date_gmt":"2024-01-22T10:56:36","guid":{"rendered":"https:\/\/www.leaplytics.de\/?page_id=13092"},"modified":"2024-01-22T11:59:33","modified_gmt":"2024-01-22T10:59:33","slug":"power-bi-penzugyi-kockazatkezeles","status":"publish","type":"page","link":"https:\/\/www.leaplytics.de\/hu\/power-bi-penzugyi-kockazatkezeles\/","title":{"rendered":"Power BI: P\u00e9nz\u00fcgyi kock\u00e1zatkezel\u00e9s a p\u00e9nz\u00fcgyi szolg\u00e1ltat\u00e1si szektorban"},"content":{"rendered":"<h2 class=\"wp-block-heading has-medium-font-size\">Bevezet\u00e9s<\/h2>\n\n\n\n<p>A kock\u00e1zatkezel\u00e9s az \u00e1lland\u00f3 bizonytalans\u00e1g miatt kulcsfontoss\u00e1g\u00fa a p\u00e9nz\u00fcgyekben. A szakembereknek azonos\u00edtaniuk \u00e9s kezelni\u00fck kell a stabilit\u00e1s, a megfelel\u00e9s \u00e9s a n\u00f6veked\u00e9s szempontj\u00e1b\u00f3l kritikus t\u00e9nyez\u0151ket. Ez a cikk a kock\u00e1zatkezel\u00e9st vizsg\u00e1lja a p\u00e9nz\u00fcgyekben, hangs\u00falyt fektetve az adatok vizualiz\u00e1l\u00e1s\u00e1ra a Power BI kock\u00e1zati m\u00e1trix\u00e1nak haszn\u00e1lat\u00e1val a jobb d\u00f6nt\u00e9shozatal \u00e9rdek\u00e9ben.<\/p>\n\n\n\n<h2 class=\"wp-block-heading has-medium-font-size\">A p\u00e9nz\u00fcgyi szolg\u00e1ltat\u00e1sok kock\u00e1zatkezel\u00e9s\u00e9nek d\u00f6nt\u0151 t\u00e9nyez\u0151i<\/h2>\n\n\n\n<p style=\"font-size:18px\">1.&nbsp;&nbsp;&nbsp;&nbsp;&nbsp; <strong>Szab\u00e1lyoz\u00e1si megfelel\u00e9s<\/strong>:<\/p>\n\n\n\n<p>A szab\u00e1lyoz\u00e1si k\u00f6vetelm\u00e9nyek betart\u00e1sa a p\u00e9nz\u00fcgyi szolg\u00e1ltat\u00e1sok kock\u00e1zatkezel\u00e9s\u00e9nek egyik sarokk\u00f6ve. Az olyan szab\u00e1lyoz\u00e1sok, mint a B\u00e1zel III, a Dodd-Frank \u00e9s a MiFID II szigor\u00fa ir\u00e1nymutat\u00e1sokat \u00edrnak el\u0151 a stabilit\u00e1s biztos\u00edt\u00e1sa \u00e9s az \u00e9rdekelt felek v\u00e9delme \u00e9rdek\u00e9ben. A p\u00e9nz\u00fcgyi int\u00e9zm\u00e9nyeknek l\u00e9p\u00e9st kell tartaniuk a fejl\u0151d\u0151 szab\u00e1lyoz\u00e1sokkal, \u00e9s szil\u00e1rd megfelel\u00e9si int\u00e9zked\u00e9seket kell v\u00e9grehajtaniuk.<\/p>\n\n\n\n<ul class=\"wp-block-list\">\n<li><strong>KPI:<\/strong> Megfelel\u00e9si pontsz\u00e1m<\/li>\n<\/ul>\n\n\n\n<ul class=\"wp-block-list\">\n<li><strong>Magyar\u00e1zat:<\/strong> Ez a KPI az int\u00e9zm\u00e9ny szab\u00e1lyoz\u00e1si k\u00f6vetelm\u00e9nyek betart\u00e1s\u00e1t m\u00e9ri. A magasabb pontsz\u00e1m jobb megfelel\u00e9st jelent.<\/li>\n<\/ul>\n\n\n\n<p style=\"font-size:18px\">2.&nbsp;&nbsp;&nbsp;&nbsp;&nbsp; <strong>Hitelkock\u00e1zat<\/strong>:<\/p>\n\n\n\n<p>A hitelkock\u00e1zat a p\u00e9nz\u00fcgyi szektor velej\u00e1r\u00f3ja, \u00e9s kezel\u00e9se alapvet\u0151 fontoss\u00e1g\u00fa. A hitelfelvev\u0151k hitelk\u00e9pess\u00e9g\u00e9nek elemz\u00e9se, a hitelkock\u00e1zatok nyomon k\u00f6vet\u00e9se \u00e9s a k\u00f6r\u00fcltekint\u0151 hitelez\u00e9si gyakorlatok v\u00e9grehajt\u00e1sa elengedhetetlen a hitelkock\u00e1zat m\u00e9rs\u00e9kl\u00e9s\u00e9hez.<\/p>\n\n\n\n<ul class=\"wp-block-list\">\n<li><strong>KPI:<\/strong> Alap\u00e9rtelmezett val\u00f3sz\u00edn\u0171s\u00e9g \u00c9rt\u00e9kel\u00e9s\/Index<\/li>\n<\/ul>\n\n\n\n<ul class=\"wp-block-list\">\n<li><strong>Magyar\u00e1zat:<\/strong> A nemteljes\u00edt\u00e9si val\u00f3sz\u00edn\u0171s\u00e9gi besorol\u00e1s\/index azt t\u00fckr\u00f6zi, hogy a hitelfelvev\u0151k milyen val\u00f3sz\u00edn\u0171s\u00e9ggel nem fizetik ki a hiteleket. Az alacsonyabb min\u0151s\u00edt\u00e9s\/index k\u00edv\u00e1natos, ami alacsonyabb hitelkock\u00e1zatot jelez.<\/li>\n<\/ul>\n\n\n\n<p style=\"font-size:18px\">3.&nbsp;&nbsp;&nbsp;&nbsp;&nbsp; <strong>Piaci kock\u00e1zat<\/strong>:<\/p>\n\n\n\n<p>A kamatl\u00e1bak, az \u00e1rfolyamok \u00e9s a nyersanyag\u00e1rak ingadoz\u00e1sa kih\u00edv\u00e1sok el\u00e9 \u00e1ll\u00edtja a p\u00e9nzint\u00e9zeteket. A piaci kock\u00e1zati kitetts\u00e9get felm\u00e9r\u0151 kock\u00e1zati modellek bevezet\u00e9se alapvet\u0151 fontoss\u00e1g\u00fa. A stressztesztel\u00e9si forgat\u00f3k\u00f6nyvek seg\u00edthetnek a potenci\u00e1lis sebezhet\u0151s\u00e9gek azonos\u00edt\u00e1s\u00e1ban.<\/p>\n\n\n\n<ul class=\"wp-block-list\">\n<li><strong>KPI:<\/strong> Piaci volatilit\u00e1si index<\/li>\n<\/ul>\n\n\n\n<ul class=\"wp-block-list\">\n<li><strong>Magyar\u00e1zat:<\/strong> A piaci volatilit\u00e1si index a p\u00e9nz\u00fcgyi piacok kisz\u00e1m\u00edthatatlans\u00e1g\u00e1nak m\u00e9rt\u00e9k\u00e9t mutatja. A magasabb index magasabb piaci kock\u00e1zatra utal.<\/li>\n<\/ul>\n\n\n\n<p style=\"font-size:18px\">4.&nbsp;&nbsp;&nbsp;&nbsp;&nbsp; <strong>M\u0171k\u00f6d\u00e9si kock\u00e1zat<\/strong>:<\/p>\n\n\n\n<p>M\u0171k\u00f6d\u00e9si zavarok, kiberbiztons\u00e1gi fenyeget\u00e9sek <a href=\"https:\/\/www.leaplytics.de\/hu\/power-bi-kiberbiztonsagi-kockazatkezeles\/\"><mark style=\"background-color:rgba(0, 0, 0, 0)\" class=\"has-inline-color has-vivid-cyan-blue-color\">(kattintson ide a kiberbiztons\u00e1gi kock\u00e1zatkezel\u00e9sr\u0151l sz\u00f3l\u00f3 cikk\u00fcnkh\u00f6z)<\/mark><\/a>, \u00e9s a bels\u0151 folyamatok hib\u00e1i hat\u00e1ssal lehetnek a p\u00e9nz\u00fcgyi szolg\u00e1ltat\u00e1sokra. Az \u00e1tfog\u00f3 kock\u00e1zati keretrendszerek kidolgoz\u00e1sa, a rendszeres auditok elv\u00e9gz\u00e9se \u00e9s a kiberbiztons\u00e1gi int\u00e9zked\u00e9sek nyomon k\u00f6vet\u00e9se kulcsfontoss\u00e1g\u00fa. Ezek az int\u00e9zked\u00e9sek seg\u00edtenek a m\u0171k\u00f6d\u00e9si kock\u00e1zat kezel\u00e9s\u00e9ben.<\/p>\n\n\n\n<ul class=\"wp-block-list\">\n<li><strong>KPI:<\/strong> M\u0171k\u00f6d\u00e9si rugalmass\u00e1gi pontsz\u00e1m<\/li>\n<\/ul>\n\n\n\n<ul class=\"wp-block-list\">\n<li><strong>Magyar\u00e1zat:<\/strong> A m\u0171k\u00f6d\u00e9si rugalmass\u00e1gi pontsz\u00e1m azt \u00e9rt\u00e9keli, hogy az int\u00e9zm\u00e9ny mennyire k\u00e9pes ellen\u00e1llni a m\u0171k\u00f6d\u00e9si zavaroknak, \u00e9s mennyire k\u00e9pes helyre\u00e1llni azokb\u00f3l. A magasabb pontsz\u00e1m nagyobb m\u0171k\u00f6d\u00e9si rugalmass\u00e1got jelez.<\/li>\n<\/ul>\n\n\n\n<p style=\"font-size:18px\">5.&nbsp;&nbsp;&nbsp;&nbsp;&nbsp; <strong>Likvidit\u00e1si kock\u00e1zat<\/strong>:<\/p>\n\n\n\n<p>Alapvet\u0151 fontoss\u00e1g\u00fa a r\u00f6vid t\u00e1v\u00fa k\u00f6telezetts\u00e9gek teljes\u00edt\u00e9s\u00e9hez elegend\u0151 likvidit\u00e1s biztos\u00edt\u00e1sa. Az int\u00e9zm\u00e9nyeknek rendelkezni\u00fck kell v\u00e9szhelyzeti tervekkel, stressztesztelni\u00fck kell a likvidit\u00e1si poz\u00edci\u00f3kat, \u00e9s egyens\u00falyt kell fenntartaniuk a r\u00f6vid \u00e9s hossz\u00fa t\u00e1v\u00fa eszk\u00f6z\u00f6k k\u00f6z\u00f6tt.<\/p>\n\n\n\n<ul class=\"wp-block-list\">\n<li><strong>KPI:<\/strong> Likvidit\u00e1si fedezeti mutat\u00f3<\/li>\n<\/ul>\n\n\n\n<ul class=\"wp-block-list\">\n<li><strong>Magyar\u00e1zat:<\/strong> A likvidit\u00e1si fedezeti mutat\u00f3 azt m\u00e9ri, hogy az int\u00e9zm\u00e9ny mennyire k\u00e9pes likvid eszk\u00f6z\u00f6kkel fedezni r\u00f6vid t\u00e1v\u00fa k\u00f6telezetts\u00e9geit. A magasabb ar\u00e1ny eg\u00e9szs\u00e9gesebb likvidit\u00e1si helyzetet jelez.<\/li>\n<\/ul>\n\n\n\n<h2 class=\"wp-block-heading has-medium-font-size\">Adatvizualiz\u00e1ci\u00f3 a Power BI kock\u00e1zati m\u00e1trix\u00e1val<\/h2>\n\n\n\n<p>A Power BI kock\u00e1zati m\u00e1trixa egy hat\u00e9kony vizu\u00e1lis eszk\u00f6z a kock\u00e1zatkezel\u0151k sz\u00e1m\u00e1ra a kock\u00e1zatok \u00e9rt\u00e9kel\u00e9s\u00e9hez, rangsorol\u00e1s\u00e1hoz \u00e9s kommunik\u00e1ci\u00f3j\u00e1hoz. A m\u00e1trix lehet\u0151v\u00e9 teszi a kock\u00e1zatok kategoriz\u00e1l\u00e1s\u00e1t azok val\u00f3sz\u00edn\u0171s\u00e9ge \u00e9s hat\u00e1sa alapj\u00e1n. Kiterjedt funkci\u00f3ival a kock\u00e1zati m\u00e1trix lehet\u0151v\u00e9 teszi a kock\u00e1zati t\u00e1j \u00e1tfog\u00f3 \u00e9s t\u00f6bbdimenzi\u00f3s \u00e1ttekint\u00e9s\u00e9t.<\/p>\n\n\n\n<figure class=\"wp-block-image size-full\"><img loading=\"lazy\" decoding=\"async\" width=\"1024\" height=\"576\" src=\"https:\/\/www.leaplytics.de\/wp-content\/uploads\/2024\/01\/Risk-Matrix.jpg\" alt=\"\" class=\"wp-image-13066\" srcset=\"https:\/\/www.leaplytics.de\/wp-content\/uploads\/2024\/01\/Risk-Matrix.jpg 1024w, https:\/\/www.leaplytics.de\/wp-content\/uploads\/2024\/01\/Risk-Matrix-300x169.jpg 300w, https:\/\/www.leaplytics.de\/wp-content\/uploads\/2024\/01\/Risk-Matrix-768x432.jpg 768w, https:\/\/www.leaplytics.de\/wp-content\/uploads\/2024\/01\/Risk-Matrix-107x60.jpg 107w\" sizes=\"auto, (max-width: 1024px) 100vw, 1024px\" \/><\/figure>\n\n\n\n<div class=\"wp-block-buttons is-content-justification-center is-layout-flex wp-container-core-buttons-is-layout-1 wp-block-buttons-is-layout-flex\">\n<div class=\"wp-block-button has-custom-font-size\" style=\"font-size:18px\"><a class=\"wp-block-button__link has-background wp-element-button\" href=\"https:\/\/www.leaplytics.de\/hu\/cimoldal\/projektmenedzsment-egyedi-latvanyterv-microsoft-powerbi\/kockazati-hoterkep-egyeni-vizualis-a-power-bi-szamara\/\" style=\"background-color:#22316d\">N\u00e9zze meg az egy\u00e9ni vizu\u00e1lis \"kock\u00e1zati m\u00e1trixot\" a Power BI sz\u00e1m\u00e1ra itt!<\/a><\/div>\n<\/div>\n\n\n\n<p><\/p>\n\n\n\n<h2 class=\"wp-block-heading has-medium-font-size\">Kih\u00edv\u00e1sok \u00e9s lehet\u0151s\u00e9gek<\/h2>\n\n\n\n<p><strong>Kih\u00edv\u00e1sok<\/strong>:<\/p>\n\n\n\n<ul class=\"wp-block-list\">\n<li><strong>Adatmin\u0151s\u00e9g \u00e9s integr\u00e1ci\u00f3<\/strong>: A k\u00fcl\u00f6nb\u00f6z\u0151 forr\u00e1sokb\u00f3l sz\u00e1rmaz\u00f3 adatok pontoss\u00e1g\u00e1nak \u00e9s megb\u00edzhat\u00f3s\u00e1g\u00e1nak biztos\u00edt\u00e1sa kih\u00edv\u00e1st jelenthet. Az adatok integr\u00e1l\u00e1sa a Power BI-be gondos figyelmet ig\u00e9nyel az adatok integrit\u00e1s\u00e1nak fenntart\u00e1sa \u00e9rdek\u00e9ben.<\/li>\n\n\n\n<li><strong>Az \u00e9rdekelt felek kommunik\u00e1ci\u00f3ja<\/strong>: A kock\u00e1zati inform\u00e1ci\u00f3k kommunik\u00e1l\u00e1sa az \u00e9rdekeltek fel\u00e9 kulcsfontoss\u00e1g\u00fa. A kih\u00edv\u00e1st az jelenti, hogy az \u00f6sszetett adatokat \u00e9rthet\u0151 form\u00e1ban kell bemutatni.<\/li>\n<\/ul>\n\n\n\n<p><strong>Lehet\u0151s\u00e9gek<\/strong>:<\/p>\n\n\n\n<ul class=\"wp-block-list\">\n<li><strong>Predikt\u00edv analitika<\/strong>: A Power BI predikt\u00edv analitik\u00e1j\u00e1nak haszn\u00e1lata azonos\u00edtja a lehets\u00e9ges kock\u00e1zatokat, miel\u0151tt azok bek\u00f6vetkezn\u00e9nek. Ez seg\u00edt a kock\u00e1zatok id\u0151 el\u0151tti kezel\u00e9s\u00e9ben.<\/li>\n\n\n\n<li><strong>Val\u00f3s idej\u0171 fel\u00fcgyelet<\/strong>: A Power BI lehet\u0151v\u00e9 teszi a kulcsfontoss\u00e1g\u00fa kock\u00e1zati mutat\u00f3k val\u00f3s idej\u0171 nyomon k\u00f6vet\u00e9s\u00e9t. Ez lehet\u0151v\u00e9 teszi a felmer\u00fcl\u0151 kock\u00e1zatokra val\u00f3 rugalmas reag\u00e1l\u00e1st.<\/li>\n<\/ul>\n\n\n\n<p><strong>A kih\u00edv\u00e1sok kezel\u00e9se kock\u00e1zatkezel\u00e9ssel<\/strong><\/p>\n\n\n\n<ul class=\"wp-block-list\">\n<li><strong>Adatkezel\u00e9s kialak\u00edt\u00e1sa<\/strong>: Az adatok min\u0151s\u00e9g\u00e9t \u00e9s integrit\u00e1s\u00e1t megb\u00edzhat\u00f3 adatkezel\u00e9si gyakorlatok bevezet\u00e9se biztos\u00edtja. Ez n\u00f6veli a kock\u00e1zat\u00e9rt\u00e9kel\u00e9sek megb\u00edzhat\u00f3s\u00e1g\u00e1t.<\/li>\n\n\n\n<li><strong>Az \u00e9rdekelt felek k\u00e9pz\u00e9se<\/strong>: K\u00e9pz\u00e9s ny\u00fajt\u00e1sa a kock\u00e1zati adatok \u00e9rtelmez\u00e9s\u00e9r\u0151l \u00e9s a Power BI eszk\u00f6z\u00f6k haszn\u00e1lat\u00e1r\u00f3l a megalapozott d\u00f6nt\u00e9shozatal \u00e9rdek\u00e9ben.<\/li>\n<\/ul>\n\n\n\n<h2 class=\"wp-block-heading has-medium-font-size\">K\u00f6vetkeztet\u00e9s<\/h2>\n\n\n\n<p>A dinamikus p\u00e9nz\u00fcgyi szolg\u00e1ltat\u00e1si \u00e1gazatban a hat\u00e9kony kock\u00e1zatkezel\u00e9s kulcsfontoss\u00e1g\u00fa. Az olyan eszk\u00f6z\u00f6k, mint a Power BI kock\u00e1zati m\u00e1trixa, jav\u00edtj\u00e1k a d\u00f6nt\u00e9shozatalt. Seg\u00edt a kih\u00edv\u00e1sokban val\u00f3 eligazod\u00e1sban \u00e9s a lehet\u0151s\u00e9gek megragad\u00e1s\u00e1ban. Az adatmin\u0151s\u00e9g kezel\u00e9se, az \u00e9rdekelt felek kommunik\u00e1ci\u00f3j\u00e1nak jav\u00edt\u00e1sa \u00e9s a fejlett analitika felhaszn\u00e1l\u00e1sa kulcsfontoss\u00e1g\u00fa l\u00e9p\u00e9sek. E strat\u00e9gi\u00e1k elfogad\u00e1s\u00e1val a p\u00e9nzint\u00e9zetek ellen\u00e1ll\u00f3 k\u00e9pess\u00e9get \u00e9p\u00edthetnek \u00e9s fenntarthat\u00f3 n\u00f6veked\u00e9st biztos\u00edthatnak.<\/p>","protected":false},"excerpt":{"rendered":"<p>Bevezet\u00e9s A kock\u00e1zatkezel\u00e9s az \u00e1lland\u00f3 bizonytalans\u00e1g miatt kulcsfontoss\u00e1g\u00fa a p\u00e9nz\u00fcgyekben. A szakembereknek azonos\u00edtaniuk \u00e9s kezelni\u00fck kell a kritikus t\u00e9nyez\u0151ket a stabilit\u00e1s, a megfelel\u00e9s \u00e9s a n\u00f6veked\u00e9s \u00e9rdek\u00e9ben. Ez a cikk a kock\u00e1zatkezel\u00e9st vizsg\u00e1lja a p\u00e9nz\u00fcgyekben, hangs\u00falyt fektetve az adatok vizualiz\u00e1l\u00e1s\u00e1ra a Power BI kock\u00e1zati m\u00e1trix\u00e1nak haszn\u00e1lat\u00e1val a jobb d\u00f6nt\u00e9shozatal \u00e9rdek\u00e9ben. D\u00f6nt\u0151 t\u00e9nyez\u0151k a p\u00e9nz\u00fcgyi szolg\u00e1ltat\u00e1sok kock\u00e1zatkezel\u00e9s\u00e9ben 1.      Szab\u00e1lyoz\u00e1si megfelel\u00e9s: A szab\u00e1lyoz\u00e1si el\u0151\u00edr\u00e1sok betart\u00e1sa ... <\/p>","protected":false},"author":55,"featured_media":13094,"parent":0,"menu_order":0,"comment_status":"closed","ping_status":"closed","template":"","meta":{"footnotes":""},"class_list":["post-13092","page","type-page","status-publish","has-post-thumbnail","hentry","latest_post"],"_links":{"self":[{"href":"https:\/\/www.leaplytics.de\/hu\/wp-json\/wp\/v2\/pages\/13092","targetHints":{"allow":["GET"]}}],"collection":[{"href":"https:\/\/www.leaplytics.de\/hu\/wp-json\/wp\/v2\/pages"}],"about":[{"href":"https:\/\/www.leaplytics.de\/hu\/wp-json\/wp\/v2\/types\/page"}],"author":[{"embeddable":true,"href":"https:\/\/www.leaplytics.de\/hu\/wp-json\/wp\/v2\/users\/55"}],"replies":[{"embeddable":true,"href":"https:\/\/www.leaplytics.de\/hu\/wp-json\/wp\/v2\/comments?post=13092"}],"version-history":[{"count":6,"href":"https:\/\/www.leaplytics.de\/hu\/wp-json\/wp\/v2\/pages\/13092\/revisions"}],"predecessor-version":[{"id":13102,"href":"https:\/\/www.leaplytics.de\/hu\/wp-json\/wp\/v2\/pages\/13092\/revisions\/13102"}],"wp:featuredmedia":[{"embeddable":true,"href":"https:\/\/www.leaplytics.de\/hu\/wp-json\/wp\/v2\/media\/13094"}],"wp:attachment":[{"href":"https:\/\/www.leaplytics.de\/hu\/wp-json\/wp\/v2\/media?parent=13092"}],"curies":[{"name":"wp","href":"https:\/\/api.w.org\/{rel}","templated":true}]}}