{"id":13103,"date":"2024-01-22T16:06:43","date_gmt":"2024-01-22T15:06:43","guid":{"rendered":"https:\/\/www.leaplytics.de\/?page_id=13103"},"modified":"2024-01-22T16:06:43","modified_gmt":"2024-01-22T15:06:43","slug":"changelog-power-bi-kockazati-matrix","status":"publish","type":"page","link":"https:\/\/www.leaplytics.de\/hu\/changelog-power-bi-kockazati-matrix\/","title":{"rendered":"Changelog - Teljes\u00edtm\u00e9ny BI kock\u00e1zati m\u00e1trix"},"content":{"rendered":"<p>09\/23 - Egyedi csempe sz\u00ednek: A webes fel\u00fclet mostant\u00f3l online el\u00e9rhet\u0151 a <a href=\"https:\/\/www.leaplytics.de\/hu\/custom-colors\/\" target=\"_blank\" rel=\"noreferrer noopener\">https:\/\/www.leaplytics.de\/custom-colors\/<\/a>.<\/p>\n\n\n\n<p>07\/23 - Felt\u00e9teles form\u00e1z\u00e1s: A kock\u00e1zatok sz\u00edn\u00e9nek testreszab\u00e1sa bizonyos felt\u00e9telek (pl. oszt\u00e1ly, priorit\u00e1s vagy st\u00e1tusz) alapj\u00e1n.<\/p>\n\n\n\n<p>06\/23 - Tengelyc\u00edmk\u00e9k: A speci\u00e1lis karakterek t\u00e1mogat\u00e1sa hozz\u00e1 lett adva.<\/p>\n\n\n\n<p>05\/23 - A kock\u00e1zatok maxim\u00e1lis sz\u00e1ma lapk\u00e1nk\u00e9nt: 100-ra n\u0151tt.<\/p>\n\n\n\n<p>05\/23 - T\u00f6bbf\u00e9le kock\u00e1zatv\u00e1laszt\u00e9k \u00e1ll rendelkez\u00e9sre.<\/p>\n\n\n\n<p>03\/23 - F\u00far\u00e1s a kock\u00e1zatoptimaliz\u00e1l\u00e1sig: Kattintson a jobb gombbal egy kock\u00e1zatra, hogy egy adott oldalra navig\u00e1ljon.<\/p>","protected":false},"excerpt":{"rendered":"<p>09\/23 &#8211; Custom Tile Colors: The web interface is now available online at https:\/\/www.leaplytics.de\/custom-colors\/. 07\/23 &#8211; Conditional formatting: Customize the color of risks based on certain conditions (e.g. department, priority or status) 06\/23 &#8211; Axis Labels: Support for special characters has been added. 05\/23 &#8211; Maximum Number of Risks per Tile: Increased to 100. 05\/23 &hellip; <\/p>","protected":false},"author":2,"featured_media":0,"parent":0,"menu_order":0,"comment_status":"closed","ping_status":"closed","template":"","meta":{"footnotes":""},"class_list":["post-13103","page","type-page","status-publish","hentry","latest_post"],"_links":{"self":[{"href":"https:\/\/www.leaplytics.de\/hu\/wp-json\/wp\/v2\/pages\/13103","targetHints":{"allow":["GET"]}}],"collection":[{"href":"https:\/\/www.leaplytics.de\/hu\/wp-json\/wp\/v2\/pages"}],"about":[{"href":"https:\/\/www.leaplytics.de\/hu\/wp-json\/wp\/v2\/types\/page"}],"author":[{"embeddable":true,"href":"https:\/\/www.leaplytics.de\/hu\/wp-json\/wp\/v2\/users\/2"}],"replies":[{"embeddable":true,"href":"https:\/\/www.leaplytics.de\/hu\/wp-json\/wp\/v2\/comments?post=13103"}],"version-history":[{"count":2,"href":"https:\/\/www.leaplytics.de\/hu\/wp-json\/wp\/v2\/pages\/13103\/revisions"}],"predecessor-version":[{"id":13441,"href":"https:\/\/www.leaplytics.de\/hu\/wp-json\/wp\/v2\/pages\/13103\/revisions\/13441"}],"wp:attachment":[{"href":"https:\/\/www.leaplytics.de\/hu\/wp-json\/wp\/v2\/media?parent=13103"}],"curies":[{"name":"wp","href":"https:\/\/api.w.org\/{rel}","templated":true}]}}