{"id":13130,"date":"2024-02-19T14:11:39","date_gmt":"2024-02-19T13:11:39","guid":{"rendered":"https:\/\/www.leaplytics.de\/?page_id=13130"},"modified":"2024-02-20T10:03:59","modified_gmt":"2024-02-20T09:03:59","slug":"hagyja-hogy-a-power-bi-megugorja-a-projektmenedzsmentet","status":"publish","type":"page","link":"https:\/\/www.leaplytics.de\/hu\/hagyja-hogy-a-power-bi-megugorja-a-projektmenedzsmentet\/","title":{"rendered":"Hagyja, hogy a Power BI felp\u00f6rgesse a projektmenedzsmentet"},"content":{"rendered":"<p>A projektmenedzsment dinamikus k\u00f6rnyezet\u00e9ben, ahol a pontoss\u00e1g \u00e9s az el\u0151rel\u00e1t\u00e1s a legfontosabb, a technol\u00f3gia kihaszn\u00e1l\u00e1sa kulcsfontoss\u00e1g\u00fa. A Microsoft Power BI v\u00e1ltoz\u00e1st hozott a j\u00e1t\u00e9kban. A Power BI dinamikus platformot k\u00edn\u00e1l a projektmenedzsereknek a d\u00f6nt\u00e9shozatali folyamatok jav\u00edt\u00e1s\u00e1hoz.<\/p>\n\n\n\n<p>Ebben az \u00e1tfog\u00f3 \u00fatmutat\u00f3ban azt vizsg\u00e1ljuk meg, hogy a Power BI hogyan tudja az egyes f\u00e1zisokat fejleszteni.<sup>1 <\/sup>a projektmenedzsment. Besz\u00e9l\u00fcnk a hat\u00e9kony projektmenedzsment m\u0171szerfal alapvet\u0151 szempontjair\u00f3l.<\/p>\n\n\n\n<h3 class=\"wp-block-heading\" style=\"font-size:30px\">Projekttervez\u00e9si szakasz<\/h3>\n\n\n\n<p class=\"has-medium-font-size\">1. <strong>Hat\u00e1rozza meg a val\u00f3di probl\u00e9m\u00e1t:<\/strong><\/p>\n\n\n\n<p>Miel\u0151tt belev\u00e1gna a projektbe, elengedhetetlen, hogy pontosan meghat\u00e1rozza a megoldand\u00f3 probl\u00e9m\u00e1t. A Power BI ebben ny\u00fajt seg\u00edts\u00e9get a m\u00faltbeli adatok elemz\u00e9s\u00e9vel, a mint\u00e1k azonos\u00edt\u00e1s\u00e1val \u00e9s a m\u00f6g\u00f6ttes probl\u00e9m\u00e1k felt\u00e1r\u00e1s\u00e1val. A m\u00faltbeli projektek siker- \u00e9s kudarct\u00e9nyez\u0151inek vizualiz\u00e1l\u00e1s\u00e1val megalapozott d\u00f6nt\u00e9seket hozhat.<\/p>\n\n\n\n<p class=\"has-medium-font-size\">2. <strong>Az \u00e9rdekelt felek azonos\u00edt\u00e1sa:<\/strong><\/p>\n\n\n\n<p>A Power BI k\u00e9pess\u00e9gei kiterjednek az \u00e9rdekeltek kezel\u00e9s\u00e9re is. K\u00e9sz\u00edtsen vizu\u00e1lis \u00e1br\u00e1kat, amelyek kiemelik a projekt \u00e1ltal \u00e9rintett k\u00fcl\u00f6nb\u00f6z\u0151 funkci\u00f3kat vagy szem\u00e9lyeket. Haszn\u00e1ljon interakt\u00edv szervezeti diagramokat a hozz\u00e1j\u00e1rul\u00e1saik \u00e9s elv\u00e1r\u00e1saik bemutat\u00e1s\u00e1ra. \u00cdgy biztos\u00edtjuk az \u00f6sszehangol\u00e1st a kezdetekt\u0151l fogva.<\/p>\n\n\n\n<p class=\"has-medium-font-size\">3. <strong>A projektc\u00e9lok meghat\u00e1roz\u00e1sa:<\/strong><\/p>\n\n\n\n<p>Kih\u00edv\u00e1st jelent egy\u00e9rtelm\u0171 \u00e9s kezelhet\u0151 c\u00e9lok megfogalmaz\u00e1sa. Az \u00e9rdekelt felek elv\u00e1r\u00e1sai \u00e9s c\u00e9ljai a projekt sor\u00e1n is v\u00e1ltozhatnak. A Power BI rugalmass\u00e1ga lehet\u0151v\u00e9 teszi a c\u00e9lok kiigaz\u00edt\u00e1s\u00e1t, ahogy egyre t\u00f6bb inform\u00e1ci\u00f3t gy\u0171jt. K\u00e9sz\u00edtsen p\u00e9ld\u00e1ul olyan vizu\u00e1lis \u00e1br\u00e1kat, amelyek a val\u00f3s idej\u0171 adatok alapj\u00e1n friss\u00edtik a c\u00e9lkit\u0171z\u00e9seket.<\/p>\n\n\n\n<p class=\"has-medium-font-size\">4. <strong>Hat\u00e1ly, er\u0151forr\u00e1sok \u00e9s f\u0151bb feladatok meghat\u00e1roz\u00e1sa:<\/strong><\/p>\n\n\n\n<p>Vizualiz\u00e1lja a projekt hat\u00f3k\u00f6r\u00e9t \u00e9s feladatait, becs\u00fclje meg a hat\u00e1rid\u0151ket \u00e9s a k\u00f6lts\u00e9geket. Ez seg\u00edt abban, hogy tiszt\u00e1ban legyen az er\u0151forr\u00e1sig\u00e9nyekkel. Haszn\u00e1lja a Power BI-t az \u00f6sszetett tev\u00e9kenys\u00e9gek lebont\u00e1s\u00e1ra egy munkamegoszt\u00e1si strukt\u00fara (WBS) seg\u00edts\u00e9g\u00e9vel.<\/p>\n\n\n\n<p class=\"has-medium-font-size\">5. <strong>K\u00e9sz\u00fclj\u00f6n fel a kompromisszumokra:<\/strong><\/p>\n\n\n\n<p>A Power BI seg\u00edt az id\u0151, a k\u00f6lts\u00e9gek \u00e9s a min\u0151s\u00e9g k\u00f6z\u00f6tti egyens\u00faly megteremt\u00e9s\u00e9ben. Integr\u00e1lja adatait, hogy olyan vizu\u00e1lis \u00e1br\u00e1kat hozzon l\u00e9tre, amelyek megmutatj\u00e1k, hogyan befoly\u00e1solj\u00e1k e v\u00e1ltoz\u00f3k v\u00e1ltoz\u00e1sai a projekt eredm\u00e9nyeit. Ez az \u00e1tl\u00e1that\u00f3s\u00e1g megk\u00f6nny\u00edti a megalapozott d\u00f6nt\u00e9shozatalt \u00e9s az \u00e9rdekelt felek \u00f6sszehangol\u00e1s\u00e1t.<\/p>\n\n\n\n<h3 class=\"wp-block-heading\" style=\"font-size:30px\">A projekt fel\u00e9p\u00edt\u00e9si szakasza<\/h3>\n\n\n\n<p class=\"has-medium-font-size\">6. <strong>\u00c1ll\u00edtsa \u00f6ssze a csapat\u00e1t:<\/strong><\/p>\n\n\n\n<p>Haszn\u00e1lja a Power BI-t a sz\u00fcks\u00e9ges k\u00e9szs\u00e9gek felm\u00e9r\u00e9s\u00e9hez \u00e9s a csapat \u00f6sszet\u00e9tel\u00e9nek vizualiz\u00e1l\u00e1s\u00e1hoz. Haszn\u00e1lja a vizualit\u00e1st a k\u00e9szs\u00e9ghi\u00e1nyok azonos\u00edt\u00e1s\u00e1hoz, a k\u00e9pz\u00e9s megtervez\u00e9s\u00e9hez \u00e9s a csapat sikerre val\u00f3 felk\u00e9sz\u00edt\u00e9s\u00e9hez.<\/p>\n\n\n\n<p class=\"has-medium-font-size\">7. <strong>Tervfeladatok:<\/strong><\/p>\n\n\n\n<p>Hozzon l\u00e9tre olyan vizu\u00e1lis anyagokat, amelyek megk\u00f6nny\u00edtik az \u00e1tl\u00e1that\u00f3 kommunik\u00e1ci\u00f3t a csapaton bel\u00fcl. Vizualiz\u00e1lja a feladatokat, a sz\u00fcks\u00e9ges k\u00e9szs\u00e9geket \u00e9s az egy\u00e9ni k\u00e9szs\u00e9geket, biztos\u00edtva a csapat \u00f6sszetart\u00f3 dinamik\u00e1j\u00e1t.<\/p>\n\n\n\n<p class=\"has-medium-font-size\">8. <strong>K\u00e9sz\u00edtse el az \u00fctemtervet:<\/strong><\/p>\n\n\n\n<p>A Power BI k\u00e9pess\u00e9gei a Gantt-diagramokon kereszt\u00fcl a projekt\u00fctemez\u00e9sre is kiterjednek. K\u00e9sz\u00edtsen olyan vizu\u00e1lis \u00e1br\u00e1kat, amelyek szeml\u00e9ltetik az id\u0151vonalakat, azonos\u00edtj\u00e1k a kritikus \u00fatvonalakat, \u00e9s igazodnak a r\u00f6gz\u00edtett hat\u00e1rid\u0151kh\u00f6z. Tartsa fenn a re\u00e1lis \u00fctemtervet a korl\u00e1toz\u00e1sokon bel\u00fcl.<\/p>\n\n\n\n<p class=\"has-medium-font-size\">9. <strong>Tartson nyit\u00f3 megbesz\u00e9l\u00e9st:<\/strong><\/p>\n\n\n\n<p>A legt\u00f6bb Power BI l\u00e1tv\u00e1nyterv export\u00e1lhat\u00f3 MS PowerPointba. A projektind\u00edt\u00f3 megbesz\u00e9l\u00e9sen haszn\u00e1lja a Power BI l\u00e1tv\u00e1nyterveket a projektterv, a c\u00e9lkit\u0171z\u00e9sek \u00e9s az id\u0151keret ismertet\u00e9s\u00e9re. \u00d6szt\u00f6n\u00f6zze a csapattagokat, hogy adjanak hozz\u00e1j\u00e1rul\u00e1st, el\u0151seg\u00edtve az egy\u00fcttm\u0171k\u00f6d\u00e9st \u00e9s a k\u00f6z\u00f6s meg\u00e9rt\u00e9st.<\/p>\n\n\n\n<p class=\"has-medium-font-size\">10. <strong>K\u00f6lts\u00e9gvet\u00e9s kidolgoz\u00e1sa:<\/strong><\/p>\n\n\n\n<p>Haszn\u00e1lja a Power BI-t egy \u00e1tfog\u00f3 k\u00f6lts\u00e9gvet\u00e9s elk\u00e9sz\u00edt\u00e9s\u00e9hez. Vizualiz\u00e1lja a k\u00f6lts\u00e9geket az egyes kateg\u00f3ri\u00e1k k\u00f6z\u00f6tt, k\u00e9rje az \u00e9rdekelt felek hozz\u00e1j\u00e1rul\u00e1s\u00e1t, \u00e9s tartsa fenn a rugalmass\u00e1got a k\u00f6lts\u00e9gvet\u00e9si korl\u00e1tokon bel\u00fcl.<\/p>\n\n\n\n<h3 class=\"wp-block-heading\" style=\"font-size:30px\">A projekt megval\u00f3s\u00edt\u00e1si szakasza<\/h3>\n\n\n\n<p class=\"has-medium-font-size\">11. <strong>Folyamat \u00e9s k\u00f6lts\u00e9gvet\u00e9s nyomon k\u00f6vet\u00e9se \u00e9s ellen\u0151rz\u00e9se:<\/strong><\/p>\n\n\n\n<p>Telep\u00edtse a Power BI projektfel\u00fcgyeleti vizu\u00e1lis eszk\u00f6zeit, p\u00e9ld\u00e1ul a Power BI kock\u00e1zati m\u00e1trixot. A kock\u00e1zatok vizualiz\u00e1l\u00e1sa a projekt el\u0151rehalad\u00e1s\u00e1val egy\u00fctt lehet\u0151v\u00e9 teszi a lehets\u00e9ges kih\u00edv\u00e1sok holisztikus \u00e1ttekint\u00e9s\u00e9t. \u00cdme, hogyan:<\/p>\n\n\n\n<p><strong>Kock\u00e1zati hat\u00e1s- \u00e9s val\u00f3sz\u00edn\u0171s\u00e9g\u00e9rt\u00e9kel\u00e9s:<\/strong> A Risk Matrix for Power BI seg\u00edt az egyes kock\u00e1zatok hat\u00e1s\u00e1nak \u00e9s val\u00f3sz\u00edn\u0171s\u00e9g\u00e9nek \u00e9rt\u00e9kel\u00e9s\u00e9ben. Haszn\u00e1lja a sz\u00ednk\u00f3dolt cell\u00e1kat a kock\u00e1zatok s\u00falyoss\u00e1g\u00e1nak \u00e1br\u00e1zol\u00e1s\u00e1hoz. Ez lehet\u0151v\u00e9 teszi a nagy hat\u00e1s\u00fa ter\u00fcletek gyors azonos\u00edt\u00e1s\u00e1t.<\/p>\n\n\n\n<p><strong>Val\u00f3s idej\u0171 k\u00f6lts\u00e9gvet\u00e9si nyomon k\u00f6vet\u00e9s:<\/strong> Kombin\u00e1lja a k\u00f6lts\u00e9gvet\u00e9s nyomon k\u00f6vet\u00e9s\u00e9nek vizu\u00e1lis megjelen\u00edt\u00e9s\u00e9t a kock\u00e1zati m\u00e1trixszal. Minden egyes azonos\u00edtott kock\u00e1zathoz rendelje hozz\u00e1 a k\u00f6lts\u00e9gvet\u00e9si k\u00f6vetkezm\u00e9nyeket, \u00e1tfog\u00f3 \u00e1ttekint\u00e9st ny\u00fajtva a lehets\u00e9ges p\u00e9nz\u00fcgyi hat\u00e1sokr\u00f3l. Ahogy a kock\u00e1zatok fejl\u0151dnek, a k\u00f6lts\u00e9gvet\u00e9si l\u00e1tv\u00e1nytervek val\u00f3s id\u0151ben friss\u00fclnek, biztos\u00edtva a pontos p\u00e9nz\u00fcgyi nyomon k\u00f6vet\u00e9st.<\/p>\n\n\n\n<p><strong>F\u00far\u00e1s a r\u00e9szletes elemz\u00e9shez:<\/strong> A kock\u00e1zati m\u00e1trix tov\u00e1bbfejleszt\u00e9se az \u00e1tf\u00far\u00e1si funkci\u00f3k seg\u00edts\u00e9g\u00e9vel. Egy adott kock\u00e1zatba val\u00f3 m\u00e9lyebb belemer\u00fcl\u00e9s r\u00e9szletes elemz\u00e9st, a vonatkoz\u00f3 p\u00e9nz\u00fcgyi k\u00f6vetkezm\u00e9nyek \u00e9s a sz\u00fcks\u00e9ges kock\u00e1zatcs\u00f6kkent\u00e9si strat\u00e9gi\u00e1k megjelen\u00edt\u00e9s\u00e9t is mag\u00e1ban foglalhatja.<\/p>\n\n\n\n<div class=\"wp-block-buttons is-layout-flex wp-block-buttons-is-layout-flex\">\n<div class=\"wp-block-button has-custom-font-size\" style=\"font-size:18px\"><a class=\"wp-block-button__link has-background wp-element-button\" href=\"https:\/\/www.leaplytics.de\/hu\/cimoldal\/projektmenedzsment-egyedi-latvanyterv-microsoft-powerbi\/kockazati-hoterkep-egyeni-vizualis-a-power-bi-szamara\/\" style=\"background-color:#22316d\">N\u00e9zze meg az egy\u00e9ni vizu\u00e1lis \"kock\u00e1zati m\u00e1trixot\" a Power BI sz\u00e1m\u00e1ra itt!<\/a><\/div>\n<\/div>\n\n\n\n<p><\/p>\n\n\n\n<p class=\"has-medium-font-size\">12. <strong>Rugalmas reag\u00e1l\u00e1s a v\u00e1ltoz\u00e1sokra:<\/strong><\/p>\n\n\n\n<p>A Power BI val\u00f3s idej\u0171 adatszolg\u00e1ltat\u00e1si k\u00e9pess\u00e9gei lehet\u0151v\u00e9 teszik, hogy azonnal reag\u00e1ljon a v\u00e1ltoz\u00e1sokra. Az adatok vizualiz\u00e1l\u00e1s\u00e1val azonos\u00edthatja a lehets\u00e9ges probl\u00e9m\u00e1kat, lehet\u0151v\u00e9 t\u00e9ve a proakt\u00edv d\u00f6nt\u00e9shozatalt \u00e9s a p\u00e1lyakorrekci\u00f3kat.<\/p>\n\n\n\n<p class=\"has-medium-font-size\">13. <strong>Jelent\u00e9s az el\u0151rehalad\u00e1sr\u00f3l:<\/strong><\/p>\n\n\n\n<p>K\u00e9sz\u00edtsen vizu\u00e1lis anyagokat az \u00e9rdekeltek sz\u00e1m\u00e1ra, hogy rendszeres friss\u00edt\u00e9seket \u00e9s \u00e1llapotjelent\u00e9seket ny\u00fajtson. A l\u00e1tv\u00e1nytervek PowerPointba t\u00f6rt\u00e9n\u0151 export\u00e1l\u00e1sa egyszer\u0171v\u00e9 teszi a rendszeres \u00e1llapot\u00e9rtekezleteket. A Power BI lehet\u0151v\u00e9 teszi a jelent\u00e9sek testreszab\u00e1s\u00e1t az \u00e9rdekelt felek preferenci\u00e1i alapj\u00e1n, el\u0151seg\u00edtve az \u00e1tl\u00e1that\u00f3s\u00e1got \u00e9s a bizalmat.<\/p>\n\n\n\n<p class=\"has-medium-font-size\">14. <strong>Heti csapatmegbesz\u00e9l\u00e9sek tart\u00e1sa:<\/strong><\/p>\n\n\n\n<p>Haszn\u00e1lja a Power BI-t, hogy a csapatmegbesz\u00e9l\u00e9seket a kulcsfontoss\u00e1g\u00fa m\u00e9r\u0151sz\u00e1mok k\u00f6r\u00e9 szervezze. Vizualiz\u00e1lja a teljes\u00edtm\u00e9nyadatokat, vitassa meg az elmaradt c\u00e9lokat, \u00e9s \u00fcnnepelje a sikereket. Az eszk\u00f6z seg\u00edt fenntartani a f\u00f3kuszt az alapvet\u0151 tev\u00e9kenys\u00e9gekre, \u00e9s \u00f6sszehangoltan tartja a csapatot.<\/p>\n\n\n\n<p class=\"has-medium-font-size\">15. <strong>Probl\u00e9m\u00e1k kezel\u00e9se:<\/strong><\/p>\n\n\n\n<p>A Power BI vizu\u00e1lis eszk\u00f6z\u00f6k seg\u00edthetnek a felmer\u00fcl\u0151 probl\u00e9m\u00e1k azonos\u00edt\u00e1s\u00e1ban \u00e9s kezel\u00e9s\u00e9ben. Figyelje a csapatdinamik\u00e1t \u00e9s a projektmetrik\u00e1kat, hogy a probl\u00e9m\u00e1kat m\u00e9g az eszkal\u00e1l\u00f3d\u00e1s el\u0151tt kezelhesse. Itt a kock\u00e1zati m\u00e1trix seg\u00edt a kock\u00e1zatok nyomon k\u00f6vet\u00e9s\u00e9ben \u00e9s kezel\u00e9s\u00e9ben a kedvez\u0151tlen kimenetel megel\u0151z\u00e9se \u00e9rdek\u00e9ben.<\/p>\n\n\n\n<h3 class=\"wp-block-heading\" style=\"font-size:30px\">A projekt z\u00e1r\u00f3 szakasza<\/h3>\n\n\n\n<p class=\"has-medium-font-size\">16. <strong>A projekt teljes\u00edtm\u00e9ny\u00e9nek \u00e9rt\u00e9kel\u00e9se:<\/strong><\/p>\n\n\n\n<p>A Power BI seg\u00edts\u00e9g\u00e9vel \u00f6sszehasonl\u00edthatja a projekt el\u0151rehalad\u00e1s\u00e1t az eredetileg meghat\u00e1rozott hat\u00f3k\u00f6rrel. Vizualiz\u00e1ljon teljes\u00edtm\u00e9nymutat\u00f3kat, hogy megbesz\u00e9l\u00e9seket kezdem\u00e9nyezzen az \u00e9rdekelt felekkel a projekt befejez\u00e9s\u00e9r\u0151l \u00e9s siker\u00e9r\u0151l. Emellett hasonl\u00edtsa \u00f6ssze a projekt m\u00e9r\u0151sz\u00e1mait a kor\u00e1bbi projektek sikereivel vagy kudarcaival.<\/p>\n\n\n\n<p class=\"has-medium-font-size\">17. <strong>Z\u00e1rja be a projektet:<\/strong><\/p>\n\n\n\n<p>Vizualiz\u00e1lja a projekt befejez\u00e9s\u00e9nek l\u00e9p\u00e9seit. A Power BI seg\u00edt a projektz\u00e1r\u00e1si folyamatok dokument\u00e1l\u00e1s\u00e1ban \u00e9s kommunik\u00e1ci\u00f3j\u00e1ban. \u00cdgy biztos\u00edtjuk a teljes\u00edtm\u00e9nyek z\u00f6kken\u0151mentes \u00e1tad\u00e1s\u00e1t.<\/p>\n\n\n\n<h3 class=\"wp-block-heading\" style=\"font-size:30px\">Eligaz\u00edt\u00e1s<\/h3>\n\n\n\n<p>Integr\u00e1lja a Power BI-t minden egyes projektf\u00e1zisba, hogy \u00e1tfog\u00f3 \u00e9s dinamikus projekt-m\u0171szerfalat hozzon l\u00e9tre. Nem minden vizu\u00e1lis elem k\u00f6telez\u0151, de a Power BI alkalmaz\u00e1sa seg\u00edt abban, hogy minden f\u00e1zisban a projekt cs\u00facs\u00e1n maradjon. Tegye k\u00e9pess\u00e9 csapat\u00e1t a megval\u00f3s\u00edthat\u00f3 betekint\u00e9sekkel, seg\u00edtse el\u0151 az egy\u00fcttm\u0171k\u00f6d\u00e9st, \u00e9s navig\u00e1ljon a projektmenedzsment \u00f6sszetetts\u00e9g\u00e9ben. A projektsiker t\u00f6bb\u00e9 m\u00e1r nem csak egy c\u00e9l, a Power BI seg\u00edts\u00e9g\u00e9vel ez egy vizualiz\u00e1lt utaz\u00e1s.<\/p>\n\n\n\n<p><\/p>\n\n\n\n<hr class=\"wp-block-separator has-alpha-channel-opacity\"\/>\n\n\n\n<p class=\"has-small-font-size\"><sup>1<\/sup> Az ebben a cikkben szerepl\u0151 projektf\u00e1zisok a k\u00f6vetkez\u0151 cikken alapulnak: <a href=\"https:\/\/hbr.org\/2016\/11\/the-four-phases-of-project-management\">Harvard Business Review. (2016, november 3.). <em>A projektmenedzsment n\u00e9gy f\u00e1zisa<\/em>.<\/a><\/p>","protected":false},"excerpt":{"rendered":"<p>In the dynamic landscape of project management, where precision and foresight are paramount, leveraging technology is crucial. Microsoft Power BI has emerged as a game-changer. Power BI offers project managers a dynamic platform to enhance their decision-making processes. In this comprehensive guide, we will explore how Power BI can level up each phase1 of project &hellip; <\/p>","protected":false},"author":55,"featured_media":13133,"parent":0,"menu_order":0,"comment_status":"closed","ping_status":"closed","template":"","meta":{"footnotes":"[]"},"class_list":["post-13130","page","type-page","status-publish","has-post-thumbnail","hentry","latest_post"],"_links":{"self":[{"href":"https:\/\/www.leaplytics.de\/hu\/wp-json\/wp\/v2\/pages\/13130","targetHints":{"allow":["GET"]}}],"collection":[{"href":"https:\/\/www.leaplytics.de\/hu\/wp-json\/wp\/v2\/pages"}],"about":[{"href":"https:\/\/www.leaplytics.de\/hu\/wp-json\/wp\/v2\/types\/page"}],"author":[{"embeddable":true,"href":"https:\/\/www.leaplytics.de\/hu\/wp-json\/wp\/v2\/users\/55"}],"replies":[{"embeddable":true,"href":"https:\/\/www.leaplytics.de\/hu\/wp-json\/wp\/v2\/comments?post=13130"}],"version-history":[{"count":7,"href":"https:\/\/www.leaplytics.de\/hu\/wp-json\/wp\/v2\/pages\/13130\/revisions"}],"predecessor-version":[{"id":13144,"href":"https:\/\/www.leaplytics.de\/hu\/wp-json\/wp\/v2\/pages\/13130\/revisions\/13144"}],"wp:featuredmedia":[{"embeddable":true,"href":"https:\/\/www.leaplytics.de\/hu\/wp-json\/wp\/v2\/media\/13133"}],"wp:attachment":[{"href":"https:\/\/www.leaplytics.de\/hu\/wp-json\/wp\/v2\/media?parent=13130"}],"curies":[{"name":"wp","href":"https:\/\/api.w.org\/{rel}","templated":true}]}}