{"id":13191,"date":"2024-03-05T14:08:55","date_gmt":"2024-03-05T13:08:55","guid":{"rendered":"https:\/\/www.leaplytics.de\/?page_id=13191"},"modified":"2024-03-05T14:08:55","modified_gmt":"2024-03-05T13:08:55","slug":"clickup-szovegnezegeto-vizualisan-a-power-bi-szamara","status":"publish","type":"page","link":"https:\/\/www.leaplytics.de\/hu\/clickup-szovegnezegeto-vizualisan-a-power-bi-szamara\/","title":{"rendered":"ClickUp Text Viewer Visual a Power BI sz\u00e1m\u00e1ra"},"content":{"rendered":"<p>Olyan adatvizualiz\u00e1l\u00f3t keres, amely konvert\u00e1lja ClickUp f\u00e1jlj\u00e1t sz\u00e9pen form\u00e1zott sz\u00f6vegg\u00e9? Egy teljes \u00e9rt\u00e9k\u0171 sz\u00f6vegszerkeszt\u0151, amely z\u00f6kken\u0151mentesen integr\u00e1lhat\u00f3 a m\u0171szerfal\u00e1ba.<\/p>\n\n\n\n<p>Vizu\u00e1lis elemeket fejleszt\u00fcnk a Power BI sz\u00e1m\u00e1ra, amelyek az \u00fcgyfeleink f\u00e1jdalmas pontjait c\u00e9lozz\u00e1k meg. MS tan\u00fas\u00edtv\u00e1nnyal rendelkez\u0151 Power BI l\u00e1tv\u00e1nyterveinkkel arra t\u00f6reksz\u00fcnk, hogy \u00fcgyfeleink \u00e9let\u00e9t k\u00f6nnyebb\u00e9 \u00e9s hat\u00e9konyabb\u00e1 tegy\u00fck!<\/p>\n\n\n\n<p>Jelenleg egy sz\u00f6vegn\u00e9zeget\u0151n dolgozunk, amely a ClickUp adatokat sz\u00e9pen form\u00e1zott sz\u00f6vegg\u00e9 alak\u00edtja.<\/p>\n\n\n\n<p>K\u00fcldje el el\u00e9rhet\u0151s\u00e9gi adatait az al\u00e1bbiakban, \u00e9s csatlakozzon v\u00e1r\u00f3list\u00e1nkhoz, hogy \u00e9rtes\u00edt\u00e9st kapjon, ha a ClickUp Text Viewer vizu\u00e1lis megjelen\u00edt\u00e9s k\u00e9szen \u00e1ll a haszn\u00e1latra!<\/p>\n\n\n\n<div class=\"wpforms-container wpforms-container-full\" id=\"wpforms-13195\"><form id=\"wpforms-form-13195\" class=\"wpforms-validate wpforms-form wpforms-ajax-form\" data-formid=\"13195\" method=\"post\" enctype=\"multipart\/form-data\" action=\"\/hu\/wp-json\/wp\/v2\/pages\/13191\" data-token=\"f9ff104fd44ad46dcbd70a21bb7ea9cb\" data-token-time=\"1775828698\" data-trp-original-action=\"\/hu\/wp-json\/wp\/v2\/pages\/13191\"><noscript class=\"wpforms-error-noscript\">K\u00e9rj\u00fck, enged\u00e9lyezze a JavaScriptet a b\u00f6ng\u00e9sz\u0151j\u00e9ben az \u0171rlap kit\u00f6lt\u00e9s\u00e9hez.<\/noscript><div class=\"wpforms-field-container\"><div id=\"wpforms-13195-field_0-container\" class=\"wpforms-field wpforms-field-name\" data-field-id=\"0\"><label class=\"wpforms-field-label\">N\u00e9v <span class=\"wpforms-required-label\">*<\/span><\/label><div class=\"wpforms-field-row wpforms-field-medium\"><div class=\"wpforms-field-row-block wpforms-first wpforms-one-half\"><input type=\"text\" id=\"wpforms-13195-field_0\" class=\"wpforms-field-name-first wpforms-field-required\" name=\"wpforms[fields][0][first]\" required><label for=\"wpforms-13195-field_0\" class=\"wpforms-field-sublabel after\">Els\u0151<\/label><\/div><div class=\"wpforms-field-row-block wpforms-one-half\"><input type=\"text\" id=\"wpforms-13195-field_0-last\" class=\"wpforms-field-name-last wpforms-field-required\" name=\"wpforms[fields][0][last]\" required><label for=\"wpforms-13195-field_0-last\" class=\"wpforms-field-sublabel after\">Last<\/label><\/div><\/div><\/div><div id=\"wpforms-13195-field_1-container\" class=\"wpforms-field wpforms-field-email\" data-field-id=\"1\"><label class=\"wpforms-field-label\" for=\"wpforms-13195-field_1\">\u00dczleti e-mail <span class=\"wpforms-required-label\">*<\/span><\/label><input type=\"email\" id=\"wpforms-13195-field_1\" class=\"wpforms-field-medium wpforms-field-required\" data-rule-restricted-email=\"1\" name=\"wpforms[fields][1]\" spellcheck=\"false\" required><\/div><div id=\"wpforms-13195-field_4-container\" class=\"wpforms-field wpforms-field-text\" data-field-id=\"4\"><label class=\"wpforms-field-label\" for=\"wpforms-13195-field_4\">C\u00e9g <span class=\"wpforms-required-label\">*<\/span><\/label><input type=\"text\" id=\"wpforms-13195-field_4\" class=\"wpforms-field-medium wpforms-field-required\" name=\"wpforms[fields][4]\" required><\/div><div id=\"wpforms-13195-field_3-container\" class=\"wpforms-field wpforms-field-gdpr-checkbox\" data-field-id=\"3\"><label class=\"wpforms-field-label\">GDPR-meg\u00e1llapod\u00e1s <span class=\"wpforms-required-label\">*<\/span><\/label><ul id=\"wpforms-13195-field_3\" class=\"wpforms-field-required\"><li class=\"choice-1\"><input type=\"checkbox\" id=\"wpforms-13195-field_3_1\" name=\"wpforms[fields][3][]\" value=\"I consent to having this website store my submitted information so they can respond to my inquiry.\" required><label class=\"wpforms-field-label-inline\" for=\"wpforms-13195-field_3_1\">Hozz\u00e1j\u00e1rulok ahhoz, hogy ez a weboldal t\u00e1rolja a megadott adataimat, hogy v\u00e1laszolni tudjanak a megkeres\u00e9semre.<\/label><\/li><\/ul><\/div><\/div><!-- .wpforms-field-container --><div class=\"wpforms-recaptcha-container wpforms-is-recaptcha wpforms-is-recaptcha-type-v3\" ><input type=\"hidden\" name=\"wpforms[recaptcha]\" value=\"\"><\/div><div class=\"wpforms-submit-container\" ><input type=\"hidden\" name=\"wpforms[id]\" value=\"13195\"><input type=\"hidden\" name=\"page_title\" value=\"\"><input type=\"hidden\" name=\"page_url\" value=\"https:\/\/www.leaplytics.de\/hu\/wp-json\/wp\/v2\/pages\/13191\"><input type=\"hidden\" name=\"url_referer\" value=\"\"><button type=\"submit\" name=\"wpforms[submit]\" id=\"wpforms-submit-13195\" class=\"wpforms-submit\" data-alt-text=\"Sending...\" data-submit-text=\"Submit\" aria-live=\"assertive\" value=\"wpforms-submit\">K\u00fcldje be a<\/button><img loading=\"lazy\" decoding=\"async\" src=\"https:\/\/www.leaplytics.de\/wp-content\/plugins\/wpforms-lite\/assets\/images\/submit-spin.svg\" class=\"wpforms-submit-spinner\" style=\"display: none;\" width=\"26\" height=\"26\" alt=\"Bet\u00f6lt\u00e9s\"><\/div><input type=\"hidden\" name=\"trp-form-language\" value=\"hu\"\/><\/form><\/div>  <!-- .wpforms-container -->","protected":false},"excerpt":{"rendered":"<p>Are you looking for a data visual that converts your ClickUp file into beautifully formatted text? A full-fledged text editor that can be seamlessly integrated into your dashboard. We develop visuals for Power BI addressing the pain points of our clients. With our MS-certified Power BI visuals we pursue to make the lifes of our &hellip; <\/p>","protected":false},"author":55,"featured_media":0,"parent":0,"menu_order":0,"comment_status":"closed","ping_status":"closed","template":"","meta":{"footnotes":""},"class_list":["post-13191","page","type-page","status-publish","hentry","latest_post"],"_links":{"self":[{"href":"https:\/\/www.leaplytics.de\/hu\/wp-json\/wp\/v2\/pages\/13191","targetHints":{"allow":["GET"]}}],"collection":[{"href":"https:\/\/www.leaplytics.de\/hu\/wp-json\/wp\/v2\/pages"}],"about":[{"href":"https:\/\/www.leaplytics.de\/hu\/wp-json\/wp\/v2\/types\/page"}],"author":[{"embeddable":true,"href":"https:\/\/www.leaplytics.de\/hu\/wp-json\/wp\/v2\/users\/55"}],"replies":[{"embeddable":true,"href":"https:\/\/www.leaplytics.de\/hu\/wp-json\/wp\/v2\/comments?post=13191"}],"version-history":[{"count":2,"href":"https:\/\/www.leaplytics.de\/hu\/wp-json\/wp\/v2\/pages\/13191\/revisions"}],"predecessor-version":[{"id":13220,"href":"https:\/\/www.leaplytics.de\/hu\/wp-json\/wp\/v2\/pages\/13191\/revisions\/13220"}],"wp:attachment":[{"href":"https:\/\/www.leaplytics.de\/hu\/wp-json\/wp\/v2\/media?parent=13191"}],"curies":[{"name":"wp","href":"https:\/\/api.w.org\/{rel}","templated":true}]}}