{"id":13321,"date":"2024-04-09T20:47:19","date_gmt":"2024-04-09T18:47:19","guid":{"rendered":"https:\/\/www.leaplytics.de\/?page_id=13321"},"modified":"2024-04-17T15:17:27","modified_gmt":"2024-04-17T13:17:27","slug":"lehetoseg-matrix-a-power-bi","status":"publish","type":"page","link":"https:\/\/www.leaplytics.de\/hu\/lehetoseg-matrix-a-power-bi\/","title":{"rendered":"Lehet\u0151s\u00e9gi m\u00e1trix a Power BI sz\u00e1m\u00e1ra - Haszn\u00e1lja ki a versenyel\u0151ny felszabad\u00edt\u00e1s\u00e1ra"},"content":{"rendered":"<p>A projekt- \u00e9s kock\u00e1zatkezel\u0151k sz\u00e1m\u00e1ra a lehet\u0151s\u00e9gek kihaszn\u00e1l\u00e1sa ugyanolyan fontos, mint a kock\u00e1zatok m\u00e9rs\u00e9kl\u00e9se. A Kock\u00e1zati m\u00e1trix l\u00e1tv\u00e1nyterv\u00fcnket a Power BI-hoz igaz\u00edtva \u00e1talak\u00edthatjuk azt Lehet\u0151s\u00e9gi m\u00e1trixsz\u00e1. Ez a megk\u00f6zel\u00edt\u00e9s lehet\u0151v\u00e9 teszi a versenyel\u0151nyt biztos\u00edt\u00f3 lehet\u0151s\u00e9gek azonos\u00edt\u00e1s\u00e1t \u00e9s kiakn\u00e1z\u00e1s\u00e1t.<\/p>\n\n\n\n<figure class=\"wp-block-embed is-type-video is-provider-youtube wp-block-embed-youtube wp-embed-aspect-16-9 wp-has-aspect-ratio\"><div class=\"wp-block-embed__wrapper\">\n<iframe loading=\"lazy\" title=\"Lehet\u0151s\u00e9gi m\u00e1trix a Power BI sz\u00e1m\u00e1ra - LeapLytics\" width=\"770\" height=\"433\" src=\"https:\/\/www.youtube.com\/embed\/VzEAOzIjrZY?feature=oembed\" frameborder=\"0\" allow=\"accelerometer; autoplay; clipboard-write; encrypted-media; gyroscope; picture-in-picture; web-share\" referrerpolicy=\"strict-origin-when-cross-origin\" allowfullscreen><\/iframe>\n<\/div><figcaption class=\"wp-element-caption\">YouTube-vide\u00f3nkban bemutatjuk, hogyan \u00e1ll\u00edthat be egy Opportunity Matrixot a Power BI-ben.<\/figcaption><\/figure>\n\n\n\n<h3 class=\"wp-block-heading has-medium-font-size\"><strong>Mi\u00e9rt fontos a lehet\u0151s\u00e9gek kezel\u00e9se<\/strong><\/h3>\n\n\n\n<p>A lehet\u0151s\u00e9gek kezel\u00e9se alapvet\u0151 fontoss\u00e1g\u00fa a fenntarthat\u00f3 n\u00f6veked\u00e9sre \u00e9s versenyel\u0151nyre t\u00f6rekv\u0151 v\u00e1llalkoz\u00e1sok sz\u00e1m\u00e1ra. A lehet\u0151s\u00e9gek azonos\u00edt\u00e1s\u00e1r\u00f3l \u00e9s megragad\u00e1s\u00e1r\u00f3l sz\u00f3l. A szervezetek kihaszn\u00e1lhatj\u00e1k a piaci trendeket, az innov\u00e1ci\u00f3t \u00e9s a felt\u00f6rekv\u0151 technol\u00f3gi\u00e1kat. Emellett lehet\u0151v\u00e9 teszi a term\u00e9k- \u00e9s szolg\u00e1ltat\u00e1smin\u0151s\u00e9g folyamatos jav\u00edt\u00e1s\u00e1t is. A hat\u00e9kony lehet\u0151s\u00e9gmenedzsment tov\u00e1bb\u00e1 lehet\u0151v\u00e9 teszi a v\u00e1llalkoz\u00e1sok sz\u00e1m\u00e1ra, hogy a versenyt\u00e1rsak el\u0151tt maradjanak. A v\u00e1ltoz\u00f3 v\u00e1s\u00e1rl\u00f3i ig\u00e9nyekhez \u00e9s preferenci\u00e1khoz val\u00f3 alkalmazkod\u00e1s kulcsfontoss\u00e1g\u00fa.<\/p>\n\n\n\n<h3 class=\"wp-block-heading has-medium-font-size\"><strong>A k\u00fcl\u00f6nb\u00f6z\u0151 forr\u00e1sokb\u00f3l sz\u00e1rmaz\u00f3 lehet\u0151s\u00e9gek azonos\u00edt\u00e1sa<\/strong><\/h3>\n\n\n\n<p>A lehet\u0151s\u00e9gek azonos\u00edt\u00e1s\u00e1hoz az \u00f6sszes \u00e1ltalunk ismert forr\u00e1st ki kell haszn\u00e1lnunk.<\/p>\n\n\n\n<div class=\"wp-block-columns is-layout-flex wp-container-core-columns-is-layout-1 wp-block-columns-is-layout-flex\">\n<div class=\"wp-block-column is-layout-flow wp-block-column-is-layout-flow\" style=\"flex-basis:2%\">\n<p><strong>1.<\/strong><\/p>\n<\/div>\n\n\n\n<div class=\"wp-block-column is-layout-flow wp-block-column-is-layout-flow\" style=\"flex-basis:98%\">\n<p><strong>\u00c9rt\u00e9kelje a versenyt\u00e1rsak helyzet\u00e9t:<\/strong> Az \u00fczleti k\u00f6rnyezet \u00e9rt\u00e9kel\u00e9se a versenyt\u00e1rsak er\u0151ss\u00e9geinek, gyenges\u00e9geinek, piaci poz\u00edcion\u00e1l\u00e1s\u00e1nak \u00e9s strat\u00e9gi\u00e1inak elemz\u00e9s\u00e9t jelenti. A teljes\u00edtm\u00e9ny\u00e9rt\u00e9kel\u00e9s vagy a SWOT-elemz\u00e9s hat\u00e9kony eszk\u00f6z lehet. A versenyt\u00e1rsak legjobb gyakorlatainak megismer\u00e9se potenci\u00e1lis lehet\u0151s\u00e9geket t\u00e1rhat fel.<\/p>\n<\/div>\n<\/div>\n\n\n\n<div class=\"wp-block-columns is-layout-flex wp-container-core-columns-is-layout-2 wp-block-columns-is-layout-flex\">\n<div class=\"wp-block-column is-layout-flow wp-block-column-is-layout-flow\" style=\"flex-basis:2%\">\n<p><strong>2.<\/strong><\/p>\n<\/div>\n\n\n\n<div class=\"wp-block-column is-layout-flow wp-block-column-is-layout-flow\" style=\"flex-basis:98%\">\n<p><strong>Az \u00fcgyfelek ig\u00e9nyeinek el\u0151zetes meg\u00e9rt\u00e9se: <\/strong>Maradjon k\u00e9pben a piaci trendekkel, a fogyaszt\u00f3i magatart\u00e1ssal \u00e9s a kialakul\u00f3ban l\u00e9v\u0151 preferenci\u00e1kkal. A piackutat\u00e1s, a v\u00e1s\u00e1rl\u00f3i visszajelz\u00e9sek \u00e9s a v\u00e1s\u00e1rl\u00e1si szok\u00e1sok elemz\u00e9se seg\u00edt a v\u00e1s\u00e1rl\u00f3i ig\u00e9nyek el\u0151rejelz\u00e9s\u00e9ben.<\/p>\n<\/div>\n<\/div>\n\n\n\n<div class=\"wp-block-columns is-layout-flex wp-container-core-columns-is-layout-3 wp-block-columns-is-layout-flex\">\n<div class=\"wp-block-column is-layout-flow wp-block-column-is-layout-flow\" style=\"flex-basis:2%\">\n<p><strong>3.<\/strong><\/p>\n<\/div>\n\n\n\n<div class=\"wp-block-column is-layout-flow wp-block-column-is-layout-flow\" style=\"flex-basis:98%\">\n<p><strong>Az innov\u00e1ci\u00f3 \u00f6szt\u00f6nz\u00e9se \u00e9s a tud\u00e1smegoszt\u00e1si gyakorlatok telep\u00edt\u00e9se:<\/strong> Az innov\u00e1ci\u00f3 \u00e9s a kreativit\u00e1s kult\u00far\u00e1j\u00e1nak t\u00e1mogat\u00e1sa. A k\u00fcl\u00f6nb\u00f6z\u0151 szegmensekb\u0151l \u00e9rkez\u0151 emberek \u00f6sszehoz\u00e1sa a tud\u00e1smegoszt\u00e1s egyik f\u0151 mozgat\u00f3rug\u00f3ja lehet. Ez innovat\u00edvabb \u00f6tletekhez vezethet a \"out-of-the-box\" gondolkod\u00e1s r\u00e9v\u00e9n.<\/p>\n<\/div>\n<\/div>\n\n\n\n<div class=\"wp-block-columns is-layout-flex wp-container-core-columns-is-layout-4 wp-block-columns-is-layout-flex\">\n<div class=\"wp-block-column is-layout-flow wp-block-column-is-layout-flow\" style=\"flex-basis:2%\">\n<p><strong>4.<\/strong><\/p>\n<\/div>\n\n\n\n<div class=\"wp-block-column is-layout-flow wp-block-column-is-layout-flow\" style=\"flex-basis:98%\">\n<p><strong>A lazas\u00e1g azonos\u00edt\u00e1sa \u00e9s a kiv\u00e1lt\u00f3 okok megtal\u00e1l\u00e1sa:<\/strong> A lazas\u00e1g a szervezeten bel\u00fcli kihaszn\u00e1latlan er\u0151forr\u00e1sokra, folyamatokra vagy k\u00e9pess\u00e9gekre utal. A c\u00e9l a laza ter\u00fcletek azonos\u00edt\u00e1sa \u00e9s a m\u00f6g\u00f6ttes okok felt\u00e1r\u00e1sa. Ily m\u00f3don felt\u00e1rhatja az optimaliz\u00e1l\u00e1s \u00e9s jav\u00edt\u00e1s rejtett lehet\u0151s\u00e9geit. Azonos\u00edt\u00e1si strat\u00e9giak\u00e9nt szolg\u00e1lhatnak a folyamatauditok \u00e9s az alkalmazottak visszajelz\u00e9sei.<\/p>\n<\/div>\n<\/div>\n\n\n\n<div class=\"wp-block-columns is-layout-flex wp-container-core-columns-is-layout-5 wp-block-columns-is-layout-flex\">\n<div class=\"wp-block-column is-layout-flow wp-block-column-is-layout-flow\" style=\"flex-basis:2%\">\n<p><strong>5.<\/strong><\/p>\n<\/div>\n\n\n\n<div class=\"wp-block-column is-layout-flow wp-block-column-is-layout-flow\" style=\"flex-basis:98%\">\n<p><strong>Ne feledkezzen meg a kock\u00e1zatokr\u00f3l, mert azok fedezhetik a lehet\u0151s\u00e9geket: <\/strong>A kock\u00e1zatokat \u00e1ltal\u00e1ban az \u00fczleti tev\u00e9kenys\u00e9geket fenyeget\u0151 potenci\u00e1lis vesz\u00e9lyeknek tekintik. De rejtett lehet\u0151s\u00e9geket is felfedhetnek. A kock\u00e1zatok elemz\u00e9s\u00e9vel \u00e9s kezel\u00e9s\u00e9vel fontolja meg, hogy egyeseket lehet\u0151s\u00e9gg\u00e9 alak\u00edthat. P\u00e9ld\u00e1ul a r\u00f6gz\u00edtett kiberbiztons\u00e1gi fenyeget\u00e9sek nagyobb \u00fcgyf\u00e9lbizalmat \u00e9s -h\u0171s\u00e9get eredm\u00e9nyezhetnek.<\/p>\n<\/div>\n<\/div>\n\n\n\n<div class=\"wp-block-columns is-layout-flex wp-container-core-columns-is-layout-6 wp-block-columns-is-layout-flex\">\n<div class=\"wp-block-column is-layout-flow wp-block-column-is-layout-flow\" style=\"flex-basis:2%\">\n<p><strong>6.<\/strong><\/p>\n<\/div>\n\n\n\n<div class=\"wp-block-column is-layout-flow wp-block-column-is-layout-flow\" style=\"flex-basis:98%\">\n<p><strong>Legyen az \u00d6n ipar\u00e1g\u00e1nak fenntarthat\u00f3 \u00fatt\u00f6r\u0151je:<\/strong> A fenntarthat\u00f3s\u00e1g elfogad\u00e1sa \u00faj lehet\u0151s\u00e9geket nyithat meg az innov\u00e1ci\u00f3, a k\u00f6lts\u00e9gmegtakar\u00edt\u00e1s \u00e9s a megk\u00fcl\u00f6nb\u00f6ztet\u00e9s ter\u00e9n. Hat\u00e1rozza meg a kibocs\u00e1t\u00e1s cs\u00f6kkent\u00e9s\u00e9nek \u00e9s az er\u0151forr\u00e1s-felhaszn\u00e1l\u00e1s optimaliz\u00e1l\u00e1s\u00e1nak m\u00f3djait. A k\u00f6lts\u00e9gmegtakar\u00edt\u00e1s, az \u00fcgyf\u00e9lh\u0171s\u00e9g \u00e9s a m\u00e1rka h\u00edrnev\u00e9nek javul\u00e1sa lesz az eredm\u00e9ny.<\/p>\n<\/div>\n<\/div>\n\n\n\n<h3 class=\"wp-block-heading has-medium-font-size\"><strong>A lehet\u0151s\u00e9gkezel\u00e9s el\u0151nyei<\/strong><\/h3>\n\n\n\n<p>A hat\u00e9kony lehet\u0151s\u00e9gkezel\u00e9s sz\u00e1mos el\u0151nnyel j\u00e1r. T\u00f6bbek k\u00f6z\u00f6tt nagyobb nyeres\u00e9gess\u00e9get, jobb piaci poz\u00edcion\u00e1l\u00e1st, nagyobb \u00fcgyf\u00e9l-el\u00e9gedetts\u00e9get \u00e9s fenntarthat\u00f3 \u00fczleti n\u00f6veked\u00e9st. A lehet\u0151s\u00e9gek proakt\u00edv azonos\u00edt\u00e1s\u00e1val \u00e9s kiakn\u00e1z\u00e1s\u00e1val a szervezetek \u00f6szt\u00f6n\u00f6zhetik az innov\u00e1ci\u00f3t. El\u0151seg\u00edtik a folyamatos fejleszt\u00e9s kult\u00far\u00e1j\u00e1t, \u00e9s maximaliz\u00e1lj\u00e1k versenyel\u0151ny\u00fcket.<\/p>\n\n\n\n<h3 class=\"wp-block-heading has-medium-font-size\"><strong>A lehet\u0151s\u00e9gek m\u00e1trix\u00e1nak meg\u00e9rt\u00e9se<\/strong><\/h3>\n\n\n\n<p>A lehet\u0151s\u00e9gek m\u00e1trixa alapvet\u0151en a j\u00f3l ismert kock\u00e1zati m\u00e1trixot t\u00fckr\u00f6zi. A potenci\u00e1lis lehet\u0151s\u00e9gek \u00e9rt\u00e9kel\u00e9se val\u00f3sz\u00edn\u0171s\u00e9g\u00fck \u00e9s hat\u00e1suk szempontj\u00e1b\u00f3l. A m\u00e1trix megk\u00f6nny\u00edti a lehet\u0151s\u00e9gek felder\u00edt\u00e9s\u00e9t, \u00e9rt\u00e9kel\u00e9s\u00e9t \u00e9s kezel\u00e9s\u00e9t. A szervezetek ir\u00e1ny\u00edt\u00e1sa a fokozott teljes\u00edtm\u00e9ny \u00e9s n\u00f6veked\u00e9s fel\u00e9 a legf\u0151bb priorit\u00e1s.<\/p>\n\n\n\n<div class=\"wp-block-columns is-layout-flex wp-container-core-columns-is-layout-7 wp-block-columns-is-layout-flex\">\n<div class=\"wp-block-column is-vertically-aligned-center is-layout-flow wp-block-column-is-layout-flow\" style=\"flex-basis:150px\">\n<figure class=\"wp-block-image size-full is-resized\"><img loading=\"lazy\" decoding=\"async\" width=\"255\" height=\"259\" src=\"https:\/\/www.leaplytics.de\/wp-content\/uploads\/2024\/04\/Bild3.jpg\" alt=\"\" class=\"wp-image-13324\" style=\"width:100px\" srcset=\"https:\/\/www.leaplytics.de\/wp-content\/uploads\/2024\/04\/Bild3.jpg 255w, https:\/\/www.leaplytics.de\/wp-content\/uploads\/2024\/04\/Bild3-59x60.jpg 59w\" sizes=\"auto, (max-width: 255px) 100vw, 255px\" \/><\/figure>\n<\/div>\n\n\n\n<div class=\"wp-block-column is-layout-flow wp-block-column-is-layout-flow\" style=\"flex-basis:66.66%\">\n<p><strong>Tooltip opci\u00f3 az eg\u00e9r f\u00f6l\u00e9<\/strong><\/p>\n\n\n\n<p>Az adatpontok f\u00f6l\u00e9 lebegtetve r\u00e9szletes inform\u00e1ci\u00f3k jelennek meg. Ez lehet\u0151v\u00e9 teszi a felhaszn\u00e1l\u00f3k sz\u00e1m\u00e1ra, hogy m\u00e9lyebben elmer\u00fcljenek az egyes lehet\u0151s\u00e9gekbe. Ez a funkci\u00f3 jav\u00edtja a d\u00f6nt\u00e9shozatalt az\u00e1ltal, hogy egy pillant\u00e1ssal \u00e1tfog\u00f3 betekint\u00e9st ny\u00fajt.<\/p>\n<\/div>\n<\/div>\n\n\n\n<div class=\"wp-block-columns is-layout-flex wp-container-core-columns-is-layout-8 wp-block-columns-is-layout-flex\">\n<div class=\"wp-block-column is-vertically-aligned-center is-layout-flow wp-block-column-is-layout-flow\" style=\"flex-basis:150px\">\n<figure class=\"wp-block-image size-large is-resized\"><img loading=\"lazy\" decoding=\"async\" width=\"1024\" height=\"1024\" src=\"https:\/\/www.leaplytics.de\/wp-content\/uploads\/2022\/06\/Indicator-Settings-1024x1024.png\" alt=\"\" class=\"wp-image-8461\" style=\"width:128px;height:auto\" srcset=\"https:\/\/www.leaplytics.de\/wp-content\/uploads\/2022\/06\/Indicator-Settings-1024x1024.png 1024w, https:\/\/www.leaplytics.de\/wp-content\/uploads\/2022\/06\/Indicator-Settings-300x300.png 300w, https:\/\/www.leaplytics.de\/wp-content\/uploads\/2022\/06\/Indicator-Settings-150x150.png 150w, https:\/\/www.leaplytics.de\/wp-content\/uploads\/2022\/06\/Indicator-Settings-768x768.png 768w, https:\/\/www.leaplytics.de\/wp-content\/uploads\/2022\/06\/Indicator-Settings-1536x1536.png 1536w, https:\/\/www.leaplytics.de\/wp-content\/uploads\/2022\/06\/Indicator-Settings-370x370.png 370w, https:\/\/www.leaplytics.de\/wp-content\/uploads\/2022\/06\/Indicator-Settings-60x60.png 60w, https:\/\/www.leaplytics.de\/wp-content\/uploads\/2022\/06\/Indicator-Settings.png 1854w\" sizes=\"auto, (max-width: 1024px) 100vw, 1024px\" \/><\/figure>\n<\/div>\n\n\n\n<div class=\"wp-block-column is-layout-flow wp-block-column-is-layout-flow\">\n<p class=\"has-medium-font-size\"><strong>Felt\u00e9teles form\u00e1z\u00e1s<\/strong><\/p>\n\n\n\n<p>Haszn\u00e1ljon felt\u00e9teles form\u00e1z\u00e1si szab\u00e1lyokat a jelent\u0151s lehet\u0151s\u00e9gek kiemel\u00e9s\u00e9re el\u0151re meghat\u00e1rozott krit\u00e9riumok alapj\u00e1n. Ez a funkci\u00f3 n\u00f6veli a l\u00e1that\u00f3s\u00e1got, \u00e9s rangsorolja a strat\u00e9giai tervez\u00e9s \u00e9s v\u00e9grehajt\u00e1s \u00e9rdek\u00e9ben a megval\u00f3s\u00edthat\u00f3 betekint\u00e9st. A felt\u00e9teles form\u00e1z\u00e1s emellett egy m\u00e1sik dimenzi\u00f3val is kiterjesztheti a m\u00e1trixot. P\u00e9ld\u00e1ul az egyes lehet\u0151s\u00e9gek megval\u00f3s\u00edthat\u00f3s\u00e1g\u00e1nak sz\u00ednk\u00f3dokkal t\u00f6rt\u00e9n\u0151 \u00e9rt\u00e9kel\u00e9s\u00e9vel. A sz\u00ednek k\u00fcl\u00f6nb\u00f6z\u0151 \u00e1rnyalatai a megval\u00f3s\u00edthat\u00f3s\u00e1g k\u00fcl\u00f6nb\u00f6z\u0151 szintjeit jelk\u00e9pezhetik. Az \u00e9rdekeltek \u00e9rt\u00e9kes betekint\u00e9st nyerhetnek az egyes lehet\u0151s\u00e9gek megval\u00f3s\u00edthat\u00f3s\u00e1g\u00e1ba.<\/p>\n<\/div>\n<\/div>\n\n\n\n<div class=\"wp-block-columns is-layout-flex wp-container-core-columns-is-layout-9 wp-block-columns-is-layout-flex\">\n<div class=\"wp-block-column is-vertically-aligned-center is-layout-flow wp-block-column-is-layout-flow\" style=\"flex-basis:150px\">\n<figure class=\"wp-block-image size-full is-resized\"><img loading=\"lazy\" decoding=\"async\" width=\"355\" height=\"218\" src=\"https:\/\/www.leaplytics.de\/wp-content\/uploads\/2024\/04\/Bild2.jpg\" alt=\"\" class=\"wp-image-13323\" style=\"width:128px\" srcset=\"https:\/\/www.leaplytics.de\/wp-content\/uploads\/2024\/04\/Bild2.jpg 355w, https:\/\/www.leaplytics.de\/wp-content\/uploads\/2024\/04\/Bild2-300x184.jpg 300w, https:\/\/www.leaplytics.de\/wp-content\/uploads\/2024\/04\/Bild2-98x60.jpg 98w\" sizes=\"auto, (max-width: 355px) 100vw, 355px\" \/><\/figure>\n<\/div>\n\n\n\n<div class=\"wp-block-column is-layout-flow wp-block-column-is-layout-flow\" style=\"flex-basis:66.66%\">\n<p><strong>Drill-through opci\u00f3 a tov\u00e1bbi betekint\u00e9s\u00e9rt<\/strong><\/p>\n\n\n\n<p>Navig\u00e1ljon az adatr\u00e9tegek k\u00f6z\u00f6tt az \u00e1tf\u00far\u00e1s funkci\u00f3val. Lehet\u0151v\u00e9 teszi a felhaszn\u00e1l\u00f3k sz\u00e1m\u00e1ra, hogy felt\u00e1rj\u00e1k az egyes lehet\u0151s\u00e9geket befoly\u00e1sol\u00f3 m\u00f6g\u00f6ttes t\u00e9nyez\u0151ket. Ez a m\u00e9lyrehat\u00f3 k\u00e9pess\u00e9g el\u0151seg\u00edti a potenci\u00e1lis mozgat\u00f3rug\u00f3k \u00e9s k\u00f6vetkezm\u00e9nyek alapos meg\u00e9rt\u00e9s\u00e9t.<\/p>\n<\/div>\n<\/div>\n\n\n\n<div class=\"wp-block-columns is-layout-flex wp-container-core-columns-is-layout-10 wp-block-columns-is-layout-flex\">\n<div class=\"wp-block-column is-vertically-aligned-center is-layout-flow wp-block-column-is-layout-flow\" style=\"flex-basis:150px\">\n<figure class=\"wp-block-image size-large is-resized\"><img loading=\"lazy\" decoding=\"async\" width=\"1024\" height=\"1024\" src=\"https:\/\/www.leaplytics.de\/wp-content\/uploads\/2022\/05\/Color-Settings-1024x1024.png\" alt=\"\" class=\"wp-image-7710\" style=\"width:128px\" srcset=\"https:\/\/www.leaplytics.de\/wp-content\/uploads\/2022\/05\/Color-Settings-1024x1024.png 1024w, https:\/\/www.leaplytics.de\/wp-content\/uploads\/2022\/05\/Color-Settings-300x300.png 300w, https:\/\/www.leaplytics.de\/wp-content\/uploads\/2022\/05\/Color-Settings-150x150.png 150w, https:\/\/www.leaplytics.de\/wp-content\/uploads\/2022\/05\/Color-Settings-768x768.png 768w, https:\/\/www.leaplytics.de\/wp-content\/uploads\/2022\/05\/Color-Settings-1536x1536.png 1536w, https:\/\/www.leaplytics.de\/wp-content\/uploads\/2022\/05\/Color-Settings-2048x2048.png 2048w, https:\/\/www.leaplytics.de\/wp-content\/uploads\/2022\/05\/Color-Settings-370x370.png 370w, https:\/\/www.leaplytics.de\/wp-content\/uploads\/2022\/05\/Color-Settings-60x60.png 60w, https:\/\/www.leaplytics.de\/wp-content\/uploads\/2022\/05\/Color-Settings-600x600.png 600w, https:\/\/www.leaplytics.de\/wp-content\/uploads\/2022\/05\/Color-Settings-100x100.png 100w\" sizes=\"auto, (max-width: 1024px) 100vw, 1024px\" \/><\/figure>\n<\/div>\n\n\n\n<div class=\"wp-block-column is-layout-flow wp-block-column-is-layout-flow\" style=\"flex-basis:66.66%\">\n<p><strong>Egyedi sz\u00edntervez\u00e9s<\/strong><\/p>\n\n\n\n<p>Szem\u00e9lyre szabhatja a m\u00e1trixot egy\u00e9ni sz\u00edns\u00e9m\u00e1kkal. Ez seg\u00edti az \u00e1ttekinthet\u0151s\u00e9get \u00e9s lehet\u0151v\u00e9 teszi az egy\u00e9ni ig\u00e9nyekhez val\u00f3 igaz\u00edt\u00e1st.<\/p>\n<\/div>\n<\/div>\n\n\n\n<div class=\"wp-block-columns is-layout-flex wp-container-core-columns-is-layout-11 wp-block-columns-is-layout-flex\">\n<div class=\"wp-block-column is-vertically-aligned-center is-layout-flow wp-block-column-is-layout-flow\" style=\"flex-basis:150px\">\n<figure class=\"wp-block-image size-large\"><img loading=\"lazy\" decoding=\"async\" width=\"1024\" height=\"1018\" src=\"https:\/\/www.leaplytics.de\/wp-content\/uploads\/2022\/06\/Axis-Settings-1024x1018.png\" alt=\"\" class=\"wp-image-8460\" srcset=\"https:\/\/www.leaplytics.de\/wp-content\/uploads\/2022\/06\/Axis-Settings-1024x1018.png 1024w, https:\/\/www.leaplytics.de\/wp-content\/uploads\/2022\/06\/Axis-Settings-300x298.png 300w, https:\/\/www.leaplytics.de\/wp-content\/uploads\/2022\/06\/Axis-Settings-150x150.png 150w, https:\/\/www.leaplytics.de\/wp-content\/uploads\/2022\/06\/Axis-Settings-768x763.png 768w, https:\/\/www.leaplytics.de\/wp-content\/uploads\/2022\/06\/Axis-Settings-1536x1527.png 1536w, https:\/\/www.leaplytics.de\/wp-content\/uploads\/2022\/06\/Axis-Settings-60x60.png 60w, https:\/\/www.leaplytics.de\/wp-content\/uploads\/2022\/06\/Axis-Settings.png 1827w\" sizes=\"auto, (max-width: 1024px) 100vw, 1024px\" \/><\/figure>\n<\/div>\n\n\n\n<div class=\"wp-block-column is-layout-flow wp-block-column-is-layout-flow\" style=\"flex-basis:66.66%\">\n<p><strong>Testreszabhat\u00f3 r\u00e1cs, tengely \u00e9s mutat\u00f3 be\u00e1ll\u00edt\u00e1sok<\/strong><\/p>\n\n\n\n<p>Szabja a m\u00e1trix elrendez\u00e9s\u00e9t a szervezeti preferenci\u00e1knak \u00e9s a konkr\u00e9t projektk\u00f6vetelm\u00e9nyeknek megfelel\u0151en. \u00c1ll\u00edtsa be a r\u00e1csvonalakat, a tengelyc\u00edmk\u00e9ket \u00e9s a mutat\u00f3jelz\u0151ket az olvashat\u00f3s\u00e1g \u00e9s az \u00e1ttekinthet\u0151s\u00e9g optimaliz\u00e1l\u00e1sa \u00e9rdek\u00e9ben.<\/p>\n<\/div>\n<\/div>\n\n\n\n<div class=\"wp-block-buttons is-layout-flex wp-block-buttons-is-layout-flex\">\n<div class=\"wp-block-button has-custom-font-size\" style=\"font-size:18px\"><a class=\"wp-block-button__link has-background wp-element-button\" href=\"https:\/\/www.leaplytics.de\/hu\/cimoldal\/projektmenedzsment-egyedi-latvanyterv-microsoft-powerbi\/kockazati-hoterkep-egyeni-vizualis-a-power-bi-szamara\/\" style=\"background-color:#22316d\">Kattintson ide, hogy el\u00e9rje az Egyedi vizu\u00e1lis \"kock\u00e1zati m\u00e1trixot\" a Power BI sz\u00e1m\u00e1ra!<\/a><\/div>\n<\/div>\n\n\n\n<figure class=\"wp-block-image size-full\"><img loading=\"lazy\" decoding=\"async\" width=\"152\" height=\"37\" src=\"https:\/\/www.leaplytics.de\/wp-content\/uploads\/2022\/05\/PBI-Certified.png\" alt=\"\" class=\"wp-image-8358\" srcset=\"https:\/\/www.leaplytics.de\/wp-content\/uploads\/2022\/05\/PBI-Certified.png 152w, https:\/\/www.leaplytics.de\/wp-content\/uploads\/2022\/05\/PBI-Certified-150x37.png 150w\" sizes=\"auto, (max-width: 152px) 100vw, 152px\" \/><\/figure>\n\n\n\n<p><\/p>\n\n\n\n<h3 class=\"wp-block-heading has-medium-font-size\"><strong>Versenyel\u0151ny felszabad\u00edt\u00e1sa<\/strong><\/h3>\n\n\n\n<p>A v\u00e1llalkoz\u00e1sok strat\u00e9giai el\u0151nyre tesznek szert a mai piacon az Opportunity Matrix haszn\u00e1lat\u00e1val. A lehet\u0151s\u00e9gek proakt\u00edv azonos\u00edt\u00e1sa \u00e9s kezel\u00e9se az innov\u00e1ci\u00f3, a n\u00f6veked\u00e9s \u00e9s a fenntarthat\u00f3 el\u0151ny\u00f6k motorja. A Power BI Opportunity Matrix lehet\u0151v\u00e9 teszi a v\u00e1llalkoz\u00e1sok sz\u00e1m\u00e1ra, hogy intuit\u00edv funkci\u00f3kkal kezelj\u00e9k a lehet\u0151s\u00e9geket.<\/p>\n\n\n\n<h3 class=\"wp-block-heading has-medium-font-size\"><strong>K\u00f6vetkeztet\u00e9s<\/strong><\/h3>\n\n\n\n<p>A lehet\u0151s\u00e9gek m\u00e1trixa a strat\u00e9giai d\u00f6nt\u00e9shozatal hat\u00e9kony eszk\u00f6ze. Felfegyverzi a szervezeteket a fenntarthat\u00f3 versenyel\u0151ny el\u00e9r\u00e9s\u00e9re. Robusztus funkci\u00f3ival felv\u00e9rtezi a szervezeteket, hogy a versenyz\u0151 piacon boldogulni tudjanak. Fogadja el a n\u00f6veked\u00e9s \u00e9s az innov\u00e1ci\u00f3 \u00e9rdek\u00e9ben, a rejtett potenci\u00e1l felszabad\u00edt\u00e1s\u00e1val.<\/p>","protected":false},"excerpt":{"rendered":"<p>For project and risk managers, harnessing opportunities is just as crucial as mitigating risks. By adapting our Risk Matrix visual for Power BI, we can convert it into an Opportunity Matrix. This approach empowers to identify and capitalize on opportunities that drive competitive advantage. Why Opportunity Management Matters Opportunity management is essential for businesses seeking &hellip; <\/p>","protected":false},"author":55,"featured_media":13426,"parent":0,"menu_order":0,"comment_status":"closed","ping_status":"closed","template":"","meta":{"footnotes":""},"class_list":["post-13321","page","type-page","status-publish","has-post-thumbnail","hentry","latest_post"],"_links":{"self":[{"href":"https:\/\/www.leaplytics.de\/hu\/wp-json\/wp\/v2\/pages\/13321","targetHints":{"allow":["GET"]}}],"collection":[{"href":"https:\/\/www.leaplytics.de\/hu\/wp-json\/wp\/v2\/pages"}],"about":[{"href":"https:\/\/www.leaplytics.de\/hu\/wp-json\/wp\/v2\/types\/page"}],"author":[{"embeddable":true,"href":"https:\/\/www.leaplytics.de\/hu\/wp-json\/wp\/v2\/users\/55"}],"replies":[{"embeddable":true,"href":"https:\/\/www.leaplytics.de\/hu\/wp-json\/wp\/v2\/comments?post=13321"}],"version-history":[{"count":11,"href":"https:\/\/www.leaplytics.de\/hu\/wp-json\/wp\/v2\/pages\/13321\/revisions"}],"predecessor-version":[{"id":13424,"href":"https:\/\/www.leaplytics.de\/hu\/wp-json\/wp\/v2\/pages\/13321\/revisions\/13424"}],"wp:featuredmedia":[{"embeddable":true,"href":"https:\/\/www.leaplytics.de\/hu\/wp-json\/wp\/v2\/media\/13426"}],"wp:attachment":[{"href":"https:\/\/www.leaplytics.de\/hu\/wp-json\/wp\/v2\/media?parent=13321"}],"curies":[{"name":"wp","href":"https:\/\/api.w.org\/{rel}","templated":true}]}}