{"id":1342,"date":"2021-03-02T22:53:22","date_gmt":"2021-03-02T21:53:22","guid":{"rendered":"https:\/\/www.leaplytics.de\/?page_id=1342"},"modified":"2022-06-15T15:04:53","modified_gmt":"2022-06-15T13:04:53","slug":"kockazati-hoterkep-qliksense-ajanlat","status":"publish","type":"page","link":"https:\/\/www.leaplytics.de\/hu\/kockazati-hoterkep-qliksense-ajanlat\/","title":{"rendered":"Kock\u00e1zati h\u0151t\u00e9rk\u00e9p Qlik Sense aj\u00e1nlat"},"content":{"rendered":"<div class=\"wp-block-image\">\n<figure class=\"aligncenter size-full is-resized\"><img loading=\"lazy\" decoding=\"async\" src=\"https:\/\/www.leaplytics.de\/wp-content\/uploads\/2022\/03\/risk-heatmap-power-bi.png\" alt=\"\" class=\"wp-image-4072\" width=\"283\" height=\"240\" srcset=\"https:\/\/www.leaplytics.de\/wp-content\/uploads\/2022\/03\/risk-heatmap-power-bi.png 566w, https:\/\/www.leaplytics.de\/wp-content\/uploads\/2022\/03\/risk-heatmap-power-bi-300x254.png 300w, https:\/\/www.leaplytics.de\/wp-content\/uploads\/2022\/03\/risk-heatmap-power-bi-71x60.png 71w\" sizes=\"auto, (max-width: 283px) 100vw, 283px\" \/><\/figure><\/div>\n\n\n<div style=\"height:50px\" aria-hidden=\"true\" class=\"wp-block-spacer\"><\/div>\n\n\n\n<div class=\"wp-block-columns alignwide is-layout-flex wp-container-core-columns-is-layout-1 wp-block-columns-is-layout-flex\">\n<div class=\"wp-block-column has-text-color has-background has-link-color wp-elements-4cbab37e52d99c67b95a975d02fd8b03 is-layout-flow wp-block-column-is-layout-flow\" style=\"background-color:#eeeeee;color:#000000;padding-top:2em;padding-right:2em;padding-bottom:2em;padding-left:2em\">\n<h2 class=\"wp-block-heading\" id=\"single\" style=\"font-size:40px\"><strong>INGYENES verzi\u00f3<\/strong><\/h2>\n\n\n\n<div style=\"height:10px\" aria-hidden=\"true\" class=\"wp-block-spacer\"><\/div>\n\n\n\n<p class=\"has-normal-font-size\" style=\"line-height:1.5\">A LeapLytics - Risk Heatmap INGYENES verzi\u00f3ja v\u00edzjellel \u00e9s korl\u00e1tozott funkcionalit\u00e1ssal ingyenesen haszn\u00e1lhat\u00f3.<\/p>\n\n\n\n<div style=\"height:10px\" aria-hidden=\"true\" class=\"wp-block-spacer\"><\/div>\n\n\n\n<hr class=\"wp-block-separator has-text-color has-css-opacity has-background is-style-wide\" style=\"background-color:#000000;color:#000000\"\/>\n\n\n\n<div style=\"height:10px\" aria-hidden=\"true\" class=\"wp-block-spacer\"><\/div>\n\n\n\n<p><i class=\"fas fa-times\"><\/i> V\u00edzjel elt\u00e1vol\u00edtva<\/p>\n\n\n\n<p><i class=\"fas fa-times\"><\/i> Egyedi r\u00e1csm\u00e9ret<\/p>\n\n\n\n<p><i class=\"fas fa-times\"><\/i> Felhaszn\u00e1l\u00f3 \u00e1ltal meghat\u00e1rozott sz\u00edns\u00e9ma<\/p>\n\n\n\n<p><i class=\"fas fa-times\"><\/i> Sz\u00ednes inverter<\/p>\n\n\n\n<p><i class=\"fas fa-times\"><\/i> Hat\u00e1r be\u00e1ll\u00edt\u00e1sok<\/p>\n\n\n\n<p><i class=\"fas fa-times\"><\/i> Tengelybe\u00e1ll\u00edt\u00e1sok<\/p>\n\n\n\n<p><i class=\"fas fa-times\"><\/i> Mutat\u00f3 be\u00e1ll\u00edt\u00e1sok<\/p>\n\n\n\n<p><i class=\"fas fa-times\"><\/i> Sz\u00f6vegbe\u00e1ll\u00edt\u00e1sok<\/p>\n\n\n\n<p><i class=\"fas fa-times\"><\/i> Sz\u00ednbe\u00e1ll\u00edt\u00e1sok<\/p>\n\n\n\n<p><i class=\"fas fa-times\"><\/i> Navig\u00e1ci\u00f3k \u00e9s m\u0171veletek<\/p>\n\n\n\n<p><i class=\"fas fa-times\"><\/i> Nyomtathat\u00f3*<\/p>\n\n\n\n<div style=\"height:10px\" aria-hidden=\"true\" class=\"wp-block-spacer\"><\/div>\n\n\n\n<div class=\"wp-block-buttons alignfull is-horizontal is-content-justification-center is-layout-flex wp-container-core-buttons-is-layout-1 wp-block-buttons-is-layout-flex\">\n<div class=\"wp-block-button\"><a class=\"wp-block-button__link has-white-color has-text-color\" href=\"https:\/\/developer.qlik.com\/garden\/5fd6531adae7960011eb30ec\" target=\"_blank\" rel=\"noreferrer noopener\">Szerezd meg az INGYENES verzi\u00f3t<\/a><\/div>\n<\/div>\n\n\n\n<div style=\"height:20px\" aria-hidden=\"true\" class=\"wp-block-spacer\"><\/div>\n\n\n\n<p class=\"has-text-align-center has-text-color\" style=\"color:#98bd00\"><em><strong>\u00d6n m\u00e1r haszn\u00e1lja a b\u0151v\u00edtm\u00e9ny INGYENES verzi\u00f3j\u00e1t. <\/strong><\/em><\/p>\n<\/div>\n\n\n\n<div class=\"wp-block-column has-text-color has-background has-link-color wp-elements-deba5d9a51dfbae959217a0dabf93cd8 is-layout-flow wp-block-column-is-layout-flow\" style=\"background-color:#98bd00;color:#000000;padding-top:2em;padding-right:2em;padding-bottom:2em;padding-left:2em\">\n<h2 class=\"has-black-color has-text-color wp-block-heading\" id=\"family\" style=\"font-size:40px\"><strong>PRO verzi\u00f3<\/strong><\/h2>\n\n\n\n<div style=\"height:10px\" aria-hidden=\"true\" class=\"wp-block-spacer\"><\/div>\n\n\n\n<p class=\"has-normal-font-size\" style=\"line-height:1.5\">A LeapLytics - Risk Heatmap PRO verzi\u00f3ja elt\u00e1vol\u00edtja a v\u00edzjelet \u00e9s az \u00f6sszes korl\u00e1toz\u00e1st, hogy a kiterjeszt\u00e9s teljes erej\u00e9t felszabad\u00edtsa.<\/p>\n\n\n\n<div style=\"height:10px\" aria-hidden=\"true\" class=\"wp-block-spacer\"><\/div>\n\n\n\n<hr class=\"wp-block-separator has-text-color has-black-color has-css-opacity has-black-background-color has-background is-style-wide\"\/>\n\n\n\n<div style=\"height:10px\" aria-hidden=\"true\" class=\"wp-block-spacer\"><\/div>\n\n\n\n<p><i class=\"fas fa-check\"><\/i>  V\u00edzjel elt\u00e1vol\u00edtva<\/p>\n\n\n\n<p><i class=\"fas fa-check\"><\/i>  Egyedi r\u00e1csm\u00e9ret<\/p>\n\n\n\n<p><i class=\"fas fa-check\"><\/i>  Felhaszn\u00e1l\u00f3 \u00e1ltal meghat\u00e1rozott sz\u00edns\u00e9ma<\/p>\n\n\n\n<p><i class=\"fas fa-check\"><\/i>  Sz\u00ednes inverter<\/p>\n\n\n\n<p><i class=\"fas fa-check\"><\/i>  Hat\u00e1r be\u00e1ll\u00edt\u00e1sok<\/p>\n\n\n\n<p><i class=\"fas fa-check\"><\/i>  Tengelybe\u00e1ll\u00edt\u00e1sok<\/p>\n\n\n\n<p><i class=\"fas fa-check\"><\/i>  Mutat\u00f3 be\u00e1ll\u00edt\u00e1sok<\/p>\n\n\n\n<p><i class=\"fas fa-check\"><\/i>  Sz\u00f6vegbe\u00e1ll\u00edt\u00e1sok<\/p>\n\n\n\n<p><i class=\"fas fa-check\"><\/i>  Sz\u00ednbe\u00e1ll\u00edt\u00e1sok<\/p>\n\n\n\n<p><i class=\"fas fa-check\"><\/i>  Navig\u00e1ci\u00f3k \u00e9s m\u0171veletek<\/p>\n\n\n\n<p><i class=\"fas fa-check\"><\/i>  Nyomtathat\u00f3*<\/p>\n\n\n\n<div class=\"wp-block-buttons is-layout-flex wp-block-buttons-is-layout-flex\">\n<div class=\"wp-block-button aligncenter\"><a class=\"wp-block-button__link\" href=\"https:\/\/shop.leaplytics.de\/product\/power-bi-risk-heatmap\/\">PRO verzi\u00f3 megv\u00e1s\u00e1rl\u00e1sa<\/a><\/div>\n<\/div>\n\n\n\n<div style=\"height:10px\" aria-hidden=\"true\" class=\"wp-block-spacer\"><\/div>\n\n\n\n<div class=\"wp-block-buttons alignfull is-horizontal is-content-justification-center is-layout-flex wp-container-core-buttons-is-layout-3 wp-block-buttons-is-layout-flex\">\n<div class=\"wp-block-button\"><a class=\"wp-block-button__link has-white-color has-text-color\" href=\"https:\/\/www.leaplytics.de\/hu\/kockazati-hoterkep-qliksense-ajanlat\/?utm_source=risk-heatmap&amp;utm_medium=extension&amp;utm_campaign=modal\/#contact\">Pr\u00f3b\u00e1lja ki a PRO verzi\u00f3t<\/a><\/div>\n<\/div>\n<\/div>\n<\/div>\n\n\n\n<p> * see <a href=\"https:\/\/community.qlik.com\/t5\/Knowledge\/Qlik-Sense-Enterprise-SaaS-Third-party-extensions-cannot-be\/ta-p\/1755264\">QlikSense korl\u00e1toz\u00e1sok <\/a> <\/p>\n\n\n\n<div style=\"height:50px\" aria-hidden=\"true\" class=\"wp-block-spacer\"><\/div>\n\n\n\n<hr class=\"wp-block-separator has-text-color has-cyan-bluish-gray-color has-css-opacity has-cyan-bluish-gray-background-color has-background\"\/>\n\n\n\n<div style=\"height:50px\" aria-hidden=\"true\" class=\"wp-block-spacer\"><\/div>\n\n\n\n<h2 class=\"wp-block-heading\" id=\"contact\">Pr\u00f3b\u00e1lja ki v\u00e1s\u00e1rl\u00e1s el\u0151tt! <\/h2>\n\n\n\n<div style=\"height:10px\" aria-hidden=\"true\" class=\"wp-block-spacer\"><\/div>\n\n\n\n<h4 class=\"wp-block-heading\" id=\"contact\">K\u00e9rje szem\u00e9lyes 2 hetes pr\u00f3balicenc\u00e9t most!<\/h4>\n\n\n\n<div style=\"height:50px\" aria-hidden=\"true\" class=\"wp-block-spacer\"><\/div>\n\n\n\n<div class=\"wpcf7 no-js\" id=\"wpcf7-f8631-o1\" lang=\"de-DE\" dir=\"ltr\" data-wpcf7-id=\"8631\">\n<div class=\"screen-reader-response\"><p role=\"status\" aria-live=\"polite\" aria-atomic=\"true\"><\/p> <ul><\/ul><\/div>\n<form action=\"\/hu\/wp-json\/wp\/v2\/pages\/1342#wpcf7-f8631-o1\" method=\"post\" class=\"wpcf7-form init\" aria-label=\"Kontaktformular\" novalidate=\"novalidate\" data-status=\"init\" data-trp-original-action=\"\/hu\/wp-json\/wp\/v2\/pages\/1342#wpcf7-f8631-o1\">\n<fieldset class=\"hidden-fields-container\"><input type=\"hidden\" name=\"_wpcf7\" value=\"8631\" \/><input type=\"hidden\" name=\"_wpcf7_version\" value=\"6.1.1\" \/><input type=\"hidden\" name=\"_wpcf7_locale\" value=\"de_DE\" \/><input type=\"hidden\" name=\"_wpcf7_unit_tag\" value=\"wpcf7-f8631-o1\" \/><input type=\"hidden\" name=\"_wpcf7_container_post\" value=\"0\" \/><input type=\"hidden\" name=\"_wpcf7_posted_data_hash\" value=\"\" \/><input type=\"hidden\" name=\"_wpcf7_recaptcha_response\" value=\"\" \/>\n<\/fieldset>\n<p><label> Keresztn\u00e9v (*)<br \/>\n<span class=\"wpcf7-form-control-wrap\" data-name=\"first-name\"><input size=\"40\" maxlength=\"400\" class=\"wpcf7-form-control wpcf7-text wpcf7-validates-as-required\" aria-required=\"true\" aria-invalid=\"false\" value=\"\" type=\"text\" name=\"first-name\" \/><\/span><\/label>\n<\/p>\n<p><label> Vezet\u00e9kn\u00e9v (*)<br \/>\n<span class=\"wpcf7-form-control-wrap\" data-name=\"your-name\"><input size=\"40\" maxlength=\"400\" class=\"wpcf7-form-control wpcf7-text wpcf7-validates-as-required\" aria-required=\"true\" aria-invalid=\"false\" value=\"\" type=\"text\" name=\"your-name\" \/><\/span> <\/label>\n<\/p>\n<p><label> E Mail (*)<br \/>\n<span class=\"wpcf7-form-control-wrap\" data-name=\"your-email\"><input size=\"40\" maxlength=\"400\" class=\"wpcf7-form-control wpcf7-email wpcf7-validates-as-required wpcf7-text wpcf7-validates-as-email\" aria-required=\"true\" aria-invalid=\"false\" value=\"\" type=\"email\" name=\"your-email\" \/><\/span> <\/label>\n<\/p>\n<p><label> V\u00e1llalat (*)<br \/>\n<span class=\"wpcf7-form-control-wrap\" data-name=\"Company\"><input size=\"40\" maxlength=\"400\" class=\"wpcf7-form-control wpcf7-text wpcf7-validates-as-required\" aria-required=\"true\" aria-invalid=\"false\" value=\"\" type=\"text\" name=\"Company\" \/><\/span> <\/label>\n<\/p>\n<p><label> Az \u00d6n \u00fczenete vagy megjegyz\u00e9se<br \/>\n<span class=\"wpcf7-form-control-wrap\" data-name=\"your-message\"><textarea cols=\"40\" rows=\"10\" maxlength=\"2000\" class=\"wpcf7-form-control wpcf7-textarea\" aria-invalid=\"false\" name=\"your-message\"><\/textarea><\/span> <\/label>\n<\/p>\n<p><b>K\u00e9rj\u00fck, vegye figyelembe:<\/b> Ha igen <u>nem l\u00e1tom<\/u> az al\u00e1bbi \"K\u00fcld\u00e9s\" gomb megnyom\u00e1s\u00e1val <u>nem fogadj\u00e1k el<\/u> adatv\u00e9delmi szab\u00e1lyzatunk. Ez\u00e9rt nem gy\u0171jthetj\u00fck az \u00d6n adatait ebben a form\u00e1ban. Vagy \u00edrjon nek\u00fcnk a jobb oldali chatben, vagy t\u00f6r\u00f6lje a cookie-kat a b\u00f6ng\u00e9sz\u0151ben (Ctrl + Shift + Delete), \u00e9s az oldal \u00fajrat\u00f6lt\u00e9se ut\u00e1n fogadja el az adatv\u00e9delmi szab\u00e1lyzatot.\n<\/p><div class=\"wpcf7-response-output\" aria-hidden=\"true\"><\/div>\n<input type=\"hidden\" name=\"trp-form-language\" value=\"hu\"\/><\/form>\n<\/div>","protected":false},"excerpt":{"rendered":"<p>FREE Version The FREE Version of LeapLytics &#8211; Risk Heatmap is free to use with watermark and limited functionality. Watermark removed Individual Grid Size User Defined Color Scheme Color Inverter Border Settings Axis Settings Indicator Settings Text Settings Color Settings Navigations &amp; Actions Printable* You are already using the FREE version of this extension. PRO &hellip; <\/p>","protected":false},"author":1,"featured_media":0,"parent":0,"menu_order":0,"comment_status":"closed","ping_status":"closed","template":"","meta":{"footnotes":""},"class_list":["post-1342","page","type-page","status-publish","hentry","latest_post"],"_links":{"self":[{"href":"https:\/\/www.leaplytics.de\/hu\/wp-json\/wp\/v2\/pages\/1342","targetHints":{"allow":["GET"]}}],"collection":[{"href":"https:\/\/www.leaplytics.de\/hu\/wp-json\/wp\/v2\/pages"}],"about":[{"href":"https:\/\/www.leaplytics.de\/hu\/wp-json\/wp\/v2\/types\/page"}],"author":[{"embeddable":true,"href":"https:\/\/www.leaplytics.de\/hu\/wp-json\/wp\/v2\/users\/1"}],"replies":[{"embeddable":true,"href":"https:\/\/www.leaplytics.de\/hu\/wp-json\/wp\/v2\/comments?post=1342"}],"version-history":[{"count":0,"href":"https:\/\/www.leaplytics.de\/hu\/wp-json\/wp\/v2\/pages\/1342\/revisions"}],"wp:attachment":[{"href":"https:\/\/www.leaplytics.de\/hu\/wp-json\/wp\/v2\/media?parent=1342"}],"curies":[{"name":"wp","href":"https:\/\/api.w.org\/{rel}","templated":true}]}}