{"id":13482,"date":"2024-06-03T18:15:40","date_gmt":"2024-06-03T16:15:40","guid":{"rendered":"https:\/\/www.leaplytics.de\/?page_id=13482"},"modified":"2024-06-03T18:15:41","modified_gmt":"2024-06-03T16:15:41","slug":"kockazatkezelesi-eszkozok-top-10-amit-minden-projektvezetonek-ismernie-kell-2024-ben","status":"publish","type":"page","link":"https:\/\/www.leaplytics.de\/hu\/kockazatkezelesi-eszkozok-top-10-amit-minden-projektvezetonek-ismernie-kell-2024-ben\/","title":{"rendered":"Kock\u00e1zatkezel\u00e9si eszk\u00f6z\u00f6k - Top 10, amit minden projektvezet\u0151nek ismernie kell 2024-ben"},"content":{"rendered":"<p>A v\u00e1ratlan probl\u00e9m\u00e1k vagy kock\u00e1zatok gyakran m\u00e9g a legjobb projekttervekb\u0151l is kisiklanak. Ez\u00e9rt a hat\u00e9kony kock\u00e1zatkezel\u00e9s minden projektmenedzser sz\u00e1m\u00e1ra l\u00e9tfontoss\u00e1g\u00fa. A megfelel\u0151 eszk\u00f6z\u00f6kkel \u00e9s technik\u00e1kkal idejekor\u00e1n azonos\u00edthatja, \u00e9rt\u00e9kelheti \u00e9s m\u00e9rs\u00e9kelheti a kock\u00e1zatokat. \u00cdme a 10 legfontosabb kock\u00e1zatkezel\u00e9si eszk\u00f6z \u00e9s technika, amelyet minden projektmenedzsernek ismernie kell:<\/p>\n\n\n\n<div class=\"wp-block-columns is-layout-flex wp-container-core-columns-is-layout-1 wp-block-columns-is-layout-flex\">\n<div class=\"wp-block-column is-vertically-aligned-center is-layout-flow wp-block-column-is-layout-flow\" style=\"flex-basis:150px\"><div class=\"wp-block-image wp-duotone-rgb949494-ffffff-1\">\n<figure class=\"aligncenter size-full is-resized\"><img loading=\"lazy\" decoding=\"async\" width=\"640\" height=\"427\" src=\"https:\/\/www.leaplytics.de\/wp-content\/uploads\/2024\/05\/excel-logo-8033473_640.webp\" alt=\"\" class=\"wp-image-13483\" style=\"width:170px\" srcset=\"https:\/\/www.leaplytics.de\/wp-content\/uploads\/2024\/05\/excel-logo-8033473_640.webp 640w, https:\/\/www.leaplytics.de\/wp-content\/uploads\/2024\/05\/excel-logo-8033473_640-300x200.webp 300w, https:\/\/www.leaplytics.de\/wp-content\/uploads\/2024\/05\/excel-logo-8033473_640-90x60.webp 90w\" sizes=\"auto, (max-width: 640px) 100vw, 640px\" \/><\/figure><\/div><\/div>\n\n\n\n<div class=\"wp-block-column is-layout-flow wp-block-column-is-layout-flow\" style=\"flex-basis:66.66%\">\n<p><strong>Microsoft Excel<\/strong><\/p>\n\n\n\n<p>A Microsoft Excel a kock\u00e1zatkezel\u00e9s alapvet\u0151 eszk\u00f6ze. Felhaszn\u00e1l\u00f3bar\u00e1t \u00e9s sz\u00e9les k\u00f6rben hozz\u00e1f\u00e9rhet\u0151. Az Excel lehet\u0151v\u00e9 teszi a projektmenedzserek sz\u00e1m\u00e1ra, hogy r\u00e9szletes list\u00e1kat k\u00e9sz\u00edtsenek a potenci\u00e1lis kock\u00e1zatokr\u00f3l, \u00e9s nyomon k\u00f6vess\u00e9k azok \u00e1llapot\u00e1t a projekt teljes \u00e9letciklusa sor\u00e1n. Az Excel seg\u00edts\u00e9g\u00e9vel p\u00e9ld\u00e1ul felsorolhatja egy projekt \u00f6sszes lehets\u00e9ges kock\u00e1zat\u00e1t, \u00e9s felv\u00e1zolhatja az egyes kock\u00e1zatok kezel\u00e9s\u00e9re szolg\u00e1l\u00f3 strat\u00e9gi\u00e1kat. Az Excel akkor bontakoztatja ki val\u00f3di potenci\u00e1lj\u00e1t, ha m\u00e1s hat\u00e9kony eszk\u00f6z\u00f6kkel egy\u00fctt m\u0171k\u00f6dik.<\/p>\n<\/div>\n<\/div>\n\n\n\n<div class=\"wp-block-columns is-layout-flex wp-container-core-columns-is-layout-2 wp-block-columns-is-layout-flex\">\n<div class=\"wp-block-column is-vertically-aligned-center is-layout-flow wp-block-column-is-layout-flow\" style=\"flex-basis:150px\"><div class=\"wp-block-image wp-duotone-grayscale\">\n<figure class=\"aligncenter size-full is-resized\"><img loading=\"lazy\" decoding=\"async\" width=\"225\" height=\"300\" src=\"https:\/\/www.leaplytics.de\/wp-content\/uploads\/2024\/05\/power-bi-icon-logo-E1B451ED39-seeklogo.com_.png\" alt=\"\" class=\"wp-image-13484\" style=\"width:76px;height:auto\" srcset=\"https:\/\/www.leaplytics.de\/wp-content\/uploads\/2024\/05\/power-bi-icon-logo-E1B451ED39-seeklogo.com_.png 225w, https:\/\/www.leaplytics.de\/wp-content\/uploads\/2024\/05\/power-bi-icon-logo-E1B451ED39-seeklogo.com_-45x60.png 45w\" sizes=\"auto, (max-width: 225px) 100vw, 225px\" \/><\/figure><\/div><\/div>\n\n\n\n<div class=\"wp-block-column is-layout-flow wp-block-column-is-layout-flow\" style=\"flex-basis:66.66%\">\n<p><strong>Microsoft Power BI<\/strong><\/p>\n\n\n\n<p>A Power BI egy nagy teljes\u00edtm\u00e9ny\u0171 adatvizualiz\u00e1ci\u00f3s eszk\u00f6z, amely az \u00f6sszetett adatokat szeml\u00e9letes vizu\u00e1lis megjelen\u00edt\u00e9ss\u00e9 alak\u00edtja \u00e1t. Az Excel \u00e9s a Power BI t\u00f6k\u00e9letes p\u00e1ros\u00edt\u00e1s. Az Excel seg\u00edt az adatok t\u00e1rol\u00e1s\u00e1ban \u00e9s kezel\u00e9s\u00e9ben, a Power BI pedig interakt\u00edv jelent\u00e9si vizu\u00e1lis elemekkel t\u00e1mogatja. Az ilyen interakt\u00edv m\u0171szerfalak r\u00e1vil\u00e1g\u00edtanak a kock\u00e1zatokra \u00e9s a hat\u00e1sokra. K\u00e9pzelje el, hogy sz\u00ednes grafikonok seg\u00edts\u00e9g\u00e9vel mutatja be a leg\u00fajabb projektj\u00e9nek kock\u00e1zatait, \u00edgy mindenki sz\u00e1m\u00e1ra k\u00f6nnyebb\u00e9 v\u00e1lik a meg\u00e9rt\u00e9s \u00e9s a cselekv\u00e9s.<\/p>\n<\/div>\n<\/div>\n\n\n\n<div class=\"wp-block-columns is-layout-flex wp-container-core-columns-is-layout-3 wp-block-columns-is-layout-flex\">\n<div class=\"wp-block-column is-vertically-aligned-center is-layout-flow wp-block-column-is-layout-flow\" style=\"flex-basis:150px\"><div class=\"wp-block-image wp-duotone-858585-ffffff-2\">\n<figure class=\"aligncenter size-full is-resized\"><img loading=\"lazy\" decoding=\"async\" width=\"96\" height=\"96\" src=\"https:\/\/www.leaplytics.de\/wp-content\/uploads\/2024\/05\/Bild1.svg_.jpg\" alt=\"\" class=\"wp-image-13485\" style=\"width:120px\" srcset=\"https:\/\/www.leaplytics.de\/wp-content\/uploads\/2024\/05\/Bild1.svg_.jpg 96w, https:\/\/www.leaplytics.de\/wp-content\/uploads\/2024\/05\/Bild1.svg_-60x60.jpg 60w\" sizes=\"auto, (max-width: 96px) 100vw, 96px\" \/><\/figure><\/div><\/div>\n\n\n\n<div class=\"wp-block-column is-layout-flow wp-block-column-is-layout-flow\" style=\"flex-basis:66.66%\">\n<p><strong>Kock\u00e1zati nyilv\u00e1ntart\u00e1s<\/strong><\/p>\n\n\n\n<p>A kock\u00e1zati nyilv\u00e1ntart\u00e1s a kock\u00e1zatkezel\u00e9s alapvet\u0151 fontoss\u00e1g\u00fa dokumentuma. Seg\u00edt a projektvezet\u0151knek az \u00f6sszes azonos\u00edtott kock\u00e1zatot egy helyen tartani. K\u00e9pzelje el \u00fagy, mint egy \u00e1tfog\u00f3 jegyzetf\u00fczetet, amelyben minden lehets\u00e9ges probl\u00e9m\u00e1t \u00e9s a megfelel\u0151 enyh\u00edt\u00e9si strat\u00e9gi\u00e1kat dokument\u00e1lja. Ez biztos\u00edtja, hogy a kock\u00e1zatok ne maradjanak figyelmen k\u00edv\u00fcl, \u00e9s folyamatosan nyomon k\u00f6vethet\u0151k legyenek.<\/p>\n<\/div>\n<\/div>\n\n\n\n<div class=\"wp-block-columns is-layout-flex wp-container-core-columns-is-layout-4 wp-block-columns-is-layout-flex\">\n<div class=\"wp-block-column is-vertically-aligned-center is-layout-flow wp-block-column-is-layout-flow\" style=\"flex-basis:150px\"><div class=\"wp-block-image wp-duotone-unset-3\">\n<figure class=\"aligncenter size-full is-resized\"><img loading=\"lazy\" decoding=\"async\" width=\"1827\" height=\"1816\" src=\"https:\/\/www.leaplytics.de\/wp-content\/uploads\/2022\/06\/Axis-Settings.png\" alt=\"\" class=\"wp-image-8460\" style=\"width:110px\" srcset=\"https:\/\/www.leaplytics.de\/wp-content\/uploads\/2022\/06\/Axis-Settings.png 1827w, https:\/\/www.leaplytics.de\/wp-content\/uploads\/2022\/06\/Axis-Settings-300x298.png 300w, https:\/\/www.leaplytics.de\/wp-content\/uploads\/2022\/06\/Axis-Settings-1024x1018.png 1024w, https:\/\/www.leaplytics.de\/wp-content\/uploads\/2022\/06\/Axis-Settings-150x150.png 150w, https:\/\/www.leaplytics.de\/wp-content\/uploads\/2022\/06\/Axis-Settings-768x763.png 768w, https:\/\/www.leaplytics.de\/wp-content\/uploads\/2022\/06\/Axis-Settings-1536x1527.png 1536w, https:\/\/www.leaplytics.de\/wp-content\/uploads\/2022\/06\/Axis-Settings-60x60.png 60w\" sizes=\"auto, (max-width: 1827px) 100vw, 1827px\" \/><\/figure><\/div><\/div>\n\n\n\n<div class=\"wp-block-column is-layout-flow wp-block-column-is-layout-flow\" style=\"flex-basis:66.66%\">\n<p><strong>Kock\u00e1zati m\u00e1trix<\/strong><\/p>\n\n\n\n<p>A kock\u00e1zati m\u00e1trix egy olyan vizu\u00e1lis eszk\u00f6z, amely seg\u00edt a projektmenedzsereknek a kock\u00e1zatok rangsorol\u00e1s\u00e1ban azok val\u00f3sz\u00edn\u0171s\u00e9ge \u00e9s hat\u00e1sa alapj\u00e1n. A kock\u00e1zatok m\u00e1trixon val\u00f3 \u00e1br\u00e1zol\u00e1s\u00e1val gyorsan l\u00e1that\u00f3v\u00e1 v\u00e1lik, hogy melyek azok, amelyek azonnali figyelmet ig\u00e9nyelnek. A kock\u00e1zati m\u00e1trix csak egy azon vizu\u00e1lis eszk\u00f6z\u00f6k k\u00f6z\u00fcl, amelyeknek minden kock\u00e1zatkezel\u0151 Power BI m\u0171szerfal\u00e1nak r\u00e9sz\u00e9t kell k\u00e9pezni\u00fck.<\/p>\n<\/div>\n<\/div>\n\n\n\n<div class=\"wp-block-columns is-layout-flex wp-container-core-columns-is-layout-5 wp-block-columns-is-layout-flex\">\n<div class=\"wp-block-column is-vertically-aligned-center is-layout-flow wp-block-column-is-layout-flow\" style=\"flex-basis:150px\"><div class=\"wp-block-image wp-duotone-858585-ffffff-4\">\n<figure class=\"aligncenter size-full is-resized\"><img loading=\"lazy\" decoding=\"async\" width=\"500\" height=\"500\" src=\"https:\/\/www.leaplytics.de\/wp-content\/uploads\/2024\/05\/kisspng-computer-icons-normal-distribution-probability-dis-5adcdc96034e34.1804701715244238300136-removebg-preview.png\" alt=\"\" class=\"wp-image-13487\" style=\"width:110px\" srcset=\"https:\/\/www.leaplytics.de\/wp-content\/uploads\/2024\/05\/kisspng-computer-icons-normal-distribution-probability-dis-5adcdc96034e34.1804701715244238300136-removebg-preview.png 500w, https:\/\/www.leaplytics.de\/wp-content\/uploads\/2024\/05\/kisspng-computer-icons-normal-distribution-probability-dis-5adcdc96034e34.1804701715244238300136-removebg-preview-300x300.png 300w, https:\/\/www.leaplytics.de\/wp-content\/uploads\/2024\/05\/kisspng-computer-icons-normal-distribution-probability-dis-5adcdc96034e34.1804701715244238300136-removebg-preview-150x150.png 150w, https:\/\/www.leaplytics.de\/wp-content\/uploads\/2024\/05\/kisspng-computer-icons-normal-distribution-probability-dis-5adcdc96034e34.1804701715244238300136-removebg-preview-370x370.png 370w, https:\/\/www.leaplytics.de\/wp-content\/uploads\/2024\/05\/kisspng-computer-icons-normal-distribution-probability-dis-5adcdc96034e34.1804701715244238300136-removebg-preview-60x60.png 60w\" sizes=\"auto, (max-width: 500px) 100vw, 500px\" \/><\/figure><\/div><\/div>\n\n\n\n<div class=\"wp-block-column is-layout-flow wp-block-column-is-layout-flow\" style=\"flex-basis:66.66%\">\n<p><strong>Monte Carlo szimul\u00e1ci\u00f3<\/strong><\/p>\n\n\n\n<p>A Monte Carlo-szimul\u00e1ci\u00f3 egy fejlettebb eszk\u00f6z, amely statisztikai m\u00f3dszereket haszn\u00e1l a kock\u00e1zatok hat\u00e1s\u00e1nak el\u0151rejelz\u00e9s\u00e9re. Olyan, mintha sokszor dobn\u00e1nk kock\u00e1t, hogy l\u00e1ssuk a leggyakoribb kimeneteleket. Ez az eszk\u00f6z seg\u00edt el\u0151re l\u00e1tni a lehets\u00e9ges probl\u00e9m\u00e1kat, \u00e9s ennek megfelel\u0151en tervezni. A Monte Carlo-szimul\u00e1ci\u00f3 k\u00fcl\u00f6n\u00f6sen hasznos a t\u00f6bb v\u00e1ltoz\u00f3t tartalmaz\u00f3 \u00f6sszetett projektek eset\u00e9ben. A Microsoft Excel a legmegfelel\u0151bb eszk\u00f6z a Monte Carlo-szimul\u00e1ci\u00f3 v\u00e9grehajt\u00e1s\u00e1hoz.<\/p>\n<\/div>\n<\/div>\n\n\n\n<div class=\"wp-block-columns is-layout-flex wp-container-core-columns-is-layout-6 wp-block-columns-is-layout-flex\">\n<div class=\"wp-block-column is-vertically-aligned-center is-layout-flow wp-block-column-is-layout-flow\" style=\"flex-basis:150px\"><div class=\"wp-block-image wp-duotone-858585-ffffff-5\">\n<figure class=\"aligncenter size-full is-resized\"><img loading=\"lazy\" decoding=\"async\" width=\"256\" height=\"256\" src=\"https:\/\/www.leaplytics.de\/wp-content\/uploads\/2024\/05\/pedigree-1-337562-removebg-preview.png\" alt=\"\" class=\"wp-image-13495\" style=\"width:110px\" srcset=\"https:\/\/www.leaplytics.de\/wp-content\/uploads\/2024\/05\/pedigree-1-337562-removebg-preview.png 256w, https:\/\/www.leaplytics.de\/wp-content\/uploads\/2024\/05\/pedigree-1-337562-removebg-preview-150x150.png 150w, https:\/\/www.leaplytics.de\/wp-content\/uploads\/2024\/05\/pedigree-1-337562-removebg-preview-60x60.png 60w\" sizes=\"auto, (max-width: 256px) 100vw, 256px\" \/><\/figure><\/div><\/div>\n\n\n\n<div class=\"wp-block-column is-layout-flow wp-block-column-is-layout-flow\" style=\"flex-basis:66.66%\">\n<p><strong>PERT (program\u00e9rt\u00e9kel\u00e9si fel\u00fclvizsg\u00e1lati technika)<\/strong><\/p>\n\n\n\n<p>A PERT egy olyan technika, amely seg\u00edt a projektmenedzsereknek meg\u00e9rteni, hogy az id\u0151 \u00e9s a kock\u00e1zatok hogyan befoly\u00e1solhatj\u00e1k a projekt \u00fctemez\u00e9s\u00e9t. A projekt \u00f6sszes l\u00e9p\u00e9s\u00e9nek \u00e9s feladat\u00e1nak felt\u00e9rk\u00e9pez\u00e9s\u00e9vel \u00e9s a lehets\u00e9ges k\u00e9sedelmek elemz\u00e9s\u00e9vel a PERT vil\u00e1gosabb k\u00e9pet ad a projekt \u00fctemez\u00e9s\u00e9r\u0151l. P\u00e9ld\u00e1ul a projektkock\u00e1zatok \u00e9s az egyes feladatok id\u0151tartam\u00e1ra gyakorolt hat\u00e1suk elemz\u00e9se seg\u00edthet a projekt k\u00e9sedelm\u00e9nek minimaliz\u00e1l\u00e1s\u00e1ban.<\/p>\n<\/div>\n<\/div>\n\n\n\n<div class=\"wp-block-columns is-layout-flex wp-container-core-columns-is-layout-7 wp-block-columns-is-layout-flex\">\n<div class=\"wp-block-column is-vertically-aligned-center is-layout-flow wp-block-column-is-layout-flow\" style=\"flex-basis:150px\"><div class=\"wp-block-image wp-duotone-858585-ffffff-6\">\n<figure class=\"aligncenter size-full is-resized\"><img loading=\"lazy\" decoding=\"async\" width=\"512\" height=\"512\" src=\"https:\/\/www.leaplytics.de\/wp-content\/uploads\/2024\/05\/4940750.png\" alt=\"\" class=\"wp-image-13489\" style=\"width:110px\" srcset=\"https:\/\/www.leaplytics.de\/wp-content\/uploads\/2024\/05\/4940750.png 512w, https:\/\/www.leaplytics.de\/wp-content\/uploads\/2024\/05\/4940750-300x300.png 300w, https:\/\/www.leaplytics.de\/wp-content\/uploads\/2024\/05\/4940750-150x150.png 150w, https:\/\/www.leaplytics.de\/wp-content\/uploads\/2024\/05\/4940750-370x370.png 370w, https:\/\/www.leaplytics.de\/wp-content\/uploads\/2024\/05\/4940750-60x60.png 60w\" sizes=\"auto, (max-width: 512px) 100vw, 512px\" \/><\/figure><\/div><\/div>\n\n\n\n<div class=\"wp-block-column is-layout-flow wp-block-column-is-layout-flow\" style=\"flex-basis:66.66%\">\n<p><strong>SWOT-elemz\u00e9s<\/strong><\/p>\n\n\n\n<p>A SWOT-elemz\u00e9s egy strat\u00e9giai tervez\u00e9si eszk\u00f6z, amely az er\u0151ss\u00e9geket, gyenges\u00e9geket, lehet\u0151s\u00e9geket \u00e9s vesz\u00e9lyeket vizsg\u00e1lja. Ez a holisztikus szeml\u00e9let seg\u00edt a projektvezet\u0151knek meg\u00e9rteni mind a bels\u0151, mind a k\u00fcls\u0151 t\u00e9nyez\u0151ket, amelyek hat\u00e1ssal lehetnek a projektre. Olyan ez, mintha az \u00fczleti k\u00f6rnyezet\u00e9t vizsg\u00e1ln\u00e1, hogy jobb d\u00f6nt\u00e9seket hozhasson.<\/p>\n<\/div>\n<\/div>\n\n\n\n<div class=\"wp-block-columns is-layout-flex wp-container-core-columns-is-layout-8 wp-block-columns-is-layout-flex\">\n<div class=\"wp-block-column is-vertically-aligned-center is-layout-flow wp-block-column-is-layout-flow\" style=\"flex-basis:150px\"><div class=\"wp-block-image wp-duotone-858585-ffffff-7\">\n<figure class=\"aligncenter size-full is-resized\"><img loading=\"lazy\" decoding=\"async\" width=\"512\" height=\"512\" src=\"https:\/\/www.leaplytics.de\/wp-content\/uploads\/2024\/05\/bow_tie_icon_126607.png\" alt=\"\" class=\"wp-image-13490\" style=\"width:110px\" srcset=\"https:\/\/www.leaplytics.de\/wp-content\/uploads\/2024\/05\/bow_tie_icon_126607.png 512w, https:\/\/www.leaplytics.de\/wp-content\/uploads\/2024\/05\/bow_tie_icon_126607-300x300.png 300w, https:\/\/www.leaplytics.de\/wp-content\/uploads\/2024\/05\/bow_tie_icon_126607-150x150.png 150w, https:\/\/www.leaplytics.de\/wp-content\/uploads\/2024\/05\/bow_tie_icon_126607-370x370.png 370w, https:\/\/www.leaplytics.de\/wp-content\/uploads\/2024\/05\/bow_tie_icon_126607-60x60.png 60w\" sizes=\"auto, (max-width: 512px) 100vw, 512px\" \/><\/figure><\/div><\/div>\n\n\n\n<div class=\"wp-block-column is-layout-flow wp-block-column-is-layout-flow\" style=\"flex-basis:66.66%\">\n<p><strong>Bowtie diagram<\/strong><\/p>\n\n\n\n<p>A Bowtie-diagram egy olyan vizu\u00e1lis eszk\u00f6z, amely megmutatja, hogyan t\u00f6rt\u00e9nnek a kock\u00e1zatok \u00e9s azok hat\u00e1sai. Seg\u00edt meg\u00e9rteni a kock\u00e1zatok okait \u00e9s a megel\u0151z\u00e9s\u00fck m\u00f3dj\u00e1t. A Bowtie diagram be\u00e9p\u00edt\u00e9se a Power BI m\u0171szerfal\u00e1ba seg\u00edt meg\u00e9rteni a kock\u00e1zati portf\u00f3li\u00f3 m\u00f6g\u00f6ttes er\u0151it.<\/p>\n<\/div>\n<\/div>\n\n\n\n<div class=\"wp-block-columns is-layout-flex wp-container-core-columns-is-layout-9 wp-block-columns-is-layout-flex\">\n<div class=\"wp-block-column is-vertically-aligned-center is-layout-flow wp-block-column-is-layout-flow\" style=\"flex-basis:150px\"><div class=\"wp-block-image wp-duotone-858585-ffffff-8\">\n<figure class=\"aligncenter size-full is-resized\"><img loading=\"lazy\" decoding=\"async\" width=\"200\" height=\"200\" src=\"https:\/\/www.leaplytics.de\/wp-content\/uploads\/2024\/05\/3732359-200.png\" alt=\"\" class=\"wp-image-13491\" style=\"width:110px\" srcset=\"https:\/\/www.leaplytics.de\/wp-content\/uploads\/2024\/05\/3732359-200.png 200w, https:\/\/www.leaplytics.de\/wp-content\/uploads\/2024\/05\/3732359-200-150x150.png 150w, https:\/\/www.leaplytics.de\/wp-content\/uploads\/2024\/05\/3732359-200-60x60.png 60w\" sizes=\"auto, (max-width: 200px) 100vw, 200px\" \/><\/figure><\/div><\/div>\n\n\n\n<div class=\"wp-block-column is-layout-flow wp-block-column-is-layout-flow\" style=\"flex-basis:66.66%\">\n<p><strong>Kock\u00e1zati bont\u00e1si strukt\u00fara (RBS)<\/strong><\/p>\n\n\n\n<p>Az RBS egy hierarchikus keretrendszer, amely a kock\u00e1zatokat k\u00fcl\u00f6nb\u00f6z\u0151 csoportokba sorolja. Ez a szervez\u00e9si eszk\u00f6z seg\u00edt a projektvezet\u0151knek a kock\u00e1zatok szisztematikus azonos\u00edt\u00e1s\u00e1ban \u00e9s kezel\u00e9s\u00e9ben. Kategoriz\u00e1lhatja p\u00e9ld\u00e1ul a kock\u00e1zatokat a forr\u00e1suk vagy a hat\u00e1ster\u00fclet\u00fck alapj\u00e1n.<\/p>\n<\/div>\n<\/div>\n\n\n\n<div class=\"wp-block-columns is-layout-flex wp-container-core-columns-is-layout-10 wp-block-columns-is-layout-flex\">\n<div class=\"wp-block-column is-vertically-aligned-center is-layout-flow wp-block-column-is-layout-flow\" style=\"flex-basis:150px\"><div class=\"wp-block-image wp-duotone-858585-ffffff-9\">\n<figure class=\"aligncenter size-full is-resized\"><img loading=\"lazy\" decoding=\"async\" width=\"513\" height=\"486\" src=\"https:\/\/www.leaplytics.de\/wp-content\/uploads\/2024\/05\/6272532-middle-removebg-preview.png\" alt=\"\" class=\"wp-image-13493\" style=\"width:110px\" srcset=\"https:\/\/www.leaplytics.de\/wp-content\/uploads\/2024\/05\/6272532-middle-removebg-preview.png 513w, https:\/\/www.leaplytics.de\/wp-content\/uploads\/2024\/05\/6272532-middle-removebg-preview-300x284.png 300w, https:\/\/www.leaplytics.de\/wp-content\/uploads\/2024\/05\/6272532-middle-removebg-preview-63x60.png 63w\" sizes=\"auto, (max-width: 513px) 100vw, 513px\" \/><\/figure><\/div><\/div>\n\n\n\n<div class=\"wp-block-column is-layout-flow wp-block-column-is-layout-flow\" style=\"flex-basis:66.66%\">\n<p><strong>Forgat\u00f3k\u00f6nyv-elemz\u00e9s<\/strong><\/p>\n\n\n\n<p>A forgat\u00f3k\u00f6nyv-elemz\u00e9s seg\u00edt a projektmenedzsereknek a k\u00fcl\u00f6nb\u00f6z\u0151 lehets\u00e9ges helyzetekre val\u00f3 tervez\u00e9sben. A k\u00fcl\u00f6nb\u00f6z\u0151 forgat\u00f3k\u00f6nyvek \u00e1tgondol\u00e1s\u00e1val strat\u00e9gi\u00e1kat dolgozhat ki azok kezel\u00e9s\u00e9re. A forgat\u00f3k\u00f6nyvekben val\u00f3 tervez\u00e9s nemcsak az \u00e1tlagos kimenetelre, hanem a sz\u00e9ls\u0151s\u00e9ges k\u00f6vetkezm\u00e9nyekre is felh\u00edvja a figyelmet.<\/p>\n<\/div>\n<\/div>\n\n\n\n<h3 class=\"wp-block-heading has-medium-font-size\">A legfontosabb tanuls\u00e1gok<\/h3>\n\n\n\n<p>Ez a 10 leghat\u00e9konyabb eszk\u00f6z seg\u00edt a projektmenedzsereknek abban, hogy jobban l\u00e1ss\u00e1k \u00e9s kezelj\u00e9k a kock\u00e1zatokat. Biztos\u00edtj\u00e1k a projektek z\u00f6kken\u0151mentes lebonyol\u00edt\u00e1s\u00e1t \u00e9s j\u00f3 befejez\u00e9s\u00e9t. Ezen eszk\u00f6z\u00f6k haszn\u00e1lat\u00e1val kor\u00e1n \u00e9szreveheti a probl\u00e9m\u00e1kat, \u00e9s kijav\u00edthatja \u0151ket, miel\u0151tt azok nagyot n\u0151n\u00e9nek. \u00cdgy a projektjei a tervezett \u00fctemben maradnak.<\/p>","protected":false},"excerpt":{"rendered":"<p>Unexpected problems, or risks, can often derail even the best-laid project plans. This is why effective risk management is crucial for every project manager. With the right tools and techniques, you can identify, assess, and mitigate risks early. Here are the top 10 risk management tools and techniques every project manager should know about: Microsoft &hellip; <\/p>","protected":false},"author":55,"featured_media":0,"parent":0,"menu_order":0,"comment_status":"closed","ping_status":"closed","template":"","meta":{"footnotes":""},"class_list":["post-13482","page","type-page","status-publish","hentry","latest_post"],"_links":{"self":[{"href":"https:\/\/www.leaplytics.de\/hu\/wp-json\/wp\/v2\/pages\/13482","targetHints":{"allow":["GET"]}}],"collection":[{"href":"https:\/\/www.leaplytics.de\/hu\/wp-json\/wp\/v2\/pages"}],"about":[{"href":"https:\/\/www.leaplytics.de\/hu\/wp-json\/wp\/v2\/types\/page"}],"author":[{"embeddable":true,"href":"https:\/\/www.leaplytics.de\/hu\/wp-json\/wp\/v2\/users\/55"}],"replies":[{"embeddable":true,"href":"https:\/\/www.leaplytics.de\/hu\/wp-json\/wp\/v2\/comments?post=13482"}],"version-history":[{"count":4,"href":"https:\/\/www.leaplytics.de\/hu\/wp-json\/wp\/v2\/pages\/13482\/revisions"}],"predecessor-version":[{"id":13499,"href":"https:\/\/www.leaplytics.de\/hu\/wp-json\/wp\/v2\/pages\/13482\/revisions\/13499"}],"wp:attachment":[{"href":"https:\/\/www.leaplytics.de\/hu\/wp-json\/wp\/v2\/media?parent=13482"}],"curies":[{"name":"wp","href":"https:\/\/api.w.org\/{rel}","templated":true}]}}