{"id":13717,"date":"2025-05-12T15:34:59","date_gmt":"2025-05-12T13:34:59","guid":{"rendered":"https:\/\/www.leaplytics.de\/?page_id=13717"},"modified":"2025-05-12T15:35:01","modified_gmt":"2025-05-12T13:35:01","slug":"ajanlasok","status":"publish","type":"page","link":"https:\/\/www.leaplytics.de\/hu\/ajanlasok\/","title":{"rendered":"Aj\u00e1nl\u00e1sok"},"content":{"rendered":"<p><em>&#8220;<strong>M\u00e1r t\u00f6bb mint egy \u00e9ve haszn\u00e1ljuk a LeapLytics Risk Matrix \/ Heatmap vizu\u00e1lis elemeit a Power BI-ben.<\/strong><br>Csapatunk sz\u00e1m\u00e1ra n\u00e9lk\u00fcl\u00f6zhetetlen eszk\u00f6zz\u00e9 v\u00e1lt. Intuit\u00edv fel\u00e9p\u00edt\u00e9se \u00e9s testreszabhat\u00f3 funkci\u00f3i lehet\u0151v\u00e9 teszik sz\u00e1munkra a kock\u00e1zatok hat\u00e9kony megjelen\u00edt\u00e9s\u00e9t \u00e9s rangsorol\u00e1s\u00e1t, \u00edgy a legkritikusabb ter\u00fcletekre \u00f6sszpontos\u00edthatunk. Az a k\u00e9pess\u00e9g, hogy a m\u00e1trixot saj\u00e1tos ig\u00e9nyeinkhez igaz\u00edthatjuk, jelent\u0151sen jav\u00edtotta kock\u00e1zat\u00e9rt\u00e9kel\u00e9si folyamatainkat. Kifejezetten aj\u00e1nlom ezt a b\u0151v\u00edtm\u00e9nyt minden olyan csapatnak, amely a Power BI-n bel\u00fcl szeretn\u00e9 fejleszteni kock\u00e1zatkezel\u00e9si k\u00e9pess\u00e9geit.\"<\/em> (N\u00e9vtelen\u00fcl)<\/p>\n\n\n\n<p><em>&#8220;<strong>Game Changer<\/strong> - Ez az alkalmaz\u00e1s t\u00f6bb sz\u00e1z fejleszt\u00e9si \u00f3r\u00e1t, hibaelh\u00e1r\u00edt\u00e1si \u00f3r\u00e1t \u00e9s minden egy\u00e9b fejf\u00e1j\u00e1st megsp\u00f3rolt, ami egy alkalmaz\u00e1s alapb\u00f3l t\u00f6rt\u00e9n\u0151 fel\u00e9p\u00edt\u00e9s\u00e9vel j\u00e1r. Ezt az alkalmaz\u00e1st szuper k\u00f6nny\u0171 volt csatlakoztatni egy \u00e1ltalunk \u00e9p\u00edtett alkalmaz\u00e1shoz, \u00e9s vizu\u00e1lisan is tetszet\u0151s \u00e9s k\u00f6nnyen haszn\u00e1lhat\u00f3. Nagyon aj\u00e1nlom mindenkinek, aki szeretne megsp\u00f3rolni fejleszt\u00e9si \u00f3r\u00e1kat \u00e9s id\u0151t, hogy valami olyat kapjon, ami m\u00e1r harcban tesztelt!\"<\/em> (N\u00e9vtelen\u00fcl)<\/p>\n\n\n\n<p><em>\"A Power BI platformban tal\u00e1lhat\u00f3 kock\u00e1zati m\u00e1trix l\u00e1tv\u00e1nyterv\u00e9t a Power BI <strong>strat\u00e9giai eszk\u00f6z<\/strong> a kritikus karbantart\u00e1si tev\u00e9kenys\u00e9gek kezel\u00e9s\u00e9hez, gyors \u00e9s hat\u00e9kony megjelen\u00edt\u00e9st biztos\u00edtva az egyes eszk\u00f6z\u00f6kh\u00f6z kapcsol\u00f3d\u00f3 kock\u00e1zatokr\u00f3l. A m\u00e1trix vizu\u00e1lisan felt\u00e9rk\u00e9pezi az eszk\u00f6z kritikuss\u00e1g\u00e1t annak hat\u00e1sszintje \u00e9s meghib\u00e1sod\u00e1si val\u00f3sz\u00edn\u0171s\u00e9ge alapj\u00e1n, k\u00f6zvetlen\u00fcl t\u00e1mogatva a jav\u00edt\u00f3 \u00e9s megel\u0151z\u0151 int\u00e9zked\u00e9sek rangsorol\u00e1s\u00e1t. <br>Ez a funkci\u00f3 seg\u00edt azonos\u00edtani a legnagyobb \u00fczemeltet\u00e9si jelent\u0151s\u00e9g\u0171 karbantart\u00e1si t\u00e9teleket, hozz\u00e1j\u00e1rulva az er\u0151forr\u00e1sok, a csapatok \u00e9s a hat\u00e1rid\u0151k hat\u00e1rozottabb kezel\u00e9s\u00e9hez, k\u00fcl\u00f6n\u00f6sen olyan \u00f6sszetett forgat\u00f3k\u00f6nyvek eset\u00e9n, mint a le\u00e1ll\u00e1sok vagy a v\u00e9szhelyzeti beavatkoz\u00e1sok. Emellett az interakt\u00edv \u00e9s testreszabhat\u00f3 fel\u00fclet lehet\u0151v\u00e9 teszi a val\u00f3s idej\u0171 friss\u00edt\u00e9seket \u00e9s szimul\u00e1ci\u00f3kat, \u00edgy a d\u00f6nt\u00e9shozatali folyamat gyorsabb\u00e1 \u00e9s adatvez\u00e9reltebb\u00e9 v\u00e1lik.<br>Ennek a vizu\u00e1lis eszk\u00f6znek a haszn\u00e1lata er\u0151s\u00edti a kock\u00e1zatalap\u00fa karbantart\u00e1s ir\u00e1ny\u00edt\u00e1s\u00e1t is, \u00f6sszehangolva a m\u0171szaki er\u0151fesz\u00edt\u00e9seket a szervezet strat\u00e9giai c\u00e9ljaival az eszk\u00f6z\u00f6k megb\u00edzhat\u00f3s\u00e1ga \u00e9s rendelkez\u00e9sre \u00e1ll\u00e1sa tekintet\u00e9ben.\"<\/em> (CENIBRA)<\/p>\n\n\n\n<p><em>&#8220;<strong>Fantasztikus vizu\u00e1lis<\/strong> - T\u00f6bb jelent\u00e9shez is kipr\u00f3b\u00e1ltam ezt a vizu\u00e1lis eszk\u00f6zt, \u00e9s annyira egyszer\u0171 haszn\u00e1lni, m\u00e9gis olyan er\u0151s. A kock\u00e1zatok vizu\u00e1lis \u00e1br\u00e1zol\u00e1sa ebben a m\u00e1trixban sz\u00e1mtalan \u00f3r\u00e1t takar\u00edtott meg sz\u00e1momra, mivel a figyelmemet azokra a szakaszokra ir\u00e1ny\u00edthatom, amelyeket nagy hat\u00e1s\u00fanak jel\u00f6ltek meg. A Leaplytics e-mailben is nagyon gyorsan reag\u00e1l. Nagyon aj\u00e1nlom ezt a Leaplytics \u00e1ltal k\u00e9sz\u00edtett plug-in-t.\"<\/em> (N\u00e9vtelen\u00fcl)<\/p>\n\n\n\n<p><em>&#8220;<strong>R\u00e9gebben szerettem a h\u0151t\u00e9rk\u00e9peket, most m\u00e1r szeretem \u0151ket.<\/strong> - Gyakran voltak probl\u00e9m\u00e1im, amikor megpr\u00f3b\u00e1ltam h\u0151t\u00e9rk\u00e9pet k\u00e9sz\u00edteni. Ennek er\u0151s a t\u00f6rt\u00e9netmes\u00e9l\u0151 ereje, \u00e9s nagyon k\u00f6nny\u0171 haszn\u00e1lni.\"<\/em> (Raphael de Taranto)<\/p>\n\n\n\n<p><em>&#8220;<strong>Kiv\u00e1l\u00f3 alkalmaz\u00e1s<\/strong> - Ez egy k\u00f6telez\u0151 alkalmaz\u00e1s, ha kock\u00e1zatokkal dolgozik. K\u00f6nnyen be\u00e1ll\u00edthat\u00f3 \u00e9s nagym\u00e9rt\u00e9kben konfigur\u00e1lhat\u00f3 az \u00d6n ig\u00e9nyeinek megfelel\u0151en.\"<\/em> (Roy Varghese)<\/p>\n\n\n\n<p><em>&#8220;<strong>Nagyszer\u0171 m\u0171szerfal a kock\u00e1zatjelent\u00e9shez<\/strong> - A m\u0171szerfal kiv\u00e1l\u00f3an szeml\u00e9lteti a kock\u00e1zatokat, \u00e9s sz\u00e1mos v\u00e1llalati kock\u00e1zatjelent\u00e9si m\u0171szerfalba be\u00e9p\u00edtett\u00fck. A LeapLytics folyamatosan fejleszti a m\u0171szerfal funkci\u00f3it, bele\u00e9rtve a pontpontok sz\u00ednk\u00f3dol\u00e1s\u00e1nak lehet\u0151s\u00e9g\u00e9t. Kifejezetten aj\u00e1nljuk ezt a kock\u00e1zati h\u0151t\u00e9rk\u00e9p alkalmaz\u00e1s b\u0151v\u00edtm\u00e9nyt a Power BI m\u0171szerfalak jav\u00edt\u00e1s\u00e1ra. A k\u00e9rd\u00e9sekre val\u00f3 reag\u00e1l\u00e1s \u00e9s a t\u00e1mogat\u00e1s szint\u00e9n egy plusz.\"<\/em> (Becky Sterrett)<\/p>\n\n\n\n<p><em>&#8220;<strong>Nagyszer\u0171 kock\u00e1zati h\u0151t\u00e9rk\u00e9p<\/strong> - A kock\u00e1zati h\u0151t\u00e9rk\u00e9p eszk\u00f6z nagyon hasznosnak bizonyult a v\u00e1llalati kock\u00e1zatok \u00e9s kock\u00e1zati szintek kommunik\u00e1l\u00e1s\u00e1ban az \u00e9rdekeltek fel\u00e9. K\u00f6nnyen haszn\u00e1lhat\u00f3 \u00e9s j\u00f3 vizu\u00e1lis megjelen\u00edt\u00e9s.\"<\/em> (N\u00e9vtelen\u00fcl)<\/p>\n\n\n\n<p class=\"has-text-align-left\"><em>&#8220;<strong>Ez az eszk\u00f6z felhaszn\u00e1l\u00f3bar\u00e1t<\/strong> \u00e9s hat\u00e9konyan mutatja be a kock\u00e1zati pontsz\u00e1mokat vil\u00e1gos, k\u00f6nnyen \u00e9rthet\u0151 form\u00e1tumban.\"<\/em> (Scott Nicol)<\/p>\n\n\n\n<p><em>&#8220;<strong>Nagyszer\u0171 eszk\u00f6z<\/strong> - Ez az eszk\u00f6z nagyban hozz\u00e1j\u00e1rult a kock\u00e1zati pontoz\u00e1si folyamatunk egyszer\u0171s\u00edt\u00e9s\u00e9re ir\u00e1nyul\u00f3 folyamatos er\u0151fesz\u00edt\u00e9seinkhez. Nagyszer\u0171 vizu\u00e1lis lehet\u0151s\u00e9get biztos\u00edt a kock\u00e1zati profil gyors \u00e9rt\u00e9kel\u00e9s\u00e9hez.\"<\/em> (N\u00e9vtelen\u00fcl)<\/p>\n\n\n\n<p><em>&#8220;<strong>Kock\u00e1zati m\u00e1trix<\/strong> - Nagyon \u00f6r\u00fcltem, hogy megtal\u00e1ltam ezt az eszk\u00f6zt, \u00e9s annak, ahogyan a kock\u00e1zatkezel\u00e9s \/ jelent\u00e9st\u00e9tel szempontj\u00e1b\u00f3l m\u0171k\u00f6d\u00f6tt - remek m\u00f3dja annak, hogy a kock\u00e1zati nyilv\u00e1ntart\u00e1sokat a kulcsfontoss\u00e1g\u00fa \/ kiemelt kock\u00e1zatokra \u00f6sszpontos\u00edtva vizualiz\u00e1ljuk \u00e9s \u00e1tn\u00e9zz\u00fck. A csapattal is fantasztikus volt a kapcsolattart\u00e1s, t\u00e1mogat\u00e1st ny\u00fajtottak, \u00e9s egy\u00fcttm\u0171k\u00f6dtek velem a haszn\u00e1lat \u00e9s a fejleszt\u00e9s m\u00f3dj\u00e1r\u00f3l.\"<\/em> (N\u00e9vtelen\u00fcl)<\/p>\n\n\n\n<p><em>&#8220;<strong>Pontosan \u00fagy m\u0171k\u00f6dik, ahogyan azt v\u00e1rt\u00e1k \u00e9s hirdett\u00e9k.<\/strong> - K\u00f6zel 9 h\u00f3nappal ezel\u0151tt v\u00e1s\u00e1roltam licencet erre az alkalmaz\u00e1sra, t\u00f6bb jelent\u00e9sben telep\u00edtettem, amelyet t\u00f6bb sz\u00e1z ember haszn\u00e1l vil\u00e1gszerte, \u00e9s csak pozit\u00edv visszajelz\u00e9seket kaptam a felhaszn\u00e1l\u00f3kt\u00f3l.\"<\/em> (Small, Roy)<\/p>\n\n\n\n<p><em>&#8220;<strong>Egy nagyszer\u0171 eszk\u00f6z a kock\u00e1zati m\u00e1trix el\u0151zm\u00e9nyeinek megtekint\u00e9s\u00e9hez<\/strong> - Az egyik legjobb speci\u00e1lis eszk\u00f6z a kock\u00e1zati m\u00e1trix nyilv\u00e1ntart\u00e1s kezel\u00e9s\u00e9re \u00e9s professzion\u00e1lis megjelen\u00edt\u00e9s\u00e9re Ezt az eszk\u00f6zt terveztem \u00e9s bemutattam a vezet\u0151s\u00e9gnek 1- Nagyszer\u0171 design 2- Rugalmass\u00e1g 3- K\u00f6nny\u0171 haszn\u00e1lat 4- Aj\u00e1nlom, hogy kihaszn\u00e1lja az el\u0151nyeit Tulajdonk\u00e9ppen ezt kerestem K\u00f6sz\u00f6n\u00f6m, Stefan Preusler K\u00f6sz\u00f6n\u00f6m, LeapLytics GmbH csapat\"<\/em> (\u0645\u062d\u064a\u064a \u0627\u0644\u062f\u064a\u0646)<\/p>\n\n\n\n<p><em>&#8220;<strong>Abszol\u00fat meg\u00e9ri<\/strong> - Mindazt, amit egy kock\u00e1zati m\u00e1trixszal el akartunk \u00e9rni, ezzel a vizualiz\u00e1ci\u00f3val meg tudtuk val\u00f3s\u00edtani. Abszol\u00fat meg\u00e9rte.\"<\/em> (N\u00e9vtelen\u00fcl)<\/p>\n\n\n\n<p><em>&#8220;<strong>Nagyszer\u0171 megold\u00e1s az auditorok sz\u00e1m\u00e1ra!<\/strong> - A vizu\u00e1lis objektum t\u00f6k\u00e9letesen megfelel a k\u00f6nyvvizsg\u00e1l\u00f3knak sz\u00e1nt kock\u00e1zati m\u00e1trix k\u00f6vetelm\u00e9nyeinek \u00e9s k\u00f6vetelm\u00e9nyeinek\" (David L\u00f3pez Morales).<\/em><\/p>\n\n\n\n<p><em>&#8220;<strong>J\u00f3 vizu\u00e1lis<\/strong> a kock\u00e1zati besz\u00e9lget\u00e9sek t\u00e1mogat\u00e1s\u00e1ra.\"<\/em> (Elleke Bosworth)<\/p>\n\n\n\n<p><em>&#8220;<strong>Nagyszer\u0171 l\u00e1tv\u00e1ny<\/strong> - Egy m\u0171k\u00f6d\u0151 megold\u00e1st kerestem a kock\u00e1zataim vizualiz\u00e1l\u00e1s\u00e1ra. Ez a l\u00e1tv\u00e1nyterv nagyszer\u0171en m\u0171k\u00f6dik sz\u00e1momra, \u00e9s n\u00e9h\u00e1ny percen bel\u00fcl k\u00e9szen \u00e1ll. Az interaktivit\u00e1s j\u00f3l m\u0171k\u00f6dik, \u00e9s olyan \u00e9rz\u00e9s, mintha \"az igazi\" lenne.\"<\/em> (N\u00e9vtelen\u00fcl)<\/p>\n\n\n\n<p><em>&#8220;<strong>Nagyszer\u0171 kock\u00e1zati vizu\u00e1lis eszk\u00f6z<\/strong> - F\u00e9lelmetes eszk\u00f6z a kock\u00e1zati h\u0151t\u00e9rk\u00e9p megjelen\u00edt\u00e9s\u00e9hez, nagyon hat\u00e9kony \u00e9s k\u00f6nnyen hozz\u00e1f\u00e9rhet\u0151\"<\/em> (N\u00e9vtelen\u00fcl)<\/p>\n\n\n\n<p><em>&#8220;<strong>A Risk Mgmt sz\u00e1m\u00e1ra elengedhetetlen eszk\u00f6z<\/strong> - Ez az eszk\u00f6z felhaszn\u00e1l\u00f3bar\u00e1t, \u00e9s hat\u00e9konyan mutatja be a kock\u00e1zati pontsz\u00e1mokat vil\u00e1gos, k\u00f6nnyen \u00e9rthet\u0151 form\u00e1ban.\"<\/em> (N\u00e9vtelen\u00fcl)<\/p>\n\n\n\n<p><em>&#8220;<strong>Nagyon hasznos kock\u00e1zatkezel\u00e9si eszk\u00f6z<\/strong> - Nagyon hasznosnak tal\u00e1lom a kock\u00e1zati h\u0151t\u00e9rk\u00e9pet a kock\u00e1zatkezel\u00e9si folyamatunkban. Seg\u00edt a kock\u00e1zatot k\u00f6nnyen \u00e9s \u00e9rthet\u0151en megjelen\u00edteni mind az igazgat\u00f3tan\u00e1cs, mind a v\u00e1llalat t\u00f6bbi tagja sz\u00e1m\u00e1ra. Emellett k\u00f6nny\u0171 haszn\u00e1lni, \u00e9s gyorsan bele lehet j\u00f6nni a be\u00e1ll\u00edt\u00e1sok m\u0171k\u00f6d\u00e9s\u00e9be.\"<\/em> (N\u00e9vtelen\u00fcl)<\/p>\n\n\n\n<p><em>&#8220;<strong>Nagyszer\u0171 kis kieg\u00e9sz\u00edt\u0151!<\/strong> - Az elm\u00falt \u00e9vben a LeapLytics h\u0151t\u00e9rk\u00e9pet haszn\u00e1ltuk. K\u00f6nnyen haszn\u00e1lhat\u00f3, j\u00f3 \u00e1r-\u00e9rt\u00e9k ar\u00e1ny\u00fa, \u00e9s a vizu\u00e1lis megjelen\u00edt\u00e9s remek\u00fcl mutat a kock\u00e1zati m\u0171szerfalon.\"<\/em> (N\u00e9vtelen\u00fcl)<\/p>\n\n\n\n<p><em>&#8220;<strong>T\u00f6k\u00e9letes<\/strong> - Es muy buena, vers\u00e1til y pr\u00e1ctica.\"<\/em> (Cynthia Mercedes Anaya Manrique)<\/p>\n\n\n\n<p><em>&#8220;<strong>Nagyszer\u0171 vizu\u00e1lis \u00e9s v\u00e1lasz<\/strong> - Megadja nek\u00fcnk a sz\u00fcks\u00e9ges vizu\u00e1lis k\u00e9pet, \u00e9s a v\u00e1lasz a k\u00e9rd\u00e9seinkre gyors \u00e9s hasznos volt.\"<\/em> (N\u00e9vtelen\u00fcl)<\/p>\n\n\n\n<p><em>&#8220;<strong>Szil\u00e1rd <\/strong>- Szil\u00e1rd vizu\u00e1lis\"<\/em> (N\u00e9vtelen\u00fcl)<\/p>","protected":false},"excerpt":{"rendered":"<p>\"M\u00e1r t\u00f6bb mint egy \u00e9ve haszn\u00e1ljuk a LeapLytics Risk Matrix \/ Heatmap vizu\u00e1lis elem\u00e9t a Power BI-ben.A csapatunk sz\u00e1m\u00e1ra n\u00e9lk\u00fcl\u00f6zhetetlen eszk\u00f6zz\u00e9 v\u00e1lt. Intuit\u00edv kialak\u00edt\u00e1sa \u00e9s testreszabhat\u00f3 funkci\u00f3i lehet\u0151v\u00e9 teszik sz\u00e1munkra a kock\u00e1zatok hat\u00e9kony vizualiz\u00e1l\u00e1s\u00e1t \u00e9s rangsorol\u00e1s\u00e1t, \u00edgy a legkritikusabb ter\u00fcletekre \u00f6sszpontos\u00edthatunk. A m\u00e1trix testre szab\u00e1s\u00e1nak k\u00e9pess\u00e9ge ... <\/p>","protected":false},"author":2,"featured_media":0,"parent":0,"menu_order":0,"comment_status":"closed","ping_status":"closed","template":"","meta":{"footnotes":""},"class_list":["post-13717","page","type-page","status-publish","hentry","latest_post"],"_links":{"self":[{"href":"https:\/\/www.leaplytics.de\/hu\/wp-json\/wp\/v2\/pages\/13717","targetHints":{"allow":["GET"]}}],"collection":[{"href":"https:\/\/www.leaplytics.de\/hu\/wp-json\/wp\/v2\/pages"}],"about":[{"href":"https:\/\/www.leaplytics.de\/hu\/wp-json\/wp\/v2\/types\/page"}],"author":[{"embeddable":true,"href":"https:\/\/www.leaplytics.de\/hu\/wp-json\/wp\/v2\/users\/2"}],"replies":[{"embeddable":true,"href":"https:\/\/www.leaplytics.de\/hu\/wp-json\/wp\/v2\/comments?post=13717"}],"version-history":[{"count":5,"href":"https:\/\/www.leaplytics.de\/hu\/wp-json\/wp\/v2\/pages\/13717\/revisions"}],"predecessor-version":[{"id":13725,"href":"https:\/\/www.leaplytics.de\/hu\/wp-json\/wp\/v2\/pages\/13717\/revisions\/13725"}],"wp:attachment":[{"href":"https:\/\/www.leaplytics.de\/hu\/wp-json\/wp\/v2\/media?parent=13717"}],"curies":[{"name":"wp","href":"https:\/\/api.w.org\/{rel}","templated":true}]}}