{"id":13808,"date":"2025-07-14T10:32:30","date_gmt":"2025-07-14T08:32:30","guid":{"rendered":"https:\/\/www.leaplytics.de\/?page_id=13808"},"modified":"2025-07-14T10:32:31","modified_gmt":"2025-07-14T08:32:31","slug":"gantt-leaplytics-power-bi","status":"publish","type":"page","link":"https:\/\/www.leaplytics.de\/hu\/gantt-leaplytics-power-bi\/","title":{"rendered":"Gantt LeapLytics - Teljes\u00edtm\u00e9ny BI"},"content":{"rendered":"<p>Egyszer\u0171. Lehet\u0151v\u00e9 tessz\u00fck, hogy k\u00f6zvetlen\u00fcl a Power BI-n bel\u00fcl keltse \u00e9letre projektjei \u00fctemterveit \u00e9s \u00fctemez\u00e9s\u00e9t. A Leaplytics Gantt Chart vizualiz\u00e1ci\u00f3nk az \u00f6sszetett projektadatokat professzion\u00e1lis, interakt\u00edv \u00e9s \u00e1tfog\u00f3 id\u0151vonal-vizualiz\u00e1ci\u00f3v\u00e1 alak\u00edtja \u00e1t. Jelen\u00edtse meg a Microsoft Project, Primavera P6, Jira, Asana \u00e9s Azure DevOps projekt\u00fctemterveit pontosan a k\u00edv\u00e1nt m\u00f3don.<\/p>\n<blockquote>\n<p>\"V\u00e9gre egy Gantt-diagram, amely val\u00f3ban m\u0171k\u00f6dik a Power BI-ben! Az, hogy statikus k\u00e9perny\u0151k\u00e9pek helyett k\u00f6zvetlen\u00fcl a vezet\u0151i m\u0171szerfalainkon jelen\u00edthetj\u00fck meg a projekt id\u0151vonalainkat f\u00fcgg\u0151s\u00e9gekkel \u00e9s az el\u0151rehalad\u00e1s nyomon k\u00f6vet\u00e9s\u00e9vel, \u00e1talak\u00edtotta a projektprezent\u00e1ci\u00f3inkat.\"<br \/>- <strong>Johnson M., \u00fczleti intelligencia menedzser<\/strong> <em>(\u00c9p\u00edt\u0151ipari \u00e1gazat)<\/em><\/p>\n<\/blockquote>\n<h2 id=\"what-s-in-it-for-you-\">Mi a j\u00f3 neked?<\/h2>\n<p>Nyissa ki a professzion\u00e1lis projektvizualiz\u00e1ci\u00f3t a Power BI m\u0171szerfalai sz\u00e1m\u00e1ra:<\/p>\n<p><strong>Sz\u00e9pen vizualiz\u00e1lja a projekteket:<\/strong> A Microsoft Project, a Primavera P6, a Jira, az Asana \u00e9s az Azure DevOps nyers projektadatait professzion\u00e1lisan megjelen\u00edtett Gantt-diagramokk\u00e1 alak\u00edthatja.<\/p>\n<p><strong>Megsz\u00fcnteti a k\u00e9zi munk\u00e1t:<\/strong> Nincs t\u00f6bb\u00e9 sz\u00fcks\u00e9g k\u00e9perny\u0151fot\u00f3k export\u00e1l\u00e1s\u00e1ra vagy id\u0151vonaldiagramok manu\u00e1lis l\u00e9trehoz\u00e1s\u00e1ra. A megl\u00e9v\u0151 projektadatok interakt\u00edv Gantt-diagramok form\u00e1j\u00e1ban jelennek meg.<\/p>\n<p><strong>Ny\u0171g\u00f6zze le az \u00e9rdekelt feleket:<\/strong> Professzion\u00e1lis projektmutat\u00f3k bemutat\u00e1sa, amelyek fenntartj\u00e1k a hiteless\u00e9get a vezet\u0151i \u00e9rtekezleteken \u00e9s az \u00e9rdekelt felek sz\u00e1m\u00e1ra tartott prezent\u00e1ci\u00f3kban.<\/p>\n<p><strong>Id\u0151t takar\u00edthat meg:<\/strong> Ne t\u00f6lts\u00f6n t\u00f6bb \u00f3r\u00e1t manu\u00e1lis id\u0151vonal l\u00e9trehoz\u00e1s\u00e1val. Csatlakoztassa projektadatait, \u00e9s n\u00e9zze, ahogy a feladatlist\u00e1k \u00e1tfog\u00f3 Gantt-vizualiz\u00e1ci\u00f3v\u00e1 alakulnak \u00e1t.<\/p>\n<blockquote>\n<p>\"R\u00e9gebben heti 12 \u00f3r\u00e1t t\u00f6lt\u00f6tt\u00fcnk azzal, hogy id\u0151vonal-jelent\u00e9seket k\u00e9sz\u00edtett\u00fcnk a projektmenedzsment eszk\u00f6zeinkb\u0151l. Most minden automatikusan gy\u00f6ny\u00f6r\u0171 interakt\u00edv Gantt-diagramok form\u00e1j\u00e1ban jelenik meg. A projekt\u00e1llapot-jelent\u00e9seink ism\u00e9t professzion\u00e1lisan n\u00e9znek ki.\"<br \/>- <strong>Rodriguez A., elemz\u00e9si igazgat\u00f3<\/strong> <em>(Eg\u00e9szs\u00e9g\u00fcgyi technol\u00f3gia)<\/em><\/p>\n<\/blockquote>\n<h2 id=\"how-you-can-benefit\">Hogyan profit\u00e1lhat bel\u0151le<\/h2>\n<p>Felhaszn\u00e1l\u00f3k, akik elfogadt\u00e1k a Leaplytics Gantt Chart vizu\u00e1lis jelent\u00e9s\u00fcnket:<\/p>\n<p><strong>Megsz\u0171ntek az id\u0151vonal r\u00e9m\u00e1lmai:<\/strong> Nincs t\u00f6bb\u00e9 k\u00e9zi diagramk\u00e9sz\u00edt\u00e9s vagy statikus id\u0151vonalas k\u00e9perny\u0151k\u00e9pek k\u00e9sz\u00edt\u00e9se a prezent\u00e1ci\u00f3kban.<\/p>\n<p><strong>Fokozott m\u0171szerfal-elfogad\u00e1s:<\/strong> Az \u00e9rdekeltek jobban r\u00e9szt vesznek az interakt\u00edv Gantt-diagramokban, amelyeket felfedezhetnek \u00e9s meg\u00e9rthetnek.<\/p>\n<p><strong>Fokozott szakmai hiteless\u00e9g:<\/strong> A vezet\u0151i prezent\u00e1ci\u00f3k csiszoltnak t\u0171nnek, \u00e9s fenntartj\u00e1k az adatszakember h\u00edrnev\u00e9t.<\/p>\n<p><strong>Egys\u00e9ges\u00edtett projekt n\u00e9zetek:<\/strong> T\u00f6bb v\u00e1llalati platformr\u00f3l sz\u00e1rmaz\u00f3 projektadatok megjelen\u00edt\u00e9se egyetlen \u00f6sszef\u00fcgg\u0151, interakt\u00edv Power BI Gantt-diagramban.<\/p>\n<h2 id=\"key-features\">F\u0151 jellemz\u0151k<\/h2>\n<p><strong>T\u00f6bbplatformos t\u00e1mogat\u00e1s:<\/strong> T\u00e1mogatja a Microsoft Project, Primavera P6, Jira, Asana, Azure DevOps \u00e9s b\u00e1rmilyen t\u00e1bl\u00e1zatos projektadatot.<\/p>\n<p><strong>Fejlett id\u0151vonal-motor:<\/strong><\/p>\n<ul>\n<li>Intelligens feladatpoz\u00edcion\u00e1l\u00e1s \u00e9s d\u00e1tumsk\u00e1l\u00e1z\u00e1s<\/li>\n<li>Intelligens hierarchikus feladatmenedzsment komplex projektekhez<\/li>\n<\/ul>\n<p><strong>Professzion\u00e1lis projektvizualiz\u00e1ci\u00f3:<\/strong> <\/p>\n<ul>\n<li>Megfelel\u0151 feladats\u00e1vok, f\u00fcgg\u0151s\u00e9gek, m\u00e9rf\u00f6ldk\u00f6vek \u00e9s az el\u0151rehalad\u00e1s nyomon k\u00f6vet\u00e9se, amely tiszteletben tartja a Power BI t\u00e9m\u00e1kat.<\/li>\n<li>Interakt\u00edv id\u0151vonal-navig\u00e1ci\u00f3 zoomol\u00e1si \u00e9s p\u00e1szt\u00e1z\u00e1si lehet\u0151s\u00e9gekkel<\/li>\n<\/ul>\n<p><strong>V\u00e1llalati projektjellemz\u0151k:<\/strong><\/p>\n<ul>\n<li>Feladatf\u00fcgg\u0151s\u00e9gek kapcsolati nyilakkal<\/li>\n<li>Az el\u0151rehalad\u00e1s nyomon k\u00f6vet\u00e9se \u00e9s a befejez\u00e9s st\u00e1tusza<\/li>\n<li>Er\u0151forr\u00e1s hozz\u00e1rendel\u00e9s vizualiz\u00e1ci\u00f3<\/li>\n<li>Kritikus \u00fatvonalelemz\u00e9s<\/li>\n<\/ul>\n<p><strong>Optimaliz\u00e1lt teljes\u00edtm\u00e9ny:<\/strong> Hat\u00e9kony renderel\u00e9s nagy projektadathalmazok eset\u00e9ben, 1000+ feladat \u00e9s \u00f6sszetett f\u00fcgg\u0151s\u00e9gi h\u00e1l\u00f3zatok eset\u00e9n.<\/p>\n<p><strong>Z\u00f6kken\u0151mentes Power BI integr\u00e1ci\u00f3:<\/strong> \u00dagy m\u0171k\u00f6dik, mint b\u00e1rmely m\u00e1s Power BI vizu\u00e1lis elem, tiszteletben tartja a sz\u0171r\u0151ket, szeletel\u0151ket \u00e9s a keresztsz\u0171r\u00e9st.<\/p>\n<p><strong>Intuit\u00edv konfigur\u00e1ci\u00f3:<\/strong> Egyszer\u0171 form\u00e1tumpanel leg\u00f6rd\u00fcl\u0151 v\u00e1laszt\u00e1si lehet\u0151s\u00e9gekkel a feladatmez\u0151k, d\u00e1tumok \u00e9s megjelen\u00edt\u00e9si opci\u00f3k sz\u00e1m\u00e1ra.<\/p>\n<p><strong>V\u00e1llalkoz\u00e1sra k\u00e9sz:<\/strong> V\u00e1llalati telep\u00edt\u00e9sre tervezett robusztus licencrendszer, fejlett projektmenedzsment funkci\u00f3kkal.<\/p>\n<h2 id=\"your-team-will-thank-you\">A csapata meg fogja k\u00f6sz\u00f6nni<\/h2>\n<p><em>Elege van a statikus projekt k\u00e9perny\u0151k\u00e9pekb\u0151l a vezet\u0151i prezent\u00e1ci\u00f3kban?<\/em> K\u00fczd\u00f6tt m\u00e1r azzal, hogy unalmas t\u00e1bl\u00e1zatos jelent\u00e9sekkel magyar\u00e1zza el a projekt \u00e1llapot\u00e1t, amikor az \u00e9rdekelt feleknek id\u0151vonalakra van sz\u00fcks\u00e9g\u00fck? A Leaplytics Gantt Chart vizu\u00e1lis \u00e1br\u00e1nk biztos\u00edtja a megold\u00e1st, amire v\u00e1rt. Ez az a vizu\u00e1lis elem, amire mi, projektmenedzsment szakemberek mindig is v\u00e1gytunk, amikor hat\u00e9konyan pr\u00f3b\u00e1ltuk kommunik\u00e1lni a projekt \u00e1llapot\u00e1t.<\/p>\n<blockquote>\n<p>\"Az Azure DevOps sprintjeink \u00e9s a projektf\u00fcgg\u0151s\u00e9gek megfelel\u0151 Gantt-vizualiz\u00e1ci\u00f3val t\u00f6rt\u00e9n\u0151 megjelen\u00edt\u00e9se forradalmas\u00edtotta a projekt \u00e1llapot\u00e1nak bemutat\u00e1s\u00e1t a vezet\u0151k sz\u00e1m\u00e1ra. Az id\u0151vonal interakt\u00edv, \u00e9s a be\u00e1ll\u00edt\u00e1s hihetetlen\u00fcl egyszer\u0171 volt.\"<br \/>- <strong>Chen L., vezet\u0151 adatelemz\u0151<\/strong> <em>(Szoftverfejleszt\u00e9s)<\/em><\/p>\n<\/blockquote>\n<h2 id=\"letter-from-the-ceo\">A vez\u00e9rigazgat\u00f3 levele<\/h2>\n<p>H\u00e9, mindenki...<\/p>\n<p>Stefan vagyok, a LeapLytics vez\u00e9rigazgat\u00f3ja.<\/p>\n<p>A projektek vizualiz\u00e1ci\u00f3ja a Power BI-ben \u00e9vek \u00f3ta egy \u00e1lland\u00f3 f\u00e1jdalmas pont. A szervezetek sokat fektetnek az olyan platformokba, mint a Microsoft Project, a Primavera P6, a Jira \u00e9s az Azure DevOps az \u00f6sszetett projekt\u00fctemez\u00e9sek \u00e9s f\u00fcgg\u0151s\u00e9gek kezel\u00e9se \u00e9rdek\u00e9ben. Amikor azonban ezek a projektadatok beker\u00fclnek a Power BI-be, olvashatatlan t\u00e1bl\u00e1zatokk\u00e1 v\u00e1lnak, vagy manu\u00e1lis diagramk\u00e9sz\u00edt\u00e9st ig\u00e9nyelnek.<\/p>\n<p>A kifinomult projektmenedzsment-eszk\u00f6z\u00f6k \u00e9s az alapvet\u0151 Power BI projektjelent\u00e9sek k\u00f6z\u00f6tti kapcsolat hi\u00e1nya sz\u00e1mtalan projektvezet\u0151t frusztr\u00e1lt m\u00e1r vezet\u0151i prezent\u00e1ci\u00f3kban. Ez al\u00e1\u00e1ssa a hiteless\u00e9get, \u00e9s gyakorlatilag l\u00e1thatatlann\u00e1 teszi az \u00e9rt\u00e9kes projektmegl\u00e1t\u00e1sokat a m\u0171szerfalakon.<\/p>\n<p>A hagyom\u00e1nyos BI-vizualit\u00e1st egyszer\u0171en nem a modern projektmenedzsment \u00f6sszetett val\u00f3s\u00e1g\u00e1hoz tervezt\u00e9k, ahol a feladatok f\u00fcgg\u0151s\u00e9gi viszonyokkal, el\u0151rehalad\u00e1s-k\u00f6vet\u00e9ssel, er\u0151forr\u00e1s-kijel\u00f6l\u00e9ssel \u00e9s id\u0151beli korl\u00e1tokkal rendelkeznek. Itt kezd\u0151dik a frusztr\u00e1ci\u00f3.<\/p>\n<p>A Leaplytics Gantt Chart l\u00e1tv\u00e1nyterv\u00fcnk a Power BI sz\u00e1m\u00e1ra megoldja ezt az alapvet\u0151 probl\u00e9m\u00e1t. Hissz\u00fck, hogy a projektadatoknak mindenhol, \u00edgy a Power BI m\u0171szerfalain is vil\u00e1gosan \u00e9s professzion\u00e1lisan kell kommunik\u00e1lniuk.<\/p>\n<p>Ez arr\u00f3l sz\u00f3l, hogy meg\u0151rizze a kifinomult projekttervez\u00e9sbe fektetett befektet\u00e9s\u00e9t, \u00e9s azt az \u00e9rdekelt felek \u00e1ltal elv\u00e1rt vizu\u00e1lis egy\u00e9rtelm\u0171s\u00e9ggel mutassa be. \u00dagy tervezt\u00fck ezt a l\u00e1tv\u00e1nytervet, hogy kezelni tudja a val\u00f3s projektadatok \u00f6sszetetts\u00e9g\u00e9t, mik\u00f6zben a be\u00e1ll\u00edt\u00e1s egyszer\u0171 marad.<\/p>\n<p>Ez a mi hozz\u00e1j\u00e1rul\u00e1sunk a projekt vizualiz\u00e1ci\u00f3s r\u00e9m\u00e1lom megsz\u00fcntet\u00e9s\u00e9hez, amely t\u00fal sok\u00e1ig gy\u00f6t\u00f6rte a Power BI felhaszn\u00e1l\u00f3kat.<\/p>\n<p>\u00dcdv\u00f6zlettel,<br \/><strong>Stefan Preusler<\/strong><br \/>T\u00e1rsalap\u00edt\u00f3 \u00e9s vez\u00e9rigazgat\u00f3, LeapLytics GmbH<\/p>\n<hr>\n<h2 id=\"ready-to-transform-your-project-visualization-\">K\u00e9szen \u00e1ll arra, hogy \u00e1talak\u00edtsa projektje vizualiz\u00e1ci\u00f3j\u00e1t?<\/h2>\n<p><a href=\"https:\/\/www.leaplytics.de\/hu\/\"><strong>Pr\u00f3balicenc k\u00e9r\u00e9se<\/strong><\/a><\/p>\n<h2 id=\"getting-started\">Kezd\u0151 l\u00e9p\u00e9sek<\/h2>\n<p>Megkapta a jogos\u00edtv\u00e1ny\u00e1t, vagy csak t\u00f6bbet szeretne megtudni?<br \/>Kattintson az al\u00e1bbi linkre az \u00e1tfog\u00f3 \u00fatmutat\u00f3hoz:<\/p>\n<p><a href=\"https:\/\/www.leaplytics.de\/hu\/getting-started-gantt-chart-power-bi\/?utm_source=extension&amp;utm_medium=power-bi&amp;utm_campaign=gantt-chart\"><strong>Kezd\u0151 l\u00e9p\u00e9sek - Leaplytics Gantt Chart Visual for Power BI<\/strong><\/a><\/p>\n<hr>\n<p><em>Alak\u00edtsa \u00e1t projektadatait professzion\u00e1lis id\u0151vonal-vizualiz\u00e1ci\u00f3v\u00e1, amelyet az \u00e9rdekeltek val\u00f3ban meg\u00e9rtenek.<\/em> <\/p>","protected":false},"excerpt":{"rendered":"<p>It&#39;s straightforward. We empower you to bring your project timelines and schedules to life directly within Power BI. Our Leaplytics Gantt Chart visual transforms complex project data into professional, interactive, and comprehensive timeline visualizations. Display project schedules from Microsoft Project, Primavera P6, Jira, Asana, and Azure DevOps exactly as intended. &quot;Finally, a Gantt chart that &hellip; <\/p>","protected":false},"author":2,"featured_media":0,"parent":0,"menu_order":0,"comment_status":"closed","ping_status":"closed","template":"","meta":{"footnotes":""},"class_list":["post-13808","page","type-page","status-publish","hentry","latest_post"],"_links":{"self":[{"href":"https:\/\/www.leaplytics.de\/hu\/wp-json\/wp\/v2\/pages\/13808","targetHints":{"allow":["GET"]}}],"collection":[{"href":"https:\/\/www.leaplytics.de\/hu\/wp-json\/wp\/v2\/pages"}],"about":[{"href":"https:\/\/www.leaplytics.de\/hu\/wp-json\/wp\/v2\/types\/page"}],"author":[{"embeddable":true,"href":"https:\/\/www.leaplytics.de\/hu\/wp-json\/wp\/v2\/users\/2"}],"replies":[{"embeddable":true,"href":"https:\/\/www.leaplytics.de\/hu\/wp-json\/wp\/v2\/comments?post=13808"}],"version-history":[{"count":1,"href":"https:\/\/www.leaplytics.de\/hu\/wp-json\/wp\/v2\/pages\/13808\/revisions"}],"predecessor-version":[{"id":13809,"href":"https:\/\/www.leaplytics.de\/hu\/wp-json\/wp\/v2\/pages\/13808\/revisions\/13809"}],"wp:attachment":[{"href":"https:\/\/www.leaplytics.de\/hu\/wp-json\/wp\/v2\/media?parent=13808"}],"curies":[{"name":"wp","href":"https:\/\/api.w.org\/{rel}","templated":true}]}}