{"id":14381,"date":"2025-12-18T23:30:11","date_gmt":"2025-12-18T22:30:11","guid":{"rendered":"https:\/\/www.leaplytics.de\/?page_id=14381"},"modified":"2025-12-19T01:53:47","modified_gmt":"2025-12-19T00:53:47","slug":"jogi-ai","status":"publish","type":"page","link":"https:\/\/www.leaplytics.de\/hu\/jogi-ai\/","title":{"rendered":"Jogi \/ jogi AI"},"content":{"rendered":"<h2>A jogi csapat\u00e1nak t\u00fal sok a munk\u00e1ja. Az AI seg\u00edthet.<\/h2>\n\n<p>A jogi munka sz\u00f6veges munka. Szerz\u0151d\u00e9sek. Dokumentumok. E-mailek. Kutat\u00e1s. Megfelel\u0151s\u00e9gi ellen\u0151rz\u00e9sek.<\/p>\n<p>A legt\u00f6bbje mint\u00e1kat k\u00f6vet. Keresse meg a z\u00e1rad\u00e9kot. Ellen\u0151rizze a kock\u00e1zatot. Hasonl\u00edtsa \u00f6ssze a v\u00e1ltozatokat. V\u00e1laszoljon \u00fajra ugyanarra a k\u00e9rd\u00e9sre.<\/p>\n<p>A mesters\u00e9ges intelligenci\u00e1t erre tervezt\u00e9k. Gyorsabban olvas, mint b\u00e1rmelyik ember. Soha nem f\u00e1rad el. Soha nem hagy ki egy sort sem a 47. oldalon.<\/p>\n<p>Ez nem helyettes\u00edti az \u00fcgyv\u00e9deket. Gyorsabb\u00e1 teszi \u0151ket. A rutinfeladatokkal foglalkozik, \u00edgy a csapata arra koncentr\u00e1lhat, amihez val\u00f3ban emberi agyra van sz\u00fcks\u00e9g.<\/p>\n\n\n<hr class=\"wp-block-separator has-alpha-channel-opacity\"\/>\n\n\n\n<h3 class=\"wp-block-heading\">A jogi munka val\u00f3s\u00e1ga ma<\/h3>\n\n\n<p>A jogi csapatok fuldokolnak. Tov\u00e1bbi szerz\u0151d\u00e9sek. M\u00e9g t\u00f6bb szab\u00e1lyoz\u00e1s. Nagyobb nyom\u00e1s a gyorsas\u00e1gra.<\/p>\n<p>A munkat\u00e1rsak \u00f3r\u00e1kat t\u00f6ltenek olyan feladatokkal, amelyekhez nem kell t\u00f6bb \u00e9ves jogi tanulm\u00e1nyokat v\u00e9gezni. A partnerek dokumentumokat vizsg\u00e1lnak \u00e1t, amikor az \u00fcgyfeleknek kellene tan\u00e1csot adniuk. A h\u00e1zon bel\u00fcli jogtan\u00e1csosok rohannak \u00e1t a szerz\u0151d\u00e9seken, mert mindig v\u00e1r egy \u00fajabb.<\/p>\n<p>A munka felhalmoz\u00f3dik. A hat\u00e1rid\u0151k sz\u0171k\u00f6sek. A dolgok elmaradnak.<\/p>\n<p>Nem az\u00e9rt, mert az emberek nem v\u00e9gzik j\u00f3l a munk\u00e1jukat. Mert egyszer\u0171en t\u00fal sok a sz\u00f6veg \u00e9s kev\u00e9s az id\u0151.<\/p>\n\n\n<hr class=\"wp-block-separator has-alpha-channel-opacity\"\/>\n\n\n\n<h3 class=\"wp-block-heading\">Ahol az AI val\u00f3di k\u00fcl\u00f6nbs\u00e9get jelent<\/h3>\n\n\n<p>A mesters\u00e9ges intelligencia ott m\u0171k\u00f6dik a legjobban, ahol sok sz\u00f6veg \u00e9s vil\u00e1gos mint\u00e1k vannak. A jogi munka mindkett\u0151vel rendelkezik.<\/p>\n<p>\u00cdme \u00f6t ter\u00fclet, ahol az AI val\u00f3di eredm\u00e9nyeket hoz - nem hype-ot, hanem t\u00e9nyleges id\u0151megtakar\u00edt\u00e1st \u00e9s kock\u00e1zatmegel\u0151z\u00e9st.<\/p>\n\n\n<hr class=\"wp-block-separator has-alpha-channel-opacity\"\/>\n\n\n\n<h4 class=\"wp-block-heading\">1. Szerz\u0151d\u00e9s fel\u00fclvizsg\u00e1lata<\/h4>\n\n\n<p>A szerz\u0151d\u00e9sek jelentik az \u00fczleti \u00e9let gerinc\u00e9t. Egy\u00fattal hatalmas id\u0151rabl\u00e1s is.<\/p>\n<p>Minden szerz\u0151d\u00e9st fel\u00fcl kell vizsg\u00e1lni. Minden z\u00e1rad\u00e9kot ellen\u0151rizni kell. Minden szabv\u00e1nyt\u00f3l val\u00f3 elt\u00e9r\u00e9st meg kell jel\u00f6lni. Szorozza ezt meg \u00e9vente t\u00f6bb sz\u00e1z szerz\u0151d\u00e9ssel.<\/p>\n\n\n<h5 class=\"wp-block-heading\">Mit csin\u00e1l az AI<\/h5>\n\n\n<p><strong>Megkeresi \u00e9s kivonja a kulcsfontoss\u00e1g\u00fa z\u00e1rad\u00e9kokat.<\/strong><br \/>\nId\u0151tartam. Megsz\u0171n\u00e9s. Felel\u0151ss\u00e9g. Joghat\u00f3s\u00e1g. Titoktart\u00e1s. A mesters\u00e9ges intelligencia automatikusan el\u0151h\u00edvja ezeket. Nincs t\u00f6bb\u00e9 oldalakon val\u00f3 keresg\u00e9l\u00e9s.<\/p>\n\n<p><strong>Kock\u00e1zatokat jelez.<\/strong><br \/>\nA mesters\u00e9ges intelligencia ismeri a standard j\u00e1t\u00e9kk\u00f6nyvet. Ha valami elt\u00e9r, azt kiemeli. \"Ez a felel\u0151ss\u00e9gi z\u00e1rad\u00e9k sz\u00e9lesebb k\u00f6r\u0171, mint a standard.\" \"Ez a felmond\u00e1si id\u0151 r\u00f6videbb a szok\u00e1sosn\u00e1l.\"<\/p>\n\n<p><strong>Foltokban hi\u00e1nyz\u00f3 darabok.<\/strong><br \/>\nNincs titoktart\u00e1si z\u00e1rad\u00e9k? Nincs felel\u0151ss\u00e9gkorl\u00e1toz\u00e1s? Az AI \u00e9szreveszi, ami nincs benne.<\/p>\n\n<p><strong>\u00d6sszehasonl\u00edtja a verzi\u00f3kat.<\/strong><br \/>\nA v\u00f6r\u00f6s vonalak zavarosak. Az AI elmagyar\u00e1zza, hogy mi v\u00e1ltozott a v\u00e1ltozatok k\u00f6z\u00f6tt. Egyszer\u0171 nyelven.<\/p>\n\n<p><strong>\u00d6sszefoglal\u00f3kat \u00edr.<\/strong><br \/>\nMinden szerz\u0151d\u00e9sr\u0151l k\u00e9sz\u00fcl egy \u00f6sszefoglal\u00f3. Kulcsfogalmak. F\u0151bb kock\u00e1zatok. Ami sz\u00e1m\u00edt. \u00d6tven helyett egy oldal.<\/p>\n\n\n<h5 class=\"wp-block-heading\">Mit jelent ez az \u00d6n sz\u00e1m\u00e1ra<\/h5>\n\n\n<ul>\n<li><strong>A d\u00f6nt\u00e9shoz\u00f3k sz\u00e1m\u00e1ra:<\/strong> Gyorsabb \u00fczletk\u00f6t\u00e9si ciklusok. Kevesebb sz\u0171k keresztmetszet. Alacsonyabb k\u00f6lts\u00e9g egy fel\u00fclvizsg\u00e1lt szerz\u0151d\u00e9sre vet\u00edtve.<\/li>\n<li><strong>\u00dcgyv\u00e9deknek:<\/strong> Koncentr\u00e1ljon a 10-20%-ra, amelyhez sz\u00fcks\u00e9ge van a szak\u00e9rtelm\u00e9re. Hagyja ki a m\u00e1r sz\u00e1zszor l\u00e1tott 80%-t.<\/li>\n<li><strong>Az \u00fczlet\u00e9rt:<\/strong> A szabv\u00e1nyos szerz\u0151d\u00e9sek automatikusan \"els\u0151 k\u00f6rben\" fel\u00fclvizsg\u00e1latra ker\u00fclnek. Az \u00f6sszetett szerz\u0151d\u00e9sek gyorsabban \u00e9s t\u00f6bb figyelmet kapnak.<\/li>\n<\/ul>\n\n<p><a href=\"https:\/\/www.leaplytics.de\/hu\/szerzodes-felulvizsgalat-ai\/\">Tudjon meg t\u00f6bbet az AI for Contract Review \u2192<\/a><\/p>\n\n\n<hr class=\"wp-block-separator has-alpha-channel-opacity\"\/>\n\n\n\n<h4 class=\"wp-block-heading\">2. Dokumentumok fel\u00fclvizsg\u00e1lata peres \u00fcgyekben \u00e9s nyomoz\u00e1sokban<\/h4>\n\n\n<p>A perek \u00e9s vizsg\u00e1latok dokumentumokat jelentenek. Ezernyi dokumentumot. N\u00e9ha t\u00f6bb milli\u00f3.<\/p>\n<p>E-mailek. PDF-ek. Cseveg\u00e9si napl\u00f3k. Csatolm\u00e1nyok. Mindet \u00e1t kell n\u00e9zni. Mindet oszt\u00e1lyozni kell. Mindet hat\u00e1rid\u0151 szor\u00edt\u00e1s\u00e1ban.<\/p>\n\n\n<h5 class=\"wp-block-heading\">Mit csin\u00e1l az AI<\/h5>\n\n\n<p><strong>Automatikusan oszt\u00e1lyozza a relevanci\u00e1t.<\/strong><br \/>\nL\u00e9nyeges. Nem relev\u00e1ns. Fel\u00fclvizsg\u00e1latra szorul. A mesters\u00e9ges intelligencia m\u00e9g azel\u0151tt szort\u00edrozza a kupacot, hogy az emberek elkezden\u00e9k.<\/p>\n\n<p><strong>Klaszterek t\u00e9m\u00e1k szerint.<\/strong><br \/>\nMely e-mailek tartoznak \u00f6ssze? Mely besz\u00e9lget\u00e9sek t\u00e1rgyalj\u00e1k ugyanazt a t\u00e9m\u00e1t? Az AI csoportos\u00edtja \u0151ket, hogy az \u00e9rt\u00e9kel\u0151k teljes k\u00e9pet kapjanak.<\/p>\n\n<p><strong>\u00c9rz\u00e9keny tartalmakat tal\u00e1l.<\/strong><br \/>\nPotenci\u00e1lis megfelel\u00e9si probl\u00e9m\u00e1k. Szem\u00e9lyes adatok. Bizalmas kommunik\u00e1ci\u00f3. Fontos kulcsszavak. A mesters\u00e9ges intelligencia jel\u00f6li \u0151ket emberi fel\u00fclvizsg\u00e1latra.<\/p>\n\n<p><strong>Azt helyezi el\u0151t\u00e9rbe, amit az emberek el\u0151sz\u00f6r l\u00e1tnak.<\/strong><br \/>\nNem minden dokumentum egyforma. A mesters\u00e9ges intelligencia felaj\u00e1nlja, hogy melyek azok, amelyek azonnali figyelmet ig\u00e9nyelnek.<\/p>\n\n<p><strong>\u00d6sszefoglalja a hossz\u00fa sz\u00e1lakat.<\/strong><br \/>\nEgy 50 e-mailb\u0151l \u00e1ll\u00f3 lev\u00e9ll\u00e1ncb\u00f3l egy bekezd\u00e9ses \u00f6sszefoglal\u00f3 lesz. A b\u00edr\u00e1l\u00f3k gyorsan meg\u00e9rtik a kontextust.<\/p>\n\n\n<h5 class=\"wp-block-heading\">Mit jelent ez az \u00d6n sz\u00e1m\u00e1ra<\/h5>\n\n\n<ul>\n<li><strong>A d\u00f6nt\u00e9shoz\u00f3k sz\u00e1m\u00e1ra:<\/strong> A felfedez\u00e9si k\u00f6lts\u00e9gek cs\u00f6kkennek. Az \u00fcgyek gyorsabban megold\u00f3dnak. A k\u00f6lts\u00e9gvet\u00e9s ellen\u0151rz\u00e9s alatt marad.<\/li>\n<li><strong>\u00dcgyv\u00e9deknek:<\/strong> Tekintse \u00e1t a fontos dokumentumokat. Hagyja ki a zajt. Tal\u00e1lja meg gyorsabban a t\u0171t a sz\u00e9nakazalban.<\/li>\n<li><strong>A megfelel\u00e9s \u00e9rdek\u00e9ben:<\/strong> Jobb dokument\u00e1ci\u00f3 arr\u00f3l, hogy mit \u00e9s mi\u00e9rt vizsg\u00e1ltak fel\u00fcl. V\u00e9dhet\u0151 folyamat.<\/li>\n<\/ul>\n\n<p><a href=\"https:\/\/www.leaplytics.de\/hu\/dokumentumok-felulvizsgalata-peres-ugyek-vizsgalata-ai\/\">Tov\u00e1bbi inform\u00e1ci\u00f3 az AI for Document Review &amp; eDiscovery \u2192<\/a><\/p>\n\n\n<hr class=\"wp-block-separator has-alpha-channel-opacity\"\/>\n\n\n\n<h4 class=\"wp-block-heading\">3. Jogi kutat\u00e1s \u00e9s sz\u00f6vegez\u00e9s<\/h4>\n\n\n<p>A kutat\u00e1s id\u0151ig\u00e9nyes. Relev\u00e1ns esetek megtal\u00e1l\u00e1sa. A jogszab\u00e1lyok meg\u00e9rt\u00e9se. \u00c9rvek felsorakoztat\u00e1sa. Azt\u00e1n mindezt a megfelel\u0151 szerkezetben le\u00edrni.<\/p>\n<p>Ennek nagy r\u00e9sze mint\u00e1kat k\u00f6vet. A mesters\u00e9ges intelligencia k\u00e9pes az els\u0151 v\u00e1zlatot kezelni.<\/p>\n\n\n<h5 class=\"wp-block-heading\">Mit csin\u00e1l az AI<\/h5>\n\n\n<p><strong>Megkeresi a relev\u00e1ns forr\u00e1sokat.<\/strong><br \/>\nT\u00f6rv\u00e9nyek. B\u00edr\u00f3s\u00e1gi hat\u00e1rozatok. Ir\u00e1nyelvek. Precedensek. A mesters\u00e9ges intelligencia kiindul\u00f3pontot ad az \u00fcres lap helyett.<\/p>\n\n<p><strong>Javasolja a dokumentum szerkezet\u00e9t.<\/strong><br \/>\nT\u00e1j\u00e9koztat\u00f3k. Jegyzetek. V\u00e9lem\u00e9nyek. L\u00e9teznek szabv\u00e1nyos form\u00e1tumok. A mesters\u00e9ges intelligencia az \u00d6n \u00e1ltal meg\u00edrt sz\u00f6veg alapj\u00e1n javasol egy v\u00e1zlatot.<\/p>\n\n<p><strong>Szabv\u00e1nyos sz\u00f6veget k\u00e9sz\u00edt.<\/strong><br \/>\nFelt\u00e9telek. Fed\u0151levelek. Alap\u00e9rtelmezett szakaszok. Az AI \u00edrja az els\u0151 v\u00e1ltozatot. \u00d6n finom\u00edt rajta.<\/p>\n\n<p><strong>Leford\u00edtja a joganyagot k\u00f6z\u00e9rthet\u0151 nyelvre.<\/strong><br \/>\nAz \u00fcgyf\u00e9lnek meg kell \u00e9rtenie egy b\u00edr\u00f3s\u00e1gi hat\u00e1rozatot? Az AI \u00f6sszefoglalja azt a szakzsargon n\u00e9lk\u00fcl.<\/p>\n\n<p><strong>Mindk\u00e9t oldalt megmutatja.<\/strong><br \/>\n\u00c9rvek. \u00c9rvek ellene. A mesters\u00e9ges intelligencia seg\u00edt a teljes k\u00e9pet \u00e1tl\u00e1tni, miel\u0151tt elk\u00f6telezn\u00e9 mag\u00e1t egy \u00e1ll\u00e1spont mellett.<\/p>\n\n\n<h5 class=\"wp-block-heading\">Mit jelent ez az \u00d6n sz\u00e1m\u00e1ra<\/h5>\n\n\n<ul>\n<li><strong>A d\u00f6nt\u00e9shoz\u00f3k sz\u00e1m\u00e1ra:<\/strong> A fiatal \u00fcgyv\u00e9dek gyorsabban v\u00e1lnak produkt\u00edvv\u00e1. A vezet\u0151 jog\u00e1szok a strat\u00e9gi\u00e1ra, nem pedig a fogalmaz\u00e1sra \u00f6sszpontos\u00edtanak.<\/li>\n<li><strong>\u00dcgyv\u00e9deknek:<\/strong> Az \u00fcres lap helyett kezdje egy v\u00e1zlattal. Cs\u00f6kkentse a kutat\u00e1si id\u0151t 30-60%.<\/li>\n<li><strong>Az \u00fcgyfelek sz\u00e1m\u00e1ra:<\/strong> Gyorsabb \u00e1tfut\u00e1si id\u0151. Egy\u00e9rtelm\u0171bb kommunik\u00e1ci\u00f3. Jobb \u00e1r-\u00e9rt\u00e9k ar\u00e1ny a p\u00e9nz\u00fck\u00e9rt.<\/li>\n<\/ul>\n\n<p><em>Fontos: az AI itt m\u00e1sodpil\u00f3ta, nem robotpil\u00f3ta. Az ember mindig fel\u00fclvizsg\u00e1lja \u00e9s felel\u0151ss\u00e9get v\u00e1llal a v\u00e9gs\u0151 munk\u00e1\u00e9rt.<\/em><\/p>\n\n<p><a href=\"https:\/\/www.leaplytics.de\/hu\/jogi-kutatas-szovegezes-ai\/\">Tov\u00e1bbi inform\u00e1ci\u00f3 az AI for Legal Research &amp; Drafting \u2192<\/a><\/p>\n\n\n<hr class=\"wp-block-separator has-alpha-channel-opacity\"\/>\n\n\n\n<h4 class=\"wp-block-heading\">4. \u00dcgyf\u00e9lfelv\u00e9tel \u00e9s esetkezel\u00e9s<\/h4>\n\n\n<p>Folyamatosan \u00e9rkeznek \u00faj \u00fcgyek. E-mailek. Telefonok. Webes \u0171rlapok. Mindegyiket meg kell \u00e9rteni, kategoriz\u00e1lni kell, \u00e9s a megfelel\u0151 szem\u00e9lyhez kell tov\u00e1bb\u00edtani.<\/p>\n<p>Amikor a dolgok elfoglaltt\u00e1 v\u00e1lnak, ez megszakad. Az \u00e9rdekl\u0151d\u0151k v\u00e1rnak. Az inform\u00e1ci\u00f3k elvesznek. A potenci\u00e1lis \u00fcgyfelek tov\u00e1bb\u00e1llnak.<\/p>\n\n\n<h5 class=\"wp-block-heading\">Mit csin\u00e1l az AI<\/h5>\n\n\n<p><strong>A bej\u00f6v\u0151 k\u00e9r\u00e9sek oszt\u00e1lyoz\u00e1sa.<\/strong><br \/>\nMunkajog. Ingatlanok. V\u00e1llalati jog. Peres \u00fcgyek. Az AI olvassa az \u00fczenetet, \u00e9s tudja, mir\u0151l van sz\u00f3.<\/p>\n\n<p><strong>\u00c9rt\u00e9keli a s\u00fcrg\u0151ss\u00e9get.<\/strong><br \/>\nHat\u00e1rid\u0151 megeml\u00edtve? El\u00e9v\u00fcl\u00e9s k\u00e9rd\u00e9se? Az AI megjel\u00f6li az id\u0151\u00e9rz\u00e9keny \u00fcgyeket.<\/p>\n\n<p><strong>Automatikusan v\u00e1laszol a standard k\u00e9rd\u00e9sekre.<\/strong><br \/>\n\"Milyen dokumentumokra van sz\u00fcks\u00e9gem?\" \"Hogyan zajlik az els\u0151 tal\u00e1lkoz\u00f3?\" \"Mennyi a d\u00edja?\" Azonnali v\u00e1laszok, 24\/7.<\/p>\n\n<p><strong>Szerkezetek eseti inform\u00e1ci\u00f3k.<\/strong><br \/>\n\u00dcgyf\u00e9ladatok. Az ellen\u00e9rdek\u0171 f\u00e9l. Id\u0151z\u00edt\u00e9s. F\u0151bb t\u00e9nyek. A mesters\u00e9ges intelligencia mindent tiszta form\u00e1tumba rendez, miel\u0151tt az \u00fcgyv\u00e9d egy\u00e1ltal\u00e1n r\u00e1n\u00e9zne.<\/p>\n\n<p><strong>Egys\u00e9ges n\u00e9zetet hoz l\u00e9tre.<\/strong><br \/>\nMindegy, hogy valaki e-mailt k\u00fcld, telefon\u00e1l, vagy kit\u00f6lti az \u0171rlapot - az \u00f6sszes inform\u00e1ci\u00f3 egy helyre ker\u00fcl, megfelel\u0151en rendszerezve.<\/p>\n\n\n<h5 class=\"wp-block-heading\">Mit jelent ez az \u00d6n sz\u00e1m\u00e1ra<\/h5>\n\n\n<ul>\n<li><strong>A d\u00f6nt\u00e9shoz\u00f3k sz\u00e1m\u00e1ra:<\/strong> Magasabb konverzi\u00f3 a megkeres\u00e9sb\u0151l \u00fcgyf\u00e9ll\u00e9 v\u00e1l\u00e1sig. Gyorsabb v\u00e1laszid\u0151. Kevesebb adminisztr\u00e1ci\u00f3s k\u00f6lts\u00e9g.<\/li>\n<li><strong>\u00dcgyv\u00e9deknek:<\/strong> Rendezett \u00fcgyiratok, nem pedig sz\u00e9tsz\u00f3rt e-mailek. T\u00f6lts\u00f6n id\u0151t a jogi munk\u00e1val, ne a rendez\u00e9ssel.<\/li>\n<li><strong>A potenci\u00e1lis \u00fcgyfelek sz\u00e1m\u00e1ra:<\/strong> Gyors v\u00e1laszok. Vil\u00e1gos k\u00f6vetkez\u0151 l\u00e9p\u00e9sek. Professzion\u00e1lis tapasztalat az els\u0151 kapcsolatfelv\u00e9telt\u0151l kezdve.<\/li>\n<\/ul>\n\n<p><a href=\"https:\/\/www.leaplytics.de\/hu\/ugyfelfelveteli-ugykezeles-ai\/\">Tov\u00e1bbi inform\u00e1ci\u00f3 az AI for Client Intake &amp; Case Management \u2192<\/a><\/p>\n\n\n<hr class=\"wp-block-separator has-alpha-channel-opacity\"\/>\n\n\n\n<h4 class=\"wp-block-heading\">5. Megfelel\u0151s\u00e9g \u00e9s ir\u00e1nyelvek ellen\u0151rz\u00e9se<\/h4>\n\n\n<p>A szab\u00e1lyok minden\u00fctt ott vannak. T\u00f6rv\u00e9nyek. Ipari el\u0151\u00edr\u00e1sok. Bels\u0151 ir\u00e1nyelvek. GDPR. Ipari szabv\u00e1nyok. V\u00e1llalati ir\u00e1nyelvek.<\/p>\n<p>A l\u00e9p\u00e9st tartani teljes munkaid\u0151s feladat. Ha valamit elmulasztunk, az sokba ker\u00fclhet.<\/p>\n\n\n<h5 class=\"wp-block-heading\">Mit csin\u00e1l az AI<\/h5>\n\n\n<p><strong>Ellen\u0151rzi a dokumentumok szab\u00e1lyszer\u0171s\u00e9g\u00e9t.<\/strong><br \/>\n\"Megfelel ez a szerz\u0151d\u00e9s az X rendeletnek?\" \"Megfelel ez a szab\u00e1lyzat az Y k\u00f6vetelm\u00e9nynek?\" A mesters\u00e9ges intelligencia \u00f6sszehasonl\u00edtja a sz\u00f6veget a szab\u00e1lyokkal, \u00e9s hi\u00e1nyoss\u00e1gokat tal\u00e1l.<\/p>\n\n<p><strong>Ellen\u0151rzi a sz\u00fcks\u00e9ges tartalmat.<\/strong><br \/>\nAz adatv\u00e9delmi t\u00e1j\u00e9koztat\u00f3b\u00f3l hi\u00e1nyoznak a GDPR elemei? A szolg\u00e1ltat\u00e1si felt\u00e9telekb\u0151l hi\u00e1nyoznak a k\u00f6telez\u0151 t\u00e1j\u00e9koztat\u00e1sok? A mesters\u00e9ges intelligencia felismeri a hi\u00e1nyoss\u00e1gokat.<\/p>\n\n<p><strong>Figyelemmel k\u00eds\u00e9ri a szab\u00e1lyoz\u00e1si v\u00e1ltoz\u00e1sokat.<\/strong><br \/>\n\u00daj t\u00f6rv\u00e9nyt fogadtak el? Friss\u00edtett rendelet? A mesters\u00e9ges intelligencia nyomon k\u00f6veti a v\u00e1ltoz\u00e1sokat, \u00e9s jelzi, hogy mi befoly\u00e1solja az \u00d6n v\u00e1llalkoz\u00e1s\u00e1t.<\/p>\n\n<p><strong>Friss\u00edt\u00e9seket javasol.<\/strong><br \/>\nHa a szab\u00e1lyok v\u00e1ltoznak, az AI \u00faj nyelvet javasol. \u00d6n fel\u00fclvizsg\u00e1lja \u00e9s j\u00f3v\u00e1hagyja.<\/p>\n\n\n<h5 class=\"wp-block-heading\">Mit jelent ez az \u00d6n sz\u00e1m\u00e1ra<\/h5>\n\n\n<ul>\n<li><strong>A d\u00f6nt\u00e9shoz\u00f3k sz\u00e1m\u00e1ra:<\/strong> Alacsonyabb megfelel\u00e9si kock\u00e1zat. Dokument\u00e1lt ellen\u0151rz\u00e9sek. Audit\u00e1lhat\u00f3 folyamatok.<\/li>\n<li><strong>Jog\u00e1szok \u00e9s megfelel\u0151s\u00e9gi csapatok sz\u00e1m\u00e1ra:<\/strong> Szisztematikus ellen\u0151rz\u00e9s ahelyett, hogy abban rem\u00e9nykedne, hogy nem hagyott ki valamit. Bizony\u00edt\u00e9k arra, hogy fel\u00fclvizsg\u00e1lta.<\/li>\n<li><strong>Az \u00fczlet\u00e9rt:<\/strong> Maradjon szab\u00e1lyk\u00f6vet\u0151 an\u00e9lk\u00fcl, hogy k\u00e9zi fel\u00fclvizsg\u00e1latokba fulladna.<\/li>\n<\/ul>\n\n<p><a href=\"https:\/\/www.leaplytics.de\/hu\/megfelelosegi-politika-ellenorzese-ai\/\">Tudjon meg t\u00f6bbet az AI for Compliance &amp; Policy Checking \u2192<\/a><\/p>\n\n\n<hr class=\"wp-block-separator has-alpha-channel-opacity\"\/>\n\n\n\n<h3 class=\"wp-block-heading\">Amit az AI nem fog megtenni<\/h3>\n\n\n<p>Legy\u00fcnk tiszt\u00e1ban a korl\u00e1tokkal.<\/p>\n<p>A mesters\u00e9ges intelligencia nem helyettes\u00edti az \u00fcgyv\u00e9deket. Nem hoz d\u00f6nt\u00e9seket. Nem \u00edrja al\u00e1 a tan\u00e1csokat. Nem kezeli a k\u00e9nyes \u00fcgyf\u00e9lbesz\u00e9lget\u00e9st vagy a kreat\u00edv jogi \u00e9rvel\u00e9st.<\/p>\n<p>Kezeli a rutint. Az olvas\u00e1s. A v\u00e1logat\u00e1s. Az els\u0151 v\u00e1zlat. Az \u00f6sszehasonl\u00edt\u00e1st.<\/p>\n<p>Az \u00fcgyv\u00e9dei m\u00e9g mindig gondolkodnak. Csak gyorsabban teszik, mert az alapmunk\u00e1t m\u00e1r elv\u00e9gezt\u00e9k.<\/p>\n\n\n<hr class=\"wp-block-separator has-alpha-channel-opacity\"\/>\n\n\n\n<h3 class=\"wp-block-heading\">A l\u00e9nyeg<\/h3>\n\n\n<p>Az AI-t j\u00f3l haszn\u00e1l\u00f3 jogi csapatok nem dolgoznak kevesebbet. M\u00e1sk\u00e9pp dolgoznak.<\/p>\n<p>Ahelyett, hogy minden oldalt elolvasn\u00e1nak, \u00e1ttekintik, ami fontos. Ahelyett, hogy a semmib\u0151l dolgozn\u00e1nak, egy kiindul\u00e1si pontot finom\u00edtanak. A k\u00e9zi v\u00e1logat\u00e1s helyett az elemz\u00e9sre \u00f6sszpontos\u00edtanak.<\/p>\n<p>Az eredm\u00e9ny:<\/p>\n<ul>\n<li>A szerz\u0151d\u00e9sek \u00e9s \u00fcgyek gyorsabb lebonyol\u00edt\u00e1sa<\/li>\n<li>Kevesebb kihagyott kock\u00e1zat \u00e9s hat\u00e1rid\u0151<\/li>\n<li>Alacsonyabb anyagonk\u00e9nti k\u00f6lts\u00e9g<\/li>\n<li>Olyan munk\u00e1t v\u00e9gz\u0151 \u00fcgyv\u00e9dek, akiknek val\u00f3ban sz\u00fcks\u00e9g\u00fck van a szak\u00e9rtelm\u00fckre<\/li>\n<li>Jobb \u00fcgyf\u00e9lszolg\u00e1lat<\/li>\n<\/ul>\n<p>Ez nem arr\u00f3l sz\u00f3l, hogy lecser\u00e9lj\u00fck a csapat\u00e1t. Hanem arr\u00f3l, hogy hat\u00e9konyabb\u00e1 tegy\u00fck \u0151ket.<\/p>\n\n\n<hr class=\"wp-block-separator has-alpha-channel-opacity\"\/>\n\n\n\n<h3 class=\"wp-block-heading\">K\u00e9szen \u00e1ll, hogy megn\u00e9zze, mi lehets\u00e9ges?<\/h3>\n\n\n<p>Minden jogi csapat m\u00e1s \u00e9s m\u00e1s. Az \u00d6n szerz\u0151d\u00e9sei nem olyanok, mint b\u00e1rki m\u00e1s\u00e9. Az \u00d6n folyamatainak megvannak a maguk furcsas\u00e1gai. Az \u00d6n priorit\u00e1sai az \u00d6n v\u00e1llalkoz\u00e1s\u00e1t\u00f3l f\u00fcggnek.<\/p>\n<p>Mi nem adunk el egym\u00e9ret\u0171 megold\u00e1sokat. Az \u00d6n egyedi munk\u00e1j\u00e1t vizsg\u00e1ljuk. Azonos\u00edtjuk, hogy a mesters\u00e9ges intelligencia hol tud seg\u00edteni. Olyan rendszereket \u00e9p\u00edt\u00fcnk, amelyek illeszkednek az \u00d6n munkafolyamataihoz.<\/p>\n<p>Nincs hype. Nincs \u00edg\u00e9ret, amit nem tudunk betartani. Csak gyakorlatias mesters\u00e9ges intelligencia, amely hat\u00e9konyabb\u00e1 teszi a csapat\u00e1t.<p>\n\n<p><a href=\"https:\/\/www.leaplytics.de\/hu\/kontakt\/\">Besz\u00e9lj\u00fcnk a jogi munk\u00e1j\u00e1r\u00f3l<\/a><p>\n\n<p><a href=\"https:\/\/www.leaplytics.de\/hu\/mesterseges-intelligencia\/\">\u00d6sszes AI szolg\u00e1ltat\u00e1s megtekint\u00e9se<\/a><p>","protected":false},"excerpt":{"rendered":"<p>Your Legal Team Has Too Much Work. AI Can Help. Legal work is text work. Contracts. Documents. Emails. Research. Compliance checks. Most of it follows patterns. Find the clause. Check the risk. Compare the versions. Answer the same question again. AI is built for this. It reads faster than any human. It never gets tired. &hellip; <\/p>","protected":false},"author":2,"featured_media":0,"parent":0,"menu_order":0,"comment_status":"closed","ping_status":"closed","template":"","meta":{"footnotes":""},"class_list":["post-14381","page","type-page","status-publish","hentry","latest_post"],"_links":{"self":[{"href":"https:\/\/www.leaplytics.de\/hu\/wp-json\/wp\/v2\/pages\/14381","targetHints":{"allow":["GET"]}}],"collection":[{"href":"https:\/\/www.leaplytics.de\/hu\/wp-json\/wp\/v2\/pages"}],"about":[{"href":"https:\/\/www.leaplytics.de\/hu\/wp-json\/wp\/v2\/types\/page"}],"author":[{"embeddable":true,"href":"https:\/\/www.leaplytics.de\/hu\/wp-json\/wp\/v2\/users\/2"}],"replies":[{"embeddable":true,"href":"https:\/\/www.leaplytics.de\/hu\/wp-json\/wp\/v2\/comments?post=14381"}],"version-history":[{"count":7,"href":"https:\/\/www.leaplytics.de\/hu\/wp-json\/wp\/v2\/pages\/14381\/revisions"}],"predecessor-version":[{"id":14475,"href":"https:\/\/www.leaplytics.de\/hu\/wp-json\/wp\/v2\/pages\/14381\/revisions\/14475"}],"wp:attachment":[{"href":"https:\/\/www.leaplytics.de\/hu\/wp-json\/wp\/v2\/media?parent=14381"}],"curies":[{"name":"wp","href":"https:\/\/api.w.org\/{rel}","templated":true}]}}