{"id":14398,"date":"2025-12-18T23:49:49","date_gmt":"2025-12-18T22:49:49","guid":{"rendered":"https:\/\/www.leaplytics.de\/?page_id=14398"},"modified":"2025-12-19T02:01:17","modified_gmt":"2025-12-19T01:01:17","slug":"operacios-ai","status":"publish","type":"page","link":"https:\/\/www.leaplytics.de\/hu\/operacios-ai\/","title":{"rendered":"M\u0171veleti AI"},"content":{"rendered":"<h2>T\u00fal sok munk\u00e1ja van a m\u0171veleti csapatnak. Az AI seg\u00edthet.<\/h2>\n\n<p>Az operat\u00edv munka koordin\u00e1ci\u00f3s munka. Megrendel\u00e9sek. Lelt\u00e1roz\u00e1s. \u00dctemtervek. Min\u0151s\u00e9gellen\u0151rz\u00e9s. Ezer mozg\u00f3 darab, amelyeknek \u00f6ssze kell illeszkedni\u00fck.<\/p>\n<p>A legt\u00f6bbje mint\u00e1kat k\u00f6vet. K\u00f6vesse nyomon a sz\u00e1ll\u00edtm\u00e1nyt. Ellen\u0151rizze a k\u00e9szletszintet. Ir\u00e1ny\u00edtsa a feladatot. Jel\u00f6lje meg a kiv\u00e9telt. V\u00e1laszoljon \u00fajra a \"hol van a rendel\u00e9sem?\" k\u00e9rd\u00e9sre.<\/p>\n<p>A mesters\u00e9ges intelligenci\u00e1t erre tervezt\u00e9k. Mindent egyszerre figyel. Soha nem vesz\u00edti el a fonalat. Sosem felejti el ellen\u0151rizni a 3-as rakt\u00e1rt.<\/p>\n<p>Ez nem helyettes\u00edti a m\u0171veleti csapatot. Gyorsabb\u00e1 teszi \u0151ket. A rutint kezeli, hogy az emberei val\u00f3di probl\u00e9m\u00e1kat oldhassanak meg.<\/p>\n\n\n<hr class=\"wp-block-separator has-alpha-channel-opacity\"\/>\n\n\n\n<h3 class=\"wp-block-heading\">Az operat\u00edv munka val\u00f3s\u00e1ga ma<\/h3>\n\n\n<p>Az operat\u00edv csapatok t\u0171zolt\u00e1st v\u00e9geznek. Tov\u00e1bbi parancsok. Szorosabb hat\u00e1rid\u0151k. Magasabb vev\u0151i elv\u00e1r\u00e1sok. Ell\u00e1t\u00e1si l\u00e1ncok, amelyek nem akarnak viselkedni.<\/p>\n<p>A vezet\u0151k \u00f3r\u00e1kat t\u00f6ltenek inform\u00e1ci\u00f3k felkutat\u00e1s\u00e1val ahelyett, hogy d\u00f6nt\u00e9seket hozn\u00e1nak. A csapatok manu\u00e1lisan \u00fcld\u00f6zik a kiv\u00e9teleket. Az adatok t\u00edz k\u00fcl\u00f6nb\u00f6z\u0151 rendszerben \u00e9lnek, amelyek nem besz\u00e9lnek egym\u00e1ssal.<\/p>\n<p>Valami mindig k\u00e9sik. Valami mindig elfogyott. Valamit mindig meg kell jav\u00edtani.<\/p>\n<p>Nem az\u00e9rt, mert az emberek nem v\u00e9gzik j\u00f3l a munk\u00e1jukat. Mert egyszer\u0171en t\u00fal sok minden t\u00f6rt\u00e9nik, \u00e9s nincs el\u00e9g l\u00e1that\u00f3s\u00e1g.<\/p>\n\n\n<hr class=\"wp-block-separator has-alpha-channel-opacity\"\/>\n\n\n\n<h3 class=\"wp-block-heading\">Ahol az AI val\u00f3di k\u00fcl\u00f6nbs\u00e9get jelent<\/h3>\n\n\n<p>A mesters\u00e9ges intelligencia ott m\u0171k\u00f6dik a legjobban, ahol sok adat \u00e9s egy\u00e9rtelm\u0171 mint\u00e1k vannak. Az \u00fczemeltet\u00e9s mindkett\u0151vel rendelkezik.<\/p>\n<p>\u00cdme \u00f6t ter\u00fclet, ahol az AI val\u00f3di eredm\u00e9nyeket hoz - nem hype-ot, hanem t\u00e9nyleges probl\u00e9mamegold\u00e1st \u00e9s id\u0151megtakar\u00edt\u00e1st.<\/p>\n\n\n<hr class=\"wp-block-separator has-alpha-channel-opacity\"\/>\n\n\n\n<h4 class=\"wp-block-heading\">1. Ell\u00e1t\u00e1si l\u00e1nc \u00e9s k\u00e9szletgazd\u00e1lkod\u00e1s<\/h4>\n\n\n<p>A lelt\u00e1roz\u00e1s egyens\u00falyoz\u00e1s. A t\u00fal sok k\u00e9szlet k\u00e9szp\u00e9nzt k\u00f6t le. A t\u00fal kev\u00e9s k\u00e9szlethi\u00e1nyt jelent. \u00c9s a kereslet el\u0151rejelz\u00e9se? Ez r\u00e9szben tudom\u00e1ny, r\u00e9szben tal\u00e1lgat\u00e1s.<\/p>\n<p>K\u00f6zben a besz\u00e1ll\u00edt\u00f3k k\u00e9snek. A sz\u00e1ll\u00edtm\u00e1nyok k\u00e9snek. Valakinek nyomon kell k\u00f6vetnie az eg\u00e9szet.<\/p>\n\n\n<h5 class=\"wp-block-heading\">Mit csin\u00e1l az AI<\/h5>\n\n\n<p><strong>Pontosan el\u0151rejelzi a keresletet.<\/strong><br \/>\nT\u00f6rt\u00e9nelmi adatok. Szezonalit\u00e1s. Piaci trendek. A mesters\u00e9ges intelligencia megtal\u00e1lja a mint\u00e1kat, \u00e9s megj\u00f3solja, hogy mire lesz sz\u00fcks\u00e9ge. Nem t\u00f6k\u00e9letesen, de jobban, mint a t\u00e1bl\u00e1zatok.<\/p>\n\n<p><strong>Optimaliz\u00e1lja a k\u00e9szletszinteket.<\/strong><br \/>\nMennyi biztons\u00e1gi k\u00e9szlet van az egyes SKU-khoz? Mikor kell \u00fajrarendelni? Az AI a t\u00e9nyleges kereslet \u00e9s az \u00e1tfut\u00e1si id\u0151k alapj\u00e1n sz\u00e1m\u00edtja ki.<\/p>\n\n<p><strong>Nyomon k\u00f6veti a besz\u00e1ll\u00edt\u00f3kat \u00e9s a sz\u00e1ll\u00edtm\u00e1nyokat.<\/strong><br \/>\nHol van a rendel\u00e9s? Id\u0151ben \u00e9rkezett? A mesters\u00e9ges intelligencia figyeli a fuvaroz\u00f3k \u00e1llapot\u00e1t, \u00e9s jelzi a k\u00e9s\u00e9seket, miel\u0151tt azok probl\u00e9m\u00e1v\u00e1 v\u00e1ln\u00e1nak.<\/p>\n\n<p><strong>Felfedezi az ell\u00e1t\u00e1si l\u00e1nc kock\u00e1zatait.<\/strong><br \/>\nA besz\u00e1ll\u00edt\u00f3 k\u00f6vetkezetesen k\u00e9sik? A sz\u00e1ll\u00edt\u00e1si \u00fatvonal probl\u00e9m\u00e1s? A mesters\u00e9ges intelligencia \u00e9szreveszi a mint\u00e1kat, \u00e9s id\u0151ben figyelmezteti \u00d6nt.<\/p>\n\n<p><strong>\u00dajrarendez\u00e9si d\u00f6nt\u00e9seket javasol.<\/strong><br \/>\nAz aktu\u00e1lis k\u00e9szlet, a be\u00e9rkez\u0151 rendel\u00e9sek \u00e9s az el\u0151rejelz\u00e9sek alapj\u00e1n a mesters\u00e9ges intelligencia javaslatot tesz arra, hogy mit \u00e9s mikor rendelj\u00fcnk.<\/p>\n\n\n<h5 class=\"wp-block-heading\">Mit jelent ez az \u00d6n sz\u00e1m\u00e1ra<\/h5>\n\n\n<ul>\n<li><strong>COO-knak:<\/strong> Alacsonyabb k\u00e9szletk\u00f6lts\u00e9gek. Kevesebb k\u00e9szletkimarad\u00e1s. Jobb p\u00e9nzforgalom. Ell\u00e1t\u00e1si l\u00e1nc \u00e1tl\u00e1that\u00f3s\u00e1ga k\u00e9zi nyomon k\u00f6vet\u00e9s n\u00e9lk\u00fcl.<\/li>\n<li><strong>\u00dczemeltet\u00e9si vezet\u0151k sz\u00e1m\u00e1ra:<\/strong> Ne hajszolja tov\u00e1bb a sz\u00e1ll\u00edtm\u00e1nyokat. Tudja, mi j\u00f6n \u00e9s mi van vesz\u00e9lyben. Hozzon d\u00f6nt\u00e9seket val\u00f3s adatok alapj\u00e1n.<\/li>\n<li><strong>Az \u00fczlet\u00e9rt:<\/strong> A term\u00e9kek akkor \u00e1llnak rendelkez\u00e9sre, amikor az \u00fcgyfelek ig\u00e9nylik \u0151ket. A p\u00e9nz nem \u00fcl a felesleges rakt\u00e1rk\u00e9szletben.<\/li>\n<\/ul>\n\n<p><a href=\"https:\/\/www.leaplytics.de\/hu\/ellatasi-lanc-leltarkezeles-ai\/\">Tudjon meg t\u00f6bbet az AI for Supply Chain &amp; Inventory Management \u2192<\/a><\/p>\n\n\n<hr class=\"wp-block-separator has-alpha-channel-opacity\"\/>\n\n\n\n<h4 class=\"wp-block-heading\">2. Folyamatautomatiz\u00e1l\u00e1s \u00e9s munkafolyamatok<\/h4>\n\n\n<p>A m\u0171veletek folyamatokon futnak. A megrendel\u00e9sek l\u00e9p\u00e9seken kereszt\u00fcl \u00e1ramlanak. A feladatoknak \u00fatvonaltervez\u00e9sre van sz\u00fcks\u00e9g\u00fck. A j\u00f3v\u00e1hagy\u00e1sokat \u00fcld\u00f6zni kell. A kiv\u00e9teleket kezelni kell.<\/p>\n<p>Ha k\u00e9zi vez\u00e9rl\u00e9s\u0171, a dolgok elakadnak. Az emberek elfelejtik. Az \u00e1tad\u00e1sok kudarcot vallanak. Senki sem tudja, hol vannak a dolgok.<\/p>\n\n\n<h5 class=\"wp-block-heading\">Mit csin\u00e1l az AI<\/h5>\n\n\n<p><strong>Automatikusan ir\u00e1ny\u00edtja a feladatokat.<\/strong><br \/>\nEz a megrendel\u00e9s az A rakt\u00e1rba megy, ez a k\u00e9r\u00e9s pedig a B csapathoz. Az AI ismeri a szab\u00e1lyokat, \u00e9s azonnal alkalmazza \u0151ket.<\/p>\n\n<p><strong>Intelligens m\u00f3don kezeli a j\u00f3v\u00e1hagy\u00e1sokat.<\/strong><br \/>\nNorm\u00e1l k\u00e9r\u00e9s a k\u00fcsz\u00f6b\u00e9rt\u00e9k alatt? Automatikusan j\u00f3v\u00e1hagyva. Szokatlan k\u00e9relem? A megfelel\u0151 szem\u00e9lyhez ir\u00e1ny\u00edtjuk a kontextussal egy\u00fctt.<\/p>\n\n<p><strong>Figyeli a folyamat\u00e1raml\u00e1st.<\/strong><br \/>\nHol akadtak el a dolgok? Melyik l\u00e9p\u00e9s a sz\u0171k keresztmetszet? A mesters\u00e9ges intelligencia minden feladatot nyomon k\u00f6vet minden f\u00e1zison kereszt\u00fcl.<\/p>\n\n<p><strong>Kor\u00e1n elkapja a kiv\u00e9teleket.<\/strong><br \/>\nRendelje meg a hi\u00e1nyz\u00f3 inform\u00e1ci\u00f3kat? A l\u00e9p\u00e9s t\u00fal sok\u00e1ig tart? Nem k\u00f6vetik a SOP-t? Az AI m\u00e9g azel\u0151tt jelzi a probl\u00e9m\u00e1kat, hogy azok felgyorsuln\u00e1nak.<\/p>\n\n<p><strong>Biztos\u00edtja az elj\u00e1r\u00e1sok betart\u00e1s\u00e1t.<\/strong><br \/>\nAz egyes l\u00e9p\u00e9sek a megfelel\u0151 sorrendben t\u00f6rt\u00e9ntek? Kit\u00f6lt\u00f6tt\u00e9k az ellen\u0151rz\u0151 list\u00e1t? A mesters\u00e9ges intelligencia automatikusan ellen\u0151rzi a folyamatok megfelel\u0151s\u00e9g\u00e9t.<\/p>\n\n\n<h5 class=\"wp-block-heading\">Mit jelent ez az \u00d6n sz\u00e1m\u00e1ra<\/h5>\n\n\n<ul>\n<li><strong>COO-knak:<\/strong> Egys\u00e9ges folyamatok a k\u00fcl\u00f6nb\u00f6z\u0151 helysz\u00edneken. Kevesebb hiba. Jobb ellen\u0151rz\u00e9si nyomvonalak. Sk\u00e1l\u00e1zhat\u00f3 m\u0171veletek.<\/li>\n<li><strong>\u00dczemeltet\u00e9si vezet\u0151k sz\u00e1m\u00e1ra:<\/strong> Tudja, hol van minden. Ne hajszolja tov\u00e1bb a j\u00f3v\u00e1hagy\u00e1sokat. Koncentr\u00e1ljon a kiv\u00e9telekre, ne a rutinra.<\/li>\n<li><strong>Csapatoknak:<\/strong> Tiszta feladatok. Vil\u00e1gos priorit\u00e1sok. Nincs t\u00f6bb\u00e9 \"min dolgozzak legk\u00f6zelebb?\".<\/li>\n<\/ul>\n\n<p><a href=\"https:\/\/www.leaplytics.de\/hu\/folyamat-automatizalas-munkafolyamat-ai\/\">Tov\u00e1bbi inform\u00e1ci\u00f3 az AI for Process Automation &amp; Workflow \u2192<\/a><\/p>\n\n\n<hr class=\"wp-block-separator has-alpha-channel-opacity\"\/>\n\n\n\n<h4 class=\"wp-block-heading\">3. Min\u0151s\u00e9gellen\u0151rz\u00e9s \u00e9s fel\u00fcgyelet<\/h4>\n\n\n<p>A min\u0151s\u00e9gi probl\u00e9m\u00e1k dr\u00e1g\u00e1k. Hib\u00e1k. Visszat\u00e9r\u00e9sek. \u00dajrafeldolgoz\u00e1s. Vev\u0151i panaszok. Legrosszabb esetben visszah\u00edv\u00e1sok.<\/p>\n<p>A probl\u00e9m\u00e1k korai felismer\u00e9se a legfontosabb. De mindent k\u00e9zzel ellen\u0151rizni? Az nem sk\u00e1l\u00e1zhat\u00f3.<\/p>\n\n\n<h5 class=\"wp-block-heading\">Mit csin\u00e1l az AI<\/h5>\n\n\n<p><strong>Folyamatosan figyelemmel k\u00eds\u00e9ri a min\u0151s\u00e9gi m\u00e9r\u0151sz\u00e1mokat.<\/strong><br \/>\nNem sz\u00far\u00f3pr\u00f3baszer\u0171 ellen\u0151rz\u00e9sek - folyamatos ellen\u0151rz\u00e9s. Az AI figyeli a termel\u00e9si adatokat, \u00e9s jelzi, ha valami elt\u00e9r a specifik\u00e1ci\u00f3t\u00f3l.<\/p>\n\n<p><strong>Automatikusan \u00e9szleli a hib\u00e1kat.<\/strong><br \/>\nA mesters\u00e9ges intelligenci\u00e1val v\u00e9gzett vizu\u00e1lis ellen\u0151rz\u00e9s felt\u00e1rja azokat a hib\u00e1kat, amelyeket az emberek nem vesznek \u00e9szre. K\u00fcl\u00f6n\u00f6sen a nagy volumen\u0171, ism\u00e9tl\u0151d\u0151 ellen\u0151rz\u00e9sekn\u00e9l.<\/p>\n\n<p><strong>El\u0151re jelzi a berendez\u00e9sek meghib\u00e1sod\u00e1s\u00e1t.<\/strong><br \/>\nRezg\u00e9smint\u00e1k. H\u0151m\u00e9rs\u00e9kleti tendenci\u00e1k. Teljes\u00edtm\u00e9nyroml\u00e1s. A mesters\u00e9ges intelligencia m\u00e9g a g\u00e9pek meghib\u00e1sod\u00e1sa el\u0151tt \u00e9szreveszi a figyelmeztet\u0151 jeleket.<\/p>\n\n<p><strong>A min\u0151s\u00e9gi probl\u00e9m\u00e1kat a kiv\u00e1lt\u00f3 okokig k\u00f6veti.<\/strong><br \/>\nMelyik t\u00e9tel? Melyik besz\u00e1ll\u00edt\u00f3? Melyik g\u00e9p? Melyik m\u0171szak? A mesters\u00e9ges intelligencia a min\u0151s\u00e9gi probl\u00e9m\u00e1kat a forr\u00e1sukhoz k\u00f6ti.<\/p>\n\n<p><strong>Biztos\u00edtja a megfelel\u0151s\u00e9gi dokument\u00e1ci\u00f3t.<\/strong><br \/>\nMin\u0151s\u00e9gi nyilv\u00e1ntart\u00e1sok. Vizsg\u00e1lati eredm\u00e9nyek. Tan\u00fas\u00edtv\u00e1nyok. Az AI rendszerezi a dokument\u00e1ci\u00f3t \u00e9s jelzi a hi\u00e1nyoss\u00e1gokat.<\/p>\n\n\n<h5 class=\"wp-block-heading\">Mit jelent ez az \u00d6n sz\u00e1m\u00e1ra<\/h5>\n\n\n<ul>\n<li><strong>COO-knak:<\/strong> Kevesebb hiba jut el az \u00fcgyfelekhez. Alacsonyabb ut\u00f3munka k\u00f6lts\u00e9gek. Jobb megfelel\u00e9s. V\u00e9dett h\u00edrn\u00e9v.<\/li>\n<li><strong>Min\u0151s\u00e9g\u00fcgyi vezet\u0151k sz\u00e1m\u00e1ra:<\/strong> Kor\u00e1bban felfogni a probl\u00e9m\u00e1kat. T\u00f6lts\u00f6n id\u0151t a gy\u00f6keres okok elemz\u00e9s\u00e9re, ne pedig a k\u00e9zi ellen\u0151rz\u00e9sre.<\/li>\n<li><strong>Termel\u0151csapatok sz\u00e1m\u00e1ra:<\/strong> Val\u00f3s idej\u0171 visszajelz\u00e9s. Jav\u00edtsa ki a probl\u00e9m\u00e1kat, miel\u0151tt azok elszaporodn\u00e1nak.<\/li>\n<\/ul>\n\n<p><a href=\"https:\/\/www.leaplytics.de\/hu\/minosegellenorzes-monitoring-ai\/\">Tudjon meg t\u00f6bbet az AI for Quality Control &amp; Monitoring \u2192<\/a><\/p>\n\n\n<hr class=\"wp-block-separator has-alpha-channel-opacity\"\/>\n\n\n\n<h4 class=\"wp-block-heading\">4. Er\u0151forr\u00e1s-tervez\u00e9s \u00e9s \u00fctemez\u00e9s<\/h4>\n\n\n<p>Az \u00fctemez\u00e9s egy rejtv\u00e9ny. Emberek. Berendez\u00e9s. Kapacit\u00e1s. Ig\u00e9ny. Korl\u00e1tok. Mindennek \u00f6ssze kell illeszkednie.<\/p>\n<p>\u00c9s ez folyamatosan v\u00e1ltozik. Valaki beteget jelent. Egy g\u00e9p elromlik. S\u00fcrg\u0151s megrendel\u00e9s \u00e9rkezik. \u00dajrakezdj\u00fck.<\/p>\n\n\n<h5 class=\"wp-block-heading\">Mit csin\u00e1l az AI<\/h5>\n\n\n<p><strong>Optimaliz\u00e1lt \u00fctemterveket hoz l\u00e9tre.<\/strong><br \/>\nA kereslet, a kapacit\u00e1s, a k\u00e9szs\u00e9gek \u00e9s a korl\u00e1tok ismeret\u00e9ben a mesters\u00e9ges intelligencia olyan \u00fctemterveket k\u00e9sz\u00edt, amelyek val\u00f3ban m\u0171k\u00f6dnek. Gyorsabban, mint b\u00e1rmelyik ember.<\/p>\n\n<p><strong>Kiegyens\u00falyozza a munkaterhel\u00e9st.<\/strong><br \/>\nNincs olyan csapat, amelyik t\u00falterhelt, m\u00edg a m\u00e1sik t\u00e9tlen\u00fcl \u00fcl. A mesters\u00e9ges intelligencia a kapacit\u00e1sok \u00e9s a k\u00e9szs\u00e9gek alapj\u00e1n osztja el a munk\u00e1t.<\/p>\n\n<p><strong>Val\u00f3s id\u0151ben alkalmazkodik a v\u00e1ltoz\u00e1sokhoz.<\/strong><br \/>\nT\u00e1voll\u00e9t? Le\u00e1llt a berendez\u00e9s? S\u00fcrg\u0151s megrendel\u00e9s? A mesters\u00e9ges intelligencia \u00fajrasz\u00e1mol \u00e9s kiigaz\u00edt\u00e1sokat javasol.<\/p>\n\n<p><strong>El\u0151rejelzi a kapacit\u00e1sig\u00e9nyeket.<\/strong><br \/>\nA kereslet el\u0151rejelz\u00e9sei alapj\u00e1n a mesters\u00e9ges intelligencia megj\u00f3solja, hogy mikor lesz sz\u00fcks\u00e9ge t\u00f6bb kapacit\u00e1sra - m\u00e9g miel\u0151tt hi\u00e1nyt szenvedne.<\/p>\n\n<p><strong>\u00d6sszehasonl\u00edtja a k\u00e9szs\u00e9geket a feladatokkal.<\/strong><br \/>\nKi alkalmas erre a munk\u00e1ra? Ki \u00e1ll rendelkez\u00e9sre? Az AI figyelembe veszi a k\u00e9pes\u00edt\u00e9seket, a tapasztalatot \u00e9s a rendelkez\u00e9sre \u00e1ll\u00e1st.<\/p>\n\n\n<h5 class=\"wp-block-heading\">Mit jelent ez az \u00d6n sz\u00e1m\u00e1ra<\/h5>\n\n\n<ul>\n<li><strong>COO-knak:<\/strong> Magasabb kihaszn\u00e1lts\u00e1g. Alacsonyabb t\u00fal\u00f3rak\u00f6lts\u00e9gek. Jobb sz\u00e1ll\u00edt\u00e1si teljes\u00edtm\u00e9ny. M\u0171k\u00f6d\u0151 kapacit\u00e1stervez\u00e9s.<\/li>\n<li><strong>\u00dczemeltet\u00e9si vezet\u0151k sz\u00e1m\u00e1ra:<\/strong> Ne t\u00f6lts\u00f6n t\u00f6bb \u00f3r\u00e1t a menetrendekkel. Gyorsan alkalmazkodjon, ha a dolgok v\u00e1ltoznak.<\/li>\n<li><strong>Csapatoknak:<\/strong> M\u00e9lt\u00e1nyos munkaterhel\u00e9s. Tiszta \u00fctemterv. Kevesebb v\u00e1ltoz\u00e1s az utols\u00f3 pillanatban.<\/li>\n<\/ul>\n\n<p><a href=\"https:\/\/www.leaplytics.de\/hu\/eroforras-tervezes-utemezes-ai\/\">Tudjon meg t\u00f6bbet az AI for Resource Planning &amp; Scheduling \u2192<\/a><\/p>\n\n\n<hr class=\"wp-block-separator has-alpha-channel-opacity\"\/>\n\n\n\n<h4 class=\"wp-block-heading\">5. Operat\u00edv jelent\u00e9sk\u00e9sz\u00edt\u00e9s \u00e9s analitika<\/h4>\n\n\n<p>Nem tudsz jav\u00edtani azon, amit nem l\u00e1tsz. Az operat\u00edv adatok azonban sz\u00e9tsz\u00f3rtak. K\u00fcl\u00f6nb\u00f6z\u0151 rendszerek. K\u00fcl\u00f6nb\u00f6z\u0151 form\u00e1tumok. A tiszta k\u00e9p megismer\u00e9se \u00f3r\u00e1kba telik.<\/p>\n<p>Mire megkapja a jelent\u00e9st, a helyzet m\u00e1r megv\u00e1ltozott.<\/p>\n\n\n<h5 class=\"wp-block-heading\">Mit csin\u00e1l az AI<\/h5>\n\n\n<p><strong>\u00d6sszevonja az adatokat mindenhonnan.<\/strong><br \/>\nERP. WMS. MES. T\u00e1bl\u00e1zatok. IoT-\u00e9rz\u00e9kel\u0151k. A mesters\u00e9ges intelligencia egyetlen n\u00e9zetbe foglalja mindezt.<\/p>\n\n<p><strong>Val\u00f3s id\u0151ben k\u00f6veti a KPI-ket.<\/strong><br \/>\nOEE. Id\u0151ben t\u00f6rt\u00e9n\u0151 sz\u00e1ll\u00edt\u00e1s. \u00c1tereszt\u0151k\u00e9pess\u00e9g. ciklusid\u0151. A mesters\u00e9ges intelligencia figyeli a fontos dolgokat, \u00e9s figyelmezteti \u00d6nt, ha a m\u00e9r\u0151sz\u00e1mok elt\u00e9rnek.<\/p>\n\n<p><strong>Automatikusan azonos\u00edtja a sz\u0171k keresztmetszeteket.<\/strong><br \/>\nHol van a k\u00e9nyszer? Mi lass\u00edtja a dolgokat? A mesters\u00e9ges intelligencia elemzi az \u00e1raml\u00e1st, \u00e9s r\u00e1mutat a probl\u00e9m\u00e1ra.<\/p>\n\n<p><strong>Megmagyar\u00e1zza a teljes\u00edtm\u00e9nyv\u00e1ltoz\u00e1sokat.<\/strong><br \/>\n\"Az \u00e1tereszt\u0151k\u00e9pess\u00e9g 8%-tel cs\u00f6kkent, mert a 3-as g\u00e9pnek 45 perccel t\u00f6bb \u00e1ll\u00e1sideje volt az \u00e1tlagosn\u00e1l.\" Az AI \u00f6sszek\u00f6ti a pontokat.<\/p>\n\n<p><strong>Operat\u00edv jelent\u00e9seket k\u00e9sz\u00edt.<\/strong><br \/>\nNapi \u00f6sszefoglal\u00f3k. M\u0171szak\u00e1tad\u00e1si jelent\u00e9sek. Heti fel\u00fclvizsg\u00e1latok. A mesters\u00e9ges intelligencia automatikusan l\u00e9trehozza ezeket.<\/p>\n\n\n<h5 class=\"wp-block-heading\">Mit jelent ez az \u00d6n sz\u00e1m\u00e1ra<\/h5>\n\n\n<ul>\n<li><strong>COO-knak:<\/strong> Val\u00f3di r\u00e1l\u00e1t\u00e1s a m\u0171veletekre. Adatvez\u00e9relt d\u00f6nt\u00e9sek. A probl\u00e9m\u00e1k korai felismer\u00e9se.<\/li>\n<li><strong>\u00dczemeltet\u00e9si vezet\u0151k sz\u00e1m\u00e1ra:<\/strong> Hagyja abba a jelent\u00e9sek k\u00e9zi \u00f6ssze\u00e1ll\u00edt\u00e1s\u00e1t. Tudja, mi t\u00f6rt\u00e9nik most, ne tegnap.<\/li>\n<li><strong>Csapatoknak:<\/strong> Egy\u00e9rtelm\u0171 teljes\u00edtm\u00e9ny-visszacsatol\u00e1s. Annak meg\u00e9rt\u00e9se, hogy munk\u00e1juk hogyan illeszkedik a nagyobb k\u00e9pbe.<\/li>\n<\/ul>\n\n<p><em>Fontos: a mesters\u00e9ges intelligencia \u00e1tl\u00e1that\u00f3s\u00e1got \u00e9s elemz\u00e9st biztos\u00edt, de az operat\u00edv \u00edt\u00e9l\u0151k\u00e9pess\u00e9g tov\u00e1bbra is fontos. A sz\u00e1moknak olyan kontextusra van sz\u00fcks\u00e9g\u00fck, amellyel csak az \u00d6n csapata rendelkezik.<\/em><\/p>\n\n\n<hr class=\"wp-block-separator has-alpha-channel-opacity\"\/>\n\n\n\n<h3 class=\"wp-block-heading\">Amit az AI nem fog megtenni<\/h3>\n\n\n<p>Legy\u00fcnk tiszt\u00e1ban a korl\u00e1tokkal.<\/p>\n<p>A mesters\u00e9ges intelligencia nem helyettes\u00edti az \u00fczemeltet\u00e9si szakembereket. Nem kezeli a d\u00fch\u00f6s \u00fcgyf\u00e9lh\u00edv\u00e1sokat. Nem t\u00e1rgyal a besz\u00e1ll\u00edt\u00f3val. Nem teszi meg a neh\u00e9z kompromisszumot, amikor egyszerre minden rosszul megy.<\/p>\n<p>Kezeli a rutint. A fel\u00fcgyeletet. Az \u00fctemez\u00e9st. A mint\u00e1k felismer\u00e9s\u00e9t. A jelent\u00e9s els\u0151 v\u00e1zlata.<\/p>\n<p>A m\u0171veleti csapatod m\u00e9g mindig gondolkodik. Csak gyorsabban v\u00e9gzik, mert \u00e1tl\u00e1that\u00f3ak, \u00e9s a piszkos munk\u00e1t m\u00e1r elv\u00e9gezt\u00e9k.<\/p>\n\n\n<hr class=\"wp-block-separator has-alpha-channel-opacity\"\/>\n\n\n\n<h3 class=\"wp-block-heading\">A l\u00e9nyeg<\/h3>\n\n\n<p>Az AI-t j\u00f3l haszn\u00e1l\u00f3 oper\u00e1ci\u00f3s csapatok nem dolgoznak kevesebbet. M\u00e1sk\u00e9pp dolgoznak.<\/p>\n<p>A k\u00fcldem\u00e9nyek k\u00e9zi nyomon k\u00f6vet\u00e9se helyett a kiv\u00e9teleket kezelik. Ahelyett, hogy a semmib\u0151l \u00e1ll\u00edtan\u00e1k \u00f6ssze a menetrendeket, kiigaz\u00edtj\u00e1k \u00e9s optimaliz\u00e1lj\u00e1k azokat. Az adatok vad\u00e1sz\u00e1sa helyett elemeznek \u00e9s d\u00f6ntenek.<\/p>\n<p>Az eredm\u00e9ny:<\/p>\n<ul>\n<li>Nagyobb \u00e1tbocs\u00e1t\u00f3k\u00e9pess\u00e9g ugyanazokkal az er\u0151forr\u00e1sokkal<\/li>\n<li>Kevesebb k\u00e9szlethi\u00e1ny \u00e9s k\u00e9sedelem<\/li>\n<li>Alacsonyabb m\u0171k\u00f6d\u00e9si k\u00f6lts\u00e9gek<\/li>\n<li>Az \u00fczemeltet\u00e9si szakemberek val\u00f3di probl\u00e9m\u00e1kat oldanak meg, nem pedig inform\u00e1ci\u00f3kat hajszolnak.<\/li>\n<li>Jobb vev\u0151i sz\u00e1ll\u00edt\u00e1si teljes\u00edtm\u00e9ny<\/li>\n<\/ul>\n<p>Ez nem arr\u00f3l sz\u00f3l, hogy lecser\u00e9lj\u00fck a csapat\u00e1t. Hanem arr\u00f3l, hogy hat\u00e9konyabb\u00e1 tegy\u00fck \u0151ket.<\/p>\n\n\n<hr class=\"wp-block-separator has-alpha-channel-opacity\"\/>\n\n\n\n<h3 class=\"wp-block-heading\">K\u00e9szen \u00e1ll, hogy megn\u00e9zze, mi lehets\u00e9ges?<\/h3>\n\n\n<p>Minden m\u0171veleti csapat m\u00e1s \u00e9s m\u00e1s. Az \u00d6n folyamatai nem olyanok, mint b\u00e1rki m\u00e1s\u00e9. Az \u00f6n\u00f6k korl\u00e1tainak megvannak a maguk furcsas\u00e1gai. Az \u00d6n priorit\u00e1sai az \u00d6n \u00fczleti tev\u00e9kenys\u00e9g\u00e9t\u0151l f\u00fcggnek.<\/p>\n<p>Mi nem adunk el egym\u00e9ret\u0171 megold\u00e1sokat. Az \u00d6n egyedi m\u0171veleteit vizsg\u00e1ljuk. Azonos\u00edtjuk, hogy a mesters\u00e9ges intelligencia hol tud seg\u00edteni. Olyan rendszereket \u00e9p\u00edt\u00fcnk, amelyek illeszkednek az \u00d6n munkam\u00f3dszer\u00e9hez.<\/p>\n<p>Nincs hype. Nincs \u00edg\u00e9ret, amit nem tudunk betartani. Csak gyakorlatias mesters\u00e9ges intelligencia, amely hat\u00e9konyabb\u00e1 teszi a m\u0171veleteket.<\/p>\n\n<p><a href=\"https:\/\/www.leaplytics.de\/hu\/kontakt\/\">Besz\u00e9lj\u00fcnk a m\u0171veleteir\u0151l<\/a><\/p>\n\n<p><a href=\"https:\/\/www.leaplytics.de\/hu\/mesterseges-intelligencia\/\">\u00d6sszes AI szolg\u00e1ltat\u00e1s megtekint\u00e9se<\/a><\/p>","protected":false},"excerpt":{"rendered":"<p>Your Operations Team Has Too Much Work. AI Can Help. Operations work is coordination work. Orders. Inventory. Schedules. Quality checks. A thousand moving pieces that need to fit together. Most of it follows patterns. Track the shipment. Check the stock level. Route the task. Flag the exception. Answer &#8220;where&#8217;s my order?&#8221; again. AI is built &hellip; <\/p>","protected":false},"author":2,"featured_media":0,"parent":0,"menu_order":0,"comment_status":"closed","ping_status":"closed","template":"","meta":{"footnotes":""},"class_list":["post-14398","page","type-page","status-publish","hentry","latest_post"],"_links":{"self":[{"href":"https:\/\/www.leaplytics.de\/hu\/wp-json\/wp\/v2\/pages\/14398","targetHints":{"allow":["GET"]}}],"collection":[{"href":"https:\/\/www.leaplytics.de\/hu\/wp-json\/wp\/v2\/pages"}],"about":[{"href":"https:\/\/www.leaplytics.de\/hu\/wp-json\/wp\/v2\/types\/page"}],"author":[{"embeddable":true,"href":"https:\/\/www.leaplytics.de\/hu\/wp-json\/wp\/v2\/users\/2"}],"replies":[{"embeddable":true,"href":"https:\/\/www.leaplytics.de\/hu\/wp-json\/wp\/v2\/comments?post=14398"}],"version-history":[{"count":2,"href":"https:\/\/www.leaplytics.de\/hu\/wp-json\/wp\/v2\/pages\/14398\/revisions"}],"predecessor-version":[{"id":14509,"href":"https:\/\/www.leaplytics.de\/hu\/wp-json\/wp\/v2\/pages\/14398\/revisions\/14509"}],"wp:attachment":[{"href":"https:\/\/www.leaplytics.de\/hu\/wp-json\/wp\/v2\/media?parent=14398"}],"curies":[{"name":"wp","href":"https:\/\/api.w.org\/{rel}","templated":true}]}}