{"id":14402,"date":"2025-12-18T23:52:33","date_gmt":"2025-12-18T22:52:33","guid":{"rendered":"https:\/\/www.leaplytics.de\/?page_id=14402"},"modified":"2025-12-19T01:57:41","modified_gmt":"2025-12-19T00:57:41","slug":"marketing-ertekesites-ai","status":"publish","type":"page","link":"https:\/\/www.leaplytics.de\/hu\/marketing-ertekesites-ai\/","title":{"rendered":"Marketing \/ \u00e9rt\u00e9kes\u00edt\u00e9si AI"},"content":{"rendered":"<h2>A marketing \u00e9s \u00e9rt\u00e9kes\u00edt\u00e9si csapat\u00e1nak t\u00fal sok a munk\u00e1ja. Az AI seg\u00edthet.<\/h2>\n\n<p>A marketing \u00e9s az \u00e9rt\u00e9kes\u00edt\u00e9si munka emberi munka. Vezet\u00e9sek. \u00c9rdekl\u0151d\u0151k. \u00dcgyfelek. Kamp\u00e1nyok. \u00dczenetek. Folyamatos er\u0151fesz\u00edt\u00e9s a vev\u0151k megtal\u00e1l\u00e1s\u00e1ra, meggy\u0151z\u00e9s\u00e9re \u00e9s megtart\u00e1s\u00e1ra.<\/p>\n<p>A legt\u00f6bbje mint\u00e1kat k\u00f6vet. Szerezd meg a vezet\u00e9st. \u00cdrja meg az e-mailt. Szegment\u00e1ld a list\u00e1t. Friss\u00edtsd a CRM-et. K\u00f6vesd \u00fajra.<\/p>\n<p>A mesters\u00e9ges intelligenci\u00e1t erre tervezt\u00e9k. Gyorsabban elemez, mint b\u00e1rmelyik ember. Soha nem felejti el a nyomon k\u00f6vet\u00e9st. Soha nem k\u00fcld rossz \u00fczenetet a rossz szegmensnek.<\/p>\n<p>Ez nem helyettes\u00edti a marketing- \u00e9s \u00e9rt\u00e9kes\u00edt\u00e9si csapatot. Gyorsabb\u00e1 teszi \u0151ket. A rutinfeladatokkal foglalkozik, \u00edgy az emberei a kapcsolatokra \u00e9s a strat\u00e9gi\u00e1ra koncentr\u00e1lhatnak.<\/p>\n\n\n<hr class=\"wp-block-separator has-alpha-channel-opacity\"\/>\n\n\n\n<h3 class=\"wp-block-heading\">A mai marketing \u00e9s \u00e9rt\u00e9kes\u00edt\u00e9si munka val\u00f3s\u00e1ga<\/h3>\n\n\n<p>A marketing- \u00e9s \u00e9rt\u00e9kes\u00edt\u00e9si csapatok megfesz\u00edtettek. Tov\u00e1bbi csatorn\u00e1k. Nagyobb a verseny. Magasabb elv\u00e1r\u00e1sok. Sz\u0171kebb k\u00f6lts\u00e9gvet\u00e9sek.<\/p>\n<p>A marketingesek \u00f3r\u00e1kat t\u00f6ltenek olyan tartalmakkal, amelyek nem biztos, hogy c\u00e9lba \u00e9rnek. Az \u00e9rt\u00e9kes\u00edt\u0151k olyan \u00fcgyfeleket \u00fcld\u00f6znek, amelyek nem vezetnek sehova. Az adatok a rendszerekben vannak, de senkinek sincs ideje elemezni \u0151ket.<\/p>\n<p>A j\u00f3 kapcsolatok kih\u0171lnek, mert a nyomon k\u00f6vet\u00e9s t\u00fal sok\u00e1ig tartott. A kamp\u00e1nyok egy\u00e9rtelm\u0171 ROI n\u00e9lk\u00fcl futnak. Mindenki elfoglalt, de az eredm\u00e9nyek nem felelnek meg az er\u0151fesz\u00edt\u00e9seknek.<\/p>\n<p>Nem az\u00e9rt, mert az emberek nem v\u00e9gzik j\u00f3l a munk\u00e1jukat. Mert egyszer\u0171en t\u00fal sok a tennival\u00f3, \u00e9s nincs el\u00e9g munkaid\u0151.<\/p>\n\n\n<hr class=\"wp-block-separator has-alpha-channel-opacity\"\/>\n\n\n\n<h3 class=\"wp-block-heading\">Ahol az AI val\u00f3di k\u00fcl\u00f6nbs\u00e9get jelent<\/h3>\n\n\n<p>A mesters\u00e9ges intelligencia ott m\u0171k\u00f6dik a legjobban, ahol vannak adatok \u00e9s mint\u00e1k. A marketing \u00e9s az \u00e9rt\u00e9kes\u00edt\u00e9s mindkett\u0151vel rendelkezik.<\/p>\n<p>\u00cdme \u00f6t ter\u00fclet, ahol az AI val\u00f3di eredm\u00e9nyeket hoz - nem hype-ot, hanem t\u00e9nyleges bev\u00e9teli hat\u00e1st \u00e9s id\u0151megtakar\u00edt\u00e1st.<\/p>\n\n\n<hr class=\"wp-block-separator has-alpha-channel-opacity\"\/>\n\n\n\n<h4 class=\"wp-block-heading\">1. Lead gener\u00e1l\u00e1s \u00e9s min\u0151s\u00edt\u00e9s<\/h4>\n\n\n<p>Nem minden lead egyforma. N\u00e9h\u00e1nyan v\u00e1s\u00e1rolni fognak. A legt\u00f6bb nem. Annak kider\u00edt\u00e9se, hogy melyik melyik, id\u0151be telik, amit elad\u00e1ssal lehetne t\u00f6lteni.<\/p>\n<p>Ek\u00f6zben a j\u00f3 nyomok elsz\u00e1llnak, mert nem kaptak el\u00e9g gyorsan figyelmet.<\/p>\n\n\n<h5 class=\"wp-block-heading\">Mit csin\u00e1l az AI<\/h5>\n\n\n<p><strong>Automatikusan pontozza a leadeket.<\/strong><br \/>\nA viselked\u00e9s, a demogr\u00e1fiai adatok \u00e9s a m\u00faltbeli mint\u00e1k alapj\u00e1n a mesters\u00e9ges intelligencia rangsorolja a legval\u00f3sz\u00edn\u0171bb v\u00e1s\u00e1rl\u00e1sokat. A forr\u00f3 \u00e9rdekl\u0151d\u0151k azonnal felsz\u00ednre ker\u00fclnek.<\/p>\n\n<p><strong>Azonos\u00edtja a v\u00e1s\u00e1rl\u00e1si jeleket.<\/strong><br \/>\nWeboldal l\u00e1togat\u00e1sok. Tartalom let\u00f6lt\u00e9sek. E-mailes elk\u00f6telezetts\u00e9g. A mesters\u00e9ges intelligencia \u00e9szreveszi, ha valaki viselked\u00e9se azt mondja, hogy \"k\u00e9szen \u00e1ll a v\u00e1s\u00e1rl\u00e1sra\".<\/p>\n\n<p><strong>K\u00e9rd\u00e9sekkel min\u0151s\u00edti az \u00e9rdekl\u0151d\u0151ket.<\/strong><br \/>\nChatbotok \u00e9s \u0171rlapok, amelyek a megfelel\u0151 k\u00e9rd\u00e9seket teszik fel. A mesters\u00e9ges intelligencia \u00f6sszegy\u0171jti a min\u0151s\u00edt\u00e9si inform\u00e1ci\u00f3kat, miel\u0151tt az ember k\u00f6zbel\u00e9pne.<\/p>\n\n<p><strong>Gazdag\u00edtja az \u00f3lomadatokat.<\/strong><br \/>\nV\u00e1llalat m\u00e9rete. Ipar\u00e1g. Szerep. A mesters\u00e9ges intelligencia kit\u00f6lti a hi\u00e1nyz\u00f3 inform\u00e1ci\u00f3kat, hogy \u00d6n tudja, kivel besz\u00e9l.<\/p>\n\n<p><strong>A megfelel\u0151 szem\u00e9lyhez vezet.<\/strong><br \/>\nV\u00e1llalatvezet\u00e9s? A v\u00e1llalati \u00e9rt\u00e9kes\u00edt\u00e9shez megy. Kisv\u00e1llalkoz\u00e1s? M\u00e1sik csapat. A mesters\u00e9ges intelligencia automatikusan hozz\u00e1rendeli a leadeket a k\u00e9pvisel\u0151kh\u00f6z.<\/p>\n\n\n<h5 class=\"wp-block-heading\">Mit jelent ez az \u00d6n sz\u00e1m\u00e1ra<\/h5>\n\n\n<ul>\n<li><strong>\u00c9rt\u00e9kes\u00edt\u00e9si igazgat\u00f3k sz\u00e1m\u00e1ra:<\/strong> A k\u00e9pvisel\u0151k id\u0151t ford\u00edtanak a konvert\u00e1lt \u00fcgyfelekre. Magasabb nyer\u00e9si ar\u00e1ny. R\u00f6videbb \u00e9rt\u00e9kes\u00edt\u00e9si ciklusok.<\/li>\n<li><strong>\u00c9rt\u00e9kes\u00edt\u0151knek:<\/strong> Ne tal\u00e1lgassa tov\u00e1bb, hogy kit h\u00edvjon. Dolgozzon a legval\u00f3sz\u00edn\u0171bben lez\u00e1rhat\u00f3 \u00fcgyfelekkel. Kevesebb id\u0151t t\u00f6lt a zs\u00e1kutc\u00e1kban.<\/li>\n<li><strong>Az \u00fczlet\u00e9rt:<\/strong> Gyorsabb reag\u00e1l\u00e1s a forr\u00f3 \u00e9rdekl\u0151d\u0151kre. Jobb konverzi\u00f3s ar\u00e1ny. Alacsonyabb akviz\u00edci\u00f3s k\u00f6lts\u00e9gek.<\/li>\n<\/ul>\n\n<p><a href=\"https:\/\/www.leaplytics.de\/hu\/lead-generalas-minosites-ai\/\">Tudjon meg t\u00f6bbet az AI for Lead Generation &amp; Qualification \u2192<\/a><\/p>\n\n\n<hr class=\"wp-block-separator has-alpha-channel-opacity\"\/>\n\n\n\n<h4 class=\"wp-block-heading\">2. Tartalomk\u00e9sz\u00edt\u00e9s \u00e9s szem\u00e9lyre szab\u00e1s<\/h4>\n\n\n<p>A tartalom t\u00e1pl\u00e1lja a g\u00e9pet. E-mailek. Hirdet\u00e9sek. K\u00f6z\u00f6ss\u00e9gi posztok. Landing oldalak. Term\u00e9kle\u00edr\u00e1sok. Mindenkinek t\u00f6bb tartalomra van sz\u00fcks\u00e9ge, gyorsabban.<\/p>\n<p>\u00c9s az \u00e1ltal\u00e1nos tartalom m\u00e1r nem m\u0171k\u00f6dik. Az emberek olyan \u00fczeneteket v\u00e1rnak, amelyek relev\u00e1nsnak \u00e9rzik \u0151ket.<\/p>\n\n\n<h5 class=\"wp-block-heading\">Mit csin\u00e1l az AI<\/h5>\n\n\n<p><strong>Gyorsan elk\u00e9sz\u00edti a tartalmat.<\/strong><br \/>\nE-mail m\u00e1solat. Hirdet\u00e9si vari\u00e1ci\u00f3k. K\u00f6z\u00f6ss\u00e9gi posztok. Term\u00e9kle\u00edr\u00e1sok. A mesters\u00e9ges intelligencia m\u00e1sodpercek alatt meg\u00edrja az els\u0151 v\u00e1zlatokat. \u00d6n szerkeszti \u00e9s finom\u00edtja.<\/p>\n\n<p><strong>M\u00e9retar\u00e1nyos vari\u00e1ci\u00f3kat hoz l\u00e9tre.<\/strong><br \/>\n10 verzi\u00f3ra van sz\u00fcks\u00e9ge az A\/B tesztel\u00e9shez? K\u00fcl\u00f6nb\u00f6z\u0151 sz\u00f6gek a k\u00fcl\u00f6nb\u00f6z\u0151 szegmensekhez? Az AI gyorsan gener\u00e1lja a lehet\u0151s\u00e9geket.<\/p>\n\n<p><strong>Szem\u00e9lyre szabja az \u00fczeneteket.<\/strong><br \/>\nK\u00fcl\u00f6nb\u00f6z\u0151 ipar\u00e1gakhoz k\u00fcl\u00f6nb\u00f6z\u0151 p\u00e9ld\u00e1nyok. K\u00fcl\u00f6nb\u00f6z\u0151 f\u00e1jdalmas pontok a k\u00fcl\u00f6nb\u00f6z\u0151 szerepek sz\u00e1m\u00e1ra. A mesters\u00e9ges intelligencia automatikusan a szegmensekhez igaz\u00edtja az \u00fczeneteket.<\/p>\n\n<p><strong>Optimaliz\u00e1lja a t\u00e1rgysorokat \u00e9s a c\u00edmsorokat.<\/strong><br \/>\nA kor\u00e1bban bev\u00e1lt sz\u00f6vegek alapj\u00e1n a mesters\u00e9ges intelligencia olyan sz\u00f6vegeket javasol, amelyeket nagyobb val\u00f3sz\u00edn\u0171s\u00e9ggel nyitnak meg \u00e9s kattintanak r\u00e1.<\/p>\n\n<p><strong>Fenntartja a m\u00e1rka hangj\u00e1t.<\/strong><br \/>\nTan\u00edtsd be az AI-t a st\u00edlusodra. Megtanulja a hangnemet \u00e9s k\u00f6vetkezetes tartalmat biztos\u00edt.<\/p>\n\n\n<h5 class=\"wp-block-heading\">Mit jelent ez az \u00d6n sz\u00e1m\u00e1ra<\/h5>\n\n\n<ul>\n<li><strong>CMO-k sz\u00e1m\u00e1ra:<\/strong> T\u00f6bb tartalomkibocs\u00e1t\u00e1s t\u00f6bb l\u00e9tsz\u00e1m n\u00e9lk\u00fcl. Gyorsabb kamp\u00e1nyok. Egys\u00e9ges m\u00e1rkahang m\u00e9retar\u00e1nyosan.<\/li>\n<li><strong>A marketingesek sz\u00e1m\u00e1ra:<\/strong> Kezdje \u00fcres oldalak helyett v\u00e1zlatokkal. T\u00f6lts\u00f6n id\u0151t a strat\u00e9gi\u00e1val, ne pedig az 50. e-mail vari\u00e1ci\u00f3 meg\u00edr\u00e1s\u00e1val.<\/li>\n<li><strong>Az \u00fczlet\u00e9rt:<\/strong> Visszhangot kelt\u0151 \u00fczenetek. Nagyobb elk\u00f6telezetts\u00e9g. Jobb konverzi\u00f3.<\/li>\n<\/ul>\n\n<p><em>Fontos: a mesters\u00e9ges intelligencia elk\u00e9sz\u00edti a tartalmat, de az \u00fczenet m\u00e9g mindig az ember\u00e9. Mindent vizsg\u00e1ljon \u00e1t, miel\u0151tt kiker\u00fcl.<\/em><\/p>\n\n<p><a href=\"https:\/\/www.leaplytics.de\/hu\/tartalomkeszites-szemelyre-szabas-ai\/\">Tov\u00e1bbi inform\u00e1ci\u00f3 az AI for Content Creation &amp; Personalization \u2192<\/a><\/p>\n\n\n<hr class=\"wp-block-separator has-alpha-channel-opacity\"\/>\n\n\n\n<h4 class=\"wp-block-heading\">3. \u00dcgyf\u00e9lismeret \u00e9s szegment\u00e1l\u00e1s<\/h4>\n\n\n<p>\u00d6n rendelkezik \u00fcgyf\u00e9ladatokkal. Rengeteg. V\u00e1s\u00e1rl\u00e1si el\u0151zm\u00e9nyek. Viselked\u00e9s. Demogr\u00e1fiai adatok. Interakci\u00f3k.<\/p>\n<p>De az adatok megl\u00e1t\u00e1sokk\u00e1 alak\u00edt\u00e1sa? Ehhez elemz\u00e9sre van sz\u00fcks\u00e9g. \u00c9s okos szegment\u00e1l\u00e1s? Ehhez m\u00e9g t\u00f6bbre van sz\u00fcks\u00e9g.<\/p>\n\n\n<h5 class=\"wp-block-heading\">Mit csin\u00e1l az AI<\/h5>\n\n\n<p><strong>Elemzi az \u00fcgyfelek viselked\u00e9s\u00e9t.<\/strong><br \/>\nMit tesznek a v\u00e1s\u00e1rl\u00f3k v\u00e1s\u00e1rl\u00e1s el\u0151tt? Miel\u0151tt elp\u00e1rtolnak? A mesters\u00e9ges intelligencia mint\u00e1kat tal\u00e1l a viselked\u00e9si adatokban.<\/p>\n\n<p><strong>Intelligens szegmenseket hoz l\u00e9tre.<\/strong><br \/>\nNem csak demogr\u00e1fiai - viselked\u00e9si szegmensek. Nagy \u00e9rt\u00e9k\u0171 \u00fcgyfelek. Vesz\u00e9lyeztetett \u00fcgyfelek. V\u00e1s\u00e1rl\u00e1sra k\u00e9sz potenci\u00e1lis \u00fcgyfelek. A mesters\u00e9ges intelligencia az embereket aszerint csoportos\u00edtja, hogy val\u00f3j\u00e1ban mit csin\u00e1lnak.<\/p>\n\n<p><strong>El\u0151re jelzi az elv\u00e1ndorl\u00e1st.<\/strong><br \/>\nMely \u00fcgyfelek fognak t\u00e1vozni? A mesters\u00e9ges intelligencia \u00e9szreveszi a figyelmeztet\u0151 jeleket, \u00edgy \u00d6n m\u00e9g azel\u0151tt cselekedhet, hogy elmenne.<\/p>\n\n<p><strong>Kisz\u00e1m\u00edtja az \u00e9lettartam-\u00e9rt\u00e9ket.<\/strong><br \/>\nMely \u00fcgyfelek \u00e9rik meg a legt\u00f6bbet az id\u0151 m\u00fal\u00e1s\u00e1val? Az AI pontozza az \u00e9rt\u00e9ket, \u00edgy \u00d6n tudja, hova \u00e9rdemes befektetni.<\/p>\n\n<p><strong>Kereszt\u00e9rt\u00e9kes\u00edt\u00e9si lehet\u0151s\u00e9gek azonos\u00edt\u00e1sa.<\/strong><br \/>\nA v\u00e1s\u00e1rl\u00e1si szok\u00e1sok alapj\u00e1n a mesters\u00e9ges intelligencia javaslatot tesz arra, hogy mely term\u00e9keket aj\u00e1nlja melyik v\u00e1s\u00e1rl\u00f3nak.<\/p>\n\n\n<h5 class=\"wp-block-heading\">Mit jelent ez az \u00d6n sz\u00e1m\u00e1ra<\/h5>\n\n\n<ul>\n<li><strong>CMO-k sz\u00e1m\u00e1ra:<\/strong> A marketingkiad\u00e1sok a megfelel\u0151 emberekhez ker\u00fclnek. Jobb ROI. Adatvez\u00e9relt d\u00f6nt\u00e9sek a tal\u00e1lgat\u00e1sok helyett.<\/li>\n<li><strong>A marketingesek sz\u00e1m\u00e1ra:<\/strong> Olyan szegmensek, amelyek val\u00f3ban sz\u00e1m\u00edtanak. A viselked\u00e9sre, nem csak a demogr\u00e1fiai adatokra ir\u00e1nyul\u00f3 kamp\u00e1nyok.<\/li>\n<li><strong>Az \u00fczlet\u00e9rt:<\/strong> Tartson meg t\u00f6bb \u00fcgyfelet. Adjon el t\u00f6bbet a megl\u00e9v\u0151 \u00fcgyfeleknek. \u00c9rtse meg, mi hajtja a bev\u00e9telt.<\/li>\n<\/ul>\n\n<p><a href=\"https:\/\/www.leaplytics.de\/hu\/customer-insights-szegmentacio-ai\/\">Tudjon meg t\u00f6bbet az AI for Customer Insights &amp; Segmentation \u2192<\/a><\/p>\n\n\n<hr class=\"wp-block-separator has-alpha-channel-opacity\"\/>\n\n\n\n<h4 class=\"wp-block-heading\">4. \u00c9rt\u00e9kes\u00edt\u00e9si cs\u0151vezet\u00e9k \u00e9s el\u0151rejelz\u00e9s<\/h4>\n\n\n<p>Az \u00e9rt\u00e9kes\u00edt\u00e9si el\u0151rejelz\u00e9s r\u00e9szben tudom\u00e1ny, r\u00e9szben v\u00e1gy\u00e1lom. A k\u00e9pvisel\u0151k optimist\u00e1k. Az \u00fcgyletek cs\u00fasznak. Az el\u0151rejelz\u00e9s minden h\u00e9ten v\u00e1ltozik.<\/p>\n<p>Ek\u00f6zben a menedzserek \u00f3r\u00e1kat t\u00f6ltenek a CRM-ben azzal, hogy kital\u00e1lj\u00e1k, mi az, ami t\u00e9nyleg be fog z\u00e1rulni.<\/p>\n\n\n<h5 class=\"wp-block-heading\">Mit csin\u00e1l az AI<\/h5>\n\n\n<p><strong>Pontsz\u00e1mok foglalkozik val\u00f3sz\u00edn\u0171s\u00e9ggel.<\/strong><br \/>\nA mesters\u00e9ges intelligencia az \u00fcgylet jellemz\u0151i \u00e9s a m\u00faltbeli mint\u00e1k alapj\u00e1n megj\u00f3solja, hogy mely \u00fcgyletek fognak t\u00e9nylegesen lez\u00e1rulni. Nem zsigeri adatok.<\/p>\n\n<p><strong>Azonos\u00edtja a kock\u00e1zatos \u00fczleteket.<\/strong><br \/>\nK\u00e9t hete semmi aktivit\u00e1s? Az \u00e9rdekeltek elhallgattak? A mesters\u00e9ges intelligencia jelzi azokat az \u00fcgyleteket, amelyek figyelmet ig\u00e9nyelnek, miel\u0151tt meghaln\u00e1nak.<\/p>\n\n<p><strong>Jav\u00edtja az el\u0151rejelz\u00e9s pontoss\u00e1g\u00e1t.<\/strong><br \/>\nA mesters\u00e9ges intelligencia a cs\u0151vezet\u00e9kadatokat \u00e9s a kor\u00e1bbi lez\u00e1r\u00e1si ar\u00e1nyokat vizsg\u00e1lja. El\u0151rejelz\u00e9st ad a mint\u00e1k, nem pedig az \u00edg\u00e9retek alapj\u00e1n.<\/p>\n\n<p><strong>Javasolja a k\u00f6vetkez\u0151 legjobb int\u00e9zked\u00e9seket.<\/strong><br \/>\nKit h\u00edvjon ma a k\u00e9pvisel\u0151? Melyik \u00fczletet kell nyomon k\u00f6vetni? A mesters\u00e9ges intelligencia rangsorolja az \u00fczleteket el\u0151reviv\u0151 tev\u00e9kenys\u00e9geket.<\/p>\n\n<p><strong>Elemzi a gy\u0151zelem\/vesztes\u00e9g mint\u00e1kat.<\/strong><br \/>\nMi\u00e9rt z\u00e1rulnak le az \u00fcgyletek? Mi\u00e9rt vesz\u00edtenek? A mesters\u00e9ges intelligencia mint\u00e1kat tal\u00e1l a gy\u0151zelmekben \u00e9s vesztes\u00e9gekben, \u00edgy megism\u00e9telheti, ami m\u0171k\u00f6dik.<\/p>\n\n\n<h5 class=\"wp-block-heading\">Mit jelent ez az \u00d6n sz\u00e1m\u00e1ra<\/h5>\n\n\n<ul>\n<li><strong>\u00c9rt\u00e9kes\u00edt\u00e9si igazgat\u00f3k sz\u00e1m\u00e1ra:<\/strong> El\u0151rejelz\u00e9sek, amelyekben megb\u00edzhat. A cs\u0151vezet\u00e9k \u00e1llapot\u00e1nak \u00e1tl\u00e1that\u00f3s\u00e1ga. Adatokon alapul\u00f3 coaching.<\/li>\n<li><strong>\u00c9rt\u00e9kes\u00edt\u0151knek:<\/strong> Tudja, hogy mely \u00fczletekre kell \u00f6sszpontos\u00edtania. Egy\u00e9rtelm\u0171 priorit\u00e1sok. Kevesebb id\u0151 a CRM friss\u00edt\u00e9s\u00e9re, t\u00f6bb id\u0151 az \u00e9rt\u00e9kes\u00edt\u00e9sre.<\/li>\n<li><strong>Az \u00fczlet\u00e9rt:<\/strong> Kisz\u00e1m\u00edthat\u00f3 bev\u00e9tel. Jobb tervez\u00e9s. Kevesebb negyed\u00e9v v\u00e9gi meglepet\u00e9s.<\/li>\n<\/ul>\n\n<p><a href=\"https:\/\/www.leaplytics.de\/hu\/ertekesitesi-csovezetek-elorejelzese-ai\/\">Tudjon meg t\u00f6bbet az AI for Sales Pipeline &amp; Forecasting \u2192<\/a><\/p>\n\n\n<hr class=\"wp-block-separator has-alpha-channel-opacity\"\/>\n\n\n\n<h4 class=\"wp-block-heading\">5. Kamp\u00e1nymenedzsment \u00e9s optimaliz\u00e1l\u00e1s<\/h4>\n\n\n<p>A kamp\u00e1nyok t\u00f6bb csatorn\u00e1n futnak. Email. K\u00f6z\u00f6ss\u00e9gi. Fizetett hirdet\u00e9sek. Tartalom. Esem\u00e9nyek. Mindegyiknek vannak m\u00e9r\u0151sz\u00e1mai. Mindegyik optimaliz\u00e1l\u00e1sra szorul.<\/p>\n<p>Annak kider\u00edt\u00e9se, hogy mi m\u0171k\u00f6dik - \u00e9s mi\u00e9rt - id\u0151t vesz ig\u00e9nybe, amire senkinek sincs ideje.<\/p>\n\n\n<h5 class=\"wp-block-heading\">Mit csin\u00e1l az AI<\/h5>\n\n\n<p><strong>Nyomon k\u00f6veti a teljes\u00edtm\u00e9nyt a csatorn\u00e1kon kereszt\u00fcl.<\/strong><br \/>\nAz \u00f6sszes kamp\u00e1nyod. Az \u00f6sszes m\u00e9r\u0151sz\u00e1ma. Egy n\u00e9zet. Az AI konszolid\u00e1lja az adatokat, hogy \u00d6n teljes k\u00e9pet kapjon.<\/p>\n\n<p><strong>Azonos\u00edtja, hogy mi m\u0171k\u00f6dik.<\/strong><br \/>\nMely kamp\u00e1nyok n\u00f6velik a bev\u00e9telt? Mely csatorn\u00e1k melyik szegmensben teljes\u00edtenek a legjobban? A mesters\u00e9ges intelligencia \u00f6sszekapcsolja a marketingtev\u00e9kenys\u00e9get az eredm\u00e9nyekkel.<\/p>\n\n<p><strong>Optimaliz\u00e1lja a k\u00f6lts\u00e9gvet\u00e9s eloszt\u00e1s\u00e1t.<\/strong><br \/>\nOtt k\u00f6lts\u00f6n t\u00f6bbet, ahol m\u0171k\u00f6dik. Kevesebbet ott, ahol nem. A mesters\u00e9ges intelligencia javaslatot tesz arra, hogyan lehet a k\u00f6lts\u00e9gvet\u00e9st a jobb megt\u00e9r\u00fcl\u00e9s \u00e9rdek\u00e9ben \u00e1tcsoportos\u00edtani.<\/p>\n\n<p><strong>Megj\u00f3solja a kamp\u00e1ny teljes\u00edtm\u00e9ny\u00e9t.<\/strong><br \/>\nAz ind\u00edt\u00e1s el\u0151tt a mesters\u00e9ges intelligencia becsl\u00e9seket k\u00e9sz\u00edt az eredm\u00e9nyekr\u0151l a hasonl\u00f3 kor\u00e1bbi kamp\u00e1nyok alapj\u00e1n. Kevesebb meglepet\u00e9s.<\/p>\n\n<p><strong>Automatiz\u00e1lja a rutinszer\u0171 optimaliz\u00e1l\u00e1sokat.<\/strong><br \/>\nSz\u00fcneteltesse az alulteljes\u00edt\u0151 hirdet\u00e9seket. \u00c1ll\u00edtsa be a liciteket. A k\u00f6lts\u00e9gvet\u00e9s \u00e1tcsoportos\u00edt\u00e1sa. A mesters\u00e9ges intelligencia automatikusan kezeli a taktikai m\u00f3dos\u00edt\u00e1sokat.<\/p>\n\n\n<h5 class=\"wp-block-heading\">Mit jelent ez az \u00d6n sz\u00e1m\u00e1ra<\/h5>\n\n\n<ul>\n<li><strong>CMO-k sz\u00e1m\u00e1ra:<\/strong> A marketingkiad\u00e1sok egy\u00e9rtelm\u0171 megt\u00e9r\u00fcl\u00e9se. Adatokon alapul\u00f3 k\u00f6lts\u00e9gvet\u00e9si d\u00f6nt\u00e9sek. A befektet\u00e9s sz\u00e1mokkal val\u00f3 igazol\u00e1sa.<\/li>\n<li><strong>A marketingesek sz\u00e1m\u00e1ra:<\/strong> Ne tal\u00e1lgassa tov\u00e1bb, mi m\u0171k\u00f6dik. Optimaliz\u00e1lj gyorsabban. T\u00f6lts\u00f6n id\u0151t strat\u00e9gi\u00e1val, ne t\u00e1bl\u00e1zatokkal.<\/li>\n<li><strong>Az \u00fczlet\u00e9rt:<\/strong> T\u00f6bb bev\u00e9tel egy marketingdoll\u00e1rra vet\u00edtve. Hat\u00e9kony n\u00f6veked\u00e9s. T\u00e9nylegesen eredm\u00e9nyes kamp\u00e1nyok.<\/li>\n<\/ul>\n\n<p><em>Fontos: az AI az adatok alapj\u00e1n optimaliz\u00e1l, de a marketing meg\u00edt\u00e9l\u00e9se m\u00e9g mindig sz\u00e1m\u00edt. Az AI nem ismeri az \u00d6n m\u00e1rkastrat\u00e9gi\u00e1j\u00e1t - \u00d6n ismeri.<\/em><\/p>\n\n<p><a href=\"https:\/\/www.leaplytics.de\/hu\/kampanymenedzsment-optimalizalas-ai\/\">Tudjon meg t\u00f6bbet az AI for Campaign Management &amp; Optimization \u2192<\/a><\/p>\n\n\n<hr class=\"wp-block-separator has-alpha-channel-opacity\"\/>\n\n\n\n<h3 class=\"wp-block-heading\">Amit az AI nem fog megtenni<\/h3>\n\n\n<p>Legy\u00fcnk tiszt\u00e1ban a korl\u00e1tokkal.<\/p>\n<p>Az AI nem helyettes\u00edti a marketing- \u00e9s \u00e9rt\u00e9kes\u00edt\u00e9si szakembereket. Nem \u00e9p\u00edt kapcsolatokat. Nem t\u00e1rgyal bonyolult \u00fcgyletekr\u0151l. Nem alak\u00edtja ki a m\u00e1rkastrat\u00e9gi\u00e1t, \u00e9s nem kezeli a feld\u00falt \u00fcgyfeleket, akiknek emberi \u00e9rint\u00e9sre van sz\u00fcks\u00e9g\u00fck.<\/p>\n<p>Kezeli a rutint. A pontoz\u00e1s. A tervez\u00e9st. Az elemz\u00e9st. Az optimaliz\u00e1l\u00e1st.<\/p>\n<p>A csapatod m\u00e9g mindig gondolkodik. Csak gyorsabban v\u00e9gzik, mert az adatok m\u00e1r k\u00e9szen \u00e1llnak, \u00e9s a munka m\u00e1r el van v\u00e9gezve.<\/p>\n\n\n<hr class=\"wp-block-separator has-alpha-channel-opacity\"\/>\n\n\n\n<h3 class=\"wp-block-heading\">A l\u00e9nyeg<\/h3>\n\n\n<p>Az AI-t j\u00f3l haszn\u00e1l\u00f3 marketing- \u00e9s \u00e9rt\u00e9kes\u00edt\u00e9si csapatok nem dolgoznak kevesebbet. M\u00e1sk\u00e9pp dolgoznak.<\/p>\n<p>Ahelyett, hogy tal\u00e1lgatn\u00e1nak, mely nyomokat kell felh\u00edvni, a legjobbakat dolgozz\u00e1k ki. Ahelyett, hogy minden e-mailt a semmib\u0151l \u00edrn\u00e1nak, finom\u00edtj\u00e1k a tervezeteket. Ahelyett, hogy azon t\u00f6prengen\u00e9nek, mi m\u0171k\u00f6dik, az adatokban l\u00e1tj\u00e1k.<\/p>\n<p>Az eredm\u00e9ny:<\/p>\n<ul>\n<li>Magasabb konverzi\u00f3s ar\u00e1nyok<\/li>\n<li>R\u00f6videbb \u00e9rt\u00e9kes\u00edt\u00e9si ciklusok<\/li>\n<li>Jobb marketing ROI<\/li>\n<li>\u00c9rt\u00e9kes\u00edt\u00e9si \u00e9s marketing szakemberek, akik olyan munk\u00e1t v\u00e9geznek, amelyhez val\u00f3ban sz\u00fcks\u00e9g van a szak\u00e9rtelm\u00fckre.<\/li>\n<li>Bev\u00e9teln\u00f6veked\u00e9s ar\u00e1nyos l\u00e9tsz\u00e1mn\u00f6veked\u00e9s n\u00e9lk\u00fcl<\/li>\n<\/ul>\n<p>Ez nem arr\u00f3l sz\u00f3l, hogy lecser\u00e9lj\u00fck a csapat\u00e1t. Hanem arr\u00f3l, hogy hat\u00e9konyabb\u00e1 tegy\u00fck \u0151ket.<\/p>\n\n\n<hr class=\"wp-block-separator has-alpha-channel-opacity\"\/>\n\n\n\n<h3 class=\"wp-block-heading\">K\u00e9szen \u00e1ll, hogy megn\u00e9zze, mi lehets\u00e9ges?<\/h3>\n\n\n<p>Minden marketing- \u00e9s \u00e9rt\u00e9kes\u00edt\u00e9si csapat m\u00e1s \u00e9s m\u00e1s. Az \u00d6n t\u00f6lcs\u00e9re nem olyan, mint b\u00e1rki m\u00e1s\u00e9. Az \u00d6n \u00fcgyfeleinek megvannak a saj\u00e1t mint\u00e1i. Az \u00d6n priorit\u00e1sai az \u00d6n v\u00e1llalkoz\u00e1s\u00e1t\u00f3l f\u00fcggnek.<\/p>\n<p>Mi nem adunk el egym\u00e9ret\u0171 megold\u00e1sokat. Az \u00d6n egyedi kih\u00edv\u00e1sait vizsg\u00e1ljuk. Azonos\u00edtjuk, hogy a mesters\u00e9ges intelligencia hol tud seg\u00edteni. Olyan rendszereket \u00e9p\u00edt\u00fcnk, amelyek illeszkednek az \u00d6n folyamataihoz.<\/p>\n<p>Nincs hype. Nincs \u00edg\u00e9ret, amit nem tudunk betartani. Csak gyakorlatias AI, ami seg\u00edt a n\u00f6veked\u00e9sben.<\/p>\n\n<p><a href=\"https:\/\/www.leaplytics.de\/hu\/kontakt\/\">Besz\u00e9lj\u00fcnk a marketingr\u0151l \u00e9s az \u00e9rt\u00e9kes\u00edt\u00e9sr\u0151l<\/a><\/p>\n\n<p><a href=\"https:\/\/www.leaplytics.de\/hu\/mesterseges-intelligencia\/\">\u00d6sszes AI szolg\u00e1ltat\u00e1s megtekint\u00e9se<\/a><\/p>","protected":false},"excerpt":{"rendered":"<p>Your Marketing &#038; Sales Team Has Too Much Work. AI Can Help. Marketing and sales work is people work. Leads. Prospects. Customers. Campaigns. Messages. A constant push to find, convince, and keep buyers. Most of it follows patterns. Score the lead. Write the email. Segment the list. Update the CRM. Follow up again. AI is &hellip; <\/p>","protected":false},"author":2,"featured_media":0,"parent":0,"menu_order":0,"comment_status":"closed","ping_status":"closed","template":"","meta":{"footnotes":""},"class_list":["post-14402","page","type-page","status-publish","hentry","latest_post"],"_links":{"self":[{"href":"https:\/\/www.leaplytics.de\/hu\/wp-json\/wp\/v2\/pages\/14402","targetHints":{"allow":["GET"]}}],"collection":[{"href":"https:\/\/www.leaplytics.de\/hu\/wp-json\/wp\/v2\/pages"}],"about":[{"href":"https:\/\/www.leaplytics.de\/hu\/wp-json\/wp\/v2\/types\/page"}],"author":[{"embeddable":true,"href":"https:\/\/www.leaplytics.de\/hu\/wp-json\/wp\/v2\/users\/2"}],"replies":[{"embeddable":true,"href":"https:\/\/www.leaplytics.de\/hu\/wp-json\/wp\/v2\/comments?post=14402"}],"version-history":[{"count":3,"href":"https:\/\/www.leaplytics.de\/hu\/wp-json\/wp\/v2\/pages\/14402\/revisions"}],"predecessor-version":[{"id":14492,"href":"https:\/\/www.leaplytics.de\/hu\/wp-json\/wp\/v2\/pages\/14402\/revisions\/14492"}],"wp:attachment":[{"href":"https:\/\/www.leaplytics.de\/hu\/wp-json\/wp\/v2\/media?parent=14402"}],"curies":[{"name":"wp","href":"https:\/\/api.w.org\/{rel}","templated":true}]}}