{"id":14409,"date":"2025-12-18T23:54:54","date_gmt":"2025-12-18T22:54:54","guid":{"rendered":"https:\/\/www.leaplytics.de\/?page_id=14409"},"modified":"2025-12-19T01:47:36","modified_gmt":"2025-12-19T00:47:36","slug":"human-eroforras-ai","status":"publish","type":"page","link":"https:\/\/www.leaplytics.de\/hu\/human-eroforras-ai\/","title":{"rendered":"Hum\u00e1ner\u0151forr\u00e1s AI"},"content":{"rendered":"<h2>A HR-csapat\u00e1nak t\u00fal sok a munk\u00e1ja. Az AI seg\u00edthet.<\/h2>\n\n<p>A HR-munka emberi munka. De ez egyben pap\u00edrmunka is. Alkalmaz\u00e1sok. Be\u00e9p\u00edt\u00e9si dokumentumok. Ir\u00e1nyelvekkel kapcsolatos k\u00e9rd\u00e9sek. Szabads\u00e1gk\u00e9relmek. Teljes\u00edtm\u00e9ny\u00e9rt\u00e9kel\u00e9sek. Juttat\u00e1si formanyomtatv\u00e1nyok.<\/p>\n<p>A legt\u00f6bbje mint\u00e1kat k\u00f6vet. Vizsg\u00e1lja \u00e1t az \u00f6n\u00e9letrajzot. V\u00e1laszoljon a politikai k\u00e9rd\u00e9sre. Feldolgozza a k\u00e9relmet. K\u00fcldje el az eml\u00e9keztet\u0151t. M\u00e9g egyszer.<\/p>\n<p>A mesters\u00e9ges intelligenci\u00e1t erre tervezt\u00e9k. Gyorsabban olvassa el az alkalmaz\u00e1sokat, mint b\u00e1rmelyik ember. Soha nem felejt el egy nyomon k\u00f6vet\u00e9st. Minden alkalommal t\u00f6k\u00e9letesen v\u00e1laszol ugyanarra a k\u00e9rd\u00e9sre.<\/p>\n<p>Ez nem helyettes\u00edti a HR-csapatot. Gyorsabb\u00e1 teszi \u0151ket. A rutint kezeli, hogy az emberei arra koncentr\u00e1lhassanak, ami sz\u00e1m\u00edt - az embereire.<\/p>\n\n\n<hr class=\"wp-block-separator has-alpha-channel-opacity\"\/>\n\n\n\n<h3 class=\"wp-block-heading\">A HR munka val\u00f3s\u00e1ga ma<\/h3>\n\n\n<p>A HR-csapatok t\u00falterheltek. Tov\u00e1bbi munkaer\u0151-felv\u00e9tel. T\u00f6bb megfelel\u00e9s. T\u00f6bb munkav\u00e1llal\u00f3i elv\u00e1r\u00e1s. Kevesebb er\u0151forr\u00e1s.<\/p>\n<p>A toborz\u00f3k minden egyes nyitott poz\u00edci\u00f3ra \u00f6n\u00e9letrajzokba fulladnak. A HR-menedzserek \u00fajra \u00e9s \u00fajra ugyanazokra az ir\u00e1nyelvekkel kapcsolatos k\u00e9rd\u00e9sekre v\u00e1laszolnak. A besz\u00e1ll\u00e1s egy ellen\u0151rz\u0151list\u00e1s r\u00e9m\u00e1lom. A teljes\u00edtm\u00e9ny\u00e9rt\u00e9kel\u00e9sek felhalmoz\u00f3dnak.<\/p>\n<p>A strat\u00e9giai munka h\u00e1tt\u00e9rbe szorul. A munkat\u00e1rsak tapasztalatai s\u00e9r\u00fclnek. A j\u00f3 jel\u00f6ltek elsz\u00f6knek, mert a folyamat t\u00fal sok\u00e1ig tartott.<\/p>\n<p>Nem az\u00e9rt, mert az emberek nem v\u00e9gzik j\u00f3l a munk\u00e1jukat. Mert egyszer\u0171en t\u00fal sok az adminisztrat\u00edv munka, \u00e9s nincs el\u00e9g id\u0151 az emberekre.<\/p>\n\n\n<hr class=\"wp-block-separator has-alpha-channel-opacity\"\/>\n\n\n\n<h3 class=\"wp-block-heading\">Ahol az AI val\u00f3di k\u00fcl\u00f6nbs\u00e9get jelent<\/h3>\n\n\n<p>A mesters\u00e9ges intelligencia ott m\u0171k\u00f6dik a legjobban, ahol ism\u00e9tl\u0151d\u0151 munka \u00e9s egy\u00e9rtelm\u0171 mint\u00e1k vannak. A HR mindkett\u0151vel rendelkezik.<\/p>\n<p>\u00cdme \u00f6t ter\u00fclet, ahol az AI val\u00f3di eredm\u00e9nyeket hoz - nem hype-ot, hanem t\u00e9nyleges id\u0151megtakar\u00edt\u00e1st \u00e9s jobb eredm\u00e9nyeket.<\/p>\n\n\n<hr class=\"wp-block-separator has-alpha-channel-opacity\"\/>\n\n\n\n<h4 class=\"wp-block-heading\">1. Toborz\u00e1s \u00e9s tehets\u00e9gszerz\u00e9s<\/h4>\n\n\n<p>Minden egyes nyitott poz\u00edci\u00f3ra t\u00f6bb sz\u00e1z p\u00e1ly\u00e1zat \u00e9rkezik. Valakinek mindet el kell olvasnia. Sz\u0171rje ki a k\u00e9pes\u00edt\u00e9seket. Interj\u00fakat kell szervezni. K\u00f6vesse nyomon a jel\u00f6lteket.<\/p>\n<p>A j\u00f3 jel\u00f6ltek nem v\u00e1rnak. Am\u00edg \u00d6n m\u00e9g mindig a sz\u0171r\u00e9sen van, addig \u0151k m\u00e1r elfogadtak egy m\u00e1sik aj\u00e1nlatot.<\/p>\n\n\n<h5 class=\"wp-block-heading\">Mit csin\u00e1l az AI<\/h5>\n\n\n<p><strong>A k\u00e9perny\u0151 automatikusan folytat\u00f3dik.<\/strong><br \/>\nK\u00e9pess\u00e9gek. Tapasztalat. K\u00e9pes\u00edt\u00e9sek. A mesters\u00e9ges intelligencia minden jelentkez\u00e9st elolvas, \u00e9s a megfelel\u0151s\u00e9g alapj\u00e1n rangsorolja a jel\u00f6lteket. A legjobb tal\u00e1latok azonnal felsz\u00ednre ker\u00fclnek.<\/p>\n\n<p><strong>\u00d6sszehasonl\u00edtja a jel\u00f6lteket a szerepekkel.<\/strong><br \/>\nNem csak kulcsszavak - t\u00e9nyleges illeszked\u00e9s. A mesters\u00e9ges intelligencia meg\u00e9rti a munkak\u00f6ri k\u00f6vetelm\u00e9nyeket, \u00e9s megtal\u00e1lja azokat a jel\u00f6lteket, akiknek a tapasztalata val\u00f3ban megfelel.<\/p>\n\n<p><strong>Automatikusan \u00fctemezi az interj\u00fakat.<\/strong><br \/>\nA jel\u00f6lt kiv\u00e1laszt egy id\u0151pontot. A napt\u00e1r ellen\u0151rzi a rendelkez\u00e9sre \u00e1ll\u00e1st. Interj\u00fa lefoglalva. Nincs oda-vissza e-mailez\u00e9s.<\/p>\n\n<p><strong>V\u00e1laszol a jel\u00f6ltek k\u00e9rd\u00e9seire.<\/strong><br \/>\n\"Mi az interj\u00fa folyamata?\" \"Milyen juttat\u00e1sokat k\u00edn\u00e1lnak?\" A mesters\u00e9ges intelligencia azonnal v\u00e1laszol, a nap 24 \u00f3r\u00e1j\u00e1ban. A jel\u00f6ltek elk\u00f6telezettnek \u00e9rzik magukat.<\/p>\n\n<p><strong>Optimaliz\u00e1lja az \u00e1ll\u00e1shirdet\u00e9seket.<\/strong><br \/>\nA mesters\u00e9ges intelligencia az alapj\u00e1n, hogy mi vonzza a k\u00e9pzett jelentkez\u0151ket, jav\u00edt\u00e1sokat javasol a munkak\u00f6ri le\u00edr\u00e1sokhoz.<\/p>\n\n\n<h5 class=\"wp-block-heading\">Mit jelent ez az \u00d6n sz\u00e1m\u00e1ra<\/h5>\n\n\n<ul>\n<li><strong>HR-igazgat\u00f3k sz\u00e1m\u00e1ra:<\/strong> Gyorsabb b\u00e9rbead\u00e1si id\u0151. Alacsonyabb b\u00e9rbead\u00e1si k\u00f6lts\u00e9g. Jobb jel\u00f6lt\u00e9lm\u00e9ny. Kevesebb ki\u00e9gett toborz\u00f3.<\/li>\n<li><strong>Toborz\u00f3k sz\u00e1m\u00e1ra:<\/strong> Ne olvasson t\u00f6bb sz\u00e1z k\u00e9pzetlen \u00f6n\u00e9letrajzot. Koncentr\u00e1ljon a nagyszer\u0171 jel\u00f6ltek interj\u00faztat\u00e1s\u00e1ra \u00e9s lez\u00e1r\u00e1s\u00e1ra.<\/li>\n<li><strong>A felv\u00e9teli menedzsereknek:<\/strong> Gyorsabban l\u00e1thatja a k\u00e9pzett jel\u00f6lteket. T\u00f6ltse be a szerepeket, miel\u0151tt a projektek elakadn\u00e1nak.<\/li>\n<\/ul>\n\n<p><a href=\"https:\/\/www.leaplytics.de\/hu\/toborzas-tehetsegszerzes-ai\/\">Tudjon meg t\u00f6bbet az AI for Recruiting &amp; Talent Acquisition \u2192<\/a><\/p>\n\n\n<hr class=\"wp-block-separator has-alpha-channel-opacity\"\/>\n\n\n\n<h4 class=\"wp-block-heading\">2. Munkav\u00e1llal\u00f3i besz\u00e1ll\u00e1s<\/h4>\n\n\n<p>Az \u00faj alkalmazottak pap\u00edrmunk\u00e1t jelentenek. Ad\u00f3nyomtatv\u00e1nyok. Juttat\u00e1sok beiratkoz\u00e1sa. Eszk\u00f6zk\u00e9relmek. K\u00e9pz\u00e9si megb\u00edz\u00e1sok. Ir\u00e1nyelvek tudom\u00e1sulv\u00e9tele.<\/p>\n<p>Ha a beszoktat\u00e1s rendetlen, az \u00faj alkalmazottak elveszettnek \u00e9rzik magukat. Az els\u0151 benyom\u00e1s sz\u00e1m\u00edt - \u00e9s gyakran sz\u00f6rny\u0171.<\/p>\n\n\n<h5 class=\"wp-block-heading\">Mit csin\u00e1l az AI<\/h5>\n\n\n<p><strong>Automatikusan feldolgozza a dokumentumokat.<\/strong><br \/>\nBeny\u00fajtott \u0171rlapok. Kivont adatok. Az inform\u00e1ci\u00f3k tov\u00e1bb\u00edt\u00e1sa a megfelel\u0151 rendszerekbe. Nincs k\u00e9zi adatbevitel.<\/p>\n\n<p><strong>Automatikusan hozz\u00e1rendeli a k\u00e9pz\u00e9st.<\/strong><br \/>\nA mesters\u00e9ges intelligencia a szerepk\u00f6r, a hely \u00e9s a k\u00f6vetelm\u00e9nyek alapj\u00e1n szem\u00e9lyre szabott beilleszked\u00e9si terveket k\u00e9sz\u00edt. Semmi sem marad ki.<\/p>\n\n<p><strong>P\u00e1ly\u00e1k befejez\u00e9se.<\/strong><br \/>\nMely feladatok vannak elv\u00e9gezve? Melyek vannak f\u00fcgg\u0151ben? A mesters\u00e9ges intelligencia figyelemmel k\u00eds\u00e9ri az el\u0151rehalad\u00e1st, \u00e9s automatikusan eml\u00e9keztet\u0151ket k\u00fcld.<\/p>\n\n<p><strong>V\u00e1laszol az \u00faj alkalmazottak k\u00e9rd\u00e9seire.<\/strong><br \/>\n\"Hol parkoljak?\" \"Hogyan \u00e1ll\u00edthatom be az e-maileket?\" \"Mikor kezd\u0151dnek a juttat\u00e1sok?\" A mesters\u00e9ges intelligencia azonnal pontos inform\u00e1ci\u00f3kkal v\u00e1laszol.<\/p>\n\n<p><strong>K\u00f6vetkezetes \u00e9lm\u00e9nyeket teremt.<\/strong><br \/>\nMinden \u00faj alkalmazott ugyanolyan min\u0151s\u00e9g\u0171 bevezet\u00e9st kap. Nincs t\u00f6bb\u00e9 \"att\u00f3l f\u00fcgg, hogy ki seg\u00edtett\".<\/p>\n\n\n<h5 class=\"wp-block-heading\">Mit jelent ez az \u00d6n sz\u00e1m\u00e1ra<\/h5>\n\n\n<ul>\n<li><strong>HR-igazgat\u00f3k sz\u00e1m\u00e1ra:<\/strong> K\u00f6vetkezetes bevezet\u00e9s m\u00e9retar\u00e1nyosan. Gyorsabb produktivit\u00e1s. Az \u00faj alkalmazottak jobb megtart\u00e1sa.<\/li>\n<li><strong>HR-vezet\u0151k sz\u00e1m\u00e1ra:<\/strong> Ne hajszolja tov\u00e1bb a pap\u00edrmunk\u00e1t. Koncentr\u00e1ljon arra, hogy az \u00faj alkalmazottak sz\u00edvesen l\u00e1tottnak \u00e9rezz\u00e9k magukat.<\/li>\n<li><strong>\u00daj alkalmazottak sz\u00e1m\u00e1ra:<\/strong> Tiszta folyamat. Gyors v\u00e1laszok. Professzion\u00e1lis tapasztalat az els\u0151 napt\u00f3l kezdve.<\/li>\n<\/ul>\n\n<p><a href=\"https:\/\/www.leaplytics.de\/hu\/munkavallaloi-beszallas-ai\/\">Tov\u00e1bbi inform\u00e1ci\u00f3 az AI for Employee Onboarding \u2192<\/a><\/p>\n\n\n<hr class=\"wp-block-separator has-alpha-channel-opacity\"\/>\n\n\n\n<h4 class=\"wp-block-heading\">3. Munkav\u00e1llal\u00f3i \u00f6nkiszolg\u00e1l\u00e1s \u00e9s t\u00e1mogat\u00e1s<\/h4>\n\n\n<p>Az alkalmazottaknak k\u00e9rd\u00e9seik vannak. Az ir\u00e1nyelvekr\u0151l. A juttat\u00e1sokr\u00f3l. A szabads\u00e1gr\u00f3l. A kiad\u00e1sokr\u00f3l. Mindenr\u0151l.<\/p>\n<p>A HR sz\u00e1zszor v\u00e1laszol ugyanazokra a k\u00e9rd\u00e9sekre. Ek\u00f6zben az alkalmazottak egyszer\u0171 dolgokra v\u00e1rnak v\u00e1laszokat.<\/p>\n\n\n<h5 class=\"wp-block-heading\">Mit csin\u00e1l az AI<\/h5>\n\n\n<p><strong>Azonnali v\u00e1laszok a biztos\u00edt\u00e1si k\u00e9rd\u00e9sekre.<\/strong><br \/>\n\"H\u00e1ny nap szabads\u00e1gom van?\" \"Mennyi a k\u00f6lts\u00e9gkeret?\" \"Hogyan k\u00e9rhetek sz\u00fcl\u0151i szabads\u00e1got?\" A mesters\u00e9ges intelligencia ismeri az \u00d6n ir\u00e1nyelveit, \u00e9s pontosan v\u00e1laszol.<\/p>\n\n<p><strong>Rutinjelleg\u0171 k\u00e9r\u00e9sek feldolgoz\u00e1sa.<\/strong><br \/>\nSzabads\u00e1gk\u00e9relmek. C\u00edmv\u00e1ltoz\u00e1sok. Dokumentumk\u00e9relmek. Az AI a HR bevon\u00e1sa n\u00e9lk\u00fcl kezeli a standard k\u00e9relmeket.<\/p>\n\n<p><strong>V\u00e9gigvezeti az alkalmazottakat a folyamatokon.<\/strong><br \/>\nL\u00e9p\u00e9sr\u0151l l\u00e9p\u00e9sre t\u00f6rt\u00e9n\u0151 seg\u00edts\u00e9g a juttat\u00e1sok ig\u00e9nybev\u00e9tel\u00e9hez, a k\u00f6lts\u00e9gek beny\u00fajt\u00e1s\u00e1hoz vagy b\u00e1rmely HR-folyamathoz. Nincs z\u0171rzavar.<\/p>\n\n<p><strong>Sz\u00fcks\u00e9g eset\u00e9n eszkal\u00e1l.<\/strong><br \/>\nBonyolult helyzet? \u00c9rz\u00e9keny k\u00e9rd\u00e9s? A mesters\u00e9ges intelligencia felismeri a hat\u00e1rokat, \u00e9s a kontextus ismeret\u00e9ben egy emberhez ir\u00e1ny\u00edt.<\/p>\n\n<p><strong>A nap 24 \u00f3r\u00e1j\u00e1ban el\u00e9rhet\u0151.<\/strong><br \/>\nK\u00fcl\u00f6nb\u00f6z\u0151 id\u0151z\u00f3n\u00e1kban dolgoz\u00f3 alkalmazottak. \u00c9jszakai k\u00e9rd\u00e9sek. Az AI mindig ott van.<\/p>\n\n\n<h5 class=\"wp-block-heading\">Mit jelent ez az \u00d6n sz\u00e1m\u00e1ra<\/h5>\n\n\n<ul>\n<li><strong>HR-igazgat\u00f3k sz\u00e1m\u00e1ra:<\/strong> Cs\u00f6kkentett HR-jegyek mennyis\u00e9ge. Jobb munkav\u00e1llal\u00f3i el\u00e9gedetts\u00e9g. A HR-csapat a strat\u00e9giai munk\u00e1ra \u00f6sszpontos\u00edt.<\/li>\n<li><strong>HR-vezet\u0151k sz\u00e1m\u00e1ra:<\/strong> Ne v\u00e1laszoljon t\u00f6bb\u00e9 ugyanazokra a k\u00e9rd\u00e9sekre. Kezelje a kiv\u00e9teleket, ne a rutink\u00e9rd\u00e9seket.<\/li>\n<li><strong>Alkalmazottak sz\u00e1m\u00e1ra:<\/strong> Azonnali v\u00e1laszok. Nincs v\u00e1rakoz\u00e1s. Vil\u00e1gos \u00fatmutat\u00e1s, amikor sz\u00fcks\u00e9g\u00fck van r\u00e1.<\/li>\n<\/ul>\n\n<p><a href=\"https:\/\/www.leaplytics.de\/hu\/munkavallaloi-onkiszolgalo-tamogatas-ai\/\">Tudjon meg t\u00f6bbet az AI for Employee Self-Service \u2192<\/a><\/p>\n\n\n<hr class=\"wp-block-separator has-alpha-channel-opacity\"\/>\n\n\n\n<h4 class=\"wp-block-heading\">4. Teljes\u00edtm\u00e9nymenedzsment \u00e9s analitika<\/h4>\n\n\n<p>A teljes\u00edtm\u00e9ny\u00e9rt\u00e9kel\u00e9sek \u00f6r\u00f6kk\u00e9 tartanak. Visszajelz\u00e9sek gy\u0171jt\u00e9se. A mint\u00e1k elemz\u00e9se. A probl\u00e9m\u00e1k azonos\u00edt\u00e1sa. \u00d6sszefoglal\u00f3k \u00edr\u00e1sa.<\/p>\n<p>\u00c9s mire a fel\u00fclvizsg\u00e1latok megt\u00f6rt\u00e9nnek, a probl\u00e9m\u00e1k m\u00e1r h\u00f3napok \u00f3ta lappanganak.<\/p>\n\n\n<h5 class=\"wp-block-heading\">Mit csin\u00e1l az AI<\/h5>\n\n\n<p><strong>Elemzi a visszajelz\u00e9si mint\u00e1kat.<\/strong><br \/>\n360 \u00e9rt\u00e9kel\u00e9s. Felm\u00e9r\u00e9si v\u00e1laszok. Menedzseri jegyzetek. Az AI azonos\u00edtja a visszajelz\u00e9sek t\u00e9m\u00e1it \u00e9s tendenci\u00e1it.<\/p>\n\n<p><strong>Azonos\u00edtja a k\u00e9szs\u00e9gbeli hi\u00e1nyoss\u00e1gokat.<\/strong><br \/>\nA teljes\u00edtm\u00e9nyadatok \u00e9s a szerepk\u00f6vetelm\u00e9nyek alapj\u00e1n a mesters\u00e9ges intelligencia felismeri, hogy hol van sz\u00fcks\u00e9g fejleszt\u00e9sre.<\/p>\n\n<p><strong>Megj\u00f3solja a visszatart\u00e1si kock\u00e1zatokat.<\/strong><br \/>\nEljegyz\u00e9s cs\u00f6kken? V\u00e1ltoznak a teljes\u00edtm\u00e9nymint\u00e1k? A mesters\u00e9ges intelligencia m\u00e9g az alkalmazottak t\u00e1voz\u00e1sa el\u0151tt \u00e9szreveszi a figyelmeztet\u0151 jeleket.<\/p>\n\n<p><strong>Fel\u00fclvizsg\u00e1lati \u00f6sszefoglal\u00f3kat k\u00e9sz\u00edt.<\/strong><br \/>\nA mesters\u00e9ges intelligencia az \u00f6sszegy\u0171jt\u00f6tt adatok alapj\u00e1n teljes\u00edtm\u00e9ny-\u00f6sszefoglal\u00f3kat k\u00e9sz\u00edt. A vezet\u0151k fel\u00fclvizsg\u00e1lj\u00e1k \u00e9s szem\u00e9lyre szabj\u00e1k.<\/p>\n\n<p><strong>Nyomon k\u00f6veti a c\u00e9lokat \u00e9s az el\u0151rehalad\u00e1st.<\/strong><br \/>\nObjekt\u00edv nyomon k\u00f6vet\u00e9s. M\u00e9rf\u00f6ldk\u0151 eml\u00e9keztet\u0151k. Az el\u0151rehalad\u00e1s l\u00e1that\u00f3s\u00e1ga. A mesters\u00e9ges intelligencia a teljes\u00edtm\u00e9nymenedzsmentet a helyes ir\u00e1nyba tereli.<\/p>\n\n\n<h5 class=\"wp-block-heading\">Mit jelent ez az \u00d6n sz\u00e1m\u00e1ra<\/h5>\n\n\n<ul>\n<li><strong>HR-igazgat\u00f3k sz\u00e1m\u00e1ra:<\/strong> Adatvez\u00e9relt tehets\u00e9ggondoz\u00f3 d\u00f6nt\u00e9sek. Korai figyelmeztet\u00e9s a megtart\u00e1sr\u00f3l. Val\u00f3di hi\u00e1nyoss\u00e1gokat kezel\u0151 fejleszt\u00e9si programok.<\/li>\n<li><strong>Menedzsereknek:<\/strong> Kevesebb id\u0151 a fel\u00fclvizsg\u00e1lati pap\u00edrmunk\u00e1ra. Jobb betekint\u00e9s a csapat teljes\u00edtm\u00e9ny\u00e9be. A probl\u00e9m\u00e1k kor\u00e1bbi felismer\u00e9se.<\/li>\n<li><strong>Alkalmazottak sz\u00e1m\u00e1ra:<\/strong> Vil\u00e1gosabb visszajelz\u00e9s. A t\u00e9nyleges ig\u00e9nyekhez igaz\u00edtott fejleszt\u00e9s. C\u00e9lok, amelyek l\u00e1that\u00f3ak maradnak.<\/li>\n<\/ul>\n\n<p><a href=\"https:\/\/www.leaplytics.de\/hu\/teljesitmenymenedzsment-analitika-ai\/\">Tudjon meg t\u00f6bbet az AI for Performance Management \u2192<\/a><\/p>\n\n\n<hr class=\"wp-block-separator has-alpha-channel-opacity\"\/>\n\n\n\n<h4 class=\"wp-block-heading\">5. HR adminisztr\u00e1ci\u00f3 \u00e9s megfelel\u00e9s<\/h4>\n\n\n<p>A HR dokumentumok \u00e9s szab\u00e1lyok alapj\u00e1n m\u0171k\u00f6dik. Alkalmazotti akt\u00e1k. Megfelel\u0151s\u00e9gi k\u00f6vetelm\u00e9nyek. Szab\u00e1lyzatfriss\u00edt\u00e9sek. Jelent\u00e9si k\u00f6telezetts\u00e9gek.<\/p>\n<p>Ha valamit kihagysz, az sokba ker\u00fclhet. Az ellen\u0151rz\u00e9sek stresszesek. A szab\u00e1lyoz\u00e1sokkal l\u00e9p\u00e9st tartani teljes munkaid\u0151s feladat.<\/p>\n\n\n<h5 class=\"wp-block-heading\">Mit csin\u00e1l az AI<\/h5>\n\n\n<p><strong>Rendezi a munkav\u00e1llal\u00f3i dokumentumokat.<\/strong><br \/>\nSzerz\u0151d\u00e9sek. Tan\u00fas\u00edtv\u00e1nyok. K\u00e9pz\u00e9si nyilv\u00e1ntart\u00e1sok. Az AI mindent helyesen iktat \u00e9s megtal\u00e1lhat\u00f3k\u00e9nt kezel.<\/p>\n\n<p><strong>Nyomon k\u00f6veti a megfelel\u00e9si k\u00f6vetelm\u00e9nyeket.<\/strong><br \/>\nLej\u00e1rnak a tan\u00fas\u00edtv\u00e1nyok? K\u00e9sedelmes k\u00e9pz\u00e9s? Hi\u00e1nyoznak a sz\u00fcks\u00e9ges dokumentumok? A mesters\u00e9ges intelligencia figyeli \u00e9s figyelmezteti.<\/p>\n\n<p><strong>Figyelemmel k\u00eds\u00e9ri a szab\u00e1lyoz\u00e1si v\u00e1ltoz\u00e1sokat.<\/strong><br \/>\nMunkajogi friss\u00edt\u00e9s? \u00daj megfelel\u00e9si k\u00f6vetelm\u00e9ny? A mesters\u00e9ges intelligencia nyomon k\u00f6veti az \u00d6n ir\u00e1nyelveit \u00e9rint\u0151 v\u00e1ltoz\u00e1sokat.<\/p>\n\n<p><strong>HR-jelent\u00e9seket k\u00e9sz\u00edt.<\/strong><br \/>\nL\u00e9tsz\u00e1m. Forgalom. Soksz\u00edn\u0171s\u00e9gi mutat\u00f3k. Megfelel\u0151s\u00e9gi st\u00e1tusz. A mesters\u00e9ges intelligencia automatikusan k\u00e9sz\u00edt jelent\u00e9seket.<\/p>\n\n<p><strong>Dokument\u00e1ci\u00f3 ellen\u0151rz\u00e9se.<\/strong><br \/>\nTeljesek-e a munkav\u00e1llal\u00f3i akt\u00e1k? Al\u00e1 vannak-e \u00edrva a sz\u00fcks\u00e9ges visszaigazol\u00e1sok? Az AI ellen\u0151rzi \u00e9s jelzi a hi\u00e1nyoss\u00e1gokat.<\/p>\n\n\n<h5 class=\"wp-block-heading\">Mit jelent ez az \u00d6n sz\u00e1m\u00e1ra<\/h5>\n\n\n<ul>\n<li><strong>HR-igazgat\u00f3k sz\u00e1m\u00e1ra:<\/strong> Ellen\u0151rz\u00e9sre alkalmas nyilv\u00e1ntart\u00e1sok. Alacsonyabb megfelel\u00e9si kock\u00e1zat. A HR-m\u00e9r\u0151sz\u00e1mok egy\u00e9rtelm\u0171 \u00e1tl\u00e1that\u00f3s\u00e1ga.<\/li>\n<li><strong>HR-vezet\u0151k sz\u00e1m\u00e1ra:<\/strong> Hagyja abba a dokumentumok keres\u00e9s\u00e9t. B\u00edzzon abban, hogy a megfelel\u0151s\u00e9g nyomon k\u00f6vethet\u0151. Koncentr\u00e1ljon az emberekre, ne a pap\u00edrmunk\u00e1ra.<\/li>\n<li><strong>Az \u00fczlet\u00e9rt:<\/strong> Cs\u00f6kkentett jogi kock\u00e1zat. Megfelel\u0151 dokument\u00e1ci\u00f3. Bizony\u00edt\u00e9k arra, hogy j\u00f3l csin\u00e1lja a dolgokat.<\/li>\n<\/ul>\n\n<p><em>Fontos: a mesters\u00e9ges intelligencia kezeli az adminisztr\u00e1ci\u00f3t, de a HR-nek az emberekkel kapcsolatos \u00edt\u00e9l\u0151k\u00e9pess\u00e9ge tov\u00e1bbra is alapvet\u0151 fontoss\u00e1g\u00fa. Az \u00e9rz\u00e9keny d\u00f6nt\u00e9sek mindig emberi k\u00f6zrem\u0171k\u00f6d\u00e9st ig\u00e9nyelnek.<\/em><\/p>\n\n<p><a href=\"https:\/\/www.leaplytics.de\/hu\/hr-adminisztracio-megfeleles-ai\/\">Tov\u00e1bbi inform\u00e1ci\u00f3 az AI for HR Administration &amp; Compliance \u2192<\/a><\/p>\n\n\n<hr class=\"wp-block-separator has-alpha-channel-opacity\"\/>\n\n\n\n<h3 class=\"wp-block-heading\">Amit az AI nem fog megtenni<\/h3>\n\n\n<p>Legy\u00fcnk tiszt\u00e1ban a korl\u00e1tokkal.<\/p>\n<p>A mesters\u00e9ges intelligencia nem helyettes\u00edti a HR szakembereket. Nem folytat neh\u00e9z besz\u00e9lget\u00e9st. Nem kezeli a k\u00e9nyes munkav\u00e1llal\u00f3i helyzetet. Nem hoz d\u00f6nt\u00e9seket az emberek karrierj\u00e9r\u0151l.<\/p>\n<p>Kezeli a rutint. A sz\u0171r\u00e9s. Az \u00fctemez\u00e9st. A politikai k\u00e9rd\u00e9seket. A dokumentumok nyomon k\u00f6vet\u00e9se.<\/p>\n<p>A HR-csapatod tov\u00e1bbra is az emberi munk\u00e1t v\u00e9gzi. Csak jobban v\u00e9gzik, mert az adminisztrat\u00edv terhek leker\u00fcltek r\u00f3luk.<\/p>\n\n\n<hr class=\"wp-block-separator has-alpha-channel-opacity\"\/>\n\n\n\n<h3 class=\"wp-block-heading\">A l\u00e9nyeg<\/h3>\n\n\n<p>Az AI-t j\u00f3l haszn\u00e1l\u00f3 HR-csapatok nem dolgoznak kevesebbet. M\u00e1sk\u00e9pp dolgoznak.<\/p>\n<p>Ahelyett, hogy \u00f6n\u00e9letrajzok sz\u00e1zait sz\u0171rn\u00e9k \u00e1t, interj\u00fakat k\u00e9sz\u00edtenek a nagyszer\u0171 jel\u00f6ltekkel. Az ism\u00e9tl\u0151d\u0151 k\u00e9rd\u00e9sek megv\u00e1laszol\u00e1sa helyett val\u00f3di munkav\u00e1llal\u00f3i probl\u00e9m\u00e1kat oldanak meg. A pap\u00edrmunka hajszol\u00e1sa helyett az emberekre koncentr\u00e1lnak.<\/p>\n<p>Az eredm\u00e9ny:<\/p>\n<ul>\n<li>A jobb jel\u00f6ltek gyorsabb felv\u00e9tele<\/li>\n<li>Jobb munkav\u00e1llal\u00f3i \u00e9lm\u00e9ny<\/li>\n<li>Alacsonyabb adminisztrat\u00edv k\u00f6lts\u00e9gek<\/li>\n<li>HR szakemberek, akik olyan munk\u00e1t v\u00e9geznek, amelyhez val\u00f3ban sz\u00fcks\u00e9g van a szak\u00e9rtelm\u00fckre<\/li>\n<li>Megfelel\u00e9s \u00e1lland\u00f3 stressz n\u00e9lk\u00fcl<\/li>\n<\/ul>\n<p>Ez nem arr\u00f3l sz\u00f3l, hogy lecser\u00e9lj\u00fck a csapat\u00e1t. Hanem arr\u00f3l, hogy hat\u00e9konyabb\u00e1 tegy\u00fck \u0151ket.<\/p>\n\n\n<hr class=\"wp-block-separator has-alpha-channel-opacity\"\/>\n\n\n\n<h3 class=\"wp-block-heading\">K\u00e9szen \u00e1ll, hogy megn\u00e9zze, mi lehets\u00e9ges?<\/h3>\n\n\n<p>Minden HR-csapat m\u00e1s \u00e9s m\u00e1s. Az \u00d6n folyamatai nem olyanok, mint b\u00e1rki m\u00e1s\u00e9. Az \u00f6n\u00f6k szab\u00e1lyzatainak megvannak a maguk furcsas\u00e1gai. Az \u00d6n priorit\u00e1sai az \u00d6n \u00fczleti tev\u00e9kenys\u00e9g\u00e9t\u0151l f\u00fcggnek.<\/p>\n<p>Mi nem adunk el egym\u00e9ret\u0171 megold\u00e1sokat. Az \u00d6n egyedi HR-kih\u00edv\u00e1sait vizsg\u00e1ljuk. Azonos\u00edtjuk, hogy a mesters\u00e9ges intelligencia hol tud seg\u00edteni. Olyan rendszereket \u00e9p\u00edt\u00fcnk, amelyek illeszkednek az \u00d6n munkam\u00f3dszer\u00e9hez.<\/p>\n<p>Nincs hype. Nincs \u00edg\u00e9ret, amit nem tudunk betartani. Csak gyakorlatias mesters\u00e9ges intelligencia, amely hat\u00e9konyabb\u00e1 teszi a HR-csapatot.<\/p>\n\n<p><a href=\"https:\/\/www.leaplytics.de\/hu\/kontakt\/\">Besz\u00e9lj\u00fcnk a HR-m\u0171veletekr\u0151l<\/a><\/p>\n\n<p><a href=\"https:\/\/www.leaplytics.de\/hu\/mesterseges-intelligencia\/\">\u00d6sszes AI szolg\u00e1ltat\u00e1s megtekint\u00e9se<\/a><\/p>","protected":false},"excerpt":{"rendered":"<p>A HR-csapat\u00e1nak t\u00fal sok a munk\u00e1ja. Az AI seg\u00edthet. A HR-munka emberi munka. De egyben pap\u00edrmunka is. Alkalmaz\u00e1sok. Be\u00e9p\u00edt\u00e9si dokumentumok. Ir\u00e1nyelvekkel kapcsolatos k\u00e9rd\u00e9sek. Szabads\u00e1gk\u00e9relmek. Teljes\u00edtm\u00e9ny\u00e9rt\u00e9kel\u00e9sek. Juttat\u00e1si formanyomtatv\u00e1nyok. A legt\u00f6bbj\u00fck sablonos. Az \u00f6n\u00e9letrajz \u00e1tvizsg\u00e1l\u00e1sa. V\u00e1laszoljon a politikai k\u00e9rd\u00e9sre. Feldolgozza a k\u00e9relmet. K\u00fcldje el az eml\u00e9keztet\u0151t. M\u00e9g egyszer. A mesters\u00e9ges intelligenci\u00e1t erre tervezt\u00e9k. Ez ... <\/p>","protected":false},"author":2,"featured_media":0,"parent":0,"menu_order":0,"comment_status":"closed","ping_status":"closed","template":"","meta":{"footnotes":""},"class_list":["post-14409","page","type-page","status-publish","hentry","latest_post"],"_links":{"self":[{"href":"https:\/\/www.leaplytics.de\/hu\/wp-json\/wp\/v2\/pages\/14409","targetHints":{"allow":["GET"]}}],"collection":[{"href":"https:\/\/www.leaplytics.de\/hu\/wp-json\/wp\/v2\/pages"}],"about":[{"href":"https:\/\/www.leaplytics.de\/hu\/wp-json\/wp\/v2\/types\/page"}],"author":[{"embeddable":true,"href":"https:\/\/www.leaplytics.de\/hu\/wp-json\/wp\/v2\/users\/2"}],"replies":[{"embeddable":true,"href":"https:\/\/www.leaplytics.de\/hu\/wp-json\/wp\/v2\/comments?post=14409"}],"version-history":[{"count":3,"href":"https:\/\/www.leaplytics.de\/hu\/wp-json\/wp\/v2\/pages\/14409\/revisions"}],"predecessor-version":[{"id":14458,"href":"https:\/\/www.leaplytics.de\/hu\/wp-json\/wp\/v2\/pages\/14409\/revisions\/14458"}],"wp:attachment":[{"href":"https:\/\/www.leaplytics.de\/hu\/wp-json\/wp\/v2\/media?parent=14409"}],"curies":[{"name":"wp","href":"https:\/\/api.w.org\/{rel}","templated":true}]}}