{"id":14429,"date":"2025-12-19T01:30:35","date_gmt":"2025-12-19T00:30:35","guid":{"rendered":"https:\/\/www.leaplytics.de\/?page_id=14429"},"modified":"2025-12-19T01:30:36","modified_gmt":"2025-12-19T00:30:36","slug":"penzugyi-dokumentumok-feldolgozasa-ai","status":"publish","type":"page","link":"https:\/\/www.leaplytics.de\/hu\/penzugyi-dokumentumok-feldolgozasa-ai\/","title":{"rendered":"P\u00e9nz\u00fcgyi dokumentumfeldolgoz\u00e1s AI"},"content":{"rendered":"<h2>AI for Financial Document Processing: Ne g\u00e9pelj tov\u00e1bb. Kezdj\u00fck el az elemz\u00e9st.<\/h2>\n\n<p>P\u00e9nz\u00fcgyi csapata havonta t\u00f6bb sz\u00e1z vagy t\u00f6bb ezer dokumentumot dolgoz fel. Sz\u00e1ml\u00e1k. Bizonylatokat. Banki kivonatok. K\u00f6lts\u00e9gjelent\u00e9sek. Beszerz\u00e9si megb\u00edz\u00e1sok. Szerz\u0151d\u00e9sek.<\/p>\n<p>Valakinek mindegyiket el kell olvasnia. Szedje ki az adatokat. Be kell \u00edrni a rendszerbe. Ellen\u0151rizze, hogy helyes-e. P\u00e1ros\u00edtsa m\u00e1s dokumentumokkal. Rendesen iktassa.<\/p>\n<p>Ez nem p\u00e9nz\u00fcgyi munka. Ez adatbevitel. De ez minden egyes nap \u00f3r\u00e1kat vesz ig\u00e9nybe.<\/p>\n<p>A mesters\u00e9ges intelligencia gyorsabban olvassa a dokumentumokat, mint b\u00e1rmelyik ember. G\u00e9pel\u00e9si hib\u00e1k n\u00e9lk\u00fcl nyeri ki az adatokat. Soha nem f\u00e1rad el a 473. dokumentumon. \u00c9s a nap 24 \u00f3r\u00e1j\u00e1ban dolgozik.<\/p>\n<p>Ez nem arr\u00f3l sz\u00f3l, hogy lecser\u00e9lj\u00fck a csapat\u00e1t. Hanem arr\u00f3l, hogy felszabad\u00edtsuk \u0151ket a dokumentumfeldolgoz\u00e1s al\u00f3l, hogy t\u00e9nyleges k\u00f6nyvel\u00e9si munk\u00e1t v\u00e9gezzenek.<\/p>\n\n\n<hr class=\"wp-block-separator has-alpha-channel-opacity\"\/>\n\n\n\n<h3 class=\"wp-block-heading\">A dokumentumprobl\u00e9ma a p\u00e9nz\u00fcgyekben<\/h3>\n\n\n<p>A dokumentumok minden elk\u00e9pzelhet\u0151 form\u00e1tumban \u00e9rkeznek:<\/p>\n<ul>\n<li>E-mail mell\u00e9kletek t\u00f6bb sz\u00e1z k\u00fcl\u00f6nb\u00f6z\u0151 sz\u00e1ll\u00edt\u00f3t\u00f3l<\/li>\n<li>Szkennelt pap\u00edrdokumentumok a post\u00e1z\u00f3szob\u00e1b\u00f3l<\/li>\n<li>A munkav\u00e1llal\u00f3k \u00e1ltal ki\u00e1ll\u00edtott nyugt\u00e1k f\u00e9nyk\u00e9pei<\/li>\n<li>PDF-ek, amelyek val\u00f3j\u00e1ban k\u00e9pek, nem pedig kereshet\u0151 sz\u00f6vegek.<\/li>\n<li>T\u00f6bboldalas kimutat\u00e1sok t\u00e1bl\u00e1zatokkal \u00e9s t\u00e9telekkel<\/li>\n<li>K\u00e9zzel \u00edrt feljegyz\u00e9sek a sz\u00e1ll\u00edt\u00f3leveleken<\/li>\n<\/ul>\n\n<p>Minden sz\u00e1ll\u00edt\u00f3 m\u00e1sk\u00e9pp form\u00e1zza a sz\u00e1ml\u00e1kat. Minden banknak m\u00e1s a kimutat\u00e1sok elrendez\u00e9se. Minden alkalmazott m\u00e1s sz\u00f6gb\u0151l f\u00e9nyk\u00e9pezi a nyugt\u00e1kat.<\/p>\n<p>A csapatodnak mindezt el kell int\u00e9znie. Szedje ki a legfontosabb inform\u00e1ci\u00f3kat. Vigye be az ERP- vagy sz\u00e1mviteli rendszer\u00e9be. Gy\u0151z\u0151dj\u00f6n meg r\u00f3la, hogy semmi sem marad ki a rost\u00e1n.<\/p>\n<p>Ez nem kih\u00edv\u00e1st jelent\u0151 munka. Csak id\u0151ig\u00e9nyes. \u00c9s amikor a volumen n\u0151, t\u00f6bb emberre van sz\u00fcks\u00e9g, vagy hosszabb munkaid\u0151re.<\/p>\n\n\n<hr class=\"wp-block-separator has-alpha-channel-opacity\"\/>\n\n\n\n<h3 class=\"wp-block-heading\">Mit tesz a mesters\u00e9ges intelligencia a dokumentumfeldolgoz\u00e1sban<\/h3>\n\n\n\n<h4 class=\"wp-block-heading\">B\u00e1rmilyen dokumentumform\u00e1tumot olvas<\/h4>\n\n\n<p>Az AI-nak nincs sz\u00fcks\u00e9ge sablonokra. Nincs sz\u00fcks\u00e9ge struktur\u00e1lt adatokra. Olvas:<\/p>\n<ul>\n<li><strong>PDF-ek:<\/strong> Sz\u00f6veges \u00e9s szkennelt k\u00e9pek<\/li>\n<li><strong>K\u00e9pek:<\/strong> JPEG, PNG, TIFF b\u00e1rmilyen forr\u00e1sb\u00f3l<\/li>\n<li><strong>E-mailek:<\/strong> T\u00f6rzssz\u00f6veg, mell\u00e9kletek, al\u00e1\u00edr\u00e1sok<\/li>\n<li><strong>Fot\u00f3k:<\/strong> M\u00e9g a telefonokr\u00f3l sz\u00e1rmaz\u00f3 elmos\u00f3dott nyugt\u00e1k is<\/li>\n<li><strong>T\u00f6bboldalas dokumentumok:<\/strong> T\u00f6bb tucat oldalas nyilatkozatok<\/li>\n<\/ul>\n\n<p>K\u00fcl\u00f6nb\u00f6z\u0151 nyelveket kezel. K\u00fcl\u00f6nb\u00f6z\u0151 p\u00e9nznemek. K\u00fcl\u00f6nb\u00f6z\u0151 d\u00e1tumform\u00e1tumok. K\u00fcl\u00f6nb\u00f6z\u0151 dokumentum elrendez\u00e9sek.<\/p>\n<p>A sz\u00e1ll\u00edt\u00f3ja megv\u00e1ltoztatja a sz\u00e1mlasablonj\u00e1t? Az AI automatikusan alkalmazkodik. Nincs sz\u00fcks\u00e9g \u00e1tprogramoz\u00e1sra.<\/p>\n\n\n<h4 class=\"wp-block-heading\">Kivonja pontosan azt, amire sz\u00fcks\u00e9ge van<\/h4>\n\n\n<p>Sz\u00e1ml\u00e1k eset\u00e9ben az AI h\u00fazza:<\/p>\n<ul>\n<li>Elad\u00f3 neve \u00e9s c\u00edme<\/li>\n<li>A sz\u00e1mla sz\u00e1ma \u00e9s d\u00e1tuma<\/li>\n<li>Fizet\u00e9si hat\u00e1rid\u0151 \u00e9s fizet\u00e9si felt\u00e9telek<\/li>\n<li>T\u00e9telek le\u00edr\u00e1ssal \u00e9s \u00f6sszegekkel<\/li>\n<li>R\u00e9sz\u00f6sszegek, ad\u00f3, teljes \u00f6sszeg<\/li>\n<li>PO-sz\u00e1mok, ha van r\u00e1 hivatkoz\u00e1s<\/li>\n<li>Banksz\u00e1mlaadatok a fizet\u00e9shez<\/li>\n<\/ul>\n\n<p>A nyugt\u00e1k eset\u00e9ben kivonatok:<\/p>\n<ul>\n<li>Keresked\u0151 neve \u00e9s helye<\/li>\n<li>D\u00e1tum \u00e9s id\u0151<\/li>\n<li>Teljes \u00f6sszeg<\/li>\n<li>Ad\u00f3 \u00f6sszege<\/li>\n<li>Fizet\u00e9si m\u00f3d<\/li>\n<li>R\u00e9szletezett v\u00e1s\u00e1rl\u00e1sok<\/li>\n<\/ul>\n\n<p>A banksz\u00e1mlakivonatok eset\u00e9ben ez lesz:<\/p>\n<ul>\n<li>Sz\u00e1mlasz\u00e1m<\/li>\n<li>Nyilatkozati id\u0151szak<\/li>\n<li>Nyit\u00f3 \u00e9s z\u00e1r\u00f3 egyenlegek<\/li>\n<li>Minden tranzakci\u00f3 d\u00e1tummal, le\u00edr\u00e1ssal, \u00f6sszeggel<\/li>\n<li>D\u00edjak \u00e9s kamatok<\/li>\n<\/ul>\n\n<p>A mesters\u00e9ges intelligencia nem csak sz\u00f6veget tal\u00e1l. Meg\u00e9rti, hogy mit jelentenek az adatok. Tudja, mi a k\u00fcl\u00f6nbs\u00e9g a sz\u00e1mlasz\u00e1m \u00e9s a rendel\u00e9si sz\u00e1m k\u00f6z\u00f6tt. A r\u00e9sz\u00f6sszeg \u00e9s a v\u00e9g\u00f6sszeg k\u00f6z\u00f6tt. A terhel\u00e9s \u00e9s a j\u00f3v\u00e1\u00edr\u00e1s k\u00f6z\u00f6tt.<\/p>\n\n\n<h4 class=\"wp-block-heading\">Automatikusan \u00e9rv\u00e9nyes\u00edti az adatokat<\/h4>\n\n\n<p>A mesters\u00e9ges intelligencia nem csak kivonja \u00e9s tov\u00e1bbl\u00e9p. Ellen\u0151rzi:<\/p>\n\n<p><strong>Matematikai pontoss\u00e1g:<\/strong><br \/>\nA t\u00e9telek \u00f6sszead\u00f3dnak a r\u00e9sz\u00f6sszeggel? A r\u00e9sz\u00f6sszeg \u00e9s az ad\u00f3 megegyezik a v\u00e9g\u00f6sszeggel? Ha nem, a rendszer jelzi a dokumentumot.<\/p>\n\n<p><strong>T\u00f6rzsadatok egyeztet\u00e9se:<\/strong><br \/>\nEz a sz\u00e1ll\u00edt\u00f3 szerepel az \u00d6n rendszer\u00e9ben? Egyezik a c\u00edm? Helyes a sz\u00e1mlasz\u00e1m? Az ismeretlen sz\u00e1ll\u00edt\u00f3k fel\u00fclvizsg\u00e1latra ker\u00fclnek.<\/p>\n\n<p><strong>Referenciahiteles\u00edt\u00e9s:<\/strong><br \/>\nL\u00e9tezik ez a PO-sz\u00e1m? Ehhez a sz\u00e1ll\u00edt\u00f3hoz tartozik? Megfelel az \u00f6sszeg? Az elt\u00e9r\u00e9sek riaszt\u00e1st v\u00e1ltanak ki.<\/p>\n\n<p><strong>Duplik\u00e1tum felismer\u00e9s:<\/strong><br \/>\nEzt a sz\u00e1ml\u00e1t m\u00e1r kor\u00e1bban is beny\u00fajtott\u00e1k? Ugyanaz a sz\u00e1ll\u00edt\u00f3, ugyanaz az \u00f6sszeg, ugyanaz a d\u00e1tum? A mesters\u00e9ges intelligencia elkapja a duplik\u00e1lt fizet\u00e9si k\u00eds\u00e9rleteket.<\/p>\n\n<p><strong>\u00c9sszer\u0171s\u00e9gi ellen\u0151rz\u00e9sek:<\/strong><br \/>\nEz az \u00f6sszeg j\u00f3val magasabb, mint a norm\u00e1lis enn\u00e9l az elad\u00f3n\u00e1l? Az esed\u00e9kess\u00e9g id\u0151pontja m\u00e1r a m\u00faltban van? Valami szokatlannak t\u0171nik? Az AI jelzi a kiugr\u00f3 \u00e9rt\u00e9keket.<\/p>\n\n<p>\u00c9rv\u00e9nyes\u00edt\u00e9s n\u00e9lk\u00fcl semmi sem jut \u00e1t. Csapata csak azokat a dokumentumokat l\u00e1tja, amelyek vagy \u00e1tmentek az \u00f6sszes ellen\u0151rz\u00e9sen, vagy amelyek k\u00fcl\u00f6nleges emberi meg\u00edt\u00e9l\u00e9st ig\u00e9nyelnek.<\/p>\n\n\n<h4 class=\"wp-block-heading\">Intelligens m\u00f3don ir\u00e1ny\u00edtja a dokumentumokat<\/h4>\n\n\n<p>A feldolgoz\u00e1s ut\u00e1n a dokumentumoknak a megfelel\u0151 helyre kell ker\u00fclni\u00fck:<\/p>\n\n<p><strong>J\u00f3v\u00e1hagy\u00e1si \u00fatvonal:<\/strong><br \/>\nMarketingk\u00f6lts\u00e9g? A marketingmenedzserre h\u00e1rul. $5,000 felett? Az igazgat\u00f3\u00e9. T\u0151kek\u00f6lts\u00e9g? A p\u00e9nz\u00fcgyi igazgat\u00f3hoz ker\u00fcl. Az AI ismeri a j\u00f3v\u00e1hagy\u00e1si m\u00e1trixot.<\/p>\n\n<p><strong>Oszt\u00e1lyeloszt\u00e1s:<\/strong><br \/>\nAz AI a GL-k\u00f3dok, k\u00f6lts\u00e9ghelyek vagy a dokumentum tartalma alapj\u00e1n a megfelel\u0151 r\u00e9szleghez ir\u00e1ny\u00edtja a k\u00f3dol\u00e1s \u00e9s j\u00f3v\u00e1hagy\u00e1s c\u00e9lj\u00e1b\u00f3l.<\/p>\n\n<p><strong>Kiv\u00e9telkezel\u00e9s:<\/strong><br \/>\nSikertelen \u00e9rv\u00e9nyes\u00edt\u00e9s? Az AP szakemberek sor\u00e1ba ker\u00fcl. \u00daj sz\u00e1ll\u00edt\u00f3? A beszerz\u00e9shez ker\u00fcl. Szokatlan \u00f6sszeg? A kontrollerhez ker\u00fcl. Minden kiv\u00e9telt\u00edpusnak megvan a maga \u00fatvonala.<\/p>\n\n<p><strong>Priorit\u00e1si rendez\u00e9s:<\/strong><br \/>\nKorai fizet\u00e9si kedvezm\u00e9nyt kaphat? Kiemelt priorit\u00e1s. K\u00e9sedelmes sz\u00e1mla? Kiemelt fontoss\u00e1g\u00fa. Szabv\u00e1nyos 30 napos hat\u00e1rid\u0151? Norm\u00e1l sorban \u00e1ll\u00e1s. A mesters\u00e9ges intelligencia rangsorolja a fontos dolgokat.<\/p>\n\n<p>Nincs t\u00f6bb\u00e9 olyan dokumentum, amely egy szem\u00e9ly e-mailj\u00e9ben v\u00e1rakozik k\u00e9zi szort\u00edroz\u00e1sra. Minden automatikusan oda ker\u00fcl, ahov\u00e1 kell.<\/p>\n\n\n<h4 class=\"wp-block-heading\">Automatikusan l\u00e9trehozza az ellen\u0151rz\u00e9si nyomvonalakat<\/h4>\n\n\n<p>A mesters\u00e9ges intelligencia minden dokumentumhoz r\u00f6gz\u00edti:<\/p>\n<ul>\n<li>Amikor megkapt\u00e1k<\/li>\n<li>Milyen adatokat nyertek ki<\/li>\n<li>Milyen \u00e9rv\u00e9nyes\u00edt\u00e9sek t\u00f6rt\u00e9ntek<\/li>\n<li>Mi ment \u00e1t vagy bukott el<\/li>\n<li>Ki vizsg\u00e1lta fel\u00fcl a kiv\u00e9teleket<\/li>\n<li>Milyen d\u00f6nt\u00e9sek sz\u00fclettek<\/li>\n<li>A rendszerbe val\u00f3 bek\u00fcld\u00e9skor<\/li>\n<\/ul>\n\n<p>Teljes dokument\u00e1ci\u00f3. Nincs sz\u00fcks\u00e9g k\u00e9zi napl\u00f3z\u00e1sra. Minden k\u00e9szen \u00e1ll az audit\u00e1l\u00e1sra.<\/p>\n\n\n<hr class=\"wp-block-separator has-alpha-channel-opacity\"\/>\n\n\n\n<h3 class=\"wp-block-heading\">Mit jelent ez az \u00d6n sz\u00e1m\u00e1ra<\/h3>\n\n\n\n<h4 class=\"wp-block-heading\">CFO-k \u00e9s p\u00e9nz\u00fcgyi vezet\u0151k sz\u00e1m\u00e1ra<\/h4>\n\n\n<p><strong>Alacsonyabb tranzakci\u00f3nk\u00e9nti k\u00f6lts\u00e9g:<\/strong><br \/>\nEgy sz\u00e1mla k\u00e9zi feldolgoz\u00e1sa a bonyolults\u00e1gt\u00f3l f\u00fcgg\u0151en $10-$30 k\u00f6lts\u00e9get jelent. A mesters\u00e9ges intelligenci\u00e1val ez $2-$5-re cs\u00f6kken. M\u00e9retar\u00e1nyosan ez gyorsan \u00f6sszead\u00f3dik.<\/p>\n\n<p><strong>Kezelje a n\u00f6veked\u00e9st l\u00e9tsz\u00e1mn\u00f6veked\u00e9s n\u00e9lk\u00fcl:<\/strong><br \/>\nAz \u00d6n v\u00e1llalkoz\u00e1sa megdupl\u00e1zza a tranzakci\u00f3s volument? A mesters\u00e9ges intelligencia azonnal sk\u00e1l\u00e1z\u00f3dik. Nincs munkaer\u0151-felv\u00e9tel. Nincs k\u00e9pz\u00e9s. Nincs bevezet\u00e9si id\u0151.<\/p>\n\n<p><strong>Gyorsabb ciklusid\u0151:<\/strong><br \/>\nA dokumentumokat m\u00e9g aznap feldolgozz\u00e1k, ahelyett, hogy napokig sorban \u00e1lln\u00e1nak. Kor\u00e1bbi fizet\u00e9si kedvezm\u00e9nyek r\u00f6gz\u00edt\u00e9se. Jobb cash flow l\u00e1that\u00f3s\u00e1g.<\/p>\n\n<p><strong>Jobb adatmin\u0151s\u00e9g:<\/strong><br \/>\nNincsenek elg\u00e9pel\u00e9sek. Nincsenek hi\u00e1nyz\u00f3 mez\u0151k. Nincsenek \u00e1t\u00edrt sz\u00e1mok. A tiszt\u00e1bb adatok jobb jelent\u00e9st \u00e9s kevesebb korrekci\u00f3t jelentenek.<\/p>\n\n<p><strong>Val\u00f3s idej\u0171 l\u00e1that\u00f3s\u00e1g:<\/strong><br \/>\nN\u00e9zze meg, hogy pontosan mi van k\u00e9sz\u00fcl\u0151ben. H\u00e1ny sz\u00e1mla v\u00e1r j\u00f3v\u00e1hagy\u00e1sra? Mennyi a teljes k\u00f6telezetts\u00e9g? Nincs t\u00f6bb\u00e9 t\u00e1bl\u00e1zatkezel\u00e9s.<\/p>\n\n\n<h4 class=\"wp-block-heading\">AP\/AR csapatok sz\u00e1m\u00e1ra<\/h4>\n\n\n<p><strong>Hagyja abba az adatbevitelt:<\/strong><br \/>\nNincs t\u00f6bb\u00e9 g\u00e9pel\u00e9s PDF-ekb\u0151l. Nincs t\u00f6bb\u00e9 dupla sz\u00e1mellen\u0151rz\u00e9s. A mesters\u00e9ges intelligencia elv\u00e9gzi a kivonatol\u00e1st. \u00d6n kezeli a kiv\u00e9teleket \u00e9s a d\u00f6nt\u00e9seket.<\/p>\n\n<p><strong>Koncentr\u00e1ljon a probl\u00e9mamegold\u00e1sra:<\/strong><br \/>\nAz 50 szabv\u00e1nyos sz\u00e1mla feldolgoz\u00e1sa helyett csak azt az 5-\u00f6t kezeli, amelyiket meg kell \u00edt\u00e9lnie. Sz\u00e1ll\u00edt\u00f3i vit\u00e1k. Hi\u00e1nyz\u00f3 PO-k. \u00c1rk\u00e9pz\u00e9si k\u00e9rd\u00e9sek. Az \u00e9rdekes dolgok.<\/p>\n\n<p><strong>Kevesebb ism\u00e9tl\u0151d\u0151 stressz:<\/strong><br \/>\nA t\u00f6bb sz\u00e1z sz\u00e1mla beg\u00e9pel\u00e9se val\u00f3di fizikai megterhel\u00e9st jelent. A mesters\u00e9ges intelligencia nem kap karp\u00e1lis alagutat. A csapata eg\u00e9szs\u00e9gesebb marad.<\/p>\n\n<p><strong>K\u00f6nnyen kezeli a cs\u00facsid\u0151szakokat:<\/strong><br \/>\nH\u00f3nap v\u00e9gi hull\u00e1mz\u00e1s? Negyed\u00e9v v\u00e9gi roham? Az AI nem lassul le. Nincs sz\u00fcks\u00e9g t\u00fal\u00f3r\u00e1ra. Nincs stressz, hogy \u00e1tjusson a halmon.<\/p>\n\n<p><strong>Gyorsabb elad\u00f3i v\u00e1laszok:<\/strong><br \/>\n\"Hol van a fizet\u00e9sem?\" Azonnal v\u00e1laszolhat, mert minden benne van a rendszerben. Nem kell e-mailekben vagy pap\u00edrkupacokban keresg\u00e9lni.<\/p>\n\n\n<h4 class=\"wp-block-heading\">Az eg\u00e9sz v\u00e1llalkoz\u00e1s sz\u00e1m\u00e1ra<\/h4>\n\n\n<p><strong>Kevesebb k\u00e9sedelmi k\u00f6tb\u00e9r:<\/strong><br \/>\nA gyorsabban feldolgozott dokumentumok id\u0151ben teljes\u00edtett kifizet\u00e9seket jelentenek. Nincs t\u00f6bb\u00e9 $50 k\u00e9sedelmi d\u00edj, mert egy sz\u00e1mla egy h\u00e9tig az e-mailben maradt.<\/p>\n\n<p><strong>Tov\u00e1bbi korai fizet\u00e9si kedvezm\u00e9nyek:<\/strong><br \/>\nA \"2\/10 nett\u00f3 30\" kifejez\u00e9sek val\u00f3di megtakar\u00edt\u00e1st jelentenek. A mesters\u00e9ges intelligencia el\u00e9g gyors ahhoz, hogy ezeket a kedvezm\u00e9nyeket t\u00e9nylegesen megragadja.<\/p>\n\n<p><strong>Jobb besz\u00e1ll\u00edt\u00f3i kapcsolatok:<\/strong><br \/>\nA k\u00f6vetkezetes, id\u0151ben t\u00f6rt\u00e9n\u0151 feldolgoz\u00e1s jobb \u00fcgyf\u00e9ll\u00e9 teszi \u00d6nt. A sz\u00e1ll\u00edt\u00f3k \u00e9rt\u00e9kelik a kisz\u00e1m\u00edthat\u00f3s\u00e1got.<\/p>\n\n<p><strong>Gyorsabb munkav\u00e1llal\u00f3i visszat\u00e9r\u00edt\u00e9sek:<\/strong><br \/>\nA k\u00f6lts\u00e9gjelent\u00e9sek feldolgoz\u00e1sa napok, nem hetek alatt t\u00f6rt\u00e9nik. Boldogabb alkalmazottak, akik nem v\u00e1rnak a p\u00e9nz\u00fckre.<\/p>\n\n\n<hr class=\"wp-block-separator has-alpha-channel-opacity\"\/>\n\n\n\n<h3 class=\"wp-block-heading\">Gyakori dokumentumfeldolgoz\u00e1si forgat\u00f3k\u00f6nyvek<\/h3>\n\n\n\n<h4 class=\"wp-block-heading\">Sz\u00e1mlafeldolgoz\u00e1s<\/h4>\n\n\n<p>A sz\u00e1mla e-mailben \u00e9rkezik. Az AI:<\/p>\n<ol>\n<li>M\u00e1sodperceken bel\u00fcl kivonja az \u00f6sszes sz\u00e1mlaadatot<\/li>\n<li>Ellen\u0151rzi a sz\u00e1ll\u00edt\u00f3t a t\u00f6rzslist\u00e1val<\/li>\n<li>Megfelel a PO-nak, ha l\u00e9tezik<\/li>\n<li>\u00c9rv\u00e9nyes\u00edti az \u00f6sszegeket \u00e9s sz\u00e1m\u00edt\u00e1sokat<\/li>\n<li>j\u00f3v\u00e1hagy\u00e1si \u00fatvonalak az \u00f6sszeg \u00e9s a szervezeti egys\u00e9g alapj\u00e1n<\/li>\n<li>AP bejegyz\u00e9st hoz l\u00e9tre a rendszerben<\/li>\n<li>\u00c9rtes\u00edti a j\u00f3v\u00e1hagy\u00f3t az \u00e1ltala prefer\u00e1lt m\u00f3don<\/li>\n<\/ol>\n\n<p>Teljes id\u0151: Egy perc alatt. Emberi r\u00e9szv\u00e9tel: Csak j\u00f3v\u00e1hagy\u00f3 d\u00f6nt\u00e9s.<\/p>\n\n\n<h4 class=\"wp-block-heading\">K\u00f6lts\u00e9gjelent\u00e9sek feldolgoz\u00e1sa<\/h4>\n\n\n<p>A munkav\u00e1llal\u00f3 12 bizonylattal ell\u00e1tott k\u00f6lts\u00e9gelsz\u00e1mol\u00e1st ny\u00fajt be. Az AI:<\/p>\n<ol>\n<li>Elolvassa az \u00f6sszes nyugt\u00e1t, bele\u00e9rtve a gy\u0171r\u00f6tt pap\u00edrr\u00f3l k\u00e9sz\u00fclt f\u00e9nyk\u00e9peket is.<\/li>\n<li>Kivonatolja a keresked\u0151, d\u00e1tum, \u00f6sszeg minden egyes<\/li>\n<li>Ellen\u0151rzi a v\u00e1llalati politik\u00e1t (\u00f6sszeghat\u00e1rok, megengedett kateg\u00f3ri\u00e1k)<\/li>\n<li>Megjel\u00f6li a politik\u00e1n k\u00edv\u00fcli t\u00e9teleket<\/li>\n<li>Automatikusan felt\u00f6lti a k\u00f6lts\u00e9gjelent\u00e9st<\/li>\n<li>j\u00f3v\u00e1hagy\u00e1sra tov\u00e1bb\u00edtja a vezet\u0151nek<\/li>\n<li>Visszat\u00e9r\u00edt\u00e9si kifizet\u00e9sre v\u00e1rakoz\u00f3k<\/li>\n<\/ol>\n\n<p>Az alkalmazott nem \u00edr be semmit. A vezet\u0151 l\u00e1tja a tiszta \u00f6sszefoglal\u00f3t az \u00f6sszes bizonylattal egy\u00fctt. A visszat\u00e9r\u00edt\u00e9s gyorsabban t\u00f6rt\u00e9nik.<\/p>\n\n\n<h4 class=\"wp-block-heading\">Kimutat\u00e1s egyeztet\u00e9s<\/h4>\n\n\n<p>Meg\u00e9rkezik a havi banksz\u00e1mlakivonat. Az AI:<\/p>\n<ol>\n<li>Kivon minden tranzakci\u00f3t a kimutat\u00e1sb\u00f3l<\/li>\n<li>Megfelel a rendszerben l\u00e9v\u0151 tranzakci\u00f3knak<\/li>\n<li>Azonos\u00edtja a nem egyez\u0151 elemeket mindk\u00e9t oldalon<\/li>\n<li>Jelzi a szokatlan tranzakci\u00f3kat (nagy \u00f6sszegek, ismeretlen kedvezm\u00e9nyezettek)<\/li>\n<li>\u00d6sszehasonl\u00edt\u00f3 jelent\u00e9st k\u00e9sz\u00edt, amely megmutatja, hogy mi egyezik \u00e9s mi nem.<\/li>\n<li>Kiv\u00e9teleket mutat be emberi fel\u00fclvizsg\u00e1latra<\/li>\n<\/ol>\n\n<p>Ami kor\u00e1bban \u00f3r\u00e1kig tartott, most percekig tart. Csapata csak azokra a t\u00e9telekre \u00f6sszpontos\u00edt, amelyek nem egyeznek automatikusan.<\/p>\n\n\n<hr class=\"wp-block-separator has-alpha-channel-opacity\"\/>\n\n\n\n<h3 class=\"wp-block-heading\">Amit az AI nem tud<\/h3>\n\n\n<p>Legy\u00fcnk \u0151szint\u00e9k a korl\u00e1toz\u00e1sokkal kapcsolatban:<\/p>\n\n<p><strong>Nem k\u00e9pes kezelni az igaz\u00e1n egyedi helyzeteket:<\/strong><br \/>\nStandard sz\u00e1ml\u00e1k? T\u00f6k\u00e9letes. De az egyszeri licencszerz\u0151d\u00e9s szokatlan fizet\u00e9si felt\u00e9telekkel? M\u00e9g mindig emberi fel\u00fclvizsg\u00e1latra szorul.<\/p>\n\n<p><strong>Nem hozhat \u00edt\u00e9leteket:<\/strong><br \/>\nKi kell fizetn\u00fcnk ezt a vitatott sz\u00e1ml\u00e1t? \u00c9rdemes fenntartani ezt a sz\u00e1ll\u00edt\u00f3i kapcsolatot? Ezek \u00fczleti d\u00f6nt\u00e9sek, nem pedig feldolgoz\u00e1si d\u00f6nt\u00e9sek.<\/p>\n\n<p><strong>Nem tudja elolvasni a teljesen megsemmis\u00fclt dokumentumokat:<\/strong><br \/>\nHa egy ember nem tudja kivenni a sz\u00e1mokat, akkor a mesters\u00e9ges intelligencia sem tudja. A s\u00falyosan s\u00e9r\u00fclt dokumentumok m\u00e9g mindig emberi beavatkoz\u00e1st ig\u00e9nyelnek.<\/p>\n\n<p><strong>A sz\u00f3beli meg\u00e1llapod\u00e1sokat nem tudja kezelni:<\/strong><br \/>\n\"Azt mondtam nekik, hogy p\u00e9ntekig fizet\u00fcnk\" csak akkor sz\u00e1m\u00edt, ha ez dokument\u00e1lva van. A mesters\u00e9ges intelligencia a le\u00edrtak alapj\u00e1n dolgozik, nem a mondottak alapj\u00e1n.<\/p>\n\n<p><strong>A kivonatol\u00e1shoz egy\u00e9rtelm\u0171 adatokra van sz\u00fcks\u00e9g:<\/strong><br \/>\nHa kritikus inform\u00e1ci\u00f3k hi\u00e1nyoznak a dokumentumb\u00f3l, a mesters\u00e9ges intelligencia jelzi azt, de nem tudja feltal\u00e1lni az adatokat. Valakinek m\u00e9g mindig meg kell tal\u00e1lnia a hi\u00e1nyz\u00f3 sz\u00e1mlasz\u00e1mot.<\/p>\n\n<p>A mesters\u00e9ges intelligencia kiv\u00e1l\u00f3an kezeli a rutinfeldolgoz\u00e1st. Minden m\u00e1shoz tov\u00e1bbra is sz\u00fcks\u00e9g van az \u00d6n csapat\u00e1nak szak\u00e9rtelm\u00e9re.<\/p>\n\n\n<hr class=\"wp-block-separator has-alpha-channel-opacity\"\/>\n\n\n\n<h3 class=\"wp-block-heading\">Kezd\u0151 l\u00e9p\u00e9sek<\/h3>\n\n\n<p>A dokumentumfeldolgoz\u00f3 mesters\u00e9ges intelligencia akkor m\u0171k\u00f6dik a legjobban, ha koncentr\u00e1ltan kezd:<\/p>\n\n<p><strong>El\u0151sz\u00f6r v\u00e1lasszon ki egy dokumentumt\u00edpust:<\/strong><br \/>\nNe pr\u00f3b\u00e1ljon meg mindent egyszerre automatiz\u00e1lni. Kezdje a legnagyobb forgalm\u00fa dokumentumt\u00edpussal. \u00c1ltal\u00e1ban a sz\u00e1ml\u00e1kkal vagy a k\u00f6lts\u00e9gelsz\u00e1mol\u00e1sokkal.<\/p>\n\n<p><strong>Kezdje a legtiszt\u00e1bb adatokkal:<\/strong><br \/>\nA legegyszer\u0171bb a k\u00f6vetkezetes form\u00e1z\u00e1ssal rendelkez\u0151 nagyobb gy\u00e1rt\u00f3kkal dolgozni. El\u0151sz\u00f6r ott nyerjen, majd terjeszkedjen a v\u00e1ltoz\u00f3bb dokumentumokra.<\/p>\n\n<p><strong>Kezdetben tartsa az embereket a hurokban:<\/strong><br \/>\nHagyja, hogy a mesters\u00e9ges intelligencia dolgozzon, de el\u0151sz\u00f6r a csapata n\u00e9zzen \u00e1t mindent. \u00c9p\u00edtsen bizalmat a rendszer ir\u00e1nt. Hangolja az \u00e9rv\u00e9nyes\u00edt\u00e9si szab\u00e1lyokat.<\/p>\n\n<p><strong>M\u00e9rje az id\u0151megtakar\u00edt\u00e1st:<\/strong><br \/>\nK\u00f6vesse nyomon, hogy mennyi ideig tartott a feldolgoz\u00e1s el\u0151tte \u00e9s ut\u00e1na. M\u00e9rje a hibaar\u00e1nyokat. Dokument\u00e1lja a javul\u00e1st. Ez bizony\u00edtja az \u00e9rt\u00e9ket.<\/p>\n\n<p><strong>Fokozatosan b\u0151v\u00edteni:<\/strong><br \/>\nHa egy dokumentumt\u00edpus j\u00f3l m\u0171k\u00f6dik, adjon hozz\u00e1 egy m\u00e1sikat. Id\u0151vel \u00e9p\u00edtse ki az automatiz\u00e1lt feldolgoz\u00e1si k\u00e9pess\u00e9geket.<\/p>\n\n<p>Ez nem minden vagy semmi. Kezdhet kicsiben, bizony\u00edthatja az \u00e9rt\u00e9ket, majd n\u00f6velheti a l\u00e9pt\u00e9ket.<\/p>\n\n\n<hr class=\"wp-block-separator has-alpha-channel-opacity\"\/>\n\n\n\n<h3 class=\"wp-block-heading\">K\u00e9szen \u00e1ll a dokumentumok manu\u00e1lis feldolgoz\u00e1s\u00e1nak le\u00e1ll\u00edt\u00e1s\u00e1ra?<\/h3>\n\n\n<p>Minden p\u00e9nz\u00fcgyi r\u00e9szlegnek m\u00e1s \u00e9s m\u00e1s dokumentummennyis\u00e9ggel, form\u00e1tummal \u00e9s munkafolyamatokkal kell rendelkeznie. A sablonos megold\u00e1sok nem m\u0171k\u00f6dnek.<\/p>\n<p>Megn\u00e9zz\u00fck a t\u00e9nyleges dokumentumokat. Az \u00d6n rendszereit. A j\u00f3v\u00e1hagy\u00e1si folyamatokat. Az \u00d6n kiv\u00e9telkezel\u00e9si ig\u00e9nyeit.<\/p>\n<p>Ezut\u00e1n olyan mesters\u00e9ges intelligencia alap\u00fa dokumentumfeldolgoz\u00e1st \u00e9p\u00edt\u00fcnk, amely megfelel az \u00d6n t\u00e9nyleges munkam\u00f3dszer\u00e9nek. Nem elm\u00e9letben. Nem \u00e1ltal\u00e1nos sablonok. Az \u00d6n egyedi munkafolyamatai.<\/p>\n<p>Kicsiben kezdj\u00fck. Bizony\u00edtsuk be, hogy m\u0171k\u00f6dik. Azt\u00e1n terjeszkedj\u00fcnk. Nincs hatalmas el\u0151zetes befektet\u00e9s. Nincs fennakad\u00e1s a folyamatban l\u00e9v\u0151 m\u0171veletekben.<\/p>\n\n<p><strong><a href=\"https:\/\/www.leaplytics.de\/hu\/kontakt\/\">Besz\u00e9ljen vel\u00fcnk a dokumentumfeldolgoz\u00e1sr\u00f3l<\/a><\/strong><\/p>\n\n<p><a href=\"https:\/\/www.leaplytics.de\/hu\/finance-ai\/\">Vissza a P\u00e9nz\u00fcgyi AI \u00e1ttekint\u00e9s<\/a><\/p>","protected":false},"excerpt":{"rendered":"<p>AI for Financial Document Processing: Stop Typing. Start Analyzing. Your finance team processes hundreds or thousands of documents every month. Invoices. Receipts. Bank statements. Expense reports. Purchase orders. Contracts. Someone has to read every one. Extract the data. Type it into your system. Check it&#8217;s correct. Match it to other documents. File it properly. That&#8217;s &hellip; <\/p>","protected":false},"author":2,"featured_media":0,"parent":0,"menu_order":0,"comment_status":"closed","ping_status":"closed","template":"","meta":{"footnotes":""},"class_list":["post-14429","page","type-page","status-publish","hentry","latest_post"],"_links":{"self":[{"href":"https:\/\/www.leaplytics.de\/hu\/wp-json\/wp\/v2\/pages\/14429","targetHints":{"allow":["GET"]}}],"collection":[{"href":"https:\/\/www.leaplytics.de\/hu\/wp-json\/wp\/v2\/pages"}],"about":[{"href":"https:\/\/www.leaplytics.de\/hu\/wp-json\/wp\/v2\/types\/page"}],"author":[{"embeddable":true,"href":"https:\/\/www.leaplytics.de\/hu\/wp-json\/wp\/v2\/users\/2"}],"replies":[{"embeddable":true,"href":"https:\/\/www.leaplytics.de\/hu\/wp-json\/wp\/v2\/comments?post=14429"}],"version-history":[{"count":1,"href":"https:\/\/www.leaplytics.de\/hu\/wp-json\/wp\/v2\/pages\/14429\/revisions"}],"predecessor-version":[{"id":14430,"href":"https:\/\/www.leaplytics.de\/hu\/wp-json\/wp\/v2\/pages\/14429\/revisions\/14430"}],"wp:attachment":[{"href":"https:\/\/www.leaplytics.de\/hu\/wp-json\/wp\/v2\/media?parent=14429"}],"curies":[{"name":"wp","href":"https:\/\/api.w.org\/{rel}","templated":true}]}}