{"id":14444,"date":"2025-12-19T01:44:55","date_gmt":"2025-12-19T00:44:55","guid":{"rendered":"https:\/\/www.leaplytics.de\/?page_id=14444"},"modified":"2025-12-19T01:46:09","modified_gmt":"2025-12-19T00:46:09","slug":"toborzas-tehetsegszerzes-ai","status":"publish","type":"page","link":"https:\/\/www.leaplytics.de\/hu\/toborzas-tehetsegszerzes-ai\/","title":{"rendered":"Toborz\u00e1s \u00e9s tehets\u00e9gszerz\u00e9s AI"},"content":{"rendered":"<h2>AI for Recruiting &amp; Talent Acquisition: Gyorsabb, jobb munkaer\u0151-felv\u00e9tel<\/h2>\n\n<p>A j\u00f3 jel\u00f6ltek nem v\u00e1rnak. Am\u00edg \u00f6n az \u00f6n\u00e9letrajzokat v\u00e1logatja, addig \u0151k m\u00e1s aj\u00e1nlatokat fogadnak el. Am\u00edg \u00d6n e-mailben j\u00e1tszik az interj\u00fak \u00fctemez\u00e9s\u00e9vel, addig \u0151k gyorsabb c\u00e9gekkel l\u00e9pnek tov\u00e1bb.<\/p>\n<p>A toborz\u00e1s egy verseny. Nem m\u00e1s c\u00e9gek ellen - az id\u0151 ellen. Minden nap, amit egy \u00e1ll\u00e1s bet\u00f6ltetlen\u00fcl marad, p\u00e9nzbe ker\u00fcl. Minden egyes elszalasztott lehet\u0151s\u00e9g minden egyes k\u00e9pzett jel\u00f6lt elszalaszt\u00e1sa.<\/p>\n<p>A probl\u00e9ma nem a toborz\u00f3 csapatoddal van. A probl\u00e9ma a mennyis\u00e9ggel van. Szerepk\u00f6r\u00f6nk\u00e9nt t\u00f6bb sz\u00e1z jelentkez\u00e9s. T\u00f6bb tucatnyi interj\u00fat kell koordin\u00e1lni. Folyamatos kommunik\u00e1ci\u00f3 a jel\u00f6ltekkel. T\u00fal sok a k\u00e9zi munka.<\/p>\n<p>Az AI ezt megv\u00e1ltoztatja. M\u00e1sodpercek alatt olvassa el az \u00f6n\u00e9letrajzokat, nem \u00f3r\u00e1k alatt. Az interj\u00fakat oda-vissza besz\u00e9lget\u00e9sek n\u00e9lk\u00fcl \u00fctemezi. A jel\u00f6lteket lek\u00f6ti, mik\u00f6zben \u00d6n a fontos besz\u00e9lget\u00e9sekre koncentr\u00e1l.<\/p>\n\n\n<hr class=\"wp-block-separator has-alpha-channel-opacity\"\/>\n\n\n\n<h3 class=\"wp-block-heading\">Mi\u00e9rt romlott el a toborz\u00e1s<\/h3>\n\n\n<p>Legy\u00fcnk \u0151szint\u00e9k azzal kapcsolatban, hogyan n\u00e9z ki ma a toborz\u00e1s.<\/p>\n<p>Ki\u00edrsz egy \u00e1ll\u00e1st. Napokon bel\u00fcl t\u00f6bb mint 200 jelentkez\u00e9s \u00e9rkezik. A legt\u00f6bbj\u00fck nyilv\u00e1nval\u00f3an alkalmatlan - rossz tapasztalat, hi\u00e1nyz\u00f3 k\u00e9szs\u00e9gek, m\u00e9g csak k\u00f6zel sem alkalmasak. De valakinek el kell olvasnia mindet, mert n\u00e9ha egy-egy nagyszer\u0171 jel\u00f6lt is van k\u00f6zt\u00fck.<\/p>\n<p>A toborz\u00f3i \u00f3r\u00e1kat t\u00f6ltenek a sz\u0171r\u00e9ssel. Mire azonos\u00edtj\u00e1k a legjobb jel\u00f6lteket, m\u00e1r egy h\u00e9t is eltelt. Ezek a jel\u00f6ltek m\u00e1r h\u00e1rom interj\u00fan voltak m\u00e1shol.<\/p>\n<p>Azt\u00e1n j\u00f6n az \u00fctemez\u00e9s. \"Milyen id\u0151pontok alkalmasak neked?\" \"Val\u00f3j\u00e1ban ez nem m\u0171k\u00f6dik.\" \"Mit sz\u00f3lsz a cs\u00fct\u00f6rt\u00f6kh\u00f6z?\" \"Eg\u00e9sz nap megbesz\u00e9l\u00e9seim vannak.\" \u00d6t e-maillel k\u00e9s\u0151bb tal\u00e1n m\u00e1r le is foglalt egy interj\u00fat. Tal\u00e1n a jel\u00f6lt m\u00e1r elfogadta egy m\u00e1sik aj\u00e1nlatot.<\/p>\n<p>A jel\u00f6lteknek k\u00e9rd\u00e9seik vannak. A szerepr\u0151l. A folyamatr\u00f3l. A juttat\u00e1sokr\u00f3l. E-mailben \u00e9rdekl\u0151dnek. V\u00e1rnak. N\u00e9ha napokig. Addigra elvesztik az \u00e9rdekl\u0151d\u00e9s\u00fcket, vagy tov\u00e1bb\u00e1llnak.<\/p>\n<p>Ek\u00f6zben a felv\u00e9teli menedzserek frusztr\u00e1ltak. A toborz\u00f3k ki\u00e9gtek. \u00c9s a felv\u00e9teli id\u0151 egyre hosszabb lesz.<\/p>\n<p>Ez nem az emberekkel kapcsolatos probl\u00e9ma. Ez egy folyamatprobl\u00e9ma. \u00c9s a mesters\u00e9ges intelligencia pontosan ilyen folyamatokra van kital\u00e1lva.<\/p>\n\n\n<hr class=\"wp-block-separator has-alpha-channel-opacity\"\/>\n\n\n\n<h3 class=\"wp-block-heading\">Mit tesz az AI a toborz\u00e1sban<\/h3>\n\n\n<p>A mesters\u00e9ges intelligencia nem helyettes\u00edti a toborz\u00f3kat. Megsz\u00fcnteti a sz\u0171k keresztmetszeteket, amelyek lelass\u00edtj\u00e1k \u0151ket. \u00cdme, hogyan.<\/p>\n\n\n<h4 class=\"wp-block-heading\">\u00d6n\u00e9letrajz sz\u0171r\u00e9s, amely val\u00f3ban m\u0171k\u00f6dik<\/h4>\n\n\n<p>Az AI minden \u00f6n\u00e9letrajzot elolvas. Minden jelentkez\u00e9st. M\u00e1sodpercek alatt.<\/p>\n<p>Nem csak kulcsszavakra keres. Meg\u00e9rti a kontextust. Az \"5 f\u0151s csapat vezet\u00e9se\" m\u00e1s, mint a \"Csapatprojektekben val\u00f3 k\u00f6zrem\u0171k\u00f6d\u00e9s\". \"$2M k\u00f6lts\u00e9gvet\u00e9st kezelt\" m\u00e1s, mint \"Seg\u00edtett a k\u00f6lts\u00e9gvet\u00e9s tervez\u00e9s\u00e9ben\".<\/p>\n<p>A mesters\u00e9ges intelligencia az egyes jel\u00f6lteket az illeszked\u00e9s alapj\u00e1n pontozza. K\u00e9pess\u00e9gek egyez\u00e9se. Tapasztalati szint. Szerepk\u00f6vetelm\u00e9nyek. V\u00e9gzetts\u00e9g, ha sz\u00e1m\u00edt. Helysz\u00edn, ha az is sz\u00e1m\u00edt.<\/p>\n<p>A legjobb jel\u00f6ltek azonnal a felsz\u00ednre ker\u00fclnek. Nem t\u00f6k\u00e9letes jel\u00f6ltek - ilyen nincs -, hanem olyan k\u00e9pzett jel\u00f6ltek, akikkel \u00e9rdemes interj\u00fat k\u00e9sz\u00edteni.<\/p>\n<p>Ahelyett, hogy \u00f3r\u00e1kat t\u00f6lten\u00e9nek t\u00f6bb sz\u00e1z \u00f6n\u00e9letrajz \u00e1tvizsg\u00e1l\u00e1s\u00e1val, a toborz\u00f3k perceket t\u00f6ltenek a legjobb 20-nak az \u00e1ttekint\u00e9s\u00e9vel. Az id\u0151megtakar\u00edt\u00e1s \u00f3ri\u00e1si. A min\u0151s\u00e9g javul\u00e1sa val\u00f3s.<\/p>\n\n\n<h4 class=\"wp-block-heading\">A kulcsszavakon t\u00falmutat\u00f3 jel\u00f6lt-illeszt\u00e9s<\/h4>\n\n\n<p>A r\u00e9gi rendszerek kulcsszavakra keresnek. \"Kell, hogy legyen Python.\" \"5+ \u00e9v sz\u00fcks\u00e9ges.\" Ha az \u00f6n\u00e9letrajz nem tartalmazza pontosan ezeket a szavakat, a jel\u00f6ltet kisz\u0171rik.<\/p>\n<p>Az AI meg\u00e9rti, hogy a \"szoftverfejleszt\u00e9s\" \u00e9s a \"szoftverfejleszt\u00e9s\" ugyanaz a dolog. Hogy valaki, akinek 4,5 \u00e9v kiv\u00e1l\u00f3 tapasztalata van, jobb lehet, mint valaki, akinek 6 \u00e9v k\u00f6zepes tapasztalata van. Hogy a k\u00e9szs\u00e9gek \u00e1tvihet\u0151k az ipar\u00e1gak k\u00f6z\u00f6tt.<\/p>\n<p>A teljes k\u00e9pet vizsg\u00e1lja. Szerepk\u00f6vetelm\u00e9nyek. A jel\u00f6lt h\u00e1ttere. A v\u00e1llalati kult\u00far\u00e1hoz val\u00f3 illeszked\u00e9s mutat\u00f3i. Karrier\u00fatvonal. Nem csak \"egyeznek-e a kulcsszavak?\".<\/p>\n<p>Ez kevesebb hamis negat\u00edv eredm\u00e9nyt jelent - olyan alkalmas jel\u00f6lteket, akiket kisz\u0171rtek volna. \u00c9s kevesebb hamis pozit\u00edv eredm\u00e9nyt - olyan nem megfelel\u0151 jel\u00f6lteket, akik kij\u00e1tszott\u00e1k a kulcsszavas rendszert.<\/p>\n<p>A jobb egyez\u00e9sek kevesebb elvesztegetett interj\u00faid\u0151t jelentenek. T\u00f6bb elfogadott aj\u00e1nlat. Nagyobb megtart\u00e1s.<\/p>\n\n\n<h4 class=\"wp-block-heading\">Interj\u00fatervez\u00e9s, amely nem ig\u00e9nyel 10 e-mailt<\/h4>\n\n\n<p>Az AI integr\u00e1l\u00f3dik a napt\u00e1rrendszer\u00e9be. Tudja, hogy az interj\u00faztat\u00f3k mikor \u00e9rnek r\u00e1. Ismeri az interj\u00fa k\u00f6vetelm\u00e9nyeit - kinek kell ott lennie, mennyi ideig tart, milyen helyis\u00e9get vagy videokapcsolatot kell haszn\u00e1lni.<\/p>\n<p>A jel\u00f6lt kap egy e-mailt: \"V\u00e1lasszon egy \u00d6nnek megfelel\u0151 id\u0151pontot.\" A rendelkez\u00e9sre \u00e1ll\u00f3 id\u0151pontok k\u00f6z\u00fcl v\u00e1lasztanak. Az interj\u00fat lefoglalj\u00e1k. Napt\u00e1ri megh\u00edv\u00f3kat k\u00fcldenek. T\u00e1rgyal\u00f3terem vagy videokapcsolat mell\u00e9kelve. K\u00e9sz.<\/p>\n<p>Nincs koordin\u00e1tor, aki e-mail ping-pongot j\u00e1tszik. Nincsenek dupla foglal\u00e1sok. Nincs \"sajn\u00e1lom, ez az id\u0151pont m\u00e1r nem el\u00e9rhet\u0151\".<\/p>\n<p>A jel\u00f6lt sz\u00e1m\u00e1ra ez egy szakmai tapasztalat. Az \u00d6n csapata sz\u00e1m\u00e1ra pedig heti t\u00f6bb \u00f3r\u00e1t takar\u00edt meg. A felv\u00e9teli folyamat sor\u00e1n a felv\u00e9teli id\u0151 alatt napokat sp\u00f3rolnak meg.<\/p>\n\n\n<h4 class=\"wp-block-heading\">Jel\u00f6ltek kommunik\u00e1ci\u00f3ja, amely lek\u00f6ti az embereket<\/h4>\n\n\n<p>A jel\u00f6lteknek k\u00e9rd\u00e9seik vannak. T\u00f6bbnyire szok\u00e1sos k\u00e9rd\u00e9sek. \"Mi az interj\u00fa folyamata?\" \"Mi a menetrend?\" \"Milyen juttat\u00e1sokat k\u00edn\u00e1lnak?\" \"Van lehet\u0151s\u00e9g t\u00e1vmunk\u00e1ra?\"<\/p>\n<p>Az AI chatbot azonnal v\u00e1laszol ezekre. 24\/7. Pontosan. K\u00f6vetkezetesen.<\/p>\n<p>Nem kezel mindent - az \u00e9rz\u00e9keny t\u00e9m\u00e1kat vagy az \u00f6sszetett t\u00e1rgyal\u00e1sokat m\u00e9g mindig az embereknek kell megoldaniuk. De kezeli a rutinszer\u0171 megkeres\u00e9seket, amelyek felem\u00e9sztik a toborz\u00f3k idej\u00e9t.<\/p>\n<p>A jel\u00f6ltek elk\u00f6telezettnek \u00e9rzik magukat. Nem v\u00e1rnak napokig alapvet\u0151 v\u00e1laszokra. Csapat\u00e1t nem zavarj\u00e1k az ism\u00e9tl\u0151d\u0151 k\u00e9rd\u00e9sek. Mindenki nyer.<\/p>\n\n\n<h4 class=\"wp-block-heading\">\u00c1ll\u00e1shirdet\u00e9s optimaliz\u00e1l\u00e1s<\/h4>\n\n\n<p>Mely \u00e1ll\u00e1shirdet\u00e9sek vonzz\u00e1k a k\u00e9pzett jelentkez\u0151ket? Melyeket hagyj\u00e1k figyelmen k\u00edv\u00fcl, vagy melyek vonzz\u00e1k a rossz embereket?<\/p>\n<p>Az AI ezt elemzi. Nyomon k\u00f6veti, hogy mely munkak\u00f6ri le\u00edr\u00e1sok gener\u00e1lnak min\u0151s\u00e9gi jelentkez\u00e9seket. Melyik nyelv m\u0171k\u00f6dik. Mely k\u00f6vetelm\u00e9nyek riasztj\u00e1k el feleslegesen a j\u00f3 jel\u00f6lteket.<\/p>\n<p>Jav\u00edt\u00e1sokat javasol. \"Azokra a munkak\u00f6r\u00f6kre, amelyeken a \"sz\u00fcks\u00e9ges\" helyett az \"el\u0151nyben r\u00e9szes\u00edtend\u0151\" szerepel erre a k\u00e9szs\u00e9gre vonatkoz\u00f3an, 40% t\u00f6bb k\u00e9pzett p\u00e1ly\u00e1z\u00f3 jelentkezik.\" \"A t\u00e1voli rugalmass\u00e1got eml\u00edt\u0151 \u00e1ll\u00e1shirdet\u00e9sekre 3x-os jelentkez\u00e9si ar\u00e1nyt l\u00e1tunk hasonl\u00f3 min\u0151s\u00e9g mellett.\"<\/p>\n<p>Id\u0151vel az \u00e1ll\u00e1shirdet\u00e9sek egyre jobbak lesznek. T\u00f6bb relev\u00e1ns forgalom. Kevesebb zaj. Magasabb min\u0151s\u00e9g\u0171 jelentkez\u0151k.<\/p>\n\n\n<hr class=\"wp-block-separator has-alpha-channel-opacity\"\/>\n\n\n\n<h3 class=\"wp-block-heading\">Mit jelent ez az \u00d6n sz\u00e1m\u00e1ra<\/h3>\n\n\n\n<h4 class=\"wp-block-heading\">HR igazgat\u00f3k \u00e9s tehets\u00e9ggondoz\u00f3 vezet\u0151k sz\u00e1m\u00e1ra<\/h4>\n\n\n<ul>\n<li><strong>Gyorsabb b\u00e9rbead\u00e1si id\u0151.<\/strong> Napokkal vagy hetekkel r\u00f6videbb. Szerepek bet\u00f6lt\u00e9se, miel\u0151tt azok hat\u00e1ssal lenn\u00e9nek a projektekre.<\/li>\n<li><strong>Alacsonyabb b\u00e9rk\u00f6lts\u00e9g.<\/strong> Az egy ig\u00e9nyl\u00e9sre ford\u00edtott kevesebb id\u0151 t\u00f6bb ig\u00e9nyl\u00e9st jelent, amelyet ugyanaz a csapat kezel.<\/li>\n<li><strong>Jobb jel\u00f6lt\u00e9lm\u00e9ny.<\/strong> Gyors v\u00e1laszok. K\u00f6nny\u0171 \u00fctemez\u00e9s. Professzion\u00e1lis folyamat. Javul a munk\u00e1ltat\u00f3i m\u00e1rka.<\/li>\n<li><strong>T\u00f6bb felv\u00e9telt ugyanatt\u00f3l a csapatt\u00f3l.<\/strong> A toborz\u00f3i nem fulladnak meg. Ki\u00e9g\u00e9s n\u00e9lk\u00fcl tudnak t\u00f6bb k\u00e9r\u00e9st kezelni.<\/li>\n<li><strong>Jobb min\u0151s\u00e9g\u0171 b\u00e9rbead\u00e1s.<\/strong> Kevesebb id\u0151 a rosszul illeszked\u0151 jel\u00f6ltekre, \u00edgy t\u00f6bb id\u0151 jut a j\u00f3 jel\u00f6ltek \u00e9rt\u00e9kel\u00e9s\u00e9re.<\/li>\n<li><strong>Val\u00f3ban haszn\u00e1lhat\u00f3 adatok.<\/strong> Ahol a jel\u00f6ltek kisz\u00e1llnak. Mely forr\u00e1sok biztos\u00edtj\u00e1k a min\u0151s\u00e9get. Mi lass\u00edtja a folyamatot.<\/li>\n<\/ul>\n\n\n<h4 class=\"wp-block-heading\">Toborz\u00e1si \u00e9s tehets\u00e9gkutat\u00f3 szakemberek sz\u00e1m\u00e1ra<\/h4>\n\n\n<ul>\n<li><strong>Ne olvasson t\u00f6bb sz\u00e1z k\u00e9pzetlen \u00f6n\u00e9letrajzot.<\/strong> Az AI el\u0151sz\u0171r\u00e9st v\u00e9gez. Csak a legjobb m\u00e9rk\u0151z\u00e9seket n\u00e9zheted meg.<\/li>\n<li><strong>Ne j\u00e1tsszon t\u00f6bb\u00e9 menetrend-koordin\u00e1tort.<\/strong> A mesters\u00e9ges intelligencia kezeli. \u00d6n a jel\u00f6ltekkel val\u00f3 kapcsolatokra \u00f6sszpontos\u00edt.<\/li>\n<li><strong>Ne v\u00e1laszoljon t\u00f6bbsz\u00f6r ugyanazokra a k\u00e9rd\u00e9sekre.<\/strong> Az AI chatbot a rutinszer\u0171 megkeres\u00e9seket kezeli. \u00d6n kezeli az \u00e9rtelmes besz\u00e9lget\u00e9seket.<\/li>\n<li><strong>T\u00f6bb id\u0151 a fontos jel\u00f6ltekkel.<\/strong> A j\u00f3k. Azokat, akiket val\u00f3ban fel akarsz venni. \u00c9p\u00edtsenek val\u00f3di kapcsolatokat.<\/li>\n<li><strong>Kevesebb adminisztrat\u00edv teher.<\/strong> T\u00f6bb t\u00e9nyleges toborz\u00e1si munka. Erre jelentkezt\u00e9l.<\/li>\n<\/ul>\n\n\n<h4 class=\"wp-block-heading\">B\u00e9rbead\u00f3 menedzsereknek<\/h4>\n\n\n<ul>\n<li><strong>Gyorsabban l\u00e1thatja a k\u00e9pzett jel\u00f6lteket.<\/strong> Az \u00e1ll\u00e1s j\u00f3v\u00e1hagy\u00e1s\u00e1t\u00f3l az els\u0151 interj\u00faig napok, nem hetek alatt.<\/li>\n<li><strong>Jobb jel\u00f6ltek interj\u00faztat\u00e1sa.<\/strong> Az AI sz\u0171r\u00e9s m\u0171k\u00f6dik. Kevesebb id\u0151t pazarolunk nyilv\u00e1nval\u00f3an alkalmatlan emberekre.<\/li>\n<li><strong>T\u00f6ltse be a szerepeket, miel\u0151tt a projektek szenvednek.<\/strong> Ez a nyitott poz\u00edci\u00f3 nem h\u00faz\u00f3dik h\u00f3napokig. A csapatod nem lesz \u00f6r\u00f6kk\u00e9 alulszem\u00e9lyzetezett.<\/li>\n<li><strong>Jobb \u00faj munkat\u00e1rsak.<\/strong> Ha a toborz\u00e1s gyorsabban halad \u00e9s a min\u0151s\u00e9gre \u00f6sszpontos\u00edt, jobb embereket kapunk.<\/li>\n<\/ul>\n\n\n<hr class=\"wp-block-separator has-alpha-channel-opacity\"\/>\n\n\n\n<h3 class=\"wp-block-heading\">Amit az AI nem fog megtenni<\/h3>\n\n\n<p>Legy\u00fcnk tiszt\u00e1ban a korl\u00e1toz\u00e1sokkal.<\/p>\n<p>Az AI nem k\u00e9sz\u00edt interj\u00fakat. Nem hoz felv\u00e9teli d\u00f6nt\u00e9seket. Nem \u00e9rt\u00e9keli a kult\u00far\u00e1hoz val\u00f3 illeszked\u00e9st vagy a puha k\u00e9szs\u00e9geket. Nem t\u00e1rgyal az aj\u00e1nlatokr\u00f3l. Nem \u00e9p\u00edt kapcsolatot a passz\u00edv jel\u00f6ltekkel.<\/p>\n<p>\u00c1tvil\u00e1g\u00edtja az \u00f6n\u00e9letrajzokat. Megbesz\u00e9l\u00e9seket \u00fctemez. Alapvet\u0151 k\u00e9rd\u00e9sekre v\u00e1laszol. Felsz\u00ednre hoz adatokat.<\/p>\n<p>Az emberi \u00edt\u00e9let az emberekn\u00e9l marad. \"Felvegy\u00fck-e ezt a szem\u00e9lyt?\" - ez m\u00e9g mindig az \u00d6n d\u00f6nt\u00e9se. A mesters\u00e9ges intelligencia csak arr\u00f3l gondoskodik, hogy az id\u0151t olyan emberekre ford\u00edtsa, akiket \u00e9rdemes megfontolni, \u00e9s ne fulladjon bele az adminisztr\u00e1ci\u00f3s munk\u00e1ba.<\/p>\n<p>A mesters\u00e9ges intelligencia nem var\u00e1zslat. Ha a munkak\u00f6ri k\u00f6vetelm\u00e9nyei irre\u00e1lisak, az AI nem tudja megoldani. Ha a munk\u00e1ltat\u00f3i m\u00e1rka rossz, a mesters\u00e9ges intelligencia ezt nem tudja megoldani. Ha az interj\u00fafolyamat 8 fordul\u00f3t vesz ig\u00e9nybe, a mesters\u00e9ges intelligencia nem tudja felgyors\u00edtani - b\u00e1r seg\u00edthet \u00e9szrevenni, hogy ez probl\u00e9ma.<\/p>\n<p>Az AI jobb\u00e1 teszi a j\u00f3 toborz\u00e1si folyamatokat. A hib\u00e1sakat nem jav\u00edtja meg.<\/p>\n\n\n<hr class=\"wp-block-separator has-alpha-channel-opacity\"\/>\n\n\n\n<h3 class=\"wp-block-heading\">Val\u00f3s vil\u00e1gbeli hat\u00e1s<\/h3>\n\n\n<p>Hogyan n\u00e9z ez ki a gyakorlatban?<\/p>\n<p>Egy k\u00f6zepes m\u00e9ret\u0171 v\u00e1llalat, amely mesters\u00e9ges intelligenci\u00e1t alkalmaz a toborz\u00e1sban, azt tapasztalja, hogy a felv\u00e9teli id\u0151 42 napr\u00f3l 28 napra cs\u00f6kken. Ez szerepk\u00f6r\u00f6nk\u00e9nt k\u00e9t h\u00e9t. \u00c9vi 50 felv\u00e9tel eset\u00e9n ez 700 nap termel\u00e9kenys\u00e9gn\u00f6veked\u00e9st jelent.<\/p>\n<p>A toborz\u00f3ik 30%-tel t\u00f6bb ig\u00e9nyl\u00e9st kezelnek ugyanolyan l\u00e9tsz\u00e1m mellett. Nem az\u00e9rt, mert t\u00f6bb \u00f3r\u00e1t dolgoznak - mert kevesebb id\u0151t t\u00f6ltenek sz\u0171r\u00e9ssel \u00e9s \u00fctemez\u00e9ssel.<\/p>\n<p>A jel\u00f6ltek el\u00e9gedetts\u00e9gi mutat\u00f3i javulnak. Gyors v\u00e1laszok. K\u00f6nny\u0171 \u00fctemez\u00e9s. Professzion\u00e1lis kommunik\u00e1ci\u00f3. Az emberek gyakrabban fogadj\u00e1k el az aj\u00e1nlatokat.<\/p>\n<p>A b\u00e9rbead\u00e1s min\u0151s\u00e9ge v\u00e1ltozatlan marad vagy javul. Az AI nem hoz d\u00f6nt\u00e9seket, de gondoskodik arr\u00f3l, hogy a toborz\u00f3k a megfelel\u0151 jel\u00f6ltekre ford\u00edtsanak id\u0151t.<\/p>\n<p>Ez nem hipotetikus. Ez t\u00f6rt\u00e9nik, ha a mesters\u00e9ges intelligencia kezeli a toborz\u00e1s adminisztrat\u00edv sz\u0171k keresztmetszeteit.<\/p>\n\n\n<hr class=\"wp-block-separator has-alpha-channel-opacity\"\/>\n\n\n\n<h3 class=\"wp-block-heading\">Kezd\u0151 l\u00e9p\u00e9sek<\/h3>\n\n\n<p>Nem kell egyik napr\u00f3l a m\u00e1sikra \u00e1talak\u00edtania az eg\u00e9sz toborz\u00e1si folyamatot. Kezdje a legnagyobb sz\u0171k keresztmetszettel.<\/p>\n<p>A legt\u00f6bb csapat sz\u00e1m\u00e1ra ez az \u00f6n\u00e9letrajz \u00e1tvil\u00e1g\u00edt\u00e1sa. T\u00fal sok jelentkez\u00e9s. Nincs el\u00e9g id\u0151. A k\u00e9pzett jel\u00f6lteket eltemetik. Kezdje ott.<\/p>\n<p>Vagy tal\u00e1n az interj\u00fak \u00fctemez\u00e9se. A koordin\u00e1torok t\u00falterheltek. A jel\u00f6ltek frusztr\u00e1ltak. Az interj\u00fak lefoglal\u00e1sa \u00f6r\u00f6kk\u00e9 tart. El\u0151sz\u00f6r ezt oldja meg.<\/p>\n<p>Vagy a jel\u00f6ltek kommunik\u00e1ci\u00f3ja. Ugyanazok a k\u00e9rd\u00e9sek \u00fajra \u00e9s \u00fajra. Lass\u00fa v\u00e1laszid\u0151. A jel\u00f6ltek visszal\u00e9pnek. B\u00edzza ezt a mesters\u00e9ges intelligenci\u00e1ra.<\/p>\n<p>V\u00e1lasszon ki egy f\u00e1jdalmas pontot. Vezesse be az AI-t. M\u00e9rje a hat\u00e1st. Azt\u00e1n terjeszkedjen.<\/p>\n<p>Minden toborz\u00e1si folyamat m\u00e1s \u00e9s m\u00e1s. A p\u00e1ly\u00e1z\u00f3k\u00f6vet\u00e9si rendszernek megvannak a maga saj\u00e1toss\u00e1gai. Az interj\u00fak\u00e9sz\u00edt\u00e9si folyamatnak saj\u00e1tos szakaszai vannak. A jel\u00f6ltekkel val\u00f3 kommunik\u00e1ci\u00f3nak bizonyos k\u00f6vetelm\u00e9nyei vannak.<\/p>\n<p>Ez\u00e9rt a mesters\u00e9ges intelligencia a toborz\u00e1sban nem egyform\u00e1n alkalmazhat\u00f3. Az \u00d6n t\u00e9nyleges munkafolyamat\u00e1hoz kell illeszkednie. Az \u00d6n aktu\u00e1lis eszk\u00f6zeihez. Az \u00d6n t\u00e9nyleges volumen\u00e9hez \u00e9s ig\u00e9nyeihez.<\/p>\n\n\n<hr class=\"wp-block-separator has-alpha-channel-opacity\"\/>\n\n\n\n<h3 class=\"wp-block-heading\">A l\u00e9nyeg<\/h3>\n\n\n<p>A toborz\u00e1s versenyk\u00e9pes. A legjobb jel\u00f6lteknek vannak lehet\u0151s\u00e9geik. A gyorsas\u00e1g sz\u00e1m\u00edt. A tapasztalat sz\u00e1m\u00edt. A hat\u00e9konys\u00e1g sz\u00e1m\u00edt.<\/p>\n<p>A mesters\u00e9ges intelligencia nem helyettes\u00edti a toborz\u00f3kat. Gyorsabb\u00e1 teszi \u0151ket. Megsz\u00fcnteti a sz\u0171k keresztmetszeteket. Elv\u00e9gzi a rutinmunk\u00e1t, \u00edgy csapata arra koncentr\u00e1lhat, ami val\u00f3ban emberi \u00edt\u00e9l\u0151k\u00e9pess\u00e9get ig\u00e9nyel - a jel\u00f6ltek \u00e9rt\u00e9kel\u00e9s\u00e9re, a kapcsolatok ki\u00e9p\u00edt\u00e9s\u00e9re \u00e9s a nagyszer\u0171 felv\u00e9telekre.<\/p>\n<p>Az eredm\u00e9ny: gyorsabb felv\u00e9teli id\u0151, jobb jel\u00f6lt\u00e9lm\u00e9ny, alacsonyabb toborz\u00e1si k\u00f6lts\u00e9gek, \u00e9s egy olyan csapat, amely nem \u00e9g ki az adminisztrat\u00edv munk\u00e1ban.<\/p>\n<p>Ez nem hype. Ezt teszi a mesters\u00e9ges intelligencia a toborz\u00e1sban, ha megfelel\u0151en alkalmazz\u00e1k.<\/p>\n\n\n<hr class=\"wp-block-separator has-alpha-channel-opacity\"\/>\n\n\n\n<h3 class=\"wp-block-heading\">K\u00e9szen \u00e1ll a toborz\u00e1si folyamat jav\u00edt\u00e1s\u00e1ra?<\/h3>\n\n\n<p>Mi nem \u00e1rulunk \u00e1ltal\u00e1nos toborz\u00e1si AI-t. Az \u00d6n egyedi folyamat\u00e1t vizsg\u00e1ljuk. Az \u00d6n sz\u0171k keresztmetszeteit. Az \u00d6n eszk\u00f6zeit. Az \u00d6n volumen\u00e9t. Az \u00d6n ig\u00e9nyeit.<\/p>\n<p>Ezut\u00e1n olyan mesters\u00e9ges intelligencia rendszereket \u00e9p\u00edt\u00fcnk, amelyek illeszkednek ahhoz, ahogyan \u00d6n t\u00e9nylegesen dolgozik. Nem pedig ahhoz, ahogyan egy sz\u00e1ll\u00edt\u00f3 szerint a toborz\u00e1snak m\u0171k\u00f6dnie kellene - ahogyan az \u00d6n csapata toboroz.<\/p>\n<p>Nincs olyan \u00edg\u00e9ret, amit nem tudunk betartani. Nincs hype. Csak gyakorlatias mesters\u00e9ges intelligencia, amely gyorsabb\u00e1 \u00e9s jobb\u00e1 teszi a toborz\u00e1st.<\/p>\n\n<p><a href=\"https:\/\/www.leaplytics.de\/hu\/kontakt\/\">Besz\u00e9lj\u00fcnk a toborz\u00e1si kih\u00edv\u00e1sair\u00f3l<\/a><\/p>\n\n<p><a href=\"https:\/\/www.leaplytics.de\/hu\/human-eroforras-ai\/\">Vissza a HR AI Solutions oldalra<\/a><\/p>","protected":false},"excerpt":{"rendered":"<p>AI for Recruiting &#038; Talent Acquisition: Hire Better, Faster Good candidates don&#8217;t wait. While you&#8217;re sorting through resumes, they&#8217;re accepting other offers. While you&#8217;re playing email tag to schedule interviews, they&#8217;re moving forward with faster companies. Recruiting is a race. Not against other companies\u2014against time. Every day a role stays open costs money. Every qualified &hellip; <\/p>","protected":false},"author":2,"featured_media":0,"parent":0,"menu_order":0,"comment_status":"closed","ping_status":"closed","template":"","meta":{"footnotes":""},"class_list":["post-14444","page","type-page","status-publish","hentry","latest_post"],"_links":{"self":[{"href":"https:\/\/www.leaplytics.de\/hu\/wp-json\/wp\/v2\/pages\/14444","targetHints":{"allow":["GET"]}}],"collection":[{"href":"https:\/\/www.leaplytics.de\/hu\/wp-json\/wp\/v2\/pages"}],"about":[{"href":"https:\/\/www.leaplytics.de\/hu\/wp-json\/wp\/v2\/types\/page"}],"author":[{"embeddable":true,"href":"https:\/\/www.leaplytics.de\/hu\/wp-json\/wp\/v2\/users\/2"}],"replies":[{"embeddable":true,"href":"https:\/\/www.leaplytics.de\/hu\/wp-json\/wp\/v2\/comments?post=14444"}],"version-history":[{"count":3,"href":"https:\/\/www.leaplytics.de\/hu\/wp-json\/wp\/v2\/pages\/14444\/revisions"}],"predecessor-version":[{"id":14456,"href":"https:\/\/www.leaplytics.de\/hu\/wp-json\/wp\/v2\/pages\/14444\/revisions\/14456"}],"wp:attachment":[{"href":"https:\/\/www.leaplytics.de\/hu\/wp-json\/wp\/v2\/media?parent=14444"}],"curies":[{"name":"wp","href":"https:\/\/api.w.org\/{rel}","templated":true}]}}