{"id":14462,"date":"2025-12-19T01:51:26","date_gmt":"2025-12-19T00:51:26","guid":{"rendered":"https:\/\/www.leaplytics.de\/?page_id=14462"},"modified":"2025-12-19T01:51:26","modified_gmt":"2025-12-19T00:51:26","slug":"dokumentumok-felulvizsgalata-peres-ugyek-vizsgalata-ai","status":"publish","type":"page","link":"https:\/\/www.leaplytics.de\/hu\/dokumentumok-felulvizsgalata-peres-ugyek-vizsgalata-ai\/","title":{"rendered":"Dokumentumok fel\u00fclvizsg\u00e1lata Peres \u00fcgyek \u00e9s nyomoz\u00e1sok AI"},"content":{"rendered":"<h2>AI for Document Review in Litigation &amp; Investigations: Tal\u00e1lja meg a t\u0171t an\u00e9lk\u00fcl, hogy minden darab sz\u00e9n\u00e1t elolvasna<\/h2>\n\n<p>A jogi \u00fcgyek dokumentumokat jelentenek. Ezernyi dokumentumot. N\u00e9ha t\u00f6bb milli\u00f3.<\/p>\n<p>E-mailek. Csatolm\u00e1nyok. PDF-ek. Cseveg\u00e9si napl\u00f3k. Sz\u00f6veges \u00fczenetek. Prezent\u00e1ci\u00f3k. T\u00e1bl\u00e1zatok. Sz\u00f6veges f\u00e9nyk\u00e9pek. Szerz\u0151d\u00e9sek. Megbesz\u00e9l\u00e9si jegyzetek.<\/p>\n<p>Mindent fel\u00fcl kell vizsg\u00e1lni. Mindent oszt\u00e1lyozni kell. L\u00e9nyeges vagy sem. Bizalmas vagy sem. Felel\u0151ss\u00e9gteljes vagy sem. Forr\u00f3 dokumentum vagy zaj.<\/p>\n<p>Ez az eDiscovery. Ez alapvet\u0151 fontoss\u00e1g\u00fa. Ez agyzsibbaszt\u00f3. \u00c9s dr\u00e1ga.<\/p>\n<p>Az AI megv\u00e1ltoztatja a matematik\u00e1t. Mindent elolvas. Szort\u00edrozza a kupacot. Mint\u00e1kat tal\u00e1l. Megjel\u00f6li a fontos dolgokat. \u00d6sszefoglalja a sz\u00e1lakat.<\/p>\n<p>Az \u00d6n fel\u00fclvizsg\u00e1l\u00f3i azokra a dokumentumokra \u00f6sszpontos\u00edtanak, amelyek val\u00f3ban emberi meg\u00edt\u00e9l\u00e9st ig\u00e9nyelnek. Az \u00fcgy gyorsabban halad. A k\u00f6lts\u00e9gek kezelhet\u0151ek maradnak.<\/p>\n\n\n<hr class=\"wp-block-separator has-alpha-channel-opacity\"\/>\n\n\n\n<h3 class=\"wp-block-heading\">A dokumentum fel\u00fclvizsg\u00e1lati probl\u00e9ma<\/h3>\n\n\n<p>A modern peres elj\u00e1r\u00e1sok sor\u00e1n hatalmas mennyis\u00e9g\u0171 dokumentum keletkezik. Egy k\u00f6zepes m\u00e9ret\u0171 \u00fcgy: 50 000 dokumentum. Egy nagy \u00fcgy: t\u00f6bb milli\u00f3.<\/p>\n<p>Minden dokumentumnak sz\u00fcks\u00e9ge van szemrev\u00e9telez\u00e9sre. L\u00e9nyeges az \u00fcgy szempontj\u00e1b\u00f3l? Tartalmaz-e bizalmas inform\u00e1ci\u00f3kat? Megfelel-e a felfed\u00e9si k\u00e9r\u00e9seknek? Tartalmaz-e bizony\u00edt\u00e9kot?<\/p>\n\n<p>A hagyom\u00e1nyos megk\u00f6zel\u00edt\u00e9s:<\/p>\n<ul>\n<li>Szerz\u0151d\u00e9ses \u00fcgyv\u00e9dek csapat\u00e1nak felb\u00e9rl\u00e9se<\/li>\n<li>Fel\u00fclvizsg\u00e1lati protokollok l\u00e9trehoz\u00e1sa<\/li>\n<li>Az \u00e9rt\u00e9kel\u0151k felk\u00e9sz\u00edt\u00e9se arra, hogy mit kell keresni\u00fck<\/li>\n<li>A dokumentumok egyenk\u00e9nti \u00e1ttekint\u00e9se<\/li>\n<li>K\u00f3dolja az egyes dokumentumokat (relev\u00e1ns\/nem relev\u00e1ns, bizalmas\/nem bizalmas stb.).<\/li>\n<li>Min\u0151s\u00e9gellen\u0151rz\u00e9s a minta min\u0151s\u00e9g\u00e9nek biztos\u00edt\u00e1sa \u00e9rdek\u00e9ben<\/li>\n<li>Ism\u00e9telje meg t\u00f6bb ezer \u00f3r\u00e1n \u00e1t<\/li>\n<\/ul>\n\n<p>K\u00f6lts\u00e9g: $50-150 \u00f3r\u00e1nk\u00e9nt \u00e9s b\u00edr\u00e1l\u00f3nk\u00e9nt. Id\u0151: Hetek vagy h\u00f3napok. Min\u0151s\u00e9g: A fel\u00fclvizsg\u00e1l\u00f3k f\u00e1radts\u00e1g\u00e1t\u00f3l \u00e9s figyelm\u00e9t\u0151l f\u00fcgg.<\/p>\n<p>Kihagyt\u00e1l valami fontosat? Az \u00fcgy elveszhet. Valami kiv\u00e1lts\u00e1gos dolgot hagyott ki? \u00c9pp most mondott le a titoktart\u00e1sr\u00f3l.<\/p>\n<p>A t\u00e9t nagy. A hanger\u0151 els\u00f6pr\u0151. A hat\u00e1rid\u0151k szorosak.<\/p>\n\n\n<hr class=\"wp-block-separator has-alpha-channel-opacity\"\/>\n\n\n\n<h3 class=\"wp-block-heading\">Mit tesz a mesters\u00e9ges intelligencia a dokumentumok fel\u00fclvizsg\u00e1lat\u00e1ban<\/h3>\n\n\n<p>Az AI nem f\u00e1rad el. Nem unatkozik. Minden dokumentum minden szav\u00e1t elolvassa, \u00e9s k\u00f6vetkezetes logik\u00e1t alkalmaz.<\/p>\n<p>A k\u00f6vetkez\u0151 t\u00f6rt\u00e9nik val\u00f3j\u00e1ban:<\/p>\n\n\n<h4 class=\"wp-block-heading\">1. Automatikus relevanciaoszt\u00e1lyoz\u00e1s<\/h4>\n\n\n<p>Az AI elolvassa az eset \u00f6sszefoglal\u00f3j\u00e1t \u00e9s a fel\u00fclvizsg\u00e1lati jegyz\u0151k\u00f6nyveket. Ezut\u00e1n minden dokumentumot elolvas.<\/p>\n<p>Minden egyes dokumentum eset\u00e9ben el\u0151rejelzi:<\/p>\n<ul>\n<li>Az \u00fcgy szempontj\u00e1b\u00f3l relev\u00e1ns vagy sem<\/li>\n<li>Bizalmi szint (magas, k\u00f6zepes, alacsony)<\/li>\n<li>F\u0151bb t\u00e9m\u00e1k<\/li>\n<li>Mi\u00e9rt lehet fontos<\/li>\n<\/ul>\n\n<p>Nem t\u00f6k\u00e9letes. De 80-90% pontos az egyszer\u0171 relev\u00e1ns h\u00edv\u00e1sokn\u00e1l. Ez azt jelenti, hogy a dokumentumok 80%-je magabiztosan kiv\u00e1logathat\u00f3, miel\u0151tt az emberi b\u00edr\u00e1l\u00f3 egy\u00e1ltal\u00e1n r\u00e1n\u00e9zne.<\/p>\n<p>A b\u00edr\u00e1l\u00f3k a 20%-re \u00f6sszpontos\u00edtanak, ahol val\u00f3ban sz\u00fcks\u00e9g van az \u00edt\u00e9l\u0151k\u00e9pess\u00e9gre. Vagy QC a mesters\u00e9ges intelligencia munk\u00e1j\u00e1t a magas bizalmass\u00e1g\u00fa dokumentumokon.<\/p>\n\n\n<h4 class=\"wp-block-heading\">2. Tematikus klaszterez\u00e9s<\/h4>\n\n\n<p>A dokumentumok nem l\u00e9teznek elszigetelten. Besz\u00e9lget\u00e9sek r\u00e9szei. Projektek r\u00e9szei. A d\u00f6nt\u00e9sek r\u00e9szei.<\/p>\n<p>A mesters\u00e9ges intelligencia csoportos\u00edtja a kapcsol\u00f3d\u00f3 dokumentumokat:<\/p>\n<ul>\n<li>Minden e-mail egy sz\u00e1lon bel\u00fcl<\/li>\n<li>Minden dokumentum ugyanarr\u00f3l a t\u00e9m\u00e1r\u00f3l<\/li>\n<li>Minden kommunik\u00e1ci\u00f3 ugyanazon szem\u00e9lyek k\u00f6z\u00f6tt<\/li>\n<li>Ugyanabb\u00f3l az id\u0151szakb\u00f3l sz\u00e1rmaz\u00f3, ugyanarr\u00f3l az esem\u00e9nyr\u0151l sz\u00f3l\u00f3 \u00f6sszes dokumentum.<\/li>\n<\/ul>\n\n<p>A b\u00edr\u00e1l\u00f3k a dokumentumokat kontextusban l\u00e1tj\u00e1k. Meg\u00e9rtik a teljes k\u00e9pet. Olyan \u00f6sszef\u00fcgg\u00e9sekre is r\u00e1j\u00f6nnek, amelyek a dokumentumok egyenk\u00e9nti, v\u00e9letlenszer\u0171 sorrendben t\u00f6rt\u00e9n\u0151 \u00e1ttekint\u00e9se sor\u00e1n kimaradn\u00e1nak.<\/p>\n\n\n<h4 class=\"wp-block-heading\">3. \u00c9rz\u00e9keny tartalom felismer\u00e9se<\/h4>\n\n\n<p>Egyes dokumentumok k\u00fcl\u00f6nleges figyelmet ig\u00e9nyelnek:<\/p>\n<ul>\n<li>Potenci\u00e1lisan bizalmas kommunik\u00e1ci\u00f3 (\u00fcgyv\u00e9dhez\/\u00fcgyv\u00e9dt\u0151l, jogi tan\u00e1csad\u00e1s)<\/li>\n<li>Szem\u00e9lyes adatok (nevek, SSN-ek, eg\u00e9szs\u00e9g\u00fcgyi inform\u00e1ci\u00f3k, p\u00e9nz\u00fcgyi adatok)<\/li>\n<li>Bizalmas \u00fczleti inform\u00e1ci\u00f3k<\/li>\n<li>Forr\u00f3 dokumentumok (a jogs\u00e9rt\u00e9s bizony\u00edt\u00e9kai vagy kulcsfontoss\u00e1g\u00fa t\u00e9nyek)<\/li>\n<li>Megfelel\u0151s\u00e9gre utal\u00f3 v\u00f6r\u00f6s z\u00e1szl\u00f3k<\/li>\n<\/ul>\n\n<p>Az AI automatikusan jelzi ezeket. A privilegiz\u00e1lt dokumentumok k\u00fcl\u00f6n fel\u00fclvizsg\u00e1lati s\u00e1vba ker\u00fclnek. A szem\u00e9lyes adatok t\u00f6rl\u00e9sre ker\u00fclnek. A forr\u00f3 dokumentumok a rangid\u0151s fel\u00fclvizsg\u00e1l\u00f3khoz ker\u00fclnek.<\/p>\n<p>Semmi sem cs\u00faszik \u00e1t, mert egy fiatalabb b\u00edr\u00e1l\u00f3 nem ismerte fel a jelent\u0151s\u00e9g\u00e9t.<\/p>\n\n\n<h4 class=\"wp-block-heading\">4. Intelligens prioriz\u00e1l\u00e1s<\/h4>\n\n\n<p>Nem minden dokumentum egyform\u00e1n fontos. A mesters\u00e9ges intelligencia seg\u00edt a megfelel\u0151 sorrendben t\u00f6rt\u00e9n\u0151 \u00e1ttekint\u00e9sben:<\/p>\n<ul>\n<li>Magas relevanci\u00e1j\u00fa bizalom el\u0151sz\u00f6r<\/li>\n<li>El\u0151sz\u00f6r a kulcsfontoss\u00e1g\u00fa let\u00e9tkezel\u0151kt\u0151l sz\u00e1rmaz\u00f3 dokumentumok<\/li>\n<li>El\u0151sz\u00f6r a kritikus id\u0151szakok dokumentumai<\/li>\n<li>El\u0151sz\u00f6r a potenci\u00e1lisan forr\u00f3nak jel\u00f6lt dokumentumok<\/li>\n<li>El\u0151sz\u00f6r az \u00e9rz\u00e9keny tartalm\u00fa dokumentumok<\/li>\n<\/ul>\n\n<p>Kor\u00e1n megtal\u00e1lod a fontos dolgokat. Jobban \u00e9s gyorsabban meg\u00e9rti az \u00fcgyet. Jobb strat\u00e9giai d\u00f6nt\u00e9seket hozhat.<\/p>\n\n\n<h4 class=\"wp-block-heading\">5. Email sz\u00e1lak \u00f6sszefoglal\u00e1sa<\/h4>\n\n\n<p>Az e-mail sz\u00e1lak hossz\u00fara ny\u00falnak. 20, 50, 100 \u00fczenet. Rengeteg \"k\u00f6sz\u00f6n\u00f6m\" \u00e9s \"l\u00e1sd al\u00e1bb\" \u00e9s tov\u00e1bb\u00edt\u00e1s.<\/p>\n<p>A mesters\u00e9ges intelligencia elolvassa a teljes t\u00e9m\u00e1t, \u00e9s k\u00e9sz\u00edt egy \u00f6sszefoglal\u00f3t:<\/p>\n<ul>\n<li>Ki vesz r\u00e9szt<\/li>\n<li>Mit t\u00e1rgyalnak<\/li>\n<li>A legfontosabb d\u00f6nt\u00e9sek vagy k\u00f6telezetts\u00e9gv\u00e1llal\u00e1sok<\/li>\n<li>Nyitott k\u00e9rd\u00e9sek vagy cselekv\u00e9si pontok<\/li>\n<li>Az esem\u00e9nyek id\u0151vonala<\/li>\n<\/ul>\n\n<p>Az \u00e9rt\u00e9kel\u0151k 10 perc helyett 30 m\u00e1sodperc alatt meg\u00e9rtik a kontextust. Jobb relevanci\u00e1val kapcsolatos d\u00f6nt\u00e9seket hoznak.<\/p>\n\n\n<h4 class=\"wp-block-heading\">6. Koncepci\u00f3keres\u00e9s \u00e9s technol\u00f3gia-alap\u00fa fel\u00fclvizsg\u00e1lat (TAR)<\/h4>\n\n\n<p>Hagyom\u00e1nyos keres\u00e9s: \"szerz\u0151d\u00e9sszeg\u00e9st\" tartalmaz\u00f3 dokumentumok keres\u00e9se.<\/p>\n<p>Probl\u00e9ma: A vonatkoz\u00f3 dokumentumokban szerepelhet, hogy \"megszegte a meg\u00e1llapod\u00e1st\" vagy \"nem teljes\u00edtette k\u00f6telezetts\u00e9geit\".<\/p>\n\n<p>AI fogalomkeres\u00e9s: A szerz\u0151d\u00e9sszeg\u00e9sekkel kapcsolatos dokumentumok megtal\u00e1l\u00e1sa a pontos megfogalmaz\u00e1st\u00f3l f\u00fcggetlen\u00fcl.<\/p>\n<p>\u00c9rtelmet \u00e9rt, nem csak kulcsszavakat. Olyan dokumentumokat tal\u00e1l, amelyeket a hagyom\u00e1nyos keres\u00e9ssel nem tal\u00e1lna meg.<\/p>\n\n<p>A TAR tov\u00e1bb megy: \u00d6n fel\u00fclvizsg\u00e1lja a dokumentumok egy magk\u00e9szlet\u00e9t. A mesters\u00e9ges intelligencia megtanulja, hogy \u00d6n mit tart relev\u00e1nsnak. Ezut\u00e1n megj\u00f3solja a fennmarad\u00f3 dokumentumok relevanci\u00e1j\u00e1t. A folyamatos visszajelz\u00e9ssel m\u00e9g pontosabb\u00e1 v\u00e1lik.<\/p>\n\n\n<hr class=\"wp-block-separator has-alpha-channel-opacity\"\/>\n\n\n\n<h3 class=\"wp-block-heading\">Mit jelent ez az \u00d6n sz\u00e1m\u00e1ra<\/h3>\n\n\n\n<h4 class=\"wp-block-heading\">D\u00f6nt\u00e9shoz\u00f3knak<\/h4>\n\n\n<p><strong>A felfedez\u00e9s k\u00f6lts\u00e9gei cs\u00f6kkennek 40-70%.<\/strong><br \/>\nA szerz\u0151d\u00e9ses ellen\u0151r\u00f6k \u00e1ltal kisz\u00e1ml\u00e1zott \u00f3r\u00e1k sz\u00e1ma cs\u00f6kken. A gyorsabb fel\u00fclvizsg\u00e1lat kevesebb projektmenedzsment-k\u00f6lts\u00e9get jelent. A jobb c\u00e9lzotts\u00e1g kevesebb t\u00faltermel\u00e9st jelent.<\/p>\n\n<p><strong>Az \u00fcgyek gyorsabban megold\u00f3dnak.<\/strong><br \/>\n\u00c9rtse meg az \u00fcgyet jobban, kor\u00e1bban. Hamarabb megtal\u00e1lja a kulcsfontoss\u00e1g\u00fa bizony\u00edt\u00e9kokat. Gyorsabban hozhat megalapozott d\u00f6nt\u00e9st a megegyez\u00e9sr\u0151l. Gyorsabban reag\u00e1lhat a felfedez\u00e9sekre.<\/p>\n\n<p><strong>K\u00f6lts\u00e9gvet\u00e9si kisz\u00e1m\u00edthat\u00f3s\u00e1g.<\/strong><br \/>\nA mesters\u00e9ges intelligencia k\u00f6lts\u00e9gei fixek. Tudja, mennyibe ker\u00fcl az els\u0151 \u00e1tfut\u00e1sos fel\u00fclvizsg\u00e1lat. Nincsenek meglepet\u00e9sek a fel\u00fclvizsg\u00e1lati \u00f3r\u00e1k n\u00f6veked\u00e9se miatt.<\/p>\n\n<p><strong>Jobb strat\u00e9giai d\u00f6nt\u00e9sek.<\/strong><br \/>\nHa kor\u00e1n megtal\u00e1lja a forr\u00f3 dokumentumokat, \u00e9s jobban meg\u00e9rti az \u00fcgyet, okosabb d\u00f6nt\u00e9seket hozhat a megegyez\u00e9sr\u0151l, az ind\u00edtv\u00e1nyok beny\u00fajt\u00e1s\u00e1r\u00f3l \u00e9s a t\u00e1rgyal\u00e1si strat\u00e9gi\u00e1r\u00f3l.<\/p>\n\n\n<h4 class=\"wp-block-heading\">\u00dcgyv\u00e9dek sz\u00e1m\u00e1ra<\/h4>\n\n\n<p><strong>Koncentr\u00e1ljon a nagy \u00e9rt\u00e9k\u0171 fel\u00fclvizsg\u00e1latra.<\/strong><br \/>\nHagyja, hogy a nyilv\u00e1nval\u00f3an irrelev\u00e1ns dokumentumokat a mesters\u00e9ges intelligencia kezelje. \u00d6n a jogi meg\u00edt\u00e9l\u00e9st ig\u00e9nyl\u0151 dokumentumokra \u00f6sszpontos\u00edthat.<\/p>\n\n<p><strong>Gyorsabban megtal\u00e1lja a t\u0171t.<\/strong><br \/>\nA prioriz\u00e1l\u00e1s \u00e9s a klaszterez\u00e9s seg\u00edt a kulcsfontoss\u00e1g\u00fa dokumentumok korai azonos\u00edt\u00e1s\u00e1ban. Gyorsabban fel\u00e9p\u00edtheti az \u00fcgy\u00e9t.<\/p>\n\n<p><strong>Jobb kiv\u00e1lts\u00e1gv\u00e9delem.<\/strong><br \/>\nAz automatikus megjel\u00f6l\u00e9s felismeri a potenci\u00e1lisan bizalmas dokumentumokat. Kevesebb kock\u00e1zat a kiv\u00e1lts\u00e1gokr\u00f3l val\u00f3 lemond\u00e1sra.<\/p>\n\n<p><strong>V\u00e9dhet\u0151 folyamat.<\/strong><br \/>\nMinden d\u00f6nt\u00e9s napl\u00f3z\u00e1sra ker\u00fcl. Minden el\u0151rejelz\u00e9s dokument\u00e1lva van. Meg tudja v\u00e9deni a fel\u00fclvizsg\u00e1lati folyamat\u00e1t, ha vitatj\u00e1k.<\/p>\n\n\n<h4 class=\"wp-block-heading\">Megfelel\u0151s\u00e9g \u00e9s vizsg\u00e1latok<\/h4>\n\n\n<p><strong>Gyorsabb bels\u0151 vizsg\u00e1latok.<\/strong><br \/>\nHa probl\u00e9ma mer\u00fcl fel, a mesters\u00e9ges intelligencia seg\u00edt a relev\u00e1ns kommunik\u00e1ci\u00f3 gyors \u00e1ttekint\u00e9s\u00e9ben. Gyorsabban meg\u00e9rti, mi t\u00f6rt\u00e9nt.<\/p>\n\n<p><strong>Jobb dokument\u00e1ci\u00f3.<\/strong><br \/>\nEgy\u00e9rtelm\u0171 feljegyz\u00e9s arr\u00f3l, hogy mit vizsg\u00e1ltak, mit tal\u00e1ltak, milyen d\u00f6nt\u00e9seket hoztak. Az els\u0151 napt\u00f3l kezdve audit\u00e1lhat\u00f3.<\/p>\n\n<p><strong>Korai kiad\u00e1s\u00fa foltok.<\/strong><br \/>\nA mesters\u00e9ges intelligencia jelzi a lehets\u00e9ges megfelel\u00e9si probl\u00e9m\u00e1kat a dokumentumk\u00e9szletben. L\u00e1tja az agg\u00e1lyos viselked\u00e9smint\u00e1kat.<\/p>\n\n\n<hr class=\"wp-block-separator has-alpha-channel-opacity\"\/>\n\n\n\n<h3 class=\"wp-block-heading\">Val\u00f3s p\u00e9lda: Foglalkoztat\u00e1si vita<\/h3>\n\n\n<p>Egy munkav\u00e1llal\u00f3 jogellenes felmond\u00e1s \u00e9s zaklat\u00e1s miatt perel. A felt\u00e1r\u00e1s 3 \u00e9vnyi e-mailt, cseveg\u00e9si napl\u00f3t \u00e9s HR-dokumentumokat tartalmaz. \u00d6sszesen 80 000 dokumentum.<\/p>\n\n<p><strong>AI n\u00e9lk\u00fcl:<\/strong><\/p>\n<ul>\n<li>Fel\u00fclvizsg\u00e1lati csoport: 5 szerz\u0151d\u00e9ses \u00fcgyv\u00e9d<\/li>\n<li>Fel\u00fclvizsg\u00e1lati id\u0151: 6 h\u00e9t<\/li>\n<li>Az els\u0151 forr\u00f3 dokumentumot megtal\u00e1ltuk: 4. h\u00e9t<\/li>\n<li>A fel\u00fclvizsg\u00e1lat teljes k\u00f6lts\u00e9ge: $120,000<\/li>\n<li>Feleslegesen fel\u00fclvizsg\u00e1lt dokumentumok: K\u00f6r\u00fclbel\u00fcl 50.000 egy\u00e9rtelm\u0171en irrelev\u00e1ns dokumentum<\/li>\n<\/ul>\n\n<p><strong>AI-val:<\/strong><\/p>\n<ul>\n<li>Az AI el\u0151zetesen oszt\u00e1lyozza a dokumentumokat (2 \u00f3ra feldolgoz\u00e1si id\u0151)<\/li>\n<li>40 000 egy\u00e9rtelm\u0171en nem relev\u00e1nsnak min\u0151s\u00edtett dokumentum (magas megb\u00edzhat\u00f3s\u00e1g)<\/li>\n<li>25 000 dokumentum, amelyet val\u00f3sz\u00edn\u0171leg relev\u00e1nsnak vagy nem egy\u00e9rtelm\u0171nek jel\u00f6ltek meg<\/li>\n<li>15 000 potenci\u00e1lisan \u00e9rz\u00e9keny dokumentum megjel\u00f6l\u00e9se (titoktart\u00e1s, forr\u00f3 dokumentumok)<\/li>\n<li>A forr\u00f3 dokumentumokat a fel\u00fclvizsg\u00e1lati sor elej\u00e9re rangsorolj\u00e1k<\/li>\n<li>Fel\u00fclvizsg\u00e1lati csoport: 2 \u00fcgyv\u00e9d + 2 szerz\u0151d\u00e9sellen\u0151r<\/li>\n<li>\u00c1tn\u00e9z\u00e9si id\u0151: 2,5 h\u00e9t<\/li>\n<li>Az els\u0151 forr\u00f3 dokumentumot megtal\u00e1ltuk: 3. nap<\/li>\n<li>Teljes k\u00f6lts\u00e9g: $45,000<\/li>\n<li>Jobb \u00fcgymeg\u00e9rt\u00e9s, kor\u00e1bbi elsz\u00e1mol\u00e1si megbesz\u00e9l\u00e9s<\/li>\n<\/ul>\n\n<p>Ugyanaz a min\u0151s\u00e9g. 60% k\u00f6lts\u00e9gmegtakar\u00edt\u00e1s. Gyorsabb felbont\u00e1s.<\/p>\n\n\n<hr class=\"wp-block-separator has-alpha-channel-opacity\"\/>\n\n\n\n<h3 class=\"wp-block-heading\">Amit az AI nem tud<\/h3>\n\n\n<p>Legy\u00fcnk \u0151szint\u00e9k a korl\u00e1toz\u00e1sokkal kapcsolatban.<\/p>\n\n<p><strong>A mesters\u00e9ges intelligencia nem \u00e9rti az \u00f6sszetett jogi kiv\u00e1lts\u00e1gokra vonatkoz\u00f3 felh\u00edv\u00e1sokat.<\/strong><br \/>\nJel\u00f6li azokat a dokumentumokat, amelyek kiv\u00e1lts\u00e1gosnak min\u0151s\u00fclhetnek. A kiv\u00e1lts\u00e1gok meghat\u00e1roz\u00e1s\u00e1t tov\u00e1bbra is az \u00fcgyv\u00e9d v\u00e9gzi.<\/p>\n\n<p><strong>A mesters\u00e9ges intelligencia nem helyettes\u00edti az emberi \u00e9rt\u00e9kel\u0151ket.<\/strong><br \/>\nEz cs\u00f6kkenti a fel\u00fclvizsg\u00e1land\u00f3 mennyis\u00e9get. Seg\u00edt nekik jobb d\u00f6nt\u00e9seket hozni. Tov\u00e1bbra is fel\u00fclvizsg\u00e1lj\u00e1k \u00e9s meghozz\u00e1k a v\u00e9gs\u0151 d\u00f6nt\u00e9seket.<\/p>\n\n<p><strong>A mesters\u00e9ges intelligencia nem kezeli t\u00f6k\u00e9letesen az \u00fajszer\u0171 eseteket.<\/strong><br \/>\n\u00c1ltal\u00e1nos jogvit\u00e1k (munka, szerz\u0151d\u00e9sek, szellemi tulajdon)? Kiv\u00e1l\u00f3. P\u00e9lda n\u00e9lk\u00fcli jogi elm\u00e9letek k\u00e9pz\u00e9si adatok n\u00e9lk\u00fcl? Kev\u00e9sb\u00e9 hasznos.<\/p>\n\n<p><strong>A mesters\u00e9ges intelligenci\u00e1nak visszajelz\u00e9sre van sz\u00fcks\u00e9ge a fejl\u0151d\u00e9shez.<\/strong><br \/>\nMin\u00e9l t\u00f6bbet vizsg\u00e1lja fel\u00fcl \u00e9s jav\u00edtja el\u0151rejelz\u00e9seit, ann\u00e1l pontosabb\u00e1 v\u00e1lik. Ez nem \"\u00e1ll\u00edtsd be \u00e9s felejtsd el\".<\/p>\n\n<p><strong>A mesters\u00e9ges intelligencia nem hoz strat\u00e9giai d\u00f6nt\u00e9seket.<\/strong><br \/>\nElmondja, hogy mi van a dokumentumokban. \u00d6n d\u00f6nti el, hogy ez mit jelent az \u00fcgy szempontj\u00e1b\u00f3l.<\/p>\n\n<p>A mesters\u00e9ges intelligencia egy hat\u00e9kony eszk\u00f6z. Nem helyettes\u00edti a tapasztalt jog\u00e1szokat.<\/p>\n\n\n<hr class=\"wp-block-separator has-alpha-channel-opacity\"\/>\n\n\n\n<h3 class=\"wp-block-heading\">Hogyan kezdj\u00fcnk hozz\u00e1<\/h3>\n\n\n<p><strong>1. Hat\u00e1rozzon meg egy k\u00eds\u00e9rleti esetet.<\/strong><br \/>\nV\u00e1lasszon egy olyan \u00fcgyet, amely jelent\u0151s dokumentummennyis\u00e9ggel rendelkezik (10 000+ dokumentum), de nem a leg\u00f6sszetettebb peres \u00fcgye. A standard vitat\u00edpusok m\u0171k\u00f6dnek a legjobban.<\/p>\n\n<p><strong>2. Hat\u00e1rozza meg egy\u00e9rtelm\u0171en a fel\u00fclvizsg\u00e1lati krit\u00e9riumokat.<\/strong><br \/>\nMit\u0151l lesz egy dokumentum relev\u00e1ns? Mit keres? Min\u00e9l egy\u00e9rtelm\u0171bbek a krit\u00e9riumok, ann\u00e1l jobban teljes\u00edt a mesters\u00e9ges intelligencia.<\/p>\n\n<p><strong>3. Kezdje magk\u00e9szlettel.<\/strong><br \/>\n500-1000 dokumentum manu\u00e1lis fel\u00fclvizsg\u00e1lata. K\u00f3dolja \u0151ket. A mesters\u00e9ges intelligencia tanul az \u00d6n d\u00f6nt\u00e9seib\u0151l.<\/p>\n\n<p><strong>4. Hagyja, hogy a mesters\u00e9ges intelligencia oszt\u00e1lyozza a t\u00f6bbit.<\/strong><br \/>\nA mesters\u00e9ges intelligencia a tanultak alapj\u00e1n megj\u00f3solja a fennmarad\u00f3 dokumentumok relevanci\u00e1j\u00e1t.<\/p>\n\n<p><strong>5. Fel\u00fclvizsg\u00e1lat mesters\u00e9ges intelligencia seg\u00edts\u00e9g\u00e9vel.<\/strong><br \/>\nKoncentr\u00e1ljon a kiemelt fontoss\u00e1g\u00fa dokumentumokra. A mesters\u00e9ges intelligencia besorol\u00e1sok mint\u00e1j\u00e1nak min\u0151s\u00e9gellen\u0151rz\u00e9se. Adjon visszajelz\u00e9st.<\/p>\n\n<p><strong>6. Finom\u00edtsuk \u00e9s b\u0151v\u00edts\u00fck.<\/strong><br \/>\nA mesters\u00e9ges intelligencia a visszajelz\u00e9sek hat\u00e1s\u00e1ra javul. Alkalmazza a tanuls\u00e1gokat a k\u00f6vetkez\u0151 esetre.<\/p>\n\n\n<hr class=\"wp-block-separator has-alpha-channel-opacity\"\/>\n\n\n\n<h3 class=\"wp-block-heading\">Gyakori k\u00e9rd\u00e9sek<\/h3>\n\n\n<p><strong>Elfogadj\u00e1k-e a b\u00edr\u00f3s\u00e1gok a mesters\u00e9ges intelligenci\u00e1val t\u00e1mogatott fel\u00fclvizsg\u00e1latot?<\/strong><br \/>\nIgen. A b\u00edr\u00f3s\u00e1gok t\u00f6bbsz\u00f6r j\u00f3v\u00e1hagyt\u00e1k a TAR \u00e9s az AI-alap\u00fa fel\u00fclvizsg\u00e1latot. Ez ma m\u00e1r bevett gyakorlat az \u00f6sszetett peres elj\u00e1r\u00e1sokban.<\/p>\n\n<p><strong>Mi a helyzet a kiv\u00e1lts\u00e1gok fel\u00fclvizsg\u00e1lat\u00e1val?<\/strong><br \/>\nAz AI megjel\u00f6lheti a potenci\u00e1lisan bizalmas dokumentumokat, de a v\u00e9gs\u0151 d\u00f6nt\u00e9st az \u00fcgyv\u00e9dnek kell meghoznia. A legt\u00f6bb csapat a mesters\u00e9ges intelligenci\u00e1t haszn\u00e1lja az els\u0151 k\u00f6rben t\u00f6rt\u00e9n\u0151 megjel\u00f6l\u00e9sre.<\/p>\n\n<p><strong>Tudja kezelni a k\u00fcl\u00f6nb\u00f6z\u0151 f\u00e1jlt\u00edpusokat?<\/strong><br \/>\nIgen. E-mailek, PDF-ek, Word-dokumentumok, Excel, sz\u00f6veges k\u00e9pek (OCR), cseveg\u00e9si napl\u00f3k \u00e9s \u00edgy tov\u00e1bb. Ha a sz\u00f6veg kivonhat\u00f3, a mesters\u00e9ges intelligencia elemezni tudja.<\/p>\n\n<p><strong>Mi a helyzet az idegen nyelvekkel?<\/strong><br \/>\nA mesters\u00e9ges intelligencia t\u00f6bb nyelvet is k\u00e9pes kezelni. A pontoss\u00e1g nyelvenk\u00e9nt v\u00e1ltozik. Az angol, spanyol, francia \u00e9s n\u00e9met nyelvek m\u0171k\u00f6dnek a legjobban.<\/p>\n\n<p><strong>Hogyan biztos\u00edtja a min\u0151s\u00e9get?<\/strong><br \/>\nQC mintav\u00e9tel. Folyamatos visszajelz\u00e9s. Valid\u00e1l\u00e1s kontrollk\u00e9szlettel szemben. Ugyanazok a min\u0151s\u00e9gbiztos\u00edt\u00e1si gyakorlatok, amelyeket a hagyom\u00e1nyos fel\u00fclvizsg\u00e1lat sor\u00e1n alkalmaznak.<\/p>\n\n<p><strong>Mi a helyzet az adatbiztons\u00e1ggal?<\/strong><br \/>\nEgy\u00fcttm\u0171k\u00f6d\u00fcnk a megl\u00e9v\u0151 eDiscovery platformmal, vagy telep\u00edtj\u00fck az \u00d6n biztons\u00e1gos k\u00f6rnyezet\u00e9ben. Dokumentumai az \u00d6n ellen\u0151rz\u00e9se alatt maradnak.<\/p>\n\n\n<hr class=\"wp-block-separator has-alpha-channel-opacity\"\/>\n\n\n\n<h3 class=\"wp-block-heading\">A l\u00e9nyeg<\/h3>\n\n\n<p>A dokumentumok fel\u00fclvizsg\u00e1lata nem kell, hogy k\u00f6lts\u00e9g- \u00e9s id\u0151rabl\u00f3 legyen.<\/p>\n<p>A mesters\u00e9ges intelligencia kezeli az els\u0151 menetet. Ez szort\u00edrozza a kupacot. Mint\u00e1kat tal\u00e1l. Megjel\u00f6li a fontos dolgokat. Az \u00d6n \u00e9rt\u00e9kel\u0151i azokra a dokumentumokra \u00f6sszpontos\u00edtanak, amelyek emberi \u00edt\u00e9letet ig\u00e9nyelnek.<\/p>\n<p>Az eredm\u00e9ny: gyorsabb \u00fcgymegold\u00e1s, alacsonyabb felt\u00e1r\u00e1si k\u00f6lts\u00e9gek, jobb strat\u00e9giai d\u00f6nt\u00e9sek, \u00e9s a b\u00edr\u00e1l\u00f3k olyan munk\u00e1t v\u00e9geznek, amely val\u00f3ban szak\u00e9rtelmet ig\u00e9nyel.<\/p>\n<p>Nincs var\u00e1zslat. Csak praktikus automatiz\u00e1l\u00e1s, amely hat\u00e9konyabb\u00e1 teszi a peresked\u00e9st.<\/p>\n\n\n<hr class=\"wp-block-separator has-alpha-channel-opacity\"\/>\n\n\n\n<h3 class=\"wp-block-heading\">K\u00e9szen \u00e1ll a felfedez\u00e9si k\u00f6lts\u00e9gek cs\u00f6kkent\u00e9s\u00e9re?<\/h3>\n\n\n<p>Minden eset m\u00e1s \u00e9s m\u00e1s. K\u00fcl\u00f6nb\u00f6z\u0151 dokumentumt\u00edpusok. K\u00fcl\u00f6nb\u00f6z\u0151 k\u00e9rd\u00e9sek. K\u00fcl\u00f6nb\u00f6z\u0151 fel\u00fclvizsg\u00e1lati protokollok.<\/p>\n<p>Mi nem adunk el egym\u00e9ret\u0171 megold\u00e1sokat. Az \u00d6n egyedi eseteit \u00e9s felfedez\u00e9si kih\u00edv\u00e1sait vizsg\u00e1ljuk. Azonos\u00edtjuk, hogy a mesters\u00e9ges intelligencia hol ny\u00fajtja a legnagyobb \u00e9rt\u00e9ket. Olyan munkafolyamatot \u00e9p\u00edt\u00fcnk, amely illeszkedik az \u00d6n folyamat\u00e1hoz.<\/p>\n<p>Besz\u00e9lj\u00fcnk az \u00d6n dokumentum-fel\u00fclvizsg\u00e1lati kih\u00edv\u00e1sair\u00f3l, \u00e9s arr\u00f3l, hogy a mesters\u00e9ges intelligencia milyen ter\u00fcleteken jelenthet val\u00f3di hat\u00e1st.<\/p>\n\n<p><a href=\"https:\/\/www.leaplytics.de\/hu\/kontakt\/\">Besz\u00e9lje meg a dokumentum fel\u00fclvizsg\u00e1lati ig\u00e9nyeit<\/a><\/p>\n\n<p><a href=\"https:\/\/www.leaplytics.de\/hu\/jogi-ai\/\">Vissza a Jogi AI \u00e1ttekint\u00e9s oldalra<\/a><\/p>","protected":false},"excerpt":{"rendered":"<p>AI for Document Review in Litigation &#038; Investigations: Find the Needle Without Reading Every Piece of Hay Legal cases mean documents. Thousands of them. Sometimes millions. Emails. Attachments. PDFs. Chat logs. Text messages. Presentations. Spreadsheets. Photos with text. Contracts. Meeting notes. All of it needs review. All of it needs classification. Relevant or not. Privileged &hellip; <\/p>","protected":false},"author":2,"featured_media":0,"parent":0,"menu_order":0,"comment_status":"closed","ping_status":"closed","template":"","meta":{"footnotes":""},"class_list":["post-14462","page","type-page","status-publish","hentry","latest_post"],"_links":{"self":[{"href":"https:\/\/www.leaplytics.de\/hu\/wp-json\/wp\/v2\/pages\/14462","targetHints":{"allow":["GET"]}}],"collection":[{"href":"https:\/\/www.leaplytics.de\/hu\/wp-json\/wp\/v2\/pages"}],"about":[{"href":"https:\/\/www.leaplytics.de\/hu\/wp-json\/wp\/v2\/types\/page"}],"author":[{"embeddable":true,"href":"https:\/\/www.leaplytics.de\/hu\/wp-json\/wp\/v2\/users\/2"}],"replies":[{"embeddable":true,"href":"https:\/\/www.leaplytics.de\/hu\/wp-json\/wp\/v2\/comments?post=14462"}],"version-history":[{"count":1,"href":"https:\/\/www.leaplytics.de\/hu\/wp-json\/wp\/v2\/pages\/14462\/revisions"}],"predecessor-version":[{"id":14471,"href":"https:\/\/www.leaplytics.de\/hu\/wp-json\/wp\/v2\/pages\/14462\/revisions\/14471"}],"wp:attachment":[{"href":"https:\/\/www.leaplytics.de\/hu\/wp-json\/wp\/v2\/media?parent=14462"}],"curies":[{"name":"wp","href":"https:\/\/api.w.org\/{rel}","templated":true}]}}