{"id":14476,"date":"2025-12-19T01:55:43","date_gmt":"2025-12-19T00:55:43","guid":{"rendered":"https:\/\/www.leaplytics.de\/?page_id=14476"},"modified":"2025-12-19T01:55:44","modified_gmt":"2025-12-19T00:55:44","slug":"kampanymenedzsment-optimalizalas-ai","status":"publish","type":"page","link":"https:\/\/www.leaplytics.de\/hu\/kampanymenedzsment-optimalizalas-ai\/","title":{"rendered":"Kamp\u00e1nymenedzsment \u00e9s optimaliz\u00e1l\u00e1s AI"},"content":{"rendered":"<h2>AI for Campaign Management &amp; Optimization: Ne tal\u00e1lgassuk tov\u00e1bb, mi m\u0171k\u00f6dik<\/h2>\n\n<p>Az \u00d6n marketingcsapata kamp\u00e1nyokat futtat a k\u00fcl\u00f6nb\u00f6z\u0151 csatorn\u00e1kon. Email. Fizetett keres\u00e9s. K\u00f6z\u00f6ss\u00e9gi hirdet\u00e9sek. Tartalom. Display. Esem\u00e9nyek. Webin\u00e1riumok.<\/p>\n<p>Minden csatorn\u00e1nak saj\u00e1t platformja van. Saj\u00e1t m\u00e9r\u0151sz\u00e1mai. Saj\u00e1t m\u0171szerfal. \u00c9s valahogy ki kell tal\u00e1lnia, hogy melyik kamp\u00e1nyok n\u00f6velik a bev\u00e9telt, \u00e9s melyek pazarolj\u00e1k a k\u00f6lts\u00e9gvet\u00e9st.<\/p>\n<p>Mire a m\u00falt havi teljes\u00edtm\u00e9nyt elemzi, ennek a h\u00f3napnak m\u00e1r a fel\u00e9n\u00e9l j\u00e1r. A tegnapi kamp\u00e1nyokat optimaliz\u00e1lod, mik\u00f6zben a maiak robotpil\u00f3t\u00e1n futnak.<\/p>\n<p>A mesters\u00e9ges intelligencia mindent val\u00f3s id\u0151ben k\u00f6vet. Azonos\u00edtja, hogy mi m\u0171k\u00f6dik \u00e9s mi nem. Automatikusan optimaliz\u00e1lja a k\u00f6lts\u00e9gvet\u00e9st. M\u00e1r az ind\u00edt\u00e1s el\u0151tt megj\u00f3solja a kamp\u00e1ny teljes\u00edtm\u00e9ny\u00e9t. A marketingk\u00f6lt\u00e9se oda megy, ahol megt\u00e9r\u00fcl, nem pedig oda, ahov\u00e1 mindig is ment.<\/p>\n\n\n<hr class=\"wp-block-separator has-alpha-channel-opacity\"\/>\n\n\n\n<h3 class=\"wp-block-heading\">A probl\u00e9ma: T\u00fal sok kamp\u00e1ny, nem el\u00e9g betekint\u00e9s<\/h3>\n\n\n<p>Ebben a h\u00f3napban 20 kamp\u00e1nyt futtatsz. Ismeri a kattint\u00e1sokat \u00e9s a megjelen\u00e9seket. Ismeri a kattint\u00e1sonk\u00e9nti k\u00f6lts\u00e9get. Tal\u00e1n m\u00e9g a konverzi\u00f3kat is ismeri.<\/p>\n<p>De tudja-e, hogy mely kamp\u00e1nyok hozt\u00e1k a t\u00e9nyleges bev\u00e9telt? Mely \u00fcgyfelek honnan j\u00f6ttek? Mely csatorn\u00e1k m\u0171k\u00f6dnek egy\u00fctt? Melyek pazarolj\u00e1k a p\u00e9nzt?<\/p>\n<p>A legt\u00f6bb csapat nem. Mert a Google Ads, a Facebook, az e-mail platform, a CRM \u00e9s az analitikai eszk\u00f6z\u00f6k adatainak \u00f6sszeilleszt\u00e9se \u00f3r\u00e1kba telik. Mire teljes k\u00e9pet kapunk, a kamp\u00e1nynak m\u00e1r v\u00e9ge.<\/p>\n<p>Teh\u00e1t hi\u00e1nyos adatok alapj\u00e1n hoz d\u00f6nt\u00e9seket. Vagy helyettes\u00edt\u0151 m\u00e9r\u0151sz\u00e1mok alapj\u00e1n. Vagy ami legut\u00f3bb m\u0171k\u00f6d\u00f6tt. \u00c9s csod\u00e1lkozik, hogy a marketing ROI-t mi\u00e9rt neh\u00e9z bizony\u00edtani.<\/p>\n\n\n<hr class=\"wp-block-separator has-alpha-channel-opacity\"\/>\n\n\n\n<h3 class=\"wp-block-heading\">Mit tesz a mesters\u00e9ges intelligencia a kamp\u00e1nymenedzsmentben<\/h3>\n\n\n<p>A mesters\u00e9ges intelligencia konszolid\u00e1lja a kamp\u00e1nyadatokat a k\u00fcl\u00f6nb\u00f6z\u0151 csatorn\u00e1kon. A teljes\u00edtm\u00e9nyt val\u00f3s eredm\u00e9nyekig k\u00f6veti. Automatikusan optimaliz\u00e1l. Seg\u00edt okosabban k\u00f6lteni.<\/p>\n\n\n<h4 class=\"wp-block-heading\">Csatorn\u00e1k k\u00f6z\u00f6tti teljes\u00edtm\u00e9nyk\u00f6vet\u00e9s<\/h4>\n\n\n<p>Az \u00f6sszes kamp\u00e1nyod. Az \u00f6sszes csatorn\u00e1ja. Egy n\u00e9zet.<\/p>\n<p>A mesters\u00e9ges intelligencia a k\u00f6vetkez\u0151 adatokb\u00f3l nyeri az adatokat:\n<ul>\n<li>Fizetett keres\u00e9s (Google, Bing)<\/li>\n<li>K\u00f6z\u00f6ss\u00e9gi hirdet\u00e9sek (Facebook, LinkedIn, Instagram, Twitter)<\/li>\n<li>Email marketing<\/li>\n<li>Display rekl\u00e1m<\/li>\n<li>Tartalom marketing<\/li>\n<li>Esem\u00e9nyek \u00e9s webin\u00e1riumok<\/li>\n<li>Szerves szoci\u00e1lis<\/li>\n<li>SEO \u00e9s szerves keres\u00e9s<\/li>\n<\/ul>\n<\/p>\n\n<p>Minden kamp\u00e1ny nyomon k\u00f6vet\u00e9se egy helyen. Ugyanazok a m\u00e9r\u0151sz\u00e1mok. Ugyanazok az id\u0151keretek. Nem kell t\u00f6bb\u00e9 platformok k\u00f6z\u00f6tt ugr\u00e1lni, hogy \u00f6sszehasonl\u00edtsuk az alm\u00e1kat a narancsokkal.<\/p>\n<p>L\u00e1tja a teljes k\u00e9pet. Mely csatorn\u00e1k n\u00f6velik a forgalmat? Melyek a konverzi\u00f3k? Melyek n\u00f6velik a bev\u00e9telt? Nem csak ezt a kamp\u00e1nyt, hanem az id\u0151beli trendeket is.<\/p>\n\n\n<h4 class=\"wp-block-heading\">Attrib\u00faci\u00f3 \u00e9s bev\u00e9telek kapcsolata<\/h4>\n\n\n<p>A marketing legnehezebb k\u00e9rd\u00e9se: melyek voltak azok a kamp\u00e1nyok, amelyek val\u00f3ban bev\u00e9telt hoztak?<\/p>\n<p>A mesters\u00e9ges intelligencia nyomon k\u00f6veti a v\u00e1s\u00e1rl\u00f3i utakat:\n<ul>\n<li>Els\u0151 \u00e9rintkez\u00e9si pont (hogyan tal\u00e1ltak r\u00e1d?)<\/li>\n<li>K\u00f6zepes \u00e9rint\u00e9sek (mi tartotta \u0151ket elk\u00f6telezettnek?)<\/li>\n<li>Utols\u00f3 \u00e9rint\u00e9s (mit\u0151l t\u00e9rtek \u00e1t?)<\/li>\n<li>A d\u00f6nt\u00e9st befoly\u00e1sol\u00f3 \u00f6sszes \u00e9rintkez\u00e9si pont<\/li>\n<\/ul>\n<\/p>\n\n<p>\u00d6sszekapcsolja a marketingtev\u00e9kenys\u00e9get a lez\u00e1rt bev\u00e9tellel. Nem csak a leadeket vagy konverzi\u00f3kat - t\u00e9nyleges doll\u00e1rokat.<\/p>\n<p>L\u00e1tja, hogy mely kamp\u00e1nyok gener\u00e1lnak cs\u0151vezet\u00e9ket. Melyek gener\u00e1lnak gyors nyerem\u00e9nyeket. Melyek seg\u00edtik a t\u00f6bbi csatorn\u00e1t. Melyek veszik \u00e1t a m\u00e1s csatorn\u00e1k \u00e1ltal v\u00e9gzett munka elismer\u00e9s\u00e9t.<\/p>\n<p>Az attrib\u00faci\u00f3 nem t\u00f6k\u00e9letes. Az \u00fcgyfelek nem k\u00f6vetnek tiszta utakat. De az AI attrib\u00faci\u00f3 sokkal jobb, mint az utols\u00f3 kattint\u00e1s vagy a tal\u00e1lgat\u00e1s.<\/p>\n\n\n<h4 class=\"wp-block-heading\">K\u00f6lts\u00e9gvet\u00e9si optimaliz\u00e1l\u00e1si aj\u00e1nl\u00e1sok<\/h4>\n\n\n<p>Ebben a negyed\u00e9vben $50K-t kell elk\u00f6ltened. Hogyan kellene elosztani?<\/p>\n<p>Az AI elemzi a teljes\u00edtm\u00e9nyt:\n<ul>\n<li>Mely csatorn\u00e1knak van a legjobb ROI-ja?<\/li>\n<li>Mely kamp\u00e1nyok nem teljes\u00edtenek megfelel\u0151en?<\/li>\n<li>Hol van a k\u00f6lts\u00e9gvet\u00e9s fels\u0151 hat\u00e1ra (hat\u00e9konyabban lehetne k\u00f6lteni)?<\/li>\n<li>Hol \u00e9rsz el cs\u00f6kken\u0151 hozamot (t\u00fal sokat k\u00f6ltesz)?<\/li>\n<\/ul>\n<\/p>\n\n<p>K\u00f6lts\u00e9gvet\u00e9si \u00e1tcsoportos\u00edt\u00e1sokat javasol:\n<ul>\n<li>\"A LinkedIn-hirdet\u00e9sek a Facebook ROI-j\u00e1nak 3x-os megt\u00e9r\u00fcl\u00e9s\u00e9t eredm\u00e9nyezik. A k\u00f6z\u00f6ss\u00e9gi k\u00f6lts\u00e9gvet\u00e9s 30%-nyi \u00f6sszeg\u00e9nek \u00e1tcsoportos\u00edt\u00e1sa oda.\"<\/li>\n<li>\"Az email nurture magas ar\u00e1nyban konvert\u00e1l, de el\u00e9ri a lista hat\u00e1rait. Befektet\u00e9s a lead genbe.\"<\/li>\n<li>\"A fizetett keres\u00e9s a nagy \u00e9rdekl\u0151d\u00e9sre sz\u00e1mot tart\u00f3 kulcsszavakat maximaliz\u00e1lta. Ne adjunk hozz\u00e1 t\u00f6bb k\u00f6lts\u00e9gvet\u00e9st.\"<\/li>\n<\/ul>\n<\/p>\n\n<p>M\u00e9g mindig te hozod a d\u00f6nt\u00e9seket. De a teljes\u00edtm\u00e9nyadatok, nem pedig az \u00e9rz\u00e9seid alapj\u00e1n hozod meg \u0151ket.<\/p>\n\n\n<h4 class=\"wp-block-heading\">Automatiz\u00e1lt kamp\u00e1nyoptimaliz\u00e1l\u00e1s<\/h4>\n\n\n<p>N\u00e9h\u00e1ny optimaliz\u00e1l\u00e1shoz nincs sz\u00fcks\u00e9g emberi d\u00f6nt\u00e9sekre. Csak gyorsan kell t\u00f6rt\u00e9nni\u00fck.<\/p>\n<p>A mesters\u00e9ges intelligencia automatikusan kezeli a taktikai be\u00e1ll\u00edt\u00e1sokat:\n<ul>\n<li>Az alulteljes\u00edt\u0151 hirdet\u00e9sek sz\u00fcneteltet\u00e9se<\/li>\n<li>N\u00f6velje az aj\u00e1nlatokat a magas konvert\u00e1l\u00f3 kulcsszavakra<\/li>\n<li>Cs\u00f6kkentse az aj\u00e1nlatokat a kattint\u00e1sokat, de konverzi\u00f3t nem eredm\u00e9nyez\u0151 kulcsszavakra.<\/li>\n<li>A k\u00f6lts\u00e9gvet\u00e9s \u00e1tcsoportos\u00edt\u00e1sa az alacsonyan teljes\u00edt\u0151 hirdet\u00e9sk\u00e9szletekr\u0151l a magasan teljes\u00edt\u0151kre<\/li>\n<li>Az e-mailek k\u00fcld\u00e9si idej\u00e9nek be\u00e1ll\u00edt\u00e1sa a megnyit\u00e1si ar\u00e1ny alapj\u00e1n<\/li>\n<li>A hat\u00e9konys\u00e1gi c\u00e9lokat el\u00e9r\u0151 kamp\u00e1nyokra ford\u00edtott kiad\u00e1sok n\u00f6vel\u00e9se<\/li>\n<\/ul>\n<\/p>\n\n<p>Ezek a kiigaz\u00edt\u00e1sok val\u00f3s id\u0151ben t\u00f6rt\u00e9nnek. Nem napokkal k\u00e9s\u0151bb, amikor fel\u00fclvizsg\u00e1lja a teljes\u00edtm\u00e9nyt. Az AI a kamp\u00e1nyok fut\u00e1sa k\u00f6zben optimaliz\u00e1l.<\/p>\n<p>Te hat\u00e1rozod meg a szab\u00e1lyokat \u00e9s a v\u00e9d\u0151korl\u00e1tokat. A mesters\u00e9ges intelligencia ezeken bel\u00fcl hajtja v\u00e9gre a feladatokat. \u00d6n fel\u00fclvizsg\u00e1lja \u00e9s az eredm\u00e9nyek alapj\u00e1n m\u00f3dos\u00edtja a szab\u00e1lyokat.<\/p>\n\n\n<h4 class=\"wp-block-heading\">Kamp\u00e1nyteljes\u00edtm\u00e9ny el\u0151rejelz\u00e9s<\/h4>\n\n\n<p>Miel\u0151tt elind\u00edt egy kamp\u00e1nyt, nem szeretn\u00e9 tudni, hogyan fog teljes\u00edteni?<\/p>\n<p>A mesters\u00e9ges intelligencia a k\u00f6vetkez\u0151k alapj\u00e1n j\u00f3solja meg az eredm\u00e9nyeket:\n<ul>\n<li>Hasonl\u00f3 kor\u00e1bbi kamp\u00e1nyok (c\u00e9lcsoport, csatorna, \u00fczenet, aj\u00e1nlat)<\/li>\n<li>Jelenlegi piaci felt\u00e9telek \u00e9s szezonalit\u00e1s<\/li>\n<li>A k\u00f6z\u00f6ns\u00e9g m\u00e9rete \u00e9s jellemz\u0151i<\/li>\n<li>Kreat\u00edv elemek (t\u00e1rgysorok, rekl\u00e1msz\u00f6vegek, k\u00e9pek)<\/li>\n<\/ul>\n<\/p>\n\n<p>Becsl\u00e9sei szerint: \"2,3-2,8% CTR, 140-180 konverzi\u00f3, $48-$62 CPA\".<\/p>\n<p>Nem t\u00f6k\u00e9letes el\u0151rejelz\u00e9sek. De jobb, mint a vak ind\u00edt\u00e1s. Ha a megj\u00f3solt teljes\u00edtm\u00e9ny nem \u00e9ri el a c\u00e9lokat, igaz\u00edtsa ki, miel\u0151tt elk\u00f6lti a k\u00f6lts\u00e9gvet\u00e9st.<\/p>\n\n\n<h4 class=\"wp-block-heading\">A k\u00f6z\u00f6ns\u00e9g f\u00e1radts\u00e1g\u00e1nak \u00e9szlel\u00e9se<\/h4>\n\n\n<p>H\u00e1nyszor mutathatja ugyanazt a rekl\u00e1mot ugyanazoknak az embereknek, miel\u0151tt kikapcsol\u00f3dn\u00e1nak?<\/p>\n<p>A mesters\u00e9ges intelligencia figyeli a f\u00e1radts\u00e1g jeleit:\n<ul>\n<li>CTR cs\u00f6kken\u0151 id\u0151vel ugyanazzal a k\u00f6z\u00f6ns\u00e9ggel<\/li>\n<li>A konverzi\u00f3s r\u00e1ta cs\u00f6kken, m\u00e9g akkor is, ha a kattint\u00e1sok stabilak maradnak<\/li>\n<li>T\u00fal nagy gyakoris\u00e1g (ugyanaz a szem\u00e9ly t\u00f6bb mint 10 alkalommal l\u00e1tja a hirdet\u00e9st)<\/li>\n<li>Negat\u00edv elk\u00f6telezetts\u00e9g n\u00f6veked\u00e9se (hirdet\u00e9s elrejt\u00e9se, leiratkoz\u00e1s, spamk\u00e9nt val\u00f3 megjel\u00f6l\u00e9s)<\/li>\n<\/ul>\n<\/p>\n\n<p>Amikor a f\u00e1radts\u00e1g be\u00e1ll, a mesters\u00e9ges intelligencia jelzi azt. Ideje friss\u00edteni a kreativit\u00e1st, megv\u00e1ltoztatni az \u00fczenetet, vagy sz\u00fcnetet tartani a k\u00f6z\u00f6ns\u00e9gnek.<\/p>\n<p>Megakad\u00e1lyozza, hogy a legjobb c\u00e9lk\u00f6z\u00f6ns\u00e9g\u00e9t ki\u00e9gesse a t\u00falzott marketinggel.<\/p>\n\n\n<h4 class=\"wp-block-heading\">Versenyk\u00e9pes teljes\u00edtm\u00e9ny\u00e9rt\u00e9kel\u00e9s<\/h4>\n\n\n<p>J\u00f3 vagy rossz a teljes\u00edtm\u00e9nye? Neh\u00e9z megmondani kontextus n\u00e9lk\u00fcl.<\/p>\n<p>A mesters\u00e9ges intelligencia \u00f6sszehasonl\u00edtja a m\u00e9r\u0151sz\u00e1maidat a k\u00f6vetkez\u0151kkel:\n<ul>\n<li>Saj\u00e1t t\u00f6rt\u00e9nelmi teljes\u00edtm\u00e9nye<\/li>\n<li>Ipari referencia\u00e9rt\u00e9kek<\/li>\n<li>Hasonl\u00f3 v\u00e1llalatok<\/li>\n<li>Versenyt\u00e9rs\u00e9g (ahol l\u00e1that\u00f3)<\/li>\n<\/ul>\n<\/p>\n\n<p>L\u00e1tod: \"A LinkedIn CTR-je 1,8%. Az ipar\u00e1gi \u00e1tlag 0,9%. J\u00f3l teljes\u00edtesz. De a konverzi\u00f3s ar\u00e1nyod 2,1%, szemben a 3,5% ipar\u00e1gi \u00e1tlaggal. A probl\u00e9ma a c\u00e9loldaladdal vagy az aj\u00e1nlatoddal van, nem a hirdet\u00e9seiddel.\"<\/p>\n<p>Ez a kontextus seg\u00edt abban, hogy tudja, hol kell optimaliz\u00e1lni. Ne pazarolja az idej\u00e9t arra, hogy jav\u00edtsa azt, ami m\u00e1r j\u00f3. Jav\u00edtsd meg, ami val\u00f3j\u00e1ban elromlott.<\/p>\n\n\n<hr class=\"wp-block-separator has-alpha-channel-opacity\"\/>\n\n\n\n<h3 class=\"wp-block-heading\">Mit jelent ez az \u00d6n sz\u00e1m\u00e1ra<\/h3>\n\n\n\n<h4 class=\"wp-block-heading\">CMO-k sz\u00e1m\u00e1ra<\/h4>\n\n\n<p>A marketingkiad\u00e1sok egy\u00e9rtelm\u0171 megt\u00e9r\u00fcl\u00e9se. Tudja, hogy mely kamp\u00e1nyok n\u00f6velik a bev\u00e9telt. Tudja, hol kell t\u00f6bbet befektetnie, \u00e9s hol kell cs\u00f6kkentenie.<\/p>\n<p>A k\u00f6lts\u00e9gvet\u00e9si d\u00f6nt\u00e9sek az adatokon, nem pedig a politik\u00e1n alapulnak. Amikor a vezet\u00e9s azt k\u00e9rdezi, hogy \"Mi\u00e9rt k\u00f6lt\u00fcnk erre?\", akkor sz\u00e1mok \u00e1llnak rendelkez\u00e9sre.<\/p>\n<p>Gyorsabb optimaliz\u00e1l\u00e1si ciklusok. Ne v\u00e1rjon a negyed\u00e9v v\u00e9g\u00e9ig a teljes\u00edtm\u00e9ny fel\u00fclvizsg\u00e1lat\u00e1val. Az AI folyamatosan optimaliz\u00e1l, mik\u00f6zben a kamp\u00e1nyok futnak.<\/p>\n<p>Indokolt marketing befektet\u00e9s. Ha a kiad\u00e1sokat \u00f6ssze tudja kapcsolni a bev\u00e9telekkel, k\u00f6nnyebb j\u00f3v\u00e1hagyatni a k\u00f6lts\u00e9gvet\u00e9st. A marketing m\u00e1r nem k\u00f6lts\u00e9gk\u00f6zpont, hanem a n\u00f6veked\u00e9s motorja.<\/p>\n\n\n<h4 class=\"wp-block-heading\">Marketing menedzsereknek<\/h4>\n\n\n<p>Egyetlen n\u00e9zet az \u00f6sszes kamp\u00e1nyra. Ne kelljen t\u00f6bb\u00e9 7 k\u00fcl\u00f6nb\u00f6z\u0151 platformra bejelentkeznie, hogy l\u00e1ssa, mi t\u00f6rt\u00e9nik. Egy m\u0171szerfal, az \u00f6sszes adat.<\/p>\n<p>Tudja, hogy mi m\u0171k\u00f6dik val\u00f3s id\u0151ben. Nem hetekkel k\u00e9s\u0151bb. Gyorsan m\u00f3dos\u00edthatsz, ha valami nem m\u0171k\u00f6dik.<\/p>\n<p>Kevesebb id\u0151 a jelent\u00e9st\u00e9telre, t\u00f6bb id\u0151 a strat\u00e9gi\u00e1ra. A mesters\u00e9ges intelligencia gener\u00e1lja a teljes\u00edtm\u00e9nyjelent\u00e9seket. \u00d6n elemzi \u00e9s eld\u00f6nti, hogy mit tegyen vel\u00fck.<\/p>\n<p>T\u00f6bbet tesztel, mert az optimaliz\u00e1l\u00e1s k\u00f6nnyebb. A t\u00f6bb teszt azt jelenti, hogy jobban megismeri, hogy mi az, ami a k\u00f6z\u00f6ns\u00e9g\u00e9re rezon\u00e1l.<\/p>\n\n\n<h4 class=\"wp-block-heading\">Az \u00fczlet sz\u00e1m\u00e1ra<\/h4>\n\n\n<p>Magasabb marketing ROI. A k\u00f6lts\u00e9gvet\u00e9s a m\u0171k\u00f6d\u0151 csatorn\u00e1kra \u00e9s kamp\u00e1nyokra megy. Kevesebb pazarl\u00f3 kiad\u00e1s a nem megfelel\u0151 teljes\u00edtm\u00e9ny\u0171ekre.<\/p>\n<p>Kisz\u00e1m\u00edthat\u00f3bb \u00fcgyf\u00e9lszerz\u00e9si k\u00f6lts\u00e9gek. Ha tudja, milyen teljes\u00edtm\u00e9nyre sz\u00e1m\u00edthat, pontosabban tervezheti a n\u00f6veked\u00e9st.<\/p>\n<p>Hat\u00e9kony m\u00e9retez\u00e9s. Ha megtal\u00e1lja a m\u0171k\u00f6d\u0151 kamp\u00e1nyokat, akkor magabiztosan m\u00e9retezheti azokat. Ha m\u00e1r nem m\u0171k\u00f6dnek, akkor azt gyorsan \u00e9szreveszi.<\/p>\n\n\n<hr class=\"wp-block-separator has-alpha-channel-opacity\"\/>\n\n\n\n<h3 class=\"wp-block-heading\">Val\u00f3s p\u00e9ld\u00e1k a kamp\u00e1nyoptimaliz\u00e1l\u00f3 AI-ra<\/h3>\n\n\n\n<h4 class=\"wp-block-heading\">P\u00e9lda 1: E-kereskedelmi v\u00e1llalat<\/h4>\n\n\n<p>Egy online kiskeresked\u0151 hirdet\u00e9seket futtatott a Facebookon, a Google-on \u00e9s az Instagramon. $200K\/h\u00f3napot k\u00f6lt\u00f6tt. Nem tudta megmondani, hogy melyik platformon t\u00f6rt\u00e9nt a t\u00e9nyleges \u00e9rt\u00e9kes\u00edt\u00e9s, \u00e9s melyikre kattintottak.<\/p>\n<p><strong>Mi v\u00e1ltozott:<\/strong> Az AI nyomon k\u00f6vette a v\u00e1s\u00e1rl\u00f3i utakat az els\u0151 hirdet\u00e9skattint\u00e1st\u00f3l a v\u00e1s\u00e1rl\u00e1sig. \u00d6sszekapcsolta a rekl\u00e1mk\u00f6lt\u00e9st a bev\u00e9tellel csatorn\u00e1nk\u00e9nt.<\/p>\n<p><strong>Eredm\u00e9ny:<\/strong> Felfedezte, hogy az Instagram n\u00f6velte az ismerts\u00e9get, de ritk\u00e1n az utols\u00f3 kattint\u00e1sra t\u00f6rt\u00e9n\u0151 konverzi\u00f3t. A Google-keres\u00e9s az als\u00f3 t\u00f6lcs\u00e9rben t\u00f6rt\u00e9n\u0151 konverzi\u00f3t eredm\u00e9nyezte. \u00c1tcsoportos\u00edtott\u00e1k a k\u00f6lts\u00e9gvet\u00e9s eloszt\u00e1s\u00e1t - kevesebb Instagram, t\u00f6bb Google. Ugyanaz a teljes k\u00f6lt\u00e9s, 27% t\u00f6bb bev\u00e9tel.<\/p>\n\n\n<h4 class=\"wp-block-heading\">P\u00e9lda 2: B2B SaaS v\u00e1llalat<\/h4>\n\n\n<p>Egy SaaS-v\u00e1llalat LinkedIn-hirdet\u00e9seket futtatott, de azokat manu\u00e1lisan kezelte. Hetente egyszer ellen\u0151rizte a teljes\u00edtm\u00e9nyt, p\u00e9ntekenk\u00e9nt pedig kiigaz\u00edt\u00e1sokat v\u00e9gzett.<\/p>\n<p><strong>Mi v\u00e1ltozott:<\/strong> Az AI folyamatosan nyomon k\u00f6vette a kamp\u00e1nyokat. Automatikusan sz\u00fcneteltette az alulteljes\u00edt\u0151 hirdet\u00e9seket. Val\u00f3s id\u0151ben \u00e1tcsoportos\u00edtotta a k\u00f6lts\u00e9gvet\u00e9st a legjobban teljes\u00edt\u0151 hirdet\u00e9sekre.<\/p>\n<p><strong>Eredm\u00e9ny:<\/strong> Az egy leadre jut\u00f3 k\u00f6lts\u00e9g 34% cs\u00f6kkent, mivel a rosszul teljes\u00edt\u0151 \u00fcgyfeleket azonnal sz\u00fcneteltett\u00e9k, ahelyett, hogy eg\u00e9sz h\u00e9ten futottak volna. A k\u00f6lts\u00e9gvet\u00e9s folyamatosan a gy\u0151ztesekhez ker\u00fclt, nem csak a p\u00e9nteki fel\u00fclvizsg\u00e1latok ut\u00e1n.<\/p>\n\n\n<h4 class=\"wp-block-heading\">P\u00e9lda 3: Szakmai szolg\u00e1ltat\u00e1sokat ny\u00fajt\u00f3 c\u00e9g<\/h4>\n\n\n<p>Tartalommarketingre, rendezv\u00e9nyekre \u00e9s fizetett hirdet\u00e9sekre k\u00f6lt\u00f6tt tan\u00e1csad\u00f3 c\u00e9g. A vezet\u00e9s megk\u00e9rd\u0151jelezte a marketing ROI-t. A CMO nem tudta bizony\u00edtani, hogy mely tev\u00e9kenys\u00e9gek hoztak \u00faj \u00fcgyfeleket.<\/p>\n<p><strong>Mi v\u00e1ltozott:<\/strong> A mesters\u00e9ges intelligencia minden marketing\u00e9rint\u00e9st nyomon k\u00f6vetett a lez\u00e1rt \u00fcgyletekig. \u00d6sszekapcsolta a tartalom let\u00f6lt\u00e9s\u00e9t, a rendezv\u00e9nyeken val\u00f3 r\u00e9szv\u00e9telt \u00e9s a hirdet\u00e9sekre val\u00f3 kattint\u00e1st a t\u00e9nylegesen al\u00e1\u00edrt szerz\u0151d\u00e9sekkel.<\/p>\n<p><strong>Eredm\u00e9ny:<\/strong> Bebizony\u00edtotta, hogy a tartalom + esem\u00e9nyek 3x nagyobb megt\u00e9r\u00fcl\u00e9st hoztak, mint a fizetett hirdet\u00e9sek \u00f6nmagukban. A tartalomra \u00e9s az esem\u00e9nyekre sz\u00e1nt k\u00f6lts\u00e9gvet\u00e9s n\u00f6vel\u00e9se. Megsz\u00fcntette az alulteljes\u00edt\u0151 fizetett csatorn\u00e1kat. A teljes marketing ROI 45%-tal javult.<\/p>\n\n\n<hr class=\"wp-block-separator has-alpha-channel-opacity\"\/>\n\n\n\n<h3 class=\"wp-block-heading\">Amit az AI nem fog megtenni<\/h3>\n\n\n<p>Legy\u00fcnk \u0151szint\u00e9k a korl\u00e1tokkal kapcsolatban.<\/p>\n<p>A mesters\u00e9ges intelligencia nem hozza l\u00e9tre a marketingstrat\u00e9gi\u00e1t. Nem ismeri a pozicion\u00e1l\u00e1s\u00e1t, a m\u00e1rk\u00e1j\u00e1t, vagy azt, hogy mi k\u00fcl\u00f6nb\u00f6zteti meg \u00d6nt. Ez emberi munka.<\/p>\n<p>A mesters\u00e9ges intelligencia nem tudja kijav\u00edtani a rossz kamp\u00e1nyokat. Ha az aj\u00e1nlatod nem meggy\u0151z\u0151, vagy a kreat\u00edvod gyenge, vagy a c\u00e9lz\u00e1sod nem megfelel\u0151 - az AI megmondja, hogy nem m\u0171k\u00f6dik, de nem fogja m\u0171k\u00f6d\u00e9sre b\u00edrni. Tov\u00e1bbra is j\u00f3 marketing alapokra van sz\u00fcks\u00e9ged.<\/p>\n<p>A mesters\u00e9ges intelligencia optimaliz\u00e1l\u00e1s az \u00d6n \u00e1ltal be\u00e1ll\u00edtott param\u00e9tereken bel\u00fcl m\u0171k\u00f6dik. Ha csak kis vari\u00e1ci\u00f3kat tesztel, csak fokozatos javul\u00e1st \u00e9rhet el. A nagy \u00e1tt\u00f6r\u00e9sekhez tov\u00e1bbra is emberi kreativit\u00e1s \u00e9s strat\u00e9giai gondolkod\u00e1s sz\u00fcks\u00e9ges.<\/p>\n<p>A hozz\u00e1rendel\u00e9s pedig sosem t\u00f6k\u00e9letes. Az \u00fcgyfelek nem k\u00f6vetnek line\u00e1ris utakat. Egyes \u00e9rintkez\u00e9si pontokat nem lehet nyomon k\u00f6vetni (sz\u00e1jpropaganda, offline besz\u00e9lget\u00e9sek, s\u00f6t\u00e9t k\u00f6z\u00f6ss\u00e9gi oldalak). A mesters\u00e9ges intelligencia a lehet\u0151 legjobb k\u00e9pet adja, de nem teljes.<\/p>\n\n\n<hr class=\"wp-block-separator has-alpha-channel-opacity\"\/>\n\n\n\n<h3 class=\"wp-block-heading\">Hogyan kezdj\u00fcnk hozz\u00e1<\/h3>\n\n\n<p>Ne pr\u00f3b\u00e1ljon meg mindent egyszerre optimaliz\u00e1lni. Kezdje ott, ahol a legnagyobb hat\u00e1st fogja l\u00e1tni:\n<ul>\n<li><strong>Kezdje az adatok konszolid\u00e1l\u00e1s\u00e1val.<\/strong> Kapcsolja \u00f6ssze a kamp\u00e1nyplatformokat. Minden adat egy helyen. M\u00e1r az is betekint\u00e9st ny\u00fajt, ha mindent egy\u00fctt l\u00e1t.<\/li>\n<li><strong>Egy csatorna v\u00e9gpontt\u00f3l v\u00e9gpontig t\u00f6rt\u00e9n\u0151 k\u00f6vet\u00e9se.<\/strong> V\u00e1lassza ki a legnagyobb k\u00f6lt\u00e9si csatorn\u00e1t. K\u00f6vesse nyomon a benyom\u00e1st\u00f3l a bev\u00e9telig. N\u00e9zze meg, hogyan n\u00e9z ki a teljes t\u00f6lcs\u00e9rteljes\u00edtm\u00e9ny.<\/li>\n<li><strong>Tesztelje az automatiz\u00e1lt optimaliz\u00e1l\u00e1st egy kamp\u00e1nyon.<\/strong> Hagyja, hogy a mesters\u00e9ges intelligencia optimaliz\u00e1ljon egy tesztkamp\u00e1nyt. Hasonl\u00edtsa \u00f6ssze a teljes\u00edtm\u00e9nyt a k\u00e9zzel optimaliz\u00e1lt kontrollal. M\u00e9rje a k\u00fcl\u00f6nbs\u00e9get.<\/li>\n<li><strong>Elemezzen egy negyed\u00e9vet t\u00f6rt\u00e9nelmileg.<\/strong> Kor\u00e1bbi kamp\u00e1nyadatok bet\u00e1pl\u00e1l\u00e1sa a mesters\u00e9ges intelligenci\u00e1ba. K\u00e9rdezze meg: \"Mit kellett volna m\u00e1sk\u00e9pp csin\u00e1lnunk?\" Tanuljon a kihagyott mint\u00e1kb\u00f3l.<\/li>\n<li><strong>Teljes\u00edtm\u00e9nyjelz\u00e9sek be\u00e1ll\u00edt\u00e1sa.<\/strong> Hagyja, hogy a mesters\u00e9ges intelligencia \u00e9rtes\u00edtse \u00d6nt, ha a kamp\u00e1nyok t\u00fall\u00e9pik\/alulteljes\u00edtik a k\u00fcsz\u00f6b\u00e9rt\u00e9keket. Gyorsan \u00e9szlelje a probl\u00e9m\u00e1kat.<\/li>\n<\/ul>\n<\/p>\n\n<p>Kezdje kicsiben. Bizony\u00edtsd be az \u00e9rt\u00e9ket. Ahogy l\u00e1tja az eredm\u00e9nyeket, terjessze ki t\u00f6bb csatorn\u00e1ra \u00e9s kamp\u00e1nyra.<\/p>\n\n\n<hr class=\"wp-block-separator has-alpha-channel-opacity\"\/>\n\n\n\n<h3 class=\"wp-block-heading\">A l\u00e9nyeg<\/h3>\n\n\n<p>A kamp\u00e1nyoptimaliz\u00e1l\u00e1s mintafelismer\u00e9s m\u00e9retar\u00e1nyosan. Milyen \u00fczenetek m\u0171k\u00f6dnek? Melyik k\u00f6z\u00f6ns\u00e9g reag\u00e1l? Milyen id\u0151z\u00edt\u00e9s m\u0171k\u00f6dik? Mely csatorn\u00e1k vezetnek eredm\u00e9nyre?<\/p>\n<p>Az emberek nem k\u00e9pesek t\u00f6bb tucat kamp\u00e1nyt t\u00f6bb csatorn\u00e1n kereszt\u00fcl val\u00f3s id\u0151ben nyomon k\u00f6vetni. A mesters\u00e9ges intelligencia k\u00e9pes r\u00e1.<\/p>\n<p>A marketingcsapat tov\u00e1bbra is meghat\u00e1rozza a strat\u00e9gi\u00e1t. M\u00e9g mindig \u0151k k\u00e9sz\u00edtik a kamp\u00e1nyokat. M\u00e9g mindig \u0151k hozz\u00e1k meg a pozicion\u00e1l\u00e1ssal \u00e9s a k\u00f6lts\u00e9gvet\u00e9s eloszt\u00e1s\u00e1val kapcsolatos nagy d\u00f6nt\u00e9seket.<\/p>\n<p>De nem vakon rep\u00fclnek. Rendelkeznek adatokkal arr\u00f3l, hogy mi m\u0171k\u00f6dik \u00e9s mi nem - val\u00f3s id\u0151ben, nem hetekkel k\u00e9s\u0151bb. Negyed\u00e9ves helyett folyamatosan optimaliz\u00e1lnak.<\/p>\n<p>Ez kevesebb felesleges kiad\u00e1st, magasabb megt\u00e9r\u00fcl\u00e9st \u00e9s t\u00e9nylegesen n\u00f6veked\u00e9st eredm\u00e9nyez\u0151 marketinget jelent.<\/p>\n\n\n<hr class=\"wp-block-separator has-alpha-channel-opacity\"\/>\n\n\n\n<h3 class=\"wp-block-heading\">Jobb marketing ROI-t szeretne?<\/h3>\n\n\n<p>Minden v\u00e1llalkoz\u00e1snak m\u00e1s \u00e9s m\u00e1s kamp\u00e1nyai vannak. K\u00fcl\u00f6nb\u00f6z\u0151 csatorn\u00e1k. A siker m\u00e9r\u00e9s\u00e9nek k\u00fcl\u00f6nb\u00f6z\u0151 m\u00f3djai.<\/p>\n<p>Nem \u00e1ltal\u00e1nos kamp\u00e1nyeszk\u00f6z\u00f6ket \u00e1rulunk. Az \u00d6n marketingmix\u00e9t vizsg\u00e1ljuk. Azonos\u00edtjuk, hogy a mesters\u00e9ges intelligencia hol jav\u00edthatja a teljes\u00edtm\u00e9nyt. \u00d6sszek\u00f6tj\u00fck az adatait, hogy teljes k\u00e9pet kapjon.<\/p>\n<p>Ezut\u00e1n olyan optimaliz\u00e1l\u00e1st \u00e1ll\u00edtunk be, amely az \u00d6n csapat\u00e1nak \u00e9s csatorn\u00e1inak megfelel. Jobb teljes\u00edtm\u00e9nyt \u00e9rhet el an\u00e9lk\u00fcl, hogy megv\u00e1ltoztatn\u00e1 a munkam\u00f3dszer\u00e9t.<\/p>\n<p>Nincs hype. Nem \u00edg\u00e9rj\u00fck, hogy az AI egyik napr\u00f3l a m\u00e1sikra meg fogja 10x-ezni az eredm\u00e9nyeidet. Csak jobb adatokat, gyorsabb optimaliz\u00e1l\u00e1st \u00e9s marketingk\u00f6lt\u00e9st, amely oda megy, ahol m\u0171k\u00f6dik.<\/p>\n\n<p><a href=\"https:\/\/www.leaplytics.de\/hu\/kontakt\/\">Besz\u00e9lj\u00fcnk a marketingkamp\u00e1nyair\u00f3l<\/a><\/p>\n\n<p><a href=\"https:\/\/www.leaplytics.de\/hu\/marketing-ertekesites-ai\/\">Vissza a Marketing \u00e9s \u00e9rt\u00e9kes\u00edt\u00e9si AI oldalra<\/a><\/p>","protected":false},"excerpt":{"rendered":"<p>AI for Campaign Management &#038; Optimization: Stop Guessing What Works Your marketing team runs campaigns across channels. Email. Paid search. Social ads. Content. Display. Events. Webinars. Each channel has its own platform. Its own metrics. Its own dashboard. And somehow you&#8217;re supposed to figure out which campaigns actually drive revenue and which are wasting budget. &hellip; <\/p>","protected":false},"author":2,"featured_media":0,"parent":0,"menu_order":0,"comment_status":"closed","ping_status":"closed","template":"","meta":{"footnotes":""},"class_list":["post-14476","page","type-page","status-publish","hentry","latest_post"],"_links":{"self":[{"href":"https:\/\/www.leaplytics.de\/hu\/wp-json\/wp\/v2\/pages\/14476","targetHints":{"allow":["GET"]}}],"collection":[{"href":"https:\/\/www.leaplytics.de\/hu\/wp-json\/wp\/v2\/pages"}],"about":[{"href":"https:\/\/www.leaplytics.de\/hu\/wp-json\/wp\/v2\/types\/page"}],"author":[{"embeddable":true,"href":"https:\/\/www.leaplytics.de\/hu\/wp-json\/wp\/v2\/users\/2"}],"replies":[{"embeddable":true,"href":"https:\/\/www.leaplytics.de\/hu\/wp-json\/wp\/v2\/comments?post=14476"}],"version-history":[{"count":1,"href":"https:\/\/www.leaplytics.de\/hu\/wp-json\/wp\/v2\/pages\/14476\/revisions"}],"predecessor-version":[{"id":14490,"href":"https:\/\/www.leaplytics.de\/hu\/wp-json\/wp\/v2\/pages\/14476\/revisions\/14490"}],"wp:attachment":[{"href":"https:\/\/www.leaplytics.de\/hu\/wp-json\/wp\/v2\/media?parent=14476"}],"curies":[{"name":"wp","href":"https:\/\/api.w.org\/{rel}","templated":true}]}}