{"id":14478,"date":"2025-12-19T01:55:18","date_gmt":"2025-12-19T00:55:18","guid":{"rendered":"https:\/\/www.leaplytics.de\/?page_id=14478"},"modified":"2025-12-19T01:55:19","modified_gmt":"2025-12-19T00:55:19","slug":"customer-insights-szegmentacio-ai","status":"publish","type":"page","link":"https:\/\/www.leaplytics.de\/hu\/customer-insights-szegmentacio-ai\/","title":{"rendered":"\u00dcgyf\u00e9lismeret \u00e9s szegment\u00e1l\u00e1s AI"},"content":{"rendered":"<h2>AI for Customer Insights &amp; Segmentation: Ne tal\u00e1lgassuk tov\u00e1bb, mit akarnak az \u00fcgyfelek<\/h2>\n\n<p>\u00d6n rendelkezik \u00fcgyf\u00e9ladatokkal. V\u00e1s\u00e1rl\u00e1si el\u0151zm\u00e9nyek. Webhelyi viselked\u00e9s. E-mailes elk\u00f6telezetts\u00e9g. CRM feljegyz\u00e9sek. T\u00e1mogat\u00e1si jegyek. Term\u00e9khaszn\u00e1lati napl\u00f3k.<\/p>\n<p>Mindezen adatokb\u00f3l meg kell tudnia, hogy kik a legjobb \u00fcgyfelei. Mire van sz\u00fcks\u00e9g\u00fck. Mikor fognak elmenni. Kik \u00e1llnak k\u00e9szen arra, hogy t\u00f6bbet v\u00e1s\u00e1roljanak.<\/p>\n<p>De az adatok megl\u00e1t\u00e1sokk\u00e1 alak\u00edt\u00e1sa? Ehhez elemz\u00e9sre van sz\u00fcks\u00e9g. Val\u00f3di elemz\u00e9st, nem csak m\u0171szerfalakat kell n\u00e9zegetni. \u00c9s a legt\u00f6bb csapatnak erre nincs ideje.<\/p>\n<p>A mesters\u00e9ges intelligencia v\u00e9gzi az elemz\u00e9st. Mint\u00e1kat tal\u00e1l az \u00fcgyfelek viselked\u00e9s\u00e9ben. Olyan szegmenseket hoz l\u00e9tre, amelyek t\u00e9nylegesen el\u0151re jelzik az eredm\u00e9nyeket. Figyelmeztet\u0151 jeleket \u00e9szlel, miel\u0151tt az \u00fcgyfelek elv\u00e1ndoroln\u00e1nak. A csapata az alapj\u00e1n hoz d\u00f6nt\u00e9seket, amit az \u00fcgyfelek tesznek, nem pedig az alapj\u00e1n, amit \u00d6n rem\u00e9l, hogy tenni fognak.<\/p>\n\n\n<hr class=\"wp-block-separator has-alpha-channel-opacity\"\/>\n\n\n\n<h3 class=\"wp-block-heading\">A probl\u00e9ma: adatok mindenhol, betekint\u00e9s sehol<\/h3>\n\n\n<p>A CRM tele van. Az analitikai eszk\u00f6zei mindent nyomon k\u00f6vetnek. B\u00e1rmilyen m\u00e9r\u0151sz\u00e1mr\u00f3l k\u00e9sz\u00edthet jelent\u00e9st.<\/p>\n<p>De a jelent\u00e9sek nem betekint\u00e9st jelentenek. Az, hogy a felhaszn\u00e1l\u00f3k 23%-je kattintott egy gombra, nem mondja meg, hogy mi\u00e9rt, vagy hogy mit kell tennie.<\/p>\n<p>A marketing demogr\u00e1fiai szegmensek szerint szegment\u00e1l, mert ez egyszer\u0171. Kisv\u00e1llalkoz\u00e1sok vs. nagyv\u00e1llalatok. Keleti part vs. nyugati part. Igazgat\u00f3 vs. aleln\u00f6k.<\/p>\n<p>De a demogr\u00e1fiai adatok nem jelzik el\u0151re a viselked\u00e9st. Valakinek a c\u00edme nem \u00e1rulja el, hogy ki fog-e v\u00e1ltani. A v\u00e1llalat m\u00e9rete nem \u00e1rulja el, hogy k\u00e9szen \u00e1ll-e a friss\u00edt\u00e9sre.<\/p>\n<p>A felismer\u00e9sek az adatokban rejlenek. Csak id\u0151re \u00e9s eszk\u00f6z\u00f6kre van sz\u00fcks\u00e9ged, hogy megtal\u00e1ld \u0151ket. A legt\u00f6bb csapatnak egyik sem \u00e1ll rendelkez\u00e9s\u00e9re.<\/p>\n\n\n<hr class=\"wp-block-separator has-alpha-channel-opacity\"\/>\n\n\n\n<h3 class=\"wp-block-heading\">Mit tesz a mesters\u00e9ges intelligencia az \u00fcgyf\u00e9lismeret\u00e9rt<\/h3>\n\n\n<p>A mesters\u00e9ges intelligencia m\u00e9retar\u00e1nyosan elemzi az \u00fcgyf\u00e9ladatokat. Megtal\u00e1lja a mint\u00e1kat, amelyeket az emberek nem vesznek \u00e9szre. A viselked\u00e9s, nem pedig a demogr\u00e1fiai adatok alapj\u00e1n szegment\u00e1l. El\u0151re jelzi az eredm\u00e9nyeket, miel\u0151tt azok bek\u00f6vetkezn\u00e9nek.<\/p>\n\n\n<h4 class=\"wp-block-heading\">V\u00e1s\u00e1rl\u00f3i magatart\u00e1selemz\u00e9s<\/h4>\n\n\n<p>Mit tesznek a v\u00e1s\u00e1rl\u00f3k v\u00e1s\u00e1rl\u00e1s el\u0151tt? Miel\u0151tt elp\u00e1rtolnak? Miel\u0151tt friss\u00edtenek?<\/p>\n<p>A mesters\u00e9ges intelligencia a viselked\u00e9si mint\u00e1kat vizsg\u00e1lja:\n<ul>\n<li>Milyen funkci\u00f3kat haszn\u00e1lnak a power userek?<\/li>\n<li>Mi az \u00fat a pr\u00f3baverzi\u00f3t\u00f3l a fizet\u0151s v\u00e1s\u00e1rl\u00f3ig?<\/li>\n<li>Melyek azok a marketingfog\u00e1sok, amelyek azel\u0151tt t\u00f6rt\u00e9nnek, hogy valaki \u00e1tv\u00e1ltozna?<\/li>\n<li>Milyen viselked\u00e9sbeli v\u00e1ltoz\u00e1sok jelzik, hogy valaki t\u00e1vozni k\u00e9sz\u00fcl?<\/li>\n<li>Milyen term\u00e9keket v\u00e1s\u00e1rolnak egy\u00fctt?<\/li>\n<\/ul>\n<\/p>\n\n<p>Ez nem tal\u00e1lgat\u00e1s. Ez nem tal\u00e1lgat\u00e1s, hanem t\u00e9nyleges mint\u00e1zatokat tal\u00e1lunk az adatokban arr\u00f3l, hogy az \u00fcgyfelek viselked\u00e9se milyen eredm\u00e9nyeket jelez el\u0151re.<\/p>\n<p>Ezek a mint\u00e1k szab\u00e1lyokk\u00e1 v\u00e1lnak. Ha egy \u00fcgyf\u00e9l megfelel a mint\u00e1nak, akkor tudja, hogy mi fog t\u00f6rt\u00e9nni a k\u00f6vetkez\u0151 l\u00e9p\u00e9sk\u00e9nt. \u00c9s m\u00e9g azel\u0151tt tudsz cselekedni, hogy ez megt\u00f6rt\u00e9nne.<\/p>\n\n\n<h4 class=\"wp-block-heading\">Viselked\u00e9s szerinti szegment\u00e1l\u00e1s<\/h4>\n\n\n<p>Felejtsd el a demogr\u00e1fiai adatokat. A mesters\u00e9ges intelligencia aszerint szegment\u00e1l, hogy mit csin\u00e1lnak az \u00fcgyfelek:\n<ul>\n<li><strong>Teljes\u00edtm\u00e9nyfelhaszn\u00e1l\u00f3k:<\/strong> Magas elk\u00f6telezetts\u00e9g, a funkci\u00f3k intenz\u00edv haszn\u00e1lata, val\u00f3sz\u00edn\u0171leg aj\u00e1nlanak m\u00e1sokat is<\/li>\n<li><strong>Vesz\u00e9lyeztetett:<\/strong> Cs\u00f6kken\u0151 haszn\u00e1lat, t\u00e1mogat\u00e1si jegyek, elmaradt fizet\u00e9sek, elv\u00e1ndorl\u00e1st jelz\u0151 mint\u00e1k<\/li>\n<li><strong>N\u00f6veked\u00e9si potenci\u00e1l:<\/strong> Alapvet\u0151 funkci\u00f3kat haszn\u00e1lnak, de jel\u00e9t mutatj\u00e1k, hogy friss\u00edten\u00e9nek<\/li>\n<li><strong>Nagy \u00e9rt\u00e9k:<\/strong> Nagy \u00f6sszeg\u0171 v\u00e1s\u00e1rl\u00e1sok, gyakori \u00fajb\u00f3li megrendel\u00e9sek, hossz\u00fa megb\u00edz\u00e1si id\u0151<\/li>\n<li><strong>\u00c1r\u00e9rz\u00e9keny:<\/strong> Csak kedvezm\u00e9nyesen v\u00e1s\u00e1roljon, hagyja el a kosarat az \u00e1r miatt, hasonl\u00edtsa \u00f6ssze a versenyt\u00e1rsakat<\/li>\n<\/ul>\n<\/p>\n\n<p>Ezek a szegmensek el\u0151re jelzik az eredm\u00e9nyeket. M\u00e1sk\u00e9pp marketingeljen a nagy teljes\u00edtm\u00e9ny\u0171 felhaszn\u00e1l\u00f3knak, mint a vesz\u00e9lyeztetett \u00fcgyfeleknek. K\u00fcl\u00f6nb\u00f6z\u0151 \u00fczenetek. M\u00e1s aj\u00e1nlatok. M\u00e1s csatorn\u00e1k.<\/p>\n<p>A viselked\u00e9si szegmensek az\u00e9rt m\u0171k\u00f6dnek, mert azon alapulnak, hogy az emberek mit tesznek, nem pedig azon, hogy kik \u0151k.<\/p>\n\n\n<h4 class=\"wp-block-heading\">Churn el\u0151rejelz\u00e9s<\/h4>\n\n\n<p>A legt\u00f6bb v\u00e1llalat akkor tudja meg, hogy egy \u00fcgyf\u00e9l elp\u00e1rtolt, amikor m\u00e1r elment. Akkor m\u00e1r t\u00fal k\u00e9s\u0151 megmenteni \u0151ket.<\/p>\n<p>A mesters\u00e9ges intelligencia el\u0151re jelzi az elv\u00e1ndorl\u00e1st, miel\u0151tt az megt\u00f6rt\u00e9nne:\n<ul>\n<li>Haszn\u00e1lat cs\u00f6kken\u00e9se<\/li>\n<li>Bejelentkez\u00e9si gyakoris\u00e1g cs\u00f6kken<\/li>\n<li>A t\u00e1mogat\u00e1si jegyek sz\u00e1ma n\u00f6vekszik<\/li>\n<li>Az e-mailekkel val\u00f3 elk\u00f6telezetts\u00e9g le\u00e1ll\u00edt\u00e1sa<\/li>\n<li>Fizet\u00e9si k\u00e9sedelmek vagy sikertelen d\u00edjak<\/li>\n<\/ul>\n<\/p>\n\n<p>Ha t\u00f6bb figyelmeztet\u0151 jel egy\u00fcttesen jelenik meg, a mesters\u00e9ges intelligencia kock\u00e1zatosnak jelzi az \u00fcgyfelet. Az \u00d6n csapata proakt\u00edvan l\u00e9p fel. Aj\u00e1nljon seg\u00edts\u00e9get. Megoldja a probl\u00e9m\u00e1kat. \u00d6szt\u00f6n\u00f6zze a marad\u00e1sra.<\/p>\n<p>Nem menthetsz meg mindenkit. De megmentheted azokat, akik megmenthet\u0151k - ha tudod, hogy elmennek, miel\u0151tt m\u00e9g elmentek volna.<\/p>\n\n\n<h4 class=\"wp-block-heading\">\u00dcgyf\u00e9l \u00e9letciklus\u00e9rt\u00e9k pontoz\u00e1s<\/h4>\n\n\n<p>Nem minden \u00fcgyf\u00e9l \u00e9r ugyanannyit. N\u00e9h\u00e1nyan egyszer v\u00e1s\u00e1rolnak \u00e9s elt\u0171nnek. M\u00e1sok \u00e9vekig maradnak \u00e9s bar\u00e1tokat aj\u00e1nlanak.<\/p>\n<p>A mesters\u00e9ges intelligencia a k\u00f6vetkez\u0151k alapj\u00e1n sz\u00e1m\u00edtja ki az \u00e9lettartam-\u00e9rt\u00e9ket:\n<ul>\n<li>V\u00e1s\u00e1rl\u00e1s gyakoris\u00e1ga \u00e9s \u00f6sszege<\/li>\n<li>Term\u00e9k\u00f6sszet\u00e9tel \u00e9s \u00e1rr\u00e9s<\/li>\n<li>B\u00e9rleti jogviszony \u00e9s megtart\u00e1si mint\u00e1k<\/li>\n<li>T\u00e1mogat\u00e1si k\u00f6lts\u00e9gek<\/li>\n<li>Referral viselked\u00e9s<\/li>\n<\/ul>\n<\/p>\n\n<p>A magas LTV-\u00e9rt\u00e9k\u0171 \u00fcgyfelek nagyobb figyelmet kapnak. T\u00f6bb t\u00e1mogat\u00e1s. Nagyobb el\u00e9r\u00e9s. Jobb aj\u00e1nlatok, hogy boldogok maradjanak.<\/p>\n<p>Az alacsony LTV-\u00e9rt\u00e9k\u0171 \u00fcgyfeleket nem hagyjuk figyelmen k\u00edv\u00fcl, de nem ford\u00edtunk r\u00e1juk ar\u00e1nytalanul nagy er\u0151fesz\u00edt\u00e9seket. Az er\u0151forr\u00e1sok oda ker\u00fclnek, ahol megt\u00e9r\u00fclnek.<\/p>\n\n\n<h4 class=\"wp-block-heading\">Cross-Sell &amp; Upsell lehet\u0151s\u00e9gek<\/h4>\n\n\n<p>Mely \u00fcgyfeleket pr\u00f3b\u00e1lja meg feljebb \u00e9rt\u00e9kes\u00edteni? Mit kellene aj\u00e1nlania?<\/p>\n<p>A mesters\u00e9ges intelligencia a v\u00e1s\u00e1rl\u00e1si szok\u00e1sokat vizsg\u00e1lja:\n<ul>\n<li>Azok a v\u00e1s\u00e1rl\u00f3k, akik A term\u00e9ket v\u00e1s\u00e1roltak, gyakran v\u00e1s\u00e1rolnak B term\u00e9ket is legk\u00f6zelebb.<\/li>\n<li>A Basic csomagot haszn\u00e1l\u00f3k bizonyos haszn\u00e1lati k\u00fcsz\u00f6b\u00e9rt\u00e9kek el\u00e9r\u00e9sekor friss\u00edtenek.<\/li>\n<li>Ebben az ipar\u00e1gban az \u00fcgyfelek jellemz\u0151en 3 h\u00f3nap eltelt\u00e9vel adj\u00e1k hozz\u00e1 ezeket a funkci\u00f3kat.<\/li>\n<li>Az X funkci\u00f3val val\u00f3 magas elk\u00f6telezetts\u00e9g \u00f6sszef\u00fcgg az Y kieg\u00e9sz\u00edt\u0151 megv\u00e1s\u00e1rl\u00e1s\u00e1val<\/li>\n<\/ul>\n<\/p>\n\n<p>Ezek a mint\u00e1k aj\u00e1nl\u00e1sokk\u00e1 v\u00e1lnak. Mutassa meg a megfelel\u0151 aj\u00e1nlatot a megfelel\u0151 \u00fcgyf\u00e9lnek a megfelel\u0151 id\u0151ben. Nem a sz\u00f3rjuk \u00e9s sz\u00f3rjuk prom\u00f3ci\u00f3kat. C\u00e9lzott javaslatok, amelyek azon alapulnak, hogy a hasonl\u00f3 \u00fcgyfelek t\u00e9nylegesen mit v\u00e1s\u00e1roltak.<\/p>\n\n\n<h4 class=\"wp-block-heading\">Customer Journey Mapping<\/h4>\n\n\n<p>Hogyan mozognak az \u00fcgyfelek val\u00f3j\u00e1ban a t\u00f6lcs\u00e9ren kereszt\u00fcl? Nem az \u00d6n \u00e1ltal tervezett \u00fatvonalon. Az \u00fat, amit \u0151k tesznek meg.<\/p>\n<p>Az AI val\u00f3di p\u00e1ly\u00e1kat t\u00e9rk\u00e9pez fel:\n<ul>\n<li>Mely \u00e9rintkez\u00e9si pontok sz\u00e1m\u00edtanak a legt\u00f6bbet?<\/li>\n<li>Hol akadnak el az emberek?<\/li>\n<li>Mi a k\u00fcl\u00f6nbs\u00e9g a konvert\u00e1l\u00f3 \u00fcgyfelek \u00e9s a nem konvert\u00e1l\u00f3 \u00fcgyfelek k\u00f6z\u00f6tt?<\/li>\n<li>Mennyi ideig tartanak val\u00f3j\u00e1ban az egyes szakaszok?<\/li>\n<li>Mely l\u00e9p\u00e9seket lehet kihagyni an\u00e9lk\u00fcl, hogy a konverzi\u00f3 s\u00e9r\u00fclne?<\/li>\n<\/ul>\n<\/p>\n\n<p>A t\u00e9nyleges \u00fcgyf\u00e9lutat l\u00e1tja, nem pedig a felt\u00e9telezettet. Ezut\u00e1n a val\u00f3s\u00e1g alapj\u00e1n optimaliz\u00e1l.<\/p>\n\n\n<hr class=\"wp-block-separator has-alpha-channel-opacity\"\/>\n\n\n\n<h3 class=\"wp-block-heading\">Mit jelent ez az \u00d6n sz\u00e1m\u00e1ra<\/h3>\n\n\n\n<h4 class=\"wp-block-heading\">CMO-k sz\u00e1m\u00e1ra<\/h4>\n\n\n<p>A marketingkiad\u00e1sok a t\u00e9nylegesen konvert\u00e1l\u00f3 szegmensekbe ker\u00fclnek. Nincs t\u00f6bb\u00e9 t\u00f6meges kamp\u00e1ny abban a rem\u00e9nyben, hogy valami megragad.<\/p>\n<p>L\u00e1thatja, hogy mely csatorn\u00e1k \u00e9s kamp\u00e1nyok vezetnek nagy \u00e9rt\u00e9k\u0171 \u00fcgyfeleket, nem csak ak\u00e1rmilyen \u00fcgyfeleket. A k\u00f6lts\u00e9gvet\u00e9s a ROI-t k\u00f6veti, nem a tal\u00e1lgat\u00e1sokat.<\/p>\n<p>A megtart\u00e1s javul, mert az elv\u00e1ndorl\u00e1s kock\u00e1zat\u00e1t kor\u00e1n felismeri. Az \u00fcgyfelek megtart\u00e1sa olcs\u00f3bb, mint \u00fajakat szerezni. A mesters\u00e9ges intelligencia seg\u00edt megtartani azokat, akiket \u00e9rdemes megtartani.<\/p>\n<p>\u00d6n a viselked\u00e9si mint\u00e1k, nem pedig a v\u00e9lem\u00e9nyek alapj\u00e1n hoz d\u00f6nt\u00e9seket. Kevesebb vitatkoz\u00e1s a strat\u00e9gi\u00e1r\u00f3l, t\u00f6bb tesztel\u00e9s, hogy az adatok szerint mi m\u0171k\u00f6dik.<\/p>\n\n\n<h4 class=\"wp-block-heading\">A marketingesek sz\u00e1m\u00e1ra<\/h4>\n\n\n<p>Olyan szegmensek, amelyek val\u00f3ban jelentenek valamit. Nem \u00f6nk\u00e9nyes demogr\u00e1fiai dobozok, hanem olyan csoportok, amelyek m\u00e1sk\u00e9pp viselkednek \u00e9s m\u00e1s \u00fczenetekre reag\u00e1lnak.<\/p>\n<p>Tudja, hogy mely \u00fcgyfeleket milyen kamp\u00e1nyokkal c\u00e9lozza meg. A fel\u00e9rt\u00e9kel\u0151 kamp\u00e1nyok a n\u00f6veked\u00e9si potenci\u00e1llal rendelkez\u0151 \u00fcgyfeleknek sz\u00f3lnak. A megtart\u00e1si kamp\u00e1nyok a vesz\u00e9lyeztetett \u00fcgyfeleknek sz\u00f3lnak. K\u00fcl\u00f6nb\u00f6z\u0151 strat\u00e9gi\u00e1k a k\u00fcl\u00f6nb\u00f6z\u0151 szegmensekhez.<\/p>\n<p>Szem\u00e9lyre szab\u00e1s, amely m\u0171k\u00f6dik, mert a viselked\u00e9sen alapul. Nem tal\u00e1lgatja, hogy mi az, ami rezon\u00e1l. Olyan \u00fcgyfelek mint\u00e1it haszn\u00e1lod, akik m\u00e1r \u00e1tv\u00e1ltottak.<\/p>\n\n\n<h4 class=\"wp-block-heading\">Az \u00fcgyf\u00e9lsiker-csapatok sz\u00e1m\u00e1ra<\/h4>\n\n\n<p>Tudja, hogy kinek van sz\u00fcks\u00e9ge seg\u00edts\u00e9gre, miel\u0151tt m\u00e9g felborulna. Proakt\u00edv el\u00e9r\u00e9s a reakt\u00edv k\u00e1relh\u00e1r\u00edt\u00e1s helyett.<\/p>\n<p>A nagy \u00e9rt\u00e9k\u0171 \u00fcgyfelek priorit\u00e1st kapnak. Tudja, hogy kik azok, akiket \u00e9rdemes extra er\u0151fesz\u00edt\u00e9seket tenni a megtart\u00e1suk \u00e9rdek\u00e9ben. Az er\u0151forr\u00e1sok oda mennek, ahol a legt\u00f6bbet sz\u00e1m\u00edtanak.<\/p>\n<p>Megl\u00e1tja a mint\u00e1kat, hogy az \u00fcgyfelek mi\u00e9rt sikeresek vagy buknak el. Ez a tud\u00e1s visszak\u00f6sz\u00f6n az \u00fcgyf\u00e9lbevezet\u00e9sben \u00e9s a term\u00e9kfejleszt\u00e9sben.<\/p>\n\n\n<h4 class=\"wp-block-heading\">Az \u00fczlet sz\u00e1m\u00e1ra<\/h4>\n\n\n<p>A jobb megtart\u00e1s kisz\u00e1m\u00edthat\u00f3bb bev\u00e9telt jelent. Az elv\u00e1ndorl\u00e1s cs\u00f6kken, ha id\u0151ben \u00e9szleli a probl\u00e9m\u00e1kat.<\/p>\n<p>Magasabb \u00e1tlagos rendel\u00e9si \u00e9rt\u00e9k, mivel a kereszt\u00e9rt\u00e9kes\u00edt\u00e9sek \u00e9s az upsells c\u00e9lzottan t\u00f6rt\u00e9nnek. Nem ideges\u00edted a v\u00e1s\u00e1rl\u00f3kat irrelev\u00e1ns aj\u00e1nlatokkal - olyan term\u00e9keket mutatsz nekik, amelyeket val\u00f3ban szeretn\u00e9nek.<\/p>\n<p>Az akviz\u00edci\u00f3 hat\u00e9konys\u00e1ga javul, ha tudja, hogy mely \u00fcgyf\u00e9lt\u00edpusok a leg\u00e9rt\u00e9kesebbek. Nem csak a mennyis\u00e9gre, hanem a min\u0151s\u00e9gre is optimaliz\u00e1lhat.<\/p>\n\n\n<hr class=\"wp-block-separator has-alpha-channel-opacity\"\/>\n\n\n\n<h3 class=\"wp-block-heading\">Val\u00f3s p\u00e9ld\u00e1k az \u00fcgyf\u00e9lismereti AI-re<\/h3>\n\n\n\n<h4 class=\"wp-block-heading\">P\u00e9lda 1: SaaS v\u00e1llalat<\/h4>\n\n\n<p>Egy el\u0151fizet\u00e9ses szoftvergy\u00e1rt\u00f3 v\u00e1llalat \u00e9ves szinten 12% volt. Tudt\u00e1k, hogy a lemorzsol\u00f3d\u00e1s magas, de nem tudt\u00e1k, hogy ki \u00e9s mi\u00e9rt hagyja el a c\u00e9get.<\/p>\n<p><strong>Mi v\u00e1ltozott:<\/strong> A mesters\u00e9ges intelligencia elemezte az elp\u00e1rtolt \u00fcgyfelek viselked\u00e9si mint\u00e1it. Meg\u00e1llap\u00edtotta, hogy a cs\u00f6kken\u0151 bejelentkez\u00e9si gyakoris\u00e1g \u00e9s a megn\u00f6vekedett \u00fcgyf\u00e9lszolg\u00e1lati jegyek 73% kil\u00e9p\u00e9st jeleztek el\u0151re 30 nappal a kil\u00e9p\u00e9s bek\u00f6vetkez\u00e9se el\u0151tt.<\/p>\n<p><strong>Eredm\u00e9ny:<\/strong> Az \u00fcgyf\u00e9lsiker-csapat proakt\u00edvan kereste meg a kock\u00e1zatos \u00fcgyfeleket. Extra k\u00e9pz\u00e9st k\u00edn\u00e1ltak, probl\u00e9m\u00e1kkal foglalkoztak, \u00f6szt\u00f6nz\u0151ket biztos\u00edtottak. Az elv\u00e1ndorl\u00e1s 6 h\u00f3napon bel\u00fcl 8,5%-re cs\u00f6kkent.<\/p>\n\n\n<h4 class=\"wp-block-heading\">P\u00e9lda 2: E-kereskedelmi v\u00e1llalat<\/h4>\n\n\n<p>Egy online kiskeresked\u0151 mindenkinek ugyanazt a prom\u00f3ci\u00f3s e-mailt k\u00fcldte. Kedvezm\u00e9nyeket minden v\u00e1s\u00e1rl\u00f3nak, f\u00fcggetlen\u00fcl a v\u00e1s\u00e1rl\u00e1si magatart\u00e1st\u00f3l.<\/p>\n<p><strong>Mi v\u00e1ltozott:<\/strong> A mesters\u00e9ges intelligencia viselked\u00e9s szerint szegment\u00e1lja az \u00fcgyfeleket. A nagy \u00e9rt\u00e9k\u0171 \u00fcgyfelek korai hozz\u00e1f\u00e9r\u00e9st \u00e9s exkluz\u00edv term\u00e9keket kaptak. Az \u00e1r\u00e9rz\u00e9keny \u00fcgyfelek kedvezm\u00e9nyeket kaptak. A gyakori v\u00e1s\u00e1rl\u00f3k h\u0171s\u00e9gjutalmat kaptak.<\/p>\n<p><strong>Eredm\u00e9ny:<\/strong> Az \u00e1tlagos rendel\u00e9si \u00e9rt\u00e9k 18% n\u0151tt, mivel a nagy \u00e9rt\u00e9k\u0171 v\u00e1s\u00e1rl\u00f3k nem voltak arra kik\u00e9pezve, hogy v\u00e1rjanak a kedvezm\u00e9nyekre. Az \u00e1rr\u00e9s javult, mert a kedvezm\u00e9nyek csak az \u00e1r\u00e9rz\u00e9keny szegmensekre vonatkoztak.<\/p>\n\n\n<h4 class=\"wp-block-heading\">P\u00e9lda 3: B2B szolg\u00e1ltat\u00f3 v\u00e1llalat<\/h4>\n\n\n<p>Egy professzion\u00e1lis szolg\u00e1ltat\u00e1sokat ny\u00fajt\u00f3 c\u00e9gnek hossz\u00fa \u00e9rt\u00e9kes\u00edt\u00e9si ciklusai voltak. Nem tudta megj\u00f3solni, hogy melyik potenci\u00e1lis \u00fcgyf\u00e9l mikor fog \u00fczletet k\u00f6tni.<\/p>\n<p><strong>Mi v\u00e1ltozott:<\/strong> Az AI elemezte a kor\u00e1bbi \u00fczleteket. Meg\u00e1llap\u00edtotta, hogy azok a potenci\u00e1lis \u00fcgyfelek, akik bizonyos t\u00edpus\u00fa tartalmakkal foglalkoztak, \u00e9s bizonyos \u00e9rdekelt felekkel interakci\u00f3ba l\u00e9ptek, 4x nagyobb val\u00f3sz\u00edn\u0171s\u00e9ggel k\u00f6t\u00f6ttek \u00fczletet.<\/p>\n<p><strong>Eredm\u00e9ny:<\/strong> Az \u00e9rt\u00e9kes\u00edt\u00e9si csapat az ilyen jeleket mutat\u00f3 \u00e9rdekl\u0151d\u0151kre \u00f6sszpontos\u00edtott. A nyer\u00e9si ar\u00e1ny 35%-vel n\u0151tt. Az \u00e9rt\u00e9kes\u00edt\u00e9si ciklus ler\u00f6vid\u00fclt, mert a k\u00e9pvisel\u0151k tudt\u00e1k, hogy a potenci\u00e1lis \u00fcgyfelek mikor \u00e1llnak k\u00e9szen a v\u00e1s\u00e1rl\u00e1sra.<\/p>\n\n\n<hr class=\"wp-block-separator has-alpha-channel-opacity\"\/>\n\n\n\n<h3 class=\"wp-block-heading\">Amit az AI nem fog megtenni<\/h3>\n\n\n<p>Legy\u00fcnk \u0151szint\u00e9k a korl\u00e1toz\u00e1sokkal kapcsolatban.<\/p>\n<p>A mesters\u00e9ges intelligencia mint\u00e1kat tal\u00e1l, de nem mondja meg, hogy mi\u00e9rt. Megmutathatja, hogy azok az \u00fcgyfelek, akik X-et csin\u00e1lnak, nagyobb val\u00f3sz\u00edn\u0171s\u00e9ggel v\u00e1ltanak ki, de nem magyar\u00e1zza meg a m\u00f6g\u00f6tte \u00e1ll\u00f3 pszichol\u00f3gi\u00e1t. A megl\u00e1t\u00e1sok \u00e9rtelmez\u00e9s\u00e9hez tov\u00e1bbra is emberi \u00edt\u00e9l\u0151k\u00e9pess\u00e9gre van sz\u00fcks\u00e9g.<\/p>\n<p>A mesters\u00e9ges intelligencia el\u0151rejelz\u00e9sei nem t\u00f6k\u00e9letesek. A 70-80% pontoss\u00e1g\u00fa elv\u00e1ndorl\u00e1s-el\u0151rejelz\u00e9s nagyon j\u00f3, de ez azt jelenti, hogy az el\u0151rejelz\u00e9sek 20-30% r\u00e9sze t\u00e9ves. Ne kezelje az AI-eredm\u00e9nyeket bizonyoss\u00e1gk\u00e9nt. Ezek val\u00f3sz\u00edn\u0171s\u00e9gek.<\/p>\n<p>A mesters\u00e9ges intelligencia nem tudja kijav\u00edtani a hib\u00e1s \u00fcgyf\u00e9l\u00e9lm\u00e9nyeket. Ha a term\u00e9ked nem m\u0171k\u00f6dik, vagy a szolg\u00e1ltat\u00e1sod rossz, vagy az \u00e1raz\u00e1sod rossz - az AI megmutatja a probl\u00e9m\u00e1t, de nem oldja meg. Az alapokat tov\u00e1bbra is meg kell jav\u00edtania.<\/p>\n<p>A mesters\u00e9ges intelligenci\u00e1nak pedig adatokra van sz\u00fcks\u00e9ge. Ha nem k\u00f6veti az \u00fcgyfelek viselked\u00e9s\u00e9t, nincs mit elemezni. Itt a \"szem\u00e9t be, szem\u00e9t ki\" elv \u00e9rv\u00e9nyes\u00fcl.<\/p>\n\n\n<hr class=\"wp-block-separator has-alpha-channel-opacity\"\/>\n\n\n\n<h3 class=\"wp-block-heading\">Hogyan kezdj\u00fcnk hozz\u00e1<\/h3>\n\n\n<p>Nem kell mindent egyszerre elemezni. Kezdje a nagy hat\u00e1s\u00fa ter\u00fcletekkel:\n<ul>\n<li><strong>Kezdje az elv\u00e1ndorl\u00e1s el\u0151rejelz\u00e9s\u00e9vel.<\/strong> Ennek azonnali megt\u00e9r\u00fcl\u00e9se van. Azonos\u00edtsa a vesz\u00e9lyeztetett \u00fcgyfeleket, proakt\u00edvan l\u00e9pjen kapcsolatba vel\u00fck, \u00e9s m\u00e9rje, hogy ez cs\u00f6kkenti-e az elv\u00e1ndorl\u00e1st.<\/li>\n<li><strong>Els\u0151 szegmens kamp\u00e1ny.<\/strong> Vegy\u00fcnk egy megl\u00e9v\u0151 kamp\u00e1nyt, \u00e9s osszuk fel viselked\u00e9si szegmensek szerint. N\u00e9zze meg, hogy a c\u00e9lzott \u00fczenetek jobban teljes\u00edtenek-e, mint az \u00e1ltal\u00e1nosak.<\/li>\n<li><strong>Elemezze a legjobb \u00fcgyfeleit.<\/strong> Mi a k\u00f6z\u00f6s a nagy \u00e9rt\u00e9k\u0171 \u00fcgyfelekben? Tal\u00e1lja meg a mint\u00e1t, majd keressen m\u00e9g t\u00f6bb ilyen \u00fcgyfelet.<\/li>\n<li><strong>T\u00e9rk\u00e9pezzen fel egy \u00fcgyf\u00e9lutat.<\/strong> V\u00e1lassza ki az alapvet\u0151 konverzi\u00f3s \u00fatvonalat. N\u00e9zze meg, hogy az \u00fcgyfelek hogyan haladnak v\u00e9gig rajta, szemben azzal, ahogyan \u00d6n gondolja.<\/li>\n<li><strong>Tesztelje a kereszt\u00e9rt\u00e9kes\u00edt\u00e9si aj\u00e1nl\u00e1sokat.<\/strong> Haszn\u00e1lja a mesters\u00e9ges intelligenci\u00e1t a k\u00f6vetkez\u0151 legjobb term\u00e9kek aj\u00e1nl\u00e1s\u00e1ra. Hasonl\u00edtsa \u00f6ssze a konverzi\u00f3t a v\u00e9letlenszer\u0171 vagy k\u00e9zi javaslatokkal.<\/li>\n<\/ul>\n<\/p>\n\n<p>Kezdje kicsiben. M\u00e9rje a hat\u00e1st. M\u00e9retezd, ami m\u0171k\u00f6dik. A c\u00e9l a megval\u00f3s\u00edthat\u00f3 megl\u00e1t\u00e1sok, nem pedig a t\u00f6k\u00e9letes modellek.<\/p>\n\n\n<hr class=\"wp-block-separator has-alpha-channel-opacity\"\/>\n\n\n\n<h3 class=\"wp-block-heading\">A l\u00e9nyeg<\/h3>\n\n\n<p>Az \u00fcgyfelek megl\u00e1t\u00e1sai a viselked\u00e9smint\u00e1kb\u00f3l sz\u00e1rmaznak. Mi a k\u00f6z\u00f6s azokban az \u00fcgyfelekben, akik v\u00e1s\u00e1rolnak, maradnak, friss\u00edtenek \u00e9s tov\u00e1bbk\u00fcldenek? Miben k\u00fcl\u00f6nb\u00f6znek azok, akik elv\u00e1ndorolnak?<\/p>\n<p>Az emberek nem k\u00e9pesek t\u00f6bb tucatnyi v\u00e1ltoz\u00f3ra kiterjed\u0151 mint\u00e1zatot tal\u00e1lni t\u00f6bb ezer \u00fcgyf\u00e9lben. A mesters\u00e9ges intelligencia igen.<\/p>\n<p>A strat\u00e9gia tov\u00e1bbra is a csapat\u00e1\u00e9. \u0150k d\u00f6ntenek arr\u00f3l, hogy mit tesznek a felismer\u00e9sekkel. \u0150k tervezik a kamp\u00e1nyokat \u00e9s az \u00fcgyf\u00e9l\u00e9lm\u00e9nyeket. \u0150k \u00e9rtelmezik az adatok jelent\u00e9s\u00e9t.<\/p>\n<p>De m\u00e1r nem tal\u00e1lgat\u00e1sokb\u00f3l indulnak ki. Az \u00fcgyfelek t\u00e9nyleges tev\u00e9kenys\u00e9g\u00e9nek mint\u00e1ib\u00f3l indulnak ki. Ez jobb c\u00e9lz\u00e1st, nagyobb megtart\u00e1st \u00e9s a val\u00f3s\u00e1gon alapul\u00f3 d\u00f6nt\u00e9seket jelent.<\/p>\n\n\n<hr class=\"wp-block-separator has-alpha-channel-opacity\"\/>\n\n\n\n<h3 class=\"wp-block-heading\">Szeretn\u00e9 jobban meg\u00e9rteni \u00fcgyfeleit?<\/h3>\n\n\n<p>Minden v\u00e1llalkoz\u00e1s m\u00e1s-m\u00e1s \u00fcgyf\u00e9ladatokkal rendelkezik. K\u00fcl\u00f6nb\u00f6z\u0151 viselked\u00e9si mint\u00e1k. K\u00fcl\u00f6nb\u00f6z\u0151 eredm\u00e9nyek sz\u00e1m\u00edtanak.<\/p>\n<p>Nem \u00e1ltal\u00e1nos \u00fcgyf\u00e9lelemz\u00e9seket \u00e1rulunk. Mi az \u00d6n adatait n\u00e9zz\u00fck. Azonos\u00edtjuk, hogy mely mint\u00e1k jelzik el\u0151re az \u00d6n v\u00e1llalkoz\u00e1s\u00e1nak eredm\u00e9nyeit. Olyan modelleket \u00e9p\u00edt\u00fcnk, amelyek v\u00e1laszt adnak az \u00d6n konkr\u00e9t k\u00e9rd\u00e9seire.<\/p>\n<p>Ezut\u00e1n \u00f6sszek\u00f6tj\u00fck a megl\u00e1t\u00e1sokat a marketingautomatiz\u00e1l\u00e1si, CRM- \u00e9s \u00fcgyf\u00e9lsiker-eszk\u00f6z\u00f6kkel. Csapata ott l\u00e1tja a szegmenseket \u00e9s el\u0151rejelz\u00e9seket, ahol dolgozik. Azonnal cselekszenek a megl\u00e1t\u00e1sok alapj\u00e1n.<\/p>\n<p>Nincs hype. Nem \u00edg\u00e9r\u00fcnk t\u00f6k\u00e9letes el\u0151rejelz\u00e9seket. Csak az \u00fcgyfelek viselked\u00e9s\u00e9nek jobb meg\u00e9rt\u00e9se, hogy jobb d\u00f6nt\u00e9seket hozhasson.<\/p>\n\n<p><a href=\"https:\/\/www.leaplytics.de\/hu\/kontakt\/\">Besz\u00e9lj\u00fcnk az \u00fcgyf\u00e9ladatokr\u00f3l<\/a><\/p>\n\n<p><a href=\"https:\/\/www.leaplytics.de\/hu\/marketing-ertekesites-ai\/\">Vissza a Marketing \u00e9s \u00e9rt\u00e9kes\u00edt\u00e9si AI oldalra<\/a><\/p>","protected":false},"excerpt":{"rendered":"<p>AI for Customer Insights &#038; Segmentation: Stop Guessing What Customers Want You have customer data. Purchase history. Website behavior. Email engagement. CRM notes. Support tickets. Product usage logs. All that data should tell you who your best customers are. What they need. When they&#8217;re about to leave. Who&#8217;s ready to buy more. But turning data &hellip; <\/p>","protected":false},"author":2,"featured_media":0,"parent":0,"menu_order":0,"comment_status":"closed","ping_status":"closed","template":"","meta":{"footnotes":""},"class_list":["post-14478","page","type-page","status-publish","hentry","latest_post"],"_links":{"self":[{"href":"https:\/\/www.leaplytics.de\/hu\/wp-json\/wp\/v2\/pages\/14478","targetHints":{"allow":["GET"]}}],"collection":[{"href":"https:\/\/www.leaplytics.de\/hu\/wp-json\/wp\/v2\/pages"}],"about":[{"href":"https:\/\/www.leaplytics.de\/hu\/wp-json\/wp\/v2\/types\/page"}],"author":[{"embeddable":true,"href":"https:\/\/www.leaplytics.de\/hu\/wp-json\/wp\/v2\/users\/2"}],"replies":[{"embeddable":true,"href":"https:\/\/www.leaplytics.de\/hu\/wp-json\/wp\/v2\/comments?post=14478"}],"version-history":[{"count":1,"href":"https:\/\/www.leaplytics.de\/hu\/wp-json\/wp\/v2\/pages\/14478\/revisions"}],"predecessor-version":[{"id":14486,"href":"https:\/\/www.leaplytics.de\/hu\/wp-json\/wp\/v2\/pages\/14478\/revisions\/14486"}],"wp:attachment":[{"href":"https:\/\/www.leaplytics.de\/hu\/wp-json\/wp\/v2\/media?parent=14478"}],"curies":[{"name":"wp","href":"https:\/\/api.w.org\/{rel}","templated":true}]}}