{"id":14493,"date":"2025-12-19T01:59:35","date_gmt":"2025-12-19T00:59:35","guid":{"rendered":"https:\/\/www.leaplytics.de\/?page_id=14493"},"modified":"2025-12-19T01:59:36","modified_gmt":"2025-12-19T00:59:36","slug":"ellatasi-lanc-leltarkezeles-ai","status":"publish","type":"page","link":"https:\/\/www.leaplytics.de\/hu\/ellatasi-lanc-leltarkezeles-ai\/","title":{"rendered":"Ell\u00e1t\u00e1si l\u00e1nc \u00e9s k\u00e9szletgazd\u00e1lkod\u00e1s AI"},"content":{"rendered":"<h2>AI az ell\u00e1t\u00e1si l\u00e1nc \u00e9s a k\u00e9szletgazd\u00e1lkod\u00e1s sz\u00e1m\u00e1ra<\/h2>\n\n<p>A k\u00e9szlet vagy t\u00fal magas, vagy t\u00fal alacsony. Soha nem megfelel\u0151.<\/p>\n<p>T\u00fal sok a k\u00e9szlet? A polcokon rekedt k\u00e9szp\u00e9nz. A rakt\u00e1roz\u00e1si k\u00f6lts\u00e9gek felem\u00e9sztik a profitot. A term\u00e9kek elad\u00e1s el\u0151tt el\u00f6regednek.<\/p>\n<p>T\u00fal kev\u00e9s? K\u00e9szlethi\u00e1ny. Elveszett elad\u00e1sok. D\u00fch\u00f6s v\u00e1s\u00e1rl\u00f3k. S\u00fcrg\u0151s megrendel\u00e9sek, pr\u00e9mium \u00e1ron.<\/p>\n<p>Ek\u00f6zben \u00d6n megpr\u00f3b\u00e1lja megj\u00f3solni a keresletet, nyomon k\u00f6vetni a sz\u00e1ll\u00edtm\u00e1nyokat t\u00f6bb besz\u00e1ll\u00edt\u00f3 k\u00f6z\u00f6tt, \u00e9s kital\u00e1lni, hogy mikor kell \u00fajrarendelni - mik\u00f6zben a piac folyamatosan v\u00e1ltozik.<\/p>\n<p>Az AI nem tudja t\u00f6k\u00e9letess\u00e9 tenni az ell\u00e1t\u00e1si l\u00e1ncot. De jobb\u00e1 teheti a d\u00f6nt\u00e9seit. Mindent egyszerre fel\u00fcgyel. Megl\u00e1tja a mint\u00e1kat a m\u00faltbeli adatokban. Figyelmeztet a probl\u00e9m\u00e1kra, miel\u0151tt azok v\u00e1ls\u00e1gg\u00e1 v\u00e1ln\u00e1nak.<\/p>\n<p>Ez nem arr\u00f3l sz\u00f3l, hogy lecser\u00e9lj\u00fck az ell\u00e1t\u00e1si l\u00e1nc csapat\u00e1t. Hanem arr\u00f3l, hogy \u00e1tl\u00e1that\u00f3s\u00e1got \u00e9s jobb el\u0151rejelz\u00e9seket adjunk nekik, hogy hat\u00e9konyabban v\u00e9gezhess\u00e9k a munk\u00e1jukat.<\/p>\n\n\n<hr class=\"wp-block-separator has-alpha-channel-opacity\"\/>\n\n\n\n<h3 class=\"wp-block-heading\">Az igazi probl\u00e9ma a k\u00e9szletgazd\u00e1lkod\u00e1ssal<\/h3>\n\n\n<p>Minden SKU m\u00e1s \u00e9s m\u00e1s. N\u00e9h\u00e1ny gyorsan mozog. N\u00e9h\u00e1ny lassan mozog. N\u00e9h\u00e1ny szezon\u00e1lis. N\u00e9h\u00e1nyan olyan trendeket k\u00f6vetnek, amelyeket senki sem l\u00e1tott el\u0151re.<\/p>\n<p>A tervez\u0151i megpr\u00f3b\u00e1lj\u00e1k mindezt egyens\u00falyba hozni. Megn\u00e9zik a tavalyi sz\u00e1mokat. Figyelembe veszik a n\u00f6veked\u00e9st. Figyelembe veszik az akci\u00f3kat. Kiigaz\u00edtj\u00e1k az ismert esem\u00e9nyeket.<\/p>\n<p>De t\u00fal sok a v\u00e1ltoz\u00f3. T\u00fal sok SKU. T\u00fal sok mi van, ha. A t\u00e1bl\u00e1zatkezel\u0151 csak ennyit tud tenni.<\/p>\n<p>Eredm\u00e9ny? T\u00fal sokat rendelsz abb\u00f3l, amit nem tudsz eladni. T\u00fal keveset abb\u00f3l, amit a v\u00e1s\u00e1rl\u00f3k akarnak. A p\u00e9nzforgalom mindk\u00e9t ir\u00e1nyban szenved.<\/p>\n<p>\u00c9s a besz\u00e1ll\u00edt\u00f3k sem seg\u00edtenek. V\u00e1ltoz\u00f3 \u00e1tfut\u00e1si id\u0151k. Min\u0151s\u00e9gi probl\u00e9m\u00e1k, amelyek miatt \u00fajra kell rendelni. K\u00e9s\u0151n \u00e9rkez\u0151 sz\u00e1ll\u00edtm\u00e1nyok figyelmeztet\u00e9s n\u00e9lk\u00fcl.<\/p>\n<p>Csapata az idej\u00e9nek fel\u00e9t azzal t\u00f6lti, hogy nyomon k\u00f6veti, hol tartanak a dolgok, ahelyett, hogy megtervezn\u00e9, mi k\u00f6vetkezik.<\/p>\n\n\n<hr class=\"wp-block-separator has-alpha-channel-opacity\"\/>\n\n\n\n<h3 class=\"wp-block-heading\">Mit tesz a mesters\u00e9ges intelligencia az ell\u00e1t\u00e1si l\u00e1nc \u00e9s a k\u00e9szletez\u00e9s sz\u00e1m\u00e1ra<\/h3>\n\n\n<p>A mesters\u00e9ges intelligencia mintafelismer\u00e9s m\u00e9retar\u00e1nyosan. Az \u00d6n ell\u00e1t\u00e1si l\u00e1nca rengeteg adatot gener\u00e1l. A mesters\u00e9ges intelligencia megtal\u00e1lja azokat a mint\u00e1kat, amelyeket az emberek nem l\u00e1tnak - vagy nincs idej\u00fck keresni.<\/p>\n\n\n<h4 class=\"wp-block-heading\">Val\u00f3j\u00e1ban m\u0171k\u00f6d\u0151 kereslet-el\u0151rejelz\u00e9s<\/h4>\n\n\n<p>A mesters\u00e9ges intelligencia megvizsg\u00e1lja a kor\u00e1bbi \u00e9rt\u00e9kes\u00edt\u00e9si adatokat. Nem csak a tavalyi \u00e9vet, hanem t\u00f6bb \u00e9vet is. Azonos\u00edtja:<\/p>\n<ul>\n<li>Szezon\u00e1lis mint\u00e1k (havi, heti, ak\u00e1r napi ciklusok)<\/li>\n<li>N\u00f6veked\u00e9si trendek \u00e9s azok v\u00e1ltoz\u00e1sa<\/li>\n<li>Az akci\u00f3k \u00e9s \u00e1rv\u00e1ltoz\u00e1sok hat\u00e1sa<\/li>\n<li>Hogyan befoly\u00e1solj\u00e1k a k\u00fcls\u0151 t\u00e9nyez\u0151k (id\u0151j\u00e1r\u00e1s, esem\u00e9nyek, piaci felt\u00e9telek) a keresletet?<\/li>\n<li>A term\u00e9kek k\u00f6z\u00f6tti \u00f6sszef\u00fcgg\u00e9sek (mit adnak el egy\u00fctt)<\/li>\n<\/ul>\n\n<p>Ezut\u00e1n el\u0151rejelz\u00e9st k\u00e9sz\u00edt. Nem t\u00f6k\u00e9letes - semmi sem az -, de pontosabb, mint a k\u00e9zi m\u00f3dszerek.<\/p>\n<p>Ami m\u00e9g fontosabb, hogy folyamatosan friss\u00fcl, amint \u00faj adatok \u00e9rkeznek. A m\u00falt havi t\u00e9nyleges elad\u00e1sok? M\u00e1r figyelembe vett\u00fck. Piaci v\u00e1ltoz\u00e1st \u00e9szlelt? Az el\u0151rejelz\u00e9s m\u00f3dosul.<\/p>\n<p>A tervez\u0151i jobb kiindul\u00e1si sz\u00e1mokat kapnak. M\u00e9g mindig alkalmaznak \u00edt\u00e9letet. M\u00e9g mindig alkalmazkodnak olyan dolgokhoz, amelyeket a mesters\u00e9ges intelligencia nem ismerhet. De nem kezdik minden alkalommal a null\u00e1r\u00f3l.<\/p>\n\n\n<h4 class=\"wp-block-heading\">A val\u00f3s\u00e1gon alapul\u00f3 k\u00e9szletoptimaliz\u00e1l\u00e1s<\/h4>\n\n\n<p>Minden SKU m\u00e1s-m\u00e1s kezel\u00e9st ig\u00e9nyel. A gyorsforgalm\u00fa term\u00e9keknek rendelkez\u00e9sre \u00e1ll\u00e1sra van sz\u00fcks\u00e9g\u00fck. A lass\u00fa mozg\u00e1s\u00faaknak szoros ellen\u0151rz\u00e9sre van sz\u00fcks\u00e9g\u00fck. A kritikus cikkeknek biztons\u00e1gi k\u00e9szletre van sz\u00fcks\u00e9g\u00fck. A kis \u00e9rt\u00e9k\u0171 t\u00e9telekn\u00e9l fenn\u00e1ll a k\u00e9szlethi\u00e1ny kock\u00e1zata.<\/p>\n<p>A mesters\u00e9ges intelligencia kisz\u00e1m\u00edtja az optim\u00e1lis k\u00e9szletszinteket az egyes SKU-khoz a k\u00f6vetkez\u0151k alapj\u00e1n:<\/p>\n<ul>\n<li>Keresleti mint\u00e1k \u00e9s v\u00e1ltoz\u00e9konys\u00e1g<\/li>\n<li>Besz\u00e1ll\u00edt\u00f3i \u00e1tfut\u00e1si id\u0151k (t\u00e9nyleges, nem \u00edg\u00e9rt)<\/li>\n<li>Megrendel\u00e9si k\u00f6lts\u00e9gek kontra birtokl\u00e1si k\u00f6lts\u00e9gek<\/li>\n<li>Szolg\u00e1ltat\u00e1si szintc\u00e9lok (mennyi k\u00e9szletkimarad\u00e1s kock\u00e1zata elfogadhat\u00f3)<\/li>\n<li>T\u00e1rol\u00e1si korl\u00e1tok \u00e9s k\u00f6lts\u00e9gek<\/li>\n<\/ul>\n\n<p>\u00dajrarendel\u00e9si pontokat \u00e9s rendel\u00e9si mennyis\u00e9geket javasol. Nem mindenre ugyanazt - az egyes t\u00e9telek egyedi helyzet\u00e9re szabottan.<\/p>\n<p>Eredm\u00e9ny? Kevesebb teljes k\u00e9szlet. Kevesebb k\u00e9szletkimarad\u00e1s. Jobb k\u00e9szp\u00e9nzforgalom. A vev\u0151knek val\u00f3ban sz\u00fcks\u00e9ges dolgok vannak rakt\u00e1ron.<\/p>\n\n\n<h4 class=\"wp-block-heading\">Soha nem alv\u00f3 k\u00fcldem\u00e9nyk\u00f6vet\u00e9s<\/h4>\n\n\n<p>H\u00e1ny besz\u00e1ll\u00edt\u00f3ja van? H\u00e1ny sz\u00e1ll\u00edtm\u00e1ny van most \u00faton? Ki tartja sz\u00e1mon?<\/p>\n<p>A mesters\u00e9ges intelligencia mindezt fel\u00fcgyeli. Kapcsol\u00f3dik a fuvaroz\u00f3i rendszerekhez, a besz\u00e1ll\u00edt\u00f3i port\u00e1lokhoz, az \u00d6n ERP-j\u00e9hez. Tudja:<\/p>\n<ul>\n<li>Mit rendeltek \u00e9s mi v\u00e1rhat\u00f3<\/li>\n<li>Hol van most minden sz\u00e1ll\u00edtm\u00e1ny<\/li>\n<li>Ak\u00e1r menetrend szerint, ak\u00e1r k\u00e9sve<\/li>\n<li>Mikor fog t\u00e9nylegesen meg\u00e9rkezni (nem az eredeti becsl\u00e9s).<\/li>\n<\/ul>\n\n<p>Ha valami k\u00e9sik, azonnal tudod. Nem akkor, amikor nem jelenik meg - amikor el\u0151sz\u00f6r t\u00e9ved el.<\/p>\n<p>A tervez\u0151k alkalmazkodhatnak. Gyors\u00edtsa fel a tartal\u00e9krendel\u00e9st. Figyelmeztesse a gy\u00e1rt\u00e1st. Figyelmeztetheti az \u00fcgyfeleket. B\u00e1rmit is kell tenni\u00fck, van idej\u00fck r\u00e1.<\/p>\n\n\n<h4 class=\"wp-block-heading\">Besz\u00e1ll\u00edt\u00f3i teljes\u00edtm\u00e9nyelemz\u00e9s<\/h4>\n\n\n<p>Mely besz\u00e1ll\u00edt\u00f3k megb\u00edzhat\u00f3ak? Melyik\u00fck mond 4 hetet, de 6 hetet jelent? Melyiknek vannak min\u0151s\u00e9gi probl\u00e9m\u00e1i?<\/p>\n<p>A csapata anekdotikusan tudja. Az AI statisztikailag tudja. Nyomon k\u00f6veti:<\/p>\n<ul>\n<li>Id\u0151beni sz\u00e1ll\u00edt\u00e1si ar\u00e1nyok besz\u00e1ll\u00edt\u00f3 szerint<\/li>\n<li>Az \u00e1tfut\u00e1si id\u0151 v\u00e1ltoz\u00e9konys\u00e1ga (az \u00e1tlag sz\u00e9p, de a k\u00f6vetkezetess\u00e9g t\u00f6bbet sz\u00e1m\u00edt)<\/li>\n<li>Min\u0151s\u00e9gi selejt ar\u00e1nya<\/li>\n<li>A probl\u00e9m\u00e1kra val\u00f3 reag\u00e1l\u00e1si id\u0151<\/li>\n<li>Az \u00e1rak versenyk\u00e9pess\u00e9ge az id\u0151 m\u00fal\u00e1s\u00e1val<\/li>\n<\/ul>\n\n<p>A besz\u00e1ll\u00edt\u00f3k kiv\u00e1laszt\u00e1sakor vagy a szerz\u0151d\u00e9sek t\u00e1rgyal\u00e1sakor val\u00f3s adatokkal rendelkezik. Nem \u00e9rz\u00e9sekre, hanem t\u00e9nyekre.<\/p>\n<p>\u00c9s ha egy besz\u00e1ll\u00edt\u00f3 elkezd cs\u00faszni (cs\u00f6kken a hat\u00e1rid\u0151 betart\u00e1s\u00e1nak ar\u00e1nya, n\u0151nek a min\u0151s\u00e9gi probl\u00e9m\u00e1k), azt id\u0151ben \u00e9szreveszi. Ideje besz\u00e9lget\u00e9st folytatni, miel\u0151tt v\u00e1ls\u00e1gba ker\u00fclne a dolog.<\/p>\n\n\n<h4 class=\"wp-block-heading\">Ell\u00e1t\u00e1si l\u00e1nc kock\u00e1zatok felder\u00edt\u00e9se<\/h4>\n\n\n<p>Az ell\u00e1t\u00e1si l\u00e1ncok megszakadnak. A besz\u00e1ll\u00edt\u00f3k t\u00f6nkremennek. A sz\u00e1ll\u00edt\u00e1si \u00fatvonalak megszakadnak. Alkatr\u00e9szek v\u00e1lnak el\u00e9rhetetlenn\u00e9. Az \u00e1rak megugranak.<\/p>\n<p>A mesters\u00e9ges intelligencia nem tudja megakad\u00e1lyozni ezeket a dolgokat. De figyelmeztethet:<\/p>\n<ul>\n<li>Egyetlen forr\u00e1sb\u00f3l sz\u00e1rmaz\u00f3 f\u00fcgg\u0151s\u00e9gek (egy besz\u00e1ll\u00edt\u00f3ra t\u00e1maszkodik, tartal\u00e9k n\u00e9lk\u00fcl)<\/li>\n<li>Hossz\u00fa \u00e1tfut\u00e1si idej\u0171 t\u00e9telek biztons\u00e1gi k\u00e9szlet n\u00e9lk\u00fcl<\/li>\n<li>A besz\u00e1ll\u00edt\u00f3k korai figyelmeztet\u0151 jeleket mutatnak (a sz\u00e1ll\u00edt\u00e1sok cs\u00fasz\u00e1sa, a min\u0151s\u00e9g roml\u00e1sa).<\/li>\n<li>F\u00f6ldrajzi koncentr\u00e1ci\u00f3s kock\u00e1zatok (az \u00f6sszes besz\u00e1ll\u00edt\u00f3 egy r\u00e9gi\u00f3ban)<\/li>\n<li>A kereslet alakul\u00e1sa arra utal, hogy t\u00f6bb kapacit\u00e1sra lesz sz\u00fcks\u00e9g, mint amennyivel rendelkezik.<\/li>\n<\/ul>\n\n<p>Az \u00d6n ell\u00e1t\u00e1si l\u00e1nc csapata m\u00e9g a v\u00e1ls\u00e1g el\u0151tt cselekedhet. \u00c1ll\u00edtson fel alternat\u00edv besz\u00e1ll\u00edt\u00f3kat. Hozzon l\u00e9tre biztons\u00e1gi k\u00e9szletet a kritikus cikkekb\u0151l. T\u00e1rgyaljon tartal\u00e9kmeg\u00e1llapod\u00e1sokr\u00f3l.<\/p>\n\n\n<h4 class=\"wp-block-heading\">Automatiz\u00e1lt \u00fajrarendel\u00e9si aj\u00e1nl\u00e1sok<\/h4>\n\n\n<p>A mesters\u00e9ges intelligencia minden nap megn\u00e9zi:<\/p>\n<ul>\n<li>Jelenlegi k\u00e9szletszintek<\/li>\n<li>Be\u00e9rkez\u0151 megrendel\u00e9sek \u00e9s kereslet el\u0151rejelz\u00e9se<\/li>\n<li>Besz\u00e1ll\u00edt\u00f3i \u00e1tfut\u00e1si id\u0151k<\/li>\n<li>Nyitott PO-k \u00e9s v\u00e1rhat\u00f3 bev\u00e9telek<\/li>\n<li>\u00dajrarendel\u00e9si pontok \u00e9s optim\u00e1lis rendel\u00e9si mennyis\u00e9gek<\/li>\n<\/ul>\n\n<p>Ezut\u00e1n javaslatot tesz arra, hogy mit rendeljen. A tervez\u0151k v\u00e9lem\u00e9nye. Olyan dolgok alapj\u00e1n m\u00f3dos\u00edtanak, amelyeket a mesters\u00e9ges intelligencia nem ismer (besz\u00e1ll\u00edt\u00f3i kapacit\u00e1skorl\u00e1tok, k\u00f6zelg\u0151 prom\u00f3ci\u00f3k, strat\u00e9giai d\u00f6nt\u00e9sek).<\/p>\n<p>De a piszkos munk\u00e1t elv\u00e9gezt\u00fck. A sz\u00e1m\u00edt\u00e1sok befejez\u0151dtek. D\u00f6nt\u00e9seket hoznak, nem adatokat gy\u0171jtenek.<\/p>\n\n\n<hr class=\"wp-block-separator has-alpha-channel-opacity\"\/>\n\n\n\n<h3 class=\"wp-block-heading\">Mit jelent ez az \u00d6n sz\u00e1m\u00e1ra<\/h3>\n\n\n\n<h4 class=\"wp-block-heading\">COO-k \u00e9s operat\u00edv vezet\u0151k sz\u00e1m\u00e1ra<\/h4>\n\n\n<p><strong>Alacsonyabb k\u00e9szletez\u00e9si k\u00f6lts\u00e9gek.<\/strong> Nem tal\u00e1lgatsz, hanem kisz\u00e1m\u00edtod az optim\u00e1lis szintet. Kevesebb felesleg. Kevesebb elavul\u00e1s. Felszabadul\u00f3 k\u00e9szp\u00e9nz jobb c\u00e9lokra.<\/p>\n\n<p><strong>Kevesebb k\u00e9szlethi\u00e1ny \u00e9s h\u00e1tral\u00e9kos rendel\u00e9s.<\/strong> A jobb el\u0151rejelz\u00e9s \u00e9s az optimaliz\u00e1lt biztons\u00e1gi k\u00e9szlet azt jelenti, hogy a megfelel\u0151 term\u00e9kek akkor \u00e1llnak rendelkez\u00e9sre, amikor az \u00fcgyfelek ig\u00e9nylik \u0151ket.<\/p>\n\n<p><strong>Jav\u00edtott p\u00e9nzforgalom.<\/strong> A k\u00e9szlet dr\u00e1ga. Ha kevesebbet tartunk (a kereslet kiel\u00e9g\u00edt\u00e9se mellett), az k\u00f6zvetlen\u00fcl jav\u00edtja a m\u0171k\u00f6d\u0151t\u0151k\u00e9t.<\/p>\n\n<p><strong>Az ell\u00e1t\u00e1si l\u00e1nc \u00e1tl\u00e1that\u00f3s\u00e1ga.<\/strong> Tudja, mi j\u00f6n, mi k\u00e9sik, \u00e9s mi van vesz\u00e9lyben. Nem k\u00e9zi ellen\u0151rz\u00e9ssel, hanem automatikusan.<\/p>\n\n<p><strong>Jobb besz\u00e1ll\u00edt\u00f3i kapcsolatok.<\/strong> A teljes\u00edtm\u00e9nyadatok seg\u00edtenek a konstrukt\u00edv besz\u00e9lget\u00e9sekben. Jutalmazza a j\u00f3 besz\u00e1ll\u00edt\u00f3kat t\u00f6bb \u00fczlettel. A t\u00e9nyek alapj\u00e1n kezelje a probl\u00e9m\u00e1kat a rosszul teljes\u00edt\u0151kkel.<\/p>\n\n\n<h4 class=\"wp-block-heading\">Ell\u00e1t\u00e1si l\u00e1nc \u00e9s k\u00e9szletgazd\u00e1k sz\u00e1m\u00e1ra<\/h4>\n\n\n<p><strong>Ne \u00fcld\u00f6zze tov\u00e1bb a k\u00fcldem\u00e9nyeket manu\u00e1lisan.<\/strong> A mesters\u00e9ges intelligencia mindent megfigyel. A kiv\u00e9teleket l\u00e1tja, amelyek figyelmet ig\u00e9nyelnek, nem pedig a rutinszer\u0171 friss\u00edt\u00e9seket.<\/p>\n\n<p><strong>Jobb el\u0151rejelz\u00e9sek alapj\u00e1n dolgozhat.<\/strong> M\u00e9g mindig alkalmazza az \u00edt\u00e9l\u0151k\u00e9pess\u00e9g\u00e9t, de a j\u00f3 el\u0151rejelz\u00e9seket finom\u00edtja, nem pedig \u00fcres t\u00e1bl\u00e1zatokkal kezdi.<\/p>\n\n<p><strong>Adatvez\u00e9relt lelt\u00e1roz\u00e1si d\u00f6nt\u00e9sek.<\/strong> Nincs t\u00f6bb\u00e9 meg\u00e9rz\u00e9s az \u00fajrarendel\u00e9si pontokkal kapcsolatban. A sz\u00e1m\u00edt\u00e1sok a t\u00e9nyleges kereslet v\u00e1ltoz\u00e9konys\u00e1g\u00e1n \u00e9s az \u00e1tfut\u00e1si id\u0151k\u00f6n alapulnak.<\/p>\n\n<p><strong>Korai figyelmeztet\u00e9s a probl\u00e9m\u00e1kra.<\/strong> Sz\u00e1ll\u00edt\u00f3i cs\u00fasz\u00e1s? Keresleti kiugr\u00e1s k\u00f6zeleg? N\u0151 a k\u00e9szlethi\u00e1ny kock\u00e1zata? Tudja meg, miel\u0151tt t\u0171zriad\u00f3v\u00e1 v\u00e1lna.<\/p>\n\n<p><strong>Ideje a strat\u00e9giai munk\u00e1nak.<\/strong> Kevesebb id\u0151 az adatgy\u0171jt\u00e9sre \u00e9s a t\u00e1bl\u00e1zatok \u00f6ssze\u00e1ll\u00edt\u00e1s\u00e1ra. T\u00f6bb id\u0151 jut a besz\u00e1ll\u00edt\u00f3i kapcsolatokra, a folyamatok jav\u00edt\u00e1s\u00e1ra \u00e9s a kapacit\u00e1stervez\u00e9sre.<\/p>\n\n\n<h4 class=\"wp-block-heading\">Az \u00fczlet sz\u00e1m\u00e1ra<\/h4>\n\n\n<p><strong>A term\u00e9kek akkor \u00e1llnak rendelkez\u00e9sre, amikor az \u00fcgyfelek ig\u00e9nylik \u0151ket.<\/strong> Magasabb szolg\u00e1ltat\u00e1si szintek felduzzadt k\u00e9szletek n\u00e9lk\u00fcl.<\/p>\n\n<p><strong>Alacsonyabb m\u0171k\u00f6d\u00e9si k\u00f6lts\u00e9gek.<\/strong> Kevesebb s\u00fcrg\u0151s sz\u00e1ll\u00edt\u00e1s. Kevesebb s\u00fcrg\u0151ss\u00e9gi rendel\u00e9s pr\u00e9mium \u00e1ron. A rakt\u00e1rter\u00fclet jobb kihaszn\u00e1l\u00e1sa.<\/p>\n\n<p><strong>Rugalmas ell\u00e1t\u00e1si l\u00e1nc.<\/strong> Kor\u00e1n \u00e9szreveszi a kock\u00e1zatokat, \u00e9s van ideje tervezni.<\/p>\n\n<p><strong>Sk\u00e1l\u00e1zhat\u00f3s\u00e1g.<\/strong> SKU-k hozz\u00e1ad\u00e1sa? Telephelyek megnyit\u00e1sa? A mesters\u00e9ges intelligencia \u00d6nnel egy\u00fctt sk\u00e1l\u00e1z\u00f3dik. A csapat\u00e1nak nem kell megsokszoroz\u00f3dnia, hogy l\u00e9p\u00e9st tartson.<\/p>\n\n\n<hr class=\"wp-block-separator has-alpha-channel-opacity\"\/>\n\n\n\n<h3 class=\"wp-block-heading\">Amit az AI nem tud<\/h3>\n\n\n<p>A mesters\u00e9ges intelligencia nem var\u00e1zslat. A k\u00f6vetkez\u0151ket nem fogja megtenni:<\/p>\n\n<p><strong>R\u00f6gz\u00edtse a rossz besz\u00e1ll\u00edt\u00f3i kapcsolatokat.<\/strong> A mesters\u00e9ges intelligencia megmondja, hogy mely besz\u00e1ll\u00edt\u00f3k megb\u00edzhatatlanok. Nem t\u00e1rgyal jobb felt\u00e9telekr\u0151l, vagy fejleszt ki alternat\u00edv\u00e1kat. Ez tov\u00e1bbra is az \u00d6n csapat\u00e1nak feladata.<\/p>\n\n<p><strong>Kezelje a p\u00e9ld\u00e1tlan helyzeteket.<\/strong> A mesters\u00e9ges intelligencia tanul a t\u00f6rt\u00e9nelemb\u0151l. Amikor valami val\u00f3ban \u00faj dolog t\u00f6rt\u00e9nik (vil\u00e1gj\u00e1rv\u00e1ny, jelent\u0151s zavar, \u00faj term\u00e9kkateg\u00f3ria), az emberi \u00edt\u00e9l\u0151k\u00e9pess\u00e9g t\u00f6bbet sz\u00e1m\u00edt.<\/p>\n\n<p><strong>Strat\u00e9giai kompromisszumokat kell k\u00f6tni.<\/strong> K\u00e9szletezzen ebb\u0151l a term\u00e9kb\u0151l, hogy meg\u0151rizze k\u00e9szp\u00e9nz\u00e9t? L\u00e9gi sz\u00e1ll\u00edtm\u00e1nyoz\u00e1s, hogy megmentsen egy \u00fcgyf\u00e9lkapcsolatot? Ezekhez a d\u00f6nt\u00e9sekhez emberi kontextusra van sz\u00fcks\u00e9g, amellyel a mesters\u00e9ges intelligencia nem rendelkezik.<\/p>\n\n<p><strong>Az ell\u00e1t\u00e1si l\u00e1ncban dolgoz\u00f3 szakemberek lecser\u00e9l\u00e9se.<\/strong> A mesters\u00e9ges intelligencia v\u00e9gzi a megfigyel\u00e9st, a nyomon k\u00f6vet\u00e9st \u00e9s a sz\u00e1m\u00edt\u00e1sokat. Az \u00d6n csapata tov\u00e1bbra is a tervez\u00e9st, a t\u00e1rgyal\u00e1st, a probl\u00e9mamegold\u00e1st \u00e9s a d\u00f6nt\u00e9shozatalt v\u00e9gzi.<\/p>\n\n<p>Gondoljon az AI-ra \u00fagy, mint egy igaz\u00e1n j\u00f3 elemz\u0151re, aki sosem alszik. Mindent megfigyel, sz\u00e1mokat dolgoz ki, \u00e9s lehet\u0151s\u00e9geket mutat be. Az \u00d6n csapata d\u00f6nt.<\/p>\n\n\n<hr class=\"wp-block-separator has-alpha-channel-opacity\"\/>\n\n\n\n<h3 class=\"wp-block-heading\">Kezd\u0151 l\u00e9p\u00e9sek<\/h3>\n\n\n<p>Nem kell mindent egyszerre automatiz\u00e1lni. Ott kezdje, ahol a legnagyobb a f\u00e1jdalom:<\/p>\n\n<p><strong>1. lehet\u0151s\u00e9g: Kezdje a kereslet el\u0151rejelz\u00e9s\u00e9vel.<\/strong> A jobb el\u0151rejelz\u00e9sek mindent jav\u00edtanak a k\u00f6vetkez\u0151 l\u00e9pcs\u0151fokokon. Viszonylag egyszer\u0171en megval\u00f3s\u00edthat\u00f3, ha rendelkezik kor\u00e1bbi \u00e9rt\u00e9kes\u00edt\u00e9si adatokkal.<\/p>\n\n<p><strong>2. lehet\u0151s\u00e9g: Kezdje a besz\u00e1ll\u00edt\u00f3i nyomon k\u00f6vet\u00e9ssel.<\/strong> Ha a k\u00e9sedelmes sz\u00e1ll\u00edt\u00e1sok meg\u00f6lik \u00d6nt, kezdje ott. Gyors gy\u0151zelem \u00e9s azonnali l\u00e1that\u00f3s\u00e1g.<\/p>\n\n<p><strong>3. lehet\u0151s\u00e9g: Kezdje a lass\u00fa mozg\u00e1s\u00faakkal.<\/strong> Magas lelt\u00e1rk\u00f6lts\u00e9gek olyan cikkekn\u00e9l, amelyek nem fogynak? El\u0151sz\u00f6r azokat optimaliz\u00e1lja. A gyorsforgalm\u00faaknak j\u00f3 lehet \u00fagy, ahogy van.<\/p>\n\n<p>A kulcs az, hogy v\u00e1lasszunk egy probl\u00e9m\u00e1t, oldjuk meg j\u00f3l, bizony\u00edtsuk be az \u00e9rt\u00e9ket, majd terjeszkedj\u00fcnk. Nem az, hogy egyik napr\u00f3l a m\u00e1sikra mindent \u00e1t akarunk alak\u00edtani.<\/p>\n\n\n<hr class=\"wp-block-separator has-alpha-channel-opacity\"\/>\n\n\n\n<h3 class=\"wp-block-heading\">A l\u00e9nyeg<\/h3>\n\n\n<p>Az ell\u00e1t\u00e1si l\u00e1nc \u00e9s a k\u00e9szletgazd\u00e1lkod\u00e1s arr\u00f3l sz\u00f3l, hogy t\u00f6k\u00e9letlen inform\u00e1ci\u00f3k mellett is j\u00f3 d\u00f6nt\u00e9seket hozzunk. A mesters\u00e9ges intelligencia nem teszi t\u00f6k\u00e9letess\u00e9 az inform\u00e1ci\u00f3kat, de sokkal jobb\u00e1 teszi azokat.<\/p>\n\n<p>Jobb el\u0151rejelz\u00e9sek. Optimaliz\u00e1lt k\u00e9szletszintek. A sz\u00e1ll\u00edt\u00e1sok teljes \u00e1tl\u00e1that\u00f3s\u00e1ga. Korai figyelmeztet\u00e9s a besz\u00e1ll\u00edt\u00f3i probl\u00e9m\u00e1kra. Adatokon, nem meg\u00e9rz\u00e9seken alapul\u00f3 aj\u00e1nl\u00e1sok.<\/p>\n\n<p>Az ell\u00e1t\u00e1si l\u00e1nc csapata gyorsabban hoz jobb d\u00f6nt\u00e9seket. Kevesebb id\u0151 a nyomon k\u00f6vet\u00e9sre. T\u00f6bb id\u0151 a tervez\u00e9sre. Egyszerre alacsonyabb k\u00f6lts\u00e9gek \u00e9s jobb szolg\u00e1ltat\u00e1s.<\/p>\n\n<p>Ez az, amit a mesters\u00e9ges intelligencia az ell\u00e1t\u00e1si l\u00e1nc sz\u00e1m\u00e1ra t\u00e9nylegesen ny\u00fajt. Nem var\u00e1zslatot - csak jobb inform\u00e1ci\u00f3kat \u00e9s jobb eszk\u00f6z\u00f6ket a munk\u00e1t v\u00e9gz\u0151 emberek sz\u00e1m\u00e1ra.<\/p>\n\n\n<hr class=\"wp-block-separator has-alpha-channel-opacity\"\/>\n\n\n\n<h3 class=\"wp-block-heading\">K\u00e9szen \u00e1ll az ell\u00e1t\u00e1si l\u00e1nc jav\u00edt\u00e1s\u00e1ra?<\/h3>\n\n\n<p>Minden ell\u00e1t\u00e1si l\u00e1nc m\u00e1s \u00e9s m\u00e1s. Az \u00d6n SKU-jai, besz\u00e1ll\u00edt\u00f3i, v\u00e1s\u00e1rl\u00f3i \u00e9s korl\u00e1tai egyediek az \u00d6n v\u00e1llalkoz\u00e1s\u00e1ra n\u00e9zve.<\/p>\n\n<p>Nem \u00e1ltal\u00e1nos megold\u00e1sokat \u00e1rulunk. Az \u00d6n egyedi helyzet\u00e9t vizsg\u00e1ljuk. Hol vannak a legnagyobb f\u00e1jdalmas pontok? Hol seg\u00edthet a mesters\u00e9ges intelligencia? Mi a re\u00e1lis az \u00d6n adatai \u00e9s rendszerei ismeret\u00e9ben?<\/p>\n\n<p>Ezut\u00e1n olyat \u00e9p\u00edt\u00fcnk, ami megfelel az \u00d6n munkam\u00f3dszer\u00e9nek. Nincs hype. Nincs t\u00fal\u00e9rt\u00e9kes\u00edt\u00e9s. Csak gyakorlatias eszk\u00f6z\u00f6k, amelyek hat\u00e9konyabb\u00e1 teszik az ell\u00e1t\u00e1si l\u00e1ncot.<\/p>\n\n<p><a href=\"https:\/\/www.leaplytics.de\/hu\/kontakt\/\">Besz\u00e9ljen vel\u00fcnk az \u00d6n ell\u00e1t\u00e1si l\u00e1nc\u00e1r\u00f3l<\/a><\/p>\n\n<p><a href=\"https:\/\/www.leaplytics.de\/hu\/operacios-ai\/\">Vissza az Operations AI oldalra<\/a><\/p>","protected":false},"excerpt":{"rendered":"<p>AI for Supply Chain &#038; Inventory Management Your inventory is either too high or too low. Never just right. Too much inventory? Cash trapped on shelves. Storage costs eating profit. Products aging out before they sell. Too little? Stockouts. Lost sales. Angry customers. Rush orders at premium prices. And meanwhile, you&#8217;re trying to predict demand, &hellip; <\/p>","protected":false},"author":2,"featured_media":0,"parent":0,"menu_order":0,"comment_status":"closed","ping_status":"closed","template":"","meta":{"footnotes":""},"class_list":["post-14493","page","type-page","status-publish","hentry","latest_post"],"_links":{"self":[{"href":"https:\/\/www.leaplytics.de\/hu\/wp-json\/wp\/v2\/pages\/14493","targetHints":{"allow":["GET"]}}],"collection":[{"href":"https:\/\/www.leaplytics.de\/hu\/wp-json\/wp\/v2\/pages"}],"about":[{"href":"https:\/\/www.leaplytics.de\/hu\/wp-json\/wp\/v2\/types\/page"}],"author":[{"embeddable":true,"href":"https:\/\/www.leaplytics.de\/hu\/wp-json\/wp\/v2\/users\/2"}],"replies":[{"embeddable":true,"href":"https:\/\/www.leaplytics.de\/hu\/wp-json\/wp\/v2\/comments?post=14493"}],"version-history":[{"count":1,"href":"https:\/\/www.leaplytics.de\/hu\/wp-json\/wp\/v2\/pages\/14493\/revisions"}],"predecessor-version":[{"id":14507,"href":"https:\/\/www.leaplytics.de\/hu\/wp-json\/wp\/v2\/pages\/14493\/revisions\/14507"}],"wp:attachment":[{"href":"https:\/\/www.leaplytics.de\/hu\/wp-json\/wp\/v2\/media?parent=14493"}],"curies":[{"name":"wp","href":"https:\/\/api.w.org\/{rel}","templated":true}]}}