{"id":14495,"date":"2025-12-19T01:58:56","date_gmt":"2025-12-19T00:58:56","guid":{"rendered":"https:\/\/www.leaplytics.de\/?page_id=14495"},"modified":"2025-12-19T01:58:57","modified_gmt":"2025-12-19T00:58:57","slug":"folyamat-automatizalas-munkafolyamat-ai","status":"publish","type":"page","link":"https:\/\/www.leaplytics.de\/hu\/folyamat-automatizalas-munkafolyamat-ai\/","title":{"rendered":"Folyamatautomatiz\u00e1l\u00e1s \u00e9s munkafolyamat AI"},"content":{"rendered":"<h2>AI a folyamatautomatiz\u00e1l\u00e1shoz \u00e9s munkafolyamatokhoz<\/h2>\n\n<p>A m\u0171veletek folyamatokon futnak. A megrendel\u00e9st\u0151l a teljes\u00edt\u00e9sig. K\u00e9relemt\u0151l a felbont\u00e1sig. Feladat a teljes\u00edt\u00e9sig. Minden l\u00e9p\u00e9sekb\u0151l \u00e1ll.<\/p>\n<p>Amikor a folyamatok z\u00f6kken\u0151mentesen m\u0171k\u00f6dnek, a dolgok \u00e1ramlanak. Ha nem, akkor minden elakad. A feladatok felhalmoz\u00f3dnak. Az \u00e1tad\u00e1sok kudarcba fulladnak. Az emberek id\u0151t pazarolnak arra, hogy \"hol van ez?\" \u00e9s \"kinek van az?\" k\u00e9rdez\u0151sk\u00f6djenek.<\/p>\n<p>A legt\u00f6bb folyamatprobl\u00e9ma nem az\u00e9rt van, mert az embereket nem \u00e9rdekli. Hanem az\u00e9rt, mert a folyamatok manu\u00e1lisak. Valakinek \u00e1t kell ir\u00e1ny\u00edtania ezt a folyamatot. Valakinek j\u00f3v\u00e1 kell hagynia azt. Valakinek ellen\u0151riznie kell, hogy az el\u0151z\u0151 l\u00e9p\u00e9s befejez\u0151d\u00f6tt-e.<\/p>\n<p>A mesters\u00e9ges intelligencia automatiz\u00e1lhatja a rutinszer\u0171 r\u00e9szeket. Nem helyettes\u00edti az emberi \u00edt\u00e9l\u0151k\u00e9pess\u00e9get - csak a szab\u00e1lyokon alapul\u00f3 munk\u00e1t v\u00e9gzi el, amely nem ig\u00e9nyli azt.<\/p>\n<p>Csapata nem a folyamatokat hajszolja, hanem a probl\u00e9m\u00e1kat kezdi megoldani.<\/p>\n\n\n<hr class=\"wp-block-separator has-alpha-channel-opacity\"\/>\n\n\n\n<h3 class=\"wp-block-heading\">Mi\u00e9rt romlanak el a manu\u00e1lis folyamatok<\/h3>\n\n\n<p>Vannak SOP-ok. Dokument\u00e1lt elj\u00e1r\u00e1sok. Egy\u00e9rtelm\u0171 l\u00e9p\u00e9sek arra vonatkoz\u00f3an, hogyan kell m\u0171k\u00f6dni\u00fck a dolgoknak.<\/p>\n<p>A v\u00e9grehajt\u00e1s azonban k\u00e9zi vez\u00e9rl\u00e9s\u0171. Valaki kap egy k\u00e9r\u00e9st. Kital\u00e1lj\u00e1k, hogy kinek kell kezelni. Elk\u00fcldik. Ut\u00e1naj\u00e1rnak, hogy megbizonyosodjanak r\u00f3la, hogy megt\u00f6rt\u00e9nt-e.<\/p>\n<p>Ha a hanger\u0151 alacsony, ez m\u0171k\u00f6dik. Ha nagy a hanger\u0151, a dolgok \u00e1tesnek a reped\u00e9seken:<\/p>\n<ul>\n<li>A feladatokat rossz csapathoz ir\u00e1ny\u00edtott\u00e1k<\/li>\n<li>j\u00f3v\u00e1hagy\u00e1sok v\u00e1rakoznak valakinek a postal\u00e1d\u00e1j\u00e1ban, aki nincs az irod\u00e1ban.<\/li>\n<li>Kihagyott l\u00e9p\u00e9sek, mert senki sem ellen\u0151rizte a befejez\u00e9st<\/li>\n<li>A kiv\u00e9teleket csak k\u00e9s\u0151n \u00e9szlelik<\/li>\n<li>Senki sem tudja, hol van valami a folyamatban<\/li>\n<\/ul>\n\n<p>Csapata t\u00f6bb id\u0151t t\u00f6lt koordin\u00e1l\u00e1ssal, mint v\u00e9grehajt\u00e1ssal. Megbesz\u00e9l\u00e9sek az \u00e1llapot nyomon k\u00f6vet\u00e9s\u00e9re. E-mailek a friss\u00edt\u00e9sek\u00e9rt. Escal\u00e1ci\u00f3k, mert valami elakadt.<\/p>\n<p>Nem az\u00e9rt, mert az emberek rosszul v\u00e9gzik a munk\u00e1jukat. Mert a k\u00e9zi koordin\u00e1ci\u00f3 nem sk\u00e1l\u00e1zhat\u00f3.<\/p>\n\n\n<hr class=\"wp-block-separator has-alpha-channel-opacity\"\/>\n\n\n\n<h3 class=\"wp-block-heading\">Mit tesz a mesters\u00e9ges intelligencia a folyamatautomatiz\u00e1l\u00e1sban<\/h3>\n\n\n<p>A mesters\u00e9ges intelligencia kezeli a rutinszer\u0171 d\u00f6nt\u00e9shozatalt az \u00d6n folyamataiban. Azonnal alkalmazza a szab\u00e1lyokat. Helyesen ir\u00e1ny\u00edtja a munk\u00e1t. Figyelemmel k\u00eds\u00e9ri az el\u0151rehalad\u00e1st. Elkapja a kiv\u00e9teleket.<\/p>\n<p>Az \u00d6n csapata mag\u00e1ra a munk\u00e1ra \u00f6sszpontos\u00edt, nem pedig az azt k\u00f6r\u00fclvev\u0151 koordin\u00e1ci\u00f3ra.<\/p>\n\n\n<h4 class=\"wp-block-heading\">Intelligens feladatir\u00e1ny\u00edt\u00e1s<\/h4>\n\n\n<p>\u00daj megrendel\u00e9s \u00e9rkezik. Hov\u00e1 ker\u00fcl? Melyik rakt\u00e1rba? Melyik csapathoz? A helysz\u00ednt\u0151l, a term\u00e9kt\u00edpust\u00f3l, a k\u00e9szletszintekt\u0151l, a csapat kapacit\u00e1s\u00e1t\u00f3l f\u00fcgg.<\/p>\n<p>Manu\u00e1lisan, valakinek mindezt \u00e1t kell n\u00e9znie, \u00e9s d\u00f6ntenie kell. A mesters\u00e9ges intelligenci\u00e1val ez azonnal megt\u00f6rt\u00e9nik:<\/p>\n<ul>\n<li>Elemzi a k\u00e9r\u00e9s r\u00e9szleteit<\/li>\n<li>Ellen\u0151rzi a csapatok aktu\u00e1lis munkaterhel\u00e9s\u00e9t<\/li>\n<li>Figyelembe veszi a sz\u00fcks\u00e9ges k\u00e9szs\u00e9geket \u00e9s k\u00e9pes\u00edt\u00e9seket<\/li>\n<li>A helysz\u00edn \u00e9s a logisztika t\u00e9nyez\u0151i<\/li>\n<li>Az optim\u00e1lis csapathoz vezet\u0151 utak<\/li>\n<\/ul>\n\n<p>Nem csak gyorsabb - k\u00f6vetkezetesebb is. Ugyanaz a logika \u00e9rv\u00e9nyes minden alkalommal. Nincs elt\u00e9r\u00e9s aszerint, hogy ki kezelte.<\/p>\n<p>K\u00fcl\u00f6nleges esetek? A mesters\u00e9ges intelligencia jel\u00f6li \u0151ket az emberi \u00fatvonaltervez\u00e9shez. De a rutin\u00fcgyek (amelyek az esetek t\u00f6bbs\u00e9g\u00e9t jelentik) automatikusan tov\u00e1bb\u00edt\u00f3dnak.<\/p>\n\n\n<h4 class=\"wp-block-heading\">Intelligens j\u00f3v\u00e1hagy\u00e1skezel\u00e9s<\/h4>\n\n\n<p>A j\u00f3v\u00e1hagy\u00e1sok mindent lelass\u00edtanak. Minden v\u00e1s\u00e1rl\u00e1shoz j\u00f3v\u00e1hagy\u00e1sra van sz\u00fcks\u00e9g. Minden kiv\u00e9telhez j\u00f3v\u00e1hagy\u00e1s kell. Minden v\u00e1ltoztat\u00e1s fel\u00fclvizsg\u00e1latra szorul.<\/p>\n<p>De a legt\u00f6bb rutinszer\u0171. Szabv\u00e1nyos k\u00e9r\u00e9s a szab\u00e1lyzaton bel\u00fcl? Automatikusan j\u00f3v\u00e1 kellene hagynia. Szokatlan k\u00e9r\u00e9s a param\u00e9tereken k\u00edv\u00fcl? A megfelel\u0151 j\u00f3v\u00e1hagy\u00f3hoz kell tov\u00e1bb\u00edtani a teljes kontextussal.<\/p>\n<p>Az AI kezeli a j\u00f3v\u00e1hagy\u00e1si logik\u00e1t:<\/p>\n<ul>\n<li>Standard k\u00e9relmek a k\u00fcsz\u00f6b\u00e9rt\u00e9keken bel\u00fcl: automatikus j\u00f3v\u00e1hagy\u00e1s ellen\u0151rz\u00e9si nyomvonallal<\/li>\n<li>Fel\u00fclvizsg\u00e1latot ig\u00e9nyl\u0151 k\u00e9relmek: az \u00f6sszeg, a t\u00edpus \u00e9s a kock\u00e1zat alapj\u00e1n a megfelel\u0151 szintre ir\u00e1ny\u00edtva.<\/li>\n<li>Komplex k\u00e9r\u00e9sek: teljes kontextussal \u00e9s el\u0151zm\u00e9nyekkel eszkal\u00e1lva<\/li>\n<li>Elakadt j\u00f3v\u00e1hagy\u00e1sok: automatikus eszkal\u00e1ci\u00f3, ha t\u00fal sok\u00e1ig v\u00e1rakoznak<\/li>\n<\/ul>\n\n<p>Az \u00d6n vezet\u0151i id\u0151t t\u00f6ltenek olyan d\u00f6nt\u00e9sekkel, amelyek val\u00f3ban \u00edt\u00e9letet ig\u00e9nyelnek. Nem pedig a rutinszer\u0171 k\u00e9r\u00e9sek gumib\u00e9lyegz\u00e9s\u00e9vel.<\/p>\n<p>\u00c9s ha valaki kint van? A mesters\u00e9ges intelligencia a tartal\u00e9khoz ir\u00e1ny\u00edt. Nincs olyan k\u00e9r\u00e9s, ami miatt valaki szabads\u00e1gon l\u00e9v\u0151re kell v\u00e1rni.<\/p>\n\n\n<h4 class=\"wp-block-heading\">Val\u00f3s idej\u0171 folyamatfel\u00fcgyelet<\/h4>\n\n\n<p>Hol van minden? Mi akadt el? Mi az, amin\u00e9l fenn\u00e1ll a hat\u00e1rid\u0151k elmulaszt\u00e1s\u00e1nak vesz\u00e9lye?<\/p>\n<p>A mesters\u00e9ges intelligencia minden feladatot minden l\u00e9p\u00e9sen kereszt\u00fcl nyomon k\u00f6vet. Nem \u00fagy, hogy friss\u00edt\u00e9seket k\u00e9r az emberekt\u0151l, hanem \u00fagy, hogy automatikusan figyeli a rendszereket. Tudja:<\/p>\n<ul>\n<li>Mi van folyamatban \u00e9s ki dolgozik rajta<\/li>\n<li>Mi v\u00e1r (\u00e9s mi\u00f3ta v\u00e1rakozik)<\/li>\n<li>Mi k\u00f6zeledik a hat\u00e1rid\u0151kh\u00f6z<\/li>\n<li>Hol alakulnak ki a sz\u0171k keresztmetszetek<\/li>\n<li>Mely folyamatok futnak lassabban a norm\u00e1lisn\u00e1l<\/li>\n<\/ul>\n\n<p>A m\u0171szerfal val\u00f3s idej\u0171 \u00e1llapotot mutat. Nem a \"tegnapi \u00e1llapot\" jelent\u00e9seket - most azonnal. A vezet\u0151i tudj\u00e1k, hogy mire kell odafigyelni, an\u00e9lk\u00fcl, hogy a friss\u00edt\u00e9seket kellene hajszolniuk.<\/p>\n\n\n<h4 class=\"wp-block-heading\">Kiv\u00e9tel-\u00e9rz\u00e9kel\u00e9s, amely val\u00f3ban m\u0171k\u00f6dik<\/h4>\n\n\n<p>A kiv\u00e9telek dr\u00e1g\u00e1k. Rendelje meg a hi\u00e1nyz\u00f3 inform\u00e1ci\u00f3kat. A l\u00e9p\u00e9s t\u00fal sok\u00e1ig tart. Az elj\u00e1r\u00e1st nem megfelel\u0151en k\u00f6vetik. Mire valaki \u00e9szreveszi, m\u00e1r probl\u00e9ma van.<\/p>\n<p>A mesters\u00e9ges intelligencia kor\u00e1n \u00e9szreveszi a kiv\u00e9teleket:<\/p>\n<ul>\n<li><strong>Hi\u00e1nyz\u00f3 adatok:<\/strong> K\u00f6telez\u0151 mez\u0151k n\u00e9lk\u00fcl leadott megrendel\u00e9s? Azonnal megjel\u00f6lve, nem akkor, amikor a teljes\u00edt\u00e9shez \u00e9rkezik.<\/li>\n<li><strong>Folyamatelt\u00e9r\u00e9sek:<\/strong> Sorrendben nem teljes\u00edtett l\u00e9p\u00e9sek? Ellen\u0151rz\u0151lista kihagyva? Az AI \u00e9szreveszi.<\/li>\n<li><strong>Id\u0151z\u00edt\u00e9si probl\u00e9m\u00e1k:<\/strong> A l\u00e9p\u00e9s 3x tov\u00e1bb tart a norm\u00e1lisn\u00e1l? Az AI figyelmeztet a hat\u00e1rid\u0151 lej\u00e1rta el\u0151tt.<\/li>\n<li><strong>Min\u0151s\u00e9gi agg\u00e1lyok:<\/strong> Egy adott folyamat hibaar\u00e1nya megugrik? Kor\u00e1n \u00e9szlelt minta.<\/li>\n<li><strong>Megfelel\u00e9si hi\u00e1nyoss\u00e1gok:<\/strong> Hi\u00e1nyzik a sz\u00fcks\u00e9ges dokument\u00e1ci\u00f3? J\u00f3v\u00e1hagy\u00e1si k\u00fcsz\u00f6b\u00e9rt\u00e9k t\u00fall\u00e9p\u00e9se? Automatikusan elkapj\u00e1k.<\/li>\n<\/ul>\n\n<p>A csapatod akkor kezeli a kiv\u00e9teleket, amikor azok m\u00e9g kicsik. Miel\u0151tt m\u00e9g elhatalmasodn\u00e1nak. Miel\u0151tt az \u00fcgyfeleket \u00e9rinten\u00e9.<\/p>\n\n\n<h4 class=\"wp-block-heading\">Automatiz\u00e1lt megfelel\u0151s\u00e9g-ellen\u0151rz\u00e9s<\/h4>\n\n\n<p>Minden folyamatnak vannak k\u00f6vetelm\u00e9nyei. A l\u00e9p\u00e9seknek sorrendben kell t\u00f6rt\u00e9nni\u00fck. A dokument\u00e1ci\u00f3nak teljesnek kell lennie. Meg kell szerezni a j\u00f3v\u00e1hagy\u00e1sokat. Min\u0151s\u00e9gi ellen\u0151rz\u00e9seket kell v\u00e9gezni.<\/p>\n<p>Mindezt manu\u00e1lisan ellen\u0151rizni? Valakinek audit\u00e1lnia kell. Legjobb esetben is csak sz\u00far\u00f3pr\u00f3baszer\u0171en. Rem\u00e9nybeli megfelel\u00e9s.<\/p>\n<p>A mesters\u00e9ges intelligencia minden egyes p\u00e9ld\u00e1nyt ellen\u0151riz:<\/p>\n<ul>\n<li>Minden sz\u00fcks\u00e9ges l\u00e9p\u00e9s megt\u00f6rt\u00e9nt?<\/li>\n<li>A megfelel\u0151 sorrendet k\u00f6vett\u00e9k?<\/li>\n<li>A dokument\u00e1ci\u00f3 teljes \u00e9s pontos?<\/li>\n<li>Megkapt\u00e1k a sz\u00fcks\u00e9ges j\u00f3v\u00e1hagy\u00e1sokat?<\/li>\n<li>L\u00e1that\u00f3-e az ellen\u0151rz\u00e9si nyomvonalb\u00f3l, hogy ki mikor mit csin\u00e1lt?<\/li>\n<\/ul>\n\n<p>Nem megfelel\u0151 folyamat? Azonnal megjel\u00f6lve. Nem pedig hetekkel k\u00e9s\u0151bb, egy audit sor\u00e1n. Az \u00d6n megfelel\u0151s\u00e9ge val\u00f3s, nem pedig rem\u00e9lt.<\/p>\n\n\n<h4 class=\"wp-block-heading\">Folyamat teljes\u00edtm\u00e9ny analitika<\/h4>\n\n\n<p>Mennyi ideig tartanak a folyamatok val\u00f3j\u00e1ban? Hol lassulnak le? Melyik csapat a gyorsabb? Mi\u00e9rt?<\/p>\n<p>A mesters\u00e9ges intelligencia nyomon k\u00f6veti a teljes\u00edtm\u00e9nymutat\u00f3kat az \u00f6sszes folyamat\u00e1ban:<\/p>\n<ul>\n<li>Ciklusid\u0151 folyamatt\u00edpusonk\u00e9nt<\/li>\n<li>\u00c1ramtermel\u00e9s csapatonk\u00e9nt \u00e9s egy\u00e9nenk\u00e9nt<\/li>\n<li>Hol fordulnak el\u0151 k\u00e9sedelmek (mely l\u00e9p\u00e9sek, mely \u00e1tad\u00e1sok)<\/li>\n<li>Hibaar\u00e1nyok \u00e9s ut\u00f3munka gyakoris\u00e1ga<\/li>\n<li>Vari\u00e1ci\u00f3 (a k\u00f6vetkezetess\u00e9g legal\u00e1bb annyira sz\u00e1m\u00edt, mint a sebess\u00e9g)<\/li>\n<\/ul>\n\n<p>L\u00e1tja, hol kell javulnia. Nem tal\u00e1lgatva n\u00e9zi az adatokat. Ez a csapat k\u00f6vetkezetesen gyorsabb? Tudja meg, mit csin\u00e1lnak m\u00e1sk\u00e9pp. Ez a l\u00e9p\u00e9s k\u00f6vetkezetesen lass\u00fa? Vizsg\u00e1lja meg, mi\u00e9rt.<\/p>\n<p>T\u00e9nyeken, nem pedig \u00e9rz\u00e9seken alapul\u00f3 folyamatfejleszt\u00e9s.<\/p>\n\n\n<hr class=\"wp-block-separator has-alpha-channel-opacity\"\/>\n\n\n\n<h3 class=\"wp-block-heading\">Mit jelent ez az \u00d6n sz\u00e1m\u00e1ra<\/h3>\n\n\n\n<h4 class=\"wp-block-heading\">COO-k \u00e9s operat\u00edv vezet\u0151k sz\u00e1m\u00e1ra<\/h4>\n\n\n<p><strong>Egys\u00e9ges v\u00e9grehajt\u00e1s a k\u00fcl\u00f6nb\u00f6z\u0151 helysz\u00edneken.<\/strong> Mindenhol ugyanazok a szab\u00e1lyok \u00e9rv\u00e9nyesek. Nincs elt\u00e9r\u00e9s aszerint, hogy ki dolgozik vagy mennyire elfoglalt.<\/p>\n\n<p><strong>Sk\u00e1l\u00e1zhat\u00f3 m\u0171veletek.<\/strong> Kezelje a 2x-es volument 2x-es l\u00e9tsz\u00e1m n\u00e9lk\u00fcl. A koordin\u00e1ci\u00f3s munka nem szaporodik a mennyis\u00e9ggel.<\/p>\n\n<p><strong>Jobb megfelel\u00e9s \u00e9s ellen\u0151rz\u00e9si nyomvonalak.<\/strong> Minden folyamat automatikusan dokument\u00e1lva. Teljes ellen\u0151rz\u00e9si nyomvonal minden tranzakci\u00f3hoz. Megfelel\u00e9s a tervez\u00e9s, nem az ellen\u0151rz\u00e9s r\u00e9v\u00e9n.<\/p>\n\n<p><strong>Betekint\u00e9s a m\u0171veletekbe.<\/strong> Val\u00f3s idej\u0171 m\u0171szerfal a t\u00f6rt\u00e9n\u00e9sekr\u0151l. L\u00e1tja a sz\u0171k keresztmetszetek kialakul\u00e1s\u00e1t, miel\u0151tt azok v\u00e1ls\u00e1gg\u00e1 v\u00e1ln\u00e1nak.<\/p>\n\n<p><strong>Alacsonyabb hibaar\u00e1ny.<\/strong> Az automatikus ellen\u0151rz\u00e9s kor\u00e1n \u00e9szreveszi a hib\u00e1kat. A kiv\u00e9telek m\u00e9g azel\u0151tt megjelennek, miel\u0151tt probl\u00e9m\u00e1t okozn\u00e1nak.<\/p>\n\n\n<h4 class=\"wp-block-heading\">Operat\u00edv vezet\u0151k sz\u00e1m\u00e1ra<\/h4>\n\n\n<p><strong>Ne hajszolja tov\u00e1bb a st\u00e1tuszfriss\u00edt\u00e9seket.<\/strong> A rendszer mindent nyomon k\u00f6vet. K\u00f6rbek\u00e9rdez\u00e9s n\u00e9lk\u00fcl l\u00e1tja, hogy mire van sz\u00fcks\u00e9g.<\/p>\n\n<p><strong>A kiv\u00e9telekre \u00f6sszpontos\u00edtson, ne a rutinra.<\/strong> Az AI kezeli a szabv\u00e1nyos munkafolyamatokat. \u00d6n kezeli a szokatlan eseteket, amelyek meg\u00edt\u00e9l\u00e9st ig\u00e9nyelnek.<\/p>\n\n<p><strong>Tudja, hol akadnak el a dolgok.<\/strong> Nem v\u00e1rja meg, hogy a csapattagok eszkal\u00e1l\u00f3djanak. \u00d6n val\u00f3s id\u0151ben l\u00e1tja.<\/p>\n\n<p><strong>Adatok a javul\u00e1shoz.<\/strong> Tudja, mely folyamatok m\u0171k\u00f6dnek j\u00f3l, \u00e9s melyeket kell jav\u00edtani. T\u00e9nyleges ciklusid\u0151k, nem becsl\u00e9sek.<\/p>\n\n<p><strong>M\u00e9lt\u00e1nyos munkaterhel\u00e9s-eloszt\u00e1s.<\/strong> N\u00e9zze meg, ki van t\u00falterhelve, \u00e9s ki rendelkezik kapacit\u00e1ssal. A munka kiegyens\u00falyoz\u00e1sa a val\u00f3s\u00e1g alapj\u00e1n.<\/p>\n\n\n<h4 class=\"wp-block-heading\">A munk\u00e1t v\u00e9gz\u0151 csapatok sz\u00e1m\u00e1ra<\/h4>\n\n\n<p><strong>Feladatsor t\u00f6rl\u00e9se.<\/strong> Nem kell azon gondolkodni, hogy \"min kellene dolgoznom?\". Automatikusan kisz\u00e1m\u00edtott priorit\u00e1sok a hat\u00e1rid\u0151k \u00e9s a fontoss\u00e1g alapj\u00e1n.<\/p>\n\n<p><strong>Nincs t\u00f6bb hajsza.<\/strong> A rendszer az \u00d6nh\u00f6z ir\u00e1ny\u00edtja a munk\u00e1t. Elmondja, amit tudnia kell. Automatikusan eszkal\u00e1l\u00f3dik, ha elakadsz.<\/p>\n\n<p><strong>Kevesebb koordin\u00e1ci\u00f3s k\u00f6lts\u00e9g.<\/strong> T\u00f6lts\u00f6n id\u0151t munk\u00e1val, ne a munk\u00e1r\u00f3l val\u00f3 koordin\u00e1l\u00e1ssal. Nincsenek \u00e9rtekezletek a st\u00e1tusz nyomon k\u00f6vet\u00e9s\u00e9re.<\/p>\n\n<p><strong>Gyors j\u00f3v\u00e1hagy\u00e1sok.<\/strong> Rutin dolgok automatikusan j\u00f3v\u00e1hagyva. Nem kell napokat v\u00e1rni arra, hogy valaki j\u00f3v\u00e1hagyja.<\/p>\n\n<p><strong>Kevesebb t\u0171zv\u00e9delmi gyakorlat.<\/strong> Kor\u00e1n \u00e9szlelt kiv\u00e9telek. A probl\u00e9m\u00e1k m\u00e9g a kirobban\u00e1s el\u0151tt megjelennek. Kevesebb p\u00e1nik, t\u00f6bb tervez\u00e9s.<\/p>\n\n\n<hr class=\"wp-block-separator has-alpha-channel-opacity\"\/>\n\n\n\n<h3 class=\"wp-block-heading\">Amit az AI nem tud<\/h3>\n\n\n<p>A mesters\u00e9ges intelligencia automatiz\u00e1lja a szab\u00e1lyalap\u00fa munk\u00e1t. Nem helyettes\u00edti az \u00edt\u00e9l\u0151k\u00e9pess\u00e9get. Itt van, amihez m\u00e9g mindig emberekre van sz\u00fcks\u00e9g:<\/p>\n\n<p><strong>Igaz\u00e1n szokatlan helyzetek kezel\u00e9se.<\/strong> A mesters\u00e9ges intelligencia norm\u00e1l eseteket ir\u00e1ny\u00edt \u00e9s jelzi a kiv\u00e9teleket. De igaz\u00e1n furcsa sz\u00e9ls\u0151s\u00e9ges esetek? Azokhoz emberi probl\u00e9mamegold\u00e1sra van sz\u00fcks\u00e9g.<\/p>\n\n<p><strong>T\u00e1rgyal\u00e1s \u00e9s kapcsolattart\u00e1s.<\/strong> Az \u00fcgyf\u00e9l felh\u00e1borodott a k\u00e9s\u00e9s miatt? A sz\u00e1ll\u00edt\u00f3nak k\u00fcl\u00f6nleges kezel\u00e9sre van sz\u00fcks\u00e9ge? Ez emberi munka.<\/p>\n\n<p><strong>Jobb folyamatok kialak\u00edt\u00e1sa.<\/strong> A mesters\u00e9ges intelligencia nyomon k\u00f6veti a jelenlegi folyamatok teljes\u00edtm\u00e9ny\u00e9t. \u00c1ttervezni \u0151ket a jobb eredm\u00e9nyek \u00e9rdek\u00e9ben? Ez a te csapatod feladata.<\/p>\n\n<p><strong>\u00cdt\u00e9lkez\u00e9si d\u00f6nt\u00e9sek meghozatala.<\/strong> Fel kellene gyors\u00edtanunk ezt? Tegy\u00fcnk kiv\u00e9telt? V\u00e1llaljunk vesztes\u00e9get, hogy meg\u0151rizz\u00fck a kapcsolatot? A sz\u00e1m\u00edt\u00f3g\u00e9pek nem tudj\u00e1k m\u00e9rlegelni ezeket a kompromisszumokat.<\/p>\n\n<p><strong>Komplex j\u00f3v\u00e1hagy\u00e1sok.<\/strong> Az egyszer\u0171 j\u00f3v\u00e1hagy\u00e1sok (az $X keret\u00e9ben, a h\u00e1zirendben) automatiz\u00e1lhat\u00f3k. Az \u00f6sszetett j\u00f3v\u00e1hagy\u00e1sok (strat\u00e9giai d\u00f6nt\u00e9sek, jelent\u0151s kiv\u00e9telek, funkci\u00f3k\u00f6zi hat\u00e1sok) emberi fel\u00fclvizsg\u00e1latot ig\u00e9nyelnek.<\/p>\n\n<p>Gondoljon \u00fagy a mesters\u00e9ges intelligenci\u00e1ra, mint a koordin\u00e1ci\u00f3s r\u00e9teg kezel\u00e9s\u00e9re. Az \u00d6n csapata a gondolkod\u00e1si r\u00e9teget kezeli. Csak gyorsabban csin\u00e1lj\u00e1k, mert a piszkos munk\u00e1t elv\u00e9gezt\u00e9k.<\/p>\n\n\n<hr class=\"wp-block-separator has-alpha-channel-opacity\"\/>\n\n\n\n<h3 class=\"wp-block-heading\">A folyamatautomatiz\u00e1l\u00e1s kezdetei<\/h3>\n\n\n<p>Nem lehet mindent egyszerre automatiz\u00e1lni. Kezdje a legnagyobb volumen\u0171, legink\u00e1bb szabv\u00e1nyos\u00edtott folyamatokkal:<\/p>\n\n<p><strong>J\u00f3 els\u0151 jel\u00f6ltek:<\/strong><\/p>\n<ul>\n<li>Megrendel\u00e9s \u00fatv\u00e1laszt\u00e1s \u00e9s hozz\u00e1rendel\u00e9s<\/li>\n<li>Szabv\u00e1nyos j\u00f3v\u00e1hagy\u00e1si munkafolyamatok<\/li>\n<li>K\u00e9relemfelv\u00e9tel \u00e9s tri\u00e1zs<\/li>\n<li>Feladatv\u00e9gz\u00e9s ellen\u0151rz\u00e9se<\/li>\n<li>\u00c1llapot\u00e9rtes\u00edt\u00e9sek \u00e9s eszkal\u00e1ci\u00f3k<\/li>\n<\/ul>\n\n<p><strong>Nem nagyszer\u0171 els\u0151 jel\u00f6ltek:<\/strong><\/p>\n<ul>\n<li>Nagym\u00e9rt\u00e9kben v\u00e1ltoz\u00f3 folyamatok sok kiv\u00e9tellel<\/li>\n<li>Gyakran v\u00e1ltoz\u00f3 folyamatok<\/li>\n<li>Olyan ter\u00fcletek, ahol az emberi \u00edt\u00e9l\u0151k\u00e9pess\u00e9g minden esetben kritikus jelent\u0151s\u00e9g\u0171<\/li>\n<li>Folyamatok, amelyeket m\u00e9g senki sem dokument\u00e1lt<\/li>\n<\/ul>\n\n<p>Kezdje ott, ahol egy\u00e9rtelm\u0171 a folyamat, nagy a volumen \u00e9s nyilv\u00e1nval\u00f3 a f\u00e1jdalom. Bizony\u00edtsa az \u00e9rt\u00e9ket. Ezut\u00e1n terjeszkedjen ki az \u00f6sszetettebb esetekre.<\/p>\n\n\n<hr class=\"wp-block-separator has-alpha-channel-opacity\"\/>\n\n\n\n<h3 class=\"wp-block-heading\">A l\u00e9nyeg<\/h3>\n\n\n<p>A manu\u00e1lis folyamatkoordin\u00e1ci\u00f3 nem sk\u00e1l\u00e1zhat\u00f3. A nagyobb volumen t\u00f6bb koordin\u00e1ci\u00f3s t\u00f6bbletk\u00f6lts\u00e9get jelent. Csapata a t\u00e9nyleges munka helyett az \u00fatv\u00e1laszt\u00e1sba, a nyomon k\u00f6vet\u00e9sbe \u00e9s a hajsz\u00e1ba temetkezik.<\/p>\n\n<p>A koordin\u00e1ci\u00f3t az AI v\u00e9gzi. Az \u00fatvonalak megfelel\u0151en m\u0171k\u00f6dnek. Figyelemmel k\u00eds\u00e9ri az el\u0151rehalad\u00e1st. Elkapja a kiv\u00e9teleket. Fenntartja a megfelel\u0151s\u00e9get. Mindezt automatikusan.<\/p>\n\n<p>Az \u00d6n csapata mag\u00e1n a munk\u00e1n dolgozik. Nem a munk\u00e1r\u00f3l sz\u00f3l\u00f3 megbesz\u00e9l\u00e9seken. Nem a munk\u00e1t nyomon k\u00f6vet\u0151 e-mailek. Nem a munk\u00e1t nyomon k\u00f6vet\u0151 t\u00e1bl\u00e1zatok.<\/p>\n\n<p>Az eredm\u00e9ny a m\u0171veletek \u00e1raml\u00e1sa. Gyorsabb ciklusid\u0151. Kevesebb hiba. Jobb megfelel\u00e9s. \u00c9s szakemberek, akik a folyamatok hajszol\u00e1sa helyett azt csin\u00e1lj\u00e1k, amiben j\u00f3k.<\/p>\n\n<p>Ez az, amit a folyamatok automatiz\u00e1l\u00e1sa a mesters\u00e9ges intelligenci\u00e1val val\u00f3j\u00e1ban ny\u00fajt. Nem a \"villanyolt\u00e1s\" m\u0171veleteket. Csak kevesebb s\u00farl\u00f3d\u00e1st \u00e9s nagyobb figyelmet a fontos dolgokra.<\/p>\n\n\n<hr class=\"wp-block-separator has-alpha-channel-opacity\"\/>\n\n\n\n<h3 class=\"wp-block-heading\">K\u00e9szen \u00e1ll a munkafolyamatok automatiz\u00e1l\u00e1s\u00e1ra?<\/h3>\n\n\n<p>Minden m\u0171veletnek m\u00e1s-m\u00e1s folyamatai vannak. Az, hogy az \u00d6n v\u00e1llalkoz\u00e1s\u00e1ban mi m\u0171k\u00f6dik, att\u00f3l f\u00fcgg, hogyan m\u0171k\u00f6dik ma.<\/p>\n\n<p>Mi nem \u00e1ltal\u00e1nos munkafolyamat-eszk\u00f6z\u00f6ket er\u0151ltet\u00fcnk. Az \u00d6n egyedi folyamatait vizsg\u00e1ljuk. Hol van a koordin\u00e1ci\u00f3s t\u00f6bbletk\u00f6lts\u00e9g? Hol akadnak el a dolgok? Mit lehet re\u00e1lisan automatiz\u00e1lni az \u00d6n rendszereib\u0151l kiindulva?<\/p>\n\n<p>Ezut\u00e1n olyan automatiz\u00e1l\u00e1st \u00e9p\u00edt\u00fcnk, amely illeszkedik az \u00d6n munkafolyamataihoz. Nem k\u00e9nyszer\u00edtj\u00fck arra, hogy a szoftverhez igazodva v\u00e1ltoztassa meg a munkam\u00f3dszer\u00e9t. A szoftver \u00fagy m\u0171k\u00f6dik, ahogy \u00d6n dolgozik.<\/p>\n\n<p><a href=\"https:\/\/www.leaplytics.de\/hu\/kontakt\/\">Besz\u00e9lj\u00fcnk a folyamatokr\u00f3l<\/a><\/p>\n\n<p><a href=\"https:\/\/www.leaplytics.de\/hu\/operacios-ai\/\">Vissza az Operations AI oldalra<\/a><\/p>","protected":false},"excerpt":{"rendered":"<p>AI for Process Automation &#038; Workflow Operations runs on processes. Order to fulfillment. Request to resolution. Task to completion. Everything follows steps. When processes work smoothly, things flow. When they don&#8217;t, everything gets stuck. Tasks pile up. Handoffs fail. People waste time asking &#8220;where is this?&#8221; and &#8220;who has that?&#8221; Most process problems aren&#8217;t because &hellip; <\/p>","protected":false},"author":2,"featured_media":0,"parent":0,"menu_order":0,"comment_status":"closed","ping_status":"closed","template":"","meta":{"footnotes":""},"class_list":["post-14495","page","type-page","status-publish","hentry","latest_post"],"_links":{"self":[{"href":"https:\/\/www.leaplytics.de\/hu\/wp-json\/wp\/v2\/pages\/14495","targetHints":{"allow":["GET"]}}],"collection":[{"href":"https:\/\/www.leaplytics.de\/hu\/wp-json\/wp\/v2\/pages"}],"about":[{"href":"https:\/\/www.leaplytics.de\/hu\/wp-json\/wp\/v2\/types\/page"}],"author":[{"embeddable":true,"href":"https:\/\/www.leaplytics.de\/hu\/wp-json\/wp\/v2\/users\/2"}],"replies":[{"embeddable":true,"href":"https:\/\/www.leaplytics.de\/hu\/wp-json\/wp\/v2\/comments?post=14495"}],"version-history":[{"count":1,"href":"https:\/\/www.leaplytics.de\/hu\/wp-json\/wp\/v2\/pages\/14495\/revisions"}],"predecessor-version":[{"id":14501,"href":"https:\/\/www.leaplytics.de\/hu\/wp-json\/wp\/v2\/pages\/14495\/revisions\/14501"}],"wp:attachment":[{"href":"https:\/\/www.leaplytics.de\/hu\/wp-json\/wp\/v2\/media?parent=14495"}],"curies":[{"name":"wp","href":"https:\/\/api.w.org\/{rel}","templated":true}]}}