{"id":14496,"date":"2025-12-19T01:59:09","date_gmt":"2025-12-19T00:59:09","guid":{"rendered":"https:\/\/www.leaplytics.de\/?page_id=14496"},"modified":"2025-12-19T01:59:10","modified_gmt":"2025-12-19T00:59:10","slug":"minosegellenorzes-monitoring-ai","status":"publish","type":"page","link":"https:\/\/www.leaplytics.de\/hu\/minosegellenorzes-monitoring-ai\/","title":{"rendered":"Min\u0151s\u00e9gellen\u0151rz\u00e9s \u00e9s monitoring AI"},"content":{"rendered":"<h2>AI a min\u0151s\u00e9gellen\u0151rz\u00e9shez \u00e9s fel\u00fcgyelethez<\/h2>\n\n<p>A min\u0151s\u00e9gi probl\u00e9m\u00e1k dr\u00e1g\u00e1k. Egy gy\u00e1rt\u00e1s k\u00f6zben \u00e9szlelt hiba egy kicsit sokba ker\u00fcl. A vev\u0151 \u00e1ltal \u00e9szlelt hiba sokba ker\u00fcl. Ha csak azut\u00e1n \u00e9szlelik, hogy k\u00e1rt okoz? Az t\u00f6nkreteheti az \u00fczletet.<\/p>\n<p>Az \u00d6n min\u0151s\u00e9g\u00fcgyi csapata tudja ezt. \u0150k ellen\u0151rzik. Tesztelnek. Ellen\u0151rzik. Mindent dokument\u00e1lnak.<\/p>\n<p>De nem tudnak mindent ellen\u0151rizni. T\u00fal nagy a hanger\u0151. T\u00fal sok param\u00e9tert kell figyelni. Mire a mintav\u00e9telez\u00e9s sor\u00e1n \u00e9szreveszik a probl\u00e9m\u00e1kat, a rossz egys\u00e9gek m\u00e1r legy\u00e1rt\u00e1sra ker\u00fcltek.<\/p>\n<p>Az AI megv\u00e1ltoztatja az egyenletet. Folyamatosan k\u00e9pes figyelni. Teljes hanger\u0151vel ellen\u0151rizhet. Olyan mint\u00e1kat fedezhet fel az \u00e9rz\u00e9kel\u0151adatokban, amelyeket az emberek nem vesznek \u00e9szre. Elkapja az elt\u00e9r\u00e9seket, miel\u0151tt azok hib\u00e1v\u00e1 v\u00e1ln\u00e1nak.<\/p>\n<p>Ez nem helyettes\u00edti a min\u0151s\u00e9gi szakembereket. Hat\u00e9konyabb\u00e1 teszi \u0151ket. Kevesebb id\u0151 az ellen\u0151rz\u00e9sre. T\u00f6bb id\u0151 jut a kiv\u00e1lt\u00f3 okok elemz\u00e9s\u00e9re \u00e9s a megel\u0151z\u00e9sre.<\/p>\n\n\n<hr class=\"wp-block-separator has-alpha-channel-opacity\"\/>\n\n\n\n<h3 class=\"wp-block-heading\">Mi\u00e9rt marad el a hagyom\u00e1nyos min\u0151s\u00e9gellen\u0151rz\u00e9s<\/h3>\n\n\n<p>A min\u0151s\u00e9gi probl\u00e9m\u00e1k nem jelentkeznek magukt\u00f3l. Fokozatosan jelennek meg. Egy param\u00e9ter kiss\u00e9 eltol\u00f3dik. Egy folyamat eltol\u00f3dik. Az anyagmin\u0151s\u00e9g v\u00e1ltozik. A berendez\u00e9sek lassan romlanak.<\/p>\n<p>A hagyom\u00e1nyos min\u0151s\u00e9gellen\u0151rz\u00e9s reakt\u00edv:<\/p>\n<ul>\n<li><strong>Mintav\u00e9teles ellen\u0151rz\u00e9s:<\/strong> Ellen\u0151rizzen n\u00e9h\u00e1ny egys\u00e9get, rem\u00e9lem, reprezentat\u00edvak. Hi\u00e1nyoznak a probl\u00e9m\u00e1k azokban az egys\u00e9gekben, amelyeket nem ellen\u0151rizt\u00e9l.<\/li>\n<li><strong>Tervezett vizsg\u00e1latok:<\/strong> \u00d3r\u00e1nk\u00e9nt vagy m\u0171szakonk\u00e9nt teszteljen. Hi\u00e1nyzik, ami a kett\u0151 k\u00f6z\u00f6tt t\u00f6rt\u00e9nik.<\/li>\n<li><strong>K\u00e9zi ellen\u0151rz\u00e9s:<\/strong> Valaki figyeli a m\u0171szerfalakat. Eltereli a figyelm\u00e9t. Nem veszi \u00e9szre a finom v\u00e1ltoz\u00e1sokat.<\/li>\n<li><strong>K\u00e9sleltet\u00e9si id\u0151:<\/strong> Fedezze fel a probl\u00e9m\u00e1kat a gy\u00e1rt\u00e1s ut\u00e1n. Most m\u00e1r van egy t\u00e9tel rossz term\u00e9k.<\/li>\n<\/ul>\n\n<p>A min\u0151s\u00e9gi csapat mindig egy l\u00e9p\u00e9ssel lemarad. Reag\u00e1l a probl\u00e9m\u00e1kra ahelyett, hogy megel\u0151zn\u00e9 azokat.<\/p>\n<p>\u00c9s amikor probl\u00e9m\u00e1k mer\u00fclnek fel? A kiv\u00e1lt\u00f3 ok megtal\u00e1l\u00e1sa a napl\u00f3k \u00e1tvizsg\u00e1l\u00e1s\u00e1t, a t\u00e9telek \u00f6sszehasonl\u00edt\u00e1s\u00e1t \u00e9s az oper\u00e1torok megk\u00e9rdez\u00e9s\u00e9t jelenti. Ez napokig vagy hetekig tart. Ek\u00f6zben m\u00e9g mindig el\u0151fordulhat, hogy hib\u00e1kat gy\u00e1rt.<\/p>\n\n\n<hr class=\"wp-block-separator has-alpha-channel-opacity\"\/>\n\n\n\n<h3 class=\"wp-block-heading\">Mit tesz az AI a min\u0151s\u00e9gellen\u0151rz\u00e9s\u00e9rt<\/h3>\n\n\n<p>A mesters\u00e9ges intelligencia mindent \u00e9s mindenkor figyel. M\u00e9g a hib\u00e1k megjelen\u00e9se el\u0151tt \u00e9szreveszi a probl\u00e9m\u00e1kat jelz\u0151 mint\u00e1kat. M\u00e1r akkor \u00e9szreveszi az elt\u00e9r\u00e9seket, amikor azok m\u00e9g csak kicsik. A probl\u00e9m\u00e1kat automatikusan a kiv\u00e1lt\u00f3 okokig k\u00f6veti.<\/p>\n\n\n<h4 class=\"wp-block-heading\">Folyamatos min\u0151s\u00e9gellen\u0151rz\u00e9s<\/h4>\n\n\n<p>A sz\u00far\u00f3pr\u00f3baszer\u0171 ellen\u0151rz\u00e9sek helyett a mesters\u00e9ges intelligencia folyamatosan fel\u00fcgyel. Minden egys\u00e9get. Minden param\u00e9tert. Minden pillanatban.<\/p>\n<p>Nyomon k\u00f6veti:<\/p>\n<ul>\n<li>Termel\u00e9si param\u00e9terek (h\u0151m\u00e9rs\u00e9klet, nyom\u00e1s, sebess\u00e9g stb.)<\/li>\n<li>Anyagi tulajdons\u00e1gok (konzisztencia, \u00f6sszet\u00e9tel, m\u00e9r\u00e9sek)<\/li>\n<li>A berendez\u00e9sek teljes\u00edtm\u00e9nye (ciklusid\u0151, energiafogyaszt\u00e1s, rezg\u00e9s)<\/li>\n<li>K\u00f6rnyezeti felt\u00e9telek (h\u0151m\u00e9rs\u00e9klet, p\u00e1ratartalom, tisztas\u00e1g)<\/li>\n<li>Folyamat m\u00e9r\u0151sz\u00e1mok (\u00e1tereszt\u0151k\u00e9pess\u00e9g, selejt ar\u00e1ny, ut\u00f3munka gyakoris\u00e1ga)<\/li>\n<\/ul>\n\n<p>Ha valami elt\u00e9r a specifik\u00e1ci\u00f3t\u00f3l - m\u00e9g ha csak egy kicsit is -, azonnal tudod. Nem \u00fagy, amikor hib\u00e1k jelennek meg. Amikor a hib\u00e1kat okoz\u00f3 k\u00f6r\u00fclm\u00e9nyek megjelennek.<\/p>\n<p>Csapata kijav\u00edthatja a probl\u00e9m\u00e1t, miel\u0151tt rossz term\u00e9k k\u00e9sz\u00fclne. Megel\u0151z\u00e9s, nem felder\u00edt\u00e9s.<\/p>\n\n\n<h4 class=\"wp-block-heading\">Automatiz\u00e1lt hiba\u00e9rz\u00e9kel\u00e9s<\/h4>\n\n\n<p>A szemrev\u00e9telez\u00e9s kritikus, de f\u00e1raszt\u00f3. Az emberek elf\u00e1radnak. Kihagynak dolgokat. Lass\u00edtj\u00e1k a termel\u00e9st.<\/p>\n<p>A mesters\u00e9ges intelligencia l\u00e1t\u00f3rendszerek minden egys\u00e9get teljes gy\u00e1rt\u00e1si sebess\u00e9ggel ellen\u0151riznek:<\/p>\n<ul>\n<li>Fel\u00fcleti hib\u00e1k (karcol\u00e1sok, horpad\u00e1sok, elsz\u00ednez\u0151d\u00e9sek)<\/li>\n<li>M\u00e9retpontoss\u00e1g (t\u0171r\u00e9shat\u00e1ron bel\u00fcli m\u00e9r\u00e9sek)<\/li>\n<li>\u00d6sszeszerel\u00e9s helyess\u00e9ge (minden alkatr\u00e9sz jelen van \u00e9s megfelel\u0151en van elhelyezve)<\/li>\n<li>C\u00edmke \u00e9s jel\u00f6l\u00e9s ellen\u0151rz\u00e9se (olvashat\u00f3, helyes inform\u00e1ci\u00f3)<\/li>\n<li>A csomagol\u00e1s s\u00e9rtetlens\u00e9ge (megfelel\u0151en lez\u00e1rt, nem s\u00e9r\u00fclt)<\/li>\n<\/ul>\n\n<p>A rendszer val\u00f3s id\u0151ben jelzi a hib\u00e1kat. Az automatikus szort\u00edroz\u00e1s elt\u00e1vol\u00edtja a hib\u00e1s egys\u00e9geket a sorb\u00f3l. Nincs v\u00e1rakoz\u00e1s a sor v\u00e9gi ellen\u0151rz\u00e9sre.<\/p>\n<p>Jobb min\u0151s\u00e9g az \u00fcgyfelek el\u00e9r\u00e9s\u00e9hez. Kevesebb hullad\u00e9k. Alacsonyabb ellen\u0151rz\u00e9si k\u00f6lts\u00e9gek.<\/p>\n<p><em>Megjegyz\u00e9s: Ez az ism\u00e9tl\u0151d\u0151, j\u00f3l defini\u00e1lt hib\u00e1k eset\u00e9ben m\u0171k\u00f6dik a legjobban. Az \u00fajszer\u0171 probl\u00e9m\u00e1k tov\u00e1bbra is emberi meg\u00edt\u00e9l\u00e9st ig\u00e9nyelnek.<\/em><\/p>\n\n\n<h4 class=\"wp-block-heading\">El\u0151rejelz\u0151 karbantart\u00e1s<\/h4>\n\n\n<p>A berendez\u00e9sek nem csak \u00fagy elromlanak. Hanem le\u00e9p\u00fclnek. A csap\u00e1gyak elkopnak. A kalibr\u00e1ci\u00f3 eltol\u00f3dik. A teljes\u00edtm\u00e9ny cs\u00f6kken. A leromlott berendez\u00e9sek pedig hib\u00e1kat produk\u00e1lnak, miel\u0151tt teljesen meghib\u00e1sodn\u00e1nak.<\/p>\n<p>A mesters\u00e9ges intelligencia val\u00f3s id\u0151ben figyeli a berendez\u00e9sek \u00e1llapot\u00e1t:<\/p>\n<ul>\n<li>Rezg\u00e9smint\u00e1k (csap\u00e1gykop\u00e1s, helytelen be\u00e1ll\u00edt\u00e1s)<\/li>\n<li>H\u0151m\u00e9rs\u00e9kleti trendek (h\u0171t\u00e9si probl\u00e9m\u00e1k, s\u00farl\u00f3d\u00e1si probl\u00e9m\u00e1k)<\/li>\n<li>Energiafogyaszt\u00e1s (motorroml\u00e1s, mechanikai ellen\u00e1ll\u00e1s)<\/li>\n<li>Ciklusid\u0151-v\u00e1ltoz\u00e1s (teljes\u00edtm\u00e9nycs\u00f6kken\u00e9s)<\/li>\n<li>Min\u0151s\u00e9gi kimenet (egyes g\u00e9pek selejtar\u00e1ny\u00e1nak n\u00f6vel\u00e9se)<\/li>\n<\/ul>\n\n<p>Ha a mint\u00e1k probl\u00e9m\u00e1k kialakul\u00e1s\u00e1ra utalnak, figyelmeztet\u00e9st kap. \u00dctemezze a karbantart\u00e1st a meghib\u00e1sod\u00e1s el\u0151tt. Miel\u0151tt a min\u0151s\u00e9g szenvedne. Miel\u0151tt v\u00e9szhelyzeti le\u00e1ll\u00e1s k\u00f6vetkezne be.<\/p>\n<p>Az \u00d6n karbantart\u00e1sa tervezett, nem p\u00e1nikszer\u0171. A berendez\u00e9sek a specifik\u00e1ci\u00f3nak megfelel\u0151en maradnak. A min\u0151s\u00e9g egyenletes marad.<\/p>\n\n\n<h4 class=\"wp-block-heading\">Gy\u00f6keres okok elemz\u00e9se<\/h4>\n\n\n<p>Min\u0151s\u00e9gi probl\u00e9m\u00e1t fedeztek fel. Most mi a teend\u0151? Melyik t\u00e9tel? Melyik g\u00e9p? Melyik m\u0171szak? Melyik anyagt\u00e9tel? Melyik besz\u00e1ll\u00edt\u00f3?<\/p>\n<p>Manu\u00e1lisan ez \u00f3r\u00e1kig tart\u00f3 vizsg\u00e1lat. A mesters\u00e9ges intelligencia m\u00e1sodpercek alatt elv\u00e9gzi:<\/p>\n<ul>\n<li>Mikor kezd\u0151dtek a hib\u00e1k?<\/li>\n<li>Melyik berendez\u00e9s \u00e1ll\u00edtotta el\u0151 az \u00e9rintett egys\u00e9geket?<\/li>\n<li>Milyen anyagt\u00e9teleket haszn\u00e1ltak?<\/li>\n<li>Melyik oper\u00e1torok dolgoztak?<\/li>\n<li>Milyen folyamatparam\u00e9terek v\u00e1ltoztak?<\/li>\n<li>Milyen karbantart\u00e1st v\u00e9geztek a k\u00f6zelm\u00faltban?<\/li>\n<\/ul>\n\n<p>A mesters\u00e9ges intelligencia a min\u0151s\u00e9gi probl\u00e9m\u00e1kat mindezekkel a t\u00e9nyez\u0151kkel hozza \u00f6sszef\u00fcgg\u00e9sbe. Lesz\u0171k\u00edti a val\u00f3sz\u00edn\u0171 okokat. A min\u0151s\u00e9g\u00fcgyi csapata a val\u00f3sz\u00edn\u0171s\u00edthet\u0151 kiv\u00e1lt\u00f3 okot vizsg\u00e1lja, nem pedig minden lehet\u0151s\u00e9get.<\/p>\n<p>Gyorsabb felbont\u00e1s. Jobb jav\u00edt\u00e1sok. Kevesebb id\u0151 a megoldatlan probl\u00e9m\u00e1val.<\/p>\n\n\n<h4 class=\"wp-block-heading\">Folyamatkapacit\u00e1s-fel\u00fcgyelet<\/h4>\n\n\n<p>Az \u00d6n folyamata val\u00f3ban k\u00e9pes megfelelni a specifik\u00e1ci\u00f3knak? Marad\u00e9kkal dolgozik, vagy \u00e9pp a hat\u00e1ron van?<\/p>\n<p>A mesters\u00e9ges intelligencia folyamatosan nyomon k\u00f6veti a folyamatok k\u00e9pess\u00e9g\u00e9re vonatkoz\u00f3 m\u00e9r\u0151sz\u00e1mokat:<\/p>\n<ul>\n<li>A kritikus param\u00e9terek Cp \u00e9s Cpk \u00e9rt\u00e9kei<\/li>\n<li>Mennyire k\u00f6zel van a specifik\u00e1ci\u00f3s hat\u00e1r\u00e9rt\u00e9kekhez<\/li>\n<li>A folyamat id\u0151beli v\u00e1ltoz\u00e1sa (stabil vagy n\u00f6vekszik?)<\/li>\n<li>\u00d6sszehasonl\u00edt\u00e1s g\u00e9pek, m\u0171szakok, kezel\u0151k k\u00f6z\u00f6tt<\/li>\n<\/ul>\n\n<p>Amikor a k\u00e9pess\u00e9gek cs\u00f6kkenni kezdenek, m\u00e9g miel\u0151tt min\u0151s\u00e9gi probl\u00e9m\u00e1v\u00e1 v\u00e1lna. Szigor\u00edtsa a folyamatot. Foglalkozzon a vari\u00e1ci\u00f3 forr\u00e1s\u00e1val. Tartsa fenn a megfelel\u0151 \u00e1rr\u00e9st.<\/p>\n<p>Proakt\u00edv folyamatir\u00e1ny\u00edt\u00e1s a reakt\u00edv v\u00e1ls\u00e1gkezel\u00e9s helyett.<\/p>\n\n\n<h4 class=\"wp-block-heading\">Megfelel\u00e9si dokument\u00e1ci\u00f3<\/h4>\n\n\n<p>A min\u0151s\u00e9ghez dokument\u00e1ci\u00f3ra van sz\u00fcks\u00e9g. Vizsg\u00e1lati eredm\u00e9nyek. Ellen\u0151rz\u00e9si jegyz\u0151k\u00f6nyvek. Kalibr\u00e1l\u00e1si tan\u00fas\u00edtv\u00e1nyok. Anyagok nyomon k\u00f6vethet\u0151s\u00e9ge. Elt\u00e9r\u00e9si jelent\u00e9sek.<\/p>\n<p>Ennek k\u00e9zi szervez\u00e9se f\u00e1raszt\u00f3. Egy dokumentum kihagy\u00e1sa egy ellen\u0151rz\u00e9s sor\u00e1n k\u00f6lts\u00e9ges.<\/p>\n<p>A mesters\u00e9ges intelligencia automatikusan karbantartja a min\u0151s\u00e9gi nyilv\u00e1ntart\u00e1st:<\/p>\n<ul>\n<li>A vizsg\u00e1lati eredm\u00e9nyeket konkr\u00e9t t\u00e9telekhez \u00e9s t\u00e9telekhez k\u00f6ti<\/li>\n<li>Nyomon k\u00f6veti az anyagok nyomon k\u00f6vethet\u0151s\u00e9g\u00e9t a gy\u00e1rt\u00e1son kereszt\u00fcl<\/li>\n<li>Az ellen\u0151rz\u00e9si nyilv\u00e1ntart\u00e1sokat id\u0151rendben \u00e9s krit\u00e9riumok szerint rendszerezi.<\/li>\n<li>Jelzi a hi\u00e1nyz\u00f3 dokument\u00e1ci\u00f3t az ellen\u0151rz\u00e9sek el\u0151tt<\/li>\n<li>Ig\u00e9ny szerint megfelel\u0151s\u00e9gi jelent\u00e9seket k\u00e9sz\u00edt<\/li>\n<\/ul>\n\n<p>Dokument\u00e1ci\u00f3ja teljes \u00e9s rendezett. Az ellen\u0151rz\u00e9sek z\u00f6kken\u0151mentesen zajlanak. A megfelel\u00e9s ellen\u0151rizhet\u0151, nem pedig \u00e1ll\u00edtott.<\/p>\n\n\n<h4 class=\"wp-block-heading\">Min\u0151s\u00e9gi trendelemz\u00e9s<\/h4>\n\n\n<p>Javul vagy romlik a min\u0151s\u00e9g? Mely term\u00e9kekkel van a legt\u00f6bb probl\u00e9ma? Melyik besz\u00e1ll\u00edt\u00f3 biztos\u00edtja a legk\u00f6vetkezetesebb anyagot?<\/p>\n<p>A mesters\u00e9ges intelligencia minden dimenzi\u00f3ban nyomon k\u00f6veti a min\u0151s\u00e9gi trendeket:<\/p>\n<ul>\n<li>Hibaar\u00e1nyok az id\u0151 m\u00fal\u00e1s\u00e1val (t\u00edpusonk\u00e9nt, term\u00e9kenk\u00e9nt, ok szerint)<\/li>\n<li>Az els\u0151 l\u00e9p\u00e9s hozam\u00e1nak alakul\u00e1sa<\/li>\n<li>\u00dcgyf\u00e9lpanaszok<\/li>\n<li>Besz\u00e1ll\u00edt\u00f3i min\u0151s\u00e9gi teljes\u00edtm\u00e9ny<\/li>\n<li>Folyamatstabilit\u00e1si m\u00e9r\u0151sz\u00e1mok<\/li>\n<\/ul>\n\n<p>L\u00e1tod a mint\u00e1kat. Ennek a besz\u00e1ll\u00edt\u00f3nak az anyagmin\u0151s\u00e9ge romlik. Ennek a term\u00e9kcsal\u00e1dnak a hibaar\u00e1nya egyre n\u0151. Ez a folyamat egyre kev\u00e9sb\u00e9 stabil.<\/p>\n<p>Kezelje a probl\u00e9m\u00e1kat kor\u00e1n, am\u00edg m\u00e9g kicsik. Folyamatos fejleszt\u00e9s adatok, nem anekdot\u00e1k alapj\u00e1n.<\/p>\n\n\n<hr class=\"wp-block-separator has-alpha-channel-opacity\"\/>\n\n\n\n<h3 class=\"wp-block-heading\">Mit jelent ez az \u00d6n sz\u00e1m\u00e1ra<\/h3>\n\n\n\n<h4 class=\"wp-block-heading\">COO-k \u00e9s operat\u00edv vezet\u0151k sz\u00e1m\u00e1ra<\/h4>\n\n\n<p><strong>Kevesebb hiba jut el az \u00fcgyfelekhez.<\/strong> A gy\u00e1rt\u00e1si folyamat sor\u00e1n hamarabb felismerhet\u0151ek a probl\u00e9m\u00e1k. Jobb min\u0151s\u00e9g alacsonyabb k\u00f6lts\u00e9ggel.<\/p>\n\n<p><strong>Alacsonyabb min\u0151s\u00e9gi k\u00f6lts\u00e9gek.<\/strong> Kevesebb ut\u00f3munka. Kevesebb selejt. Kevesebb garanci\u00e1lis ig\u00e9ny. Kevesebb visszak\u00fcld\u00e9s.<\/p>\n\n<p><strong>V\u00e9dett m\u00e1rka h\u00edrneve.<\/strong> A k\u00f6vetkezetes min\u0151s\u00e9g bizalmat \u00e9p\u00edt. A min\u0151s\u00e9gi hib\u00e1k lerombolj\u00e1k azt. A megel\u0151z\u00e9s megv\u00e9di a h\u00edrnev\u00e9t.<\/p>\n\n<p><strong>Jobb megfelel\u00e9s.<\/strong> Teljes dokument\u00e1ci\u00f3. Ellen\u0151rizhet\u0151 folyamatok. Z\u00f6kken\u0151mentes auditok. A szab\u00e1lyoz\u00e1si probl\u00e9m\u00e1k kisebb kock\u00e1zata.<\/p>\n\n<p><strong>Kisz\u00e1m\u00edthat\u00f3 m\u0171veletek.<\/strong> Ismerje a berendez\u00e9sek \u00e1llapot\u00e1t a meghib\u00e1sod\u00e1sok el\u0151tt. Tervezze meg a karbantart\u00e1st a meghib\u00e1sod\u00e1sokra val\u00f3 reag\u00e1l\u00e1s helyett.<\/p>\n\n\n<h4 class=\"wp-block-heading\">Min\u0151s\u00e9g\u00fcgyi vezet\u0151k sz\u00e1m\u00e1ra<\/h4>\n\n\n<p><strong>Kor\u00e1bban \u00e9szlelje a probl\u00e9m\u00e1kat.<\/strong> A hib\u00e1k el\u0151tt, nem ut\u00e1na. Am\u00edg k\u00f6nnyen jav\u00edthat\u00f3ak, nem pedig miut\u00e1n megszaporodtak.<\/p>\n\n<p><strong>Teljes l\u00e1that\u00f3s\u00e1g.<\/strong> Tudja, mi t\u00f6rt\u00e9nik az eg\u00e9sz termel\u00e9sben. Nem mintav\u00e9telez\u00e9s-monitoroz\u00e1s mindenr\u0151l.<\/p>\n\n<p><strong>Gyorsabb gy\u00f6keres okelemz\u00e9s.<\/strong> A t\u00f6bb \u00f3r\u00e1s nyomoz\u00e1s percekbe s\u0171r\u00edtve. A probl\u00e9m\u00e1k gyorsabb megold\u00e1sa.<\/p>\n\n<p><strong>Ideje a megel\u0151z\u00e9snek.<\/strong> Kevesebb id\u0151 az ellen\u0151rz\u00e9sre \u00e9s a dokument\u00e1l\u00e1sra. T\u00f6bb id\u0151 a folyamatjav\u00edt\u00e1si \u00e9s megel\u0151z\u00e9si kezdem\u00e9nyez\u00e9sekre.<\/p>\n\n<p><strong>Adatvez\u00e9relt fejleszt\u00e9s.<\/strong> Tudja pontosan, hogy honnan sz\u00e1rmaznak a min\u0151s\u00e9gi probl\u00e9m\u00e1k. C\u00e9lozza meg a fejleszt\u00e9si er\u0151fesz\u00edt\u00e9seket ott, ahol a legt\u00f6bbet sz\u00e1m\u00edtanak.<\/p>\n\n\n<h4 class=\"wp-block-heading\">Gy\u00e1rt\u00f3csapatok sz\u00e1m\u00e1ra<\/h4>\n\n\n<p><strong>Val\u00f3s idej\u0171 visszajelz\u00e9s.<\/strong> Tudja meg azonnal, ha valami baj van. Jav\u00edtsa ki, miel\u0151tt rossz term\u00e9ket k\u00e9sz\u00edtene.<\/p>\n\n<p><strong>Egy\u00e9rtelm\u0171 min\u0151s\u00e9gi el\u0151\u00edr\u00e1sok.<\/strong> Az automatiz\u00e1lt ellen\u0151rz\u00e9s k\u00f6vetkezetes. Nincs elt\u00e9r\u00e9s abban, hogy mi megy \u00e1t \u00e9s mi nem.<\/p>\n\n<p><strong>Kevesebb ut\u00f3munka.<\/strong> A probl\u00e9m\u00e1k kor\u00e1bbi \u00e9szlel\u00e9se kevesebb id\u0151t jelent a probl\u00e9m\u00e1k jav\u00edt\u00e1s\u00e1ra.<\/p>\n\n<p><strong>M\u0171k\u00f6d\u0151 berendez\u00e9sek.<\/strong> A megel\u0151z\u0151 karbantart\u00e1s kevesebb meghib\u00e1sod\u00e1st \u00e9s jobb teljes\u00edtm\u00e9ny\u0171 g\u00e9peket jelent.<\/p>\n\n\n<hr class=\"wp-block-separator has-alpha-channel-opacity\"\/>\n\n\n\n<h3 class=\"wp-block-heading\">Amit az AI nem tud<\/h3>\n\n\n<p>A mesters\u00e9ges intelligencia kiv\u00e1l\u00f3an alkalmas a mintafelismer\u00e9sre \u00e9s a megfigyel\u00e9sre. De vannak korl\u00e1tai:<\/p>\n\n<p><strong>Hat\u00e1rozza meg, mit jelent a min\u0151s\u00e9g.<\/strong> A mesters\u00e9ges intelligencia az \u00d6n \u00e1ltal meghat\u00e1rozott specifik\u00e1ci\u00f3kat ellen\u0151rzi. Nem tudja, hogy val\u00f3j\u00e1ban mi \u00e9rdekli az \u00fcgyfeleit. Ez m\u00e9g mindig az \u00d6n csapat\u00e1ra tartozik.<\/p>\n\n<p><strong>Kezelje az \u00faj hib\u00e1kat.<\/strong> A mesters\u00e9ges intelligencia felismeri a mint\u00e1kat, amelyekre kik\u00e9pezt\u00e9k. Teljesen \u00faj hibat\u00edpusok? Lehet, hogy nem veszi \u00e9szre \u0151ket, am\u00edg \u00fajra nem k\u00e9pzik.<\/p>\n\n<p><strong>Hozzon d\u00f6nt\u00e9seket.<\/strong> Kisebb hib\u00e1val sz\u00e1ll\u00edtson a vev\u0151i hat\u00e1rid\u0151 betart\u00e1sa \u00e9rdek\u00e9ben? Selejtezze a t\u00e9telt vagy pr\u00f3b\u00e1lja meg \u00e1tdolgozni? Ezek a d\u00f6nt\u00e9sek emberi kontextust ig\u00e9nyelnek.<\/p>\n\n<p><strong>Jav\u00edtsa a folyamatokat.<\/strong> A mesters\u00e9ges intelligencia azonos\u00edtja a probl\u00e9m\u00e1kat. A folyamatok \u00fajratervez\u00e9se a megel\u0151z\u00e9s\u00fck \u00e9rdek\u00e9ben? Ez m\u00e9rn\u00f6ki munka, nem mesters\u00e9ges intelligencia.<\/p>\n\n<p><strong>Min\u0151s\u00e9gi szak\u00e9rtelem helyettes\u00edt\u00e9se.<\/strong> A mesters\u00e9ges intelligencia figyeli \u00e9s \u00e9szleli az esem\u00e9nyeket. Az \u00d6n min\u0151s\u00e9g\u00fcgyi szakemberei v\u00e9gzik az elemz\u00e9st, az \u00e9rt\u00e9kel\u00e9st \u00e9s a folyamatos fejleszt\u00e9st.<\/p>\n\n<p>Gondoljon \u00fagy a mesters\u00e9ges intelligenci\u00e1ra, mint ami emberfeletti megfigyel\u00e9si k\u00e9pess\u00e9ggel, de nulla \u00edt\u00e9l\u0151k\u00e9pess\u00e9ggel rendelkezik. Az \u00d6n min\u0151s\u00e9g\u00fcgyi csapata biztos\u00edtja az \u00edt\u00e9l\u0151k\u00e9pess\u00e9get.<\/p>\n\n\n<hr class=\"wp-block-separator has-alpha-channel-opacity\"\/>\n\n\n\n<h3 class=\"wp-block-heading\">Az AI min\u0151s\u00e9gellen\u0151rz\u00e9ssel val\u00f3 kezd\u00e9s<\/h3>\n\n\n<p>Kezdje ott, ahol a min\u0151s\u00e9gi probl\u00e9m\u00e1k a legt\u00f6bbe ker\u00fclnek:<\/p>\n\n<p><strong>Nagy volumen\u0171 ism\u00e9tl\u0151d\u0151 ellen\u0151rz\u00e9s?<\/strong> Kezdje az automatiz\u00e1lt vizu\u00e1lis ellen\u0151rz\u00e9ssel. Gyorsan megt\u00e9r\u00fcl a munkaer\u0151-megtakar\u00edt\u00e1s \u00e9s a jobb felismer\u00e9s.<\/p>\n\n<p><strong>A berendez\u00e9sek megb\u00edzhat\u00f3s\u00e1g\u00e1val kapcsolatos probl\u00e9m\u00e1k?<\/strong> Kezdje a megel\u0151z\u0151 karbantart\u00e1ssal. El\u0151zze meg a meghib\u00e1sod\u00e1sokat \u00e9s az \u00e1ltaluk okozott min\u0151s\u00e9gi probl\u00e9m\u00e1kat.<\/p>\n\n<p><strong>\u00dcgyf\u00e9lpanaszok a k\u00f6vetkezetess\u00e9ggel kapcsolatban?<\/strong> Kezdje a folyamatfigyel\u00e9ssel. Kapja el a param\u00e9tereltol\u00f3d\u00e1st, miel\u0151tt az hib\u00e1kat okozna.<\/p>\n\n<p><strong>Probl\u00e9m\u00e1k a hib\u00e1k okainak visszakeres\u00e9s\u00e9vel?<\/strong> Kezdje a gy\u00f6k\u00e9relemz\u00e9s automatiz\u00e1l\u00e1s\u00e1val. A probl\u00e9m\u00e1k gyorsabb megold\u00e1sa.<\/p>\n\n<p>Nem kell mindent automatiz\u00e1lni. Kezdje a legnagyobb f\u00e1jdalmas ponttal, bizony\u00edtsa az \u00e9rt\u00e9ket, majd b\u0151v\u00edtse.<\/p>\n\n\n<hr class=\"wp-block-separator has-alpha-channel-opacity\"\/>\n\n\n\n<h3 class=\"wp-block-heading\">A l\u00e9nyeg<\/h3>\n\n\n<p>A min\u0151s\u00e9gellen\u0151rz\u00e9s mindig is arr\u00f3l sz\u00f3lt, hogy m\u00e9g az \u00fcgyfelek el\u0151tt megtal\u00e1ljuk a probl\u00e9m\u00e1kat. A hagyom\u00e1nyos m\u00f3dszerek a mintav\u00e9telre \u00e9s a sz\u00far\u00f3pr\u00f3baszer\u0171 ellen\u0151rz\u00e9sekre t\u00e1maszkodnak. Nem lehet mindent megvizsg\u00e1lni, ez\u00e9rt azt kell elkapni, amit lehet.<\/p>\n\n<p>Az AI ezt megv\u00e1ltoztatja. Mindent folyamatosan ellen\u0151rizni. Ellen\u0151rizzen minden egys\u00e9get teljes sebess\u00e9ggel. A probl\u00e9m\u00e1k korai st\u00e1diumban t\u00f6rt\u00e9n\u0151 felismer\u00e9se. Automatikusan nyomon k\u00f6veti a probl\u00e9m\u00e1k gy\u00f6ker\u00e9t.<\/p>\n\n<p>Az \u00d6n min\u0151s\u00e9g\u00fcgyi csapata az \u00e9szlel\u00e9st\u0151l a megel\u0151z\u00e9s fel\u00e9 halad. A probl\u00e9m\u00e1kra val\u00f3 reag\u00e1l\u00e1st\u00f3l a probl\u00e9m\u00e1k megel\u0151z\u00e9s\u00e9ig.<\/p>\n\n<p>Az eredm\u00e9ny? Jobb min\u0151s\u00e9g jut el a v\u00e1s\u00e1rl\u00f3khoz. Alacsonyabb k\u00f6lts\u00e9gek a kevesebb hiba miatt. Megb\u00edzhat\u00f3bb m\u0171k\u00f6d\u00e9s. A min\u0151s\u00e9g\u00fcgyi szakemberek pedig azt teszik, amihez a legjobban \u00e9rtenek: a folyamatok jav\u00edt\u00e1sa ahelyett, hogy csak fel\u00fcgyeln\u00e9k azokat.<\/p>\n\n<p>Ezt ny\u00fajtja a mesters\u00e9ges intelligencia a min\u0151s\u00e9gellen\u0151rz\u00e9sben. Nem helyettes\u00edti a min\u0151s\u00e9g\u00fcgyi szak\u00e9rtelmet - feler\u0151s\u00edti azt.<\/p>\n\n\n<hr class=\"wp-block-separator has-alpha-channel-opacity\"\/>\n\n\n\n<h3 class=\"wp-block-heading\">K\u00e9szen \u00e1ll a min\u0151s\u00e9gellen\u0151rz\u00e9s jav\u00edt\u00e1s\u00e1ra?<\/h3>\n\n\n<p>A min\u0151s\u00e9gi k\u00f6vetelm\u00e9nyek minden ipar\u00e1gban \u00e9s minden term\u00e9k eset\u00e9ben elt\u00e9r\u0151ek. Ami az \u00d6n m\u0171k\u00f6d\u00e9s\u00e9ben sz\u00e1m\u00edt, az csak az \u00d6n v\u00e1llalkoz\u00e1s\u00e1ra jellemz\u0151.<\/p>\n\n<p>Mi nem \u00e1ltal\u00e1nos min\u0151s\u00e9gi megold\u00e1sokat \u00e1rulunk. Az \u00d6n egyedi kih\u00edv\u00e1sait vizsg\u00e1ljuk. Milyen min\u0151s\u00e9gi probl\u00e9m\u00e1k ker\u00fclnek \u00f6nnek a legt\u00f6bbe? Mi az, ami megval\u00f3s\u00edthat\u00f3 az \u00d6n folyamatai \u00e9s berendez\u00e9sei mellett?<\/p>\n\n<p>Ezut\u00e1n az \u00d6n m\u0171k\u00f6d\u00e9s\u00e9hez illeszked\u0151 min\u0151s\u00e9gi fel\u00fcgyeletet \u00e9s ellen\u0151rz\u00e9st \u00e9p\u00edt\u00fcnk ki. Nem k\u00e9nyszer\u00edtj\u00fck \u00d6nt valaki m\u00e1s min\u0151s\u00e9gi keretrendszer\u00e9be. Olyan megold\u00e1sok, amelyek az \u00d6n t\u00e9nyleges folyamataihoz alkalmazkodnak.<\/p>\n\n<p><a href=\"https:\/\/www.leaplytics.de\/hu\/kontakt\/\">Besz\u00e9ljen vel\u00fcnk a min\u0151s\u00e9gi kih\u00edv\u00e1sair\u00f3l<\/a><\/p>\n\n<p><a href=\"https:\/\/www.leaplytics.de\/hu\/operacios-ai\/\">Vissza az Operations AI oldalra<\/a><\/p>","protected":false},"excerpt":{"rendered":"<p>AI for Quality Control &#038; Monitoring Quality problems are expensive. A defect caught in production costs a little. Caught by the customer costs a lot. Caught after it causes harm? That can destroy a business. Your quality team knows this. They inspect. They test. They monitor. They document everything. But they can&#8217;t check everything. Too &hellip; <\/p>","protected":false},"author":2,"featured_media":0,"parent":0,"menu_order":0,"comment_status":"closed","ping_status":"closed","template":"","meta":{"footnotes":""},"class_list":["post-14496","page","type-page","status-publish","hentry","latest_post"],"_links":{"self":[{"href":"https:\/\/www.leaplytics.de\/hu\/wp-json\/wp\/v2\/pages\/14496","targetHints":{"allow":["GET"]}}],"collection":[{"href":"https:\/\/www.leaplytics.de\/hu\/wp-json\/wp\/v2\/pages"}],"about":[{"href":"https:\/\/www.leaplytics.de\/hu\/wp-json\/wp\/v2\/types\/page"}],"author":[{"embeddable":true,"href":"https:\/\/www.leaplytics.de\/hu\/wp-json\/wp\/v2\/users\/2"}],"replies":[{"embeddable":true,"href":"https:\/\/www.leaplytics.de\/hu\/wp-json\/wp\/v2\/comments?post=14496"}],"version-history":[{"count":1,"href":"https:\/\/www.leaplytics.de\/hu\/wp-json\/wp\/v2\/pages\/14496\/revisions"}],"predecessor-version":[{"id":14503,"href":"https:\/\/www.leaplytics.de\/hu\/wp-json\/wp\/v2\/pages\/14496\/revisions\/14503"}],"wp:attachment":[{"href":"https:\/\/www.leaplytics.de\/hu\/wp-json\/wp\/v2\/media?parent=14496"}],"curies":[{"name":"wp","href":"https:\/\/api.w.org\/{rel}","templated":true}]}}