{"id":14497,"date":"2025-12-19T01:59:23","date_gmt":"2025-12-19T00:59:23","guid":{"rendered":"https:\/\/www.leaplytics.de\/?page_id=14497"},"modified":"2025-12-19T01:59:23","modified_gmt":"2025-12-19T00:59:23","slug":"eroforras-tervezes-utemezes-ai","status":"publish","type":"page","link":"https:\/\/www.leaplytics.de\/hu\/eroforras-tervezes-utemezes-ai\/","title":{"rendered":"Er\u0151forr\u00e1s-tervez\u00e9s \u00e9s \u00fctemez\u00e9s AI"},"content":{"rendered":"<h2>AI az er\u0151forr\u00e1s-tervez\u00e9shez \u00e9s \u00fctemez\u00e9shez<\/h2>\n\n<p>Az \u00fctemez\u00e9s egy rejtv\u00e9ny. Emberek. Berendez\u00e9s. Feladatok. Hat\u00e1rid\u0151k. K\u00e9pess\u00e9gek. Kapacit\u00e1s. Korl\u00e1tok. Minden darabnak illeszkednie kell.<\/p>\n<p>\u00c9s a rejtv\u00e9ny folyamatosan v\u00e1ltozik. Valaki beteget jelent. A berendez\u00e9s elromlik. S\u00fcrg\u0151s megrendel\u00e9s \u00e9rkezik. Az \u00fcgyf\u00e9l megv\u00e1ltoztatja az ig\u00e9nyeket. \u00dajrakezdj\u00fck.<\/p>\n<p>Az \u00fctemez\u0151i \u00f3r\u00e1kat t\u00f6ltenek azzal, hogy m\u0171k\u00f6d\u0151 \u00fctemterveket k\u00e9sz\u00edtsenek. Azt\u00e1n m\u00e9g t\u00f6bb \u00f3r\u00e1t t\u00f6ltenek a m\u00f3dos\u00edt\u00e1sukkal, amikor a val\u00f3s\u00e1g nem m\u0171k\u00f6dik egy\u00fctt.<\/p>\n<p>Ek\u00f6zben egyes csapatok t\u00falterheltek, m\u00edg m\u00e1soknak van kapacit\u00e1suk. Az egyik oszt\u00e1lyon t\u00fal\u00f3r\u00e1k halmoz\u00f3dnak fel, m\u00edg a m\u00e1sik \u00fcresen \u00e1ll. A berendez\u00e9sek kihaszn\u00e1lts\u00e1ga egyenetlen. A sz\u00e1ll\u00edt\u00e1si hat\u00e1rid\u0151k cs\u00fasznak.<\/p>\n<p>A mesters\u00e9ges intelligencia ezt optimaliz\u00e1lni tudja. Nem t\u00f6k\u00e9letesen - semmi sem kezeli t\u00f6k\u00e9letesen a val\u00f3s\u00e1got. De jobb, mint a k\u00e9zi \u00fctemez\u00e9s. Gyorsabb be\u00e1ll\u00edt\u00e1sok. Jobb kihaszn\u00e1lts\u00e1g. Re\u00e1lisabb tervek.<\/p>\n\n\n<hr class=\"wp-block-separator has-alpha-channel-opacity\"\/>\n\n\n\n<h3 class=\"wp-block-heading\">Mi\u00e9rt nem sk\u00e1l\u00e1zhat\u00f3 a k\u00e9zi \u00fctemez\u00e9s<\/h3>\n\n\n<p>A kisebb m\u0171veletek manu\u00e1lisan is \u00fctemezhet\u0151k. Az \u00fctemez\u0151 mindenkit ismer. Ismeri a berendez\u00e9seket. Ismeri a munk\u00e1t. Mindezt a fej\u00e9ben vagy egy t\u00e1bl\u00e1zatban zsongl\u0151rk\u00f6dik.<\/p>\n<p>Ahogy n\u0151sz, ez megszakad:<\/p>\n<ul>\n<li>T\u00fal sok v\u00e1ltoz\u00f3t kell manu\u00e1lisan nyomon k\u00f6vetni<\/li>\n<li>T\u00fal sok korl\u00e1toz\u00f3 t\u00e9nyez\u0151t kell egyszerre egyens\u00falyba hozni<\/li>\n<li>V\u00e1ltoz\u00e1sok kaszk\u00e1dja - az egyik \u00fctemterv jav\u00edt\u00e1sa megszak\u00edtja a m\u00e1sikat<\/li>\n<li>Nincs id\u0151 optimaliz\u00e1lni - csak szerezz\u00fcnk valamit, ami m\u0171k\u00f6dik.<\/li>\n<li>T\u0171zolt\u00e1s a kiv\u00e9telek ellen a megel\u0151z\u00e9s\u00fck helyett<\/li>\n<\/ul>\n\n<p>Az \u00fctemez\u0151i okosak \u00e9s tapasztaltak. De lehetetlen sz\u00e1m\u00edt\u00e1sokat v\u00e9geznek. T\u00f6bb sz\u00e1z korl\u00e1toz\u00e1st egyens\u00falyoznak t\u00f6bb tucat er\u0151forr\u00e1son.<\/p>\n<p>Az eredm\u00e9ny? \"M\u0171k\u00f6d\u0151\", de nem optim\u00e1lis id\u0151beoszt\u00e1s. A kihaszn\u00e1lts\u00e1g alacsonyabb, mint lehetne. A sz\u00fcks\u00e9gesn\u00e9l t\u00f6bb t\u00fal\u00f3ra. Rosszabb sz\u00e1ll\u00edt\u00e1si teljes\u00edtm\u00e9ny, mint amit a kapacit\u00e1s lehet\u0151v\u00e9 tenne.<\/p>\n<p>Nem az\u00e9rt, mert az \u00fctemez\u0151k nem v\u00e9gzik j\u00f3l a munk\u00e1jukat. Mert a probl\u00e9ma t\u00fal \u00f6sszetett a k\u00e9zi optimaliz\u00e1l\u00e1shoz.<\/p>\n\n\n<hr class=\"wp-block-separator has-alpha-channel-opacity\"\/>\n\n\n\n<h3 class=\"wp-block-heading\">Mit tesz a mesters\u00e9ges intelligencia az er\u0151forr\u00e1s-tervez\u00e9s \u00e9s -\u00fctemez\u00e9s ter\u00e9n?<\/h3>\n\n\n<p>A mesters\u00e9ges intelligencia kezeli a matematikai optimaliz\u00e1l\u00e1st. Az \u00f6sszes k\u00e9nyszert egyszerre veszi figyelembe. Gyorsabban tal\u00e1l megold\u00e1sokat, mint az ember. Alkalmazkodik, amikor a dolgok v\u00e1ltoznak.<\/p>\n<p>Az \u00f6n\u00f6k \u00fctemez\u0151i biztos\u00edtj\u00e1k az \u00edt\u00e9letet. A mesters\u00e9ges intelligencia biztos\u00edtja a sz\u00e1m\u00edt\u00e1st.<\/p>\n\n\n<h4 class=\"wp-block-heading\">Optimaliz\u00e1lt \u00fctemterv gener\u00e1l\u00e1s<\/h4>\n\n\n<p>A mesters\u00e9ges intelligencia olyan \u00fctemterveket k\u00e9sz\u00edt, amelyek egyszerre kiegyens\u00falyozz\u00e1k az \u00f6sszes korl\u00e1toz\u00e1st:<\/p>\n<ul>\n<li><strong>Kereslet:<\/strong> Milyen munk\u00e1t kell elv\u00e9gezni \u00e9s mikor<\/li>\n<li><strong>Kapacit\u00e1s:<\/strong> Ki \u00e1ll rendelkez\u00e9sre, milyen felszerel\u00e9s \u00e1ll rendelkez\u00e9sre<\/li>\n<li><strong>K\u00e9pess\u00e9gek:<\/strong> Ki milyen feladatokra alkalmas<\/li>\n<li><strong>Korl\u00e1toz\u00e1sok:<\/strong> M\u0171szakrend, sz\u00fcnetekre vonatkoz\u00f3 k\u00f6vetelm\u00e9nyek, felszerel\u00e9si korl\u00e1toz\u00e1sok<\/li>\n<li><strong>Priorit\u00e1sok:<\/strong> S\u00fcrg\u0151s megrendel\u00e9sek, kiemelt \u00fcgyfelek, strat\u00e9giai fontoss\u00e1g<\/li>\n<li><strong>K\u00f6lts\u00e9gek:<\/strong> Rendszeres munkaid\u0151 vs. t\u00fal\u00f3ra, berendez\u00e9sek elhaszn\u00e1l\u00f3d\u00e1sa, be\u00e1ll\u00edt\u00e1si k\u00f6lts\u00e9gek<\/li>\n<\/ul>\n\n<p>Nem csak tal\u00e1l egy menetrendet, ami m\u0171k\u00f6dik. Olyan j\u00f3 \u00fctemtervet tal\u00e1l, amely optimaliz\u00e1lja a kihaszn\u00e1lts\u00e1got, minimaliz\u00e1lja a k\u00f6lts\u00e9geket \u00e9s betartja a hat\u00e1rid\u0151ket.<\/p>\n<p>Az \u00d6n \u00fctemez\u0151je fel\u00fclvizsg\u00e1lja a mesters\u00e9ges intelligencia javaslat\u00e1t. Kiigaz\u00edtja a mesters\u00e9ges intelligencia \u00e1ltal nem ismert dolgokat (\u00fcgyf\u00e9lkapcsolatok, csapatdinamika, strat\u00e9giai priorit\u00e1sok). De egy optimaliz\u00e1lt alaphelyzetb\u0151l indul ki, nem pedig egy \u00fcres lapr\u00f3l.<\/p>\n<p>Munka\u00f3r\u00e1k percekbe s\u0171r\u00edtve.<\/p>\n\n\n<h4 class=\"wp-block-heading\">Intelligens munkaterhel\u00e9s-kiegyenl\u00edt\u00e9s<\/h4>\n\n\n<p>A kiegyens\u00falyozatlan munkaterhel\u00e9s dr\u00e1ga. Az egyik csapat t\u00fal\u00f3r\u00e1zik, m\u00edg a m\u00e1sik laz\u00edt. Az egyik g\u00e9p 24\/7-ben fut, m\u00edg a m\u00e1sik \u00fcresen \u00e1ll.<\/p>\n<p>A mesters\u00e9ges intelligencia a k\u00f6vetkez\u0151k alapj\u00e1n osztja el a munk\u00e1t:<\/p>\n<ul>\n<li>Jelenlegi munkaterhel\u00e9s csoportonk\u00e9nt \u00e9s egy\u00e9nenk\u00e9nt<\/li>\n<li>Az egyes er\u0151forr\u00e1sok kapacit\u00e1sa \u00e9s k\u00e9pess\u00e9ge<\/li>\n<li>Hat\u00e9konys\u00e1gi k\u00fcl\u00f6nbs\u00e9gek (egyes emberek gyorsabbak bizonyos feladatokban)<\/li>\n<li>F\u00f6ldrajzi vagy ter\u00fcleti korl\u00e1tok<\/li>\n<li>K\u00e9pz\u00e9si \u00e9s fejleszt\u00e9si c\u00e9lok (v\u00e1ltozatos munka eloszt\u00e1sa a tanul\u00e1s \u00e9rdek\u00e9ben)<\/li>\n<\/ul>\n\n<p>Eredm\u00e9ny? Egyenletesebb munkaterhel\u00e9s. Kevesebb t\u00fal\u00f3ra. Jobb er\u0151forr\u00e1s-kihaszn\u00e1l\u00e1s. Kevesebb sz\u0171k keresztmetszet.<\/p>\n<p>Az emberek fenntarthat\u00f3 temp\u00f3ban dolgoznak, ahelyett, hogy v\u00e1ltakozva csapkodn\u00e1nak \u00e9s \u00fcresj\u00e1ratban lenn\u00e9nek.<\/p>\n\n\n<h4 class=\"wp-block-heading\">Val\u00f3s idej\u0171 menetrend adapt\u00e1ci\u00f3<\/h4>\n\n\n<p>A menetrendek nem \u00e9lik t\u00fal a val\u00f3s\u00e1ggal val\u00f3 \u00e9rintkez\u00e9st. Valaki beteg. A berendez\u00e9sek elromlanak. S\u00fcrg\u0151s megrendel\u00e9s \u00e9rkezik. Az \u00fcgyf\u00e9l lemondja.<\/p>\n<p>A k\u00e9zi \u00e1t\u00fctemez\u00e9s \u00f3r\u00e1kba telik. Mire elk\u00e9sz\u00fcl, valami m\u00e1s is megv\u00e1ltozik.<\/p>\n<p>Az AI val\u00f3s id\u0151ben alkalmazkodik:<\/p>\n<ul>\n<li>Jelentett t\u00e1voll\u00e9t? A munka \u00fajb\u00f3li kiegyens\u00falyoz\u00e1sa a megmaradt csapatban.<\/li>\n<li>Le\u00e1llt a berendez\u00e9s? Helyezze \u00e1t a feladatokat m\u00e1s g\u00e9pekre.<\/li>\n<li>S\u00fcrg\u0151s rendel\u00e9s \u00e9rkezik? Helyezze be, \u00e9s \u00e1ll\u00edtson be minden m\u00e1st.<\/li>\n<li>Sok\u00e1ig tart a munka? Tov\u00e1bb\u00edtja a kiigaz\u00edt\u00e1sokat.<\/li>\n<\/ul>\n\n<p>Az \u00d6n \u00fctemez\u0151je fel\u00fclvizsg\u00e1lja a mesters\u00e9ges intelligencia \u00e1ltal javasolt m\u00f3dos\u00edt\u00e1sokat. A kontextus alapj\u00e1n j\u00f3v\u00e1hagyja vagy m\u00f3dos\u00edtja. De nem \u00e9p\u00edti \u00fajra a null\u00e1r\u00f3l.<\/p>\n<p>Gyorsabb reag\u00e1l\u00e1s a zavarokra. Kevesebb k\u00e1osz. Re\u00e1lisabb \u00edg\u00e9retek az \u00fcgyfeleknek.<\/p>\n\n\n<h4 class=\"wp-block-heading\">Kapacit\u00e1s el\u0151rejelz\u00e9s<\/h4>\n\n\n<p>Lesz el\u00e9g kapacit\u00e1s a k\u00f6vetkez\u0151 h\u00f3napban? A k\u00f6vetkez\u0151 negyed\u00e9vben? Sz\u00fcks\u00e9ge van felv\u00e9telre? Felszerel\u00e9st kell hozz\u00e1adni? N\u00f6velni a m\u0171szakokat?<\/p>\n<p>A mesters\u00e9ges intelligencia el\u0151rejelzi a kapacit\u00e1sig\u00e9nyeket a k\u00f6vetkez\u0151k alapj\u00e1n:<\/p>\n<ul>\n<li>Keresleti el\u0151rejelz\u00e9s (az elad\u00e1sok vagy a m\u00faltbeli mint\u00e1k alapj\u00e1n)<\/li>\n<li>Jelenlegi kapacit\u00e1s (emberek, felszerel\u00e9s, id\u0151)<\/li>\n<li>Ismert korl\u00e1toz\u00e1sok (tervezett karbantart\u00e1s, szabads\u00e1g, k\u00e9pz\u00e9s)<\/li>\n<li>T\u00f6rt\u00e9nelmi termel\u00e9kenys\u00e9gi r\u00e1t\u00e1k<\/li>\n<li>N\u00f6veked\u00e9si tendenci\u00e1k<\/li>\n<\/ul>\n\n<p>Megmutatja, hogy mikor \u00e9ri el a kapacit\u00e1shat\u00e1rt. Mennyivel lesz kevesebb. Milyen t\u00edpus\u00fa er\u0151forr\u00e1sokra van sz\u00fcks\u00e9ged.<\/p>\n<p>A kapacit\u00e1sb\u0151v\u00edt\u00e9seket m\u00e1r azel\u0151tt megtervezheti, miel\u0151tt k\u00e9ts\u00e9gbeesne. Vegyen fel alkalmazottakat a sz\u00fcks\u00e9gletek el\u0151tt, ne p\u00e1nikszer\u0171en. Tervezze a karbantart\u00e1st az alacsony ig\u00e9nybev\u00e9tel\u0171 id\u0151szakokra, ne akkor, amikor az a sz\u00e1ll\u00edt\u00e1sok elmarad\u00e1s\u00e1ra k\u00e9nyszer\u00edti.<\/p>\n<p>Adatokon, nem pedig meg\u00e9rz\u00e9seken alapul\u00f3 kapacit\u00e1si d\u00f6nt\u00e9sek.<\/p>\n\n\n<h4 class=\"wp-block-heading\">K\u00e9szs\u00e9gek egyeztet\u00e9se<\/h4>\n\n\n<p>Nem mindenki tud minden munk\u00e1t elv\u00e9gezni. A k\u00e9pes\u00edt\u00e9sek sz\u00e1m\u00edtanak. A tapasztalat sz\u00e1m\u00edt. A jelenlegi k\u00e9szs\u00e9gszint sz\u00e1m\u00edt.<\/p>\n<p>AI p\u00e1ly\u00e1k:<\/p>\n<ul>\n<li>Ki milyen k\u00e9pes\u00edt\u00e9sekkel \u00e9s k\u00e9pes\u00edt\u00e9sekkel rendelkezik<\/li>\n<li>Ki milyen term\u00e9kekkel vagy folyamatokkal rendelkezik tapasztalattal<\/li>\n<li>Aki k\u00e9pz\u00e9sben van, szemben a teljesen k\u00e9pzettekkel<\/li>\n<li>Ki milyen feladatokban teljes\u00edt jobban<\/li>\n<\/ul>\n\n<p>A munka \u00fctemez\u00e9s\u00e9n\u00e9l figyelembe veszi a k\u00e9szs\u00e9gig\u00e9nyeket. \u00d6sszehasonl\u00edtja a k\u00e9pzett embereket a feladatokkal. Megjel\u00f6li a hi\u00e1nyszakm\u00e1kat ig\u00e9nyl\u0151 munkak\u00f6r\u00f6ket.<\/p>\n<p>Seg\u00edt a k\u00e9pz\u00e9s tervez\u00e9s\u00e9ben is. Megmutatja a k\u00e9szs\u00e9gbeli hi\u00e1nyoss\u00e1gokat. Javasolja, hogy ki mit k\u00e9pezzen \u00e1t.<\/p>\n<p>A megfelel\u0151 szem\u00e9ly a megfelel\u0151 munk\u00e1ra. Jobb min\u0151s\u00e9g. Kevesebb hiba. Gyorsabb befejez\u00e9s.<\/p>\n\n\n<h4 class=\"wp-block-heading\">Korl\u00e1toz\u00e1sok kezel\u00e9se<\/h4>\n\n\n<p>Minden m\u0171veletnek vannak korl\u00e1tai. Korl\u00e1tozott felszerelts\u00e9g. M\u0171szakos munkarend. Sz\u00fcneti k\u00f6vetelm\u00e9nyek. Az anyagok el\u00e9rhet\u0151s\u00e9ge. Vev\u0151i id\u0151ablakok.<\/p>\n<p>Az AI egyszerre kezeli az \u00f6sszes k\u00e9nyszert:<\/p>\n<ul>\n<li>Biztos\u00edtja, hogy senki ne tervezzen a kapacit\u00e1st meghalad\u00f3an<\/li>\n<li>Tiszteletben tartja a m\u0171szakrendet \u00e9s a sz\u00fcnetekre vonatkoz\u00f3 k\u00f6vetelm\u00e9nyeket<\/li>\n<li>Sz\u00e1mol a k\u00fcl\u00f6nb\u00f6z\u0151 munk\u00e1k k\u00f6z\u00f6tti be\u00e1ll\u00edt\u00e1si id\u0151kkel<\/li>\n<li>Figyelembe veszi az anyagok el\u00e9rhet\u0151s\u00e9g\u00e9t (nem lehet \u00fctemezni, ha az anyagok nincsenek itt)<\/li>\n<li>Megfelel az \u00fcgyfelek sz\u00e1ll\u00edt\u00e1si ablakainak<\/li>\n<li>Ellent\u00e9tes priorit\u00e1sok k\u00f6z\u00f6tti egyens\u00faly (k\u00f6lts\u00e9g vs. sebess\u00e9g vs. min\u0151s\u00e9g)<\/li>\n<\/ul>\n\n<p>Olyan menetrendek, amelyek a val\u00f3s\u00e1gban is m\u0171k\u00f6dnek, nem csak pap\u00edron.<\/p>\n\n\n<h4 class=\"wp-block-heading\">Menetrend Teljes\u00edtm\u00e9nyelemz\u00e9s<\/h4>\n\n\n<p>Mennyire pontosak a menetrendek? Hol hib\u00e1sak? Mi okozza a k\u00e9s\u00e9seket?<\/p>\n<p>A mesters\u00e9ges intelligencia nyomon k\u00f6veti az \u00fctemterv teljes\u00edtm\u00e9ny\u00e9t:<\/p>\n<ul>\n<li>Milyen gyakran fejez\u0151dnek be id\u0151ben a feladatok a korai\/k\u00e9s\u0151i befejez\u00e9ssel szemben?<\/li>\n<li>Mely t\u00edpus\u00fa feladatok futnak k\u00f6vetkezetesen t\u00f6bb mint<\/li>\n<li>Ahol sz\u0171k keresztmetszetek alakulnak ki<\/li>\n<li>Mennyi \u00e1t\u00fctemez\u00e9s t\u00f6rt\u00e9nik (a rossz kezdeti tervez\u00e9s jele)<\/li>\n<li>Kihaszn\u00e1lts\u00e1gi ar\u00e1nyok er\u0151forr\u00e1s-t\u00edpusonk\u00e9nt<\/li>\n<\/ul>\n\n<p>L\u00e1tod, hol t\u00e9vednek a becsl\u00e9sek. Ahol a folyamatok lassabbak a tervezettn\u00e9l. Ahol a kapacit\u00e1s t\u00e9nylegesen korl\u00e1tozott.<\/p>\n<p>Az \u00fctemez\u00e9si pontoss\u00e1g folyamatos jav\u00edt\u00e1sa. Jobb \u00edg\u00e9retek. Megb\u00edzhat\u00f3bb sz\u00e1ll\u00edt\u00e1s.<\/p>\n\n\n<hr class=\"wp-block-separator has-alpha-channel-opacity\"\/>\n\n\n\n<h3 class=\"wp-block-heading\">Mit jelent ez az \u00d6n sz\u00e1m\u00e1ra<\/h3>\n\n\n\n<h4 class=\"wp-block-heading\">COO-k \u00e9s operat\u00edv vezet\u0151k sz\u00e1m\u00e1ra<\/h4>\n\n\n<p><strong>Magasabb er\u0151forr\u00e1s-kihaszn\u00e1lts\u00e1g.<\/strong> Kevesebb \u00fcresj\u00e1rati id\u0151. Kevesebb egyenl\u0151tlen munkaterhel\u00e9s. T\u00f6bb teljes\u00edtm\u00e9ny ugyanazon er\u0151forr\u00e1sokb\u00f3l.<\/p>\n\n<p><strong>Alacsonyabb t\u00fal\u00f3rak\u00f6lts\u00e9gek.<\/strong> A jobb munkamegoszt\u00e1s azt jelenti, hogy a hat\u00e1rid\u0151k betart\u00e1sa \u00e9rdek\u00e9ben kevesebb t\u00fal\u00f3r\u00e1ra van sz\u00fcks\u00e9g.<\/p>\n\n<p><strong>Jobb id\u0151ben t\u00f6rt\u00e9n\u0151 sz\u00e1ll\u00edt\u00e1s.<\/strong> Minden korl\u00e1toz\u00e1st figyelembe vev\u0151 \u00e9s a v\u00e1ltoz\u00e1sokhoz alkalmazkod\u00f3 \u00fctemtervek. Kevesebb kihagyott hat\u00e1rid\u0151.<\/p>\n\n<p><strong>Kisz\u00e1m\u00edthat\u00f3 kapacit\u00e1stervez\u00e9s.<\/strong> Tudd meg, mikor lesz sz\u00fcks\u00e9ged t\u00f6bb er\u0151forr\u00e1sra, miel\u0151tt kev\u00e9s leszel. Tervezze proakt\u00edvan a munkaer\u0151-felv\u00e9telt \u00e9s az eszk\u00f6zbeszerz\u00e9st.<\/p>\n\n<p><strong>Sk\u00e1l\u00e1zhat\u00f3 \u00fctemez\u00e9s.<\/strong> Kezelje a n\u00f6veked\u00e9st \u00fctemez\u0151k hozz\u00e1ad\u00e1sa n\u00e9lk\u00fcl. A matematika sk\u00e1l\u00e1zhat\u00f3; a k\u00e9zi \u00fctemez\u00e9s nem.<\/p>\n\n\n<h4 class=\"wp-block-heading\">\u00dczemeltet\u00e9si \u00e9s termel\u00e9si vezet\u0151k sz\u00e1m\u00e1ra<\/h4>\n\n\n<p><strong>Ne t\u00f6lts\u00f6n t\u00f6bb \u00f3r\u00e1t a menetrendekkel.<\/strong> A mesters\u00e9ges intelligencia v\u00e9gzi az optimaliz\u00e1l\u00e1st. \u00d6n v\u00e9gzi az \u00e9rt\u00e9kel\u00e9st \u00e9s a v\u00e9gs\u0151 be\u00e1ll\u00edt\u00e1sokat.<\/p>\n\n<p><strong>Gyorsan alkalmazkodjon a v\u00e1ltoz\u00e1sokhoz.<\/strong> A zavarok megt\u00f6rt\u00e9nnek. Ne \u00f3r\u00e1k, hanem percek alatt \u00fctemezze \u00e1t.<\/p>\n\n<p><strong>Re\u00e1lis \u00edg\u00e9retek az \u00fcgyfeleknek.<\/strong> Tudja, hogy a val\u00f3s kapacit\u00e1sok \u00e9s korl\u00e1toz\u00e1sok alapj\u00e1n mit tud t\u00e9nylegesen teljes\u00edteni.<\/p>\n\n<p><strong>A korl\u00e1toz\u00e1sok l\u00e1that\u00f3s\u00e1ga.<\/strong> N\u00e9zze meg, hol van kapacit\u00e1skorl\u00e1toz\u00e1s. Hozzon megalapozott d\u00f6nt\u00e9seket a befektet\u00e9sekr\u0151l.<\/p>\n\n<p><strong>M\u00e9lt\u00e1nyos munkaterhel\u00e9s-eloszt\u00e1s.<\/strong> Nincs t\u00f6bb\u00e9 n\u00e9h\u00e1ny ember, akiket lecsapnak, m\u00edg m\u00e1soknak laza. Jobb csapatmor\u00e1l.<\/p>\n\n\n<h4 class=\"wp-block-heading\">Csapatok sz\u00e1m\u00e1ra<\/h4>\n\n\n<p><strong>Kisz\u00e1m\u00edthat\u00f3 menetrendek.<\/strong> Tudja, hogy min \u00e9s mikor dolgozik. Kevesebb meglepet\u00e9s az utols\u00f3 pillanatban.<\/p>\n\n<p><strong>M\u00e9lt\u00e1nyos munkaterhel\u00e9s.<\/strong> A munka eloszt\u00e1sa a kapacit\u00e1s alapj\u00e1n t\u00f6rt\u00e9nik, nem pedig az alapj\u00e1n, hogy az \u00fctemez\u0151 kire gondolt el\u0151sz\u00f6r.<\/p>\n\n<p><strong>Megfelel\u0151 k\u00e9szs\u00e9gek a munk\u00e1hoz.<\/strong> Olyan munk\u00e1ra osztj\u00e1k be, amelyre alkalmas vagy, nem pedig olyan helyzetekbe sodorj\u00e1k, amelyekre nem vagy felk\u00e9sz\u00fclve.<\/p>\n\n<p><strong>Fenntarthat\u00f3 temp\u00f3.<\/strong> Kevesebb lakoma vagy \u00e9h\u00edns\u00e9g. K\u00f6vetkezetesebb munkaterhel\u00e9s.<\/p>\n\n\n<hr class=\"wp-block-separator has-alpha-channel-opacity\"\/>\n\n\n\n<h3 class=\"wp-block-heading\">Amit az AI nem tud<\/h3>\n\n\n<p>A mesters\u00e9ges intelligencia az \u00d6n \u00e1ltal megadott korl\u00e1toz\u00e1sok \u00e9s priorit\u00e1sok alapj\u00e1n optimaliz\u00e1l. De nem helyettes\u00edti az \u00fctemez\u0151i \u00edt\u00e9letet:<\/p>\n\n<p><strong>Az \u00fcgyf\u00e9lkapcsolatok meg\u00e9rt\u00e9se.<\/strong> Ez az \u00fcgyf\u00e9l strat\u00e9giai fontoss\u00e1g\u00fa, \u00e9s \u00e9rdemes priorit\u00e1sk\u00e9nt kezelni, m\u00e9g akkor is, ha szerz\u0151d\u00e9sileg nem k\u00f6telez\u0151. A mesters\u00e9ges intelligencia nem tudja ezt, hacsak \u00d6n nem mondja meg neki.<\/p>\n\n<p><strong>Csapatdinamika olvas\u00e1sa.<\/strong> Ez a k\u00e9t ember rosszul m\u0171k\u00f6dik egy\u00fctt. Ez a szem\u00e9ly szem\u00e9lyes probl\u00e9m\u00e1kkal k\u00fczd, \u00e9s k\u00f6nnyebb teherre van sz\u00fcks\u00e9ge. Emberi tud\u00e1s, nem adatok.<\/p>\n\n<p><strong>Strat\u00e9giai kompromisszumok k\u00f6t\u00e9se.<\/strong> Elfogadja a k\u00e9sedelmes sz\u00e1ll\u00edt\u00e1st a t\u00fal\u00f3r\u00e1k cs\u00f6kkent\u00e9se \u00e9rdek\u00e9ben? S\u00fcrgetni ezt a munk\u00e1t annak a munk\u00e1nak a rov\u00e1s\u00e1ra? Kontextusf\u00fcgg\u0151 d\u00f6nt\u00e9sek.<\/p>\n\n<p><strong>P\u00e9ld\u00e1tlan helyzetek kezel\u00e9se.<\/strong> A t\u00f6rt\u00e9nelmi adatokban semmihez sem hasonl\u00edthat\u00f3 jelent\u0151s zavar? Emberi probl\u00e9mamegold\u00e1sra van sz\u00fcks\u00e9g, nem optimaliz\u00e1l\u00f3 matematik\u00e1ra.<\/p>\n\n<p><strong>A priorit\u00e1sok meghat\u00e1roz\u00e1sa.<\/strong> Az AI \u00fctemez\u00e9s az \u00d6n \u00e1ltal meghat\u00e1rozott priorit\u00e1sok (k\u00f6lts\u00e9g, sebess\u00e9g, min\u0151s\u00e9g stb.) szerint. A priorit\u00e1sok meghat\u00e1roz\u00e1sa? Ez egy \u00fczleti d\u00f6nt\u00e9s.<\/p>\n\n<p>Gondolj \u00fagy a mesters\u00e9ges intelligenci\u00e1ra, mint egy igaz\u00e1n j\u00f3 \u00fctemez\u0151re, aki m\u00e1sodpercek alatt dolgozik, \u00e9s soha nem k\u00f6vet el matematikai hib\u00e1kat. De m\u00e9g mindig sz\u00fcks\u00e9ge van a priorit\u00e1sok \u00e9s a kontextus meghat\u00e1roz\u00e1s\u00e1ra.<\/p>\n\n\n<hr class=\"wp-block-separator has-alpha-channel-opacity\"\/>\n\n\n\n<h3 class=\"wp-block-heading\">Kezd\u0151 l\u00e9p\u00e9sek az AI \u00fctemez\u00e9ssel<\/h3>\n\n\n<p>Kezdje ott, ahol az \u00fctemez\u00e9s a legf\u00e1jdalmasabb:<\/p>\n\n<p><strong>\u00d6sszetett \u00fctemez\u00e9s sok korl\u00e1toz\u00e1ssal?<\/strong> A mesters\u00e9ges intelligencia jobban kezeli a komplexit\u00e1st, mint az ember. Nagy gy\u0151zelmek az optimaliz\u00e1l\u00e1s ter\u00e9n.<\/p>\n\n<p><strong>Gyakori \u00e1t\u00fctemez\u00e9s zavarok miatt?<\/strong> A val\u00f3s idej\u0171 alkalmazkod\u00e1s akkor seg\u00edt a legt\u00f6bbet, ha a tervek folyamatosan v\u00e1ltoznak.<\/p>\n\n<p><strong>Egyenetlen er\u0151forr\u00e1s-kihaszn\u00e1l\u00e1s?<\/strong> Az AI munkaterhel\u00e9s-kiegyenl\u00edt\u00e9se gyorsan jav\u00edtja a kihaszn\u00e1lts\u00e1got.<\/p>\n\n<p><strong>Kapacit\u00e1s-tervez\u00e9si bizonytalans\u00e1g?<\/strong> A kapacit\u00e1s-el\u0151rejelz\u00e9s seg\u00edt a beruh\u00e1z\u00e1sok biztos tervez\u00e9s\u00e9ben.<\/p>\n\n<p>Nem kell egyszerre automatiz\u00e1lnia az \u00f6sszes \u00fctemez\u00e9st. Kezdje egy oszt\u00e1llyal, egy munkat\u00edpussal vagy egy f\u0151 f\u00e1jdalmas ponttal. Bizony\u00edtsa be az \u00e9rt\u00e9ket. Azt\u00e1n terjeszkedjen.<\/p>\n\n\n<hr class=\"wp-block-separator has-alpha-channel-opacity\"\/>\n\n\n\n<h3 class=\"wp-block-heading\">A l\u00e9nyeg<\/h3>\n\n\n<p>Az \u00fctemez\u00e9s optimaliz\u00e1l\u00e1si matematika. Min\u00e9l \u00f6sszetettebb a m\u0171velet, ann\u00e1l nehezebb a matematika. A k\u00e9zi \u00fctemez\u00e9s a n\u00f6veked\u00e9s sor\u00e1n a hat\u00e1rait s\u00farolja.<\/p>\n\n<p>A mesters\u00e9ges intelligencia kezeli a matematikai komplexit\u00e1st. Egyszerre veszi figyelembe az \u00f6sszes k\u00e9nyszert. Gyorsan tal\u00e1l optim\u00e1lis megold\u00e1sokat. Alkalmazkodik a val\u00f3s\u00e1g v\u00e1ltoz\u00e1saihoz.<\/p>\n\n<p>Az \u00d6n \u00fctemez\u0151i az \u00edt\u00e9l\u0151k\u00e9pess\u00e9gre, a priorit\u00e1sokra \u00e9s a kiv\u00e9telekre \u00f6sszpontos\u00edtanak. A mesters\u00e9ges intelligencia a sz\u00e1m\u00edt\u00e1sokat v\u00e9gzi.<\/p>\n\n<p>Eredm\u00e9ny? Jobb er\u0151forr\u00e1s-kihaszn\u00e1l\u00e1s. Alacsonyabb k\u00f6lts\u00e9gek. Megb\u00edzhat\u00f3bb sz\u00e1ll\u00edt\u00e1s. \u00c9s az \u00fctemez\u0151k strat\u00e9giai gondolkod\u00e1st v\u00e9geznek ahelyett, hogy t\u00e1bl\u00e1zatokkal k\u00fczden\u00e9nek.<\/p>\n\n<p>Ez az, amit a mesters\u00e9ges intelligencia az er\u0151forr\u00e1s-tervez\u00e9s \u00e9s -\u00fctemez\u00e9s ter\u00e9n t\u00e9nylegesen ny\u00fajt. Nem helyettes\u00edti a tervez\u00e9si szak\u00e9rtelmet - hat\u00e9konyabb\u00e1 teszi azt.<\/p>\n\n\n<hr class=\"wp-block-separator has-alpha-channel-opacity\"\/>\n\n\n\n<h3 class=\"wp-block-heading\">K\u00e9szen \u00e1ll az \u00fctemez\u00e9s optimaliz\u00e1l\u00e1s\u00e1ra?<\/h3>\n\n\n<p>Minden m\u0171veletnek m\u00e1s \u00e9s m\u00e1s \u00fctemez\u00e9si kih\u00edv\u00e1sokkal kell szemben\u00e9znie. Az \u00d6n korl\u00e1tai, er\u0151forr\u00e1sai \u00e9s priorit\u00e1sai egyediek az \u00d6n v\u00e1llalkoz\u00e1s\u00e1ban.<\/p>\n\n<p>Nem er\u0151ltet\u00fcnk egyform\u00e1n haszn\u00e1lhat\u00f3 \u00fctemez\u00e9si eszk\u00f6z\u00f6ket. Az \u00d6n egyedi helyzet\u00e9t vizsg\u00e1ljuk. Mi nehez\u00edti meg az \u00fctemez\u00e9st az \u00d6n sz\u00e1m\u00e1ra? Milyen korl\u00e1tok sz\u00e1m\u00edtanak a legink\u00e1bb? Mi a re\u00e1lis a jelenlegi rendszereit figyelembe v\u00e9ve?<\/p>\n\n<p>Ezut\u00e1n olyan \u00fctemez\u00e9si optimaliz\u00e1l\u00e1st k\u00e9sz\u00edt\u00fcnk, amely megfelel az \u00d6n m\u0171k\u00f6d\u00e9s\u00e9nek. Nem k\u00e9nyszer\u00edtj\u00fck \u00d6nt valaki m\u00e1s munkafolyamat\u00e1ba. Olyan megold\u00e1sok, amelyek az \u00d6n t\u00e9nyleges m\u0171k\u00f6d\u00e9s\u00e9vel \u00f6sszhangban m\u0171k\u00f6dnek.<\/p>\n\n<p><a href=\"https:\/\/www.leaplytics.de\/hu\/kontakt\/\">Besz\u00e9lj\u00fcnk az \u00d6n \u00fctemez\u00e9si kih\u00edv\u00e1sair\u00f3l<\/a><\/p>\n\n<p><a href=\"https:\/\/www.leaplytics.de\/hu\/operacios-ai\/\">Vissza az Operations AI oldalra<\/a><\/p>","protected":false},"excerpt":{"rendered":"<p>AI for Resource Planning &#038; Scheduling Scheduling is a puzzle. People. Equipment. Tasks. Deadlines. Skills. Capacity. Constraints. Every piece has to fit. And the puzzle keeps changing. Someone calls in sick. Equipment breaks down. A rush order comes in. Customer changes requirements. Start over. Your schedulers spend hours building schedules that work. Then spend more &hellip; <\/p>","protected":false},"author":2,"featured_media":0,"parent":0,"menu_order":0,"comment_status":"closed","ping_status":"closed","template":"","meta":{"footnotes":""},"class_list":["post-14497","page","type-page","status-publish","hentry","latest_post"],"_links":{"self":[{"href":"https:\/\/www.leaplytics.de\/hu\/wp-json\/wp\/v2\/pages\/14497","targetHints":{"allow":["GET"]}}],"collection":[{"href":"https:\/\/www.leaplytics.de\/hu\/wp-json\/wp\/v2\/pages"}],"about":[{"href":"https:\/\/www.leaplytics.de\/hu\/wp-json\/wp\/v2\/types\/page"}],"author":[{"embeddable":true,"href":"https:\/\/www.leaplytics.de\/hu\/wp-json\/wp\/v2\/users\/2"}],"replies":[{"embeddable":true,"href":"https:\/\/www.leaplytics.de\/hu\/wp-json\/wp\/v2\/comments?post=14497"}],"version-history":[{"count":1,"href":"https:\/\/www.leaplytics.de\/hu\/wp-json\/wp\/v2\/pages\/14497\/revisions"}],"predecessor-version":[{"id":14505,"href":"https:\/\/www.leaplytics.de\/hu\/wp-json\/wp\/v2\/pages\/14497\/revisions\/14505"}],"wp:attachment":[{"href":"https:\/\/www.leaplytics.de\/hu\/wp-json\/wp\/v2\/media?parent=14497"}],"curies":[{"name":"wp","href":"https:\/\/api.w.org\/{rel}","templated":true}]}}