{"id":1785,"date":"2021-04-30T00:16:19","date_gmt":"2021-04-29T22:16:19","guid":{"rendered":"https:\/\/www.leaplytics.de\/?page_id=1785"},"modified":"2024-10-29T13:47:21","modified_gmt":"2024-10-29T12:47:21","slug":"projektmenedzsment-csomag-a-qliksense-szamara","status":"publish","type":"page","link":"https:\/\/www.leaplytics.de\/hu\/cimoldal\/qlik-sense-kiterjesztesek\/projektmenedzsment-csomag-a-qliksense-szamara\/","title":{"rendered":"Project Management Suite for Qlik Sense"},"content":{"rendered":"<p>Szabaduljon meg az el\u00e9gtelen \u00e9s kiforratlan projektmenedzsment foltozatt\u00f3l a Qlik Sense-ben a LeapLytics Project Management Suite seg\u00edts\u00e9g\u00e9vel!<\/p>\n\n\n\n<p>A Project Management Suite for Qlik Sense mindent tartalmaz, amire sz\u00fcks\u00e9ge van egy \u00e1tfog\u00f3 projektmenedzsment st\u00e1tuszjelent\u00e9s elk\u00e9sz\u00edt\u00e9s\u00e9hez. Tartalmaz 3 egyed\u00fcl\u00e1ll\u00f3magvas vizualiz\u00e1ci\u00f3t: Kock\u00e1zati m\u00e1trix \u00e9s id\u0151vonal. Ezen k\u00edv\u00fcl megkapja a projektmenedzsment m\u0171szerfal\u00e1nak kialak\u00edt\u00e1s\u00e1hoz sz\u00fcks\u00e9ges kieg\u00e9sz\u00edt\u0151ket. A b\u0151v\u00edtm\u00e9nyek nagy teljes\u00edtm\u00e9nyt, magas szint\u0171 \u00e9retts\u00e9get \u00e9s haszn\u00e1lhat\u00f3s\u00e1got, valamint az egy\u00e9ni ig\u00e9nyekhez igazod\u00f3 rugalmass\u00e1got mutatnak.<\/p>\n\n\n\n<p>A Suite megfelel\u0151 kieg\u00e9sz\u00edt\u0151ket tartalmaz, amelyek val\u00f3ban jav\u00edtj\u00e1k a projektmenedzsment m\u0171szerfal l\u00e9trehoz\u00e1s\u00e1t. A Divider Strokes a m\u0171szerfalat olyan ter\u00fcletekre struktur\u00e1lhatja, amelyek maxim\u00e1lis teljes\u00edtm\u00e9ny mellett vezetik a felhaszn\u00e1l\u00f3t. A Maturity Viewer a projekt szakaszait vagy f\u00e1zisait teszi m\u00e9g \u00e1ttekinthet\u0151bb\u00e9. A Company Logo Extension az egy\u00e9ni v\u00e1llalati log\u00f3t egy haszn\u00e1lhat\u00f3 QlikSense objektumba helyezi \u00e1t. A log\u00f3 \u00e1talak\u00edt\u00e1sa ingyenes.<\/p>\n\n\n\n<p>A Suite egy k\u00f6nnyen haszn\u00e1lhat\u00f3 bundling-integr\u00e1ci\u00f3val is rendelkezik, hogy a projektmenedzsment-b\u0151v\u00edtm\u00e9nyeket egy pillant\u00e1ssal l\u00e1thassa. A b\u0151v\u00edtm\u00e9nyek \u00f6sszehangolt felhaszn\u00e1l\u00f3i vezet\u00e9st mutatnak a be\u00e1ll\u00edt\u00e1sokon kereszt\u00fcl, valamint intuit\u00edv kezel\u00e9st k\u00f3dol\u00e1si tapasztalat n\u00e9lk\u00fcl. Az \u00e1tfog\u00f3 dokument\u00e1ci\u00f3 \u00fczleti vonatkoz\u00e1s\u00fa felhaszn\u00e1l\u00e1si esetekkel eg\u00e9sz\u00edti ki a k\u00f6nny\u0171 haszn\u00e1latot. A gyakori \u00e9s szil\u00e1rd kiad\u00e1sok naprak\u00e9szen tartj\u00e1k a felhaszn\u00e1l\u00e1si eseteket.<\/p>\n\n\n\n<h3 class=\"wp-block-heading\">Project Management Suite for Qlik Sense tartalom<\/h3>\n\n\n\n<p>K\u00e9rj\u00fck, a k\u00e9pre kattintva nyissa meg a hivatalos dokument\u00e1ci\u00f3t. <\/p>\n\n\n\n<div class=\"wp-block-columns is-layout-flex wp-container-core-columns-is-layout-1 wp-block-columns-is-layout-flex\">\n<div class=\"wp-block-column is-layout-flow wp-block-column-is-layout-flow\">\n<h4 class=\"wp-block-heading\"><strong>K\u00f6zleked\u00e9si l\u00e1mpa<\/strong><\/h4>\n<\/div>\n\n\n\n<div class=\"wp-block-column is-layout-flow wp-block-column-is-layout-flow\">\n<h4 class=\"wp-block-heading\"><strong>Kock\u00e1zati h\u0151t\u00e9rk\u00e9p<\/strong><\/h4>\n<\/div>\n\n\n\n<div class=\"wp-block-column is-layout-flow wp-block-column-is-layout-flow\">\n<h4 class=\"wp-block-heading\"><strong>Id\u0151vonal<\/strong><\/h4>\n<\/div>\n\n\n\n<div class=\"wp-block-column is-layout-flow wp-block-column-is-layout-flow\">\n<h4 class=\"wp-block-heading\"><strong>Gyors\u00edt\u00f3k<\/strong><\/h4>\n<\/div>\n<\/div>\n\n\n\n<div class=\"wp-block-columns is-layout-flex wp-container-core-columns-is-layout-2 wp-block-columns-is-layout-flex\">\n<div class=\"wp-block-column is-layout-flow wp-block-column-is-layout-flow\">\n<figure class=\"wp-block-image size-full\"><img loading=\"lazy\" decoding=\"async\" width=\"287\" height=\"300\" src=\"https:\/\/www.leaplytics.de\/wp-content\/uploads\/2021\/11\/TrafficLight300pixel.png\" alt=\"\" class=\"wp-image-2361\" title=\"Projektmenedzsment Suite Traffic Light\" srcset=\"https:\/\/www.leaplytics.de\/wp-content\/uploads\/2021\/11\/TrafficLight300pixel.png 287w, https:\/\/www.leaplytics.de\/wp-content\/uploads\/2021\/11\/TrafficLight300pixel-57x60.png 57w\" sizes=\"auto, (max-width: 287px) 100vw, 287px\" \/><\/figure>\n<\/div>\n\n\n\n<div class=\"wp-block-column is-layout-flow wp-block-column-is-layout-flow\">\n<figure class=\"wp-block-image size-full\"><img loading=\"lazy\" decoding=\"async\" width=\"287\" height=\"300\" src=\"https:\/\/www.leaplytics.de\/wp-content\/uploads\/2021\/11\/RiskHeatmap-Kasten-Blau_300pixel.png\" alt=\"\" class=\"wp-image-2363\" title=\"Project Management Suite kock\u00e1zati h\u0151t\u00e9rk\u00e9p\" srcset=\"https:\/\/www.leaplytics.de\/wp-content\/uploads\/2021\/11\/RiskHeatmap-Kasten-Blau_300pixel.png 287w, https:\/\/www.leaplytics.de\/wp-content\/uploads\/2021\/11\/RiskHeatmap-Kasten-Blau_300pixel-57x60.png 57w\" sizes=\"auto, (max-width: 287px) 100vw, 287px\" \/><\/figure>\n<\/div>\n\n\n\n<div class=\"wp-block-column is-vertically-aligned-center is-layout-flow wp-block-column-is-layout-flow\"><div class=\"wp-block-image\">\n<figure class=\"aligncenter size-full\"><img loading=\"lazy\" decoding=\"async\" width=\"287\" height=\"300\" src=\"https:\/\/www.leaplytics.de\/wp-content\/uploads\/2021\/11\/TIMELINE_300pixel.png\" alt=\"\" class=\"wp-image-2364\" title=\"Project Management Suite m\u00e9rf\u00f6ldk\u0151 n\u00e9zet\" srcset=\"https:\/\/www.leaplytics.de\/wp-content\/uploads\/2021\/11\/TIMELINE_300pixel.png 287w, https:\/\/www.leaplytics.de\/wp-content\/uploads\/2021\/11\/TIMELINE_300pixel-57x60.png 57w\" sizes=\"auto, (max-width: 287px) 100vw, 287px\" \/><\/figure><\/div><\/div>\n\n\n\n<div class=\"wp-block-column is-layout-flow wp-block-column-is-layout-flow\">\n<figure class=\"wp-block-image size-full\"><img loading=\"lazy\" decoding=\"async\" width=\"567\" height=\"593\" src=\"https:\/\/www.leaplytics.de\/wp-content\/uploads\/2021\/11\/Accelerators_1_300pixel.png\" alt=\"\" class=\"wp-image-2365\" title=\"Project Management Suite gyors\u00edt\u00f3\" srcset=\"https:\/\/www.leaplytics.de\/wp-content\/uploads\/2021\/11\/Accelerators_1_300pixel.png 567w, https:\/\/www.leaplytics.de\/wp-content\/uploads\/2021\/11\/Accelerators_1_300pixel-287x300.png 287w, https:\/\/www.leaplytics.de\/wp-content\/uploads\/2021\/11\/Accelerators_1_300pixel-57x60.png 57w\" sizes=\"auto, (max-width: 567px) 100vw, 567px\" \/><\/figure>\n<\/div>\n<\/div>\n\n\n\n<div class=\"wp-block-columns is-layout-flex wp-container-core-columns-is-layout-3 wp-block-columns-is-layout-flex\">\n<div class=\"wp-block-column is-layout-flow wp-block-column-is-layout-flow\">\n<h6 class=\"wp-block-heading\">\u00c1llapotjelz\u00e9s t\u00f6rl\u00e9se<\/h6>\n\n\n\n<h6 class=\"wp-block-heading\">Rugalmas tartom\u00e1nyok minden t\u00edpus\u00fa egys\u00e9ghez<\/h6>\n\n\n\n<h6 class=\"wp-block-heading\">Egyedi megjelen\u00e9s \u00e9s egyszer\u0171 haszn\u00e1lat<\/h6>\n<\/div>\n\n\n\n<div class=\"wp-block-column is-layout-flow wp-block-column-is-layout-flow\">\n<h6 class=\"wp-block-heading\">Teljes k\u00f6r\u0171 kock\u00e1zati profilok<\/h6>\n\n\n\n<h6 class=\"wp-block-heading\">Stabil \u00e9s egyszer\u0171 r\u00e1cs 2 kateg\u00f3ri\u00e1hoz<\/h6>\n\n\n\n<h6 class=\"wp-block-heading\">K\u00fcl\u00f6nb\u00f6z\u0151 mez\u0151k \u00e9s sz\u00ednk\u00f3dol\u00e1s<\/h6>\n<\/div>\n\n\n\n<div class=\"wp-block-column is-layout-flow wp-block-column-is-layout-flow\">\n<h6 class=\"wp-block-heading\">Id\u0151sk\u00e1l\u00e1zott m\u00e9rf\u00f6ldk\u0151 kijelz\u00e9s<\/h6>\n\n\n\n<h6 class=\"wp-block-heading\">Az id\u0151vonal automatikus sk\u00e1l\u00e1z\u00e1sa kezdettel \u00e9s v\u00e9ggel<\/h6>\n\n\n\n<h6 class=\"wp-block-heading\">Rugalmas le\u00edr\u00e1sok \u00e9s elt\u00e9r\u00e9si sz\u00ednek<\/h6>\n<\/div>\n\n\n\n<div class=\"wp-block-column is-layout-flow wp-block-column-is-layout-flow\">\n<h6 class=\"wp-block-heading\">Perform\u00e1ns kieg\u00e9sz\u00edt\u0151k<\/h6>\n\n\n\n<h6 class=\"wp-block-heading\">Egyedi v\u00e1llalati log\u00f3<\/h6>\n\n\n\n<h6 class=\"wp-block-heading\">\u00c9retts\u00e9gi n\u00e9zet sz\u00e1mos felhaszn\u00e1l\u00e1si esetre<\/h6>\n<\/div>\n<\/div>\n\n\n\n<hr class=\"wp-block-separator has-css-opacity\"\/>\n\n\n\n<p>Iratkozzon fel itt, hogy exkluz\u00edv friss\u00edt\u00e9seket \u00e9s kiadv\u00e1nyokat kapjon: <a href=\"https:\/\/www.leaplytics.de\/hu\/subscribe_product\/\"><strong>El\u0151fizet\u00e9s<\/strong><\/a><\/p>\n\n\n\n<div class=\"wp-block-columns are-vertically-aligned-center is-layout-flex wp-container-core-columns-is-layout-4 wp-block-columns-is-layout-flex\">\n<div class=\"wp-block-column is-vertically-aligned-center is-layout-flow wp-block-column-is-layout-flow\" style=\"flex-basis:100%\">\n<p><\/p>\n<\/div>\n<\/div>\n\n\n\n<p><\/p>","protected":false},"excerpt":{"rendered":"<p>A QilkSense kock\u00e1zati h\u0151t\u00e9rk\u00e9p\u00e9vel \u00e9les vizu\u00e1lis k\u00e9pet kaphat kock\u00e1zati profiljair\u00f3l! A b\u0151v\u00edtm\u00e9ny a k\u00e9t KPI-b\u00f3l \u00e9s k\u00fcl\u00f6nb\u00f6z\u0151 kateg\u00f3ri\u00e1kb\u00f3l \u00e1ll\u00f3 m\u00e1trixban m\u00e9rt profilok vizualiz\u00e1l\u00e1s\u00e1ra k\u00e9sz\u00fclt. K\u00e9pes mez\u0151nk\u00e9nt t\u00f6bb mutat\u00f3 (az ingyenes verzi\u00f3ban legfeljebb 4) megjelen\u00edt\u00e9s\u00e9re. K\u00fcl\u00f6nb\u00f6z\u0151 be\u00e1ll\u00edt\u00e1sok, mint p\u00e9ld\u00e1ul a 3\u00d73-as \u00e9s 5\u00d75-\u00f6s mez\u0151m\u00e1trix k\u00f6z\u00f6tti egyszer\u0171 v\u00e1lt\u00e1s, a keret- \u00e9s sz\u00f6vegbe\u00e1ll\u00edt\u00e1sok, a b\u0151v\u00edtm\u00e9nyt az \u00d6n jelent\u00e9sk\u00e9sz\u00edt\u00e9si ig\u00e9nyeihez igaz\u00edtja. <\/p>\n<p>Ez a kiterjeszt\u00e9s a fizikai m\u00e9r\u00e9sek, a min\u0151s\u00e9gi mutat\u00f3k \u00e9s \u00e1ltal\u00e1ban az elt\u00e9r\u00e9sek minden t\u00edpus\u00e1ra vonatkoz\u00f3 k\u00fcsz\u00f6b\u00e9rt\u00e9kek nyomon k\u00f6vet\u00e9s\u00e9re \u00e9s jelz\u00e9s\u00e9re is haszn\u00e1lhat\u00f3. Ezzel a k\u00fcl\u00f6nb\u00f6z\u0151 v\u00e1llalkoz\u00e1sokn\u00e1l el\u0151fordul\u00f3 felhaszn\u00e1l\u00e1si esetek sz\u00e9les k\u00f6r\u00e9re alkalmazhat\u00f3.<\/p>","protected":false},"author":1,"featured_media":0,"parent":227,"menu_order":1,"comment_status":"closed","ping_status":"closed","template":"","meta":{"footnotes":""},"class_list":["post-1785","page","type-page","status-publish","hentry","latest_post"],"_links":{"self":[{"href":"https:\/\/www.leaplytics.de\/hu\/wp-json\/wp\/v2\/pages\/1785","targetHints":{"allow":["GET"]}}],"collection":[{"href":"https:\/\/www.leaplytics.de\/hu\/wp-json\/wp\/v2\/pages"}],"about":[{"href":"https:\/\/www.leaplytics.de\/hu\/wp-json\/wp\/v2\/types\/page"}],"author":[{"embeddable":true,"href":"https:\/\/www.leaplytics.de\/hu\/wp-json\/wp\/v2\/users\/1"}],"replies":[{"embeddable":true,"href":"https:\/\/www.leaplytics.de\/hu\/wp-json\/wp\/v2\/comments?post=1785"}],"version-history":[{"count":3,"href":"https:\/\/www.leaplytics.de\/hu\/wp-json\/wp\/v2\/pages\/1785\/revisions"}],"predecessor-version":[{"id":13665,"href":"https:\/\/www.leaplytics.de\/hu\/wp-json\/wp\/v2\/pages\/1785\/revisions\/13665"}],"up":[{"embeddable":true,"href":"https:\/\/www.leaplytics.de\/hu\/wp-json\/wp\/v2\/pages\/227"}],"wp:attachment":[{"href":"https:\/\/www.leaplytics.de\/hu\/wp-json\/wp\/v2\/media?parent=1785"}],"curies":[{"name":"wp","href":"https:\/\/api.w.org\/{rel}","templated":true}]}}