{"id":2170,"date":"2021-06-21T21:09:50","date_gmt":"2021-06-21T19:09:50","guid":{"rendered":"https:\/\/www.leaplytics.de\/?page_id=2170"},"modified":"2023-02-09T15:48:24","modified_gmt":"2023-02-09T14:48:24","slug":"kozlekedesi-lampak-a-power-bi-szamara","status":"publish","type":"page","link":"https:\/\/www.leaplytics.de\/hu\/cimoldal\/projektmenedzsment-egyedi-latvanyterv-microsoft-powerbi\/kozlekedesi-lampak-a-power-bi-szamara\/","title":{"rendered":"Traffic Light Visual a Microsoft Power BI sz\u00e1m\u00e1ra"},"content":{"rendered":"<p><img loading=\"lazy\" decoding=\"async\" width=\"150\" height=\"37\" class=\"wp-image-8358\" style=\"width: 150px;\" src=\"https:\/\/www.leaplytics.de\/wp-content\/uploads\/2022\/05\/PBI-Certified.png\" alt=\"\" srcset=\"https:\/\/www.leaplytics.de\/wp-content\/uploads\/2022\/05\/PBI-Certified.png 152w, https:\/\/www.leaplytics.de\/wp-content\/uploads\/2022\/05\/PBI-Certified-150x37.png 150w\" sizes=\"auto, (max-width: 150px) 100vw, 150px\" \/><\/p>\n\n\n\n<p>A \"Traffic Light\" egy testreszabhat\u00f3 Microsoft Power BI vizu\u00e1lis eszk\u00f6z, amely vizu\u00e1lis figyelmeztet\u00e9seket k\u00edn\u00e1l az \u00f6sszes kulcsfontoss\u00e1g\u00fa teljes\u00edtm\u00e9nymutat\u00f3hoz. Az olyan funkci\u00f3kkal, mint a v\u00edzszintes \u00e9s f\u00fcgg\u0151leges igaz\u00edt\u00e1s \u00e9s az egy\/kett\u0151\/h\u00e1rom f\u00e9ny rendszer, ez a vizu\u00e1lis megjelen\u00edt\u00e9s az \u00d6n jelent\u00e9sk\u00e9sz\u00edt\u00e9si ig\u00e9nyeihez igaz\u00edthat\u00f3, \u00edgy jobban ellen\u0151rizheti a KPI-ket!<\/p>\n\n\n\n<div style=\"height:10px\" aria-hidden=\"true\" class=\"wp-block-spacer\"><\/div>\n\n\n\n<figure class=\"wp-block-image size-full\"><img loading=\"lazy\" decoding=\"async\" width=\"1140\" height=\"641\" src=\"https:\/\/www.leaplytics.de\/wp-content\/uploads\/2022\/04\/First_Slice_Traffic_Light_PowerBI.png\" alt=\"Traffic Light Visual a Microsoft Power BI sz\u00e1m\u00e1ra\" class=\"wp-image-6582\" srcset=\"https:\/\/www.leaplytics.de\/wp-content\/uploads\/2022\/04\/First_Slice_Traffic_Light_PowerBI.png 1140w, https:\/\/www.leaplytics.de\/wp-content\/uploads\/2022\/04\/First_Slice_Traffic_Light_PowerBI-300x169.png 300w, https:\/\/www.leaplytics.de\/wp-content\/uploads\/2022\/04\/First_Slice_Traffic_Light_PowerBI-1024x576.png 1024w, https:\/\/www.leaplytics.de\/wp-content\/uploads\/2022\/04\/First_Slice_Traffic_Light_PowerBI-768x432.png 768w, https:\/\/www.leaplytics.de\/wp-content\/uploads\/2022\/04\/First_Slice_Traffic_Light_PowerBI-107x60.png 107w\" sizes=\"auto, (max-width: 1140px) 100vw, 1140px\" \/><\/figure>\n\n\n\n<div style=\"height:50px\" aria-hidden=\"true\" class=\"wp-block-spacer\"><\/div>\n\n\n\n<h3 class=\"has-text-align-center wp-block-heading\" id=\"benefits\">El\u0151ny\u00f6k<\/h3>\n\n\n\n<h5 class=\"wp-block-heading\" id=\"decision-maker\">D\u00f6nt\u00e9shoz\u00f3<\/h5>\n\n\n\n<p>D\u00f6nt\u00e9shoz\u00f3k\u00e9nt \u00d6nnek vil\u00e1gos, \u00e9rtelmes jelent\u00e9sekre van sz\u00fcks\u00e9ge, amelyekb\u0151l egy pillant\u00e1ssal l\u00e1thatja, hogy hol van sz\u00fcks\u00e9g az idej\u00e9re \u00e9s a figyelm\u00e9re. A Microsoft Power BI-hez k\u00e9sz\u00fclt Traffic Light Visual szolg\u00e1ltat\u00e1sunk lehet\u0151v\u00e9 teszi ezt, azonnali figyelmeztet\u00e9st ad, ha a kulcssz\u00e1mok a toler\u00e1lhat\u00f3 tartom\u00e1nyon k\u00edv\u00fcl esnek.<\/p>\n\n\n\n<p class=\"has-text-align-left\"><em>Gyorsan azonos\u00edthatja azokat a ter\u00fcleteket, amelyek figyelmet vagy fejleszt\u00e9st ig\u00e9nyelnek, lehet\u0151v\u00e9 t\u00e9ve, hogy t\u00e1j\u00e9kozottabb \u00e9s id\u0151ben meghozza d\u00f6nt\u00e9seit. Ez seg\u00edt \u00d6nnek optimaliz\u00e1lni szervezete teljes\u00edtm\u00e9ny\u00e9t, \u00e9s v\u00e9gs\u0151 soron jobb eredm\u00e9nyeket el\u00e9rni.<\/em><\/p>\n\n\n\n<h5 class=\"wp-block-heading\" id=\"department-manager-consultant\">Oszt\u00e1lyvezet\u0151 \/ tan\u00e1csad\u00f3<\/h5>\n\n\n\n<p>Vezet\u0151k\u00e9nt vagy tan\u00e1csad\u00f3k\u00e9nt nincs sz\u00fcks\u00e9ge programoz\u00e1si ismeretekre a Microsoft Power BI Traffic Light Visual for Microsoft Power BI haszn\u00e1lat\u00e1hoz. Minden \u00f6sszetett implement\u00e1ci\u00f3t m\u00e1r elv\u00e9gezt\u00fcnk \u00d6n helyett, \u00edgy azonnal elkezdheti haszn\u00e1lni. Egyszer\u0171en hat\u00e1rozza meg a kritikus \u00e9rt\u00e9ktartom\u00e1nyokat, \u00e9s szabja testre a tervez\u00e9st az \u00fczleti ig\u00e9nyeinek megfelel\u0151en. <\/p>\n\n\n\n<p><em>B\u0151v\u00edtm\u00e9ny\u00fcnk z\u00f6kken\u0151mentesen integr\u00e1l\u00f3dik m\u0171szerfalaiba, id\u0151t takar\u00edt meg \u00e9s jav\u00edtja a jelent\u00e9sek \u00e9rtelm\u00e9t. Ny\u0171g\u00f6zze le \u00fcgyfeleit vagy feletteseit a Traffic Light l\u00e1tv\u00e1nytervvel a Power BI-hez.<\/em><\/p>\n\n\n\n<h5 class=\"wp-block-heading\" id=\"engineer-developer\">M\u00e9rn\u00f6k \/ fejleszt\u0151<\/h5>\n\n\n\n<p>Ha BI m\u0171szerfalakat k\u00e9sz\u00edt, engedje meg, hogy seg\u00edts\u00fcnk projektje sikeres befejez\u00e9s\u00e9ben. A Power BI-hoz k\u00e9sz\u00fclt Traffic Light vizualiz\u00e1ci\u00f3nk rugalmas logik\u00e1t \u00e9s teljesen testreszabhat\u00f3 kialak\u00edt\u00e1st k\u00edn\u00e1l, \u00edgy leny\u0171g\u00f6z\u0151, professzion\u00e1lis m\u0171szerfalakkal ny\u0171g\u00f6zheti le \u00fcgyfeleit. Takar\u00edtson meg id\u0151t \u00e9s energi\u00e1t a vizualit\u00e1sunkkal, \u00e9s vegye ig\u00e9nybe szem\u00e9lyes, k\u00f6zvetlen t\u00e1mogat\u00e1sunkat minden felmer\u00fcl\u0151 k\u00e9rd\u00e9ssel vagy probl\u00e9m\u00e1val kapcsolatban.<\/p>\n\n\n\n<p><em>Az egy\u00e9rtelm\u0171 kommunik\u00e1ci\u00f3 \u00e9s a k\u00f6nny\u0171 kezelhet\u0151s\u00e9g jav\u00edtja a szolg\u00e1ltat\u00e1st \u00e9s megk\u00f6nny\u00edti a munk\u00e1j\u00e1t.<\/em><\/p>\n\n\n\n<div style=\"height:50px\" aria-hidden=\"true\" class=\"wp-block-spacer\"><\/div>\n\n\n\n<div class=\"wp-block-group alignfull has-black-color has-text-color has-background has-link-color wp-elements-d994ed8cdde441663adf95149c771378\" style=\"background-color:#eeeeee\"><div class=\"wp-block-group__inner-container is-layout-flow wp-block-group-is-layout-flow\">\n<div style=\"height:50px\" aria-hidden=\"true\" class=\"wp-block-spacer\"><\/div>\n\n\n\n<h3 class=\"has-text-align-center wp-block-heading\">Jellemz\u0151k<\/h3>\n\n\n\n<div style=\"height:50px\" aria-hidden=\"true\" class=\"wp-block-spacer\"><\/div>\n\n\n\n<div class=\"wp-block-columns is-layout-flex wp-container-core-columns-is-layout-1 wp-block-columns-is-layout-flex\">\n<div class=\"wp-block-column is-layout-flow wp-block-column-is-layout-flow\">\n<div class=\"wp-block-media-text alignwide is-stacked-on-mobile\" style=\"grid-template-columns:15% auto\"><figure class=\"wp-block-media-text__media\"><img loading=\"lazy\" decoding=\"async\" width=\"1024\" height=\"1024\" src=\"https:\/\/www.leaplytics.de\/wp-content\/uploads\/2022\/05\/Light-System-1024x1024.png\" alt=\"\" class=\"wp-image-7708 size-full\" srcset=\"https:\/\/www.leaplytics.de\/wp-content\/uploads\/2022\/05\/Light-System-1024x1024.png 1024w, https:\/\/www.leaplytics.de\/wp-content\/uploads\/2022\/05\/Light-System-300x300.png 300w, https:\/\/www.leaplytics.de\/wp-content\/uploads\/2022\/05\/Light-System-150x150.png 150w, https:\/\/www.leaplytics.de\/wp-content\/uploads\/2022\/05\/Light-System-768x768.png 768w, https:\/\/www.leaplytics.de\/wp-content\/uploads\/2022\/05\/Light-System-1536x1536.png 1536w, https:\/\/www.leaplytics.de\/wp-content\/uploads\/2022\/05\/Light-System-2048x2048.png 2048w, https:\/\/www.leaplytics.de\/wp-content\/uploads\/2022\/05\/Light-System-370x370.png 370w, https:\/\/www.leaplytics.de\/wp-content\/uploads\/2022\/05\/Light-System-60x60.png 60w, https:\/\/www.leaplytics.de\/wp-content\/uploads\/2022\/05\/Light-System-600x600.png 600w, https:\/\/www.leaplytics.de\/wp-content\/uploads\/2022\/05\/Light-System-100x100.png 100w\" sizes=\"auto, (max-width: 1024px) 100vw, 1024px\" \/><\/figure><div class=\"wp-block-media-text__content\">\n<p style=\"font-size:22px\"><strong>F\u00e9nyrendszer<\/strong><\/p>\n\n\n\n<p>V\u00e1lasszon az egy-, k\u00e9t- \u00e9s h\u00e1romf\u00e9ny\u0171 rendszerek k\u00f6z\u00fcl.<\/p>\n<\/div><\/div>\n<\/div>\n\n\n\n<div class=\"wp-block-column is-layout-flow wp-block-column-is-layout-flow\">\n<div class=\"wp-block-media-text alignwide is-stacked-on-mobile\" style=\"grid-template-columns:15% auto\"><figure class=\"wp-block-media-text__media\"><img loading=\"lazy\" decoding=\"async\" width=\"1024\" height=\"1024\" src=\"https:\/\/www.leaplytics.de\/wp-content\/uploads\/2022\/05\/Alignment-1024x1024.png\" alt=\"\" class=\"wp-image-7709 size-full\" srcset=\"https:\/\/www.leaplytics.de\/wp-content\/uploads\/2022\/05\/Alignment-1024x1024.png 1024w, https:\/\/www.leaplytics.de\/wp-content\/uploads\/2022\/05\/Alignment-300x300.png 300w, https:\/\/www.leaplytics.de\/wp-content\/uploads\/2022\/05\/Alignment-150x150.png 150w, https:\/\/www.leaplytics.de\/wp-content\/uploads\/2022\/05\/Alignment-768x768.png 768w, https:\/\/www.leaplytics.de\/wp-content\/uploads\/2022\/05\/Alignment-1536x1536.png 1536w, https:\/\/www.leaplytics.de\/wp-content\/uploads\/2022\/05\/Alignment-2048x2048.png 2048w, https:\/\/www.leaplytics.de\/wp-content\/uploads\/2022\/05\/Alignment-370x370.png 370w, https:\/\/www.leaplytics.de\/wp-content\/uploads\/2022\/05\/Alignment-60x60.png 60w, https:\/\/www.leaplytics.de\/wp-content\/uploads\/2022\/05\/Alignment-600x600.png 600w, https:\/\/www.leaplytics.de\/wp-content\/uploads\/2022\/05\/Alignment-100x100.png 100w\" sizes=\"auto, (max-width: 1024px) 100vw, 1024px\" \/><\/figure><div class=\"wp-block-media-text__content\">\n<p style=\"font-size:22px\"><strong>Kiegyenl\u00edt\u00e9s<\/strong><\/p>\n\n\n\n<p>Haszn\u00e1lja a Vizu\u00e1lis f\u00fcgg\u0151leges vagy v\u00edzszintes igaz\u00edt\u00e1sban.<\/p>\n<\/div><\/div>\n<\/div>\n<\/div>\n\n\n\n<div style=\"height:50px\" aria-hidden=\"true\" class=\"wp-block-spacer\"><\/div>\n\n\n\n<div class=\"wp-block-columns is-layout-flex wp-container-core-columns-is-layout-2 wp-block-columns-is-layout-flex\">\n<div class=\"wp-block-column is-layout-flow wp-block-column-is-layout-flow\">\n<div class=\"wp-block-media-text alignwide is-stacked-on-mobile\" style=\"grid-template-columns:15% auto\"><figure class=\"wp-block-media-text__media\"><img loading=\"lazy\" decoding=\"async\" width=\"1024\" height=\"1024\" src=\"https:\/\/www.leaplytics.de\/wp-content\/uploads\/2022\/05\/Color-Settings-1024x1024.png\" alt=\"\" class=\"wp-image-7710 size-full\" srcset=\"https:\/\/www.leaplytics.de\/wp-content\/uploads\/2022\/05\/Color-Settings-1024x1024.png 1024w, https:\/\/www.leaplytics.de\/wp-content\/uploads\/2022\/05\/Color-Settings-300x300.png 300w, https:\/\/www.leaplytics.de\/wp-content\/uploads\/2022\/05\/Color-Settings-150x150.png 150w, https:\/\/www.leaplytics.de\/wp-content\/uploads\/2022\/05\/Color-Settings-768x768.png 768w, https:\/\/www.leaplytics.de\/wp-content\/uploads\/2022\/05\/Color-Settings-1536x1536.png 1536w, https:\/\/www.leaplytics.de\/wp-content\/uploads\/2022\/05\/Color-Settings-2048x2048.png 2048w, https:\/\/www.leaplytics.de\/wp-content\/uploads\/2022\/05\/Color-Settings-370x370.png 370w, https:\/\/www.leaplytics.de\/wp-content\/uploads\/2022\/05\/Color-Settings-60x60.png 60w, https:\/\/www.leaplytics.de\/wp-content\/uploads\/2022\/05\/Color-Settings-600x600.png 600w, https:\/\/www.leaplytics.de\/wp-content\/uploads\/2022\/05\/Color-Settings-100x100.png 100w\" sizes=\"auto, (max-width: 1024px) 100vw, 1024px\" \/><\/figure><div class=\"wp-block-media-text__content\">\n<p style=\"font-size:22px\"><strong>Sz\u00ednbe\u00e1ll\u00edt\u00e1sok<\/strong><\/p>\n\n\n\n<p>M\u00f3dos\u00edtsa az \u00f6sszes grafikus elem sz\u00edn\u00e9t a CI-szabv\u00e1nyoknak megfelel\u0151en.<\/p>\n<\/div><\/div>\n<\/div>\n\n\n\n<div class=\"wp-block-column is-layout-flow wp-block-column-is-layout-flow\">\n<div class=\"wp-block-media-text alignwide is-stacked-on-mobile\" style=\"grid-template-columns:15% auto\"><figure class=\"wp-block-media-text__media\"><img loading=\"lazy\" decoding=\"async\" width=\"1021\" height=\"1024\" src=\"https:\/\/www.leaplytics.de\/wp-content\/uploads\/2022\/05\/Text-Settings-1021x1024.png\" alt=\"\" class=\"wp-image-7711 size-full\" srcset=\"https:\/\/www.leaplytics.de\/wp-content\/uploads\/2022\/05\/Text-Settings-1021x1024.png 1021w, https:\/\/www.leaplytics.de\/wp-content\/uploads\/2022\/05\/Text-Settings-300x300.png 300w, https:\/\/www.leaplytics.de\/wp-content\/uploads\/2022\/05\/Text-Settings-150x150.png 150w, https:\/\/www.leaplytics.de\/wp-content\/uploads\/2022\/05\/Text-Settings-768x771.png 768w, https:\/\/www.leaplytics.de\/wp-content\/uploads\/2022\/05\/Text-Settings-1531x1536.png 1531w, https:\/\/www.leaplytics.de\/wp-content\/uploads\/2022\/05\/Text-Settings-2041x2048.png 2041w, https:\/\/www.leaplytics.de\/wp-content\/uploads\/2022\/05\/Text-Settings-370x370.png 370w, https:\/\/www.leaplytics.de\/wp-content\/uploads\/2022\/05\/Text-Settings-60x60.png 60w, https:\/\/www.leaplytics.de\/wp-content\/uploads\/2022\/05\/Text-Settings-600x602.png 600w, https:\/\/www.leaplytics.de\/wp-content\/uploads\/2022\/05\/Text-Settings-100x100.png 100w\" sizes=\"auto, (max-width: 1021px) 100vw, 1021px\" \/><\/figure><div class=\"wp-block-media-text__content\">\n<p style=\"font-size:22px\"><strong>Sz\u00f6vegbe\u00e1ll\u00edt\u00e1sok<\/strong><\/p>\n\n\n\n<p>Haszn\u00e1lja a sz\u00f6vegbe\u00e1ll\u00edt\u00e1sokat, hogy a sz\u00f6veg megjelen\u00e9s\u00e9t egy\u00e9ni ig\u00e9nyeihez igaz\u00edtsa. <\/p>\n<\/div><\/div>\n<\/div>\n<\/div>\n\n\n\n<div style=\"height:50px\" aria-hidden=\"true\" class=\"wp-block-spacer\"><\/div>\n\n\n\n<div class=\"wp-block-columns is-layout-flex wp-container-core-columns-is-layout-3 wp-block-columns-is-layout-flex\">\n<div class=\"wp-block-column is-layout-flow wp-block-column-is-layout-flow\">\n<div class=\"wp-block-media-text alignwide is-stacked-on-mobile\" style=\"grid-template-columns:15% auto\"><figure class=\"wp-block-media-text__media\"><img loading=\"lazy\" decoding=\"async\" width=\"1024\" height=\"1024\" src=\"https:\/\/www.leaplytics.de\/wp-content\/uploads\/2022\/06\/Certification-1-1024x1024.png\" alt=\"\" class=\"wp-image-8453 size-full\" srcset=\"https:\/\/www.leaplytics.de\/wp-content\/uploads\/2022\/06\/Certification-1-1024x1024.png 1024w, https:\/\/www.leaplytics.de\/wp-content\/uploads\/2022\/06\/Certification-1-300x300.png 300w, https:\/\/www.leaplytics.de\/wp-content\/uploads\/2022\/06\/Certification-1-150x150.png 150w, https:\/\/www.leaplytics.de\/wp-content\/uploads\/2022\/06\/Certification-1-768x768.png 768w, https:\/\/www.leaplytics.de\/wp-content\/uploads\/2022\/06\/Certification-1-1536x1536.png 1536w, https:\/\/www.leaplytics.de\/wp-content\/uploads\/2022\/06\/Certification-1-2048x2048.png 2048w, https:\/\/www.leaplytics.de\/wp-content\/uploads\/2022\/06\/Certification-1-370x370.png 370w, https:\/\/www.leaplytics.de\/wp-content\/uploads\/2022\/06\/Certification-1-60x60.png 60w\" sizes=\"auto, (max-width: 1024px) 100vw, 1024px\" \/><\/figure><div class=\"wp-block-media-text__content\">\n<p style=\"font-size:22px\"><strong>PBI tan\u00fas\u00edtott<\/strong><\/p>\n\n\n\n<p>Ez a l\u00e1tv\u00e1nyterv megfelel a legmagasabb Microsoft biztons\u00e1gi szabv\u00e1nyoknak, \u00e9s t\u00e1mogatja a PDF \u00e9s PowerPoint form\u00e1tumba t\u00f6rt\u00e9n\u0151 export\u00e1l\u00e1st.<\/p>\n<\/div><\/div>\n<\/div>\n\n\n\n<div class=\"wp-block-column is-layout-flow wp-block-column-is-layout-flow\"><\/div>\n<\/div>\n\n\n\n<div style=\"height:50px\" aria-hidden=\"true\" class=\"wp-block-spacer\"><\/div>\n<\/div><\/div>\n\n\n\n<div style=\"height:75px\" aria-hidden=\"true\" class=\"wp-block-spacer\"><\/div>\n\n\n\n<figure class=\"wp-block-embed is-type-video is-provider-youtube wp-block-embed-youtube wp-embed-aspect-16-9 wp-has-aspect-ratio\"><div class=\"wp-block-embed__wrapper\" align=\"center\">\n<iframe loading=\"lazy\" title=\"Power BI - Traffic Light KPI Visual\" width=\"770\" height=\"433\" src=\"https:\/\/www.youtube.com\/embed\/Ss6B1O-qtnA?feature=oembed\" frameborder=\"0\" allow=\"accelerometer; autoplay; clipboard-write; encrypted-media; gyroscope; picture-in-picture; web-share\" allowfullscreen><\/iframe>\n<\/div><\/figure>\n\n\n\n<div style=\"height:45px\" aria-hidden=\"true\" class=\"wp-block-spacer\"><\/div>\n\n\n\n<h3 class=\"has-text-align-center wp-block-heading\">Szerezd meg most!<\/h3>\n\n\n\n<div style=\"height:50px\" aria-hidden=\"true\" class=\"wp-block-spacer\"><\/div>\n\n\n\n<div class=\"wp-block-columns alignwide is-layout-flex wp-container-core-columns-is-layout-4 wp-block-columns-is-layout-flex\">\n<div class=\"wp-block-column has-text-color has-background has-link-color wp-elements-6226b2130b508035f3b09a7442aec556 is-layout-flow wp-block-column-is-layout-flow\" style=\"color:#000000;background-color:#eeeeee;padding-top:2em;padding-right:2em;padding-bottom:2em;padding-left:2em\">\n<h2 class=\"wp-block-heading\" id=\"single\" style=\"font-size:40px\"><strong>TRIAL verzi\u00f3<\/strong><\/h2>\n\n\n\n<div style=\"height:10px\" aria-hidden=\"true\" class=\"wp-block-spacer\"><\/div>\n\n\n\n<p class=\"has-normal-font-size\" style=\"line-height:1.5\">A LeapLytics - Traffic Light kipr\u00f3b\u00e1lhat\u00f3 verzi\u00f3ja n\u00e9gy h\u00e9tig ingyenesen haszn\u00e1lhat\u00f3 b\u00e1rmely szerveren \u00e9s b\u00e1rmely v\u00e1llalatn\u00e1l. Tesztelje most, hogy megold\u00e1sunk megfelel-e az \u00d6n ig\u00e9nyeinek.<\/p>\n\n\n\n<div style=\"height:10px\" aria-hidden=\"true\" class=\"wp-block-spacer\"><\/div>\n\n\n\n<hr class=\"wp-block-separator has-text-color has-css-opacity has-background is-style-wide\" style=\"background-color:#000000;color:#000000\"\/>\n\n\n\n<div style=\"height:10px\" aria-hidden=\"true\" class=\"wp-block-spacer\"><\/div>\n\n\n\n<p><i class=\"fas fa-check\"><\/i> H\u00e1rom f\u00e9ny rendszer<\/p>\n\n\n\n<p><i class=\"fas fa-check\"><\/i>  K\u00e9t f\u00e9ny rendszer<\/p>\n\n\n\n<p><i class=\"fas fa-check\"><\/i> One Light rendszer<\/p>\n\n\n\n<p><i class=\"fas fa-check\"><\/i> F\u00fcgg\u0151leges igaz\u00edt\u00e1s<\/p>\n\n\n\n<p><i class=\"fas fa-check\"><\/i> V\u00edzszintes igaz\u00edt\u00e1s<\/p>\n\n\n\n<p><i class=\"fas fa-check\"><\/i> Hat\u00e1r be\u00e1ll\u00edt\u00e1sok<\/p>\n\n\n\n<p><i class=\"fas fa-check\"><\/i> Sz\u00f6vegbe\u00e1ll\u00edt\u00e1sok<\/p>\n\n\n\n<p><i class=\"fas fa-check\"><\/i> Sz\u00ednbe\u00e1ll\u00edt\u00e1sok<\/p>\n\n\n\n<div class=\"wp-block-buttons alignfull is-horizontal is-content-justification-center is-layout-flex wp-container-core-buttons-is-layout-1 wp-block-buttons-is-layout-flex\">\n<div class=\"wp-block-button\"><a class=\"wp-block-button__link has-white-color has-text-color wp-element-button\" href=\"https:\/\/appsource.microsoft.com\/en-en\/product\/power-bi-visuals\/leaplyticsgmbh1633373694058.leaplytics_traffic_light\" target=\"_blank\" rel=\"noreferrer noopener\">INGYENES let\u00f6lt\u00e9s<\/a><\/div>\n\n\n\n<div class=\"wp-block-button\"><a class=\"wp-block-button__link has-white-color has-text-color wp-element-button\" href=\"https:\/\/www.leaplytics.de\/hu\/kozlekedesi-lampa-teljesitmeny-bi-proba\/\">TRIAL k\u00e9r\u00e9se<\/a><\/div>\n<\/div>\n<\/div>\n\n\n\n<div class=\"wp-block-column has-text-color has-background has-link-color wp-elements-60bfb23c4dfc59182e0371e21c3f4f32 is-layout-flow wp-block-column-is-layout-flow\" style=\"color:#000000;background-color:#f2c80f;padding-top:2em;padding-right:2em;padding-bottom:2em;padding-left:2em\">\n<h2 class=\"wp-block-heading\" id=\"family\" style=\"font-size:40px\"><strong>PRO verzi\u00f3<\/strong><\/h2>\n\n\n\n<div style=\"height:10px\" aria-hidden=\"true\" class=\"wp-block-spacer\"><\/div>\n\n\n\n<p class=\"has-normal-font-size\" style=\"line-height:1.5\">A LeapLytics - Traffic Light PRO verzi\u00f3ja teljes m\u00e9rt\u00e9kben kihaszn\u00e1lja ennek a vizu\u00e1lis eszk\u00f6znek az erej\u00e9t. Egy licenc szerverenk\u00e9nt \u00e9s v\u00e1llalatonk\u00e9nt - Egy \u00e1r \u00e9vente. <\/p>\n\n\n\n<div style=\"height:10px\" aria-hidden=\"true\" class=\"wp-block-spacer\"><\/div>\n\n\n\n<hr class=\"wp-block-separator has-text-color has-black-color has-css-opacity has-black-background-color has-background is-style-wide\"\/>\n\n\n\n<div style=\"height:10px\" aria-hidden=\"true\" class=\"wp-block-spacer\"><\/div>\n\n\n\n<p><i class=\"fas fa-check\"><\/i>   H\u00e1rom f\u00e9ny rendszer<\/p>\n\n\n\n<p><i class=\"fas fa-check\"><\/i>   K\u00e9t f\u00e9ny rendszer<\/p>\n\n\n\n<p><i class=\"fas fa-check\"><\/i> One Light rendszer<\/p>\n\n\n\n<p><i class=\"fas fa-check\"><\/i> F\u00fcgg\u0151leges igaz\u00edt\u00e1s<\/p>\n\n\n\n<p><i class=\"fas fa-check\"><\/i> V\u00edzszintes igaz\u00edt\u00e1s<\/p>\n\n\n\n<p><i class=\"fas fa-check\"><\/i> Hat\u00e1r be\u00e1ll\u00edt\u00e1sok<\/p>\n\n\n\n<p><i class=\"fas fa-check\"><\/i> Sz\u00f6vegbe\u00e1ll\u00edt\u00e1sok<\/p>\n\n\n\n<p><i class=\"fas fa-check\"><\/i> Sz\u00ednbe\u00e1ll\u00edt\u00e1sok<\/p>\n\n\n\n<div class=\"wp-block-buttons alignfull is-horizontal is-content-justification-center is-layout-flex wp-container-core-buttons-is-layout-2 wp-block-buttons-is-layout-flex\">\n<div class=\"wp-block-button\"><a class=\"wp-block-button__link has-white-color has-text-color wp-element-button\" href=\"https:\/\/shop.leaplytics.de\/product\/power-bi-traffic-light\/\">PRO verzi\u00f3 beszerz\u00e9se<\/a><\/div>\n<\/div>\n<\/div>\n<\/div>\n\n\n\n<h3 class=\"has-text-align-center wp-block-heading\">Tutorials<\/h3>\n\n\n\n<figure class=\"wp-block-embed is-type-wp-embed is-provider-leaplytics wp-block-embed-leaplytics\"><div class=\"wp-block-embed__wrapper\">\n<blockquote class=\"wp-embedded-content\" data-secret=\"cwg50Zk5fq\"><a href=\"https:\/\/www.leaplytics.de\/hu\/kezdjuk-el-a-kozlekedesi-lampak-teljesitmenyet-bi\/\">Kezd\u0151 l\u00e9p\u00e9sek - Traffic Light<\/a><\/blockquote><iframe loading=\"lazy\" class=\"wp-embedded-content\" sandbox=\"allow-scripts\" security=\"restricted\" style=\"position: absolute; clip: rect(1px, 1px, 1px, 1px);\" title=\"&quot;Kezd\u0151 l\u00e9p\u00e9sek - Traffic Light&quot; - LeapLytics\" src=\"https:\/\/www.leaplytics.de\/getting-started-traffic-light-power-bi\/embed\/#?secret=JIdoTDIlqE#?secret=cwg50Zk5fq\" data-secret=\"cwg50Zk5fq\" width=\"600\" height=\"338\" frameborder=\"0\" marginwidth=\"0\" marginheight=\"0\" scrolling=\"no\"><\/iframe>\n<\/div><\/figure>\n\n\n\n<figure class=\"wp-block-embed is-type-wp-embed is-provider-leaplytics wp-block-embed-leaplytics\"><div class=\"wp-block-embed__wrapper\">\n<blockquote class=\"wp-embedded-content\" data-secret=\"UYaIRF2azY\"><a href=\"https:\/\/www.leaplytics.de\/hu\/formatum-opciok-kozlekedesi-lampa-teljesitmeny-bi\/\">Form\u00e1tumv\u00e1laszt\u00e1si lehet\u0151s\u00e9gek - K\u00f6zleked\u00e9si l\u00e1mpa<\/a><\/blockquote><iframe loading=\"lazy\" class=\"wp-embedded-content\" sandbox=\"allow-scripts\" security=\"restricted\" style=\"position: absolute; clip: rect(1px, 1px, 1px, 1px);\" title=\"&quot;Form\u00e1tum be\u00e1ll\u00edt\u00e1sok - Traffic Light&quot; - LeapLytics\" src=\"https:\/\/www.leaplytics.de\/format-options-traffic-light-power-bi\/embed\/#?secret=AAuzBxTRft#?secret=UYaIRF2azY\" data-secret=\"UYaIRF2azY\" width=\"600\" height=\"338\" frameborder=\"0\" marginwidth=\"0\" marginheight=\"0\" scrolling=\"no\"><\/iframe>\n<\/div><\/figure>\n\n\n\n<div style=\"height:100px\" aria-hidden=\"true\" class=\"wp-block-spacer\"><\/div>\n\n\n\n<h3 class=\"has-text-align-center wp-block-heading\">Dokument\u00e1ci\u00f3:<\/h3>\n\n\n<div class=\"_df_book df-lite\" id=\"df_2352\"  _slug=\"traffic-light-power-bi\" data-title=\"traffic-light-power-bi\" wpoptions=\"true\" thumb=\"https:\/\/www.leaplytics.de\/wp-content\/uploads\/2020\/10\/Three-Traffic-Lights-e1613769321194.png\" thumbtype=\"\" ><\/div><script class=\"df-shortcode-script\" nowprocket type=\"application\/javascript\">window.option_df_2352 = {\"outline\":[],\"autoEnableOutline\":\"false\",\"autoEnableThumbnail\":\"false\",\"overwritePDFOutline\":\"false\",\"direction\":\"1\",\"pageSize\":\"0\",\"source\":\"https:\\\/\\\/www.leaplytics.de\\\/wp-content\\\/uploads\\\/2021\\\/11\\\/Traffic-Light-PowerBI-User-Documentation_1.0.pdf\",\"wpOptions\":\"true\"}; if(window.DFLIP && window.DFLIP.parseBooks){window.DFLIP.parseBooks();}<\/script>\n\n\n\n<div style=\"height:50px\" aria-hidden=\"true\" class=\"wp-block-spacer\"><\/div>\n\n\n\n<div class=\"wp-block-buttons is-content-justification-center is-layout-flex wp-container-core-buttons-is-layout-3 wp-block-buttons-is-layout-flex\">\n<div class=\"wp-block-button aligncenter has-custom-font-size\" style=\"font-size:16px\"><a class=\"wp-block-button__link wp-element-button\" href=\"https:\/\/www.leaplytics.de\/wp-content\/uploads\/2021\/11\/Traffic-Light-PowerBI-User-Documentation_1.0.pdf\" target=\"_blank\" rel=\"noreferrer noopener\">Dokument\u00e1ci\u00f3 let\u00f6lt\u00e9se<\/a><\/div>\n<\/div>\n\n\n\n<p class=\"has-text-align-right\"><a href=\"#\">Vissza a tetej\u00e9re \u25b2<\/a><\/p>","protected":false},"excerpt":{"rendered":"<p>K\u00f6vesse nyomon a projekt st\u00e1tusz\u00e1t \u00e9s m\u00e9rf\u00f6ldk\u00f6veit ezzel a vizu\u00e1lis k\u00f6zleked\u00e9si l\u00e1mp\u00e1s megold\u00e1ssal! Ez a f\u0151 c\u00e9lja ennek a Traffic Light Custom Visual for Microsoft Power BI-nek. A \"Traffic Light\" egy rendk\u00edv\u00fcl testreszabhat\u00f3 Power BI Visual a KPI-k nyomon k\u00f6vet\u00e9s\u00e9hez. T\u00f6bbf\u00e9le be\u00e1ll\u00edt\u00e1s, mint p\u00e9ld\u00e1ul a v\u00edzszintes \u00e9s f\u00fcgg\u0151leges igaz\u00edt\u00e1s vagy a k\u00e9t\/h\u00e1rom l\u00e1mp\u00e1s rendszer az \u00d6n jelent\u00e9si ig\u00e9nyeihez igaz\u00edtja ezt a vizu\u00e1lis elemet.<br \/>\nEz a vizu\u00e1lis eszk\u00f6z a fizikai m\u00e9r\u00e9sek, a min\u0151s\u00e9gi mutat\u00f3k \u00e9s \u00e1ltal\u00e1ban az elt\u00e9r\u00e9sek minden t\u00edpus\u00e1ra vonatkoz\u00f3 k\u00fcsz\u00f6b\u00e9rt\u00e9kek nyomon k\u00f6vet\u00e9s\u00e9re \u00e9s jelz\u00e9s\u00e9re is haszn\u00e1lhat\u00f3. Ezzel a k\u00fcl\u00f6nb\u00f6z\u0151 v\u00e1llalkoz\u00e1sokn\u00e1l el\u0151fordul\u00f3 felhaszn\u00e1l\u00e1si esetek sz\u00e9les k\u00f6r\u00e9re alkalmazhat\u00f3.<\/p>","protected":false},"author":1,"featured_media":0,"parent":2301,"menu_order":1,"comment_status":"closed","ping_status":"closed","template":"","meta":{"footnotes":""},"class_list":["post-2170","page","type-page","status-publish","hentry","latest_post"],"_links":{"self":[{"href":"https:\/\/www.leaplytics.de\/hu\/wp-json\/wp\/v2\/pages\/2170","targetHints":{"allow":["GET"]}}],"collection":[{"href":"https:\/\/www.leaplytics.de\/hu\/wp-json\/wp\/v2\/pages"}],"about":[{"href":"https:\/\/www.leaplytics.de\/hu\/wp-json\/wp\/v2\/types\/page"}],"author":[{"embeddable":true,"href":"https:\/\/www.leaplytics.de\/hu\/wp-json\/wp\/v2\/users\/1"}],"replies":[{"embeddable":true,"href":"https:\/\/www.leaplytics.de\/hu\/wp-json\/wp\/v2\/comments?post=2170"}],"version-history":[{"count":0,"href":"https:\/\/www.leaplytics.de\/hu\/wp-json\/wp\/v2\/pages\/2170\/revisions"}],"up":[{"embeddable":true,"href":"https:\/\/www.leaplytics.de\/hu\/wp-json\/wp\/v2\/pages\/2301"}],"wp:attachment":[{"href":"https:\/\/www.leaplytics.de\/hu\/wp-json\/wp\/v2\/media?parent=2170"}],"curies":[{"name":"wp","href":"https:\/\/api.w.org\/{rel}","templated":true}]}}