{"id":2246,"date":"2021-07-28T22:53:27","date_gmt":"2021-07-28T20:53:27","guid":{"rendered":"https:\/\/www.leaplytics.de\/?page_id=2246"},"modified":"2024-12-12T21:25:43","modified_gmt":"2024-12-12T20:25:43","slug":"feltetelek-es-kikotesek","status":"publish","type":"page","link":"https:\/\/www.leaplytics.de\/hu\/feltetelek-es-kikotesek\/","title":{"rendered":"Felt\u00e9telek \u00e9s felt\u00e9telek"},"content":{"rendered":"<p>A legfrissebb \u00c1ltal\u00e1nos Szerz\u0151d\u00e9si Felt\u00e9teleinket az al\u00e1bbi dokumentumokban tal\u00e1lja:<\/p>\n\n\n\n<h2 class=\"wp-block-heading has-text-align-center\"><strong>N\u00e9met<\/strong><\/h2>\n\n\n<div class=\"_df_book df-lite\" id=\"df_2257\"  _slug=\"2257\" data-title=\"allgemeine-geschaftsbedingungen\" wpoptions=\"true\" thumbtype=\"\" ><\/div><script class=\"df-shortcode-script\" nowprocket type=\"application\/javascript\">window.option_df_2257 = {\"outline\":[],\"autoEnableOutline\":\"false\",\"autoEnableThumbnail\":\"false\",\"overwritePDFOutline\":\"false\",\"direction\":\"1\",\"pageSize\":\"0\",\"source\":\"https:\\\/\\\/www.leaplytics.de\\\/wp-content\\\/uploads\\\/2024\\\/12\\\/AGBs_2024_Dezember.pdf\",\"wpOptions\":\"true\"}; if(window.DFLIP && window.DFLIP.parseBooks){window.DFLIP.parseBooks();}<\/script>\n\n\n\n<div style=\"height:47px\" aria-hidden=\"true\" class=\"wp-block-spacer\"><\/div>\n\n\n\n<hr class=\"wp-block-separator has-css-opacity\"\/>\n\n\n\n<div style=\"height:61px\" aria-hidden=\"true\" class=\"wp-block-spacer\"><\/div>\n\n\n\n<h2 class=\"wp-block-heading has-text-align-center\"> <strong>Angol<\/strong><\/h2>\n\n\n<div class=\"_df_book df-lite\" id=\"df_2265\"  _slug=\"general-terms-and-conditions\" data-title=\"general-terms-and-conditions\" wpoptions=\"true\" thumbtype=\"\" ><\/div><script class=\"df-shortcode-script\" nowprocket type=\"application\/javascript\">window.option_df_2265 = {\"outline\":[],\"autoEnableOutline\":\"false\",\"autoEnableThumbnail\":\"false\",\"overwritePDFOutline\":\"false\",\"direction\":\"1\",\"pageSize\":\"0\",\"source\":\"https:\\\/\\\/www.leaplytics.de\\\/wp-content\\\/uploads\\\/2024\\\/12\\\/GTC_engl_2024_December.pdf\",\"wpOptions\":\"true\"}; if(window.DFLIP && window.DFLIP.parseBooks){window.DFLIP.parseBooks();}<\/script>","protected":false},"excerpt":{"rendered":"<p>A legfrissebb \u00c1ltal\u00e1nos Szerz\u0151d\u00e9si Felt\u00e9teleinket az al\u00e1bbi dokumentumokban tal\u00e1lja: N\u00e9met Angol<\/p>","protected":false},"author":1,"featured_media":0,"parent":0,"menu_order":0,"comment_status":"closed","ping_status":"closed","template":"","meta":{"footnotes":""},"class_list":["post-2246","page","type-page","status-publish","hentry","latest_post"],"_links":{"self":[{"href":"https:\/\/www.leaplytics.de\/hu\/wp-json\/wp\/v2\/pages\/2246","targetHints":{"allow":["GET"]}}],"collection":[{"href":"https:\/\/www.leaplytics.de\/hu\/wp-json\/wp\/v2\/pages"}],"about":[{"href":"https:\/\/www.leaplytics.de\/hu\/wp-json\/wp\/v2\/types\/page"}],"author":[{"embeddable":true,"href":"https:\/\/www.leaplytics.de\/hu\/wp-json\/wp\/v2\/users\/1"}],"replies":[{"embeddable":true,"href":"https:\/\/www.leaplytics.de\/hu\/wp-json\/wp\/v2\/comments?post=2246"}],"version-history":[{"count":1,"href":"https:\/\/www.leaplytics.de\/hu\/wp-json\/wp\/v2\/pages\/2246\/revisions"}],"predecessor-version":[{"id":13706,"href":"https:\/\/www.leaplytics.de\/hu\/wp-json\/wp\/v2\/pages\/2246\/revisions\/13706"}],"wp:attachment":[{"href":"https:\/\/www.leaplytics.de\/hu\/wp-json\/wp\/v2\/media?parent=2246"}],"curies":[{"name":"wp","href":"https:\/\/api.w.org\/{rel}","templated":true}]}}