{"id":23,"date":"2020-10-13T23:19:51","date_gmt":"2020-10-13T21:19:51","guid":{"rendered":"https:\/\/www.blytics.de\/?page_id=23"},"modified":"2025-04-15T20:00:36","modified_gmt":"2025-04-15T18:00:36","slug":"a-honlaprol","status":"publish","type":"page","link":"https:\/\/www.leaplytics.de\/hu\/a-honlaprol\/","title":{"rendered":"A LeapLytics eredete"},"content":{"rendered":"<p>Ez a t\u00f6rt\u00e9net k\u00e9t frankfurti bar\u00e1tr\u00f3l sz\u00f3l. A 2020-as \u00e9vet \u00edrjuk. Sz\u00e1mos projekt szerepk\u00f6rben dolgoztunk, p\u00e9ld\u00e1ul projektvezet\u0151k\u00e9nt, strat\u00e9giai \u00e9s operat\u00edv PMO-k\u00e9nt. \u00c9s r\u00e1j\u00f6tt\u00fcnk, hogy nem \u00e1llt rendelkez\u00e9s\u00fcnkre olyan val\u00f3di projektmenedzsment jelent\u00e9si \u00e9s elemz\u00e9si megold\u00e1s, amely megfelel a k\u00fcl\u00f6nb\u00f6z\u0151 projektmenedzsment szerepk\u00f6r\u00f6k ig\u00e9nyeinek. Ez\u00e9rt kezdt\u00fck el megugrani a projektmenedzsmentet az analitikai megold\u00e1sok friss \u00f6tleteivel.<\/p>\n\n\n\n<p>A LeapLytics-et azzal a c\u00e9llal hoztuk l\u00e9tre, hogy \u00e9letre kelts\u00fck a projektmenedzsmenttel kapcsolatos analitik\u00e1t. M\u00e1r a kezdetekt\u0151l fogva vil\u00e1gos volt, hogy az integr\u00e1lt jelent\u00e9st\u00e9tel nem \u00f6n\u00e1ll\u00f3 jelent\u00e9st\u00e9teli megold\u00e1sokkal, hanem integr\u00e1lt megk\u00f6zel\u00edt\u00e9ssel val\u00f3s\u00edthat\u00f3 meg. A projektjelent\u00e9st a v\u00e1llalatokn\u00e1l \u00e9s csoportokban m\u00e1r megl\u00e9v\u0151 megold\u00e1sokkal kell lehet\u0151v\u00e9 tenni.<\/p>\n\n\n\n<p>Ma a LeapLytics friss \u00e9s innovat\u00edv jelent\u00e9si megold\u00e1sokat k\u00e9pvisel, amelyek az integr\u00e1ci\u00f3 k\u00fcl\u00f6nb\u00f6z\u0151 szintjeihez illeszkednek: az \u00d6n m\u0171szerfalaiba integr\u00e1lhat\u00f3 b\u0151v\u00edtm\u00e9nyekt\u0151l kezdve a k\u00e9sz \u00e9s haszn\u00e1latra k\u00e9sz m\u0171szerfalakon kereszt\u00fcl bizonyos felhaszn\u00e1l\u00e1si esetekre, eg\u00e9szen a jelent\u00e9si \u00e9s adatmodellez\u00e9si tan\u00e1csad\u00e1sig.<\/p>\n\n\n\n<p>Alap\u00edt\u00f3k\u00e9nt arra t\u00f6reksz\u00fcnk, hogy term\u00e9keiken \u00e9s tan\u00e1csad\u00f3i megk\u00f6zel\u00edt\u00e9s\u00fck\u00f6n bel\u00fcl professzion\u00e1lis jelent\u00e9si megold\u00e1sokat ny\u00fajtsunk.<\/p>\n\n\n\n<figure class=\"wp-block-gallery has-nested-images columns-default is-cropped wp-block-gallery-1 is-layout-flex wp-block-gallery-is-layout-flex\">\n<figure class=\"wp-block-image size-large\"><a href=\"https:\/\/www.linkedin.com\/in\/stefanpreusler\/\"><img loading=\"lazy\" decoding=\"async\" width=\"768\" height=\"1024\" data-id=\"480\" src=\"https:\/\/www.leaplytics.de\/wp-content\/uploads\/2020\/11\/stefan-v2-2-768x1024.jpeg\" alt=\"\" class=\"wp-image-480\" srcset=\"https:\/\/www.leaplytics.de\/wp-content\/uploads\/2020\/11\/stefan-v2-2-768x1024.jpeg 768w, https:\/\/www.leaplytics.de\/wp-content\/uploads\/2020\/11\/stefan-v2-2-scaled-600x800.jpeg 600w, https:\/\/www.leaplytics.de\/wp-content\/uploads\/2020\/11\/stefan-v2-2-225x300.jpeg 225w, https:\/\/www.leaplytics.de\/wp-content\/uploads\/2020\/11\/stefan-v2-2-1152x1536.jpeg 1152w, https:\/\/www.leaplytics.de\/wp-content\/uploads\/2020\/11\/stefan-v2-2-1536x2048.jpeg 1536w, https:\/\/www.leaplytics.de\/wp-content\/uploads\/2020\/11\/stefan-v2-2-45x60.jpeg 45w, https:\/\/www.leaplytics.de\/wp-content\/uploads\/2020\/11\/stefan-v2-2-scaled.jpeg 1920w\" sizes=\"auto, (max-width: 768px) 100vw, 768px\" \/><\/a><figcaption class=\"wp-element-caption\">Stefan Preusler<\/figcaption><\/figure>\n\n\n\n<figure class=\"wp-block-image size-large\"><a href=\"https:\/\/www.linkedin.com\/in\/dominik-galsheimer-3233461b9\/\"><img loading=\"lazy\" decoding=\"async\" width=\"851\" height=\"1024\" data-id=\"488\" src=\"https:\/\/www.leaplytics.de\/wp-content\/uploads\/2020\/11\/Dominik_About-scaled-e1604523139831-851x1024.jpg\" alt=\"\" class=\"wp-image-488\" srcset=\"https:\/\/www.leaplytics.de\/wp-content\/uploads\/2020\/11\/Dominik_About-scaled-e1604523139831-851x1024.jpg 851w, https:\/\/www.leaplytics.de\/wp-content\/uploads\/2020\/11\/Dominik_About-scaled-e1604523139831-600x722.jpg 600w, https:\/\/www.leaplytics.de\/wp-content\/uploads\/2020\/11\/Dominik_About-scaled-e1604523139831-249x300.jpg 249w, https:\/\/www.leaplytics.de\/wp-content\/uploads\/2020\/11\/Dominik_About-scaled-e1604523139831-768x924.jpg 768w, https:\/\/www.leaplytics.de\/wp-content\/uploads\/2020\/11\/Dominik_About-scaled-e1604523139831-1277x1536.jpg 1277w, https:\/\/www.leaplytics.de\/wp-content\/uploads\/2020\/11\/Dominik_About-scaled-e1604523139831-1702x2048.jpg 1702w, https:\/\/www.leaplytics.de\/wp-content\/uploads\/2020\/11\/Dominik_About-scaled-e1604523139831-50x60.jpg 50w, https:\/\/www.leaplytics.de\/wp-content\/uploads\/2020\/11\/Dominik_About-scaled-e1604523139831.jpg 1920w\" sizes=\"auto, (max-width: 851px) 100vw, 851px\" \/><\/a><figcaption class=\"wp-element-caption\">Dominik Galsheimer<\/figcaption><\/figure>\n<\/figure>","protected":false},"excerpt":{"rendered":"<p>A LeapLytics friss \u00e9s innovat\u00edv jelent\u00e9si megold\u00e1sokat k\u00edn\u00e1l, amelyek az integr\u00e1ci\u00f3 k\u00fcl\u00f6nb\u00f6z\u0151 szintjeihez illeszkednek.<\/p>","protected":false},"author":1,"featured_media":3395,"parent":0,"menu_order":0,"comment_status":"closed","ping_status":"closed","template":"","meta":{"footnotes":""},"class_list":["post-23","page","type-page","status-publish","has-post-thumbnail","hentry","latest_post"],"_links":{"self":[{"href":"https:\/\/www.leaplytics.de\/hu\/wp-json\/wp\/v2\/pages\/23","targetHints":{"allow":["GET"]}}],"collection":[{"href":"https:\/\/www.leaplytics.de\/hu\/wp-json\/wp\/v2\/pages"}],"about":[{"href":"https:\/\/www.leaplytics.de\/hu\/wp-json\/wp\/v2\/types\/page"}],"author":[{"embeddable":true,"href":"https:\/\/www.leaplytics.de\/hu\/wp-json\/wp\/v2\/users\/1"}],"replies":[{"embeddable":true,"href":"https:\/\/www.leaplytics.de\/hu\/wp-json\/wp\/v2\/comments?post=23"}],"version-history":[{"count":15,"href":"https:\/\/www.leaplytics.de\/hu\/wp-json\/wp\/v2\/pages\/23\/revisions"}],"predecessor-version":[{"id":13709,"href":"https:\/\/www.leaplytics.de\/hu\/wp-json\/wp\/v2\/pages\/23\/revisions\/13709"}],"wp:featuredmedia":[{"embeddable":true,"href":"https:\/\/www.leaplytics.de\/hu\/wp-json\/wp\/v2\/media\/3395"}],"wp:attachment":[{"href":"https:\/\/www.leaplytics.de\/hu\/wp-json\/wp\/v2\/media?parent=23"}],"curies":[{"name":"wp","href":"https:\/\/api.w.org\/{rel}","templated":true}]}}