{"id":2301,"date":"2021-09-10T23:49:33","date_gmt":"2021-09-10T21:49:33","guid":{"rendered":"https:\/\/www.leaplytics.de\/?page_id=2301"},"modified":"2022-05-08T00:34:51","modified_gmt":"2022-05-07T22:34:51","slug":"projektmenedzsment-egyedi-latvanyterv-microsoft-powerbi","status":"publish","type":"page","link":"https:\/\/www.leaplytics.de\/hu\/cimoldal\/projektmenedzsment-egyedi-latvanyterv-microsoft-powerbi\/","title":{"rendered":"Projektmenedzsment Egyedi vizu\u00e1lis eszk\u00f6z\u00f6k a Microsoft Power BI sz\u00e1m\u00e1ra"},"content":{"rendered":"<p><strong>Hat\u00e9kony \u00e9s \u00fczleti vonatkoz\u00e1s\u00fa<\/strong> a LeapLytics v\u00e9djegye \u00e9s megold\u00e1saink hozz\u00e1adott \u00e9rt\u00e9ke.<\/p>\n<p>A Microsoft Power BI projektmenedzsment egyedi l\u00e1tv\u00e1nyterveinket a Microsoft hivatalosan j\u00f3v\u00e1hagyta, \u00e9s tartalmazz\u00e1k az \u00d6n egyedi megold\u00e1sait. Haszn\u00e1lja ki a k\u00fcl\u00f6nb\u00f6z\u0151 lehet\u0151s\u00e9geket m\u0171szerfal\u00e1nak b\u0151v\u00edt\u00e9s\u00e9hez \u00e9s \u00f6tleteinek megval\u00f3s\u00edt\u00e1s\u00e1hoz. A kiterjeszt\u00e9sek vil\u00e1gos strukt\u00far\u00e1t k\u00f6vetnek, \u00e9s a felhaszn\u00e1l\u00f3ra \u00f6sszpontos\u00edtva \u00e9p\u00fclnek fel, hogy a lehet\u0151 leginituat\u00edvabb\u00e1 tegy\u00e9k, an\u00e9lk\u00fcl, hogy lemondan\u00e1nak a fontos funkci\u00f3kr\u00f3l.<\/p>\n<p>Ez\u00e9rt a lehets\u00e9ges felhaszn\u00e1l\u00e1si esetek r\u00e9szletes le\u00edr\u00e1s\u00e1t tartalmaz\u00f3 \u00e1tfog\u00f3 dokument\u00e1ci\u00f3 felgyors\u00edtja a felhaszn\u00e1l\u00e1st \u00e9s a megval\u00f3s\u00edt\u00e1st.<\/p>\n<p>Az al\u00e1bbiakban megtal\u00e1lja a rendelkez\u00e9sre \u00e1ll\u00f3 l\u00e1tv\u00e1nyterveket, \u00e9s a k\u00e9pekre kattintva felfedezheti a funkci\u00f3kat.<\/p>\n<p>\u00a0<\/p>\n\n\n<div class=\"wp-block-media-text alignwide is-stacked-on-mobile\" style=\"grid-template-columns:43% auto\"><figure class=\"wp-block-media-text__media\"><a href=\"https:\/\/www.leaplytics.de\/hu\/cimoldal\/project-management-visuals-ms-powerbi\/kozlekedesi-lampak-a-power-bi-szamara\/\"><img loading=\"lazy\" decoding=\"async\" width=\"287\" height=\"300\" src=\"https:\/\/www.leaplytics.de\/wp-content\/uploads\/2021\/11\/TrafficLight300pixel.png\" alt=\"\" class=\"wp-image-2361 size-full\" srcset=\"https:\/\/www.leaplytics.de\/wp-content\/uploads\/2021\/11\/TrafficLight300pixel.png 287w, https:\/\/www.leaplytics.de\/wp-content\/uploads\/2021\/11\/TrafficLight300pixel-57x60.png 57w\" sizes=\"auto, (max-width: 287px) 100vw, 287px\" \/><\/a><\/figure><div class=\"wp-block-media-text__content\">\n<p class=\"has-large-font-size\">K\u00f6zleked\u00e9si l\u00e1mpa Custom Visual<\/p>\n<\/div><\/div>\n\n\n\n<p><\/p>","protected":false},"excerpt":{"rendered":"<p>A LeapLytics v\u00e9djegye \u00e9s megold\u00e1saink hozz\u00e1adott \u00e9rt\u00e9ke a hat\u00e9konys\u00e1g \u00e9s az \u00fczlethez val\u00f3 kapcsol\u00f3d\u00e1s.\u00a0<\/p>","protected":false},"author":1,"featured_media":0,"parent":111,"menu_order":0,"comment_status":"closed","ping_status":"closed","template":"","meta":{"footnotes":""},"class_list":["post-2301","page","type-page","status-publish","hentry","latest_post"],"_links":{"self":[{"href":"https:\/\/www.leaplytics.de\/hu\/wp-json\/wp\/v2\/pages\/2301","targetHints":{"allow":["GET"]}}],"collection":[{"href":"https:\/\/www.leaplytics.de\/hu\/wp-json\/wp\/v2\/pages"}],"about":[{"href":"https:\/\/www.leaplytics.de\/hu\/wp-json\/wp\/v2\/types\/page"}],"author":[{"embeddable":true,"href":"https:\/\/www.leaplytics.de\/hu\/wp-json\/wp\/v2\/users\/1"}],"replies":[{"embeddable":true,"href":"https:\/\/www.leaplytics.de\/hu\/wp-json\/wp\/v2\/comments?post=2301"}],"version-history":[{"count":0,"href":"https:\/\/www.leaplytics.de\/hu\/wp-json\/wp\/v2\/pages\/2301\/revisions"}],"up":[{"embeddable":true,"href":"https:\/\/www.leaplytics.de\/hu\/wp-json\/wp\/v2\/pages\/111"}],"wp:attachment":[{"href":"https:\/\/www.leaplytics.de\/hu\/wp-json\/wp\/v2\/media?parent=2301"}],"curies":[{"name":"wp","href":"https:\/\/api.w.org\/{rel}","templated":true}]}}