{"id":2436,"date":"2021-12-13T21:22:53","date_gmt":"2021-12-13T20:22:53","guid":{"rendered":"https:\/\/www.leaplytics.de\/?page_id=2436"},"modified":"2022-06-15T15:05:33","modified_gmt":"2022-06-15T13:05:33","slug":"kozlekedesi-lampa-teljesitmeny-bi-kinalata","status":"publish","type":"page","link":"https:\/\/www.leaplytics.de\/hu\/kozlekedesi-lampa-teljesitmeny-bi-kinalata\/","title":{"rendered":"Traffic Light Power BI aj\u00e1nlat"},"content":{"rendered":"<div class=\"wp-block-image\">\n<figure class=\"aligncenter size-full is-resized\"><img loading=\"lazy\" decoding=\"async\" src=\"https:\/\/www.leaplytics.de\/wp-content\/uploads\/2020\/10\/Three-Traffic-Lights-e1644325953391.png\" alt=\"\" class=\"wp-image-411\" width=\"175\" height=\"183\"\/><\/figure><\/div>\n\n\n<div style=\"height:50px\" aria-hidden=\"true\" class=\"wp-block-spacer\"><\/div>\n\n\n\n<div class=\"wp-block-columns alignwide is-layout-flex wp-container-core-columns-is-layout-1 wp-block-columns-is-layout-flex\">\n<div class=\"wp-block-column has-text-color has-background has-link-color wp-elements-50e564fd3b335201ec964f140d74ba12 is-layout-flow wp-block-column-is-layout-flow\" style=\"background-color:#eeeeee;color:#000000;padding-top:2em;padding-right:2em;padding-bottom:2em;padding-left:2em\">\n<h2 class=\"wp-block-heading\" id=\"single\" style=\"font-size:40px\"><strong>INGYENES verzi\u00f3<\/strong><\/h2>\n\n\n\n<div style=\"height:10px\" aria-hidden=\"true\" class=\"wp-block-spacer\"><\/div>\n\n\n\n<p class=\"has-normal-font-size\" style=\"line-height:1.5\">A LeapLytics - Traffic Light ingyenes verzi\u00f3ja v\u00edzjellel \u00e9s korl\u00e1tozott funkcionalit\u00e1ssal haszn\u00e1lhat\u00f3.<\/p>\n\n\n\n<div style=\"height:10px\" aria-hidden=\"true\" class=\"wp-block-spacer\"><\/div>\n\n\n\n<hr class=\"wp-block-separator has-text-color has-css-opacity has-background is-style-wide\" style=\"background-color:#000000;color:#000000\"\/>\n\n\n\n<div style=\"height:10px\" aria-hidden=\"true\" class=\"wp-block-spacer\"><\/div>\n\n\n\n<p><i class=\"fas fa-times\"><\/i> V\u00edzjel elt\u00e1vol\u00edtva<\/p>\n\n\n\n<p><i class=\"fas fa-check\"><\/i> H\u00e1rom f\u00e9ny rendszer<\/p>\n\n\n\n<p><i class=\"fas fa-times\"><\/i>  K\u00e9t f\u00e9ny rendszer<\/p>\n\n\n\n<p><i class=\"fas fa-times\"><\/i> One Light rendszer<\/p>\n\n\n\n<p><i class=\"fas fa-check\"><\/i> F\u00fcgg\u0151leges igaz\u00edt\u00e1s<\/p>\n\n\n\n<p><i class=\"fas fa-times\"><\/i> V\u00edzszintes igaz\u00edt\u00e1s<\/p>\n\n\n\n<p><i class=\"fas fa-times\"><\/i> Hat\u00e1r be\u00e1ll\u00edt\u00e1sok<\/p>\n\n\n\n<p><i class=\"fas fa-times\"><\/i> Sz\u00f6vegbe\u00e1ll\u00edt\u00e1sok<\/p>\n\n\n\n<p><i class=\"fas fa-times\"><\/i> Sz\u00ednbe\u00e1ll\u00edt\u00e1sok<\/p>\n\n\n\n<div class=\"wp-block-buttons alignfull is-horizontal is-content-justification-center is-layout-flex wp-container-core-buttons-is-layout-1 wp-block-buttons-is-layout-flex\">\n<div class=\"wp-block-button\"><a class=\"wp-block-button__link\" href=\"https:\/\/appsource.microsoft.com\/en-en\/product\/power-bi-visuals\/leaplyticsgmbh1633373694058.leaplytics_traffic_light?tab=overview\" target=\"_blank\" rel=\"noreferrer noopener\">Ingyenes verzi\u00f3 beszerz\u00e9se<\/a><\/div>\n<\/div>\n\n\n\n<div style=\"height:30px\" aria-hidden=\"true\" class=\"wp-block-spacer\"><\/div>\n\n\n\n<p class=\"has-text-align-center has-text-color\" style=\"color:#98bd00\"><strong><em>\u00d6n m\u00e1r haszn\u00e1lja a l\u00e1tv\u00e1nyterv INGYENES verzi\u00f3j\u00e1t.<\/em><\/strong><\/p>\n<\/div>\n\n\n\n<div class=\"wp-block-column has-text-color has-background has-link-color wp-elements-27bc483104e077d24b05df2e0f3ad857 is-layout-flow wp-block-column-is-layout-flow\" style=\"background-color:#f2c80f;color:#000000;padding-top:2em;padding-right:2em;padding-bottom:2em;padding-left:2em\">\n<h2 class=\"wp-block-heading\" id=\"family\" style=\"font-size:40px\"><strong>PRO verzi\u00f3<\/strong><\/h2>\n\n\n\n<div style=\"height:10px\" aria-hidden=\"true\" class=\"wp-block-spacer\"><\/div>\n\n\n\n<p class=\"has-normal-font-size\" style=\"line-height:1.5\">A LeapLytics - Traffic Light PRO verzi\u00f3ja elt\u00e1vol\u00edtja a v\u00edzjelet \u00e9s az \u00f6sszes korl\u00e1toz\u00e1st, hogy teljes erej\u00e9t felszabad\u00edthassa ennek a l\u00e1tv\u00e1nynak.<\/p>\n\n\n\n<div style=\"height:10px\" aria-hidden=\"true\" class=\"wp-block-spacer\"><\/div>\n\n\n\n<hr class=\"wp-block-separator has-text-color has-black-color has-css-opacity has-black-background-color has-background is-style-wide\"\/>\n\n\n\n<div style=\"height:10px\" aria-hidden=\"true\" class=\"wp-block-spacer\"><\/div>\n\n\n\n<p><i class=\"fas fa-check\"><\/i>  V\u00edzjel elt\u00e1vol\u00edtva<\/p>\n\n\n\n<p><i class=\"fas fa-check\"><\/i>   H\u00e1rom f\u00e9ny rendszer<\/p>\n\n\n\n<p><i class=\"fas fa-check\"><\/i>   K\u00e9t f\u00e9ny rendszer<\/p>\n\n\n\n<p><i class=\"fas fa-check\"><\/i> One Light rendszer<\/p>\n\n\n\n<p><i class=\"fas fa-check\"><\/i> F\u00fcgg\u0151leges igaz\u00edt\u00e1s<\/p>\n\n\n\n<p><i class=\"fas fa-check\"><\/i> V\u00edzszintes igaz\u00edt\u00e1s<\/p>\n\n\n\n<p><i class=\"fas fa-check\"><\/i> Hat\u00e1r be\u00e1ll\u00edt\u00e1sok<\/p>\n\n\n\n<p><i class=\"fas fa-check\"><\/i> Sz\u00f6vegbe\u00e1ll\u00edt\u00e1sok<\/p>\n\n\n\n<p><i class=\"fas fa-check\"><\/i> Sz\u00ednbe\u00e1ll\u00edt\u00e1sok<\/p>\n\n\n\n<div class=\"wp-block-buttons is-content-justification-center is-layout-flex wp-container-core-buttons-is-layout-2 wp-block-buttons-is-layout-flex\">\n<div class=\"wp-block-button\"><a class=\"wp-block-button__link\" href=\"https:\/\/shop.leaplytics.de\/product\/power-bi-traffic-light\/\">PRO verzi\u00f3 megv\u00e1s\u00e1rl\u00e1sa<\/a><\/div>\n<\/div>\n\n\n\n<div style=\"height:10px\" aria-hidden=\"true\" class=\"wp-block-spacer\"><\/div>\n\n\n\n<div class=\"wp-block-buttons alignfull is-horizontal is-content-justification-center is-layout-flex wp-container-core-buttons-is-layout-3 wp-block-buttons-is-layout-flex\">\n<div class=\"wp-block-button\"><a class=\"wp-block-button__link\" href=\"https:\/\/www.leaplytics.de\/hu\/kozlekedesi-lampa-teljesitmeny-bi-kinalata\/#contact\">Pr\u00f3b\u00e1lja ki a PRO verzi\u00f3t<\/a><\/div>\n<\/div>\n<\/div>\n<\/div>\n\n\n\n<div style=\"height:50px\" aria-hidden=\"true\" class=\"wp-block-spacer\"><\/div>\n\n\n\n<hr class=\"wp-block-separator has-text-color has-cyan-bluish-gray-color has-css-opacity has-cyan-bluish-gray-background-color has-background\"\/>\n\n\n\n<div style=\"height:50px\" aria-hidden=\"true\" class=\"wp-block-spacer\"><\/div>\n\n\n\n<h2 class=\"wp-block-heading\" id=\"contact\">Pr\u00f3b\u00e1lja ki v\u00e1s\u00e1rl\u00e1s el\u0151tt! <\/h2>\n\n\n\n<div style=\"height:10px\" aria-hidden=\"true\" class=\"wp-block-spacer\"><\/div>\n\n\n\n<h4 class=\"wp-block-heading\" id=\"contact\">K\u00e9rje szem\u00e9lyes 2 hetes pr\u00f3balicenc\u00e9t most!<\/h4>\n\n\n\n<div style=\"height:50px\" aria-hidden=\"true\" class=\"wp-block-spacer\"><\/div>\n\n\n\n<div class=\"wpcf7 no-js\" id=\"wpcf7-f8633-o1\" lang=\"de-DE\" dir=\"ltr\" data-wpcf7-id=\"8633\">\n<div class=\"screen-reader-response\"><p role=\"status\" aria-live=\"polite\" aria-atomic=\"true\"><\/p> <ul><\/ul><\/div>\n<form action=\"\/hu\/wp-json\/wp\/v2\/pages\/2436#wpcf7-f8633-o1\" method=\"post\" class=\"wpcf7-form init\" aria-label=\"Kontaktformular\" novalidate=\"novalidate\" data-status=\"init\" data-trp-original-action=\"\/hu\/wp-json\/wp\/v2\/pages\/2436#wpcf7-f8633-o1\">\n<fieldset class=\"hidden-fields-container\"><input type=\"hidden\" name=\"_wpcf7\" value=\"8633\" \/><input type=\"hidden\" name=\"_wpcf7_version\" value=\"6.1.1\" \/><input type=\"hidden\" name=\"_wpcf7_locale\" value=\"de_DE\" \/><input type=\"hidden\" name=\"_wpcf7_unit_tag\" value=\"wpcf7-f8633-o1\" \/><input type=\"hidden\" name=\"_wpcf7_container_post\" value=\"0\" \/><input type=\"hidden\" name=\"_wpcf7_posted_data_hash\" value=\"\" \/><input type=\"hidden\" name=\"_wpcf7_recaptcha_response\" value=\"\" \/>\n<\/fieldset>\n<p><label> Keresztn\u00e9v (*)<br \/>\n<span class=\"wpcf7-form-control-wrap\" data-name=\"first-name\"><input size=\"40\" maxlength=\"400\" class=\"wpcf7-form-control wpcf7-text wpcf7-validates-as-required\" aria-required=\"true\" aria-invalid=\"false\" value=\"\" type=\"text\" name=\"first-name\" \/><\/span><\/label>\n<\/p>\n<p><label> Vezet\u00e9kn\u00e9v (*)<br \/>\n<span class=\"wpcf7-form-control-wrap\" data-name=\"your-name\"><input size=\"40\" maxlength=\"400\" class=\"wpcf7-form-control wpcf7-text wpcf7-validates-as-required\" aria-required=\"true\" aria-invalid=\"false\" value=\"\" type=\"text\" name=\"your-name\" \/><\/span> <\/label>\n<\/p>\n<p><label> \u00dczleti e-mail (*)<br \/>\n<span class=\"wpcf7-form-control-wrap\" data-name=\"your-email\"><input size=\"40\" maxlength=\"400\" class=\"wpcf7-form-control wpcf7-email wpcf7-validates-as-required wpcf7-text wpcf7-validates-as-email\" aria-required=\"true\" aria-invalid=\"false\" value=\"\" type=\"email\" name=\"your-email\" \/><\/span> <\/label>\n<\/p>\n<p><label> V\u00e1llalat (*)<br \/>\n<span class=\"wpcf7-form-control-wrap\" data-name=\"Company\"><input size=\"40\" maxlength=\"400\" class=\"wpcf7-form-control wpcf7-text wpcf7-validates-as-required\" aria-required=\"true\" aria-invalid=\"false\" value=\"\" type=\"text\" name=\"Company\" \/><\/span> <\/label>\n<\/p>\n<p><b>K\u00e9rj\u00fck, vegye figyelembe:<\/b> Ha igen <u>nem l\u00e1tom<\/u> az al\u00e1bbi \"K\u00fcld\u00e9s\" gombra, akkor <u>nem fogadj\u00e1k el<\/u> adatv\u00e9delmi szab\u00e1lyzatunk. Ez\u00e9rt nem gy\u0171jthetj\u00fck az \u00d6n adatait ebben a form\u00e1ban. Vagy \u00edrjon nek\u00fcnk a jobb oldali chatben, vagy k\u00fcldj\u00f6n nek\u00fcnk e-mailt a k\u00f6vetkez\u0151 c\u00edmre <a href=\"\/hu\/&\/#x6d;&#x61;&#x69;&#x6c;&#116;&#111;&#58;in&#x66;&#x6f;&#x40;&#x6c;&#x65;&#97;&#112;&#108;yt&#x69;&#x63;&#x73;&#x2e;&#x64;&#101;\"><i class=\"fa fa-envelope\" aria-hidden=\"true\"><\/i>info@leaplytics.de<\/a> vagy t\u00f6r\u00f6lje a cookie-kat a b\u00f6ng\u00e9sz\u0151ben (Ctrl + Shift + Delete), \u00e9s az oldal \u00fajrat\u00f6lt\u00e9se ut\u00e1n fogadja el az adatv\u00e9delmi nyilatkozatot.\n<\/p><div class=\"wpcf7-response-output\" aria-hidden=\"true\"><\/div>\n<input type=\"hidden\" name=\"trp-form-language\" value=\"hu\"\/><\/form>\n<\/div>\n\n\n\n\n<p><\/p>","protected":false},"excerpt":{"rendered":"<p>FREE Version The FREE Version of LeapLytics &#8211; Traffic Light is free to use with watermark and limited functionality. Watermark removed Three Light System Two Light System One Light System Vertical Alignment Horizontal Alignment Border Settings Text Settings Color Settings You are already using the FREE version of this visual. PRO Version The PRO Version &hellip; <\/p>","protected":false},"author":2,"featured_media":0,"parent":0,"menu_order":0,"comment_status":"closed","ping_status":"closed","template":"","meta":{"footnotes":""},"class_list":["post-2436","page","type-page","status-publish","hentry","latest_post"],"_links":{"self":[{"href":"https:\/\/www.leaplytics.de\/hu\/wp-json\/wp\/v2\/pages\/2436","targetHints":{"allow":["GET"]}}],"collection":[{"href":"https:\/\/www.leaplytics.de\/hu\/wp-json\/wp\/v2\/pages"}],"about":[{"href":"https:\/\/www.leaplytics.de\/hu\/wp-json\/wp\/v2\/types\/page"}],"author":[{"embeddable":true,"href":"https:\/\/www.leaplytics.de\/hu\/wp-json\/wp\/v2\/users\/2"}],"replies":[{"embeddable":true,"href":"https:\/\/www.leaplytics.de\/hu\/wp-json\/wp\/v2\/comments?post=2436"}],"version-history":[{"count":0,"href":"https:\/\/www.leaplytics.de\/hu\/wp-json\/wp\/v2\/pages\/2436\/revisions"}],"wp:attachment":[{"href":"https:\/\/www.leaplytics.de\/hu\/wp-json\/wp\/v2\/media?parent=2436"}],"curies":[{"name":"wp","href":"https:\/\/api.w.org\/{rel}","templated":true}]}}