{"id":6464,"date":"2022-04-25T20:31:18","date_gmt":"2022-04-25T18:31:18","guid":{"rendered":"https:\/\/www.leaplytics.de\/?page_id=6464"},"modified":"2022-04-26T20:20:47","modified_gmt":"2022-04-26T18:20:47","slug":"qlik-sense-dashboard-kiterjesztesek","status":"publish","type":"page","link":"https:\/\/www.leaplytics.de\/hu\/qlik-sense-dashboard-kiterjesztesek\/","title":{"rendered":"Qlik Sense m\u0171szerfal \u00e9s b\u0151v\u00edtm\u00e9nyek"},"content":{"rendered":"<p style=\"font-size:18px\"><strong>Hat\u00e9kony \u00e9s \u00fczleti vonatkoz\u00e1s\u00fa<\/strong> a LeapLytics v\u00e9djegye \u00e9s megold\u00e1saink hozz\u00e1adott \u00e9rt\u00e9ke.<\/p>\n\n\n\n<figure class=\"wp-block-image size-full\"><img loading=\"lazy\" decoding=\"async\" width=\"1510\" height=\"785\" src=\"https:\/\/www.leaplytics.de\/wp-content\/uploads\/2022\/04\/Dashboard_QlikSense.png\" alt=\"\" class=\"wp-image-6468\" srcset=\"https:\/\/www.leaplytics.de\/wp-content\/uploads\/2022\/04\/Dashboard_QlikSense.png 1510w, https:\/\/www.leaplytics.de\/wp-content\/uploads\/2022\/04\/Dashboard_QlikSense-300x156.png 300w, https:\/\/www.leaplytics.de\/wp-content\/uploads\/2022\/04\/Dashboard_QlikSense-1024x532.png 1024w, https:\/\/www.leaplytics.de\/wp-content\/uploads\/2022\/04\/Dashboard_QlikSense-768x399.png 768w, https:\/\/www.leaplytics.de\/wp-content\/uploads\/2022\/04\/Dashboard_QlikSense-115x60.png 115w\" sizes=\"auto, (max-width: 1510px) 100vw, 1510px\" \/><\/figure>\n\n\n\n<div class=\"wp-block-buttons is-content-justification-center is-layout-flex wp-container-core-buttons-is-layout-1 wp-block-buttons-is-layout-flex\">\n<div class=\"wp-block-button\"><a class=\"wp-block-button__link has-background\" href=\"https:\/\/www.leaplytics.de\/hu\/cimoldal\/projektmenedzsment-muszerfal-qlik-sense\/\" style=\"background:linear-gradient(135deg,rgb(202,248,128) 0%,rgb(0,152,69) 100%)\">M\u0171szerfal megjelen\u00edt\u00e9se<\/a><\/div>\n<\/div>\n\n\n\n<div style=\"height:100px\" aria-hidden=\"true\" class=\"wp-block-spacer\"><\/div>\n\n\n\n<p style=\"font-size:18px\">Projektmenedzsment-b\u0151v\u00edtm\u00e9nyeinket a Qlik hivatalosan j\u00f3v\u00e1hagyta, \u00e9s be\u00e9p\u00edtik az \u00d6n egyedi megold\u00e1sait. Haszn\u00e1lja a k\u00fcl\u00f6nb\u00f6z\u0151 lehet\u0151s\u00e9geket m\u0171szerfal\u00e1nak b\u0151v\u00edt\u00e9s\u00e9re \u00e9s \u00f6tleteinek megval\u00f3s\u00edt\u00e1s\u00e1ra. A b\u0151v\u00edtm\u00e9nyek vil\u00e1gos strukt\u00far\u00e1t k\u00f6vetnek, \u00e9s a felhaszn\u00e1l\u00f3ra \u00f6sszpontos\u00edtva \u00e9p\u00fclnek fel, hogy a lehet\u0151 legintuit\u00edvabb\u00e1 tegy\u00e9k, an\u00e9lk\u00fcl, hogy lemondan\u00e1nak a fontos funkci\u00f3kr\u00f3l.<\/p>\n\n\n\n<div style=\"height:100px\" aria-hidden=\"true\" class=\"wp-block-spacer\"><\/div>\n\n\n\n<div class=\"wp-block-media-text alignwide is-stacked-on-mobile\" style=\"grid-template-columns:60% auto\"><figure class=\"wp-block-media-text__media\"><img loading=\"lazy\" decoding=\"async\" width=\"1024\" height=\"576\" src=\"https:\/\/www.leaplytics.de\/wp-content\/uploads\/2022\/04\/First_Slice_Traffic_Light_QlikSense_green-1024x576.png\" alt=\"\" class=\"wp-image-6469 size-full\" srcset=\"https:\/\/www.leaplytics.de\/wp-content\/uploads\/2022\/04\/First_Slice_Traffic_Light_QlikSense_green-1024x576.png 1024w, https:\/\/www.leaplytics.de\/wp-content\/uploads\/2022\/04\/First_Slice_Traffic_Light_QlikSense_green-300x169.png 300w, https:\/\/www.leaplytics.de\/wp-content\/uploads\/2022\/04\/First_Slice_Traffic_Light_QlikSense_green-768x432.png 768w, https:\/\/www.leaplytics.de\/wp-content\/uploads\/2022\/04\/First_Slice_Traffic_Light_QlikSense_green-107x60.png 107w, https:\/\/www.leaplytics.de\/wp-content\/uploads\/2022\/04\/First_Slice_Traffic_Light_QlikSense_green.png 1140w\" sizes=\"auto, (max-width: 1024px) 100vw, 1024px\" \/><\/figure><div class=\"wp-block-media-text__content\">\n<p style=\"font-size:30px\"><strong>K\u00f6zleked\u00e9si l\u00e1mpa <\/strong><em>Hosszabb\u00edt\u00e1s<\/em><\/p>\n\n\n\n<p style=\"font-size:18px\">Tartsa szemmel a projekt st\u00e1tusz\u00e1t \u00e9s b\u00e1rmilyen k\u00fcsz\u00f6b\u00e9rt\u00e9ket ezzel a vizu\u00e1lis k\u00f6zleked\u00e9si l\u00e1mp\u00e1s megold\u00e1ssal! Ez a f\u0151 c\u00e9lja ennek a k\u00f6zleked\u00e9si l\u00e1mpa b\u0151v\u00edtm\u00e9nynek. A \"Traffic Light\" egy rendk\u00edv\u00fcl testreszabhat\u00f3 Qlik Sense b\u0151v\u00edtm\u00e9ny a KPI-k nyomon k\u00f6vet\u00e9s\u00e9hez. <\/p>\n<\/div><\/div>\n\n\n\n<div class=\"wp-block-media-text alignwide has-media-on-the-right is-stacked-on-mobile\" style=\"grid-template-columns:auto 40%\"><figure class=\"wp-block-media-text__media\"><img loading=\"lazy\" decoding=\"async\" width=\"1024\" height=\"576\" src=\"https:\/\/www.leaplytics.de\/wp-content\/uploads\/2022\/04\/Second_Slice_Traffic_light_QlikSense_green-1024x576.png\" alt=\"\" class=\"wp-image-6470 size-full\" srcset=\"https:\/\/www.leaplytics.de\/wp-content\/uploads\/2022\/04\/Second_Slice_Traffic_light_QlikSense_green-1024x576.png 1024w, https:\/\/www.leaplytics.de\/wp-content\/uploads\/2022\/04\/Second_Slice_Traffic_light_QlikSense_green-300x169.png 300w, https:\/\/www.leaplytics.de\/wp-content\/uploads\/2022\/04\/Second_Slice_Traffic_light_QlikSense_green-768x432.png 768w, https:\/\/www.leaplytics.de\/wp-content\/uploads\/2022\/04\/Second_Slice_Traffic_light_QlikSense_green-107x60.png 107w, https:\/\/www.leaplytics.de\/wp-content\/uploads\/2022\/04\/Second_Slice_Traffic_light_QlikSense_green.png 1140w\" sizes=\"auto, (max-width: 1024px) 100vw, 1024px\" \/><\/figure><div class=\"wp-block-media-text__content\">\n<p style=\"font-size:18px\">A Traffic Light Extension for Qlik Sense haszn\u00e1lhat\u00f3 a fizikai m\u00e9r\u00e9sek, a min\u0151s\u00e9gi mutat\u00f3k \u00e9s \u00e1ltal\u00e1ban az elt\u00e9r\u00e9sek minden t\u00edpus\u00e1ra vonatkoz\u00f3 k\u00fcsz\u00f6b\u00e9rt\u00e9kek nyomon k\u00f6vet\u00e9s\u00e9re \u00e9s jelz\u00e9s\u00e9re is. Alkalmazhat\u00f3 sz\u00e1mos felhaszn\u00e1l\u00e1si esetre, amelyek k\u00fcl\u00f6nb\u00f6z\u0151 v\u00e1llalkoz\u00e1sokn\u00e1l fordulnak el\u0151.<\/p>\n\n\n\n<div class=\"wp-block-buttons is-layout-flex wp-block-buttons-is-layout-flex\">\n<div class=\"wp-block-button\"><a class=\"wp-block-button__link has-very-light-gray-to-cyan-bluish-gray-gradient-background has-background\" href=\"https:\/\/www.leaplytics.de\/hu\/cimoldal\/qlik-sense-kiterjesztesek\/kozlekedesi-lampa-bovites-a-qliksense-szamara\/\"> Tudjon meg t\u00f6bbet<\/a><\/div>\n<\/div>\n<\/div><\/div>\n\n\n\n<div style=\"height:100px\" aria-hidden=\"true\" class=\"wp-block-spacer\"><\/div>\n\n\n\n<div style=\"height:100px\" aria-hidden=\"true\" class=\"wp-block-spacer\"><\/div>\n\n\n\n<div class=\"wp-block-media-text alignwide is-stacked-on-mobile\" style=\"grid-template-columns:60% auto\"><figure class=\"wp-block-media-text__media\"><img loading=\"lazy\" decoding=\"async\" width=\"1024\" height=\"576\" src=\"https:\/\/www.leaplytics.de\/wp-content\/uploads\/2022\/04\/First_Slice_Risk_Map_QlikSense_stone-1024x576.png\" alt=\"\" class=\"wp-image-6471 size-full\" srcset=\"https:\/\/www.leaplytics.de\/wp-content\/uploads\/2022\/04\/First_Slice_Risk_Map_QlikSense_stone-1024x576.png 1024w, https:\/\/www.leaplytics.de\/wp-content\/uploads\/2022\/04\/First_Slice_Risk_Map_QlikSense_stone-300x169.png 300w, https:\/\/www.leaplytics.de\/wp-content\/uploads\/2022\/04\/First_Slice_Risk_Map_QlikSense_stone-768x432.png 768w, https:\/\/www.leaplytics.de\/wp-content\/uploads\/2022\/04\/First_Slice_Risk_Map_QlikSense_stone-107x60.png 107w, https:\/\/www.leaplytics.de\/wp-content\/uploads\/2022\/04\/First_Slice_Risk_Map_QlikSense_stone.png 1140w\" sizes=\"auto, (max-width: 1024px) 100vw, 1024px\" \/><\/figure><div class=\"wp-block-media-text__content\">\n<p style=\"font-size:30px\"><strong>Kock\u00e1zati h\u0151t\u00e9rk\u00e9p <\/strong><em>Hosszabb\u00edt\u00e1s<\/em><\/p>\n\n\n\n<p style=\"font-size:18px\">A Risk Heatmap for Qlik Sense seg\u00edts\u00e9g\u00e9vel \u00e9les vizu\u00e1lis k\u00e9pet kaphat kock\u00e1zati profiljair\u00f3l! A b\u0151v\u00edtm\u00e9ny a k\u00e9t KPI-b\u00f3l \u00e9s k\u00fcl\u00f6nb\u00f6z\u0151 kateg\u00f3ri\u00e1kb\u00f3l \u00e1ll\u00f3 m\u00e1trixban m\u00e9rt profilok vizualiz\u00e1l\u00e1s\u00e1ra k\u00e9sz\u00fclt. K\u00e9pes mez\u0151nk\u00e9nt t\u00f6bb mutat\u00f3t is megjelen\u00edteni.<\/p>\n<\/div><\/div>\n\n\n\n<div class=\"wp-block-media-text alignwide has-media-on-the-right is-stacked-on-mobile\" style=\"grid-template-columns:auto 40%\"><figure class=\"wp-block-media-text__media\"><img loading=\"lazy\" decoding=\"async\" width=\"1024\" height=\"576\" src=\"https:\/\/www.leaplytics.de\/wp-content\/uploads\/2022\/04\/Second_Slice_Risk_Map_QlikSense_stone-1024x576.png\" alt=\"\" class=\"wp-image-6472 size-full\" srcset=\"https:\/\/www.leaplytics.de\/wp-content\/uploads\/2022\/04\/Second_Slice_Risk_Map_QlikSense_stone-1024x576.png 1024w, https:\/\/www.leaplytics.de\/wp-content\/uploads\/2022\/04\/Second_Slice_Risk_Map_QlikSense_stone-300x169.png 300w, https:\/\/www.leaplytics.de\/wp-content\/uploads\/2022\/04\/Second_Slice_Risk_Map_QlikSense_stone-768x432.png 768w, https:\/\/www.leaplytics.de\/wp-content\/uploads\/2022\/04\/Second_Slice_Risk_Map_QlikSense_stone-107x60.png 107w, https:\/\/www.leaplytics.de\/wp-content\/uploads\/2022\/04\/Second_Slice_Risk_Map_QlikSense_stone.png 1140w\" sizes=\"auto, (max-width: 1024px) 100vw, 1024px\" \/><\/figure><div class=\"wp-block-media-text__content\">\n<p style=\"font-size:18px\">Ez a kiterjeszt\u00e9s a fizikai m\u00e9r\u00e9sek, a min\u0151s\u00e9gi mutat\u00f3k \u00e9s \u00e1ltal\u00e1ban az elt\u00e9r\u00e9sek minden t\u00edpus\u00e1ra vonatkoz\u00f3 k\u00fcsz\u00f6b\u00e9rt\u00e9kek nyomon k\u00f6vet\u00e9s\u00e9re \u00e9s jelz\u00e9s\u00e9re is haszn\u00e1lhat\u00f3. Ezzel a k\u00fcl\u00f6nb\u00f6z\u0151 v\u00e1llalkoz\u00e1sokn\u00e1l el\u0151fordul\u00f3 felhaszn\u00e1l\u00e1si esetek sz\u00e9les k\u00f6r\u00e9re alkalmazhat\u00f3.<\/p>\n\n\n\n<div class=\"wp-block-buttons is-layout-flex wp-block-buttons-is-layout-flex\">\n<div class=\"wp-block-button\"><a class=\"wp-block-button__link has-background\" href=\"https:\/\/www.leaplytics.de\/hu\/cimoldal\/qlik-sense-kiterjesztesek\/risk-heatmap-extension-for-qliksense\/\" style=\"background:linear-gradient(135deg,rgb(202,248,128) 0%,rgb(0,152,69) 100%)\">Tudjon meg t\u00f6bbet<\/a><\/div>\n<\/div>\n<\/div><\/div>\n\n\n\n<div style=\"height:100px\" aria-hidden=\"true\" class=\"wp-block-spacer\"><\/div>\n\n\n\n<div style=\"height:100px\" aria-hidden=\"true\" class=\"wp-block-spacer\"><\/div>\n\n\n\n<div class=\"wp-block-media-text alignwide is-stacked-on-mobile\" style=\"grid-template-columns:60% auto\"><figure class=\"wp-block-media-text__media\"><img loading=\"lazy\" decoding=\"async\" width=\"1024\" height=\"576\" src=\"https:\/\/www.leaplytics.de\/wp-content\/uploads\/2022\/04\/First_Slice_Timeline_QlikSense-1024x576.png\" alt=\"\" class=\"wp-image-6976 size-full\" srcset=\"https:\/\/www.leaplytics.de\/wp-content\/uploads\/2022\/04\/First_Slice_Timeline_QlikSense-1024x576.png 1024w, https:\/\/www.leaplytics.de\/wp-content\/uploads\/2022\/04\/First_Slice_Timeline_QlikSense-300x169.png 300w, https:\/\/www.leaplytics.de\/wp-content\/uploads\/2022\/04\/First_Slice_Timeline_QlikSense-768x432.png 768w, https:\/\/www.leaplytics.de\/wp-content\/uploads\/2022\/04\/First_Slice_Timeline_QlikSense-107x60.png 107w, https:\/\/www.leaplytics.de\/wp-content\/uploads\/2022\/04\/First_Slice_Timeline_QlikSense.png 1140w\" sizes=\"auto, (max-width: 1024px) 100vw, 1024px\" \/><\/figure><div class=\"wp-block-media-text__content\">\n<p style=\"font-size:30px\"><strong>Id\u0151vonal<\/strong> <em>Hosszabb\u00edt\u00e1s<\/em><\/p>\n\n\n\n<p style=\"font-size:18px\">A legfontosabb m\u00e9rf\u00f6ldk\u00f6vek vizu\u00e1lis profilj\u00e1t kapja meg a terjeszt\u00e9s \u00e9s a k\u00e9sedelem \u00e1llapot\u00e1t tekintve.<\/p>\n<\/div><\/div>\n\n\n\n<div class=\"wp-block-media-text alignwide has-media-on-the-right is-stacked-on-mobile\" style=\"grid-template-columns:auto 40%\"><figure class=\"wp-block-media-text__media\"><img loading=\"lazy\" decoding=\"async\" width=\"1024\" height=\"576\" src=\"https:\/\/www.leaplytics.de\/wp-content\/uploads\/2022\/04\/Second_Slice_Traffic_light_QlikSense_green-1024x576.png\" alt=\"\" class=\"wp-image-6470 size-full\" srcset=\"https:\/\/www.leaplytics.de\/wp-content\/uploads\/2022\/04\/Second_Slice_Traffic_light_QlikSense_green-1024x576.png 1024w, https:\/\/www.leaplytics.de\/wp-content\/uploads\/2022\/04\/Second_Slice_Traffic_light_QlikSense_green-300x169.png 300w, https:\/\/www.leaplytics.de\/wp-content\/uploads\/2022\/04\/Second_Slice_Traffic_light_QlikSense_green-768x432.png 768w, https:\/\/www.leaplytics.de\/wp-content\/uploads\/2022\/04\/Second_Slice_Traffic_light_QlikSense_green-107x60.png 107w, https:\/\/www.leaplytics.de\/wp-content\/uploads\/2022\/04\/Second_Slice_Traffic_light_QlikSense_green.png 1140w\" sizes=\"auto, (max-width: 1024px) 100vw, 1024px\" \/><\/figure><div class=\"wp-block-media-text__content\">\n<p style=\"font-size:18px\">A m\u00e9rf\u00f6ldk\u00f6vek \u00e9s az \u00fctemtervek minden projektben relev\u00e1ns ir\u00e1ny\u00edt\u00e1si m\u00e9r\u0151sz\u00e1mokk\u00e9nt szolg\u00e1lnak, amelyek seg\u00edts\u00e9g\u00e9vel meghat\u00e1rozhat\u00f3k a projekt priorit\u00e1sai, nyomon k\u00f6vethet\u0151 az el\u0151rehalad\u00e1s, \u00e9s egy \u00e1tfog\u00f3 t\u00f6rt\u00e9netet mes\u00e9lnek el arr\u00f3l, hogy a projekt milyen \u00e1llapotban van. Ezzel a b\u0151v\u00edt\u00e9ssel nyomon k\u00f6vetheti ezt.<\/p>\n\n\n\n<div class=\"wp-block-buttons is-layout-flex wp-block-buttons-is-layout-flex\">\n<div class=\"wp-block-button\"><a class=\"wp-block-button__link has-very-light-gray-to-cyan-bluish-gray-gradient-background has-background\" href=\"https:\/\/www.leaplytics.de\/hu\/cimoldal\/qlik-sense-kiterjesztesek\/idovonal-kiterjesztes-a-qliksense-szamara\/\">Tudjon meg t\u00f6bbet<\/a><\/div>\n<\/div>\n<\/div><\/div>","protected":false},"excerpt":{"rendered":"<p>A LeapLytics v\u00e9djegye \u00e9s megold\u00e1saink hozz\u00e1adott \u00e9rt\u00e9ke a hat\u00e9konys\u00e1g \u00e9s az \u00fczlethez val\u00f3 kapcsol\u00f3d\u00e1s. Projektmenedzsment-b\u0151v\u00edtm\u00e9nyeinket a Qlik hivatalosan j\u00f3v\u00e1hagyta, \u00e9s be\u00e9p\u00edtik az \u00d6n egyedi megold\u00e1sait. Haszn\u00e1lja a k\u00fcl\u00f6nb\u00f6z\u0151 lehet\u0151s\u00e9geket m\u0171szerfal\u00e1nak b\u0151v\u00edt\u00e9s\u00e9hez \u00e9s \u00f6tleteinek megval\u00f3s\u00edt\u00e1s\u00e1hoz. A b\u0151v\u00edtm\u00e9nyek vil\u00e1gos strukt\u00far\u00e1t k\u00f6vetnek, \u00e9s \u00fagy \u00e9p\u00fclnek fel, hogy ... <\/p>","protected":false},"author":3,"featured_media":0,"parent":0,"menu_order":0,"comment_status":"closed","ping_status":"closed","template":"","meta":{"footnotes":""},"class_list":["post-6464","page","type-page","status-publish","hentry","latest_post"],"_links":{"self":[{"href":"https:\/\/www.leaplytics.de\/hu\/wp-json\/wp\/v2\/pages\/6464","targetHints":{"allow":["GET"]}}],"collection":[{"href":"https:\/\/www.leaplytics.de\/hu\/wp-json\/wp\/v2\/pages"}],"about":[{"href":"https:\/\/www.leaplytics.de\/hu\/wp-json\/wp\/v2\/types\/page"}],"author":[{"embeddable":true,"href":"https:\/\/www.leaplytics.de\/hu\/wp-json\/wp\/v2\/users\/3"}],"replies":[{"embeddable":true,"href":"https:\/\/www.leaplytics.de\/hu\/wp-json\/wp\/v2\/comments?post=6464"}],"version-history":[{"count":0,"href":"https:\/\/www.leaplytics.de\/hu\/wp-json\/wp\/v2\/pages\/6464\/revisions"}],"wp:attachment":[{"href":"https:\/\/www.leaplytics.de\/hu\/wp-json\/wp\/v2\/media?parent=6464"}],"curies":[{"name":"wp","href":"https:\/\/api.w.org\/{rel}","templated":true}]}}