{"id":6466,"date":"2022-04-25T20:37:23","date_gmt":"2022-04-25T18:37:23","guid":{"rendered":"https:\/\/www.leaplytics.de\/?page_id=6466"},"modified":"2024-10-29T13:14:46","modified_gmt":"2024-10-29T12:14:46","slug":"power-bi-alkalmazasok-vizualis-megjelenitese","status":"publish","type":"page","link":"https:\/\/www.leaplytics.de\/hu\/power-bi-alkalmazasok-vizualis-megjelenitese\/","title":{"rendered":"Power BI alkalmaz\u00e1sok \u00e9s vizu\u00e1lis eszk\u00f6z\u00f6k"},"content":{"rendered":"<p style=\"font-size:18px\">A Power BI-hoz k\u00e9sz\u00fclt vizu\u00e1lis megold\u00e1saink a Microsoft \u00e1ltal tan\u00fas\u00edtottak, \u00e9s testreszabhat\u00f3k az \u00d6n egyedi megold\u00e1saihoz. A vil\u00e1gos strukt\u00far\u00e1val \u00e9s felhaszn\u00e1l\u00f3k\u00f6zpont\u00fa kialak\u00edt\u00e1ssal vizu\u00e1lis anyagaink feldobj\u00e1k m\u0171szerfal\u00e1t, \u00e9s megk\u00f6nny\u00edtik \u00f6tletei megval\u00f3s\u00edt\u00e1s\u00e1t an\u00e9lk\u00fcl, hogy fel\u00e1ldozn\u00e1 a fontos funkci\u00f3kat!<\/p>\n\n\n\n<figure class=\"wp-block-image size-full\"><img loading=\"lazy\" decoding=\"async\" width=\"1510\" height=\"785\" src=\"https:\/\/www.leaplytics.de\/wp-content\/uploads\/2022\/04\/Dashboard_PowerBI.png\" alt=\"\" class=\"wp-image-6494\" srcset=\"https:\/\/www.leaplytics.de\/wp-content\/uploads\/2022\/04\/Dashboard_PowerBI.png 1510w, https:\/\/www.leaplytics.de\/wp-content\/uploads\/2022\/04\/Dashboard_PowerBI-300x156.png 300w, https:\/\/www.leaplytics.de\/wp-content\/uploads\/2022\/04\/Dashboard_PowerBI-1024x532.png 1024w, https:\/\/www.leaplytics.de\/wp-content\/uploads\/2022\/04\/Dashboard_PowerBI-768x399.png 768w, https:\/\/www.leaplytics.de\/wp-content\/uploads\/2022\/04\/Dashboard_PowerBI-115x60.png 115w\" sizes=\"auto, (max-width: 1510px) 100vw, 1510px\" \/><\/figure>\n\n\n\n<div style=\"height:85px\" aria-hidden=\"true\" class=\"wp-block-spacer\"><\/div>\n\n\n\n<div class=\"wp-block-media-text alignwide is-stacked-on-mobile\" style=\"grid-template-columns:60% auto\"><figure class=\"wp-block-media-text__media\"><img loading=\"lazy\" decoding=\"async\" width=\"1024\" height=\"576\" src=\"https:\/\/www.leaplytics.de\/wp-content\/uploads\/2022\/04\/First_Slice_Traffic_Light_PowerBI-1024x576.png\" alt=\"\" class=\"wp-image-6582 size-full\" srcset=\"https:\/\/www.leaplytics.de\/wp-content\/uploads\/2022\/04\/First_Slice_Traffic_Light_PowerBI-1024x576.png 1024w, https:\/\/www.leaplytics.de\/wp-content\/uploads\/2022\/04\/First_Slice_Traffic_Light_PowerBI-300x169.png 300w, https:\/\/www.leaplytics.de\/wp-content\/uploads\/2022\/04\/First_Slice_Traffic_Light_PowerBI-768x432.png 768w, https:\/\/www.leaplytics.de\/wp-content\/uploads\/2022\/04\/First_Slice_Traffic_Light_PowerBI-107x60.png 107w, https:\/\/www.leaplytics.de\/wp-content\/uploads\/2022\/04\/First_Slice_Traffic_Light_PowerBI.png 1140w\" sizes=\"auto, (max-width: 1024px) 100vw, 1024px\" \/><\/figure><div class=\"wp-block-media-text__content\">\n<p style=\"font-size:30px\"><strong>K\u00f6zleked\u00e9si l\u00e1mpa<\/strong> <em>Teljes\u00edtm\u00e9ny BI vizu\u00e1lis<\/em><\/p>\n\n\n\n<p><img loading=\"lazy\" decoding=\"async\" width=\"130\" height=\"32\" class=\"wp-image-8358\" style=\"width: 130px;\" src=\"https:\/\/www.leaplytics.de\/wp-content\/uploads\/2022\/05\/PBI-Certified.png\" alt=\"\" srcset=\"https:\/\/www.leaplytics.de\/wp-content\/uploads\/2022\/05\/PBI-Certified.png 152w, https:\/\/www.leaplytics.de\/wp-content\/uploads\/2022\/05\/PBI-Certified-150x37.png 150w\" sizes=\"auto, (max-width: 130px) 100vw, 130px\" \/><\/p>\n\n\n\n<p style=\"font-size:18px\">Ez a k\u00f6zleked\u00e9si l\u00e1mp\u00e1s megold\u00e1s lehet\u0151v\u00e9 teszi, hogy k\u00f6nnyed\u00e9n nyomon k\u00f6vethesse a projekt \u00e1llapot\u00e1t \u00e9s az esetleges k\u00fcsz\u00f6b\u00e9rt\u00e9keket, \u00edgy \u00e9rt\u00e9kes Power BI Visual a kulcsfontoss\u00e1g\u00fa teljes\u00edtm\u00e9nymutat\u00f3k nyomon k\u00f6vet\u00e9s\u00e9hez. A magas szint\u0171 testreszabhat\u00f3s\u00e1gnak k\u00f6sz\u00f6nhet\u0151en a \"Traffic Light\" ide\u00e1lis eszk\u00f6z ahhoz, hogy a KPI-ket mindig szem el\u0151tt tartsa.<\/p>\n<\/div><\/div>\n\n\n\n<div class=\"wp-block-media-text alignwide has-media-on-the-right is-stacked-on-mobile\" style=\"grid-template-columns:auto 40%\"><div class=\"wp-block-media-text__content\">\n<p style=\"font-size:18px\">A \"Traffic Light\" egy sokoldal\u00fa Power BI Visual, amely a fizikai m\u00e9r\u00e9sek, min\u0151s\u00e9gi mutat\u00f3k \u00e9s elt\u00e9r\u00e9sek minden t\u00edpus\u00e1ra vonatkoz\u00f3 k\u00fcsz\u00f6b\u00e9rt\u00e9kek nyomon k\u00f6vet\u00e9s\u00e9re \u00e9s jelz\u00e9s\u00e9re haszn\u00e1lhat\u00f3. A sz\u00e9lesk\u00f6r\u0171 felhaszn\u00e1l\u00e1si lehet\u0151s\u00e9gekkel ez a vizu\u00e1lis elem hat\u00e9kony eszk\u00f6z b\u00e1rmely ipar\u00e1gban m\u0171k\u00f6d\u0151 v\u00e1llalkoz\u00e1s sz\u00e1m\u00e1ra.<\/p>\n\n\n\n<div class=\"wp-block-buttons is-layout-flex wp-block-buttons-is-layout-flex\">\n<div class=\"wp-block-button\"><a class=\"wp-block-button__link has-very-light-gray-to-cyan-bluish-gray-gradient-background has-background wp-element-button\" href=\"https:\/\/www.leaplytics.de\/hu\/cimoldal\/projektmenedzsment-egyedi-latvanyterv-microsoft-powerbi\/kozlekedesi-lampak-a-power-bi-szamara\/\">Tudjon meg t\u00f6bbet<\/a><\/div>\n<\/div>\n<\/div><figure class=\"wp-block-media-text__media\"><img loading=\"lazy\" decoding=\"async\" width=\"1024\" height=\"576\" src=\"https:\/\/www.leaplytics.de\/wp-content\/uploads\/2022\/04\/Second_Slice_Traffic_light_QlikSense_yellow-1024x576.png\" alt=\"\" class=\"wp-image-6479 size-full\" srcset=\"https:\/\/www.leaplytics.de\/wp-content\/uploads\/2022\/04\/Second_Slice_Traffic_light_QlikSense_yellow-1024x576.png 1024w, https:\/\/www.leaplytics.de\/wp-content\/uploads\/2022\/04\/Second_Slice_Traffic_light_QlikSense_yellow-300x169.png 300w, https:\/\/www.leaplytics.de\/wp-content\/uploads\/2022\/04\/Second_Slice_Traffic_light_QlikSense_yellow-768x432.png 768w, https:\/\/www.leaplytics.de\/wp-content\/uploads\/2022\/04\/Second_Slice_Traffic_light_QlikSense_yellow-107x60.png 107w, https:\/\/www.leaplytics.de\/wp-content\/uploads\/2022\/04\/Second_Slice_Traffic_light_QlikSense_yellow.png 1140w\" sizes=\"auto, (max-width: 1024px) 100vw, 1024px\" \/><\/figure><\/div>\n\n\n\n<div style=\"height:100px\" aria-hidden=\"true\" class=\"wp-block-spacer\"><\/div>\n\n\n\n<div style=\"height:100px\" aria-hidden=\"true\" class=\"wp-block-spacer\"><\/div>\n\n\n\n<div class=\"wp-block-media-text alignwide is-stacked-on-mobile\" style=\"grid-template-columns:60% auto\"><figure class=\"wp-block-media-text__media\"><img loading=\"lazy\" decoding=\"async\" width=\"1024\" height=\"576\" src=\"https:\/\/www.leaplytics.de\/wp-content\/uploads\/2022\/04\/First_Slice_Risk_Map_PowerBI-1024x576.png\" alt=\"\" class=\"wp-image-6585 size-full\" srcset=\"https:\/\/www.leaplytics.de\/wp-content\/uploads\/2022\/04\/First_Slice_Risk_Map_PowerBI-1024x576.png 1024w, https:\/\/www.leaplytics.de\/wp-content\/uploads\/2022\/04\/First_Slice_Risk_Map_PowerBI-300x169.png 300w, https:\/\/www.leaplytics.de\/wp-content\/uploads\/2022\/04\/First_Slice_Risk_Map_PowerBI-768x432.png 768w, https:\/\/www.leaplytics.de\/wp-content\/uploads\/2022\/04\/First_Slice_Risk_Map_PowerBI-107x60.png 107w, https:\/\/www.leaplytics.de\/wp-content\/uploads\/2022\/04\/First_Slice_Risk_Map_PowerBI.png 1140w\" sizes=\"auto, (max-width: 1024px) 100vw, 1024px\" \/><\/figure><div class=\"wp-block-media-text__content\">\n<p style=\"font-size:30px\"><strong>Kock\u00e1zati m\u00e1trix <\/strong><em>Teljes\u00edtm\u00e9ny BI vizu\u00e1lis<\/em><\/p>\n\n\n\n<p><img loading=\"lazy\" decoding=\"async\" width=\"130\" height=\"32\" class=\"wp-image-8358\" style=\"width: 130px;\" src=\"https:\/\/www.leaplytics.de\/wp-content\/uploads\/2022\/05\/PBI-Certified.png\" alt=\"\" srcset=\"https:\/\/www.leaplytics.de\/wp-content\/uploads\/2022\/05\/PBI-Certified.png 152w, https:\/\/www.leaplytics.de\/wp-content\/uploads\/2022\/05\/PBI-Certified-150x37.png 150w\" sizes=\"auto, (max-width: 130px) 100vw, 130px\" \/><\/p>\n\n\n\n<p style=\"font-size:18px\">A Risk Matrix for Power BI vil\u00e1gos, vizu\u00e1lis k\u00e9pet ny\u00fajt a kock\u00e1zati profilokr\u00f3l, \u00edgy k\u00f6nnyebben nyomon k\u00f6vetheti \u00e9s jobban meg\u00e9rtheti kock\u00e1zatait. Mivel mez\u0151nk\u00e9nt t\u00f6bb mutat\u00f3t is k\u00e9pes megjelen\u00edteni, ez a vizu\u00e1lis eszk\u00f6z \u00e9rt\u00e9kes eszk\u00f6z a kock\u00e1zati profilok megismer\u00e9s\u00e9hez.<\/p>\n<\/div><\/div>\n\n\n\n<div class=\"wp-block-media-text alignwide has-media-on-the-right is-stacked-on-mobile\" style=\"grid-template-columns:auto 40%\"><div class=\"wp-block-media-text__content\">\n<p style=\"font-size:18px\">A kock\u00e1zati m\u00e1trix egy hat\u00e9kony eszk\u00f6z a kock\u00e1zat\u00e9rt\u00e9kel\u00e9s ir\u00e1ny\u00edt\u00e1s\u00e1nak \u00e1tv\u00e9tel\u00e9hez. A kock\u00e1zati profilok vil\u00e1gos, vizu\u00e1lis \u00e1br\u00e1zol\u00e1s\u00e1val ez a vizu\u00e1lis eszk\u00f6z lehet\u0151v\u00e9 teszi a kock\u00e1zatok \u00e9les meg\u00e9rt\u00e9s\u00e9t.<\/p>\n\n\n\n<div class=\"wp-block-buttons is-layout-flex wp-block-buttons-is-layout-flex\">\n<div class=\"wp-block-button\"><a class=\"wp-block-button__link has-background wp-element-button\" href=\"https:\/\/www.leaplytics.de\/hu\/cimoldal\/projektmenedzsment-egyedi-latvanyterv-microsoft-powerbi\/kockazati-hoterkep-egyeni-vizualis-a-power-bi-szamara\/\" style=\"background:linear-gradient(135deg,rgb(252,185,0) 0%,rgb(242,200,17) 100%)\">Tudjon meg t\u00f6bbet<\/a><\/div>\n<\/div>\n<\/div><figure class=\"wp-block-media-text__media\"><img loading=\"lazy\" decoding=\"async\" width=\"1024\" height=\"576\" src=\"https:\/\/www.leaplytics.de\/wp-content\/uploads\/2022\/04\/Second_Slice_Risk_Map_QlikSense_stone-1-1024x576.png\" alt=\"\" class=\"wp-image-6480 size-full\" srcset=\"https:\/\/www.leaplytics.de\/wp-content\/uploads\/2022\/04\/Second_Slice_Risk_Map_QlikSense_stone-1-1024x576.png 1024w, https:\/\/www.leaplytics.de\/wp-content\/uploads\/2022\/04\/Second_Slice_Risk_Map_QlikSense_stone-1-300x169.png 300w, https:\/\/www.leaplytics.de\/wp-content\/uploads\/2022\/04\/Second_Slice_Risk_Map_QlikSense_stone-1-768x432.png 768w, https:\/\/www.leaplytics.de\/wp-content\/uploads\/2022\/04\/Second_Slice_Risk_Map_QlikSense_stone-1-107x60.png 107w, https:\/\/www.leaplytics.de\/wp-content\/uploads\/2022\/04\/Second_Slice_Risk_Map_QlikSense_stone-1.png 1140w\" sizes=\"auto, (max-width: 1024px) 100vw, 1024px\" \/><\/figure><\/div>","protected":false},"excerpt":{"rendered":"<p>A Power BI-hoz k\u00e9sz\u00fclt vizu\u00e1lis megold\u00e1saink a Microsoft \u00e1ltal tan\u00fas\u00edtottak, \u00e9s testreszabhat\u00f3k az \u00d6n egyedi megold\u00e1saihoz. A vil\u00e1gos strukt\u00far\u00e1val \u00e9s felhaszn\u00e1l\u00f3k\u00f6zpont\u00fa kialak\u00edt\u00e1ssal vizu\u00e1lis anyagaink feldobj\u00e1k m\u0171szerfal\u00e1t, \u00e9s megk\u00f6nny\u00edtik \u00f6tletei megval\u00f3s\u00edt\u00e1s\u00e1t an\u00e9lk\u00fcl, hogy a fontos funkci\u00f3k fel\u00e1ldozn\u00e1k! Traffic Light Power BI vizu\u00e1lis Ez a k\u00f6zleked\u00e9si l\u00e1mp\u00e1s megold\u00e1s lehet\u0151v\u00e9 teszi, hogy egyszer\u0171en ... <\/p>","protected":false},"author":3,"featured_media":0,"parent":0,"menu_order":0,"comment_status":"closed","ping_status":"closed","template":"","meta":{"footnotes":""},"class_list":["post-6466","page","type-page","status-publish","hentry","latest_post"],"_links":{"self":[{"href":"https:\/\/www.leaplytics.de\/hu\/wp-json\/wp\/v2\/pages\/6466","targetHints":{"allow":["GET"]}}],"collection":[{"href":"https:\/\/www.leaplytics.de\/hu\/wp-json\/wp\/v2\/pages"}],"about":[{"href":"https:\/\/www.leaplytics.de\/hu\/wp-json\/wp\/v2\/types\/page"}],"author":[{"embeddable":true,"href":"https:\/\/www.leaplytics.de\/hu\/wp-json\/wp\/v2\/users\/3"}],"replies":[{"embeddable":true,"href":"https:\/\/www.leaplytics.de\/hu\/wp-json\/wp\/v2\/comments?post=6466"}],"version-history":[{"count":1,"href":"https:\/\/www.leaplytics.de\/hu\/wp-json\/wp\/v2\/pages\/6466\/revisions"}],"predecessor-version":[{"id":13658,"href":"https:\/\/www.leaplytics.de\/hu\/wp-json\/wp\/v2\/pages\/6466\/revisions\/13658"}],"wp:attachment":[{"href":"https:\/\/www.leaplytics.de\/hu\/wp-json\/wp\/v2\/media?parent=6466"}],"curies":[{"name":"wp","href":"https:\/\/api.w.org\/{rel}","templated":true}]}}