{"id":799,"date":"2021-01-04T21:52:31","date_gmt":"2021-01-04T20:52:31","guid":{"rendered":"https:\/\/www.leaplytics.de\/?page_id=799"},"modified":"2024-11-04T09:23:33","modified_gmt":"2024-11-04T08:23:33","slug":"projektmenedzsment-muszerfal-qlik-sense","status":"publish","type":"page","link":"https:\/\/www.leaplytics.de\/hu\/cimoldal\/projektmenedzsment-muszerfal-qlik-sense\/","title":{"rendered":"Projektmenedzsment m\u0171szerfal Qlik Sense"},"content":{"rendered":"<h2 class=\"wp-block-heading\" id=\"dashboard\">M\u0171szerfal<\/h2>\n\n\n\n<p>Projektmenedzsment m\u0171szerfal Qlik Sense k\u00f6vet egy egyszer\u0171 szab\u00e1lyt: <strong>a megfelel\u0151 projektinform\u00e1ci\u00f3kat a megfelel\u0151 \u00f6sszes\u00edt\u00e9sben egy pillant\u00e1ssal megmutatja a felel\u0151s\u00f6knek, lehet\u0151v\u00e9 t\u00e9ve sz\u00e1mukra a megfelel\u0151 d\u00f6nt\u00e9sek meghozatal\u00e1t.<\/strong>. <\/p>\n\n\n\n<p>A projektk\u00f6rnyezetben k\u00fcl\u00f6nb\u00f6z\u0151 \u00e9rdekelt felek vannak, akiknek k\u00fcl\u00f6nb\u00f6z\u0151 inform\u00e1ci\u00f3ig\u00e9nyeik vannak, \u00e9s mindegyik\u00fcknek m\u00e1s-m\u00e1s r\u00e9szletess\u00e9ggel kell rendelkezni\u00fck. A k\u00f6vetkez\u0151 p\u00e9ld\u00e1k a leggyakoribb k\u00e9t ellent\u00e9tet mutatj\u00e1k be.  <\/p>\n\n\n\n<p><strong>Portf\u00f3li\u00f3 szint:<\/strong> Vannak olyan portf\u00f3li\u00f3menedzserek, akiknek gondoskodniuk kell arr\u00f3l, hogy a megfelel\u0151 projektek a megfelel\u0151 er\u0151forr\u00e1sokkal a megfelel\u0151 priorit\u00e1st kapj\u00e1k. Fel kell t\u00e1rni a sz\u0171k keresztmetszeteket, \u00e9s kezelni kell a projektcsatorn\u00e1kat.<\/p>\n\n\n\n<p><strong>Projekt szint: <\/strong>A projektmenedzsereknek a legalacsonyabb szint\u0171 inform\u00e1ci\u00f3kra van sz\u00fcks\u00e9g\u00fck ahhoz, hogy az \u00f6sszes ir\u00e1ny\u00edt\u00e1si v\u00e1ltoz\u00f3 k\u00e9zn\u00e9l legyen. A m\u00e1sik oldalon a szponzoroknak, a fel\u00fclvizsg\u00e1lati test\u00fclet tagjainak \u00e9s a vez\u00e9rigazgat\u00f3knak a l\u00e9nyeges inform\u00e1ci\u00f3k l\u00e9nyeg\u00e9t kell megkapniuk ahhoz, hogy az \u00e1tfog\u00f3 projektir\u00e1ny\u00edt\u00e1s sor\u00e1n a megfelel\u0151 d\u00f6nt\u00e9seket hozhass\u00e1k meg.<\/p>\n\n\n\n<p>A LeapLytics Advanced Project Management Reporting biztos\u00edtja, hogy minden jelent\u00e9si k\u00f6vetelm\u00e9ny teljes\u00edthet\u0151 legyen, f\u00fcggetlen\u00fcl az \u00e9rdekelt felekt\u0151l vagy az aggreg\u00e1ci\u00f3s szintt\u0151l. Az integrat\u00edv inform\u00e1ci\u00f3s folyamat r\u00e9v\u00e9n minden inform\u00e1ci\u00f3 a legalacsonyabb szinten ker\u00fcl \u00f6sszegy\u0171jt\u00e9sre, \u00e9s az \u00f6sszes lehets\u00e9ges c\u00edmzett ig\u00e9nyeinek megfelel\u0151en aggreg\u00e1l\u00e1sra.<\/p>\n\n\n\n<p>\u00cdme k\u00e9t p\u00e9lda a projekt st\u00e1tuszjelent\u00e9sr\u0151l, amely a LeapLytics Extension Suite for QlikSense seg\u00edts\u00e9g\u00e9vel val\u00f3s\u00edthat\u00f3 meg. A Dashboardok egy olyan adatmodellt haszn\u00e1lnak, amely a projektmenedzsmentre vonatkoz\u00f3 szabv\u00e1nyos PMI-szab\u00e1lyokat k\u00f6veti. Ezzel a v\u00e1llalati szint\u0171 projektekr\u0151l harmoniz\u00e1lt, hat\u00e9kony \u00e9s felhaszn\u00e1l\u00f3bar\u00e1t m\u00f3don lehet jelent\u00e9st k\u00e9sz\u00edteni.<\/p>\n\n\n\n<h2 class=\"wp-block-heading\" id=\"project-status-report-qlik-sense\">Projekt \u00e1llapotjelent\u00e9s Qlik Sense<\/h2>\n\n\n\n<p>Az alapvet\u0151 projekt\u00e1llapot-jelent\u00e9s a Qlik Sense projektmenedzsment m\u0171szerfal egyik p\u00e9ld\u00e1ja, \u00e9s lehet\u0151v\u00e9 teszi a felhaszn\u00e1l\u00f3 sz\u00e1m\u00e1ra, hogy kiv\u00e1lasszon egy dedik\u00e1lt projektet, valamint a jelent\u00e9si d\u00e1tumot. Az \u00f6sszes sz\u00fcks\u00e9ges inform\u00e1ci\u00f3t h\u00e1rom oszlopos elrendez\u00e9sben kapja meg, a fejl\u00e9cben a vonatkoz\u00f3 t\u00f6rzsadatokkal. A f\u0151 jellemz\u0151k a k\u00f6vetkez\u0151k <a href=\"https:\/\/www.leaplytics.de\/hu\/extensions\/traffic-light\/\">K\u00f6zleked\u00e9si l\u00e1mpa<\/a> \u00e9s a <a href=\"https:\/\/www.leaplytics.de\/hu\/extensions\/risk-heatmap-extension-for-qliksense\/\">Kock\u00e1zati m\u00e1trix<\/a>.<\/p>\n\n\n\n<figure class=\"wp-block-image size-large\"><img loading=\"lazy\" decoding=\"async\" width=\"1024\" height=\"600\" src=\"https:\/\/www.leaplytics.de\/wp-content\/uploads\/2021\/11\/Laptop-with-Dashboard-Page2-1024x600.png\" alt=\"\" class=\"wp-image-2407\" srcset=\"https:\/\/www.leaplytics.de\/wp-content\/uploads\/2021\/11\/Laptop-with-Dashboard-Page2-1024x600.png 1024w, https:\/\/www.leaplytics.de\/wp-content\/uploads\/2021\/11\/Laptop-with-Dashboard-Page2-300x176.png 300w, https:\/\/www.leaplytics.de\/wp-content\/uploads\/2021\/11\/Laptop-with-Dashboard-Page2-768x450.png 768w, https:\/\/www.leaplytics.de\/wp-content\/uploads\/2021\/11\/Laptop-with-Dashboard-Page2-1536x901.png 1536w, https:\/\/www.leaplytics.de\/wp-content\/uploads\/2021\/11\/Laptop-with-Dashboard-Page2-2048x1201.png 2048w, https:\/\/www.leaplytics.de\/wp-content\/uploads\/2021\/11\/Laptop-with-Dashboard-Page2-102x60.png 102w\" sizes=\"auto, (max-width: 1024px) 100vw, 1024px\" \/><figcaption class=\"wp-element-caption\">Projektmenedzsment m\u0171szerfal Qlik Sense<\/figcaption><\/figure>\n\n\n\n<p>Az alapvet\u0151 projekt\u00e1llapot-jelent\u00e9s egy v\u00e1ltozata v\u00edzszintes n\u00e9zetre \u00e1ll\u00edtja \u00e1t az elrendez\u00e9st, \u00e9s f\u0151 funkci\u00f3k\u00e9nt hozz\u00e1adja a M\u00e9rf\u00f6ldk\u0151 n\u00e9zetet, hogy \u00e1ttekint\u00e9st kapjon a vonatkoz\u00f3 m\u00e9rf\u00f6ldk\u00f6vekr\u0151l \u00e9s azok el\u00e9r\u00e9si c\u00e9lj\u00e1r\u00f3l.<\/p>\n\n\n\n<figure class=\"wp-block-image size-large\"><img loading=\"lazy\" decoding=\"async\" width=\"1024\" height=\"602\" src=\"https:\/\/www.leaplytics.de\/wp-content\/uploads\/2021\/11\/Laptop-with-Dashboard-Page3-1024x602.png\" alt=\"\" class=\"wp-image-2408\" srcset=\"https:\/\/www.leaplytics.de\/wp-content\/uploads\/2021\/11\/Laptop-with-Dashboard-Page3-1024x602.png 1024w, https:\/\/www.leaplytics.de\/wp-content\/uploads\/2021\/11\/Laptop-with-Dashboard-Page3-300x176.png 300w, https:\/\/www.leaplytics.de\/wp-content\/uploads\/2021\/11\/Laptop-with-Dashboard-Page3-768x451.png 768w, https:\/\/www.leaplytics.de\/wp-content\/uploads\/2021\/11\/Laptop-with-Dashboard-Page3-1536x903.png 1536w, https:\/\/www.leaplytics.de\/wp-content\/uploads\/2021\/11\/Laptop-with-Dashboard-Page3-2048x1204.png 2048w, https:\/\/www.leaplytics.de\/wp-content\/uploads\/2021\/11\/Laptop-with-Dashboard-Page3-102x60.png 102w\" sizes=\"auto, (max-width: 1024px) 100vw, 1024px\" \/><figcaption class=\"wp-element-caption\">Projektmenedzsment m\u0171szerfal Qlik Sense<\/figcaption><\/figure>\n\n\n\n<p>B\u0151v\u00edtm\u00e9ny\u00fcnk \u00e1tfog\u00f3 Portfolio-Dashboardokban is haszn\u00e1lhat\u00f3.<\/p>\n\n\n\n<figure class=\"wp-block-image size-large\"><img loading=\"lazy\" decoding=\"async\" width=\"1024\" height=\"599\" src=\"https:\/\/www.leaplytics.de\/wp-content\/uploads\/2021\/11\/Laptop-with-Dashboard-Page1-1024x599.png\" alt=\"\" class=\"wp-image-2406\" srcset=\"https:\/\/www.leaplytics.de\/wp-content\/uploads\/2021\/11\/Laptop-with-Dashboard-Page1-1024x599.png 1024w, https:\/\/www.leaplytics.de\/wp-content\/uploads\/2021\/11\/Laptop-with-Dashboard-Page1-300x175.png 300w, https:\/\/www.leaplytics.de\/wp-content\/uploads\/2021\/11\/Laptop-with-Dashboard-Page1-768x449.png 768w, https:\/\/www.leaplytics.de\/wp-content\/uploads\/2021\/11\/Laptop-with-Dashboard-Page1-1536x898.png 1536w, https:\/\/www.leaplytics.de\/wp-content\/uploads\/2021\/11\/Laptop-with-Dashboard-Page1-2048x1198.png 2048w, https:\/\/www.leaplytics.de\/wp-content\/uploads\/2021\/11\/Laptop-with-Dashboard-Page1-103x60.png 103w\" sizes=\"auto, (max-width: 1024px) 100vw, 1024px\" \/><figcaption class=\"wp-element-caption\">Projekt portf\u00f3li\u00f3 m\u0171szerfal Qlik Sense<\/figcaption><\/figure>\n\n\n\n<p>Ha k\u00edv\u00e1ncsi arra, hogy ez mit jelentene az \u00d6n projektmenedzsment-k\u00f6rnyezet\u00e9ben, sz\u00edvesen egyeztet\u00fcnk \u00d6nnel egy h\u00edv\u00e1st. Ebben az esetben, vagy ha k\u00e9rd\u00e9sei vannak a r\u00e9szletekkel, a bevezet\u00e9ssel \u00e9s az \u00e1rinform\u00e1ci\u00f3kkal kapcsolatban, k\u00e9rj\u00fck, jelezze nek\u00fcnk, \u00e9s r\u00f6vid id\u0151n bel\u00fcl felvessz\u00fck \u00d6nnel a kapcsolatot:<\/p>\n\n\n<div class=\"wpforms-container wpforms-container-full\" id=\"wpforms-10645\"><form id=\"wpforms-form-10645\" class=\"wpforms-validate wpforms-form wpforms-ajax-form\" data-formid=\"10645\" method=\"post\" enctype=\"multipart\/form-data\" action=\"\/hu\/wp-json\/wp\/v2\/pages\/799\" data-token=\"a20cf17e86d2c4642a3d6458d6d8a5d7\" data-token-time=\"1776551024\" data-trp-original-action=\"\/hu\/wp-json\/wp\/v2\/pages\/799\"><noscript class=\"wpforms-error-noscript\">K\u00e9rj\u00fck, enged\u00e9lyezze a JavaScriptet a b\u00f6ng\u00e9sz\u0151j\u00e9ben az \u0171rlap kit\u00f6lt\u00e9s\u00e9hez.<\/noscript><div class=\"wpforms-field-container\"><div id=\"wpforms-10645-field_0-container\" class=\"wpforms-field wpforms-field-name\" data-field-id=\"0\"><label class=\"wpforms-field-label\">N\u00e9v <span class=\"wpforms-required-label\">*<\/span><\/label><div class=\"wpforms-field-row wpforms-field-medium\"><div class=\"wpforms-field-row-block wpforms-first wpforms-one-half\"><input type=\"text\" id=\"wpforms-10645-field_0\" class=\"wpforms-field-name-first wpforms-field-required\" name=\"wpforms[fields][0][first]\" required><label for=\"wpforms-10645-field_0\" class=\"wpforms-field-sublabel after\">Els\u0151<\/label><\/div><div class=\"wpforms-field-row-block wpforms-one-half\"><input type=\"text\" id=\"wpforms-10645-field_0-last\" class=\"wpforms-field-name-last wpforms-field-required\" name=\"wpforms[fields][0][last]\" required><label for=\"wpforms-10645-field_0-last\" class=\"wpforms-field-sublabel after\">Last<\/label><\/div><\/div><\/div><div id=\"wpforms-10645-field_1-container\" class=\"wpforms-field wpforms-field-email\" data-field-id=\"1\"><label class=\"wpforms-field-label\" for=\"wpforms-10645-field_1\">E-mail <span class=\"wpforms-required-label\">*<\/span><\/label><input type=\"email\" id=\"wpforms-10645-field_1\" class=\"wpforms-field-medium wpforms-field-required\" data-rule-restricted-email=\"1\" name=\"wpforms[fields][1]\" spellcheck=\"false\" required><\/div><div id=\"wpforms-10645-field_3-container\" class=\"wpforms-field wpforms-field-text\" data-field-id=\"3\"><label class=\"wpforms-field-label\" for=\"wpforms-10645-field_3\">C\u00e9g <span class=\"wpforms-required-label\">*<\/span><\/label><input type=\"text\" id=\"wpforms-10645-field_3\" class=\"wpforms-field-medium wpforms-field-required\" name=\"wpforms[fields][3]\" required><\/div><div id=\"wpforms-10645-field_2-container\" class=\"wpforms-field wpforms-field-textarea\" data-field-id=\"2\"><label class=\"wpforms-field-label\" for=\"wpforms-10645-field_2\">Megjegyz\u00e9s vagy \u00fczenet<\/label><textarea id=\"wpforms-10645-field_2\" class=\"wpforms-field-medium\" name=\"wpforms[fields][2]\" ><\/textarea><\/div><div id=\"wpforms-10645-field_4-container\" class=\"wpforms-field wpforms-field-gdpr-checkbox\" data-field-id=\"4\"><label class=\"wpforms-field-label\">GDPR-meg\u00e1llapod\u00e1s <span class=\"wpforms-required-label\">*<\/span><\/label><ul id=\"wpforms-10645-field_4\" class=\"wpforms-field-required\"><li class=\"choice-1\"><input type=\"checkbox\" id=\"wpforms-10645-field_4_1\" name=\"wpforms[fields][4][]\" value=\"I consent to having this website store my submitted information so they can respond to my inquiry.\" required><label class=\"wpforms-field-label-inline\" for=\"wpforms-10645-field_4_1\">Hozz\u00e1j\u00e1rulok ahhoz, hogy ez a weboldal t\u00e1rolja a megadott adataimat, hogy v\u00e1laszolni tudjanak a megkeres\u00e9semre.<\/label><\/li><\/ul><\/div><\/div><!-- .wpforms-field-container --><div class=\"wpforms-recaptcha-container wpforms-is-recaptcha wpforms-is-recaptcha-type-v3\" ><input type=\"hidden\" name=\"wpforms[recaptcha]\" value=\"\"><\/div><div class=\"wpforms-submit-container\" ><input type=\"hidden\" name=\"wpforms[id]\" value=\"10645\"><input type=\"hidden\" name=\"page_title\" value=\"\"><input type=\"hidden\" name=\"page_url\" value=\"https:\/\/www.leaplytics.de\/hu\/wp-json\/wp\/v2\/pages\/799\"><input type=\"hidden\" name=\"url_referer\" value=\"\"><button type=\"submit\" name=\"wpforms[submit]\" id=\"wpforms-submit-10645\" class=\"wpforms-submit\" data-alt-text=\"Sending...\" data-submit-text=\"Submit\" aria-live=\"assertive\" value=\"wpforms-submit\">K\u00fcldje be a<\/button><img loading=\"lazy\" decoding=\"async\" src=\"https:\/\/www.leaplytics.de\/wp-content\/plugins\/wpforms-lite\/assets\/images\/submit-spin.svg\" class=\"wpforms-submit-spinner\" style=\"display: none;\" width=\"26\" height=\"26\" alt=\"Bet\u00f6lt\u00e9s\"><\/div><input type=\"hidden\" name=\"trp-form-language\" value=\"hu\"\/><\/form><\/div>  <!-- .wpforms-container -->","protected":false},"excerpt":{"rendered":"<p>Dashboard Projektmenedzsment Dashboard A Qlik Sense egy egyszer\u0171 szab\u00e1lyt k\u00f6vet: a megfelel\u0151 projektinform\u00e1ci\u00f3kat a megfelel\u0151 \u00f6sszes\u00edt\u00e9sben, egy pillant\u00e1ssal mutassa meg a felel\u0151s\u00f6knek, hogy azok a megfelel\u0151 d\u00f6nt\u00e9seket hozhass\u00e1k meg. A projektk\u00f6rnyezetben k\u00fcl\u00f6nb\u00f6z\u0151 \u00e9rdekelt felek vannak, akiknek k\u00fcl\u00f6nb\u00f6z\u0151 inform\u00e1ci\u00f3ig\u00e9nyeik vannak, \u00e9s mindegyik\u00fcknek m\u00e1s-m\u00e1s r\u00e9szletezetts\u00e9gi szintre van sz\u00fcks\u00e9g\u00fck. A ... <\/p>","protected":false},"author":1,"featured_media":0,"parent":111,"menu_order":0,"comment_status":"closed","ping_status":"closed","template":"","meta":{"footnotes":""},"class_list":["post-799","page","type-page","status-publish","hentry","latest_post"],"_links":{"self":[{"href":"https:\/\/www.leaplytics.de\/hu\/wp-json\/wp\/v2\/pages\/799","targetHints":{"allow":["GET"]}}],"collection":[{"href":"https:\/\/www.leaplytics.de\/hu\/wp-json\/wp\/v2\/pages"}],"about":[{"href":"https:\/\/www.leaplytics.de\/hu\/wp-json\/wp\/v2\/types\/page"}],"author":[{"embeddable":true,"href":"https:\/\/www.leaplytics.de\/hu\/wp-json\/wp\/v2\/users\/1"}],"replies":[{"embeddable":true,"href":"https:\/\/www.leaplytics.de\/hu\/wp-json\/wp\/v2\/comments?post=799"}],"version-history":[{"count":3,"href":"https:\/\/www.leaplytics.de\/hu\/wp-json\/wp\/v2\/pages\/799\/revisions"}],"predecessor-version":[{"id":13668,"href":"https:\/\/www.leaplytics.de\/hu\/wp-json\/wp\/v2\/pages\/799\/revisions\/13668"}],"up":[{"embeddable":true,"href":"https:\/\/www.leaplytics.de\/hu\/wp-json\/wp\/v2\/pages\/111"}],"wp:attachment":[{"href":"https:\/\/www.leaplytics.de\/hu\/wp-json\/wp\/v2\/media?parent=799"}],"curies":[{"name":"wp","href":"https:\/\/api.w.org\/{rel}","templated":true}]}}