{"id":8471,"date":"2022-06-07T22:47:30","date_gmt":"2022-06-07T20:47:30","guid":{"rendered":"https:\/\/www.leaplytics.de\/?page_id=8471"},"modified":"2022-06-08T11:19:35","modified_gmt":"2022-06-08T09:19:35","slug":"hogyan-kell-aktivalni-az-engedelyt-microsoft-power-bi","status":"publish","type":"page","link":"https:\/\/www.leaplytics.de\/hu\/hogyan-kell-aktivalni-az-engedelyt-microsoft-power-bi\/","title":{"rendered":"Hogyan kell: Licenc aktiv\u00e1l\u00e1sa a Microsoft Power BI-ban"},"content":{"rendered":"<p>Megkapta a licenckulcsot, \u00e9s el szeretn\u00e9 ind\u00edtani. De hov\u00e1 kell azt beillesztenie? Ezt itt elmagyar\u00e1zzuk \u00d6nnek.<\/p>\n\n\n\n<h2 class=\"wp-block-heading\">Teljes\u00edtm\u00e9ny BI Web<\/h2>\n\n\n\n<div class=\"wp-block-columns is-layout-flex wp-container-core-columns-is-layout-1 wp-block-columns-is-layout-flex\">\n<div class=\"wp-block-column is-layout-flow wp-block-column-is-layout-flow\">\n<p>Szerkeszt\u0151 m\u00f3dban el\u0151sz\u00f6r kattintsunk a vizualiz\u00e1ci\u00f3nkra. Ezut\u00e1n az oldals\u00e1vban megny\u00edlnak a vizualiz\u00e1ci\u00f3nk be\u00e1ll\u00edt\u00e1si lehet\u0151s\u00e9gei. Kattintsunk a \"Form\u00e1tum\" gombra. Ez a balr\u00f3l a m\u00e1sodik ikon. \u00dagy n\u00e9z ki, mint egy g\u00f6rd\u00fcl\u0151 ecset.<\/p>\n<\/div>\n\n\n\n<div class=\"wp-block-column is-layout-flow wp-block-column-is-layout-flow\">\n<figure class=\"wp-block-gallery has-nested-images columns-default is-cropped wp-block-gallery-1 is-layout-flex wp-block-gallery-is-layout-flex\">\n<figure class=\"wp-block-image size-large\"><img loading=\"lazy\" decoding=\"async\" width=\"322\" height=\"357\" src=\"https:\/\/www.leaplytics.de\/wp-content\/uploads\/2022\/06\/grafik.png\" alt=\"\" class=\"wp-image-8472\" srcset=\"https:\/\/www.leaplytics.de\/wp-content\/uploads\/2022\/06\/grafik.png 322w, https:\/\/www.leaplytics.de\/wp-content\/uploads\/2022\/06\/grafik-271x300.png 271w, https:\/\/www.leaplytics.de\/wp-content\/uploads\/2022\/06\/grafik-54x60.png 54w\" sizes=\"auto, (max-width: 322px) 100vw, 322px\" \/><\/figure>\n<\/figure>\n<\/div>\n<\/div>\n\n\n\n<div class=\"wp-block-columns is-layout-flex wp-container-core-columns-is-layout-2 wp-block-columns-is-layout-flex\">\n<div class=\"wp-block-column is-layout-flow wp-block-column-is-layout-flow\">\n<figure class=\"wp-block-image size-full\"><img loading=\"lazy\" decoding=\"async\" width=\"314\" height=\"636\" src=\"https:\/\/www.leaplytics.de\/wp-content\/uploads\/2022\/06\/grafik-1.png\" alt=\"\" class=\"wp-image-8476\" srcset=\"https:\/\/www.leaplytics.de\/wp-content\/uploads\/2022\/06\/grafik-1.png 314w, https:\/\/www.leaplytics.de\/wp-content\/uploads\/2022\/06\/grafik-1-148x300.png 148w, https:\/\/www.leaplytics.de\/wp-content\/uploads\/2022\/06\/grafik-1-30x60.png 30w\" sizes=\"auto, (max-width: 314px) 100vw, 314px\" \/><\/figure>\n<\/div>\n\n\n\n<div class=\"wp-block-column is-layout-flow wp-block-column-is-layout-flow\">\n<p>Most t\u00f6bb leg\u00f6rd\u00fcl\u0151 men\u00fc jelenik meg. Az egyiknek a \"Licenc\" felirata van. Kattintson r\u00e1, \u00e9s alatta megjelenik a sz\u00f6vegmez\u0151, ahol megadhatja a licenc\u00e9t.<\/p>\n\n\n\n<p>K\u00e9sz! A licenc aktiv\u00e1lva van, \u00e9s minden korl\u00e1toz\u00e1s megsz\u0171nt. Most m\u00e1r indulhat!<\/p>\n<\/div>\n<\/div>\n\n\n\n<h2 class=\"wp-block-heading\">Teljes\u00edtm\u00e9ny BI Desktop<\/h2>\n\n\n\n<div class=\"wp-block-columns is-layout-flex wp-container-core-columns-is-layout-3 wp-block-columns-is-layout-flex\">\n<div class=\"wp-block-column is-layout-flow wp-block-column-is-layout-flow\">\n<p>Szerkeszt\u0151 m\u00f3dban el\u0151sz\u00f6r kattintsunk a vizualiz\u00e1ci\u00f3nkra. Ezut\u00e1n az oldals\u00e1vban megny\u00edlnak a vizualiz\u00e1ci\u00f3nk be\u00e1ll\u00edt\u00e1si lehet\u0151s\u00e9gei. Kattintsunk a \"Vizualiz\u00e1ci\u00f3 form\u00e1z\u00e1sa\" gombra. Ez a balr\u00f3l a m\u00e1sodik ikon. \u00dagy n\u00e9z ki, mint egy oszlopdiagram egy fest\u0151ecsettel.<\/p>\n<\/div>\n\n\n\n<div class=\"wp-block-column is-layout-flow wp-block-column-is-layout-flow\">\n<figure class=\"wp-block-image size-full\"><img loading=\"lazy\" decoding=\"async\" width=\"301\" height=\"348\" src=\"https:\/\/www.leaplytics.de\/wp-content\/uploads\/2022\/06\/grafik-2.png\" alt=\"\" class=\"wp-image-8477\" srcset=\"https:\/\/www.leaplytics.de\/wp-content\/uploads\/2022\/06\/grafik-2.png 301w, https:\/\/www.leaplytics.de\/wp-content\/uploads\/2022\/06\/grafik-2-259x300.png 259w, https:\/\/www.leaplytics.de\/wp-content\/uploads\/2022\/06\/grafik-2-52x60.png 52w\" sizes=\"auto, (max-width: 301px) 100vw, 301px\" \/><\/figure>\n<\/div>\n<\/div>\n\n\n\n<div class=\"wp-block-columns is-layout-flex wp-container-core-columns-is-layout-4 wp-block-columns-is-layout-flex\">\n<div class=\"wp-block-column is-layout-flow wp-block-column-is-layout-flow\">\n<figure class=\"wp-block-image size-full\"><img loading=\"lazy\" decoding=\"async\" width=\"252\" height=\"410\" src=\"https:\/\/www.leaplytics.de\/wp-content\/uploads\/2022\/06\/grafik-3.png\" alt=\"\" class=\"wp-image-8478\" srcset=\"https:\/\/www.leaplytics.de\/wp-content\/uploads\/2022\/06\/grafik-3.png 252w, https:\/\/www.leaplytics.de\/wp-content\/uploads\/2022\/06\/grafik-3-184x300.png 184w, https:\/\/www.leaplytics.de\/wp-content\/uploads\/2022\/06\/grafik-3-37x60.png 37w\" sizes=\"auto, (max-width: 252px) 100vw, 252px\" \/><\/figure>\n<\/div>\n\n\n\n<div class=\"wp-block-column is-layout-flow wp-block-column-is-layout-flow\">\n<p>Most t\u00f6bb leg\u00f6rd\u00fcl\u0151 men\u00fc jelenik meg. Az egyiknek a \"Licenc\" felirata van. Kattintson r\u00e1, \u00e9s alatta megjelenik a sz\u00f6vegmez\u0151, ahol megadhatja a licenc\u00e9t.<\/p>\n\n\n\n<p>K\u00e9sz! A licenc aktiv\u00e1lva van, \u00e9s minden korl\u00e1toz\u00e1s megsz\u0171nt.<\/p>\n<\/div>\n<\/div>","protected":false},"excerpt":{"rendered":"<p>Megkapta a licenckulcsot, \u00e9s el szeretn\u00e9 ind\u00edtani. De hov\u00e1 kell azt beillesztenie? Ezt itt elmagyar\u00e1zzuk \u00d6nnek. Power BI Web Szerkeszt\u0151 m\u00f3dban el\u0151sz\u00f6r kattintsunk a vizualiz\u00e1ci\u00f3nkra. Ezut\u00e1n az oldals\u00e1vban megny\u00edlnak a vizualiz\u00e1ci\u00f3nk be\u00e1ll\u00edt\u00e1si lehet\u0151s\u00e9gei. Kattintsunk a \"Form\u00e1tum\" men\u00fcpontra. Ez a m\u00e1sodik ... <\/p>","protected":false},"author":2,"featured_media":0,"parent":0,"menu_order":0,"comment_status":"closed","ping_status":"closed","template":"","meta":{"footnotes":""},"class_list":["post-8471","page","type-page","status-publish","hentry","latest_post"],"_links":{"self":[{"href":"https:\/\/www.leaplytics.de\/hu\/wp-json\/wp\/v2\/pages\/8471","targetHints":{"allow":["GET"]}}],"collection":[{"href":"https:\/\/www.leaplytics.de\/hu\/wp-json\/wp\/v2\/pages"}],"about":[{"href":"https:\/\/www.leaplytics.de\/hu\/wp-json\/wp\/v2\/types\/page"}],"author":[{"embeddable":true,"href":"https:\/\/www.leaplytics.de\/hu\/wp-json\/wp\/v2\/users\/2"}],"replies":[{"embeddable":true,"href":"https:\/\/www.leaplytics.de\/hu\/wp-json\/wp\/v2\/comments?post=8471"}],"version-history":[{"count":0,"href":"https:\/\/www.leaplytics.de\/hu\/wp-json\/wp\/v2\/pages\/8471\/revisions"}],"wp:attachment":[{"href":"https:\/\/www.leaplytics.de\/hu\/wp-json\/wp\/v2\/media?parent=8471"}],"curies":[{"name":"wp","href":"https:\/\/api.w.org\/{rel}","templated":true}]}}