{"id":8499,"date":"2022-06-13T21:38:40","date_gmt":"2022-06-13T19:38:40","guid":{"rendered":"https:\/\/www.leaplytics.de\/?page_id=8499"},"modified":"2024-10-29T11:53:22","modified_gmt":"2024-10-29T10:53:22","slug":"diszkretizacio-a-kockazati-hoterkep-matrix-teljesitmeny-bi","status":"publish","type":"page","link":"https:\/\/www.leaplytics.de\/hu\/diszkretizacio-a-kockazati-hoterkep-matrix-teljesitmeny-bi\/","title":{"rendered":"Diszkretiz\u00e1ci\u00f3 \u00e9s transzform\u00e1ci\u00f3"},"content":{"rendered":"<p>Kock\u00e1zati h\u0151t\u00e9rk\u00e9p\u00fcnk \/ m\u00e1trixunk 1-t\u0151l 10-ig terjed\u0151 \u00e9rt\u00e9keket ig\u00e9nyel, de mit tegy\u00fcnk, ha az adataink folyamatosak \u00e9s nem ebben az intervallumban vannak? Vagy ha a kock\u00e1zatok kifejez\u00e9sei szavakb\u00f3l \u00e1llnak? Az al\u00e1bbiakban n\u00e9gy megold\u00e1st mutatunk be binninggel, kvintilisekkel, egy\u00e9ni k\u00fcsz\u00f6b\u00e9rt\u00e9kekkel \u00e9s szavak sz\u00e1mokk\u00e1 val\u00f3 lek\u00e9pez\u00e9ssel.<\/p>\n\n\n\n<h2 class=\"wp-block-heading\" id=\"binning\">Binning<\/h2>\n\n\n\n<p>Ebben a megold\u00e1si megk\u00f6zel\u00edt\u00e9sben az adathalmazban l\u00e9v\u0151 \u00f6sszes folytonos \u00e9rt\u00e9ket \u00f6t binsre osztjuk. Felh\u00edvjuk a figyelmet arra, hogy a t\u00e1rol\u00f3k m\u00e9rete mindig azonos.<\/p>\n\n\n\n<p><em>P\u00e9lda: Az \u00d6n \u00e9rt\u00e9kei 0 \u00e9s 100 k\u00f6z\u00f6tt vannak: A k\u00f6vetkez\u0151 t\u00e1rol\u00f3k j\u00f6nnek l\u00e9tre:<\/em><\/p>\n\n\n\n<ul class=\"wp-block-list\">\n<li><em>0-20<\/em><\/li>\n\n\n\n<li><em>21 \u00e9s 40 k\u00f6z\u00f6tt<\/em><\/li>\n\n\n\n<li><em>41-60<\/em><\/li>\n\n\n\n<li><em>61-80<\/em><\/li>\n\n\n\n<li><em>81-100<\/em><\/li>\n<\/ul>\n\n\n\n<p><em><strong>Ez teh\u00e1t nem veszi figyelembe az egyes t\u00e1rol\u00f3kon bel\u00fcli kock\u00e1zatok mennyis\u00e9g\u00e9t.<\/strong> Az adattartom\u00e1nyok csak egyenl\u0151en vannak felosztva.<\/em><\/p>\n\n\n\n<div class=\"wp-block-columns is-layout-flex wp-container-core-columns-is-layout-1 wp-block-columns-is-layout-flex\">\n<div class=\"wp-block-column is-layout-flow wp-block-column-is-layout-flow\" style=\"flex-basis:66.66%\">\n<figure class=\"wp-block-image size-full\"><img loading=\"lazy\" decoding=\"async\" width=\"400\" height=\"606\" src=\"https:\/\/www.leaplytics.de\/wp-content\/uploads\/2022\/06\/grafik-4.png\" alt=\"\" class=\"wp-image-8500\" srcset=\"https:\/\/www.leaplytics.de\/wp-content\/uploads\/2022\/06\/grafik-4.png 400w, https:\/\/www.leaplytics.de\/wp-content\/uploads\/2022\/06\/grafik-4-198x300.png 198w, https:\/\/www.leaplytics.de\/wp-content\/uploads\/2022\/06\/grafik-4-40x60.png 40w\" sizes=\"auto, (max-width: 400px) 100vw, 400px\" \/><\/figure>\n<\/div>\n\n\n\n<div class=\"wp-block-column is-layout-flow wp-block-column-is-layout-flow\" style=\"flex-basis:33.33%\">\n<p>Az oldals\u00e1vban el\u0151sz\u00f6r kattintson jobb gombbal az \u00e1talak\u00edtani k\u00edv\u00e1nt mez\u0151re. P\u00e9ld\u00e1nkban a \"Impact Example\" mez\u0151t.<\/p>\n\n\n\n<p>Ezut\u00e1n v\u00e1lassza az \"\u00daj csoport\" lehet\u0151s\u00e9get balra kattintva. Megny\u00edlik a \"Csoportok\" ablak.<\/p>\n<\/div>\n<\/div>\n\n\n\n<div class=\"wp-block-columns is-layout-flex wp-container-core-columns-is-layout-2 wp-block-columns-is-layout-flex\">\n<div class=\"wp-block-column is-layout-flow wp-block-column-is-layout-flow\" style=\"flex-basis:33.33%\">\n<p>Itt v\u00e1lassza ki a \"L\u00e1d\u00e1k sz\u00e1ma\" opci\u00f3t a \"L\u00e1dat\u00edpus\" eset\u00e9ben. A bal als\u00f3 sarokban a \"Bin Count\" (t\u00e1rol\u00f3k sz\u00e1ma) mez\u0151be a \"10\" \u00e9rt\u00e9ket \u00edrja be. Ezut\u00e1n a program automatikusan kisz\u00e1m\u00edtja a t\u00e1rol\u00f3k sz\u00e9less\u00e9g\u00e9t a \"Bin size\" (t\u00e1rol\u00f3k m\u00e9rete) alatt.<\/p>\n\n\n\n<p>V\u00e9g\u00fcl kattintson az \"OK\" gombra.<\/p>\n<\/div>\n\n\n\n<div class=\"wp-block-column is-layout-flow wp-block-column-is-layout-flow\" style=\"flex-basis:66.66%\">\n<figure class=\"wp-block-image size-full\"><img loading=\"lazy\" decoding=\"async\" width=\"806\" height=\"635\" src=\"https:\/\/www.leaplytics.de\/wp-content\/uploads\/2022\/06\/grafik-5.png\" alt=\"\" class=\"wp-image-8501\" srcset=\"https:\/\/www.leaplytics.de\/wp-content\/uploads\/2022\/06\/grafik-5.png 806w, https:\/\/www.leaplytics.de\/wp-content\/uploads\/2022\/06\/grafik-5-300x236.png 300w, https:\/\/www.leaplytics.de\/wp-content\/uploads\/2022\/06\/grafik-5-768x605.png 768w, https:\/\/www.leaplytics.de\/wp-content\/uploads\/2022\/06\/grafik-5-76x60.png 76w\" sizes=\"auto, (max-width: 806px) 100vw, 806px\" \/><\/figure>\n<\/div>\n<\/div>\n\n\n\n<div class=\"wp-block-columns is-layout-flex wp-container-core-columns-is-layout-3 wp-block-columns-is-layout-flex\">\n<div class=\"wp-block-column is-layout-flow wp-block-column-is-layout-flow\" style=\"flex-basis:66.66%\">\n<figure class=\"wp-block-image size-full\"><img loading=\"lazy\" decoding=\"async\" width=\"402\" height=\"664\" src=\"https:\/\/www.leaplytics.de\/wp-content\/uploads\/2022\/06\/grafik-6.png\" alt=\"\" class=\"wp-image-8503\" srcset=\"https:\/\/www.leaplytics.de\/wp-content\/uploads\/2022\/06\/grafik-6.png 402w, https:\/\/www.leaplytics.de\/wp-content\/uploads\/2022\/06\/grafik-6-182x300.png 182w, https:\/\/www.leaplytics.de\/wp-content\/uploads\/2022\/06\/grafik-6-36x60.png 36w\" sizes=\"auto, (max-width: 402px) 100vw, 402px\" \/><\/figure>\n<\/div>\n\n\n\n<div class=\"wp-block-column is-layout-flow wp-block-column-is-layout-flow\" style=\"flex-basis:33.33%\">\n<p>Az utols\u00f3 l\u00e9p\u00e9sben kattintson ism\u00e9t az \u00fajonnan l\u00e9trehozott mez\u0151re az oldals\u00e1vban.<\/p>\n\n\n\n<p>Most ism\u00e9t megjelenik a \"Csoportok\" ablak.<\/p>\n<\/div>\n<\/div>\n\n\n\n<div class=\"wp-block-columns is-layout-flex wp-container-core-columns-is-layout-4 wp-block-columns-is-layout-flex\">\n<div class=\"wp-block-column is-layout-flow wp-block-column-is-layout-flow\" style=\"flex-basis:33.33%\">\n<p>Itt v\u00e1lassza ki a \"Lista\" csoportt\u00edpust a \"Lomt\u00e1r\" helyett. A csoportos\u00edtatlan \u00e9rt\u00e9kek a bal oldali mez\u0151ben jelennek meg.<\/p>\n\n\n\n<p>Most ind\u00edtsa el \u00e9s jel\u00f6lje ki az egyes \u00e9rt\u00e9keket, majd a \"Csoportos\u00edt\u00e1s\" gomb seg\u00edts\u00e9g\u00e9vel helyezze \u00e1t a jobb oldali oszlopba.<\/p>\n<\/div>\n\n\n\n<div class=\"wp-block-column is-layout-flow wp-block-column-is-layout-flow\" style=\"flex-basis:66.66%\">\n<figure class=\"wp-block-image size-full\"><img loading=\"lazy\" decoding=\"async\" width=\"796\" height=\"631\" src=\"https:\/\/www.leaplytics.de\/wp-content\/uploads\/2022\/06\/grafik-7.png\" alt=\"\" class=\"wp-image-8504\" srcset=\"https:\/\/www.leaplytics.de\/wp-content\/uploads\/2022\/06\/grafik-7.png 796w, https:\/\/www.leaplytics.de\/wp-content\/uploads\/2022\/06\/grafik-7-300x238.png 300w, https:\/\/www.leaplytics.de\/wp-content\/uploads\/2022\/06\/grafik-7-768x609.png 768w, https:\/\/www.leaplytics.de\/wp-content\/uploads\/2022\/06\/grafik-7-76x60.png 76w\" sizes=\"auto, (max-width: 796px) 100vw, 796px\" \/><\/figure>\n<\/div>\n<\/div>\n\n\n\n<div class=\"wp-block-columns is-layout-flex wp-container-core-columns-is-layout-5 wp-block-columns-is-layout-flex\">\n<div class=\"wp-block-column is-layout-flow wp-block-column-is-layout-flow\" style=\"flex-basis:66.66%\">\n<figure class=\"wp-block-image size-full\"><img loading=\"lazy\" decoding=\"async\" width=\"797\" height=\"631\" src=\"https:\/\/www.leaplytics.de\/wp-content\/uploads\/2022\/06\/grafik-8.png\" alt=\"\" class=\"wp-image-8505\" srcset=\"https:\/\/www.leaplytics.de\/wp-content\/uploads\/2022\/06\/grafik-8.png 797w, https:\/\/www.leaplytics.de\/wp-content\/uploads\/2022\/06\/grafik-8-300x238.png 300w, https:\/\/www.leaplytics.de\/wp-content\/uploads\/2022\/06\/grafik-8-768x608.png 768w, https:\/\/www.leaplytics.de\/wp-content\/uploads\/2022\/06\/grafik-8-76x60.png 76w\" sizes=\"auto, (max-width: 797px) 100vw, 797px\" \/><\/figure>\n<\/div>\n\n\n\n<div class=\"wp-block-column is-layout-flow wp-block-column-is-layout-flow\" style=\"flex-basis:33.33%\">\n<p>Majdnem k\u00e9sz! Most az 1-t\u0151l 10-ig terjed\u0151 \u00e9rt\u00e9keket rendelj\u00fck a t\u00edz \u00e9rt\u00e9khez \u00fagy, hogy dupl\u00e1n kattintunk az egyes szupercsoportokra, \u00e9s beillesztj\u00fck az \u00e9rt\u00e9keket. V\u00e9g\u00fcl kattintson az \"OK\" gombra.<\/p>\n<\/div>\n<\/div>\n\n\n\n<div class=\"wp-block-columns is-layout-flex wp-container-core-columns-is-layout-6 wp-block-columns-is-layout-flex\">\n<div class=\"wp-block-column is-layout-flow wp-block-column-is-layout-flow\" style=\"flex-basis:33.33%\">\n<p>K\u00e9sz! \u00c1talak\u00edtotta az adatokat, \u00e9s most m\u00e1r r\u00e1h\u00fazhatja azokat a kock\u00e1zati m\u00e1trixunk egyik tengely\u00e9re.<\/p>\n<\/div>\n\n\n\n<div class=\"wp-block-column is-layout-flow wp-block-column-is-layout-flow\" style=\"flex-basis:66.66%\">\n<figure class=\"wp-block-image size-full\"><img loading=\"lazy\" decoding=\"async\" width=\"416\" height=\"634\" src=\"https:\/\/www.leaplytics.de\/wp-content\/uploads\/2022\/06\/grafik-9.png\" alt=\"\" class=\"wp-image-8506\" srcset=\"https:\/\/www.leaplytics.de\/wp-content\/uploads\/2022\/06\/grafik-9.png 416w, https:\/\/www.leaplytics.de\/wp-content\/uploads\/2022\/06\/grafik-9-197x300.png 197w, https:\/\/www.leaplytics.de\/wp-content\/uploads\/2022\/06\/grafik-9-39x60.png 39w\" sizes=\"auto, (max-width: 416px) 100vw, 416px\" \/><\/figure>\n<\/div>\n<\/div>\n\n\n\n<h2 class=\"wp-block-heading\" id=\"quintiles\">Quintiles<\/h2>\n\n\n\n<div class=\"wp-block-columns is-layout-flex wp-container-core-columns-is-layout-7 wp-block-columns-is-layout-flex\">\n<div class=\"wp-block-column is-layout-flow wp-block-column-is-layout-flow\" style=\"flex-basis:66.66%\">\n<figure class=\"wp-block-image size-full\"><img loading=\"lazy\" decoding=\"async\" width=\"393\" height=\"677\" src=\"https:\/\/www.leaplytics.de\/wp-content\/uploads\/2022\/06\/grafik-11.png\" alt=\"\" class=\"wp-image-8541\" srcset=\"https:\/\/www.leaplytics.de\/wp-content\/uploads\/2022\/06\/grafik-11.png 393w, https:\/\/www.leaplytics.de\/wp-content\/uploads\/2022\/06\/grafik-11-174x300.png 174w, https:\/\/www.leaplytics.de\/wp-content\/uploads\/2022\/06\/grafik-11-35x60.png 35w\" sizes=\"auto, (max-width: 393px) 100vw, 393px\" \/><\/figure>\n<\/div>\n\n\n\n<div class=\"wp-block-column is-layout-flow wp-block-column-is-layout-flow\" style=\"flex-basis:33.33%\">\n<p>El\u0151sz\u00f6r ism\u00e9t jobb eg\u00e9rgombbal kattintsunk a diszkretiz\u00e1lni k\u00edv\u00e1nt mez\u0151re. P\u00e9ld\u00e1nkban ez a \"Impact Example\". Ezut\u00e1n kiv\u00e1lasztjuk az \"\u00daj int\u00e9zked\u00e9s\" lehet\u0151s\u00e9get. A DAX-szerkeszt\u0151 megny\u00edlik a m\u0171szerfal felett.<\/p>\n<\/div>\n<\/div>\n\n\n\n<p>Most hozz\u00e1adjuk a k\u00f6vetkez\u0151 k\u00f3dot, az adat\u00e1llom\u00e1ny t\u00e1bl\u00e1zat\u00e1hoz \u00e9s a k\u00edv\u00e1nt oszlophoz igaz\u00edtva. Fontos - ez egy p\u00e9lda a kvintilisekre. Sz\u00fcks\u00e9g eset\u00e9n a percentilisekre is adapt\u00e1lhatja:<\/p>\n\n\n\n<pre class=\"wp-block-code\"><code>Kvantilis =\nvar FirstQuantile = CALCULATE(PERCENTILE.INC(Table[Column], .2), ALL(Table[Column]))\nvar SecondQuantile = CALCULATE(PERCENTILE.INC(Table[Column], .4), ALL(Table[Column]))\nvar ThirdQuantile = CALCULATE(PERCENTILE.INC(Table[Column], .6), ALL(Table[Column]))\nvar FourthQuantile = CALCULATE(PERCENTILE.INC(Table[Column], .8), ALL(Table[Column]))\nvar ThisVal = Min(T\u00e1bla[oszlop])\nreturn\nIF(HASONEVALUE(Table[Column]),\n\t\tIF(ThisVal  FirstQuantile &amp;&amp; ThisVal  SecondQuantile &amp;&amp; ThisVal  ThirdQuantile &amp;&amp; ThisVal &lt;= FourthQuantile, 4,\n\t\t\t\t5)\n\t\t\t)\n\t\t)\n) )<\/code><\/pre>\n\n\n\n<div class=\"wp-block-columns is-layout-flex wp-container-core-columns-is-layout-8 wp-block-columns-is-layout-flex\">\n<div class=\"wp-block-column is-layout-flow wp-block-column-is-layout-flow\" style=\"flex-basis:33.33%\">\n<p>K\u00e9szen \u00e1llunk! \u00cdgy diszkretiz\u00e1ltuk \u00e9s megkaptuk az 1-5 \u00e9rt\u00e9keket. Most m\u00e1r haszn\u00e1lhatjuk ezt a mez\u0151t a kock\u00e1zati m\u00e1trixunkhoz!<\/p>\n<\/div>\n\n\n\n<div class=\"wp-block-column is-layout-flow wp-block-column-is-layout-flow\" style=\"flex-basis:66.66%\">\n<figure class=\"wp-block-image size-full\"><img loading=\"lazy\" decoding=\"async\" width=\"244\" height=\"493\" src=\"https:\/\/www.leaplytics.de\/wp-content\/uploads\/2022\/06\/grafik-12.png\" alt=\"\" class=\"wp-image-8542\" srcset=\"https:\/\/www.leaplytics.de\/wp-content\/uploads\/2022\/06\/grafik-12.png 244w, https:\/\/www.leaplytics.de\/wp-content\/uploads\/2022\/06\/grafik-12-148x300.png 148w, https:\/\/www.leaplytics.de\/wp-content\/uploads\/2022\/06\/grafik-12-30x60.png 30w\" sizes=\"auto, (max-width: 244px) 100vw, 244px\" \/><\/figure>\n<\/div>\n<\/div>\n\n\n\n<h2 class=\"wp-block-heading\" id=\"custom-thresholds\">Egy\u00e9ni k\u00fcsz\u00f6b\u00e9rt\u00e9kek<\/h2>\n\n\n\n<div class=\"wp-block-columns is-layout-flex wp-container-core-columns-is-layout-9 wp-block-columns-is-layout-flex\">\n<div class=\"wp-block-column is-layout-flow wp-block-column-is-layout-flow\" style=\"flex-basis:66.66%\">\n<figure class=\"wp-block-image size-full\"><img loading=\"lazy\" decoding=\"async\" width=\"393\" height=\"677\" src=\"https:\/\/www.leaplytics.de\/wp-content\/uploads\/2022\/06\/grafik-11.png\" alt=\"\" class=\"wp-image-8541\" srcset=\"https:\/\/www.leaplytics.de\/wp-content\/uploads\/2022\/06\/grafik-11.png 393w, https:\/\/www.leaplytics.de\/wp-content\/uploads\/2022\/06\/grafik-11-174x300.png 174w, https:\/\/www.leaplytics.de\/wp-content\/uploads\/2022\/06\/grafik-11-35x60.png 35w\" sizes=\"auto, (max-width: 393px) 100vw, 393px\" \/><\/figure>\n<\/div>\n\n\n\n<div class=\"wp-block-column is-layout-flow wp-block-column-is-layout-flow\" style=\"flex-basis:33.33%\">\n<p>El\u0151sz\u00f6r ism\u00e9t jobb eg\u00e9rgombbal kattintsunk a diszkretiz\u00e1lni k\u00edv\u00e1nt mez\u0151re. P\u00e9ld\u00e1nkban ez a \"Impact Example\". Ezut\u00e1n kiv\u00e1lasztjuk az \"\u00daj int\u00e9zked\u00e9s\" lehet\u0151s\u00e9get. A DAX-szerkeszt\u0151 megny\u00edlik a m\u0171szerfal felett.<\/p>\n<\/div>\n<\/div>\n\n\n\n<p>Most hozz\u00e1adjuk a k\u00f6vetkez\u0151 k\u00f3dot, az adat\u00e1llom\u00e1ny t\u00e1bl\u00e1zat\u00e1hoz \u00e9s a k\u00edv\u00e1nt oszlophoz igaz\u00edtva:<\/p>\n\n\n\n<pre class=\"wp-block-code\"><code>Custom_Thresholds =\nvar FirstThreshold = a te_els\u0151_k\u00fcsz\u00f6b\u00e9rt\u00e9ked_itt_van\nvar SecondThreshold = az \u00f6n_m\u00e1sodik_k\u00fcsz\u00f6b\u00e9rt\u00e9k_itt_van\nvar ThirdThreshold = a_harmadik_k\u00fcsz\u00f6b\u00e9rt\u00e9ked_hol\nvar FourthThreshold = your_fourth_threshold_value_here\nvar ThisVal = Min(Table[oszlop])\nreturn\nIF(HASONEVALUE(Table[Column]),\n\t\tIF(ThisVal  FirstThreshold &amp;&amp; ThisVal  SecondThreshold &amp;&amp; ThisVal  ThirdThreshold &amp;&amp; ThisVal &lt;= FourthThreshold, 4,\n\t\t\t\t5)\n\t\t\t)\n\t\t)\n) )<\/code><\/pre>\n\n\n\n<h2 class=\"wp-block-heading\" id=\"words-to-numbers\">Szavak to Sz\u00e1mok<\/h2>\n\n\n\n<div class=\"wp-block-columns is-layout-flex wp-container-core-columns-is-layout-10 wp-block-columns-is-layout-flex\">\n<div class=\"wp-block-column is-layout-flow wp-block-column-is-layout-flow\" style=\"flex-basis:66.66%\">\n<figure class=\"wp-block-image size-full\"><img loading=\"lazy\" decoding=\"async\" width=\"627\" height=\"439\" src=\"https:\/\/www.leaplytics.de\/wp-content\/uploads\/2022\/06\/grafik-17.png\" alt=\"\" class=\"wp-image-8963\" srcset=\"https:\/\/www.leaplytics.de\/wp-content\/uploads\/2022\/06\/grafik-17.png 627w, https:\/\/www.leaplytics.de\/wp-content\/uploads\/2022\/06\/grafik-17-300x210.png 300w, https:\/\/www.leaplytics.de\/wp-content\/uploads\/2022\/06\/grafik-17-86x60.png 86w\" sizes=\"auto, (max-width: 627px) 100vw, 627px\" \/><\/figure>\n<\/div>\n\n\n\n<div class=\"wp-block-column is-layout-flow wp-block-column-is-layout-flow\" style=\"flex-basis:33.33%\">\n<p>El\u0151sz\u00f6r kattintson a men\u00fcben az \"Adatok \u00e1talak\u00edt\u00e1sa\" men\u00fcpontra. Ezzel megny\u00edlik a Power Query Editor.<\/p>\n<\/div>\n<\/div>\n\n\n\n<div class=\"wp-block-columns is-layout-flex wp-container-core-columns-is-layout-11 wp-block-columns-is-layout-flex\">\n<div class=\"wp-block-column is-layout-flow wp-block-column-is-layout-flow\" style=\"flex-basis:33.33%\">\n<p>Kiv\u00e1lasztja az \u00e1talak\u00edtani k\u00edv\u00e1nt oszlopot. Ebben a p\u00e9ld\u00e1ban ez a \"Val\u00f3sz\u00edn\u0171s\u00e9gi sz\u00f6veg\" oszlop. Ezut\u00e1n a bal fels\u0151 sarokban kattintson a \"P\u00e9ld\u00e1kb\u00f3l sz\u00e1rmaz\u00f3 oszlop\" gombra, majd v\u00e1lassza a \"Kiv\u00e1laszt\u00e1sb\u00f3l\" lehet\u0151s\u00e9get.<\/p>\n<\/div>\n\n\n\n<div class=\"wp-block-column is-layout-flow wp-block-column-is-layout-flow\" style=\"flex-basis:66.66%\">\n<figure class=\"wp-block-image size-full\"><img loading=\"lazy\" decoding=\"async\" width=\"627\" height=\"268\" src=\"https:\/\/www.leaplytics.de\/wp-content\/uploads\/2022\/06\/grafik-18.png\" alt=\"\" class=\"wp-image-8964\" srcset=\"https:\/\/www.leaplytics.de\/wp-content\/uploads\/2022\/06\/grafik-18.png 627w, https:\/\/www.leaplytics.de\/wp-content\/uploads\/2022\/06\/grafik-18-300x128.png 300w, https:\/\/www.leaplytics.de\/wp-content\/uploads\/2022\/06\/grafik-18-140x60.png 140w\" sizes=\"auto, (max-width: 627px) 100vw, 627px\" \/><\/figure>\n<\/div>\n<\/div>\n\n\n\n<div class=\"wp-block-columns is-layout-flex wp-container-core-columns-is-layout-12 wp-block-columns-is-layout-flex\">\n<div class=\"wp-block-column is-layout-flow wp-block-column-is-layout-flow\" style=\"flex-basis:66.66%\">\n<figure class=\"wp-block-image size-full\"><img loading=\"lazy\" decoding=\"async\" width=\"627\" height=\"268\" src=\"https:\/\/www.leaplytics.de\/wp-content\/uploads\/2022\/06\/grafik-19.png\" alt=\"\" class=\"wp-image-8965\" srcset=\"https:\/\/www.leaplytics.de\/wp-content\/uploads\/2022\/06\/grafik-19.png 627w, https:\/\/www.leaplytics.de\/wp-content\/uploads\/2022\/06\/grafik-19-300x128.png 300w, https:\/\/www.leaplytics.de\/wp-content\/uploads\/2022\/06\/grafik-19-140x60.png 140w\" sizes=\"auto, (max-width: 627px) 100vw, 627px\" \/><\/figure>\n<\/div>\n\n\n\n<div class=\"wp-block-column is-layout-flow wp-block-column-is-layout-flow\" style=\"flex-basis:33.33%\">\n<p>Egy \u00faj oszlop ker\u00fcl hozz\u00e1ad\u00e1sra. Kattintson az \u00faj oszlop els\u0151 cell\u00e1j\u00e1ra, \u00e9s adja meg a k\u00edv\u00e1nt sz\u00e1m\u00e9rt\u00e9ket. P\u00e9ld\u00e1nkban a \"Remote\" (legalacsonyabb kifejez\u00e9s) az \"1\" \u00e9rt\u00e9knek felel meg.&nbsp; <em><strong>Nem kell minden \u00e9rt\u00e9ket k\u00fcl\u00f6n-k\u00fcl\u00f6n megv\u00e1ltoztatnia. A Power BI felismeri a sz\u00e1mokat, \u00e9s automatikusan hozz\u00e1rendeli \u0151ket a k\u00f6vetkez\u0151k szerint <\/strong><\/em><strong>k\u00e9t<\/strong><em><strong> p\u00e9ld\u00e1k a ti\u00e9db\u0151l.<\/strong><\/em><\/p>\n<\/div>\n<\/div>\n\n\n\n<div class=\"wp-block-columns is-layout-flex wp-container-core-columns-is-layout-13 wp-block-columns-is-layout-flex\">\n<div class=\"wp-block-column is-layout-flow wp-block-column-is-layout-flow\" style=\"flex-basis:33.33%\">\n<p>Ezt megism\u00e9tli az adathalmaz minden egyes kifejez\u00e9s\u00e9re ...<\/p>\n<\/div>\n\n\n\n<div class=\"wp-block-column is-layout-flow wp-block-column-is-layout-flow\" style=\"flex-basis:66.66%\">\n<figure class=\"wp-block-image size-full\"><img loading=\"lazy\" decoding=\"async\" width=\"627\" height=\"317\" src=\"https:\/\/www.leaplytics.de\/wp-content\/uploads\/2022\/06\/grafik-20.png\" alt=\"\" class=\"wp-image-8966\" srcset=\"https:\/\/www.leaplytics.de\/wp-content\/uploads\/2022\/06\/grafik-20.png 627w, https:\/\/www.leaplytics.de\/wp-content\/uploads\/2022\/06\/grafik-20-300x152.png 300w, https:\/\/www.leaplytics.de\/wp-content\/uploads\/2022\/06\/grafik-20-119x60.png 119w\" sizes=\"auto, (max-width: 627px) 100vw, 627px\" \/><\/figure>\n<\/div>\n<\/div>\n\n\n\n<div class=\"wp-block-columns is-layout-flex wp-container-core-columns-is-layout-14 wp-block-columns-is-layout-flex\">\n<div class=\"wp-block-column is-layout-flow wp-block-column-is-layout-flow\" style=\"flex-basis:66.66%\">\n<figure class=\"wp-block-image size-full\"><img loading=\"lazy\" decoding=\"async\" width=\"627\" height=\"315\" src=\"https:\/\/www.leaplytics.de\/wp-content\/uploads\/2022\/06\/grafik-21.png\" alt=\"\" class=\"wp-image-8969\" srcset=\"https:\/\/www.leaplytics.de\/wp-content\/uploads\/2022\/06\/grafik-21.png 627w, https:\/\/www.leaplytics.de\/wp-content\/uploads\/2022\/06\/grafik-21-300x151.png 300w, https:\/\/www.leaplytics.de\/wp-content\/uploads\/2022\/06\/grafik-21-119x60.png 119w\" sizes=\"auto, (max-width: 627px) 100vw, 627px\" \/><\/figure>\n<\/div>\n\n\n\n<div class=\"wp-block-column is-layout-flow wp-block-column-is-layout-flow\" style=\"flex-basis:33.33%\">\n<p>Miut\u00e1n lek\u00e9pezte az utols\u00f3 kifejez\u00e9st, v\u00e9g\u00fcl kattintson az \"OK\" gombra. Meg is van: A \"Val\u00f3sz\u00edn\u0171s\u00e9g\" \u00e1talak\u00edtott oszlopa. Ezt megism\u00e9tli a \"Impact\" (Hat\u00e1s) sorral, \u00e9s m\u00e1ris megvan a k\u00edv\u00e1nt adatform\u00e1tum. Az\u00e9rt v\u00e1lasztottuk ezt az 1-t\u0151l 10-ig tart\u00f3 logik\u00e1t, mert mindenki m\u00e1sk\u00e9nt fogalmazza meg az \u00f6t kateg\u00f3ri\u00e1t.<\/p>\n<\/div>\n<\/div>","protected":false},"excerpt":{"rendered":"<p>Our Risk Heatmap \/ Matrix requires 1 to 10 as values, but what to do if your data is continuous and not in this interval? Or if the expressions of your risks consist of words? Below are four solutions with binning, quintiles, custom thresholds and words to numbers mapping. Binning In this solution approach, all &hellip; <\/p>","protected":false},"author":2,"featured_media":0,"parent":0,"menu_order":0,"comment_status":"closed","ping_status":"closed","template":"","meta":{"footnotes":""},"class_list":["post-8499","page","type-page","status-publish","hentry","latest_post"],"_links":{"self":[{"href":"https:\/\/www.leaplytics.de\/hu\/wp-json\/wp\/v2\/pages\/8499","targetHints":{"allow":["GET"]}}],"collection":[{"href":"https:\/\/www.leaplytics.de\/hu\/wp-json\/wp\/v2\/pages"}],"about":[{"href":"https:\/\/www.leaplytics.de\/hu\/wp-json\/wp\/v2\/types\/page"}],"author":[{"embeddable":true,"href":"https:\/\/www.leaplytics.de\/hu\/wp-json\/wp\/v2\/users\/2"}],"replies":[{"embeddable":true,"href":"https:\/\/www.leaplytics.de\/hu\/wp-json\/wp\/v2\/comments?post=8499"}],"version-history":[{"count":2,"href":"https:\/\/www.leaplytics.de\/hu\/wp-json\/wp\/v2\/pages\/8499\/revisions"}],"predecessor-version":[{"id":13647,"href":"https:\/\/www.leaplytics.de\/hu\/wp-json\/wp\/v2\/pages\/8499\/revisions\/13647"}],"wp:attachment":[{"href":"https:\/\/www.leaplytics.de\/hu\/wp-json\/wp\/v2\/media?parent=8499"}],"curies":[{"name":"wp","href":"https:\/\/api.w.org\/{rel}","templated":true}]}}