{"id":8873,"date":"2022-06-25T15:01:05","date_gmt":"2022-06-25T13:01:05","guid":{"rendered":"https:\/\/www.leaplytics.de\/?page_id=8873"},"modified":"2024-09-13T15:22:46","modified_gmt":"2024-09-13T13:22:46","slug":"egyeni-szinek-a-kockazati-hoterkep-matrix-power-bi-szamara","status":"publish","type":"page","link":"https:\/\/www.leaplytics.de\/hu\/egyeni-szinek-a-kockazati-hoterkep-matrix-power-bi-szamara\/","title":{"rendered":"Egy\u00e9ni sz\u00ednek \u00e9s tengelyc\u00edmk\u00e9k"},"content":{"rendered":"<p>Szeretn\u00e9 kock\u00e1zati h\u0151t\u00e9rk\u00e9p\u00e9t \/ m\u00e1trix\u00e1t k\u00fcl\u00f6n sz\u00ednekkel \u00e9s tengelyc\u00edmk\u00e9kkel megtervezni? Layout Designer\u00fcnk seg\u00edt \u00d6nnek az \u00f6sszes sz\u00fcks\u00e9ges elem testreszab\u00e1s\u00e1ban!<\/p>\n\n\n\n<div class=\"wp-block-buttons is-content-justification-center is-layout-flex wp-container-core-buttons-is-layout-1 wp-block-buttons-is-layout-flex\">\n<div class=\"wp-block-button\"><a class=\"wp-block-button__link has-text-align-center wp-element-button\" href=\"https:\/\/www.leaplytics.de\/hu\/custom-colors\/\">Menjen az elrendez\u00e9s tervez\u0151h\u00f6z<\/a><\/div>\n<\/div>","protected":false},"excerpt":{"rendered":"<p>Szeretn\u00e9 kock\u00e1zati h\u0151t\u00e9rk\u00e9p\u00e9t \/ m\u00e1trix\u00e1t k\u00fcl\u00f6n sz\u00ednekkel \u00e9s tengelyc\u00edmk\u00e9kkel megtervezni? Layout Designer\u00fcnk seg\u00edt \u00d6nnek az \u00f6sszes sz\u00fcks\u00e9ges elem testreszab\u00e1s\u00e1ban!<\/p>","protected":false},"author":2,"featured_media":0,"parent":0,"menu_order":0,"comment_status":"closed","ping_status":"closed","template":"","meta":{"footnotes":""},"class_list":["post-8873","page","type-page","status-publish","hentry","latest_post"],"_links":{"self":[{"href":"https:\/\/www.leaplytics.de\/hu\/wp-json\/wp\/v2\/pages\/8873","targetHints":{"allow":["GET"]}}],"collection":[{"href":"https:\/\/www.leaplytics.de\/hu\/wp-json\/wp\/v2\/pages"}],"about":[{"href":"https:\/\/www.leaplytics.de\/hu\/wp-json\/wp\/v2\/types\/page"}],"author":[{"embeddable":true,"href":"https:\/\/www.leaplytics.de\/hu\/wp-json\/wp\/v2\/users\/2"}],"replies":[{"embeddable":true,"href":"https:\/\/www.leaplytics.de\/hu\/wp-json\/wp\/v2\/comments?post=8873"}],"version-history":[{"count":5,"href":"https:\/\/www.leaplytics.de\/hu\/wp-json\/wp\/v2\/pages\/8873\/revisions"}],"predecessor-version":[{"id":13562,"href":"https:\/\/www.leaplytics.de\/hu\/wp-json\/wp\/v2\/pages\/8873\/revisions\/13562"}],"wp:attachment":[{"href":"https:\/\/www.leaplytics.de\/hu\/wp-json\/wp\/v2\/media?parent=8873"}],"curies":[{"name":"wp","href":"https:\/\/api.w.org\/{rel}","templated":true}]}}