{"id":9141,"date":"2022-07-21T14:51:23","date_gmt":"2022-07-21T12:51:23","guid":{"rendered":"https:\/\/www.leaplytics.de\/?page_id=9141"},"modified":"2022-07-21T14:51:24","modified_gmt":"2022-07-21T12:51:24","slug":"atfedo-szoveg-a-kockazati-hoterkep-matrix-teljesitmeny-bi","status":"publish","type":"page","link":"https:\/\/www.leaplytics.de\/hu\/atfedo-szoveg-a-kockazati-hoterkep-matrix-teljesitmeny-bi\/","title":{"rendered":"\u00c1tfed\u0151 sz\u00f6veg"},"content":{"rendered":"<p>A kock\u00e1zatok sz\u00f6vegei hossz\u00faak \u00e9s \u00e1tfedik egym\u00e1st a megjelen\u00edt\u00e9sben? \u00d6sszegy\u0171jt\u00f6tt\u00fcnk n\u00e9h\u00e1ny megold\u00e1st az \u00d6n sz\u00e1m\u00e1ra.<\/p>\n\n\n\n<h3 class=\"wp-block-heading\">A karakterek sz\u00e1m\u00e1nak korl\u00e1toz\u00e1sa<\/h3>\n\n\n\n<p>Lehet\u0151s\u00e9g van tov\u00e1bb\u00e1 a dimenzi\u00f3ban vagy oszlopban szerepl\u0151 karakterek sz\u00e1m\u00e1nak korl\u00e1toz\u00e1s\u00e1ra. Ez lehet\u0151v\u00e9 teszi a karakterl\u00e1nc hossz\u00e1nak egyedi meghat\u00e1roz\u00e1s\u00e1t \u00fagy, hogy a kock\u00e1zat m\u00e9g olvashat\u00f3 maradjon.<\/p>\n\n\n\n<div class=\"wp-block-columns is-layout-flex wp-container-core-columns-is-layout-1 wp-block-columns-is-layout-flex\">\n<div class=\"wp-block-column is-layout-flow wp-block-column-is-layout-flow\" style=\"flex-basis:66.66%\">\n<figure class=\"wp-block-image size-full\"><img loading=\"lazy\" decoding=\"async\" width=\"604\" height=\"446\" src=\"https:\/\/www.leaplytics.de\/wp-content\/uploads\/2022\/07\/grafik-8.png\" alt=\"\" class=\"wp-image-9159\" srcset=\"https:\/\/www.leaplytics.de\/wp-content\/uploads\/2022\/07\/grafik-8.png 604w, https:\/\/www.leaplytics.de\/wp-content\/uploads\/2022\/07\/grafik-8-300x222.png 300w, https:\/\/www.leaplytics.de\/wp-content\/uploads\/2022\/07\/grafik-8-570x420.png 570w, https:\/\/www.leaplytics.de\/wp-content\/uploads\/2022\/07\/grafik-8-81x60.png 81w\" sizes=\"auto, (max-width: 604px) 100vw, 604px\" \/><\/figure>\n<\/div>\n\n\n\n<div class=\"wp-block-column is-layout-flow wp-block-column-is-layout-flow\" style=\"flex-basis:33.33%\">\n<p>Itt a kock\u00e1zat le\u00edr\u00e1s\u00e1t az els\u0151 nyolc karakterre korl\u00e1toztuk, majd a jobb olvashat\u00f3s\u00e1g \u00e9rdek\u00e9ben h\u00e1rom pontot adtunk hozz\u00e1. A r\u00e9szletes le\u00edr\u00e1st tov\u00e1bbra is l\u00e1thatja, ha az eg\u00e9rrel f\u00f6l\u00e9 mozgatja.<\/p>\n<\/div>\n<\/div>\n\n\n\n<div class=\"wp-block-columns is-layout-flex wp-container-core-columns-is-layout-2 wp-block-columns-is-layout-flex\">\n<div class=\"wp-block-column is-layout-flow wp-block-column-is-layout-flow\" style=\"flex-basis:33.33%\">\n<p>Ehhez el\u0151sz\u00f6r a Power BI-ben a \"Modellez\u00e9s\" f\u00fclre kattintunk, majd az \"\u00daj oszlop\" gombra.<\/p>\n\n\n\n<p>Megny\u00edlik a DAX-szerkeszt\u0151.<\/p>\n<\/div>\n\n\n\n<div class=\"wp-block-column is-layout-flow wp-block-column-is-layout-flow\" style=\"flex-basis:66.66%\">\n<figure class=\"wp-block-image size-full\"><img loading=\"lazy\" decoding=\"async\" width=\"709\" height=\"616\" src=\"https:\/\/www.leaplytics.de\/wp-content\/uploads\/2022\/07\/grafik-9.png\" alt=\"\" class=\"wp-image-9160\" srcset=\"https:\/\/www.leaplytics.de\/wp-content\/uploads\/2022\/07\/grafik-9.png 709w, https:\/\/www.leaplytics.de\/wp-content\/uploads\/2022\/07\/grafik-9-300x261.png 300w, https:\/\/www.leaplytics.de\/wp-content\/uploads\/2022\/07\/grafik-9-69x60.png 69w\" sizes=\"auto, (max-width: 709px) 100vw, 709px\" \/><\/figure>\n<\/div>\n<\/div>\n\n\n\n<p>P\u00e9ld\u00e1nkban a \"Le\u00edr\u00e1s hossz\u00fa\" oszlop tartalmazza a r\u00f6vid\u00edteni k\u00edv\u00e1nt sz\u00f6veget. A k\u00f3dot ennek megfelel\u0151en kell a le\u00edr\u00e1snak megfelel\u0151en m\u00f3dos\u00edtani. Itt most a k\u00f6vetkez\u0151 k\u00f3dot illesztj\u00fck be a p\u00e9ld\u00e1ba:<\/p>\n\n\n\n<pre class=\"wp-block-code\"><code>Le\u00edr\u00e1s r\u00f6vid = CONCATENATE(LEFT([Le\u00edr\u00e1s hossz\u00fa], 8),\"...\")<\/code><\/pre>\n\n\n\n<div class=\"wp-block-columns is-layout-flex wp-container-core-columns-is-layout-3 wp-block-columns-is-layout-flex\">\n<div class=\"wp-block-column is-layout-flow wp-block-column-is-layout-flow\" style=\"flex-basis:66.66%\">\n<figure class=\"wp-block-image size-full\"><img loading=\"lazy\" decoding=\"async\" width=\"634\" height=\"459\" src=\"https:\/\/www.leaplytics.de\/wp-content\/uploads\/2022\/07\/grafik-10.png\" alt=\"\" class=\"wp-image-9161\" srcset=\"https:\/\/www.leaplytics.de\/wp-content\/uploads\/2022\/07\/grafik-10.png 634w, https:\/\/www.leaplytics.de\/wp-content\/uploads\/2022\/07\/grafik-10-300x217.png 300w, https:\/\/www.leaplytics.de\/wp-content\/uploads\/2022\/07\/grafik-10-83x60.png 83w\" sizes=\"auto, (max-width: 634px) 100vw, 634px\" \/><\/figure>\n<\/div>\n\n\n\n<div class=\"wp-block-column is-layout-flow wp-block-column-is-layout-flow\" style=\"flex-basis:33.33%\">\n<p>A bels\u0151 LEFT f\u00fcggv\u00e9ny a dimenzi\u00f3t az elej\u00e9t\u0151l sz\u00e1m\u00edtott els\u0151 nyolc bet\u0171re v\u00e1gja le. A CONCATENATE f\u00fcggv\u00e9nnyel a r\u00f6vid\u00edtett karakterl\u00e1nc \u00e9s a h\u00e1rompontos '...' \u00f6sszekapcsol\u00f3dik.<\/p>\n<\/div>\n<\/div>\n\n\n\n<div class=\"wp-block-columns is-layout-flex wp-container-core-columns-is-layout-4 wp-block-columns-is-layout-flex\">\n<div class=\"wp-block-column is-layout-flow wp-block-column-is-layout-flow\" style=\"flex-basis:33.33%\">\n<p>Most a \"R\u00f6vid le\u00edr\u00e1s\" oszlopot haszn\u00e1ljuk, \u00e9s hozz\u00e1rendelj\u00fck a vizualiz\u00e1ci\u00f3 \"Kock\u00e1zati azonos\u00edt\u00f3\" mez\u0151j\u00e9hez.<\/p>\n<\/div>\n\n\n\n<div class=\"wp-block-column is-layout-flow wp-block-column-is-layout-flow\" style=\"flex-basis:66.66%\">\n<figure class=\"wp-block-image size-full\"><img loading=\"lazy\" decoding=\"async\" width=\"560\" height=\"639\" src=\"https:\/\/www.leaplytics.de\/wp-content\/uploads\/2022\/07\/grafik-11.png\" alt=\"\" class=\"wp-image-9162\" srcset=\"https:\/\/www.leaplytics.de\/wp-content\/uploads\/2022\/07\/grafik-11.png 560w, https:\/\/www.leaplytics.de\/wp-content\/uploads\/2022\/07\/grafik-11-263x300.png 263w, https:\/\/www.leaplytics.de\/wp-content\/uploads\/2022\/07\/grafik-11-53x60.png 53w\" sizes=\"auto, (max-width: 560px) 100vw, 560px\" \/><\/figure>\n<\/div>\n<\/div>\n\n\n\n<h3 class=\"wp-block-heading\">A rendszeren bel\u00fcli kock\u00e1zati azonos\u00edt\u00f3 haszn\u00e1lata<\/h3>\n\n\n\n<div class=\"wp-block-columns is-layout-flex wp-container-core-columns-is-layout-5 wp-block-columns-is-layout-flex\">\n<div class=\"wp-block-column is-layout-flow wp-block-column-is-layout-flow\" style=\"flex-basis:66.66%\">\n<figure class=\"wp-block-image size-full\"><img loading=\"lazy\" decoding=\"async\" width=\"701\" height=\"510\" src=\"https:\/\/www.leaplytics.de\/wp-content\/uploads\/2022\/07\/grafik-1.png\" alt=\"\" class=\"wp-image-9145\" srcset=\"https:\/\/www.leaplytics.de\/wp-content\/uploads\/2022\/07\/grafik-1.png 701w, https:\/\/www.leaplytics.de\/wp-content\/uploads\/2022\/07\/grafik-1-300x218.png 300w, https:\/\/www.leaplytics.de\/wp-content\/uploads\/2022\/07\/grafik-1-82x60.png 82w\" sizes=\"auto, (max-width: 701px) 100vw, 701px\" \/><\/figure>\n<\/div>\n\n\n\n<div class=\"wp-block-column is-layout-flow wp-block-column-is-layout-flow\" style=\"flex-basis:33.33%\">\n<p>Tegy\u00fck fel, hogy bet\u00f6lt\u00f6tte a kock\u00e1zatokat a \"Kock\u00e1zati azonos\u00edt\u00f3\" mez\u0151be. Most a sz\u00f6vegek \u00e1tfedik egym\u00e1st. Az els\u0151 lehet\u0151s\u00e9g az, hogy a kock\u00e1zat hosszabb le\u00edr\u00e1sa helyett - ha lehets\u00e9ges - a rendszer kock\u00e1zat\u00e1nak bels\u0151 azonos\u00edt\u00f3j\u00e1t haszn\u00e1lja. Ez gyakran kevesebb karaktert tartalmaz.<\/p>\n<\/div>\n<\/div>\n\n\n\n<div class=\"wp-block-columns is-layout-flex wp-container-core-columns-is-layout-6 wp-block-columns-is-layout-flex\">\n<div class=\"wp-block-column is-layout-flow wp-block-column-is-layout-flow\" style=\"flex-basis:33.33%\">\n<p>A hosszabb le\u00edr\u00e1s helyett itt az azonos\u00edt\u00f3t haszn\u00e1ljuk. Ez cs\u00f6kkenti a karakterek sz\u00e1m\u00e1t, \u00e9s egy\u00e9rtelm\u0171bb\u00e9 teszi. A kock\u00e1zat le\u00edr\u00e1sa mostant\u00f3l a bubor\u00e9k f\u00f6l\u00e9 helyezett eg\u00e9rrel is megjelen\u00edthet\u0151.<\/p>\n<\/div>\n\n\n\n<div class=\"wp-block-column is-layout-flow wp-block-column-is-layout-flow\" style=\"flex-basis:66.66%\">\n<figure class=\"wp-block-image size-full\"><img loading=\"lazy\" decoding=\"async\" width=\"684\" height=\"519\" src=\"https:\/\/www.leaplytics.de\/wp-content\/uploads\/2022\/07\/grafik-3.png\" alt=\"\" class=\"wp-image-9147\" srcset=\"https:\/\/www.leaplytics.de\/wp-content\/uploads\/2022\/07\/grafik-3.png 684w, https:\/\/www.leaplytics.de\/wp-content\/uploads\/2022\/07\/grafik-3-300x228.png 300w, https:\/\/www.leaplytics.de\/wp-content\/uploads\/2022\/07\/grafik-3-370x280.png 370w, https:\/\/www.leaplytics.de\/wp-content\/uploads\/2022\/07\/grafik-3-79x60.png 79w\" sizes=\"auto, (max-width: 684px) 100vw, 684px\" \/><\/figure>\n<\/div>\n<\/div>\n\n\n\n<div class=\"wp-block-columns is-layout-flex wp-container-core-columns-is-layout-7 wp-block-columns-is-layout-flex\">\n<div class=\"wp-block-column is-layout-flow wp-block-column-is-layout-flow\" style=\"flex-basis:50%\">\n<figure class=\"wp-block-image size-full\"><img loading=\"lazy\" decoding=\"async\" width=\"562\" height=\"616\" src=\"https:\/\/www.leaplytics.de\/wp-content\/uploads\/2022\/07\/grafik-5.png\" alt=\"\" class=\"wp-image-9154\" srcset=\"https:\/\/www.leaplytics.de\/wp-content\/uploads\/2022\/07\/grafik-5.png 562w, https:\/\/www.leaplytics.de\/wp-content\/uploads\/2022\/07\/grafik-5-274x300.png 274w, https:\/\/www.leaplytics.de\/wp-content\/uploads\/2022\/07\/grafik-5-55x60.png 55w\" sizes=\"auto, (max-width: 562px) 100vw, 562px\" \/><\/figure>\n<\/div>\n\n\n\n<div class=\"wp-block-column is-layout-flow wp-block-column-is-layout-flow\" style=\"flex-basis:33.33%\">\n<p>Ehhez a hosszabb sz\u00f6veget tartalmaz\u00f3 oszlopot vagy dimenzi\u00f3t helyezze \u00e1t az \"Eszk\u00f6zt\u00e1j\u00e9koztat\u00f3 (opcion\u00e1lis)\" mez\u0151be, a rendszerb\u0151l sz\u00e1rmaz\u00f3 kock\u00e1zatazonos\u00edt\u00f3t pedig a \"Kock\u00e1zatazonos\u00edt\u00f3\" mez\u0151be.<\/p>\n<\/div>\n<\/div>\n\n\n\n<h3 class=\"wp-block-heading\">A megjelen\u00edtett kock\u00e1zatok sz\u00e1m\u00e1nak minimaliz\u00e1l\u00e1sa csemp\u00e9nk\u00e9nt<\/h3>\n\n\n\n<div class=\"wp-block-columns is-layout-flex wp-container-core-columns-is-layout-8 wp-block-columns-is-layout-flex\">\n<div class=\"wp-block-column is-layout-flow wp-block-column-is-layout-flow\" style=\"flex-basis:66.66%\">\n<figure class=\"wp-block-image size-full\"><img loading=\"lazy\" decoding=\"async\" width=\"708\" height=\"512\" src=\"https:\/\/www.leaplytics.de\/wp-content\/uploads\/2022\/07\/grafik-6.png\" alt=\"\" class=\"wp-image-9157\" srcset=\"https:\/\/www.leaplytics.de\/wp-content\/uploads\/2022\/07\/grafik-6.png 708w, https:\/\/www.leaplytics.de\/wp-content\/uploads\/2022\/07\/grafik-6-300x217.png 300w, https:\/\/www.leaplytics.de\/wp-content\/uploads\/2022\/07\/grafik-6-83x60.png 83w\" sizes=\"auto, (max-width: 708px) 100vw, 708px\" \/><\/figure>\n<\/div>\n\n\n\n<div class=\"wp-block-column is-layout-flow wp-block-column-is-layout-flow\" style=\"flex-basis:33.33%\">\n<p>Egy m\u00e1sik lehet\u0151s\u00e9g a megjelen\u00edtett kock\u00e1zatok sz\u00e1m\u00e1nak minimaliz\u00e1l\u00e1sa lenne. Eredetileg ezt az\u00e9rt val\u00f3s\u00edtottuk meg, hogy a felhaszn\u00e1l\u00f3 cs\u00f6kkenthesse a csemp\u00e9nk\u00e9nti kock\u00e1zatok sz\u00e1m\u00e1t. Minden, ami e f\u00f6l\u00f6tt van, a kock\u00e1zatok \u00f6sszegek\u00e9nt jelenik meg, a gy\u00e9m\u00e1nt el\u0151tt.<\/p>\n<\/div>\n<\/div>\n\n\n\n<div class=\"wp-block-columns is-layout-flex wp-container-core-columns-is-layout-9 wp-block-columns-is-layout-flex\">\n<div class=\"wp-block-column is-layout-flow wp-block-column-is-layout-flow\" style=\"flex-basis:33.33%\">\n<p>Ebben a p\u00e9ld\u00e1ban a megjelen\u00edtett kock\u00e1zatok sz\u00e1m\u00e1t 1 \u00e9rt\u00e9kre \u00e1ll\u00edtottuk be. \u00cdgy ha itt egyn\u00e9l t\u00f6bb kock\u00e1zat van hozz\u00e1rendelve a lapk\u00e1hoz, akkor egy \u00f6sszeg k\u00e9pz\u0151dik \u00e9s jelenik meg.<\/p>\n<\/div>\n\n\n\n<div class=\"wp-block-column is-layout-flow wp-block-column-is-layout-flow\" style=\"flex-basis:66.66%\">\n<figure class=\"wp-block-image size-full\"><img loading=\"lazy\" decoding=\"async\" width=\"559\" height=\"615\" src=\"https:\/\/www.leaplytics.de\/wp-content\/uploads\/2022\/07\/grafik-7.png\" alt=\"\" class=\"wp-image-9158\" srcset=\"https:\/\/www.leaplytics.de\/wp-content\/uploads\/2022\/07\/grafik-7.png 559w, https:\/\/www.leaplytics.de\/wp-content\/uploads\/2022\/07\/grafik-7-273x300.png 273w, https:\/\/www.leaplytics.de\/wp-content\/uploads\/2022\/07\/grafik-7-55x60.png 55w\" sizes=\"auto, (max-width: 559px) 100vw, 559px\" \/><\/figure>\n<\/div>\n<\/div>","protected":false},"excerpt":{"rendered":"<p>A kock\u00e1zatok sz\u00f6vegei hossz\u00faak \u00e9s \u00e1tfedik egym\u00e1st a megjelen\u00edt\u00e9sben? \u00d6sszegy\u0171jt\u00f6tt\u00fcnk n\u00e9h\u00e1ny megold\u00e1st az \u00d6n sz\u00e1m\u00e1ra. A karakterek sz\u00e1m\u00e1nak korl\u00e1toz\u00e1sa Lehet\u0151s\u00e9g van tov\u00e1bb\u00e1 a karakterek sz\u00e1m\u00e1nak korl\u00e1toz\u00e1s\u00e1ra egy dimenzi\u00f3ban vagy oszlopban. Ez lehet\u0151v\u00e9 teszi, hogy egyedileg hat\u00e1rozza meg a karakterl\u00e1nc hossz\u00e1t, hogy a kock\u00e1zat ... <\/p>","protected":false},"author":2,"featured_media":0,"parent":0,"menu_order":0,"comment_status":"closed","ping_status":"closed","template":"","meta":{"footnotes":""},"class_list":["post-9141","page","type-page","status-publish","hentry","latest_post"],"_links":{"self":[{"href":"https:\/\/www.leaplytics.de\/hu\/wp-json\/wp\/v2\/pages\/9141","targetHints":{"allow":["GET"]}}],"collection":[{"href":"https:\/\/www.leaplytics.de\/hu\/wp-json\/wp\/v2\/pages"}],"about":[{"href":"https:\/\/www.leaplytics.de\/hu\/wp-json\/wp\/v2\/types\/page"}],"author":[{"embeddable":true,"href":"https:\/\/www.leaplytics.de\/hu\/wp-json\/wp\/v2\/users\/2"}],"replies":[{"embeddable":true,"href":"https:\/\/www.leaplytics.de\/hu\/wp-json\/wp\/v2\/comments?post=9141"}],"version-history":[{"count":0,"href":"https:\/\/www.leaplytics.de\/hu\/wp-json\/wp\/v2\/pages\/9141\/revisions"}],"wp:attachment":[{"href":"https:\/\/www.leaplytics.de\/hu\/wp-json\/wp\/v2\/media?parent=9141"}],"curies":[{"name":"wp","href":"https:\/\/api.w.org\/{rel}","templated":true}]}}