{"id":9171,"date":"2022-07-25T14:37:58","date_gmt":"2022-07-25T12:37:58","guid":{"rendered":"https:\/\/www.leaplytics.de\/?page_id=9171"},"modified":"2025-12-11T17:22:50","modified_gmt":"2025-12-11T16:22:50","slug":"kezdes-kockazati-hoterkep-matrix-power-bi","status":"publish","type":"page","link":"https:\/\/www.leaplytics.de\/hu\/kezdes-kockazati-hoterkep-matrix-power-bi\/","title":{"rendered":"Kezdetben - Kock\u00e1zati m\u00e1trix \/ h\u0151t\u00e9rk\u00e9p"},"content":{"rendered":"<h3 class=\"wp-block-heading\">A leggyorsabb \u00fat a sikerhez<\/h3>\n\n\n\n<p>Ez egyszer\u0171. \u00c9rdekli a kock\u00e1zati m\u00e1trixunk? Itt megosztunk \u00d6nnel mindent, amire sz\u00fcks\u00e9ge van ahhoz, hogy a lehet\u0151 leggyorsabban elkezdhesse. El\u0151sz\u00f6r is megismeri az adatokban szerepl\u0151 k\u00f6vetelm\u00e9nyeket. Ezt k\u00f6veti a Kock\u00e1zati m\u00e1trix \u00f6sszes funkci\u00f3j\u00e1nak \u00e1ttekint\u00e9se r\u00f6vid YouTube-vide\u00f3kkal.<\/p>\n\n\n\n<h3 class=\"wp-block-heading\">Hogyan k\u00e9sz\u00edtse el\u0151 az adatokat<\/h3>\n\n\n\n<div class=\"wp-block-columns is-layout-flex wp-container-core-columns-is-layout-1 wp-block-columns-is-layout-flex\">\n<div class=\"wp-block-column is-layout-flow wp-block-column-is-layout-flow\" style=\"flex-basis:66.66%\">\n<figure class=\"wp-block-image size-large\"><img loading=\"lazy\" decoding=\"async\" width=\"1024\" height=\"434\" src=\"https:\/\/www.leaplytics.de\/wp-content\/uploads\/2022\/07\/grafik-12-1024x434.png\" alt=\"\" class=\"wp-image-9172\" srcset=\"https:\/\/www.leaplytics.de\/wp-content\/uploads\/2022\/07\/grafik-12-1024x434.png 1024w, https:\/\/www.leaplytics.de\/wp-content\/uploads\/2022\/07\/grafik-12-300x127.png 300w, https:\/\/www.leaplytics.de\/wp-content\/uploads\/2022\/07\/grafik-12-768x325.png 768w, https:\/\/www.leaplytics.de\/wp-content\/uploads\/2022\/07\/grafik-12-142x60.png 142w, https:\/\/www.leaplytics.de\/wp-content\/uploads\/2022\/07\/grafik-12.png 1074w\" sizes=\"auto, (max-width: 1024px) 100vw, 1024px\" \/><\/figure>\n<\/div>\n\n\n\n<div class=\"wp-block-column is-layout-flow wp-block-column-is-layout-flow\" style=\"flex-basis:33.33%\">\n<p>Kock\u00e1zati m\u00e1trixunk a k\u00e9t lehets\u00e9ges dimenzi\u00f3hoz eg\u00e9sz sz\u00e1mokat ig\u00e9nyel az 1-t\u0151l 10-ig terjed\u0151 tartom\u00e1nyban.<\/p>\n\n\n\n<p>Ha ez nem \u00edgy van az \u00d6n adatai eset\u00e9ben, akkor l\u00e9trehoztunk egy <a href=\"https:\/\/www.leaplytics.de\/hu\/diszkretizacio-a-kockazati-hoterkep-matrix-teljesitmeny-bi\/\">aloldal a karakterl\u00e1ncok \u00e9s egy\u00e9b numerikus \u00e9rt\u00e9kek \u00e1talak\u00edt\u00e1s\u00e1ra vonatkoz\u00f3 utas\u00edt\u00e1sokkal<\/a>.<\/p>\n\n\n\n<figure class=\"wp-block-embed is-type-wp-embed is-provider-leaplytics wp-block-embed-leaplytics\"><div class=\"wp-block-embed__wrapper\">\n<blockquote class=\"wp-embedded-content\" data-secret=\"7mXanV1i1h\"><a href=\"https:\/\/www.leaplytics.de\/hu\/diszkretizacio-a-kockazati-hoterkep-matrix-teljesitmeny-bi\/\">Diszkretiz\u00e1ci\u00f3 \u00e9s transzform\u00e1ci\u00f3<\/a><\/blockquote><iframe loading=\"lazy\" class=\"wp-embedded-content\" sandbox=\"allow-scripts\" security=\"restricted\" style=\"position: absolute; visibility: hidden;\" title=\"&quot;Diszkretiz\u00e1ci\u00f3 \u00e9s \u00e1talakul\u00e1s&quot; - LeapLytics\" src=\"https:\/\/www.leaplytics.de\/discretization-for-risk-heatmap-matrix-power-bi\/embed\/#?secret=kmJhx9MjAJ#?secret=7mXanV1i1h\" data-secret=\"7mXanV1i1h\" width=\"600\" height=\"338\" frameborder=\"0\" marginwidth=\"0\" marginheight=\"0\" scrolling=\"no\"><\/iframe>\n<\/div><\/figure>\n<\/div>\n<\/div>\n\n\n\n<h3 class=\"wp-block-heading has-text-align-left\">Visual let\u00f6lt\u00e9se<\/h3>\n\n\n\n<figure class=\"wp-block-embed is-type-video is-provider-youtube wp-block-embed-youtube wp-embed-aspect-16-9 wp-has-aspect-ratio\"><div class=\"wp-block-embed__wrapper\">\n<iframe loading=\"lazy\" title=\"Oktat\u00f3anyag let\u00f6lt\u00e9se - LeapLytics kock\u00e1zati m\u00e1trix a Power BI sz\u00e1m\u00e1ra\" width=\"770\" height=\"433\" src=\"https:\/\/www.youtube.com\/embed\/_n9x8k2_gMY?feature=oembed\" frameborder=\"0\" allow=\"accelerometer; autoplay; clipboard-write; encrypted-media; gyroscope; picture-in-picture; web-share\" referrerpolicy=\"strict-origin-when-cross-origin\" allowfullscreen><\/iframe>\n<\/div><figcaption class=\"wp-element-caption\">Ebben a r\u00f6vid vide\u00f3ban megmutatjuk, hogyan t\u00f6ltheti le a Microsoft AppSource-b\u00f3l a vizualiz\u00e1ci\u00f3t a jelent\u00e9sk\u00e9sz\u00edt\u00e9shez.<\/figcaption><\/figure>\n\n\n\n<h3 class=\"wp-block-heading has-text-align-left\">Adatok bet\u00f6lt\u00e9se \u00e9s licenc<\/h3>\n\n\n\n<figure class=\"wp-block-embed aligncenter is-type-video is-provider-youtube wp-block-embed-youtube wp-embed-aspect-16-9 wp-has-aspect-ratio\"><div class=\"wp-block-embed__wrapper\">\n<iframe loading=\"lazy\" title=\"Adatimport\u00e1l\u00e1s \u00e9s licenc aktiv\u00e1l\u00e1sa - LeapLytics Risk Matrix for Power BI\" width=\"770\" height=\"433\" src=\"https:\/\/www.youtube.com\/embed\/nK7rkWzEH74?start=26&#038;feature=oembed\" frameborder=\"0\" allow=\"accelerometer; autoplay; clipboard-write; encrypted-media; gyroscope; picture-in-picture; web-share\" referrerpolicy=\"strict-origin-when-cross-origin\" allowfullscreen><\/iframe>\n<\/div><\/figure>\n\n\n<div class=\"wp-block-image\">\n<figure class=\"aligncenter size-full\"><img loading=\"lazy\" decoding=\"async\" width=\"1024\" height=\"453\" src=\"https:\/\/www.leaplytics.de\/wp-content\/uploads\/2025\/12\/grafik.png\" alt=\"\" class=\"wp-image-14315\" srcset=\"https:\/\/www.leaplytics.de\/wp-content\/uploads\/2025\/12\/grafik.png 1024w, https:\/\/www.leaplytics.de\/wp-content\/uploads\/2025\/12\/grafik-300x133.png 300w, https:\/\/www.leaplytics.de\/wp-content\/uploads\/2025\/12\/grafik-768x340.png 768w, https:\/\/www.leaplytics.de\/wp-content\/uploads\/2025\/12\/grafik-18x8.png 18w, https:\/\/www.leaplytics.de\/wp-content\/uploads\/2025\/12\/grafik-136x60.png 136w\" sizes=\"auto, (max-width: 1024px) 100vw, 1024px\" \/><\/figure><\/div>\n\n\n<div class=\"wp-block-columns is-layout-flex wp-container-core-columns-is-layout-2 wp-block-columns-is-layout-flex\">\n<div class=\"wp-block-column is-layout-flow wp-block-column-is-layout-flow\" style=\"flex-basis:33.33%\">\n<p>Miut\u00e1n el\u0151k\u00e9sz\u00edtette az adatokat, \u00e9s a kock\u00e1zatok kifejez\u00e9s\u00e9t az 1-t\u0151l 10-ig terjed\u0151 \u00e9rt\u00e9ktartom\u00e1nyba konvert\u00e1lta, most m\u00e1r \u00f6sszekapcsolhatja az adatokat a vizualiz\u00e1ci\u00f3val.<\/p>\n\n\n\n<p>Kezdetben h\u00e1rom mez\u0151t kell kit\u00f6lteni:<\/p>\n\n\n\n<ul class=\"wp-block-list\">\n<li>Kock\u00e1zati azonos\u00edt\u00f3 (A kock\u00e1zat jel\u00f6l\u00e9se a m\u00e1trixban)<\/li>\n\n\n\n<li>V\u00edzszintes tengely (A v\u00edzszintes tengelyen \u00e1br\u00e1zoland\u00f3 dimenzi\u00f3)<\/li>\n\n\n\n<li>F\u00fcgg\u0151leges tengely (f\u00fcgg\u0151leges dimenzi\u00f3)<\/li>\n<\/ul>\n\n\n\n<p>Ker\u00fclje a \"Sz\u00e1m\", \"Sz\u00e1m (k\u00fcl\u00f6n\u00e1ll\u00f3)\", \"Standard elt\u00e9r\u00e9s\", \"Sz\u00f3r\u00e1s\" \u00e9s \"Medi\u00e1n\" aggreg\u00e1ci\u00f3kat a tengelyekn\u00e9l, mivel ezek csak egy \u00f6sszes\u00edtett mutat\u00f3sz\u00e1mot gener\u00e1lnak!<\/p>\n<\/div>\n\n\n\n<div class=\"wp-block-column is-layout-flow wp-block-column-is-layout-flow\" style=\"flex-basis:66.66%\"><div class=\"wp-block-image\">\n<figure class=\"aligncenter size-full\"><img loading=\"lazy\" decoding=\"async\" width=\"185\" height=\"529\" src=\"https:\/\/www.leaplytics.de\/wp-content\/uploads\/2022\/08\/grafik-13.png\" alt=\"\" class=\"wp-image-9406\" srcset=\"https:\/\/www.leaplytics.de\/wp-content\/uploads\/2022\/08\/grafik-13.png 185w, https:\/\/www.leaplytics.de\/wp-content\/uploads\/2022\/08\/grafik-13-105x300.png 105w, https:\/\/www.leaplytics.de\/wp-content\/uploads\/2022\/08\/grafik-13-21x60.png 21w\" sizes=\"auto, (max-width: 185px) 100vw, 185px\" \/><\/figure><\/div><\/div>\n<\/div>\n\n\n\n<h4 class=\"wp-block-heading\">Egyedi sz\u00ednek<\/h4>\n\n\n\n<p>Windowson egyszer\u0171en tartsa lenyomva a <strong>ALT<\/strong> billenty\u0171vel, \u00e9s kattintson a bal gombbal egy csemp\u00e9re. Ha ezt megtette, megjelenik a sz\u00ednszerkeszt\u00e9si m\u00f3d.<\/p>\n\n\n\n<figure class=\"wp-block-image size-full\"><img loading=\"lazy\" decoding=\"async\" width=\"383\" height=\"328\" src=\"https:\/\/www.leaplytics.de\/wp-content\/uploads\/2025\/10\/grafik-1.png\" alt=\"\" class=\"wp-image-14039\" srcset=\"https:\/\/www.leaplytics.de\/wp-content\/uploads\/2025\/10\/grafik-1.png 383w, https:\/\/www.leaplytics.de\/wp-content\/uploads\/2025\/10\/grafik-1-300x257.png 300w, https:\/\/www.leaplytics.de\/wp-content\/uploads\/2025\/10\/grafik-1-14x12.png 14w, https:\/\/www.leaplytics.de\/wp-content\/uploads\/2025\/10\/grafik-1-70x60.png 70w\" sizes=\"auto, (max-width: 383px) 100vw, 383px\" \/><\/figure>\n\n\n\n<p> Kattintson a sz\u00ednes t\u00e9glalapra, \u00e9s v\u00e1lassza ki a k\u00edv\u00e1nt sz\u00ednt. A kiv\u00e1laszt\u00e1s ut\u00e1n kattintson a <strong>\"Jelentkezz.\"<\/strong><\/p>\n\n\n\n<div style=\"height:27px\" aria-hidden=\"true\" class=\"wp-block-spacer\"><\/div>\n\n\n\n<h4 class=\"wp-block-heading\">R\u00e1csbe\u00e1ll\u00edt\u00e1sok<\/h4>\n\n\n\n<figure class=\"wp-block-embed is-type-video is-provider-youtube wp-block-embed-youtube wp-embed-aspect-16-9 wp-has-aspect-ratio\"><div class=\"wp-block-embed__wrapper\">\n<iframe loading=\"lazy\" title=\"R\u00e1csbe\u00e1ll\u00edt\u00e1sok - LeapLytics kock\u00e1zati m\u00e1trix a Power BI sz\u00e1m\u00e1ra\" width=\"770\" height=\"433\" src=\"https:\/\/www.youtube.com\/embed\/oqx7gLN2kMs?feature=oembed\" frameborder=\"0\" allow=\"accelerometer; autoplay; clipboard-write; encrypted-media; gyroscope; picture-in-picture; web-share\" referrerpolicy=\"strict-origin-when-cross-origin\" allowfullscreen><\/iframe>\n<\/div><figcaption class=\"wp-element-caption\">Ez a mi oktat\u00f3vide\u00f3nk a r\u00e1csbe\u00e1ll\u00edt\u00e1sok testreszab\u00e1s\u00e1r\u00f3l az \u00d6n ig\u00e9nyeinek megfelel\u0151en.<\/figcaption><\/figure>\n\n\n\n<h4 class=\"wp-block-heading\">Tengelybe\u00e1ll\u00edt\u00e1sok<\/h4>\n\n\n\n<figure class=\"wp-block-embed is-type-video is-provider-youtube wp-block-embed-youtube wp-embed-aspect-16-9 wp-has-aspect-ratio\"><div class=\"wp-block-embed__wrapper\">\n<iframe loading=\"lazy\" title=\"Tengelybe\u00e1ll\u00edt\u00e1sok - LeapLytics kock\u00e1zati m\u00e1trix Power BI sz\u00e1m\u00e1ra\" width=\"770\" height=\"433\" src=\"https:\/\/www.youtube.com\/embed\/0-rcR5c84_k?feature=oembed\" frameborder=\"0\" allow=\"accelerometer; autoplay; clipboard-write; encrypted-media; gyroscope; picture-in-picture; web-share\" referrerpolicy=\"strict-origin-when-cross-origin\" allowfullscreen><\/iframe>\n<\/div><figcaption class=\"wp-element-caption\">Ebben a r\u00f6vid vide\u00f3ban a k\u00fcl\u00f6nb\u00f6z\u0151 tengelybe\u00e1ll\u00edt\u00e1sokat vizsg\u00e1ljuk meg.<\/figcaption><\/figure>\n\n\n\n<div style=\"height:27px\" aria-hidden=\"true\" class=\"wp-block-spacer\"><\/div>\n\n\n\n<h4 class=\"wp-block-heading\">Mutat\u00f3 be\u00e1ll\u00edt\u00e1sok<\/h4>\n\n\n\n<figure class=\"wp-block-embed is-type-video is-provider-youtube wp-block-embed-youtube wp-embed-aspect-16-9 wp-has-aspect-ratio\"><div class=\"wp-block-embed__wrapper\">\n<iframe loading=\"lazy\" title=\"Mutat\u00f3be\u00e1ll\u00edt\u00e1sok - LeapLytics Risk Matrix for Power BI\" width=\"770\" height=\"433\" src=\"https:\/\/www.youtube.com\/embed\/pv5HGyIsiK0?feature=oembed\" frameborder=\"0\" allow=\"accelerometer; autoplay; clipboard-write; encrypted-media; gyroscope; picture-in-picture; web-share\" referrerpolicy=\"strict-origin-when-cross-origin\" allowfullscreen><\/iframe>\n<\/div><figcaption class=\"wp-element-caption\">K\u00edv\u00e1ncsi a k\u00fcl\u00f6nb\u00f6z\u0151 indik\u00e1torbe\u00e1ll\u00edt\u00e1sok lehet\u0151s\u00e9geire? N\u00e9zze meg vide\u00f3nkat, hogy t\u00f6bbet megtudjon.<\/figcaption><\/figure>\n\n\n\n<div style=\"height:27px\" aria-hidden=\"true\" class=\"wp-block-spacer\"><\/div>\n\n\n\n<h4 class=\"wp-block-heading\">Felt\u00e9teles form\u00e1z\u00e1s<\/h4>\n\n\n\n<figure class=\"wp-block-embed is-type-video is-provider-youtube wp-block-embed-youtube wp-embed-aspect-16-9 wp-has-aspect-ratio\"><div class=\"wp-block-embed__wrapper\">\n<iframe loading=\"lazy\" title=\"Mutat\u00f3k felt\u00e9teles form\u00e1z\u00e1sa - LeapLytics kock\u00e1zati m\u00e1trix a Power BI sz\u00e1m\u00e1ra\" width=\"770\" height=\"433\" src=\"https:\/\/www.youtube.com\/embed\/2MNtkeeb6ZI?feature=oembed\" frameborder=\"0\" allow=\"accelerometer; autoplay; clipboard-write; encrypted-media; gyroscope; picture-in-picture; web-share\" referrerpolicy=\"strict-origin-when-cross-origin\" allowfullscreen><\/iframe>\n<\/div><figcaption class=\"wp-element-caption\">Szeretne egy extra dimenzi\u00f3t hozz\u00e1adni a kock\u00e1zati m\u00e1trix\u00e1hoz? Akkor ez a vide\u00f3 csak neked sz\u00f3l!<\/figcaption><\/figure>\n\n\n\n<div style=\"height:27px\" aria-hidden=\"true\" class=\"wp-block-spacer\"><\/div>\n\n\n\n<h4 class=\"wp-block-heading\">Eszk\u00f6zt\u00e1rak<\/h4>\n\n\n\n<figure class=\"wp-block-embed is-type-video is-provider-youtube wp-block-embed-youtube wp-embed-aspect-16-9 wp-has-aspect-ratio\"><div class=\"wp-block-embed__wrapper\">\n<iframe loading=\"lazy\" title=\"Tooltip opci\u00f3 - LeapLytics kock\u00e1zati m\u00e1trix a Power BI sz\u00e1m\u00e1ra\" width=\"770\" height=\"433\" src=\"https:\/\/www.youtube.com\/embed\/HsGGM3QmWuU?feature=oembed\" frameborder=\"0\" allow=\"accelerometer; autoplay; clipboard-write; encrypted-media; gyroscope; picture-in-picture; web-share\" referrerpolicy=\"strict-origin-when-cross-origin\" allowfullscreen><\/iframe>\n<\/div><figcaption class=\"wp-element-caption\">Ebben a vide\u00f3ban megmutatjuk, hogyan haszn\u00e1lhatod mind a standard, mind a v\u00e1szon eszk\u00f6ztoldalakat. Ez t\u00f6bb inform\u00e1ci\u00f3t ny\u00fajt a kock\u00e1zatr\u00f3l az eg\u00e9rrel val\u00f3 \u00e1th\u00faz\u00e1skor.<\/figcaption><\/figure>\n\n\n\n<div style=\"height:27px\" aria-hidden=\"true\" class=\"wp-block-spacer\"><\/div>\n\n\n\n<h4 class=\"wp-block-heading\">\u00c1tf\u00far\u00e1s<\/h4>\n\n\n\n<figure class=\"wp-block-embed is-type-video is-provider-youtube wp-block-embed-youtube wp-embed-aspect-16-9 wp-has-aspect-ratio\"><div class=\"wp-block-embed__wrapper\">\n<iframe loading=\"lazy\" title=\"Drillthrough opci\u00f3 - LeapLytics kock\u00e1zati m\u00e1trix a Power BI sz\u00e1m\u00e1ra\" width=\"770\" height=\"433\" src=\"https:\/\/www.youtube.com\/embed\/0Kp7p_2AuSI?list=PLILJBdWmJP3Jegh_31AsIIaf5Y7mxjq4H\" frameborder=\"0\" allow=\"accelerometer; autoplay; clipboard-write; encrypted-media; gyroscope; picture-in-picture; web-share\" referrerpolicy=\"strict-origin-when-cross-origin\" allowfullscreen><\/iframe>\n<\/div><figcaption class=\"wp-element-caption\">Ha a kock\u00e1zati m\u00e1trixon kereszt\u00fcl szeretne elmer\u00fclni egy adott kock\u00e1zatban, akkor ez az \u00d6n sz\u00e1m\u00e1ra k\u00e9sz\u00fclt.<\/figcaption><\/figure>\n\n\n\n<div style=\"height:27px\" aria-hidden=\"true\" class=\"wp-block-spacer\"><\/div>\n\n\n\n<h4 class=\"wp-block-heading\">El\u0151zm\u00e9nyek vagy eredend\u0151\/visszat\u00e9r\u0151 kock\u00e1zat<\/h4>\n\n\n\n<figure class=\"wp-block-embed is-type-video is-provider-youtube wp-block-embed-youtube wp-embed-aspect-16-9 wp-has-aspect-ratio\"><div class=\"wp-block-embed__wrapper\">\n<iframe loading=\"lazy\" title=\"Kock\u00e1zati el\u0151rehalad\u00e1s - LeapLytics kock\u00e1zati m\u00e1trix Power BI sz\u00e1m\u00e1ra\" width=\"770\" height=\"433\" src=\"https:\/\/www.youtube.com\/embed\/LrpK0XZtXrM?feature=oembed\" frameborder=\"0\" allow=\"accelerometer; autoplay; clipboard-write; encrypted-media; gyroscope; picture-in-picture; web-share\" referrerpolicy=\"strict-origin-when-cross-origin\" allowfullscreen><\/iframe>\n<\/div><figcaption class=\"wp-element-caption\">V\u00e9gre bemutatjuk a kock\u00e1zati m\u00e1trixunk el\u0151zm\u00e9nyfunkci\u00f3j\u00e1t!<\/figcaption><\/figure>\n\n\n\n<div style=\"height:27px\" aria-hidden=\"true\" class=\"wp-block-spacer\"><\/div>\n\n\n\n<p>Most m\u00e1r k\u00e9szen \u00e1ll a Risk Heatmap haszn\u00e1lat\u00e1ra \u00e9s a jelent\u00e9sk\u00e9sz\u00edt\u00e9s jav\u00edt\u00e1s\u00e1ra! Az al\u00e1bbiakban minden tov\u00e1bbi testreszab\u00e1shoz r\u00e9szletesebb utas\u00edt\u00e1sokat adunk:<\/p>\n\n\n\n<figure class=\"wp-block-embed is-type-wp-embed is-provider-leaplytics wp-block-embed-leaplytics\"><div class=\"wp-block-embed__wrapper\">\n<blockquote class=\"wp-embedded-content\" data-secret=\"pgdTKCl3D2\"><a href=\"https:\/\/www.leaplytics.de\/hu\/atfedo-szoveg-a-kockazati-hoterkep-matrix-teljesitmeny-bi\/\">\u00c1tfed\u0151 sz\u00f6veg<\/a><\/blockquote><iframe loading=\"lazy\" class=\"wp-embedded-content\" sandbox=\"allow-scripts\" security=\"restricted\" style=\"position: absolute; visibility: hidden;\" title=\"&quot;\u00c1tfed\u0151 sz\u00f6veg&quot; - LeapLytics\" src=\"https:\/\/www.leaplytics.de\/overlapping-text-for-risk-heatmap-matrix-power-bi\/embed\/#?secret=MOdhCvhh48#?secret=pgdTKCl3D2\" data-secret=\"pgdTKCl3D2\" width=\"600\" height=\"338\" frameborder=\"0\" marginwidth=\"0\" marginheight=\"0\" scrolling=\"no\"><\/iframe>\n<\/div><\/figure>\n\n\n\n<figure class=\"wp-block-embed is-type-wp-embed is-provider-leaplytics wp-block-embed-leaplytics\"><div class=\"wp-block-embed__wrapper\">\n<blockquote class=\"wp-embedded-content\" data-secret=\"K6ho5QUDYx\"><a href=\"https:\/\/www.leaplytics.de\/hu\/hogyan-kell-aktivalni-az-engedelyt-microsoft-power-bi\/\">Hogyan kell: Licenc aktiv\u00e1l\u00e1sa a Microsoft Power BI-ban<\/a><\/blockquote><iframe loading=\"lazy\" class=\"wp-embedded-content\" sandbox=\"allow-scripts\" security=\"restricted\" style=\"position: absolute; visibility: hidden;\" title=\"&quot;Hogyan kell: Licenc aktiv\u00e1l\u00e1sa a Microsoft Power BI-ben&quot; - LeapLytics\" src=\"https:\/\/www.leaplytics.de\/how-to-activate-license-microsoft-power-bi\/embed\/#?secret=7RloTinAc5#?secret=K6ho5QUDYx\" data-secret=\"K6ho5QUDYx\" width=\"600\" height=\"338\" frameborder=\"0\" marginwidth=\"0\" marginheight=\"0\" scrolling=\"no\"><\/iframe>\n<\/div><\/figure>\n\n\n\n<p><\/p>","protected":false},"excerpt":{"rendered":"<p>A leggyorsabb \u00fat a sikerhez Egyszer\u0171. \u00c9rdekli a kock\u00e1zati m\u00e1trixunk? Itt megosztunk \u00d6nnel mindent, amire sz\u00fcks\u00e9ge van ahhoz, hogy a lehet\u0151 leggyorsabban elkezdhesse. El\u0151sz\u00f6r is megismeri az adatokban szerepl\u0151 k\u00f6vetelm\u00e9nyeket. Ezt k\u00f6veti a Kock\u00e1zati m\u00e1trix \u00f6sszes funkci\u00f3j\u00e1nak \u00e1ttekint\u00e9se r\u00f6vid YouTube ... <\/p>","protected":false},"author":2,"featured_media":0,"parent":0,"menu_order":0,"comment_status":"closed","ping_status":"closed","template":"","meta":{"footnotes":""},"class_list":["post-9171","page","type-page","status-publish","hentry","latest_post"],"_links":{"self":[{"href":"https:\/\/www.leaplytics.de\/hu\/wp-json\/wp\/v2\/pages\/9171","targetHints":{"allow":["GET"]}}],"collection":[{"href":"https:\/\/www.leaplytics.de\/hu\/wp-json\/wp\/v2\/pages"}],"about":[{"href":"https:\/\/www.leaplytics.de\/hu\/wp-json\/wp\/v2\/types\/page"}],"author":[{"embeddable":true,"href":"https:\/\/www.leaplytics.de\/hu\/wp-json\/wp\/v2\/users\/2"}],"replies":[{"embeddable":true,"href":"https:\/\/www.leaplytics.de\/hu\/wp-json\/wp\/v2\/comments?post=9171"}],"version-history":[{"count":33,"href":"https:\/\/www.leaplytics.de\/hu\/wp-json\/wp\/v2\/pages\/9171\/revisions"}],"predecessor-version":[{"id":14317,"href":"https:\/\/www.leaplytics.de\/hu\/wp-json\/wp\/v2\/pages\/9171\/revisions\/14317"}],"wp:attachment":[{"href":"https:\/\/www.leaplytics.de\/hu\/wp-json\/wp\/v2\/media?parent=9171"}],"curies":[{"name":"wp","href":"https:\/\/api.w.org\/{rel}","templated":true}]}}