{"id":9298,"date":"2022-08-01T18:12:55","date_gmt":"2022-08-01T16:12:55","guid":{"rendered":"https:\/\/www.leaplytics.de\/?page_id=9298"},"modified":"2024-10-29T10:26:15","modified_gmt":"2024-10-29T09:26:15","slug":"kezdjuk-el-a-kozlekedesi-lampak-teljesitmenyet-bi","status":"publish","type":"page","link":"https:\/\/www.leaplytics.de\/hu\/kezdjuk-el-a-kozlekedesi-lampak-teljesitmenyet-bi\/","title":{"rendered":"Kezd\u0151 l\u00e9p\u00e9sek - Traffic Light"},"content":{"rendered":"<p>Most ismerkedett meg a Power BI k\u00f6zleked\u00e9si l\u00e1mp\u00e1s vizualit\u00e1s\u00e1val, \u00e9s k\u00edv\u00e1ncsi a k\u00f6vetkez\u0151 l\u00e9p\u00e9sekre?<\/p>\n\n\n\n<p>Akkor a legjobb helyen j\u00e1rsz! L\u00e9p\u00e9sr\u0151l l\u00e9p\u00e9sre bemutat\u00f3 \u00fatmutat\u00f3nkban, amelyet vide\u00f3 oktat\u00f3vide\u00f3ink is t\u00e1mogatnak, v\u00e9gigvezet\u00fcnk a vizu\u00e1lis eszk\u00f6z\u00fcnk be\u00e1ll\u00edt\u00e1s\u00e1n \u00e9s testreszab\u00e1s\u00e1n.<\/p>\n\n\n\n<div style=\"height:40px\" aria-hidden=\"true\" class=\"wp-block-spacer\"><\/div>\n\n\n\n<h3 class=\"wp-block-heading\">1. T\u00f6ltse le a vizu\u00e1lis<\/h3>\n\n\n\n<figure class=\"wp-block-embed is-type-video is-provider-youtube wp-block-embed-youtube wp-embed-aspect-16-9 wp-has-aspect-ratio\"><div class=\"wp-block-embed__wrapper\">\n<iframe loading=\"lazy\" title=\"Let\u00f6lt\u00e9s oktat\u00f3anyag - LeapLytics Traffic Light a Power BI sz\u00e1m\u00e1ra\" width=\"770\" height=\"433\" src=\"https:\/\/www.youtube.com\/embed\/_u8gc4RcyO0?feature=oembed\" frameborder=\"0\" allow=\"accelerometer; autoplay; clipboard-write; encrypted-media; gyroscope; picture-in-picture; web-share\" referrerpolicy=\"strict-origin-when-cross-origin\" allowfullscreen><\/iframe>\n<\/div><figcaption class=\"wp-element-caption\">Az els\u0151 l\u00e9p\u00e9s term\u00e9szetesen a Traffic Light l\u00e1tv\u00e1nyterv let\u00f6lt\u00e9se a Microsoft AppSource-b\u00f3l. Vide\u00f3nkban 1 percben elmagyar\u00e1zzuk a teljes let\u00f6lt\u00e9si folyamatot.<\/figcaption><\/figure>\n\n\n\n<div style=\"height:40px\" aria-hidden=\"true\" class=\"wp-block-spacer\"><\/div>\n\n\n\n<h3 class=\"wp-block-heading\">2. K\u00e9sz\u00edtse el\u0151 az adatokat<\/h3>\n\n\n\n<div class=\"wp-block-columns is-layout-flex wp-container-core-columns-is-layout-1 wp-block-columns-is-layout-flex\">\n<div class=\"wp-block-column is-layout-flow wp-block-column-is-layout-flow\"><div class=\"wp-block-image\">\n<figure class=\"alignleft size-full is-resized\"><img loading=\"lazy\" decoding=\"async\" width=\"2285\" height=\"1538\" src=\"https:\/\/www.leaplytics.de\/wp-content\/uploads\/2024\/08\/data-preparation.png\" alt=\"\" class=\"wp-image-13550\" style=\"width:389px;height:auto\" srcset=\"https:\/\/www.leaplytics.de\/wp-content\/uploads\/2024\/08\/data-preparation.png 2285w, https:\/\/www.leaplytics.de\/wp-content\/uploads\/2024\/08\/data-preparation-300x202.png 300w, https:\/\/www.leaplytics.de\/wp-content\/uploads\/2024\/08\/data-preparation-1024x689.png 1024w, https:\/\/www.leaplytics.de\/wp-content\/uploads\/2024\/08\/data-preparation-768x517.png 768w, https:\/\/www.leaplytics.de\/wp-content\/uploads\/2024\/08\/data-preparation-1536x1034.png 1536w, https:\/\/www.leaplytics.de\/wp-content\/uploads\/2024\/08\/data-preparation-2048x1378.png 2048w, https:\/\/www.leaplytics.de\/wp-content\/uploads\/2024\/08\/data-preparation-89x60.png 89w\" sizes=\"auto, (max-width: 2285px) 100vw, 2285px\" \/><\/figure><\/div><\/div>\n\n\n\n<div class=\"wp-block-column is-layout-flow wp-block-column-is-layout-flow\">\n<p>A k\u00f6zleked\u00e9si l\u00e1mp\u00e1nk numerikus, sz\u00e1zal\u00e9kos vagy id\u0151\u00e9rt\u00e9keket (pl. d\u00e1tum) ig\u00e9nyel az egyes f\u00e9nysz\u00ednek tartom\u00e1nyainak be\u00e1ll\u00edt\u00e1s\u00e1hoz.<\/p>\n\n\n\n<p>Gy\u0151z\u0151dj\u00f6n meg r\u00f3la, hogy a k\u00edv\u00e1nt adatokat a t\u00e1mogatott adatform\u00e1tumok egyik\u00e9hez igaz\u00edtja.<\/p>\n<\/div>\n<\/div>\n\n\n\n<div style=\"height:40px\" aria-hidden=\"true\" class=\"wp-block-spacer\"><\/div>\n\n\n\n<h3 class=\"wp-block-heading\">3. Adat- \u00e9s licencimport<\/h3>\n\n\n\n<figure class=\"wp-block-embed is-type-video is-provider-youtube wp-block-embed-youtube wp-embed-aspect-16-9 wp-has-aspect-ratio\"><div class=\"wp-block-embed__wrapper\">\n<iframe loading=\"lazy\" title=\"Adatimport \u00e9s licencaktiv\u00e1l\u00e1s - LeapLytics Traffic Light for Power BI\" width=\"770\" height=\"433\" src=\"https:\/\/www.youtube.com\/embed\/S1HhF9H03K0?feature=oembed\" frameborder=\"0\" allow=\"accelerometer; autoplay; clipboard-write; encrypted-media; gyroscope; picture-in-picture; web-share\" referrerpolicy=\"strict-origin-when-cross-origin\" allowfullscreen><\/iframe>\n<\/div><figcaption class=\"wp-element-caption\">Miut\u00e1n el\u0151k\u00e9sz\u00edtett\u00fck az adatainkat, itt az ideje, hogy import\u00e1ljuk azokat a Power BI-be. Ebben a vide\u00f3ban seg\u00edt\u00fcnk az adatok import\u00e1l\u00e1s\u00e1ban \u00e9s a licenck\u00f3d aktiv\u00e1l\u00e1s\u00e1ban.<\/figcaption><\/figure>\n\n\n<div class=\"wp-block-image\">\n<figure class=\"alignleft size-full is-resized\"><img loading=\"lazy\" decoding=\"async\" width=\"964\" height=\"1875\" src=\"https:\/\/www.leaplytics.de\/wp-content\/uploads\/2024\/08\/datalicense.png\" alt=\"\" class=\"wp-image-13551\" style=\"width:204px;height:auto\" srcset=\"https:\/\/www.leaplytics.de\/wp-content\/uploads\/2024\/08\/datalicense.png 964w, https:\/\/www.leaplytics.de\/wp-content\/uploads\/2024\/08\/datalicense-154x300.png 154w, https:\/\/www.leaplytics.de\/wp-content\/uploads\/2024\/08\/datalicense-526x1024.png 526w, https:\/\/www.leaplytics.de\/wp-content\/uploads\/2024\/08\/datalicense-768x1494.png 768w, https:\/\/www.leaplytics.de\/wp-content\/uploads\/2024\/08\/datalicense-790x1536.png 790w, https:\/\/www.leaplytics.de\/wp-content\/uploads\/2024\/08\/datalicense-31x60.png 31w\" sizes=\"auto, (max-width: 964px) 100vw, 964px\" \/><\/figure><\/div>\n\n\n<p>Az adatok import\u00e1l\u00e1s\u00e1hoz kattintson az adatt\u00e1bl\u00e1n az \"Adatok lek\u00e9rdez\u00e9se\" gombra, \u00e9s v\u00e1lassza ki a megfelel\u0151 adatforr\u00e1st, p\u00e9ld\u00e1ul egy Excel-munkaf\u00fczetet.<\/p>\n\n\n\n<p><\/p>\n\n\n\n<p>A k\u00f6vetkez\u0151 l\u00e9p\u00e9sben v\u00e1lassza ki a vizu\u00e1lis elemet a vizu\u00e1lis elemek list\u00e1j\u00e1b\u00f3l, hogy hozz\u00e1adja a Power BI jelent\u00e9shez. Most kattintson a \"Vizu\u00e1lis elem form\u00e1z\u00e1sa\" men\u00fcpontra a vizualiz\u00e1ci\u00f3k alatt, \u00e9s v\u00e1lassza a \"licenc\" r\u00e9szt.<\/p>\n\n\n\n<p>Itt egyszer\u0171en beillesztheti a licenck\u00f3dot a CTRL + V billenty\u0171kombin\u00e1ci\u00f3val.<\/p>\n\n\n\n<div style=\"height:40px\" aria-hidden=\"true\" class=\"wp-block-spacer\"><\/div>\n\n\n\n<h3 class=\"wp-block-heading\">4. Vizu\u00e1lis be\u00e1ll\u00edt\u00e1s<\/h3>\n\n\n\n<figure class=\"wp-block-embed is-type-video is-provider-youtube wp-block-embed-youtube wp-embed-aspect-16-9 wp-has-aspect-ratio\"><div class=\"wp-block-embed__wrapper\">\n<iframe loading=\"lazy\" title=\"Vizu\u00e1lis be\u00e1ll\u00edt\u00e1s - LeapLytics Traffic Light a Power BI sz\u00e1m\u00e1ra\" width=\"770\" height=\"433\" src=\"https:\/\/www.youtube.com\/embed\/rY4INTDBFAA?feature=oembed\" frameborder=\"0\" allow=\"accelerometer; autoplay; clipboard-write; encrypted-media; gyroscope; picture-in-picture; web-share\" referrerpolicy=\"strict-origin-when-cross-origin\" allowfullscreen><\/iframe>\n<\/div><figcaption class=\"wp-element-caption\">Ezut\u00e1n hozz\u00e1 kell adnunk az adatainkat a l\u00e1tv\u00e1nytervhez. Itt l\u00e9p\u00e9sr\u0151l l\u00e9p\u00e9sre megmutatjuk, hogyan adjuk hozz\u00e1 az adatokat a vizu\u00e1lis megjelen\u00edt\u00e9shez, \u00e9s hogyan hat\u00e1rozzuk meg az adattartom\u00e1nyokat ennek megfelel\u0151en.<\/figcaption><\/figure>\n\n\n\n<div class=\"wp-block-columns is-layout-flex wp-container-core-columns-is-layout-2 wp-block-columns-is-layout-flex\">\n<div class=\"wp-block-column is-layout-flow wp-block-column-is-layout-flow\" style=\"flex-basis:33.33%\"><div class=\"wp-block-image\">\n<figure class=\"alignleft size-full is-resized\"><img loading=\"lazy\" decoding=\"async\" width=\"1019\" height=\"1675\" src=\"https:\/\/www.leaplytics.de\/wp-content\/uploads\/2024\/08\/measure.png\" alt=\"\" class=\"wp-image-13554\" style=\"width:204px;height:auto\" srcset=\"https:\/\/www.leaplytics.de\/wp-content\/uploads\/2024\/08\/measure.png 1019w, https:\/\/www.leaplytics.de\/wp-content\/uploads\/2024\/08\/measure-183x300.png 183w, https:\/\/www.leaplytics.de\/wp-content\/uploads\/2024\/08\/measure-623x1024.png 623w, https:\/\/www.leaplytics.de\/wp-content\/uploads\/2024\/08\/measure-768x1262.png 768w, https:\/\/www.leaplytics.de\/wp-content\/uploads\/2024\/08\/measure-934x1536.png 934w, https:\/\/www.leaplytics.de\/wp-content\/uploads\/2024\/08\/measure-37x60.png 37w\" sizes=\"auto, (max-width: 1019px) 100vw, 1019px\" \/><\/figure><\/div><\/div>\n\n\n\n<div class=\"wp-block-column is-layout-flow wp-block-column-is-layout-flow\" style=\"flex-basis:66.66%\">\n<p>V\u00e1lassza ki az \u00d6nt \u00e9rdekl\u0151 m\u00e9r\u0151sz\u00e1mot az \"Adatok\" r\u00e9szb\u0151l, kattintva r\u00e1, vagy h\u00fazza a vizu\u00e1lis \"M\u00e9r\u0151sz\u00e1m\"-mez\u0151re.<\/p>\n\n\n\n<p><strong>V\u00e1laszthat\u00f3: <\/strong>A leg\u00f6rd\u00fcl\u0151 men\u00fcpontra kattintva kiv\u00e1laszthatja az ig\u00e9nyeinek megfelel\u0151 aggreg\u00e1ci\u00f3t (\u00f6sszeg, \u00e1tlag stb.).<\/p>\n\n\n\n<p>Az id\u0151form\u00e1tumok haszn\u00e1latakor biztos\u00edtani kell, hogy a form\u00e1tum a kiv\u00e1lasztott int\u00e9zked\u00e9s form\u00e1tum\u00e1nak megfelel\u0151en legyen be\u00e1ll\u00edtva.<\/p>\n<\/div>\n<\/div>\n\n\n\n<div style=\"height:40px\" aria-hidden=\"true\" class=\"wp-block-spacer\"><\/div>\n\n\n\n<h3 class=\"wp-block-heading\">5. Tartom\u00e1nyok be\u00e1ll\u00edt\u00e1sa<\/h3>\n\n\n<div class=\"wp-block-image\">\n<figure class=\"alignleft size-full\"><img loading=\"lazy\" decoding=\"async\" width=\"185\" height=\"377\" src=\"https:\/\/www.leaplytics.de\/wp-content\/uploads\/2024\/08\/ranges.png\" alt=\"\" class=\"wp-image-13553\" srcset=\"https:\/\/www.leaplytics.de\/wp-content\/uploads\/2024\/08\/ranges.png 185w, https:\/\/www.leaplytics.de\/wp-content\/uploads\/2024\/08\/ranges-147x300.png 147w, https:\/\/www.leaplytics.de\/wp-content\/uploads\/2024\/08\/ranges-29x60.png 29w\" sizes=\"auto, (max-width: 185px) 100vw, 185px\" \/><\/figure><\/div>\n\n\n<p>Ezut\u00e1n ahhoz, hogy a \"Traffic Light\" vizu\u00e1lis megjelen\u00edt\u00e9s megfelel\u0151en m\u0171k\u00f6dj\u00f6n, meg kell hat\u00e1roznia a f\u00e9nysz\u00ednek megjelen\u00edt\u00e9s\u00e9nek tartom\u00e1nyait. A \"Formt your visual\" r\u00e9sz \"Ranges\" (Tartom\u00e1nyok) r\u00e9sz\u00e9ben meghat\u00e1rozhatja a megfelel\u0151 sz\u00ednhez tartoz\u00f3 minim\u00e1lis \u00e9s maxim\u00e1lis \u00e9rt\u00e9keket*.<\/p>\n\n\n\n<p>Ha egy d\u00e1tum vagy intervallum m\u00e9r\u00e9s van kiv\u00e1lasztva a m\u00e9r\u00e9s szakaszban, akkor az id\u0151form\u00e1tum szakaszban a tartom\u00e1nyokat a kiv\u00e1lasztott id\u0151form\u00e1tumnak megfelel\u0151en kell meghat\u00e1rozni.<\/p>\n\n\n\n<p><em>*A S\u00e1rga minimum \u00e9s s\u00e1rga maximum ki van kapcsolva, ha a \"K\u00e9tl\u00e1mp\u00e1s rendszer\" van kiv\u00e1lasztva.<\/em><\/p>\n\n\n\n<div style=\"height:40px\" aria-hidden=\"true\" class=\"wp-block-spacer\"><\/div>\n\n\n\n<h3 class=\"wp-block-heading\">6. Testreszabhatja kedvenc diz\u00e1jnj\u00e1t<\/h3>\n\n\n\n<figure class=\"wp-block-embed is-type-video is-provider-youtube wp-block-embed-youtube wp-embed-aspect-16-9 wp-has-aspect-ratio\"><div class=\"wp-block-embed__wrapper\">\n<iframe loading=\"lazy\" title=\"Egy\u00e9ni tervez\u00e9si be\u00e1ll\u00edt\u00e1sok - LeapLytics Traffic Light for Power BI\" width=\"770\" height=\"433\" src=\"https:\/\/www.youtube.com\/embed\/GpFtfzbQ_OE?feature=oembed\" frameborder=\"0\" allow=\"accelerometer; autoplay; clipboard-write; encrypted-media; gyroscope; picture-in-picture; web-share\" referrerpolicy=\"strict-origin-when-cross-origin\" allowfullscreen><\/iframe>\n<\/div><figcaption class=\"wp-element-caption\">Vizu\u00e1lis megjelen\u00edt\u00e9s\u00fcnk a testreszab\u00e1si lehet\u0151s\u00e9gek sz\u00e9les sk\u00e1l\u00e1j\u00e1t k\u00edn\u00e1lja \u00d6nnek. N\u00e9zze meg fenti vide\u00f3s oktat\u00f3vide\u00f3nkat, hogy megtudja, hogyan szabhatja testre a Traffic Lightot egy\u00e9ni preferenci\u00e1i szerint.<\/figcaption><\/figure>\n\n\n<div class=\"wp-block-image\">\n<figure class=\"alignleft size-full is-resized\"><img loading=\"lazy\" decoding=\"async\" width=\"538\" height=\"1697\" src=\"https:\/\/www.leaplytics.de\/wp-content\/uploads\/2024\/08\/formats.png\" alt=\"\" class=\"wp-image-13552\" style=\"width:198px;height:auto\" srcset=\"https:\/\/www.leaplytics.de\/wp-content\/uploads\/2024\/08\/formats.png 538w, https:\/\/www.leaplytics.de\/wp-content\/uploads\/2024\/08\/formats-95x300.png 95w, https:\/\/www.leaplytics.de\/wp-content\/uploads\/2024\/08\/formats-325x1024.png 325w, https:\/\/www.leaplytics.de\/wp-content\/uploads\/2024\/08\/formats-487x1536.png 487w, https:\/\/www.leaplytics.de\/wp-content\/uploads\/2024\/08\/formats-19x60.png 19w\" sizes=\"auto, (max-width: 538px) 100vw, 538px\" \/><\/figure><\/div>\n\n\n<p>Az utols\u00f3 l\u00e9p\u00e9sben a vizu\u00e1lis megjelen\u00edt\u00e9st egy\u00e9ni diz\u00e1jnra szabhatjuk. Ha a vizualiz\u00e1ci\u00f3k alatt a \"Vizu\u00e1lis megjelen\u00edt\u00e9s form\u00e1z\u00e1sa\" men\u00fcpontra kattintunk, a k\u00f6vetkez\u0151 panel jelenik meg.<\/p>\n\n\n\n<p>Itt az \u00f6sszes form\u00e1z\u00e1si lehet\u0151s\u00e9get adapt\u00e1lhatja a kedvenc diz\u00e1jnj\u00e1nak kiv\u00e1laszt\u00e1s\u00e1val. <\/p>\n\n\n\n<p>Az egyes form\u00e1z\u00e1si lehet\u0151s\u00e9gekre vonatkoz\u00f3 utas\u00edt\u00e1sokat a fenti vide\u00f3s bemutat\u00f3ban tal\u00e1lja.<\/p>\n\n\n\n<div style=\"height:40px\" aria-hidden=\"true\" class=\"wp-block-spacer\"><\/div>\n\n\n\n<p>T\u00f6k\u00e9letes, most m\u00e1r k\u00e9szen \u00e1ll a Traffic Light haszn\u00e1lat\u00e1ra \u00e9s a jelent\u00e9sk\u00e9sz\u00edt\u00e9s jav\u00edt\u00e1s\u00e1ra!<\/p>\n\n\n\n<div style=\"height:40px\" aria-hidden=\"true\" class=\"wp-block-spacer\"><\/div>\n\n\n\n<div class=\"wp-block-buttons is-layout-flex wp-block-buttons-is-layout-flex\">\n<div class=\"wp-block-button\"><a class=\"wp-block-button__link has-background wp-element-button\" href=\"https:\/\/www.leaplytics.de\/hu\/cimoldal\/projektmenedzsment-egyedi-latvanyterv-microsoft-powerbi\/kockazati-hoterkep-egyeni-vizualis-a-power-bi-szamara\/\" style=\"background-color:#44546a\">Szeretn\u00e9 m\u00e9g magasabb szintre emelni a jelent\u00e9st\u00e9telt? Tekintse meg a Power BI-hoz k\u00e9sz\u00fclt kock\u00e1zati m\u00e1trixunkat!<\/a><\/div>\n<\/div>","protected":false},"excerpt":{"rendered":"<p>Most ismerkedett meg a Power BI k\u00f6zleked\u00e9si l\u00e1mp\u00e1s vizualit\u00e1s\u00e1val, \u00e9s k\u00edv\u00e1ncsi a k\u00f6vetkez\u0151 l\u00e9p\u00e9sekre? Akkor a legjobb helyen j\u00e1rsz! L\u00e9p\u00e9sr\u0151l l\u00e9p\u00e9sre bemutat\u00f3 \u00fatmutat\u00f3nkban, amelyet vide\u00f3 oktat\u00f3vide\u00f3ink is t\u00e1mogatnak, v\u00e9gigvezet\u00fcnk a vizu\u00e1lis elem be\u00e1ll\u00edt\u00e1s\u00e1n \u00e9s testreszab\u00e1s\u00e1n. 1. T\u00f6ltse le a vizu\u00e1lis elemet 2. K\u00e9sz\u00edtse el\u0151 ... <\/p>","protected":false},"author":2,"featured_media":0,"parent":0,"menu_order":0,"comment_status":"closed","ping_status":"closed","template":"","meta":{"footnotes":""},"class_list":["post-9298","page","type-page","status-publish","hentry","latest_post"],"_links":{"self":[{"href":"https:\/\/www.leaplytics.de\/hu\/wp-json\/wp\/v2\/pages\/9298","targetHints":{"allow":["GET"]}}],"collection":[{"href":"https:\/\/www.leaplytics.de\/hu\/wp-json\/wp\/v2\/pages"}],"about":[{"href":"https:\/\/www.leaplytics.de\/hu\/wp-json\/wp\/v2\/types\/page"}],"author":[{"embeddable":true,"href":"https:\/\/www.leaplytics.de\/hu\/wp-json\/wp\/v2\/users\/2"}],"replies":[{"embeddable":true,"href":"https:\/\/www.leaplytics.de\/hu\/wp-json\/wp\/v2\/comments?post=9298"}],"version-history":[{"count":11,"href":"https:\/\/www.leaplytics.de\/hu\/wp-json\/wp\/v2\/pages\/9298\/revisions"}],"predecessor-version":[{"id":13635,"href":"https:\/\/www.leaplytics.de\/hu\/wp-json\/wp\/v2\/pages\/9298\/revisions\/13635"}],"wp:attachment":[{"href":"https:\/\/www.leaplytics.de\/hu\/wp-json\/wp\/v2\/media?parent=9298"}],"curies":[{"name":"wp","href":"https:\/\/api.w.org\/{rel}","templated":true}]}}