{"id":9336,"date":"2022-08-01T20:19:06","date_gmt":"2022-08-01T18:19:06","guid":{"rendered":"https:\/\/www.leaplytics.de\/?page_id=9336"},"modified":"2022-08-01T20:19:06","modified_gmt":"2022-08-01T18:19:06","slug":"formatum-opciok-kozlekedesi-lampa-teljesitmeny-bi","status":"publish","type":"page","link":"https:\/\/www.leaplytics.de\/hu\/formatum-opciok-kozlekedesi-lampa-teljesitmeny-bi\/","title":{"rendered":"Form\u00e1tumv\u00e1laszt\u00e1si lehet\u0151s\u00e9gek - K\u00f6zleked\u00e9si l\u00e1mpa"},"content":{"rendered":"<h3 class=\"wp-block-heading\">1. Id\u0151 form\u00e1tum<\/h3>\n\n\n<div class=\"wp-block-image\">\n<figure class=\"alignleft size-full\"><img loading=\"lazy\" decoding=\"async\" width=\"197\" height=\"238\" src=\"https:\/\/www.leaplytics.de\/wp-content\/uploads\/2022\/08\/grafik-7.png\" alt=\"\" class=\"wp-image-9337\" srcset=\"https:\/\/www.leaplytics.de\/wp-content\/uploads\/2022\/08\/grafik-7.png 197w, https:\/\/www.leaplytics.de\/wp-content\/uploads\/2022\/08\/grafik-7-50x60.png 50w\" sizes=\"auto, (max-width: 197px) 100vw, 197px\" \/><\/figure><\/div>\n\n\n<p>Az \"Id\u0151form\u00e1tum\" szakasz egy opcion\u00e1lis szakasz. Ebben a szakaszban kiv\u00e1laszthatja az id\u0151- vagy intervallumform\u00e1tumot, amely a tartom\u00e1nyok \u00e9s a kimeneti sz\u00f6veg kisz\u00e1m\u00edt\u00e1s\u00e1hoz haszn\u00e1latos a k\u00f6zleked\u00e9si l\u00e1mpa szimb\u00f3lum mellett. K\u00e9rj\u00fck, \u00fcgyeljen arra, hogy az id\u0151form\u00e1tumot a tartom\u00e1ny beviteli mez\u0151inek megfelel\u0151en v\u00e1lassza ki.<\/p>\n\n\n\n<div style=\"height:16px\" aria-hidden=\"true\" class=\"wp-block-spacer\"><\/div>\n\n\n\n<h3 class=\"wp-block-heading\">2. F\u00e9nyrendszer<\/h3>\n\n\n<div class=\"wp-block-image\">\n<figure class=\"alignleft size-full\"><img loading=\"lazy\" decoding=\"async\" width=\"199\" height=\"187\" src=\"https:\/\/www.leaplytics.de\/wp-content\/uploads\/2022\/08\/grafik-8.png\" alt=\"\" class=\"wp-image-9338\" srcset=\"https:\/\/www.leaplytics.de\/wp-content\/uploads\/2022\/08\/grafik-8.png 199w, https:\/\/www.leaplytics.de\/wp-content\/uploads\/2022\/08\/grafik-8-64x60.png 64w\" sizes=\"auto, (max-width: 199px) 100vw, 199px\" \/><\/figure><\/div>\n\n\n<p>A \"F\u00e9nyrendszer\" r\u00e9szben v\u00e1laszthat egy-, k\u00e9t- \u00e9s h\u00e1romf\u00e9nyes rendszer k\u00f6z\u00fcl.<\/p>\n\n\n\n<p><strong>H\u00e1romf\u00e9nyes rendszer:<\/strong> A z\u00f6ld, a s\u00e1rga \u00e9s a piros egy-egy saj\u00e1t k\u00f6rrel rendelkezik.<\/p>\n\n\n\n<p><strong>K\u00e9tf\u00e9nyes rendszer:<\/strong> A z\u00f6ldnek \u00e9s a pirosnak is van egy-egy saj\u00e1t k\u00f6re. A s\u00e1rga f\u00e9ny nem t\u00e1mogatott.<\/p>\n\n\n\n<p><strong>Egyf\u00e9ny\u0171 rendszer:<\/strong> A z\u00f6ld, a s\u00e1rga \u00e9s a piros ugyanolyan k\u00f6r.<\/p>\n\n\n\n<div style=\"height:0px\" aria-hidden=\"true\" class=\"wp-block-spacer\"><\/div>\n\n\n\n<h3 class=\"wp-block-heading\">3. Igaz\u00edt\u00e1s<\/h3>\n\n\n<div class=\"wp-block-image\">\n<figure class=\"alignleft size-full\"><img loading=\"lazy\" decoding=\"async\" width=\"198\" height=\"167\" src=\"https:\/\/www.leaplytics.de\/wp-content\/uploads\/2022\/08\/grafik-9.png\" alt=\"\" class=\"wp-image-9339\" srcset=\"https:\/\/www.leaplytics.de\/wp-content\/uploads\/2022\/08\/grafik-9.png 198w, https:\/\/www.leaplytics.de\/wp-content\/uploads\/2022\/08\/grafik-9-71x60.png 71w\" sizes=\"auto, (max-width: 198px) 100vw, 198px\" \/><\/figure><\/div>\n\n\n<p>Az \"Igaz\u00edt\u00e1s\" szakaszban v\u00e1laszthat a f\u00fcgg\u0151leges \u00e9s v\u00edzszintes igaz\u00edt\u00e1s k\u00f6z\u00f6tt a k\u00f6zleked\u00e9si l\u00e1mp\u00e1k vizu\u00e1lis megjelen\u00edt\u00e9s\u00e9hez. Az \u00f6sszes megl\u00e9v\u0151 be\u00e1ll\u00edt\u00e1s el\u00e9rhet\u0151 mindk\u00e9t igaz\u00edt\u00e1shoz.<\/p>\n\n\n\n<div style=\"height:0px\" aria-hidden=\"true\" class=\"wp-block-spacer\"><\/div>\n\n\n\n<h3 class=\"wp-block-heading\">4. Hat\u00e1r be\u00e1ll\u00edt\u00e1sok<\/h3>\n\n\n<div class=\"wp-block-image\">\n<figure class=\"alignleft size-full\"><img loading=\"lazy\" decoding=\"async\" width=\"198\" height=\"211\" src=\"https:\/\/www.leaplytics.de\/wp-content\/uploads\/2022\/08\/grafik-10.png\" alt=\"\" class=\"wp-image-9344\" srcset=\"https:\/\/www.leaplytics.de\/wp-content\/uploads\/2022\/08\/grafik-10.png 198w, https:\/\/www.leaplytics.de\/wp-content\/uploads\/2022\/08\/grafik-10-56x60.png 56w\" sizes=\"auto, (max-width: 198px) 100vw, 198px\" \/><\/figure><\/div>\n\n\n<p>A \"Hat\u00e1rbe\u00e1ll\u00edt\u00e1sok\" r\u00e9szben m\u00f3dos\u00edthatja a k\u00fcls\u0151 k\u00f6zleked\u00e9si l\u00e1mp\u00e1k keret\u00e9nek l\u00e1that\u00f3s\u00e1g\u00e1t, valamint a bels\u0151 f\u00e9ny\u00e1rnyalatokat.<\/p>\n\n\n\n<div style=\"height:0px\" aria-hidden=\"true\" class=\"wp-block-spacer\"><\/div>\n\n\n\n<h3 class=\"wp-block-heading\">5. Sz\u00f6vegbe\u00e1ll\u00edt\u00e1sok<\/h3>\n\n\n<div class=\"wp-block-image\">\n<figure class=\"alignleft size-full\"><img loading=\"lazy\" decoding=\"async\" width=\"196\" height=\"403\" src=\"https:\/\/www.leaplytics.de\/wp-content\/uploads\/2022\/08\/grafik-11.png\" alt=\"\" class=\"wp-image-9346\" srcset=\"https:\/\/www.leaplytics.de\/wp-content\/uploads\/2022\/08\/grafik-11.png 196w, https:\/\/www.leaplytics.de\/wp-content\/uploads\/2022\/08\/grafik-11-146x300.png 146w, https:\/\/www.leaplytics.de\/wp-content\/uploads\/2022\/08\/grafik-11-29x60.png 29w\" sizes=\"auto, (max-width: 196px) 100vw, 196px\" \/><\/figure><\/div>\n\n\n<p>Ez a k\u00f6zleked\u00e9si l\u00e1mpa vizu\u00e1lisan a sz\u00f6vegbe\u00e1ll\u00edt\u00e1sok sz\u00e9les sk\u00e1l\u00e1j\u00e1t k\u00edn\u00e1lja. Be- \u00e9s kikapcsolhat egy sz\u00f6veges elemet, amely a k\u00f6zleked\u00e9si l\u00e1mp\u00e1val azonos ablakban jelenik meg. Ha a sz\u00f6veg l\u00e1that\u00f3, akkor a sz\u00f6veg st\u00edlus\u00e1t, a sz\u00f6veg m\u00e9ret\u00e9t, a sz\u00f6veg poz\u00edci\u00f3j\u00e1t \u00e9s a bet\u0171t\u00edpus csal\u00e1dj\u00e1t egy\u00e9ni ig\u00e9nyei szerint m\u00f3dos\u00edthatja.<\/p>\n\n\n\n<div style=\"height:0px\" aria-hidden=\"true\" class=\"wp-block-spacer\"><\/div>\n\n\n\n<h3 class=\"wp-block-heading\">6. Sz\u00ednbe\u00e1ll\u00edt\u00e1sok<\/h3>\n\n\n<div class=\"wp-block-image\">\n<figure class=\"alignleft size-full\"><img loading=\"lazy\" decoding=\"async\" width=\"198\" height=\"482\" src=\"https:\/\/www.leaplytics.de\/wp-content\/uploads\/2022\/08\/grafik-12.png\" alt=\"\" class=\"wp-image-9349\" srcset=\"https:\/\/www.leaplytics.de\/wp-content\/uploads\/2022\/08\/grafik-12.png 198w, https:\/\/www.leaplytics.de\/wp-content\/uploads\/2022\/08\/grafik-12-123x300.png 123w, https:\/\/www.leaplytics.de\/wp-content\/uploads\/2022\/08\/grafik-12-25x60.png 25w\" sizes=\"auto, (max-width: 198px) 100vw, 198px\" \/><\/figure><\/div>\n\n\n<p>A \"Sz\u00ednbe\u00e1ll\u00edt\u00e1sok\" r\u00e9szen bel\u00fcl megv\u00e1ltoztathatja a l\u00e1tv\u00e1ny minden r\u00e9sz\u00e9nek sz\u00edn\u00e9t. Egyszer\u0171en kattintson a leg\u00f6rd\u00fcl\u0151 men\u00fcre, \u00e9s v\u00e1lasszon egy sz\u00ednt az el\u0151re defini\u00e1lt t\u00e9masz\u00ednek k\u00f6z\u00fcl, vagy haszn\u00e1lja az rgb- \u00e9s hex-k\u00f3dokat a sz\u00edn saj\u00e1t meghat\u00e1roz\u00e1s\u00e1hoz.<\/p>","protected":false},"excerpt":{"rendered":"<p>1. Time format The \u201cTime Format\u201d section is an optional section. Within this section, you can select a time or interval format, which is used to calculate the ranges and the output text next to the traffic light symbol. Please make sure, to select the time format accordingly to the range input fields. 2. Light &hellip; <\/p>","protected":false},"author":2,"featured_media":0,"parent":0,"menu_order":0,"comment_status":"closed","ping_status":"closed","template":"","meta":{"footnotes":""},"class_list":["post-9336","page","type-page","status-publish","hentry","latest_post"],"_links":{"self":[{"href":"https:\/\/www.leaplytics.de\/hu\/wp-json\/wp\/v2\/pages\/9336","targetHints":{"allow":["GET"]}}],"collection":[{"href":"https:\/\/www.leaplytics.de\/hu\/wp-json\/wp\/v2\/pages"}],"about":[{"href":"https:\/\/www.leaplytics.de\/hu\/wp-json\/wp\/v2\/types\/page"}],"author":[{"embeddable":true,"href":"https:\/\/www.leaplytics.de\/hu\/wp-json\/wp\/v2\/users\/2"}],"replies":[{"embeddable":true,"href":"https:\/\/www.leaplytics.de\/hu\/wp-json\/wp\/v2\/comments?post=9336"}],"version-history":[{"count":0,"href":"https:\/\/www.leaplytics.de\/hu\/wp-json\/wp\/v2\/pages\/9336\/revisions"}],"wp:attachment":[{"href":"https:\/\/www.leaplytics.de\/hu\/wp-json\/wp\/v2\/media?parent=9336"}],"curies":[{"name":"wp","href":"https:\/\/api.w.org\/{rel}","templated":true}]}}