{"id":9526,"date":"2022-09-08T20:29:04","date_gmt":"2022-09-08T18:29:04","guid":{"rendered":"https:\/\/www.leaplytics.de\/?page_id=9526"},"modified":"2024-05-21T13:00:58","modified_gmt":"2024-05-21T11:00:58","slug":"kockazati-matrix-hoterkep-power-bi-trial","status":"publish","type":"page","link":"https:\/\/www.leaplytics.de\/hu\/kockazati-matrix-hoterkep-power-bi-trial\/","title":{"rendered":"Power BI kock\u00e1zati m\u00e1trix \/ h\u0151t\u00e9rk\u00e9p - Pr\u00f3b\u00e1lja ki most!"},"content":{"rendered":"<h3 class=\"wp-block-heading\">A kock\u00e1zatkezel\u00e9s hi\u00e1nyz\u00f3 kirak\u00f3s darabja<\/h3>\n\n\n\n<figure class=\"wp-block-image size-full\"><img loading=\"lazy\" decoding=\"async\" width=\"152\" height=\"37\" src=\"https:\/\/www.leaplytics.de\/wp-content\/uploads\/2022\/05\/PBI-Certified.png\" alt=\"\" class=\"wp-image-8358\" srcset=\"https:\/\/www.leaplytics.de\/wp-content\/uploads\/2022\/05\/PBI-Certified.png 152w, https:\/\/www.leaplytics.de\/wp-content\/uploads\/2022\/05\/PBI-Certified-150x37.png 150w\" sizes=\"auto, (max-width: 152px) 100vw, 152px\" \/><\/figure>\n\n\n\n<p>Egyszer\u0171: t\u00f6ltse ki az al\u00e1bbi \u0171rlapot, \u00e9s mi k\u00fcld\u00fcnk \u00d6nnek egy n\u00e9gyhetes ingyenes pr\u00f3balicencet.<\/p>\n\n\n<div class=\"wpforms-container wpforms-container-full\" id=\"wpforms-10592\"><form id=\"wpforms-form-10592\" class=\"wpforms-validate wpforms-form wpforms-ajax-form\" data-formid=\"10592\" method=\"post\" enctype=\"multipart\/form-data\" action=\"\/hu\/wp-json\/wp\/v2\/pages\/9526\" data-token=\"93e31137e329d7940839fcaafb5f94cb\" data-token-time=\"1776963793\" data-trp-original-action=\"\/hu\/wp-json\/wp\/v2\/pages\/9526\"><noscript class=\"wpforms-error-noscript\">K\u00e9rj\u00fck, enged\u00e9lyezze a JavaScriptet a b\u00f6ng\u00e9sz\u0151j\u00e9ben az \u0171rlap kit\u00f6lt\u00e9s\u00e9hez.<\/noscript><div class=\"wpforms-field-container\"><div id=\"wpforms-10592-field_0-container\" class=\"wpforms-field wpforms-field-name\" data-field-id=\"0\"><label class=\"wpforms-field-label\">N\u00e9v <span class=\"wpforms-required-label\">*<\/span><\/label><div class=\"wpforms-field-row wpforms-field-medium\"><div class=\"wpforms-field-row-block wpforms-first wpforms-one-half\"><input type=\"text\" id=\"wpforms-10592-field_0\" class=\"wpforms-field-name-first wpforms-field-required\" name=\"wpforms[fields][0][first]\" required><label for=\"wpforms-10592-field_0\" class=\"wpforms-field-sublabel after\">Els\u0151<\/label><\/div><div class=\"wpforms-field-row-block wpforms-one-half\"><input type=\"text\" id=\"wpforms-10592-field_0-last\" class=\"wpforms-field-name-last wpforms-field-required\" name=\"wpforms[fields][0][last]\" required><label for=\"wpforms-10592-field_0-last\" class=\"wpforms-field-sublabel after\">Last<\/label><\/div><\/div><\/div><div id=\"wpforms-10592-field_1-container\" class=\"wpforms-field wpforms-field-email\" data-field-id=\"1\"><label class=\"wpforms-field-label\" for=\"wpforms-10592-field_1\">\u00dczleti e-mail <span class=\"wpforms-required-label\">*<\/span><\/label><input type=\"email\" id=\"wpforms-10592-field_1\" class=\"wpforms-field-medium wpforms-field-required\" data-rule-restricted-email=\"1\" name=\"wpforms[fields][1]\" spellcheck=\"false\" required><\/div><div id=\"wpforms-10592-field_4-container\" class=\"wpforms-field wpforms-field-text\" data-field-id=\"4\"><label class=\"wpforms-field-label\" for=\"wpforms-10592-field_4\">C\u00e9g <span class=\"wpforms-required-label\">*<\/span><\/label><input type=\"text\" id=\"wpforms-10592-field_4\" class=\"wpforms-field-medium wpforms-field-required\" name=\"wpforms[fields][4]\" required><\/div><div id=\"wpforms-10592-field_3-container\" class=\"wpforms-field wpforms-field-gdpr-checkbox\" data-field-id=\"3\"><label class=\"wpforms-field-label\">GDPR-meg\u00e1llapod\u00e1s <span class=\"wpforms-required-label\">*<\/span><\/label><ul id=\"wpforms-10592-field_3\" class=\"wpforms-field-required\"><li class=\"choice-1\"><input type=\"checkbox\" id=\"wpforms-10592-field_3_1\" name=\"wpforms[fields][3][]\" value=\"I consent to having this website store my submitted information so they can respond to my inquiry.\" required><label class=\"wpforms-field-label-inline\" for=\"wpforms-10592-field_3_1\">Hozz\u00e1j\u00e1rulok ahhoz, hogy ez a weboldal t\u00e1rolja a megadott adataimat, hogy v\u00e1laszolni tudjanak a megkeres\u00e9semre.<\/label><\/li><\/ul><\/div><\/div><!-- .wpforms-field-container --><div class=\"wpforms-recaptcha-container wpforms-is-recaptcha wpforms-is-recaptcha-type-v3\" ><input type=\"hidden\" name=\"wpforms[recaptcha]\" value=\"\"><\/div><div class=\"wpforms-submit-container\" ><input type=\"hidden\" name=\"wpforms[id]\" value=\"10592\"><input type=\"hidden\" name=\"page_title\" value=\"\"><input type=\"hidden\" name=\"page_url\" value=\"https:\/\/www.leaplytics.de\/hu\/wp-json\/wp\/v2\/pages\/9526\"><input type=\"hidden\" name=\"url_referer\" value=\"\"><button type=\"submit\" name=\"wpforms[submit]\" id=\"wpforms-submit-10592\" class=\"wpforms-submit\" data-alt-text=\"Sending...\" data-submit-text=\"Submit\" aria-live=\"assertive\" value=\"wpforms-submit\">K\u00fcldje be a<\/button><img loading=\"lazy\" decoding=\"async\" src=\"https:\/\/www.leaplytics.de\/wp-content\/plugins\/wpforms-lite\/assets\/images\/submit-spin.svg\" class=\"wpforms-submit-spinner\" style=\"display: none;\" width=\"26\" height=\"26\" alt=\"Bet\u00f6lt\u00e9s\"><\/div><input type=\"hidden\" name=\"trp-form-language\" value=\"hu\"\/><\/form><\/div>  <!-- .wpforms-container -->\n\n\n\n<div style=\"height:27px\" aria-hidden=\"true\" class=\"wp-block-spacer\"><\/div>\n\n\n\n<h3 class=\"wp-block-heading\">Megb\u00edzhat\u00f3:<\/h3>\n\n\n<div class=\"wp-block-image\">\n<figure class=\"aligncenter size-medium is-resized\"><a href=\"https:\/\/www.railbaltica.org\/\" target=\"_blank\" rel=\"noreferrer noopener nofollow\"><img loading=\"lazy\" decoding=\"async\" width=\"300\" height=\"225\" src=\"https:\/\/www.leaplytics.de\/wp-content\/uploads\/2024\/05\/rb-logo-300x225.png\" alt=\"\" class=\"wp-image-13461\" style=\"width:300px\" srcset=\"https:\/\/www.leaplytics.de\/wp-content\/uploads\/2024\/05\/rb-logo-300x225.png 300w, https:\/\/www.leaplytics.de\/wp-content\/uploads\/2024\/05\/rb-logo-1024x768.png 1024w, https:\/\/www.leaplytics.de\/wp-content\/uploads\/2024\/05\/rb-logo-768x576.png 768w, https:\/\/www.leaplytics.de\/wp-content\/uploads\/2024\/05\/rb-logo-80x60.png 80w, https:\/\/www.leaplytics.de\/wp-content\/uploads\/2024\/05\/rb-logo.png 1200w\" sizes=\"auto, (max-width: 300px) 100vw, 300px\" \/><\/a><\/figure><\/div>\n\n\n<p><em>\"Kiv\u00e1l\u00f3 eszk\u00f6z a kock\u00e1zati portf\u00f3li\u00f3 vizualiz\u00e1l\u00e1s\u00e1ra \u00e9s holisztikus \u00e1ttekint\u00e9s\u00e9nek biztos\u00edt\u00e1s\u00e1ra. A sz\u00ednek, k\u00fcsz\u00f6b\u00e9rt\u00e9kek \u00e9s a kock\u00e1zati m\u00e1trix testreszab\u00e1s\u00e1nak lehet\u0151s\u00e9ge ide\u00e1lis - k\u00f6nnyen be\u00e1ll\u00edthat\u00f3, \u00e9s lehet\u0151s\u00e9get biztos\u00edt arra, hogy a megold\u00e1st a kock\u00e1zatok k\u00fcl\u00f6nb\u00f6z\u0151 szintjeihez - v\u00e1llalati, projekt, program stb. Az egyes kock\u00e1zati poz\u00edci\u00f3k v\u00e1ltoz\u00e1s\u00e1nak a h\u0151t\u00e9rk\u00e9pen t\u00f6rt\u00e9n\u0151 megjelen\u00edt\u00e9s\u00e9nek \u00faj funkci\u00f3ja t\u00f6k\u00e9letes a jelent\u00e9sk\u00e9sz\u00edt\u00e9shez, mivel a val\u00f3sz\u00edn\u0171s\u00e9gben vagy a hat\u00e1sban bek\u00f6vetkezett pontos v\u00e1ltoz\u00e1s m\u00e9g a kock\u00e1zatkezel\u00e9sben nem j\u00e1rtas szakemberek sz\u00e1m\u00e1ra is j\u00f3l \u00e9rthet\u0151, lehet\u0151v\u00e9 t\u00e9ve sz\u00e1mukra a v\u00e1ltoz\u00e1sok k\u00f6vet\u00e9s\u00e9t.\"<\/em> <a href=\"https:\/\/www.railbaltica.org\/\" target=\"_blank\" rel=\"noreferrer noopener nofollow\">Rail Baltica<\/a><\/p>\n\n\n\n<h3 class=\"wp-block-heading\">A vez\u00e9rigazgat\u00f3 levele<\/h3>\n\n\n\n<blockquote class=\"wp-block-quote is-layout-flow wp-block-quote-is-layout-flow\">\n<div class=\"wp-block-columns is-layout-flex wp-container-core-columns-is-layout-1 wp-block-columns-is-layout-flex\">\n<div class=\"wp-block-column is-layout-flow wp-block-column-is-layout-flow\" style=\"flex-basis:100%\">\n<h3 class=\"wp-block-heading has-text-align-left\"><img loading=\"lazy\" decoding=\"async\" width=\"150\" height=\"150\" class=\"wp-image-10452\" style=\"width: 150px;\" src=\"https:\/\/www.leaplytics.de\/wp-content\/uploads\/2023\/01\/stefan-profile.png\" alt=\"\" srcset=\"https:\/\/www.leaplytics.de\/wp-content\/uploads\/2023\/01\/stefan-profile.png 612w, https:\/\/www.leaplytics.de\/wp-content\/uploads\/2023\/01\/stefan-profile-300x300.png 300w, https:\/\/www.leaplytics.de\/wp-content\/uploads\/2023\/01\/stefan-profile-150x150.png 150w, https:\/\/www.leaplytics.de\/wp-content\/uploads\/2023\/01\/stefan-profile-370x370.png 370w, https:\/\/www.leaplytics.de\/wp-content\/uploads\/2023\/01\/stefan-profile-60x60.png 60w\" sizes=\"auto, (max-width: 150px) 100vw, 150px\" \/>Megold\u00e1sunk a szakemberek sz\u00e1m\u00e1ra<\/h3>\n<\/div>\n<\/div>\n\n\n\n<p class=\"has-text-align-left\">H\u00e9, mindenki...<br><br>Stefan vagyok, a LeapLytics vez\u00e9rigazgat\u00f3ja.<br><br>Ez az a kock\u00e1zati m\u00e1trix, amelyet mi magunk is mindig kerest\u00fcnk. \u00c9s most szeretn\u00e9nk megosztani \u00d6n\u00f6kkel.<br><br>Nagyszer\u0171 \u00e9rz\u00e9s, hogy van egy kock\u00e1zati m\u00e1trix, amely seg\u00edt meg\u00e9rteni a fenyeget\u00e9seket \u00e9s a lehet\u0151s\u00e9geket. Mert kor\u00e1bban olyan kock\u00e1zatokat kezdett l\u00e1tni, amelyekre nem sz\u00e1m\u00edtott, olyan forr\u00e1sokb\u00f3l, amelyeket nem l\u00e1tott. Elvesztette az ir\u00e1ny\u00edt\u00e1st a kock\u00e1zati k\u00f6rnyezet meg\u00e9rt\u00e9se felett. Az adatok lavin\u00e1ja mindent \u00f6sszezavart.<\/p>\n\n\n\n<p class=\"has-text-align-left\"><br>Ebben tudunk seg\u00edteni \u00d6nnek. A kock\u00e1zati m\u00e1trix kidolgoz\u00e1s\u00e1t 2020-ban kezdt\u00fck el. Az\u00f3ta sz\u00e1mos \u00faj funkci\u00f3val b\u0151v\u00edtett\u00fck. Ennek sor\u00e1n a felhaszn\u00e1l\u00f3kra \u00f6sszpontos\u00edtottunk. A felt\u00e9teles form\u00e1z\u00e1s egy olasz c\u00e9g \u00f6tlete volt. A kock\u00e1zatok id\u0151alap\u00fa bemutat\u00e1s\u00e1ra vonatkoz\u00f3 k\u00e9r\u00e9s egy ausztr\u00e1l \u00fcgyf\u00e9lt\u0151l \u00e9rkezett. \u00dcgyfeleink k\u00f6z\u00f6ss\u00e9ge az, amire b\u00fcszk\u00e9k vagyunk. De az is, ami arra \u00f6szt\u00f6n\u00f6z minket, hogy fejlessz\u00fck a kock\u00e1zati m\u00e1trixunkat.<br><br>A kock\u00e1zati m\u00e1trixot nem szabad tehernek \u00e9rezni. Valami, amivel lemaradsz. Valami, amit ki\u00fcr\u00edtesz, nem pedig \u00e1polsz. Ahelyett, hogy \u00f6r\u00fcln\u00e9l neki, ink\u00e1bb foglalkozz vele. Ehelyett megb\u00edzhat\u00f3nak kell lennie. \u00c9s informat\u00edvnak. Meg kell k\u00f6nny\u00edteni\u00fck, hogy \u00d6n \u00e9s a csapatai \u00f6sszehangolj\u00e1k a tev\u00e9kenys\u00e9g\u00fcket. Hogy gyarapodni tudjanak.<br><br>J\u00f3 h\u00edr, hogy a var\u00e1zslat m\u00e9g mindig megvan. Csak el van hom\u00e1lyos\u00edtva - eltemetve a megold\u00e1sok \u00e9s el\u00e9gedetlen megold\u00e1sok \u00f6sszevisszas\u00e1ga al\u00e1. A m\u0171szerfal meg\u00e9rdemel egy kis portalan\u00edt\u00e1st. Egy fel\u00faj\u00edt\u00e1st. Moderniz\u00e1lva a mai kock\u00e1zatkezel\u00e9shez. Kock\u00e1zati m\u00e1trix megold\u00e1sunkkal ezt megtett\u00fck. Ez egy \u00fajj\u00e1\u00e9p\u00edt\u00e9s, egy \u00fajragondol\u00e1s, a kock\u00e1zatkezel\u00e9s egyszer\u0171s\u00edtett, er\u0151teljes \u00fajb\u00f3li bevezet\u00e9se.<br><br>Egy \u00faj kezdet, ahogy annak lennie kell.<\/p>\n\n\n\n<p><br>Sz\u00e9p napot k\u00edv\u00e1nok,<br>Stefan<br><br>T\u00e1rsalap\u00edt\u00f3 \u00e9s vez\u00e9rigazgat\u00f3, LeapLytics GmbH<\/p>\n<\/blockquote>\n\n\n<div class=\"wp-block-image\">\n<figure class=\"aligncenter size-large\"><img loading=\"lazy\" decoding=\"async\" width=\"1024\" height=\"576\" src=\"https:\/\/www.leaplytics.de\/wp-content\/uploads\/2022\/04\/First_Slice_Risk_Map_PowerBI-1024x576.png\" alt=\"\" class=\"wp-image-6585\" srcset=\"https:\/\/www.leaplytics.de\/wp-content\/uploads\/2022\/04\/First_Slice_Risk_Map_PowerBI-1024x576.png 1024w, https:\/\/www.leaplytics.de\/wp-content\/uploads\/2022\/04\/First_Slice_Risk_Map_PowerBI-300x169.png 300w, https:\/\/www.leaplytics.de\/wp-content\/uploads\/2022\/04\/First_Slice_Risk_Map_PowerBI-768x432.png 768w, https:\/\/www.leaplytics.de\/wp-content\/uploads\/2022\/04\/First_Slice_Risk_Map_PowerBI-107x60.png 107w, https:\/\/www.leaplytics.de\/wp-content\/uploads\/2022\/04\/First_Slice_Risk_Map_PowerBI.png 1140w\" sizes=\"auto, (max-width: 1024px) 100vw, 1024px\" \/><\/figure><\/div>\n\n\n<div style=\"height:29px\" aria-hidden=\"true\" class=\"wp-block-spacer\"><\/div>\n\n\n\n<blockquote class=\"wp-block-quote has-text-align-left is-layout-flow wp-block-quote-is-layout-flow\">\n<p>Abszol\u00fat meg\u00e9ri<\/p>\n<cite>\"Mindent, amit a kock\u00e1zati m\u00e1trixszal el akartunk \u00e9rni, meg tudtuk val\u00f3s\u00edtani ezzel a vizualiz\u00e1ci\u00f3val. Abszol\u00fat meg\u00e9rte.\" - <a href=\"https:\/\/appsource.microsoft.com\/en-us\/product\/power-bi-visuals\/leaplyticsgmbh1633373694058.leaplytics_risk_heatmap?tab=Reviews\" target=\"_blank\" rel=\"noreferrer noopener\">Microsoft AppSource fel\u00fclvizsg\u00e1lati \u00e9rt\u00e9kel\u00e9s: <img loading=\"lazy\" decoding=\"async\" width=\"89\" height=\"14\" class=\"wp-image-13274\" style=\"width: 89px;\" src=\"https:\/\/www.leaplytics.de\/wp-content\/uploads\/2024\/04\/stars.png\" alt=\"\"><\/a><\/cite><\/blockquote>\n\n\n\n<h3 class=\"wp-block-heading\">Mit fogok kapni?<\/h3>\n\n\n\n<i class=\"fa-solid fa-key\"><\/i> N\u00e9gyhetes pr\u00f3ba <b>Licenc kulcs<\/b>\n<br><br>\n<i class=\"fa-solid fa-eye\"><\/i> Vizu\u00e1lis be\u00e1ll\u00edt\u00e1s <b>Tutorial<\/b>\n<br><br>\n<i class=\"fas fa-directions\"><\/i> <b>'How-To'<\/b> \u00datmutat\u00f3k a YouTube-on\n<br><br>\n<i class=\"fa-solid fa-question\"><\/i> Gyakran ism\u00e9telt k\u00e9rd\u00e9sek (<b>GYIK<\/b>)\n\n\n\n<div style=\"height:29px\" aria-hidden=\"true\" class=\"wp-block-spacer\"><\/div>\n\n\n\n<h3 class=\"wp-block-heading\">Mi\u00e9rt kellene tesztelnem a vizualit\u00e1sodat?<\/h3>\n\n\n\n<p>A LeapLytics kock\u00e1zati m\u00e1trixunk a <strong>csak<\/strong> kock\u00e1zati m\u00e1trix, amely k\u00e9pes minden egyes kock\u00e1zatot \u00f6n\u00e1ll\u00f3 egys\u00e9gk\u00e9nt megjelen\u00edteni. Kattinthat\u00f3 funkci\u00f3kat k\u00edn\u00e1l, \u00e9s lehet\u0151v\u00e9 teszi a r\u00e9szletes vizsg\u00e1latot egy tooltip seg\u00edts\u00e9g\u00e9vel. Ezenk\u00edv\u00fcl ez a Power BI egyetlen olyan vizu\u00e1lis eleme, amely lehet\u0151v\u00e9 teszi a felhaszn\u00e1l\u00f3k sz\u00e1m\u00e1ra, hogy egy adott kock\u00e1zatra t\u00f6rt\u00e9n\u0151 egyszer\u0171 f\u00far\u00e1ssal m\u00e9lyrehat\u00f3 kock\u00e1zati inform\u00e1ci\u00f3khoz jussanak.<\/p>\n\n\n\n<ul class=\"wp-block-list\">\n<li><strong>Nincs el\u0151fizet\u00e9s<\/strong>: Egyszer\u0171en hagyja lej\u00e1rni. <strong>Nem sz\u00e1m\u00edtunk fel semmit.<\/strong><\/li>\n<\/ul>\n\n\n\n<figure class=\"wp-block-embed is-type-video is-provider-youtube wp-block-embed-youtube wp-embed-aspect-16-9 wp-has-aspect-ratio\"><div class=\"wp-block-embed__wrapper\" align=\"center\">\n<iframe loading=\"lazy\" title=\"Power BI kock\u00e1zati m\u00e1trix \/ h\u0151t\u00e9rk\u00e9p LeapLytics Visual\" width=\"770\" height=\"433\" src=\"https:\/\/www.youtube.com\/embed\/SsN0lgNJX6A?feature=oembed\" frameborder=\"0\" allow=\"accelerometer; autoplay; clipboard-write; encrypted-media; gyroscope; picture-in-picture; web-share\" referrerpolicy=\"strict-origin-when-cross-origin\" allowfullscreen><\/iframe>\n<\/div><\/figure>\n\n\n\n<div style=\"height:55px\" aria-hidden=\"true\" class=\"wp-block-spacer\"><\/div>\n\n\n\n<blockquote class=\"wp-block-quote is-layout-flow wp-block-quote-is-layout-flow\">\n<p>Pontosan \u00fagy m\u0171k\u00f6dik, ahogyan azt v\u00e1rt\u00e1k \u00e9s hirdett\u00e9k.<\/p>\n\n\n\n<h3 class=\"wp-block-heading\"><\/h3>\n<cite>\"K\u00f6zel 9 h\u00f3nappal ezel\u0151tt v\u00e1s\u00e1roltam licencet erre az alkalmaz\u00e1sra, t\u00f6bb jelent\u00e9sben telep\u00edtettem, amelyet t\u00f6bb sz\u00e1z ember haszn\u00e1l vil\u00e1gszerte, \u00e9s csak pozit\u00edv visszajelz\u00e9seket kaptam a felhaszn\u00e1l\u00f3kt\u00f3l.\" - <a href=\"https:\/\/appsource.microsoft.com\/en-us\/product\/power-bi-visuals\/leaplyticsgmbh1633373694058.leaplytics_risk_heatmap?tab=Reviews\" target=\"_blank\" rel=\"noreferrer noopener\">Microsoft AppSource fel\u00fclvizsg\u00e1lati \u00e9rt\u00e9kel\u00e9s: <img loading=\"lazy\" decoding=\"async\" width=\"89\" height=\"14\" class=\"wp-image-13274\" style=\"width: 89px;\" src=\"https:\/\/www.leaplytics.de\/wp-content\/uploads\/2024\/04\/stars.png\" alt=\"\"><\/a><\/cite><\/blockquote>\n\n\n\n<p>\u00c9rdekli? \u00d6t percen bel\u00fcl kap egy e-mailt a n\u00e9gyhetes szem\u00e9lyes pr\u00f3baenged\u00e9ly\u00e9vel.<\/p>\n\n\n<div class=\"wpforms-container wpforms-container-full\" id=\"wpforms-10592\"><form id=\"wpforms-form-10592\" class=\"wpforms-validate wpforms-form wpforms-ajax-form\" data-formid=\"10592\" method=\"post\" enctype=\"multipart\/form-data\" action=\"\/hu\/wp-json\/wp\/v2\/pages\/9526\" data-token=\"93e31137e329d7940839fcaafb5f94cb\" data-token-time=\"1776963793\" data-trp-original-action=\"\/hu\/wp-json\/wp\/v2\/pages\/9526\"><noscript class=\"wpforms-error-noscript\">K\u00e9rj\u00fck, enged\u00e9lyezze a JavaScriptet a b\u00f6ng\u00e9sz\u0151j\u00e9ben az \u0171rlap kit\u00f6lt\u00e9s\u00e9hez.<\/noscript><div class=\"wpforms-field-container\"><div id=\"wpforms-10592-field_0-container\" class=\"wpforms-field wpforms-field-name\" data-field-id=\"0\"><label class=\"wpforms-field-label\">N\u00e9v <span class=\"wpforms-required-label\">*<\/span><\/label><div class=\"wpforms-field-row wpforms-field-medium\"><div class=\"wpforms-field-row-block wpforms-first wpforms-one-half\"><input type=\"text\" id=\"wpforms-10592-field_0\" class=\"wpforms-field-name-first wpforms-field-required\" name=\"wpforms[fields][0][first]\" required><label for=\"wpforms-10592-field_0\" class=\"wpforms-field-sublabel after\">Els\u0151<\/label><\/div><div class=\"wpforms-field-row-block wpforms-one-half\"><input type=\"text\" id=\"wpforms-10592-field_0-last\" class=\"wpforms-field-name-last wpforms-field-required\" name=\"wpforms[fields][0][last]\" required><label for=\"wpforms-10592-field_0-last\" class=\"wpforms-field-sublabel after\">Last<\/label><\/div><\/div><\/div><div id=\"wpforms-10592-field_1-container\" class=\"wpforms-field wpforms-field-email\" data-field-id=\"1\"><label class=\"wpforms-field-label\" for=\"wpforms-10592-field_1\">\u00dczleti e-mail <span class=\"wpforms-required-label\">*<\/span><\/label><input type=\"email\" id=\"wpforms-10592-field_1\" class=\"wpforms-field-medium wpforms-field-required\" data-rule-restricted-email=\"1\" name=\"wpforms[fields][1]\" spellcheck=\"false\" required><\/div><div id=\"wpforms-10592-field_4-container\" class=\"wpforms-field wpforms-field-text\" data-field-id=\"4\"><label class=\"wpforms-field-label\" for=\"wpforms-10592-field_4\">C\u00e9g <span class=\"wpforms-required-label\">*<\/span><\/label><input type=\"text\" id=\"wpforms-10592-field_4\" class=\"wpforms-field-medium wpforms-field-required\" name=\"wpforms[fields][4]\" required><\/div><div id=\"wpforms-10592-field_3-container\" class=\"wpforms-field wpforms-field-gdpr-checkbox\" data-field-id=\"3\"><label class=\"wpforms-field-label\">GDPR-meg\u00e1llapod\u00e1s <span class=\"wpforms-required-label\">*<\/span><\/label><ul id=\"wpforms-10592-field_3\" class=\"wpforms-field-required\"><li class=\"choice-1\"><input type=\"checkbox\" id=\"wpforms-10592-field_3_1\" name=\"wpforms[fields][3][]\" value=\"I consent to having this website store my submitted information so they can respond to my inquiry.\" required><label class=\"wpforms-field-label-inline\" for=\"wpforms-10592-field_3_1\">Hozz\u00e1j\u00e1rulok ahhoz, hogy ez a weboldal t\u00e1rolja a megadott adataimat, hogy v\u00e1laszolni tudjanak a megkeres\u00e9semre.<\/label><\/li><\/ul><\/div><\/div><!-- .wpforms-field-container --><div class=\"wpforms-recaptcha-container wpforms-is-recaptcha wpforms-is-recaptcha-type-v3\" ><input type=\"hidden\" name=\"wpforms[recaptcha]\" value=\"\"><\/div><div class=\"wpforms-submit-container\" ><input type=\"hidden\" name=\"wpforms[id]\" value=\"10592\"><input type=\"hidden\" name=\"page_title\" value=\"\"><input type=\"hidden\" name=\"page_url\" value=\"https:\/\/www.leaplytics.de\/hu\/wp-json\/wp\/v2\/pages\/9526\"><input type=\"hidden\" name=\"url_referer\" value=\"\"><button type=\"submit\" name=\"wpforms[submit]\" id=\"wpforms-submit-10592\" class=\"wpforms-submit\" data-alt-text=\"Sending...\" data-submit-text=\"Submit\" aria-live=\"assertive\" value=\"wpforms-submit\">K\u00fcldje be a<\/button><img loading=\"lazy\" decoding=\"async\" src=\"https:\/\/www.leaplytics.de\/wp-content\/plugins\/wpforms-lite\/assets\/images\/submit-spin.svg\" class=\"wpforms-submit-spinner\" style=\"display: none;\" width=\"26\" height=\"26\" alt=\"Bet\u00f6lt\u00e9s\"><\/div><input type=\"hidden\" name=\"trp-form-language\" value=\"hu\"\/><\/form><\/div>  <!-- .wpforms-container -->","protected":false},"excerpt":{"rendered":"<p>The missing puzzle piece for your risk management It&#8217;s easy: fill out the form below, and we&#8217;ll send you a free four-week trial license. Trusted By: &#8220;An excellent tool to visualize and ensure a holistic overview of the risk portfolio. The possibility to customize colors, thresholds, and the risk matrix is ideal\u2014easy to set up &hellip; <\/p>","protected":false},"author":2,"featured_media":0,"parent":0,"menu_order":0,"comment_status":"closed","ping_status":"closed","template":"","meta":{"footnotes":""},"class_list":["post-9526","page","type-page","status-publish","hentry","latest_post"],"_links":{"self":[{"href":"https:\/\/www.leaplytics.de\/hu\/wp-json\/wp\/v2\/pages\/9526","targetHints":{"allow":["GET"]}}],"collection":[{"href":"https:\/\/www.leaplytics.de\/hu\/wp-json\/wp\/v2\/pages"}],"about":[{"href":"https:\/\/www.leaplytics.de\/hu\/wp-json\/wp\/v2\/types\/page"}],"author":[{"embeddable":true,"href":"https:\/\/www.leaplytics.de\/hu\/wp-json\/wp\/v2\/users\/2"}],"replies":[{"embeddable":true,"href":"https:\/\/www.leaplytics.de\/hu\/wp-json\/wp\/v2\/comments?post=9526"}],"version-history":[{"count":51,"href":"https:\/\/www.leaplytics.de\/hu\/wp-json\/wp\/v2\/pages\/9526\/revisions"}],"predecessor-version":[{"id":13475,"href":"https:\/\/www.leaplytics.de\/hu\/wp-json\/wp\/v2\/pages\/9526\/revisions\/13475"}],"wp:attachment":[{"href":"https:\/\/www.leaplytics.de\/hu\/wp-json\/wp\/v2\/media?parent=9526"}],"curies":[{"name":"wp","href":"https:\/\/api.w.org\/{rel}","templated":true}]}}