{"id":12086,"date":"2023-08-02T17:05:19","date_gmt":"2023-08-02T15:05:19","guid":{"rendered":"https:\/\/www.leaplytics.de\/?page_id=12086"},"modified":"2023-08-06T14:32:15","modified_gmt":"2023-08-06T12:32:15","slug":"migrazione-di-qlikview-a-power-bi","status":"publish","type":"page","link":"https:\/\/www.leaplytics.de\/it\/migrazione-di-qlikview-a-power-bi\/","title":{"rendered":"Migrazione di QlikView a Power BI - Il nostro approccio"},"content":{"rendered":"<p>State utilizzando QlikView ma state pensando di passare a Power BI?  Noi di LeapLytics siamo specializzati nella fornitura di servizi di migrazione per aiutarvi a passare senza problemi da QlikView a Power BI. Il nostro team di professionisti qualificati ha una vasta esperienza nella gestione di questo tipo di migrazioni, garantendo un processo fluido ed efficiente per la vostra organizzazione.<\/p>\n\n\n\n<h3 class=\"wp-block-heading\"><strong>Perch\u00e9 migrare da QlikView a Power BI?<\/strong><\/h3>\n\n\n\n<p>Con la continua evoluzione delle tecnologie di business intelligence, le organizzazioni spesso trovano vantaggioso passare a piattaforme pi\u00f9 moderne e robuste come Power BI. Ecco alcuni validi motivi per considerare la migrazione da QlikView a Power BI:<\/p>\n\n\n\n<ol class=\"wp-block-list\">\n<li><strong>Visualizzazione dei dati migliorata:<\/strong> Power BI offre un'ampia gamma di opzioni di visualizzazione, che consentono di presentare i dati in modo pi\u00f9 perspicace e interattivo, consentendo ai responsabili delle decisioni di avere maggiori informazioni.<\/li>\n\n\n\n<li><strong>Integrazione con l'ecosistema Microsoft:<\/strong> Se la vostra organizzazione utilizza gi\u00e0 strumenti Microsoft come Excel, SharePoint o Office 365, Power BI si integra perfettamente con queste piattaforme, semplificando il vostro flusso di lavoro.<\/li>\n\n\n\n<li><strong>Scalabilit\u00e0 e prestazioni:<\/strong> Quando le vostre esigenze di dati crescono, Power BI \u00e8 in grado di gestire grandi insiemi di dati e query complesse con notevole efficienza e velocit\u00e0.<\/li>\n\n\n\n<li><strong>Funzionalit\u00e0 cloud:<\/strong> Grazie alle funzionalit\u00e0 cloud di Power BI, \u00e8 possibile condividere facilmente i report e collaborare con i colleghi, garantendo l'accesso in tempo reale alle informazioni pi\u00f9 importanti.<\/li>\n\n\n\n<li><strong>Aggiornamenti e assistenza regolari:<\/strong> Power BI riceve aggiornamenti e miglioramenti frequenti da parte di Microsoft, che garantisce l'accesso alle funzioni e ai miglioramenti pi\u00f9 recenti.<\/li>\n<\/ol>\n\n\n\n<h3 class=\"wp-block-heading\"><strong>Considerazioni per una migrazione di successo da QlikView a Power BI<\/strong><\/h3>\n\n\n\n<p>La migrazione da una piattaforma di business intelligence a un'altra pu\u00f2 essere un'impresa complessa. Per garantire il successo della migrazione, \u00e8 essenziale affrontare le seguenti considerazioni chiave:<\/p>\n\n\n\n<ol class=\"wp-block-list\">\n<li><strong>Valutazione dei dati:<\/strong> Analizzare i dati QlikView esistenti per determinarne la struttura, la qualit\u00e0 e la rilevanza per la migrazione. Identificare i potenziali requisiti di pulizia e trasformazione dei dati.<\/li>\n\n\n\n<li><strong>Mappatura di archivi, rapporti e cruscotti:<\/strong> Comprendere a fondo gli attuali repository, report e dashboard di QlikView. Creare un piano di mappatura per replicare queste visualizzazioni in Power BI, sfruttando le sue caratteristiche uniche.<\/li>\n\n\n\n<li><strong>Modellazione dei dati in Power BI:<\/strong> Progettate un modello di dati efficiente in Power BI che sia in linea con i requisiti aziendali e ottimizzi le prestazioni.<\/li>\n\n\n\n<li><strong>Sicurezza e autorizzazioni:<\/strong> Definire ruoli e autorizzazioni di sicurezza in Power BI per garantire che l'accesso ai dati sia gestito e limitato in modo appropriato.<\/li>\n\n\n\n<li><strong>Formazione e adozione degli utenti:<\/strong> Preparate il vostro team alla migrazione fornendo una formazione completa sulle caratteristiche e le funzionalit\u00e0 di Power BI.<\/li>\n\n\n\n<li><strong>Test e garanzia di qualit\u00e0:<\/strong> Eseguire test rigorosi per identificare e risolvere eventuali problemi prima di rendere la soluzione operativa.<\/li>\n\n\n\n<li><strong>Assistenza post-migrazione:<\/strong> Offrire un'assistenza continua per affrontare qualsiasi problema successivo alla migrazione e assistere gli utenti nel pieno utilizzo delle funzionalit\u00e0 di Power BI.<\/li>\n<\/ol>\n\n\n\n<h3 class=\"wp-block-heading\"><strong>Perch\u00e9 LeapLytics per la migrazione da QlikView a Power BI?<\/strong><\/h3>\n\n\n\n<p>In LeapLytics siamo orgogliosi del nostro approccio incentrato sul cliente e della nostra profonda conoscenza di QlikView e Power BI. Il nostro team di esperti possiede le competenze e le conoscenze necessarie per gestire il processo di migrazione senza problemi, garantendo interruzioni minime delle operazioni aziendali. Scegliendo noi, potrete beneficiare di:<\/p>\n\n\n\n<ul class=\"wp-block-list\">\n<li><strong>Esperienza e competenza:<\/strong> I nostri professionisti esperti hanno eseguito con successo numerose migrazioni da QlikView a Power BI e sono quindi in grado di gestire tutte le complessit\u00e0 che possono presentarsi.<\/li>\n\n\n\n<li><strong>Soluzioni su misura:<\/strong> Siamo consapevoli che le esigenze di ogni organizzazione sono uniche. Per questo offriamo strategie di migrazione personalizzate, in linea con i vostri requisiti specifici.<\/li>\n\n\n\n<li><strong>Sicurezza dei dati:<\/strong> Diamo priorit\u00e0 alla sicurezza delle vostre informazioni sensibili e seguiamo le migliori pratiche del settore per salvaguardare i vostri dati durante e dopo la migrazione.<\/li>\n\n\n\n<li><strong>Supporto continuo:<\/strong> Il nostro impegno per il vostro successo va oltre il processo di migrazione. Forniamo un'assistenza continua per risolvere qualsiasi problema e assistere nell'adozione di Power BI.<\/li>\n<\/ul>\n\n\n\n<p>LeapLytics \u00e8 il vostro partner di fiducia per rendere il passaggio da QlikView a Power BI il pi\u00f9 agevole possibile. Contattateci oggi stesso per saperne di pi\u00f9 sui nostri servizi di migrazione e fate il primo passo per liberare il vero potenziale dei vostri dati.<\/p>\n\n\n\n<h4 class=\"wp-block-heading\"><strong>Contattateci oggi stesso<\/strong><\/h4>\n\n\n\n<p>Avete domande sulla migrazione da QlikView a Power BI o siete interessati ai nostri servizi? Non esitate a contattarci per una consulenza. Siamo qui per aiutarvi a realizzare una transizione fluida e di successo verso Power BI. Mettetevi in contatto con i nostri esperti e <a href=\"https:\/\/www.leaplytics.de\/it\/kontakt\/\"><strong>inviaci un messaggio<\/strong><\/a>.<\/p>\n\n\n\n<p>(<em>Non esitate a contattarci anche se avete bisogno di una guida su un aspetto diverso della business intelligence, dell'analisi dei dati o della visualizzazione. Il nostro team \u00e8 ben attrezzato per assistervi in varie attivit\u00e0 legate ai dati.<\/em>)<\/p>","protected":false},"excerpt":{"rendered":"<p>State utilizzando QlikView ma state pensando di passare a Power BI? Noi di LeapLytics siamo specializzati nella fornitura di servizi di migrazione per aiutarvi a passare senza problemi da QlikView a Power BI. Il nostro team di professionisti qualificati ha una vasta esperienza nella gestione di questo tipo di migrazioni, garantendo un processo fluido ed efficiente per la vostra organizzazione. Perch\u00e9 migrare da ... <\/p>","protected":false},"author":2,"featured_media":0,"parent":0,"menu_order":0,"comment_status":"closed","ping_status":"closed","template":"","meta":{"footnotes":""},"class_list":["post-12086","page","type-page","status-publish","hentry","latest_post"],"_links":{"self":[{"href":"https:\/\/www.leaplytics.de\/it\/wp-json\/wp\/v2\/pages\/12086","targetHints":{"allow":["GET"]}}],"collection":[{"href":"https:\/\/www.leaplytics.de\/it\/wp-json\/wp\/v2\/pages"}],"about":[{"href":"https:\/\/www.leaplytics.de\/it\/wp-json\/wp\/v2\/types\/page"}],"author":[{"embeddable":true,"href":"https:\/\/www.leaplytics.de\/it\/wp-json\/wp\/v2\/users\/2"}],"replies":[{"embeddable":true,"href":"https:\/\/www.leaplytics.de\/it\/wp-json\/wp\/v2\/comments?post=12086"}],"version-history":[{"count":0,"href":"https:\/\/www.leaplytics.de\/it\/wp-json\/wp\/v2\/pages\/12086\/revisions"}],"wp:attachment":[{"href":"https:\/\/www.leaplytics.de\/it\/wp-json\/wp\/v2\/media?parent=12086"}],"curies":[{"name":"wp","href":"https:\/\/api.w.org\/{rel}","templated":true}]}}