{"id":12944,"date":"2023-12-18T23:03:40","date_gmt":"2023-12-18T22:03:40","guid":{"rendered":"https:\/\/www.leaplytics.de\/?page_id=12944"},"modified":"2023-12-18T23:03:40","modified_gmt":"2023-12-18T22:03:40","slug":"ehs-risk-management-power-bi-per-lindustria-mineraria-e-petrolifera","status":"publish","type":"page","link":"https:\/\/www.leaplytics.de\/it\/ehs-risk-management-power-bi-per-lindustria-mineraria-e-petrolifera\/","title":{"rendered":"Power BI per la gestione dei rischi EHS per le industrie minerarie e petrolifere"},"content":{"rendered":"<h3 class=\"wp-block-heading\">Introduzione<\/h3>\n\n\n\n<p>Industrie come quella mineraria e petrolifera sono fondamentali per l'economia globale, in quanto forniscono risorse ed energia. Tuttavia, devono affrontare le sfide dei rischi ambientali, sanitari e di sicurezza (EHS). Le aziende ritengono che una solida gestione dei rischi EHS sia fondamentale per il successo. Questo articolo analizza come la nostra Matrice dei rischi di Power BI pu\u00f2 migliorare la gestione dei rischi EHS.<\/p>\n\n\n\n<h3 class=\"wp-block-heading\"><strong>Comprendere la gestione del rischio EHS<\/strong><\/h3>\n\n\n\n<p>Nel settore minerario e petrolifero, le preoccupazioni principali sono i rischi per l'ambiente, la salute e la sicurezza. Questi includono l'alterazione dell'habitat, l'inquinamento, gli incidenti e le questioni legali. Una rigorosa gestione dei rischi EHS \u00e8 fondamentale per operazioni sostenibili e di successo.<\/p>\n\n\n\n<h3 class=\"wp-block-heading\"><strong>Matrice di rischio di Power BI<\/strong><\/h3>\n\n\n\n<p>La Matrice dei rischi \u00e8 un valido strumento per gestire i rischi EHS con Power BI. Ecco come \u00e8 utile:<\/p>\n\n\n\n<ol class=\"wp-block-list\">\n<li><strong>Identificazione del rischio:<\/strong> Raccoglie dati per individuare rischi per la sicurezza, la conformit\u00e0 o la salute.<\/li>\n\n\n\n<li><strong>Visualizzazione:<\/strong> Categorizza i rischi, aiutando i decisori a individuare i problemi pi\u00f9 urgenti.<\/li>\n\n\n\n<li><strong>Monitoraggio delle prestazioni:<\/strong> Mantiene aggiornati i dati EHS per una gestione proattiva dei rischi.<\/li>\n\n\n\n<li><strong>Cruscotti interattivi: <\/strong>Visualizzazione in tempo reale delle metriche di rischio, degli incidenti e delle tendenze per un pi\u00f9 facile monitoraggio delle prestazioni.<\/li>\n<\/ol>\n\n\n\n<div class=\"wp-block-buttons is-layout-flex wp-block-buttons-is-layout-flex\" id=\"https:\/\/www.leaplytics.de\/frontpage\/project-management-custom-visuals-microsoft-powerbi\/risk-heatmap-custom-visual-for-power-bi\/\">\n<div class=\"wp-block-button has-custom-width wp-block-button__width-75 has-custom-font-size is-style-fill\" style=\"font-size:18px\"><a class=\"wp-block-button__link has-background wp-element-button\" href=\"https:\/\/www.leaplytics.de\/it\/prima-pagina\/gestione-dei-progetti-visualizzazioni-personalizzate-microsoft-powerbi\/visualizzazione-personalizzata-della-mappa-di-calore-del-rischio-per-power-bi\/\" style=\"background-color:#22316d\" rel=\"https:\/\/www.leaplytics.de\/frontpage\/project-management-custom-visuals-microsoft-powerbi\/risk-heatmap-custom-visual-for-power-bi\/\">Scoprite qui la nostra \"matrice di rischio\" visiva personalizzata per Power BI!<\/a><\/div>\n<\/div>\n\n\n\n<p><\/p>\n\n\n\n<h3 class=\"wp-block-heading\"><strong>Aumentare le prestazioni attraverso la gestione dei rischi EHS<\/strong><\/h3>\n\n\n\n<p>Una gestione efficace dei rischi EHS migliora le prestazioni:<\/p>\n\n\n\n<ul class=\"wp-block-list\">\n<li><strong>Efficienza operativa:<\/strong> Riduce gli incidenti, i guasti alle apparecchiature e gli inconvenienti ambientali. Questo migliora l'efficienza e riduce i tempi di inattivit\u00e0.<\/li>\n\n\n\n<li><strong>Risparmio sui costi:<\/strong> Riduce al minimo gli incidenti, riducendo le multe, le spese legali e i costi di pulizia.<\/li>\n\n\n\n<li><strong>Sostenibilit\u00e0 e reputazione:<\/strong> Mostra l'impegno per la sostenibilit\u00e0. Questo migliora la reputazione e l'appeal nei confronti di investitori e clienti.<\/li>\n\n\n\n<li><strong>Conformit\u00e0:<\/strong> Rispetta le norme EHS, mantenendo un buon rapporto con le autorit\u00e0 di regolamentazione ed evitando sanzioni.<\/li>\n\n\n\n<li><strong>Benessere dei dipendenti:<\/strong> D\u00e0 priorit\u00e0 alla sicurezza e alla salute del datore di lavoro. In questo modo, migliora la motivazione e la produttivit\u00e0, riducendo il turnover e le assenze.<\/li>\n<\/ul>\n\n\n\n<h3 class=\"wp-block-heading\"><strong>Conclusione<\/strong><\/h3>\n\n\n\n<p>La gestione dei rischi EHS \u00e8 fondamentale per operazioni eccellenti. La nostra Matrice dei rischi in Power BI \u00e8 un ottimo strumento per gestire i rischi in modo efficace. La gestione dei rischi EHS aiuta le aziende a migliorare le prestazioni e a ridurre i costi. Inoltre, le aiuta a rispettare le normative e a costruire una cultura della sostenibilit\u00e0 e della sicurezza. Per affrontare le sfide di oggi, la gestione dei rischi EHS attraverso Power BI \u00e8 la chiave del successo.<\/p>","protected":false},"excerpt":{"rendered":"<p>Introduzione Industrie come quella mineraria e petrolifera sono fondamentali per l'economia globale, in quanto forniscono risorse ed energia. Tuttavia, devono affrontare le sfide dei rischi ambientali, sanitari e di sicurezza (EHS). Le aziende ritengono che una solida gestione dei rischi EHS sia fondamentale per il successo. Questo articolo analizza come la nostra Matrice dei rischi di Power BI possa migliorare la gestione dei rischi EHS. Comprendere il rischio EHS ... <\/p>","protected":false},"author":55,"featured_media":12952,"parent":0,"menu_order":0,"comment_status":"closed","ping_status":"closed","template":"","meta":{"footnotes":""},"class_list":["post-12944","page","type-page","status-publish","has-post-thumbnail","hentry","latest_post"],"_links":{"self":[{"href":"https:\/\/www.leaplytics.de\/it\/wp-json\/wp\/v2\/pages\/12944","targetHints":{"allow":["GET"]}}],"collection":[{"href":"https:\/\/www.leaplytics.de\/it\/wp-json\/wp\/v2\/pages"}],"about":[{"href":"https:\/\/www.leaplytics.de\/it\/wp-json\/wp\/v2\/types\/page"}],"author":[{"embeddable":true,"href":"https:\/\/www.leaplytics.de\/it\/wp-json\/wp\/v2\/users\/55"}],"replies":[{"embeddable":true,"href":"https:\/\/www.leaplytics.de\/it\/wp-json\/wp\/v2\/comments?post=12944"}],"version-history":[{"count":0,"href":"https:\/\/www.leaplytics.de\/it\/wp-json\/wp\/v2\/pages\/12944\/revisions"}],"wp:featuredmedia":[{"embeddable":true,"href":"https:\/\/www.leaplytics.de\/it\/wp-json\/wp\/v2\/media\/12952"}],"wp:attachment":[{"href":"https:\/\/www.leaplytics.de\/it\/wp-json\/wp\/v2\/media?parent=12944"}],"curies":[{"name":"wp","href":"https:\/\/api.w.org\/{rel}","templated":true}]}}