{"id":12961,"date":"2023-12-18T23:03:43","date_gmt":"2023-12-18T22:03:43","guid":{"rendered":"https:\/\/www.leaplytics.de\/?page_id=12961"},"modified":"2024-01-02T12:05:32","modified_gmt":"2024-01-02T11:05:32","slug":"identificazione-dei-pericoli-per-la-bi-energia-nelle-industrie-del-trasporto-aereo-e-crocieristico","status":"publish","type":"page","link":"https:\/\/www.leaplytics.de\/it\/identificazione-dei-pericoli-per-la-bi-energia-nelle-industrie-del-trasporto-aereo-e-crocieristico\/","title":{"rendered":"Power BI: Identificazione dei pericoli nei settori dell'aviazione, delle crociere e dei trasporti"},"content":{"rendered":"<h2 class=\"wp-block-heading has-medium-font-size\"><strong>Introduzione<\/strong><\/h2>\n\n\n\n<p>Nei settori dell'aviazione, delle crociere e dei trasporti, l'identificazione dei pericoli e la gestione dei rischi sono fondamentali. La nostra Matrice dei rischi in Power BI si rivela uno strumento prezioso a questo scopo.<\/p>\n\n\n\n<p>Lo strumento \u00e8 in grado di identificare i pericoli e di semplificare la presentazione dei dati per un rapido riconoscimento. Questa capacit\u00e0 consente di intervenire immediatamente, migliorando la sicurezza delle operazioni.<\/p>\n\n\n\n<h2 class=\"wp-block-heading has-medium-font-size\"><strong>Navigazione nei pericoli dell'aviazione<\/strong><\/h2>\n\n\n\n<p>Nel settore dell'aviazione, i pericoli pi\u00f9 comuni sono i problemi legati alle piste di atterraggio o i bird strike. I KPI includono la frequenza dei quasi incidenti e l'efficacia della formazione sulla sicurezza. Ad esempio, l'affidabilit\u00e0 del sistema di comunicazione \u00e8 fondamentale.<\/p>\n\n\n\n<h2 class=\"wp-block-heading has-medium-font-size\"><strong>Garantire la sicurezza nelle operazioni di crociera<\/strong><\/h2>\n\n\n\n<p>Per le crociere, i rischi possono riguardare collisioni con la nave o emergenze sanitarie. I KPI includono il monitoraggio dei tempi di risposta alle emergenze e la disponibilit\u00e0 di adeguate forniture mediche. La sicurezza dei passeggeri \u00e8 quindi fondamentale.<\/p>\n\n\n\n<h2 class=\"wp-block-heading has-medium-font-size\"><strong>Protezione delle operazioni di trasporto<\/strong><\/h2>\n\n\n\n<p>Nel settore dei trasporti, i pericoli possono includere incidenti o interruzioni della catena di approvvigionamento. I KPI sono i tassi di incidenti, il rispetto dei programmi di manutenzione e l'efficienza dei piani di emergenza. Ad esempio, \u00e8 fondamentale monitorare l'efficacia dei programmi di formazione dei conducenti.<\/p>\n\n\n\n<h2 class=\"wp-block-heading has-medium-font-size\"><strong>Matrice di rischio per Power BI<\/strong><\/h2>\n\n\n\n<p>Ecco come la matrice di rischio perfeziona la gestione del rischio:<\/p>\n\n\n\n<p><strong>Asse della probabilit\u00e0:<\/strong> Questo asse analizza la probabilit\u00e0 che un rischio si verifichi, da bassa ad alta. Aiuta a capire la probabilit\u00e0 che i rischi potenziali si verifichino in questi settori.<\/p>\n\n\n\n<p><strong>Asse di impatto:<\/strong> Questo asse analizza la gravit\u00e0 di un rischio, classificandolo come basso, medio o alto. Aiuta le organizzazioni del settore dell'aviazione, delle crociere e dei trasporti ad analizzare l'entit\u00e0 dei danni che un rischio potrebbe causare.<\/p>\n\n\n\n<p>Combinando la probabilit\u00e0 e l'impatto si ottiene un punteggio per ogni rischio. Questo aiuta a classificare i rischi in base alla loro gravit\u00e0. La gestione tempestiva dei rischi ad alta priorit\u00e0 riduce al minimo le minacce e le interruzioni delle operazioni.<\/p>\n\n\n\n<p>Con la Matrice dei rischi, le organizzazioni di questi settori possono:<\/p>\n\n\n\n<ol class=\"wp-block-list\">\n<li><strong>Creare cruscotti:<\/strong> Creare cruscotti in tempo reale che mostrino le metriche di sicurezza, gli incidenti e le tendenze. In questo modo i responsabili del rischio possono vedere facilmente come sta andando la sicurezza.<\/li>\n\n\n\n<li><strong>Visualizzare i dati sul rischio:<\/strong> Utilizzare grafici e diagrammi per mostrare i punteggi di rischio della matrice di rischio. Questo aiuta a capire la gravit\u00e0 dei rischi identificati.<\/li>\n\n\n\n<li><strong>Monitoraggio:<\/strong> Utilizzate Power BI per verificare se siete conformi alle norme di sicurezza. Individuate anche le aree che necessitano di maggiori misure di sicurezza nei settori dell'aviazione, delle crociere e dei trasporti.<\/li>\n\n\n\n<li><strong>Identificare le tendenze: <\/strong>Date un'occhiata ai vostri dati sui rischi. Con la Matrice dei rischi \u00e8 possibile comprendere le ragioni degli incidenti e riconoscere i problemi di sicurezza in corso. Ci\u00f2 consente di prendere decisioni informate per un miglioramento continuo della sicurezza.<\/li>\n<\/ol>\n\n\n\n<div class=\"wp-block-buttons is-layout-flex wp-block-buttons-is-layout-flex\">\n<div class=\"wp-block-button has-custom-font-size\" style=\"font-size:18px\"><a class=\"wp-block-button__link has-background wp-element-button\" href=\"https:\/\/www.leaplytics.de\/it\/prima-pagina\/gestione-dei-progetti-visualizzazioni-personalizzate-microsoft-powerbi\/visualizzazione-personalizzata-della-mappa-di-calore-del-rischio-per-power-bi\/\" style=\"background-color:#22316d\" rel=\"https:\/\/www.leaplytics.de\/frontpage\/project-management-custom-visuals-microsoft-powerbi\/risk-heatmap-custom-visual-for-power-bi\/\">Scoprite qui la nostra \"matrice di rischio\" visiva personalizzata per Power BI!<\/a><\/div>\n<\/div>\n\n\n\n<figure class=\"wp-block-image size-full\"><img loading=\"lazy\" decoding=\"async\" width=\"1024\" height=\"576\" src=\"https:\/\/www.leaplytics.de\/wp-content\/uploads\/2023\/12\/Risk-Matrix.jpg\" alt=\"\" class=\"wp-image-12965\" srcset=\"https:\/\/www.leaplytics.de\/wp-content\/uploads\/2023\/12\/Risk-Matrix.jpg 1024w, https:\/\/www.leaplytics.de\/wp-content\/uploads\/2023\/12\/Risk-Matrix-300x169.jpg 300w, https:\/\/www.leaplytics.de\/wp-content\/uploads\/2023\/12\/Risk-Matrix-768x432.jpg 768w, https:\/\/www.leaplytics.de\/wp-content\/uploads\/2023\/12\/Risk-Matrix-107x60.jpg 107w\" sizes=\"auto, (max-width: 1024px) 100vw, 1024px\" \/><\/figure>\n\n\n\n<h2 class=\"wp-block-heading has-medium-font-size\"><strong>Conclusione<\/strong><\/h2>\n\n\n\n<p>La Matrice dei rischi per Power BI fornisce preziose informazioni sul panorama dei rischi. Aiuta a concentrare le risorse e a migliorare la sicurezza. Lo strumento consente ai professionisti di prendere decisioni informate e di gestire i rischi.<\/p>\n\n\n\n<p>La Matrice dei rischi \u00e8 una risorsa importante per le industrie dell'aviazione, delle crociere e dei trasporti. Rende l'identificazione e la gestione dei rischi pi\u00f9 accessibile ed efficiente. In questo modo, le aziende possono mantenere operazioni sicure e senza intoppi in questi settori vitali.<\/p>","protected":false},"excerpt":{"rendered":"<p>Introduzione Nel settore dell'aviazione, delle crociere e dei trasporti, l'identificazione dei pericoli e la gestione dei rischi sono fondamentali. La nostra Matrice dei rischi in Power BI si rivela uno strumento prezioso a questo scopo. Lo strumento \u00e8 in grado di identificare i pericoli e di semplificare la presentazione dei dati per un rapido riconoscimento. Questa capacit\u00e0 consente di intervenire immediatamente, migliorando la sicurezza delle operazioni. Navigare tra i pericoli dell'aviazione Nel settore dell'aviazione, i comuni ... <\/p>","protected":false},"author":55,"featured_media":12962,"parent":0,"menu_order":0,"comment_status":"closed","ping_status":"closed","template":"","meta":{"footnotes":""},"class_list":["post-12961","page","type-page","status-publish","has-post-thumbnail","hentry","latest_post"],"_links":{"self":[{"href":"https:\/\/www.leaplytics.de\/it\/wp-json\/wp\/v2\/pages\/12961","targetHints":{"allow":["GET"]}}],"collection":[{"href":"https:\/\/www.leaplytics.de\/it\/wp-json\/wp\/v2\/pages"}],"about":[{"href":"https:\/\/www.leaplytics.de\/it\/wp-json\/wp\/v2\/types\/page"}],"author":[{"embeddable":true,"href":"https:\/\/www.leaplytics.de\/it\/wp-json\/wp\/v2\/users\/55"}],"replies":[{"embeddable":true,"href":"https:\/\/www.leaplytics.de\/it\/wp-json\/wp\/v2\/comments?post=12961"}],"version-history":[{"count":0,"href":"https:\/\/www.leaplytics.de\/it\/wp-json\/wp\/v2\/pages\/12961\/revisions"}],"wp:featuredmedia":[{"embeddable":true,"href":"https:\/\/www.leaplytics.de\/it\/wp-json\/wp\/v2\/media\/12962"}],"wp:attachment":[{"href":"https:\/\/www.leaplytics.de\/it\/wp-json\/wp\/v2\/media?parent=12961"}],"curies":[{"name":"wp","href":"https:\/\/api.w.org\/{rel}","templated":true}]}}