{"id":13092,"date":"2024-01-22T11:56:36","date_gmt":"2024-01-22T10:56:36","guid":{"rendered":"https:\/\/www.leaplytics.de\/?page_id=13092"},"modified":"2024-01-22T11:59:33","modified_gmt":"2024-01-22T10:59:33","slug":"gestione-del-rischio-finanziario-di-power-bi","status":"publish","type":"page","link":"https:\/\/www.leaplytics.de\/it\/gestione-del-rischio-finanziario-di-power-bi\/","title":{"rendered":"Power BI: Gestione del rischio finanziario nel settore dei servizi finanziari"},"content":{"rendered":"<h2 class=\"wp-block-heading has-medium-font-size\">Introduzione<\/h2>\n\n\n\n<p>La gestione del rischio \u00e8 fondamentale nella finanza a causa della costante incertezza. Gli esperti devono identificare e affrontare i fattori critici per la stabilit\u00e0, la conformit\u00e0 e la crescita. Questo articolo esplora la gestione del rischio in ambito finanziario, sottolineando la visualizzazione dei dati tramite la matrice di rischio di Power BI per migliorare il processo decisionale.<\/p>\n\n\n\n<h2 class=\"wp-block-heading has-medium-font-size\">Fattori cruciali nella gestione del rischio dei servizi finanziari<\/h2>\n\n\n\n<p style=\"font-size:18px\">1.&nbsp;&nbsp;&nbsp;&nbsp;&nbsp; <strong>Conformit\u00e0 normativa<\/strong>:<\/p>\n\n\n\n<p>Il rispetto dei requisiti normativi \u00e8 una pietra miliare della gestione del rischio nei servizi finanziari. Regolamenti come Basilea III, Dodd-Frank e MiFID II impongono linee guida rigorose per garantire la stabilit\u00e0 e proteggere gli stakeholder. Le istituzioni finanziarie devono rimanere al passo con l'evoluzione delle normative e implementare solide misure di conformit\u00e0.<\/p>\n\n\n\n<ul class=\"wp-block-list\">\n<li><strong>KPI:<\/strong> Punteggio di conformit\u00e0<\/li>\n<\/ul>\n\n\n\n<ul class=\"wp-block-list\">\n<li><strong>Spiegazione:<\/strong> Questo KPI misura l'aderenza dell'istituto ai requisiti normativi. Un punteggio pi\u00f9 alto indica una maggiore conformit\u00e0.<\/li>\n<\/ul>\n\n\n\n<p style=\"font-size:18px\">2.&nbsp;&nbsp;&nbsp;&nbsp;&nbsp; <strong>Rischio di credito<\/strong>:<\/p>\n\n\n\n<p>Il rischio di credito \u00e8 insito nel settore finanziario e la sua gestione \u00e8 essenziale. L'analisi del merito di credito del mutuatario, il monitoraggio delle esposizioni creditizie e l'attuazione di pratiche di prestito attente sono fondamentali per mitigare il rischio di credito.<\/p>\n\n\n\n<ul class=\"wp-block-list\">\n<li><strong>KPI:<\/strong> Probabilit\u00e0 di default Rating\/indice<\/li>\n<\/ul>\n\n\n\n<ul class=\"wp-block-list\">\n<li><strong>Spiegazione:<\/strong> Il rating\/indice di probabilit\u00e0 di insolvenza riflette la probabilit\u00e0 di insolvenza dei mutuatari. Un rating\/indice pi\u00f9 basso \u00e8 auspicabile, in quanto indica un rischio di credito inferiore.<\/li>\n<\/ul>\n\n\n\n<p style=\"font-size:18px\">3.&nbsp;&nbsp;&nbsp;&nbsp;&nbsp; <strong>Rischio di mercato<\/strong>:<\/p>\n\n\n\n<p>Le fluttuazioni dei tassi di interesse, dei tassi di cambio e dei prezzi delle materie prime rappresentano una sfida per le istituzioni finanziarie. \u00c8 essenziale implementare modelli di rischio che valutino l'esposizione al rischio di mercato. Gli scenari di stress test possono aiutare a identificare le potenziali vulnerabilit\u00e0.<\/p>\n\n\n\n<ul class=\"wp-block-list\">\n<li><strong>KPI:<\/strong> Indice di volatilit\u00e0 del mercato<\/li>\n<\/ul>\n\n\n\n<ul class=\"wp-block-list\">\n<li><strong>Spiegazione:<\/strong> Il Market Volatility Index identifica il livello di imprevedibilit\u00e0 dei mercati finanziari. Un indice pi\u00f9 alto indica un rischio di mercato pi\u00f9 elevato.<\/li>\n<\/ul>\n\n\n\n<p style=\"font-size:18px\">4.&nbsp;&nbsp;&nbsp;&nbsp;&nbsp; <strong>Rischio operativo<\/strong>:<\/p>\n\n\n\n<p>Interruzioni operative, minacce alla sicurezza informatica <a href=\"https:\/\/www.leaplytics.de\/it\/gestione-del-rischio-di-cybersecurity-di-power-bi\/\"><mark style=\"background-color:rgba(0, 0, 0, 0)\" class=\"has-inline-color has-vivid-cyan-blue-color\">(clicca qui per consultare il nostro articolo sulla gestione del rischio di cybersecurity)<\/mark><\/a>e le carenze dei processi interni possono avere un impatto sui servizi finanziari. Lo sviluppo di quadri di rischio completi, la conduzione di audit regolari e il monitoraggio delle misure di cybersecurity sono fondamentali. Queste azioni aiutano a gestire il rischio operativo.<\/p>\n\n\n\n<ul class=\"wp-block-list\">\n<li><strong>KPI:<\/strong> Punteggio di resilienza operativa<\/li>\n<\/ul>\n\n\n\n<ul class=\"wp-block-list\">\n<li><strong>Spiegazione:<\/strong> Il punteggio di resilienza operativa valuta la capacit\u00e0 dell'istituto di resistere e riprendersi da interruzioni operative. Un punteggio pi\u00f9 alto indica una maggiore resilienza operativa.<\/li>\n<\/ul>\n\n\n\n<p style=\"font-size:18px\">5.&nbsp;&nbsp;&nbsp;&nbsp;&nbsp; <strong>Rischio di liquidit\u00e0<\/strong>:<\/p>\n\n\n\n<p>\u00c8 fondamentale garantire una liquidit\u00e0 sufficiente per far fronte agli obblighi a breve termine. Gli istituti devono disporre di piani di emergenza, sottoporre a stress test le posizioni di liquidit\u00e0 e mantenere un equilibrio tra attivit\u00e0 a breve e a lungo termine.<\/p>\n\n\n\n<ul class=\"wp-block-list\">\n<li><strong>KPI:<\/strong> Rapporto di copertura della liquidit\u00e0<\/li>\n<\/ul>\n\n\n\n<ul class=\"wp-block-list\">\n<li><strong>Spiegazione:<\/strong> Il Liquidity Coverage Ratio misura la capacit\u00e0 dell'istituto di coprire le obbligazioni a breve termine con attivit\u00e0 liquide. Un indice pi\u00f9 elevato indica una posizione di liquidit\u00e0 pi\u00f9 sana.<\/li>\n<\/ul>\n\n\n\n<h2 class=\"wp-block-heading has-medium-font-size\">Visualizzazione dei dati con la Matrice di rischio per Power BI<\/h2>\n\n\n\n<p>La matrice dei rischi per Power BI \u00e8 un potente strumento visivo che consente ai risk manager di valutare, dare priorit\u00e0 e comunicare i rischi. La matrice consente di classificare i rischi in base alla loro probabilit\u00e0 e al loro impatto. Grazie alle sue ampie funzionalit\u00e0, la matrice dei rischi consente una visione completa e multidimensionale del panorama dei rischi.<\/p>\n\n\n\n<figure class=\"wp-block-image size-full\"><img loading=\"lazy\" decoding=\"async\" width=\"1024\" height=\"576\" src=\"https:\/\/www.leaplytics.de\/wp-content\/uploads\/2024\/01\/Risk-Matrix.jpg\" alt=\"\" class=\"wp-image-13066\" srcset=\"https:\/\/www.leaplytics.de\/wp-content\/uploads\/2024\/01\/Risk-Matrix.jpg 1024w, https:\/\/www.leaplytics.de\/wp-content\/uploads\/2024\/01\/Risk-Matrix-300x169.jpg 300w, https:\/\/www.leaplytics.de\/wp-content\/uploads\/2024\/01\/Risk-Matrix-768x432.jpg 768w, https:\/\/www.leaplytics.de\/wp-content\/uploads\/2024\/01\/Risk-Matrix-107x60.jpg 107w\" sizes=\"auto, (max-width: 1024px) 100vw, 1024px\" \/><\/figure>\n\n\n\n<div class=\"wp-block-buttons is-content-justification-center is-layout-flex wp-container-core-buttons-is-layout-1 wp-block-buttons-is-layout-flex\">\n<div class=\"wp-block-button has-custom-font-size\" style=\"font-size:18px\"><a class=\"wp-block-button__link has-background wp-element-button\" href=\"https:\/\/www.leaplytics.de\/it\/prima-pagina\/gestione-dei-progetti-visualizzazioni-personalizzate-microsoft-powerbi\/visualizzazione-personalizzata-della-mappa-di-calore-del-rischio-per-power-bi\/\" style=\"background-color:#22316d\">Scoprite qui la nostra \"matrice di rischio\" visiva personalizzata per Power BI!<\/a><\/div>\n<\/div>\n\n\n\n<p><\/p>\n\n\n\n<h2 class=\"wp-block-heading has-medium-font-size\">Sfide e opportunit\u00e0<\/h2>\n\n\n\n<p><strong>Sfide<\/strong>:<\/p>\n\n\n\n<ul class=\"wp-block-list\">\n<li><strong>Qualit\u00e0 e integrazione dei dati<\/strong>: Garantire l'accuratezza e l'affidabilit\u00e0 dei dati provenienti da varie fonti pu\u00f2 essere impegnativo. L'integrazione dei dati in Power BI richiede un'attenzione particolare per mantenere l'integrit\u00e0 dei dati.<\/li>\n\n\n\n<li><strong>Comunicazione con gli stakeholder<\/strong>: Comunicare le informazioni sul rischio alle parti interessate \u00e8 fondamentale. La sfida consiste nel presentare dati complessi in un formato comprensibile.<\/li>\n<\/ul>\n\n\n\n<p><strong>Opportunit\u00e0<\/strong>:<\/p>\n\n\n\n<ul class=\"wp-block-list\">\n<li><strong>Analisi predittiva<\/strong>: L'uso dell'analisi predittiva in Power BI identifica i possibili rischi prima che si verifichino. Questo aiuta a gestire i rischi in anticipo.<\/li>\n\n\n\n<li><strong>Monitoraggio in tempo reale<\/strong>: Power BI consente di monitorare in tempo reale i principali indicatori di rischio. Ci\u00f2 consente di reagire in modo flessibile ai rischi emergenti.<\/li>\n<\/ul>\n\n\n\n<p><strong>Affrontare le sfide attraverso la gestione del rischio<\/strong><\/p>\n\n\n\n<ul class=\"wp-block-list\">\n<li><strong>Stabilire la governance dei dati<\/strong>: L'implementazione di solide pratiche di governance dei dati garantisce la qualit\u00e0 e l'integrit\u00e0 dei dati. Ci\u00f2 aumenta l'affidabilit\u00e0 delle valutazioni del rischio.<\/li>\n\n\n\n<li><strong>Formazione delle parti interessate<\/strong>: Fornire formazione sull'interpretazione dei dati di rischio e sull'utilizzo degli strumenti di Power BI per prendere decisioni informate.<\/li>\n<\/ul>\n\n\n\n<h2 class=\"wp-block-heading has-medium-font-size\">Conclusione<\/h2>\n\n\n\n<p>Nel dinamico settore dei servizi finanziari, una gestione efficace del rischio \u00e8 fondamentale. L'utilizzo di strumenti come la matrice di rischio per Power BI migliora il processo decisionale. Aiuta ad affrontare le sfide e a cogliere le opportunit\u00e0. La qualit\u00e0 dei dati, il miglioramento della comunicazione con gli stakeholder e l'utilizzo di analisi avanzate sono passi fondamentali. Adottando queste strategie, le istituzioni finanziarie possono costruire la resilienza e garantire una crescita sostenibile.<\/p>","protected":false},"excerpt":{"rendered":"<p>Introduzione La gestione del rischio \u00e8 fondamentale in finanza a causa della costante incertezza. Gli esperti devono identificare e affrontare i fattori critici per la stabilit\u00e0, la conformit\u00e0 e la crescita. Questo articolo esplora la gestione del rischio in ambito finanziario, ponendo l'accento sulla visualizzazione dei dati tramite la matrice di rischio di Power BI per migliorare il processo decisionale. Fattori cruciali per la gestione del rischio nei servizi finanziari 1.      Conformit\u00e0 normativa: Il rispetto delle norme ... <\/p>","protected":false},"author":55,"featured_media":13094,"parent":0,"menu_order":0,"comment_status":"closed","ping_status":"closed","template":"","meta":{"footnotes":""},"class_list":["post-13092","page","type-page","status-publish","has-post-thumbnail","hentry","latest_post"],"_links":{"self":[{"href":"https:\/\/www.leaplytics.de\/it\/wp-json\/wp\/v2\/pages\/13092","targetHints":{"allow":["GET"]}}],"collection":[{"href":"https:\/\/www.leaplytics.de\/it\/wp-json\/wp\/v2\/pages"}],"about":[{"href":"https:\/\/www.leaplytics.de\/it\/wp-json\/wp\/v2\/types\/page"}],"author":[{"embeddable":true,"href":"https:\/\/www.leaplytics.de\/it\/wp-json\/wp\/v2\/users\/55"}],"replies":[{"embeddable":true,"href":"https:\/\/www.leaplytics.de\/it\/wp-json\/wp\/v2\/comments?post=13092"}],"version-history":[{"count":6,"href":"https:\/\/www.leaplytics.de\/it\/wp-json\/wp\/v2\/pages\/13092\/revisions"}],"predecessor-version":[{"id":13102,"href":"https:\/\/www.leaplytics.de\/it\/wp-json\/wp\/v2\/pages\/13092\/revisions\/13102"}],"wp:featuredmedia":[{"embeddable":true,"href":"https:\/\/www.leaplytics.de\/it\/wp-json\/wp\/v2\/media\/13094"}],"wp:attachment":[{"href":"https:\/\/www.leaplytics.de\/it\/wp-json\/wp\/v2\/media?parent=13092"}],"curies":[{"name":"wp","href":"https:\/\/api.w.org\/{rel}","templated":true}]}}