{"id":13321,"date":"2024-04-09T20:47:19","date_gmt":"2024-04-09T18:47:19","guid":{"rendered":"https:\/\/www.leaplytics.de\/?page_id=13321"},"modified":"2024-04-17T15:17:27","modified_gmt":"2024-04-17T13:17:27","slug":"matrice-di-opportunita-per-il-power-bi","status":"publish","type":"page","link":"https:\/\/www.leaplytics.de\/it\/matrice-di-opportunita-per-il-power-bi\/","title":{"rendered":"Matrice delle opportunit\u00e0 per Power BI - Sfruttare per sbloccare il vostro vantaggio competitivo"},"content":{"rendered":"<p>Per i project manager e i risk manager, sfruttare le opportunit\u00e0 \u00e8 fondamentale quanto mitigare i rischi. Adattando la nostra visualizzazione della Matrice dei rischi a Power BI, possiamo convertirla in una Matrice delle opportunit\u00e0. Questo approccio consente di identificare e capitalizzare le opportunit\u00e0 che determinano un vantaggio competitivo.<\/p>\n\n\n\n<figure class=\"wp-block-embed is-type-video is-provider-youtube wp-block-embed-youtube wp-embed-aspect-16-9 wp-has-aspect-ratio\"><div class=\"wp-block-embed__wrapper\">\n<iframe loading=\"lazy\" title=\"Matrice delle opportunit\u00e0 per Power BI - LeapLytics\" width=\"770\" height=\"433\" src=\"https:\/\/www.youtube.com\/embed\/VzEAOzIjrZY?feature=oembed\" frameborder=\"0\" allow=\"accelerometer; autoplay; clipboard-write; encrypted-media; gyroscope; picture-in-picture; web-share\" referrerpolicy=\"strict-origin-when-cross-origin\" allowfullscreen><\/iframe>\n<\/div><figcaption class=\"wp-element-caption\">Nel nostro video su YouTube, mostriamo come impostare una Matrice delle opportunit\u00e0 in Power BI.<\/figcaption><\/figure>\n\n\n\n<h3 class=\"wp-block-heading has-medium-font-size\"><strong>Perch\u00e9 la gestione delle opportunit\u00e0 \u00e8 importante<\/strong><\/h3>\n\n\n\n<p>La gestione delle opportunit\u00e0 \u00e8 essenziale per le aziende che cercano una crescita sostenibile e un vantaggio competitivo. Si tratta di individuare e cogliere le opportunit\u00e0. Le organizzazioni possono capitalizzare le tendenze del mercato, l'innovazione e le tecnologie emergenti. Inoltre, consente di migliorare continuamente la qualit\u00e0 dei prodotti e dei servizi. Inoltre, un'efficace gestione delle opportunit\u00e0 consente alle aziende di rimanere davanti ai concorrenti. \u00c8 fondamentale adattarsi alle mutevoli esigenze e preferenze dei clienti.<\/p>\n\n\n\n<h3 class=\"wp-block-heading has-medium-font-size\"><strong>Identificare le opportunit\u00e0 da varie fonti<\/strong><\/h3>\n\n\n\n<p>Per individuare le opportunit\u00e0, dobbiamo attingere a tutte le fonti che conosciamo.<\/p>\n\n\n\n<div class=\"wp-block-columns is-layout-flex wp-container-core-columns-is-layout-1 wp-block-columns-is-layout-flex\">\n<div class=\"wp-block-column is-layout-flow wp-block-column-is-layout-flow\" style=\"flex-basis:2%\">\n<p><strong>1.<\/strong><\/p>\n<\/div>\n\n\n\n<div class=\"wp-block-column is-layout-flow wp-block-column-is-layout-flow\" style=\"flex-basis:98%\">\n<p><strong>Valutare il panorama competitivo:<\/strong> Valutare l'ambiente aziendale significa analizzare i punti di forza, le debolezze, il posizionamento sul mercato e le strategie dei concorrenti. Il benchmarking o un'analisi SWOT possono essere strumenti potenti. La conoscenza delle migliori pratiche dei concorrenti pu\u00f2 rivelare potenziali opportunit\u00e0.<\/p>\n<\/div>\n<\/div>\n\n\n\n<div class=\"wp-block-columns is-layout-flex wp-container-core-columns-is-layout-2 wp-block-columns-is-layout-flex\">\n<div class=\"wp-block-column is-layout-flow wp-block-column-is-layout-flow\" style=\"flex-basis:2%\">\n<p><strong>2.<\/strong><\/p>\n<\/div>\n\n\n\n<div class=\"wp-block-column is-layout-flow wp-block-column-is-layout-flow\" style=\"flex-basis:98%\">\n<p><strong>Capire in anticipo le esigenze dei clienti: <\/strong>Rimanere in sintonia con le tendenze del mercato, il comportamento dei consumatori e le preferenze emergenti. Le ricerche di mercato, il feedback dei clienti e l'analisi dei modelli di acquisto aiutano ad anticipare le esigenze dei clienti.<\/p>\n<\/div>\n<\/div>\n\n\n\n<div class=\"wp-block-columns is-layout-flex wp-container-core-columns-is-layout-3 wp-block-columns-is-layout-flex\">\n<div class=\"wp-block-column is-layout-flow wp-block-column-is-layout-flow\" style=\"flex-basis:2%\">\n<p><strong>3.<\/strong><\/p>\n<\/div>\n\n\n\n<div class=\"wp-block-column is-layout-flow wp-block-column-is-layout-flow\" style=\"flex-basis:98%\">\n<p><strong>Incoraggiare l'innovazione e installare pratiche di condivisione delle conoscenze:<\/strong> Promuovere una cultura dell'innovazione e della creativit\u00e0. Riunire persone di diversi segmenti pu\u00f2 essere un importante motore di condivisione delle conoscenze. Questo pu\u00f2 portare a idee pi\u00f9 innovative grazie a un pensiero fuori dagli schemi.<\/p>\n<\/div>\n<\/div>\n\n\n\n<div class=\"wp-block-columns is-layout-flex wp-container-core-columns-is-layout-4 wp-block-columns-is-layout-flex\">\n<div class=\"wp-block-column is-layout-flow wp-block-column-is-layout-flow\" style=\"flex-basis:2%\">\n<p><strong>4.<\/strong><\/p>\n<\/div>\n\n\n\n<div class=\"wp-block-column is-layout-flow wp-block-column-is-layout-flow\" style=\"flex-basis:98%\">\n<p><strong>Identificare i rallentamenti e trovare le cause principali:<\/strong> Lo slack si riferisce a risorse, processi o capacit\u00e0 sottoutilizzate all'interno di un'organizzazione. L'obiettivo \u00e8 identificare le aree di slack e indagare sulle cause che le determinano. In questo modo, \u00e8 possibile scoprire opportunit\u00e0 nascoste di ottimizzazione e miglioramento. Gli audit dei processi e i feedback dei dipendenti possono essere utilizzati come strategie di identificazione.<\/p>\n<\/div>\n<\/div>\n\n\n\n<div class=\"wp-block-columns is-layout-flex wp-container-core-columns-is-layout-5 wp-block-columns-is-layout-flex\">\n<div class=\"wp-block-column is-layout-flow wp-block-column-is-layout-flow\" style=\"flex-basis:2%\">\n<p><strong>5.<\/strong><\/p>\n<\/div>\n\n\n\n<div class=\"wp-block-column is-layout-flow wp-block-column-is-layout-flow\" style=\"flex-basis:98%\">\n<p><strong>Non dimenticatevi dei vostri rischi, potrebbero coprire delle opportunit\u00e0: <\/strong>I rischi sono tipicamente considerati come potenziali minacce alle attivit\u00e0 aziendali. Ma possono anche rivelare opportunit\u00e0 nascoste. Analizzando e gestendo i rischi, si pu\u00f2 pensare di trasformarne alcuni in opportunit\u00e0. Ad esempio, le minacce alla sicurezza informatica possono portare a una maggiore fiducia e fedelt\u00e0 dei clienti.<\/p>\n<\/div>\n<\/div>\n\n\n\n<div class=\"wp-block-columns is-layout-flex wp-container-core-columns-is-layout-6 wp-block-columns-is-layout-flex\">\n<div class=\"wp-block-column is-layout-flow wp-block-column-is-layout-flow\" style=\"flex-basis:2%\">\n<p><strong>6.<\/strong><\/p>\n<\/div>\n\n\n\n<div class=\"wp-block-column is-layout-flow wp-block-column-is-layout-flow\" style=\"flex-basis:98%\">\n<p><strong>Diventate i pionieri della sostenibilit\u00e0 nel vostro settore:<\/strong> L'adozione della sostenibilit\u00e0 pu\u00f2 aprire nuove opportunit\u00e0 di innovazione, risparmio e differenziazione. Individuate i modi per ridurre le emissioni e ottimizzare l'uso delle risorse. Il risultato sar\u00e0 un risparmio sui costi, la fedelt\u00e0 dei clienti e una migliore reputazione del marchio.<\/p>\n<\/div>\n<\/div>\n\n\n\n<h3 class=\"wp-block-heading has-medium-font-size\"><strong>Vantaggi della gestione delle opportunit\u00e0<\/strong><\/h3>\n\n\n\n<p>Una gestione efficace delle opportunit\u00e0 offre molti vantaggi. Tra cui una maggiore redditivit\u00e0, un migliore posizionamento sul mercato, una maggiore soddisfazione dei clienti e una crescita aziendale sostenibile. Identificando e sfruttando le opportunit\u00e0 in modo proattivo, le organizzazioni possono promuovere l'innovazione. Promuovono una cultura del miglioramento continuo e massimizzano il loro vantaggio competitivo.<\/p>\n\n\n\n<h3 class=\"wp-block-heading has-medium-font-size\"><strong>Comprendere la matrice delle opportunit\u00e0<\/strong><\/h3>\n\n\n\n<p>Nella sua essenza, la matrice delle opportunit\u00e0 rispecchia la nota matrice dei rischi. Valuta le opportunit\u00e0 potenziali in base alla loro probabilit\u00e0 e al loro impatto. La matrice facilita l'individuazione, la valutazione e la gestione delle opportunit\u00e0. Guidare le organizzazioni verso il miglioramento delle prestazioni e la crescita \u00e8 la priorit\u00e0 assoluta.<\/p>\n\n\n\n<div class=\"wp-block-columns is-layout-flex wp-container-core-columns-is-layout-7 wp-block-columns-is-layout-flex\">\n<div class=\"wp-block-column is-vertically-aligned-center is-layout-flow wp-block-column-is-layout-flow\" style=\"flex-basis:150px\">\n<figure class=\"wp-block-image size-full is-resized\"><img loading=\"lazy\" decoding=\"async\" width=\"255\" height=\"259\" src=\"https:\/\/www.leaplytics.de\/wp-content\/uploads\/2024\/04\/Bild3.jpg\" alt=\"\" class=\"wp-image-13324\" style=\"width:100px\" srcset=\"https:\/\/www.leaplytics.de\/wp-content\/uploads\/2024\/04\/Bild3.jpg 255w, https:\/\/www.leaplytics.de\/wp-content\/uploads\/2024\/04\/Bild3-59x60.jpg 59w\" sizes=\"auto, (max-width: 255px) 100vw, 255px\" \/><\/figure>\n<\/div>\n\n\n\n<div class=\"wp-block-column is-layout-flow wp-block-column-is-layout-flow\" style=\"flex-basis:66.66%\">\n<p><strong>Opzione Tooltip tramite passaggio del mouse<\/strong><\/p>\n\n\n\n<p>Passando il mouse sui punti di dati si ottengono informazioni dettagliate. Ci\u00f2 consente agli utenti di approfondire specifiche opportunit\u00e0. Questa funzione migliora il processo decisionale, fornendo informazioni complete a colpo d'occhio.<\/p>\n<\/div>\n<\/div>\n\n\n\n<div class=\"wp-block-columns is-layout-flex wp-container-core-columns-is-layout-8 wp-block-columns-is-layout-flex\">\n<div class=\"wp-block-column is-vertically-aligned-center is-layout-flow wp-block-column-is-layout-flow\" style=\"flex-basis:150px\">\n<figure class=\"wp-block-image size-large is-resized\"><img loading=\"lazy\" decoding=\"async\" width=\"1024\" height=\"1024\" src=\"https:\/\/www.leaplytics.de\/wp-content\/uploads\/2022\/06\/Indicator-Settings-1024x1024.png\" alt=\"\" class=\"wp-image-8461\" style=\"width:128px;height:auto\" srcset=\"https:\/\/www.leaplytics.de\/wp-content\/uploads\/2022\/06\/Indicator-Settings-1024x1024.png 1024w, https:\/\/www.leaplytics.de\/wp-content\/uploads\/2022\/06\/Indicator-Settings-300x300.png 300w, https:\/\/www.leaplytics.de\/wp-content\/uploads\/2022\/06\/Indicator-Settings-150x150.png 150w, https:\/\/www.leaplytics.de\/wp-content\/uploads\/2022\/06\/Indicator-Settings-768x768.png 768w, https:\/\/www.leaplytics.de\/wp-content\/uploads\/2022\/06\/Indicator-Settings-1536x1536.png 1536w, https:\/\/www.leaplytics.de\/wp-content\/uploads\/2022\/06\/Indicator-Settings-370x370.png 370w, https:\/\/www.leaplytics.de\/wp-content\/uploads\/2022\/06\/Indicator-Settings-60x60.png 60w, https:\/\/www.leaplytics.de\/wp-content\/uploads\/2022\/06\/Indicator-Settings.png 1854w\" sizes=\"auto, (max-width: 1024px) 100vw, 1024px\" \/><\/figure>\n<\/div>\n\n\n\n<div class=\"wp-block-column is-layout-flow wp-block-column-is-layout-flow\">\n<p class=\"has-medium-font-size\"><strong>Formattazione condizionale<\/strong><\/p>\n\n\n\n<p>Utilizzate le regole di formattazione condizionale per evidenziare le opportunit\u00e0 significative in base a criteri predefiniti. Questa funzione aumenta la visibilit\u00e0 e d\u00e0 priorit\u00e0 alle informazioni utili per la pianificazione e l'esecuzione strategica. Inoltre, la formattazione condizionale pu\u00f2 ampliare la matrice con un'altra dimensione. Ad esempio, valutando la fattibilit\u00e0 di ogni opportunit\u00e0 attraverso codici colore. Diverse tonalit\u00e0 di colore possono rappresentare diversi livelli di fattibilit\u00e0. Fornendo agli stakeholder indicazioni preziose sulla fattibilit\u00e0 di ogni opportunit\u00e0.<\/p>\n<\/div>\n<\/div>\n\n\n\n<div class=\"wp-block-columns is-layout-flex wp-container-core-columns-is-layout-9 wp-block-columns-is-layout-flex\">\n<div class=\"wp-block-column is-vertically-aligned-center is-layout-flow wp-block-column-is-layout-flow\" style=\"flex-basis:150px\">\n<figure class=\"wp-block-image size-full is-resized\"><img loading=\"lazy\" decoding=\"async\" width=\"355\" height=\"218\" src=\"https:\/\/www.leaplytics.de\/wp-content\/uploads\/2024\/04\/Bild2.jpg\" alt=\"\" class=\"wp-image-13323\" style=\"width:128px\" srcset=\"https:\/\/www.leaplytics.de\/wp-content\/uploads\/2024\/04\/Bild2.jpg 355w, https:\/\/www.leaplytics.de\/wp-content\/uploads\/2024\/04\/Bild2-300x184.jpg 300w, https:\/\/www.leaplytics.de\/wp-content\/uploads\/2024\/04\/Bild2-98x60.jpg 98w\" sizes=\"auto, (max-width: 355px) 100vw, 355px\" \/><\/figure>\n<\/div>\n\n\n\n<div class=\"wp-block-column is-layout-flow wp-block-column-is-layout-flow\" style=\"flex-basis:66.66%\">\n<p><strong>Opzione Drill-through per maggiori approfondimenti<\/strong><\/p>\n\n\n\n<p>Navigare tra i livelli di dati con la funzione drill-through. Questa funzione consente agli utenti di esplorare i fattori sottostanti che influenzano ciascuna opportunit\u00e0. Questa capacit\u00e0 di immersione profonda favorisce una comprensione approfondita dei potenziali driver e delle implicazioni.<\/p>\n<\/div>\n<\/div>\n\n\n\n<div class=\"wp-block-columns is-layout-flex wp-container-core-columns-is-layout-10 wp-block-columns-is-layout-flex\">\n<div class=\"wp-block-column is-vertically-aligned-center is-layout-flow wp-block-column-is-layout-flow\" style=\"flex-basis:150px\">\n<figure class=\"wp-block-image size-large is-resized\"><img loading=\"lazy\" decoding=\"async\" width=\"1024\" height=\"1024\" src=\"https:\/\/www.leaplytics.de\/wp-content\/uploads\/2022\/05\/Color-Settings-1024x1024.png\" alt=\"\" class=\"wp-image-7710\" style=\"width:128px\" srcset=\"https:\/\/www.leaplytics.de\/wp-content\/uploads\/2022\/05\/Color-Settings-1024x1024.png 1024w, https:\/\/www.leaplytics.de\/wp-content\/uploads\/2022\/05\/Color-Settings-300x300.png 300w, https:\/\/www.leaplytics.de\/wp-content\/uploads\/2022\/05\/Color-Settings-150x150.png 150w, https:\/\/www.leaplytics.de\/wp-content\/uploads\/2022\/05\/Color-Settings-768x768.png 768w, https:\/\/www.leaplytics.de\/wp-content\/uploads\/2022\/05\/Color-Settings-1536x1536.png 1536w, https:\/\/www.leaplytics.de\/wp-content\/uploads\/2022\/05\/Color-Settings-2048x2048.png 2048w, https:\/\/www.leaplytics.de\/wp-content\/uploads\/2022\/05\/Color-Settings-370x370.png 370w, https:\/\/www.leaplytics.de\/wp-content\/uploads\/2022\/05\/Color-Settings-60x60.png 60w, https:\/\/www.leaplytics.de\/wp-content\/uploads\/2022\/05\/Color-Settings-600x600.png 600w, https:\/\/www.leaplytics.de\/wp-content\/uploads\/2022\/05\/Color-Settings-100x100.png 100w\" sizes=\"auto, (max-width: 1024px) 100vw, 1024px\" \/><\/figure>\n<\/div>\n\n\n\n<div class=\"wp-block-column is-layout-flow wp-block-column-is-layout-flow\" style=\"flex-basis:66.66%\">\n<p><strong>Design del colore personalizzato<\/strong><\/p>\n\n\n\n<p>Personalizzate la matrice con schemi di colori personalizzati. Ci\u00f2 favorisce la chiarezza e consente la personalizzazione in base alle esigenze individuali.<\/p>\n<\/div>\n<\/div>\n\n\n\n<div class=\"wp-block-columns is-layout-flex wp-container-core-columns-is-layout-11 wp-block-columns-is-layout-flex\">\n<div class=\"wp-block-column is-vertically-aligned-center is-layout-flow wp-block-column-is-layout-flow\" style=\"flex-basis:150px\">\n<figure class=\"wp-block-image size-large\"><img loading=\"lazy\" decoding=\"async\" width=\"1024\" height=\"1018\" src=\"https:\/\/www.leaplytics.de\/wp-content\/uploads\/2022\/06\/Axis-Settings-1024x1018.png\" alt=\"\" class=\"wp-image-8460\" srcset=\"https:\/\/www.leaplytics.de\/wp-content\/uploads\/2022\/06\/Axis-Settings-1024x1018.png 1024w, https:\/\/www.leaplytics.de\/wp-content\/uploads\/2022\/06\/Axis-Settings-300x298.png 300w, https:\/\/www.leaplytics.de\/wp-content\/uploads\/2022\/06\/Axis-Settings-150x150.png 150w, https:\/\/www.leaplytics.de\/wp-content\/uploads\/2022\/06\/Axis-Settings-768x763.png 768w, https:\/\/www.leaplytics.de\/wp-content\/uploads\/2022\/06\/Axis-Settings-1536x1527.png 1536w, https:\/\/www.leaplytics.de\/wp-content\/uploads\/2022\/06\/Axis-Settings-60x60.png 60w, https:\/\/www.leaplytics.de\/wp-content\/uploads\/2022\/06\/Axis-Settings.png 1827w\" sizes=\"auto, (max-width: 1024px) 100vw, 1024px\" \/><\/figure>\n<\/div>\n\n\n\n<div class=\"wp-block-column is-layout-flow wp-block-column-is-layout-flow\" style=\"flex-basis:66.66%\">\n<p><strong>Impostazioni personalizzabili di griglia, asse e indicatore<\/strong><\/p>\n\n\n\n<p>Adattare il layout della matrice alle preferenze organizzative e ai requisiti specifici del progetto. Regolate le griglie, le etichette degli assi e i marcatori degli indicatori per ottimizzare la leggibilit\u00e0 e la chiarezza.<\/p>\n<\/div>\n<\/div>\n\n\n\n<div class=\"wp-block-buttons is-layout-flex wp-block-buttons-is-layout-flex\">\n<div class=\"wp-block-button has-custom-font-size\" style=\"font-size:18px\"><a class=\"wp-block-button__link has-background wp-element-button\" href=\"https:\/\/www.leaplytics.de\/it\/prima-pagina\/gestione-dei-progetti-visualizzazioni-personalizzate-microsoft-powerbi\/visualizzazione-personalizzata-della-mappa-di-calore-del-rischio-per-power-bi\/\" style=\"background-color:#22316d\">Fate clic qui per accedere alla nostra \"Matrice di rischio\" visiva personalizzata per Power BI!<\/a><\/div>\n<\/div>\n\n\n\n<figure class=\"wp-block-image size-full\"><img loading=\"lazy\" decoding=\"async\" width=\"152\" height=\"37\" src=\"https:\/\/www.leaplytics.de\/wp-content\/uploads\/2022\/05\/PBI-Certified.png\" alt=\"\" class=\"wp-image-8358\" srcset=\"https:\/\/www.leaplytics.de\/wp-content\/uploads\/2022\/05\/PBI-Certified.png 152w, https:\/\/www.leaplytics.de\/wp-content\/uploads\/2022\/05\/PBI-Certified-150x37.png 150w\" sizes=\"auto, (max-width: 152px) 100vw, 152px\" \/><\/figure>\n\n\n\n<p><\/p>\n\n\n\n<h3 class=\"wp-block-heading has-medium-font-size\"><strong>Sbloccare il vantaggio competitivo<\/strong><\/h3>\n\n\n\n<p>Le aziende ottengono un vantaggio strategico nel mercato odierno utilizzando la Matrice delle opportunit\u00e0. L'identificazione e la gestione proattiva delle opportunit\u00e0 favorisce l'innovazione, la crescita e il vantaggio sostenibile. La Matrice delle opportunit\u00e0 di Power BI consente alle aziende di gestire le opportunit\u00e0 con funzioni intuitive.<\/p>\n\n\n\n<h3 class=\"wp-block-heading has-medium-font-size\"><strong>Conclusione<\/strong><\/h3>\n\n\n\n<p>La Matrice delle opportunit\u00e0 \u00e8 un potente strumento per il processo decisionale strategico. Arma le organizzazioni per ottenere un vantaggio competitivo sostenibile. Grazie alle sue caratteristiche, consente alle organizzazioni di prosperare in un mercato competitivo. Abbraccia la matrice per la crescita e l'innovazione, sbloccando il potenziale nascosto.<\/p>","protected":false},"excerpt":{"rendered":"<p>Per i project manager e i risk manager, sfruttare le opportunit\u00e0 \u00e8 fondamentale quanto mitigare i rischi. Adattando la nostra visualizzazione della Matrice dei rischi a Power BI, possiamo convertirla in una Matrice delle opportunit\u00e0. Questo approccio consente di identificare e capitalizzare le opportunit\u00e0 che determinano un vantaggio competitivo. Perch\u00e9 la gestione delle opportunit\u00e0 \u00e8 importante La gestione delle opportunit\u00e0 \u00e8 essenziale per le aziende che ... <\/p>","protected":false},"author":55,"featured_media":13426,"parent":0,"menu_order":0,"comment_status":"closed","ping_status":"closed","template":"","meta":{"footnotes":""},"class_list":["post-13321","page","type-page","status-publish","has-post-thumbnail","hentry","latest_post"],"_links":{"self":[{"href":"https:\/\/www.leaplytics.de\/it\/wp-json\/wp\/v2\/pages\/13321","targetHints":{"allow":["GET"]}}],"collection":[{"href":"https:\/\/www.leaplytics.de\/it\/wp-json\/wp\/v2\/pages"}],"about":[{"href":"https:\/\/www.leaplytics.de\/it\/wp-json\/wp\/v2\/types\/page"}],"author":[{"embeddable":true,"href":"https:\/\/www.leaplytics.de\/it\/wp-json\/wp\/v2\/users\/55"}],"replies":[{"embeddable":true,"href":"https:\/\/www.leaplytics.de\/it\/wp-json\/wp\/v2\/comments?post=13321"}],"version-history":[{"count":11,"href":"https:\/\/www.leaplytics.de\/it\/wp-json\/wp\/v2\/pages\/13321\/revisions"}],"predecessor-version":[{"id":13424,"href":"https:\/\/www.leaplytics.de\/it\/wp-json\/wp\/v2\/pages\/13321\/revisions\/13424"}],"wp:featuredmedia":[{"embeddable":true,"href":"https:\/\/www.leaplytics.de\/it\/wp-json\/wp\/v2\/media\/13426"}],"wp:attachment":[{"href":"https:\/\/www.leaplytics.de\/it\/wp-json\/wp\/v2\/media?parent=13321"}],"curies":[{"name":"wp","href":"https:\/\/api.w.org\/{rel}","templated":true}]}}