{"id":13717,"date":"2025-05-12T15:34:59","date_gmt":"2025-05-12T13:34:59","guid":{"rendered":"https:\/\/www.leaplytics.de\/?page_id=13717"},"modified":"2025-05-12T15:35:01","modified_gmt":"2025-05-12T13:35:01","slug":"testimonianze","status":"publish","type":"page","link":"https:\/\/www.leaplytics.de\/it\/testimonianze\/","title":{"rendered":"Testimonianze"},"content":{"rendered":"<p><em>&#8220;<strong>Da oltre un anno utilizziamo la visualizzazione della matrice di rischio\/mappa di calore di LeapLytics in Power BI.<\/strong><br>\u00c8 diventato uno strumento indispensabile per il nostro team. Il suo design intuitivo e le sue caratteristiche personalizzabili ci permettono di visualizzare efficacemente e di dare priorit\u00e0 ai rischi, consentendoci di concentrarci sulle aree pi\u00f9 critiche. La possibilit\u00e0 di adattare la matrice alle nostre esigenze specifiche ha migliorato notevolmente i nostri processi di valutazione dei rischi. Raccomandiamo vivamente questo plugin a tutti i team che desiderano migliorare le proprie capacit\u00e0 di gestione del rischio all'interno di Power BI\".<\/em> (Anonimo)<\/p>\n\n\n\n<p><em>&#8220;<strong>Cambiamento di gioco<\/strong> - Questa applicazione ha risparmiato centinaia di ore di sviluppo, di risoluzione dei problemi e tutti gli altri grattacapi che si presentano quando si costruisce un'applicazione da zero. Questa applicazione \u00e8 stata facilissima da collegare a un'applicazione che stavamo costruendo ed \u00e8 anche visivamente accattivante e facile da usare. La consiglio vivamente a chiunque voglia risparmiare ore di sviluppo e tempo per ottenere qualcosa che \u00e8 gi\u00e0 stato testato in battaglia!\".<\/em> (Anonimo)<\/p>\n\n\n\n<p><em>\"La visualizzazione della matrice di rischio nella piattaforma Power BI \u00e8 stata utilizzata come un <strong>strumento strategico<\/strong> per la gestione delle attivit\u00e0 di manutenzione critiche, fornendo una visualizzazione rapida ed efficace dei rischi associati a ciascun asset. La matrice mappa visivamente la criticit\u00e0 dell'asset in base al suo livello di impatto e alla probabilit\u00e0 di guasto, supportando direttamente la prioritizzazione delle azioni correttive e preventive. <br>Questa funzione aiuta a identificare gli elementi di manutenzione con la massima rilevanza operativa, contribuendo a una gestione pi\u00f9 assertiva di risorse, team e scadenze, soprattutto in scenari complessi come arresti o interventi di emergenza. Inoltre, la sua interfaccia interattiva e personalizzabile consente aggiornamenti e simulazioni in tempo reale, rendendo il processo decisionale pi\u00f9 rapido e guidato dai dati.<br>L'uso di questa visualizzazione rafforza anche la governance della manutenzione basata sul rischio, allineando gli sforzi tecnici con gli obiettivi strategici dell'organizzazione per l'affidabilit\u00e0 e la disponibilit\u00e0 degli asset\".<\/em> (CENIBRA)<\/p>\n\n\n\n<p><em>&#8220;<strong>Visuale fantastica<\/strong> - Ho provato questa visualizzazione per diversi rapporti ed \u00e8 cos\u00ec facile da usare, ma cos\u00ec potente. La rappresentazione visiva dei rischi all'interno di questa matrice mi ha permesso di risparmiare innumerevoli ore, in quanto posso concentrare la mia attenzione su quelle sezioni che sono segnalate come ad alto impatto. Leaplytics \u00e8 anche molto sensibile alle e-mail. Consiglio vivamente questo plug-in di Leaplytics\".<\/em> (Anonimo)<\/p>\n\n\n\n<p><em>&#8220;<strong>Prima mi piacevano le heatmap, ora le adoro<\/strong> - Spesso ho avuto problemi quando ho cercato di creare una mappa di calore. Questa ha un forte potere narrativo ed \u00e8 davvero facile da usare\".<\/em> (Raffaello di Taranto)<\/p>\n\n\n\n<p><em>&#8220;<strong>Applicazione eccellente<\/strong> - \u00c8 un'applicazione indispensabile se si lavora con i rischi. \u00c8 facile da configurare e altamente configurabile per soddisfare le vostre esigenze\".<\/em> (Roy Varghese)<\/p>\n\n\n\n<p><em>&#8220;<strong>Ottimo cruscotto per la segnalazione dei rischi<\/strong> - Il cruscotto fornisce un'eccellente visualizzazione dei rischi e lo abbiamo incorporato in molti cruscotti di reporting sui rischi aziendali. LeapLytics continua a migliorare le caratteristiche del dashboard, compresa la possibilit\u00e0 di colorare i punti. Raccomandiamo vivamente questo plug-in per l'applicazione heatmap dei rischi per migliorare i dashboard di Power BI. Anche la reattivit\u00e0 alle domande e l'assistenza sono un punto a favore\".<\/em> (Becky Sterrett)<\/p>\n\n\n\n<p><em>&#8220;<strong>Grande mappa del rischio<\/strong> - Lo strumento della mappa di calore del rischio \u00e8 stato molto utile per comunicare i rischi aziendali e i livelli di rischio agli stakeholder. Facile da usare e con una buona visualizzazione\".<\/em> (Anonimo)<\/p>\n\n\n\n<p class=\"has-text-align-left\"><em>&#8220;<strong>Questo strumento \u00e8 di facile utilizzo<\/strong> e presenta efficacemente i punteggi di rischio in un formato chiaro e facilmente comprensibile\".<\/em> (Scott Nicol)<\/p>\n\n\n\n<p><em>&#8220;<strong>Ottimo strumento<\/strong> - Questo strumento \u00e8 stato fondamentale per il nostro continuo sforzo di ottimizzare il processo di valutazione del rischio. Fornisce un'ottima visualizzazione per valutare rapidamente il profilo di rischio\".<\/em> (Anonimo)<\/p>\n\n\n\n<p><em>&#8220;<strong>Matrice di rischio<\/strong> - Sono stato molto contento di aver trovato questo strumento e di come ha funzionato dal punto di vista della gestione del rischio e del reporting: \u00e8 un ottimo modo per visualizzare e analizzare i registri dei rischi, concentrandosi sui rischi principali o pi\u00f9 elevati. Anche il team \u00e8 stato fantastico, mi ha fornito assistenza e si \u00e8 confrontato con me su come utilizzarlo e su come migliorarlo\".<\/em> (Anonimo)<\/p>\n\n\n\n<p><em>&#8220;<strong>Funziona esattamente come previsto e pubblicizzato.<\/strong> - Ho acquistato una licenza per questa applicazione quasi 9 mesi fa, l'ho installata in diversi rapporti utilizzati da centinaia di persone in tutto il mondo e ho avuto solo feedback positivi dagli utenti.\"<\/em> (Piccolo, Roy)<\/p>\n\n\n\n<p><em>&#8220;<strong>Un ottimo strumento per visualizzare lo storico della vostra matrice di rischio<\/strong> - Uno dei migliori strumenti speciali per gestire il record della matrice di rischio e visualizzarlo in modo professionale Ho progettato questo strumento e l'ho presentato alla direzione 1- Ottimo design 2- Flessibilit\u00e0 3- Facilit\u00e0 d'uso 4- Raccomando di approfittarne In effetti, questo \u00e8 ci\u00f2 che stavo cercando Grazie, Stefan Preusler Grazie, team di LeapLytics GmbH\".<\/em> (\u0645\u062d\u064a\u064a \u0627\u0644\u062f\u064a\u0646)<\/p>\n\n\n\n<p><em>&#8220;<strong>Ne vale assolutamente la pena<\/strong> - Tutto ci\u00f2 che volevamo ottenere con una matrice di rischio, siamo riusciti a realizzarlo con questa visualizzazione. Ne vale assolutamente la pena\".<\/em> (Anonimo)<\/p>\n\n\n\n<p><em>&#8220;<strong>Ottima soluzione per gli auditor!<\/strong> - L'oggetto visivo soddisfa perfettamente le richieste e i requisiti di una matrice di rischio per gli auditor\" (David L\u00f3pez Morales).<\/em><\/p>\n\n\n\n<p><em>&#8220;<strong>Buona visuale<\/strong> per supportare le conversazioni sul rischio\".<\/em> (Elleke Bosworth)<\/p>\n\n\n\n<p><em>&#8220;<strong>Grande visuale<\/strong> - Stavo cercando una soluzione funzionante per visualizzare i miei rischi. Questa soluzione funziona benissimo ed \u00e8 pronta in pochi minuti. L'interattivit\u00e0 funziona bene e sembra un \"vero affare\"\".<\/em> (Anonimo)<\/p>\n\n\n\n<p><em>&#8220;<strong>Grande strumento di visualizzazione del rischio<\/strong> - Uno strumento fantastico per visualizzare la mappa di calore dei rischi, molto efficace e di facile accesso\".<\/em> (Anonimo)<\/p>\n\n\n\n<p><em>&#8220;<strong>Strumento indispensabile per la gestione del rischio<\/strong> - Questo strumento \u00e8 di facile utilizzo e presenta efficacemente i punteggi di rischio in un formato chiaro e facilmente comprensibile\".<\/em> (Anonimo)<\/p>\n\n\n\n<p><em>&#8220;<strong>Strumento di gestione del rischio molto utile<\/strong> - Trovo che la mappa di calore del rischio sia molto utile nel nostro processo di gestione del rischio. Aiuta a visualizzare il rischio in modo facile e comprensibile sia per il consiglio di amministrazione che per il resto dell'azienda. \u00c8 anche facile da usare e si capisce subito come funzionano le impostazioni\".<\/em> (Anonimo)<\/p>\n\n\n\n<p><em>&#8220;<strong>Ottimo componente aggiuntivo!<\/strong> - Da un anno utilizziamo la mappa di calore di LeapLytics. \u00c8 facile da usare, ha un buon rapporto qualit\u00e0-prezzo e la visualizzazione \u00e8 ottima nel nostro cruscotto dei rischi\".<\/em> (Anonimo)<\/p>\n\n\n\n<p><em>&#8220;<strong>Perfetto<\/strong> - Es muy buena, vers\u00e1til y pr\u00e1ctica\".<\/em> (Cynthia Mercedes Anaya Manrique)<\/p>\n\n\n\n<p><em>&#8220;<strong>Ottima visuale e risposta<\/strong> - Ci ha fornito la visuale di cui avevamo bisogno e la risposta alle nostre domande \u00e8 stata rapida e utile\".<\/em> (Anonimo)<\/p>\n\n\n\n<p><em>&#8220;<strong>Solido <\/strong>- Visuale solida\".<\/em> (Anonimo)<\/p>","protected":false},"excerpt":{"rendered":"<p>\"Da oltre un anno utilizziamo la matrice di rischio\/mappa di calore di LeapLytics in Power BI, che \u00e8 diventata uno strumento indispensabile per il nostro team. Il suo design intuitivo e le sue caratteristiche personalizzabili ci permettono di visualizzare efficacemente e di dare priorit\u00e0 ai rischi, consentendoci di concentrarci sulle aree pi\u00f9 critiche. La possibilit\u00e0 di personalizzare la matrice ... <\/p>","protected":false},"author":2,"featured_media":0,"parent":0,"menu_order":0,"comment_status":"closed","ping_status":"closed","template":"","meta":{"footnotes":""},"class_list":["post-13717","page","type-page","status-publish","hentry","latest_post"],"_links":{"self":[{"href":"https:\/\/www.leaplytics.de\/it\/wp-json\/wp\/v2\/pages\/13717","targetHints":{"allow":["GET"]}}],"collection":[{"href":"https:\/\/www.leaplytics.de\/it\/wp-json\/wp\/v2\/pages"}],"about":[{"href":"https:\/\/www.leaplytics.de\/it\/wp-json\/wp\/v2\/types\/page"}],"author":[{"embeddable":true,"href":"https:\/\/www.leaplytics.de\/it\/wp-json\/wp\/v2\/users\/2"}],"replies":[{"embeddable":true,"href":"https:\/\/www.leaplytics.de\/it\/wp-json\/wp\/v2\/comments?post=13717"}],"version-history":[{"count":5,"href":"https:\/\/www.leaplytics.de\/it\/wp-json\/wp\/v2\/pages\/13717\/revisions"}],"predecessor-version":[{"id":13725,"href":"https:\/\/www.leaplytics.de\/it\/wp-json\/wp\/v2\/pages\/13717\/revisions\/13725"}],"wp:attachment":[{"href":"https:\/\/www.leaplytics.de\/it\/wp-json\/wp\/v2\/media?parent=13717"}],"curies":[{"name":"wp","href":"https:\/\/api.w.org\/{rel}","templated":true}]}}