{"id":14402,"date":"2025-12-18T23:52:33","date_gmt":"2025-12-18T22:52:33","guid":{"rendered":"https:\/\/www.leaplytics.de\/?page_id=14402"},"modified":"2025-12-19T01:57:41","modified_gmt":"2025-12-19T00:57:41","slug":"marketing-vendite-ai","status":"publish","type":"page","link":"https:\/\/www.leaplytics.de\/it\/marketing-vendite-ai\/","title":{"rendered":"Marketing \/ Vendite AI"},"content":{"rendered":"<h2>Il vostro team di marketing e vendite ha troppo lavoro. L'intelligenza artificiale pu\u00f2 aiutarvi.<\/h2>\n\n<p>Il lavoro di marketing e di vendita \u00e8 un lavoro di persone. I contatti. Prospettive. Clienti. Campagne. Messaggi. Una spinta costante per trovare, convincere e mantenere gli acquirenti.<\/p>\n<p>La maggior parte segue degli schemi. Individuare la pista. Scrivere l'e-mail. Segmentare la lista. Aggiornare il CRM. Seguire di nuovo.<\/p>\n<p>L'intelligenza artificiale \u00e8 costruita per questo. Analizza pi\u00f9 velocemente di qualsiasi umano. Non dimentica mai di fare un follow-up. Non invia mai il messaggio sbagliato al segmento sbagliato.<\/p>\n<p>Non sostituisce i team di marketing e di vendita. Li rende pi\u00f9 veloci. Gestisce la routine in modo che il personale possa concentrarsi sulle relazioni e sulla strategia.<\/p>\n\n\n<hr class=\"wp-block-separator has-alpha-channel-opacity\"\/>\n\n\n\n<h3 class=\"wp-block-heading\">La realt\u00e0 del lavoro di marketing e vendite oggi<\/h3>\n\n\n<p>I team di marketing e di vendita sono in affanno. Pi\u00f9 canali. Pi\u00f9 concorrenza. Maggiori aspettative. Budget pi\u00f9 ristretti.<\/p>\n<p>Gli esperti di marketing passano ore su contenuti che potrebbero non funzionare. I rappresentanti commerciali inseguono lead che non vanno da nessuna parte. I dati sono archiviati nei sistemi, ma nessuno ha il tempo di analizzarli.<\/p>\n<p>I buoni contatti si raffreddano perch\u00e9 il follow-up \u00e8 durato troppo a lungo. Le campagne si svolgono senza un chiaro ROI. Tutti sono impegnati, ma i risultati non sono all'altezza dello sforzo.<\/p>\n<p>Non perch\u00e9 le persone non siano brave nel loro lavoro. Perch\u00e9 semplicemente c'\u00e8 troppo da fare e non ci sono abbastanza ore.<\/p>\n\n\n<hr class=\"wp-block-separator has-alpha-channel-opacity\"\/>\n\n\n\n<h3 class=\"wp-block-heading\">Dove l'intelligenza artificiale fa la differenza<\/h3>\n\n\n<p>L'intelligenza artificiale funziona meglio in presenza di dati e modelli. Il marketing e le vendite hanno entrambi.<\/p>\n<p>Ecco cinque aree in cui l'IA offre risultati reali: non si tratta di illazioni, ma di un impatto effettivo sui ricavi e di un risparmio di tempo.<\/p>\n\n\n<hr class=\"wp-block-separator has-alpha-channel-opacity\"\/>\n\n\n\n<h4 class=\"wp-block-heading\">1. Generazione e qualificazione dei contatti<\/h4>\n\n\n<p>Non tutti i contatti sono uguali. Alcuni compreranno. La maggior parte non lo far\u00e0. Capire quali sono richiede tempo che potrebbe essere impiegato per vendere.<\/p>\n<p>Nel frattempo, le buone piste scivolano via perch\u00e9 non hanno attirato l'attenzione abbastanza velocemente.<\/p>\n\n\n<h5 class=\"wp-block-heading\">Cosa fa l'intelligenza artificiale<\/h5>\n\n\n<p><strong>Punteggiatura automatica dei contatti.<\/strong><br \/>\nIn base al comportamento, ai dati demografici e agli schemi storici, l'intelligenza artificiale classifica i lead che hanno maggiori probabilit\u00e0 di acquisto. I lead pi\u00f9 interessanti emergono immediatamente.<\/p>\n\n<p><strong>Identifica i segnali d'acquisto.<\/strong><br \/>\nVisite al sito web. Download di contenuti. Coinvolgimento nelle e-mail. L'intelligenza artificiale si accorge quando il comportamento di qualcuno dice \"pronto all'acquisto\".<\/p>\n\n<p><strong>Qualifica i contatti con domande.<\/strong><br \/>\nChatbot e moduli che pongono le domande giuste. L'IA raccoglie informazioni sulla qualifica prima che venga coinvolto un umano.<\/p>\n\n<p><strong>Arricchisce i dati sul piombo.<\/strong><br \/>\nDimensioni dell'azienda. Settore. Ruolo. L'intelligenza artificiale inserisce le informazioni mancanti in modo che possiate sapere con chi state parlando.<\/p>\n\n<p><strong>Indirizza le piste alla persona giusta.<\/strong><br \/>\nUn lead aziendale? Va alle vendite aziendali. Piccola impresa? A un altro team. L'intelligenza artificiale abbina automaticamente i lead ai rappresentanti.<\/p>\n\n\n<h5 class=\"wp-block-heading\">Cosa significa per voi<\/h5>\n\n\n<ul>\n<li><strong>Per i direttori delle vendite:<\/strong> I rappresentanti dedicano tempo ai contatti che si convertono. Tassi di vincita pi\u00f9 elevati. Cicli di vendita pi\u00f9 brevi.<\/li>\n<li><strong>Per i rappresentanti di vendita:<\/strong> Smettete di indovinare chi chiamare. Lavorate sui contatti che hanno maggiori probabilit\u00e0 di essere chiusi. Meno tempo nei vicoli ciechi.<\/li>\n<li><strong>Per l'azienda:<\/strong> Risposta pi\u00f9 rapida ai lead pi\u00f9 interessanti. Migliori tassi di conversione. Costo di acquisizione pi\u00f9 basso.<\/li>\n<\/ul>\n\n<p><a href=\"https:\/\/www.leaplytics.de\/it\/qualificazione-della-lead-generation-ai\/\">Per saperne di pi\u00f9 sull'intelligenza artificiale per la generazione e la qualificazione dei lead \u2192<\/a><\/p>\n\n\n<hr class=\"wp-block-separator has-alpha-channel-opacity\"\/>\n\n\n\n<h4 class=\"wp-block-heading\">2. Creazione di contenuti e personalizzazione<\/h4>\n\n\n<p>I contenuti alimentano la macchina. Le e-mail. Annunci. Messaggi sociali. Pagine di destinazione. Descrizioni di prodotti. Tutti hanno bisogno di pi\u00f9 contenuti, pi\u00f9 velocemente.<\/p>\n<p>E i contenuti generici non funzionano pi\u00f9. Le persone si aspettano messaggi che siano rilevanti per loro.<\/p>\n\n\n<h5 class=\"wp-block-heading\">Cosa fa l'intelligenza artificiale<\/h5>\n\n\n<p><strong>Redige rapidamente i contenuti.<\/strong><br \/>\nCopia dell'e-mail. Variazioni di annunci. Post sui social. Descrizioni di prodotti. L'intelligenza artificiale scrive le prime bozze in pochi secondi. Voi modificate e perfezionate.<\/p>\n\n<p><strong>Crea variazioni in scala.<\/strong><br \/>\nAvete bisogno di 10 versioni per i test A\/B? Angoli diversi per segmenti diversi? L'intelligenza artificiale genera rapidamente le opzioni.<\/p>\n\n<p><strong>Personalizza i messaggi.<\/strong><br \/>\nCopioni diversi per settori diversi. Punti dolenti diversi per ruoli diversi. L'intelligenza artificiale adatta automaticamente i messaggi ai segmenti.<\/p>\n\n<p><strong>Ottimizza le righe degli oggetti e i titoli.<\/strong><br \/>\nIn base a ci\u00f2 che ha funzionato in precedenza, l'intelligenza artificiale suggerisce le copie che hanno maggiori probabilit\u00e0 di ottenere aperture e clic.<\/p>\n\n<p><strong>Mantenere la voce del marchio.<\/strong><br \/>\nAddestrate l'intelligenza artificiale al vostro stile. Impara il vostro tono e mantiene i contenuti coerenti.<\/p>\n\n\n<h5 class=\"wp-block-heading\">Cosa significa per voi<\/h5>\n\n\n<ul>\n<li><strong>Per le OCM:<\/strong> Maggiore produzione di contenuti senza aumentare il personale. Campagne pi\u00f9 veloci. Voce coerente del marchio su scala.<\/li>\n<li><strong>Per gli esperti di marketing:<\/strong> Iniziate con le bozze invece che con le pagine bianche. Dedicate tempo alla strategia, non a scrivere la cinquantesima variante di e-mail.<\/li>\n<li><strong>Per l'azienda:<\/strong> Messaggi che risuonano. Maggiore coinvolgimento. Migliore conversione.<\/li>\n<\/ul>\n\n<p><em>Importante: l'intelligenza artificiale redige i contenuti, ma il messaggio \u00e8 ancora di propriet\u00e0 dell'uomo. Rivedete tutto prima che venga diffuso.<\/em><\/p>\n\n<p><a href=\"https:\/\/www.leaplytics.de\/it\/creazione-di-contenuti-personalizzazione-ai\/\">Per saperne di pi\u00f9 sull'intelligenza artificiale per la creazione e la personalizzazione dei contenuti \u2192<\/a><\/p>\n\n\n<hr class=\"wp-block-separator has-alpha-channel-opacity\"\/>\n\n\n\n<h4 class=\"wp-block-heading\">3. Approfondimenti e segmentazione dei clienti<\/h4>\n\n\n<p>Avete i dati dei clienti. Molti. Cronologia degli acquisti. Comportamento. Dati demografici. Interazioni.<\/p>\n<p>Ma per trasformare i dati in intuizioni? Ci vuole un'analisi. E una segmentazione intelligente? Ci vuole ancora di pi\u00f9.<\/p>\n\n\n<h5 class=\"wp-block-heading\">Cosa fa l'intelligenza artificiale<\/h5>\n\n\n<p><strong>Analizza il comportamento dei clienti.<\/strong><br \/>\nCosa fanno i clienti prima di acquistare? Prima di abbandonare? L'intelligenza artificiale trova modelli nei dati di comportamento.<\/p>\n\n<p><strong>Crea segmenti intelligenti.<\/strong><br \/>\nNon solo segmenti demografici, ma anche comportamentali. Clienti di alto valore. Clienti a rischio. Prospect pronti all'acquisto. L'intelligenza artificiale raggruppa le persone in base a ci\u00f2 che fanno realmente.<\/p>\n\n<p><strong>Prevede il churn.<\/strong><br \/>\nQuali sono i clienti che probabilmente se ne andranno? L'intelligenza artificiale individua i segnali d'allarme, in modo che possiate agire prima che se ne vadano.<\/p>\n\n<p><strong>Calcola il valore di vita.<\/strong><br \/>\nQuali clienti valgono di pi\u00f9 nel tempo? L'intelligenza artificiale assegna un punteggio al valore per sapere dove investire.<\/p>\n\n<p><strong>Identifica le opportunit\u00e0 di cross-selling.<\/strong><br \/>\nIn base agli schemi di acquisto, l'intelligenza artificiale suggerisce quali prodotti consigliare a quali clienti.<\/p>\n\n\n<h5 class=\"wp-block-heading\">Cosa significa per voi<\/h5>\n\n\n<ul>\n<li><strong>Per le OCM:<\/strong> La spesa di marketing va alle persone giuste. Migliore ROI. Decisioni basate sui dati invece che su ipotesi.<\/li>\n<li><strong>Per gli esperti di marketing:<\/strong> Segmenti che contano davvero. Campagne mirate al comportamento, non solo ai dati demografici.<\/li>\n<li><strong>Per l'azienda:<\/strong> Mantenere pi\u00f9 clienti. Vendete di pi\u00f9 ai clienti esistenti. Capire cosa fa crescere i ricavi.<\/li>\n<\/ul>\n\n<p><a href=\"https:\/\/www.leaplytics.de\/it\/analisi-dei-clienti-segmentazione-ai\/\">Per saperne di pi\u00f9 sull'intelligenza artificiale per gli approfondimenti e la segmentazione dei clienti \u2192<\/a><\/p>\n\n\n<hr class=\"wp-block-separator has-alpha-channel-opacity\"\/>\n\n\n\n<h4 class=\"wp-block-heading\">4. Pipeline di vendita e previsioni<\/h4>\n\n\n<p>Le previsioni di vendita sono in parte scienza, in parte velleit\u00e0. I rappresentanti sono ottimisti. Gli affari sfuggono. Le previsioni cambiano ogni settimana.<\/p>\n<p>Nel frattempo, i manager passano ore nel CRM per cercare di capire cosa si chiuder\u00e0 davvero.<\/p>\n\n\n<h5 class=\"wp-block-heading\">Cosa fa l'intelligenza artificiale<\/h5>\n\n\n<p><strong>I punteggi trattano la probabilit\u00e0.<\/strong><br \/>\nIn base alle caratteristiche delle transazioni e ai modelli storici, l'intelligenza artificiale prevede quali transazioni si concluderanno effettivamente. Non si tratta di dati di pancia.<\/p>\n\n<p><strong>Identifica le operazioni a rischio.<\/strong><br \/>\nNessuna attivit\u00e0 in due settimane? L'interlocutore non si \u00e8 fatto sentire? L'intelligenza artificiale segnala gli accordi che necessitano di attenzione prima di morire.<\/p>\n\n<p><strong>Migliora l'accuratezza delle previsioni.<\/strong><br \/>\nL'intelligenza artificiale analizza i dati della pipeline e i tassi di chiusura storici. Fornisce una previsione basata su modelli, non su promesse.<\/p>\n\n<p><strong>Suggerisce le azioni successive migliori.<\/strong><br \/>\nChi deve chiamare oggi? Quale affare ha bisogno di un follow-up? L'intelligenza artificiale d\u00e0 priorit\u00e0 alle attivit\u00e0 che fanno progredire le trattative.<\/p>\n\n<p><strong>Analizza i modelli di vittoria\/perdita.<\/strong><br \/>\nPerch\u00e9 gli accordi si chiudono? Perch\u00e9 si perdono? L'intelligenza artificiale individua gli schemi delle vittorie e delle sconfitte, in modo da poter ripetere ci\u00f2 che funziona.<\/p>\n\n\n<h5 class=\"wp-block-heading\">Cosa significa per voi<\/h5>\n\n\n<ul>\n<li><strong>Per i direttori delle vendite:<\/strong> Previsioni affidabili. Visibilit\u00e0 sullo stato di salute della pipeline. Coaching basato sui dati.<\/li>\n<li><strong>Per i rappresentanti di vendita:<\/strong> Sapere su quali affari concentrarsi. Priorit\u00e0 chiare. Meno tempo per aggiornare il CRM, pi\u00f9 tempo per vendere.<\/li>\n<li><strong>Per l'azienda:<\/strong> Ricavi prevedibili. Migliore pianificazione. Meno sorprese a fine trimestre.<\/li>\n<\/ul>\n\n<p><a href=\"https:\/\/www.leaplytics.de\/it\/previsione-della-pipeline-di-vendita-ai\/\">Per saperne di pi\u00f9 sull'intelligenza artificiale per la pipeline di vendita e le previsioni \u2192<\/a><\/p>\n\n\n<hr class=\"wp-block-separator has-alpha-channel-opacity\"\/>\n\n\n\n<h4 class=\"wp-block-heading\">5. Gestione e ottimizzazione delle campagne<\/h4>\n\n\n<p>Le campagne si svolgono su pi\u00f9 canali. Email. Social. Annunci a pagamento. Contenuti. Eventi. Ognuno ha delle metriche. Ognuno ha bisogno di essere ottimizzato.<\/p>\n<p>Capire cosa funziona, e perch\u00e9, richiede tempo che nessuno ha.<\/p>\n\n\n<h5 class=\"wp-block-heading\">Cosa fa l'intelligenza artificiale<\/h5>\n\n\n<p><strong>Traccia le prestazioni su tutti i canali.<\/strong><br \/>\nTutte le vostre campagne. Tutte le vostre metriche. Un'unica visione. L'intelligenza artificiale consolida i dati in modo che possiate vedere il quadro completo.<\/p>\n\n<p><strong>Identifica ci\u00f2 che funziona.<\/strong><br \/>\nQuali campagne generano ricavi? Quali canali funzionano meglio per quali segmenti? L'intelligenza artificiale collega le attivit\u00e0 di marketing ai risultati.<\/p>\n\n<p><strong>Ottimizza l'allocazione del budget.<\/strong><br \/>\nSpendere di pi\u00f9 dove funziona. Meno dove non funziona. L'intelligenza artificiale suggerisce come spostare il budget per ottenere un migliore ROI.<\/p>\n\n<p><strong>Prevede le prestazioni della campagna.<\/strong><br \/>\nPrima del lancio, l'intelligenza artificiale stima i risultati in base a campagne simili precedenti. Meno sorprese.<\/p>\n\n<p><strong>Automatizza le ottimizzazioni di routine.<\/strong><br \/>\nMettere in pausa gli annunci con prestazioni insufficienti. Adattare le offerte. Spostare il budget. L'intelligenza artificiale gestisce automaticamente le modifiche tattiche.<\/p>\n\n\n<h5 class=\"wp-block-heading\">Cosa significa per voi<\/h5>\n\n\n<ul>\n<li><strong>Per le OCM:<\/strong> Un chiaro ROI sulla spesa di marketing. Decisioni di budget basate sui dati. Giustificare l'investimento con i numeri.<\/li>\n<li><strong>Per gli esperti di marketing:<\/strong> Smettete di tirare a indovinare cosa funziona. Ottimizzate pi\u00f9 velocemente. Dedicate tempo alla strategia, non ai fogli di calcolo.<\/li>\n<li><strong>Per l'azienda:<\/strong> Pi\u00f9 ricavi per dollaro di marketing. Crescita efficiente. Campagne che funzionano davvero.<\/li>\n<\/ul>\n\n<p><em>Importante: l'IA ottimizza in base ai dati, ma il giudizio del marketing \u00e8 ancora importante. L'IA non conosce la strategia del vostro marchio, ma voi s\u00ec.<\/em><\/p>\n\n<p><a href=\"https:\/\/www.leaplytics.de\/it\/gestione-delle-campagne-ottimizzazione-ai\/\">Per saperne di pi\u00f9 sull'intelligenza artificiale per la gestione e l'ottimizzazione delle campagne \u2192<\/a><\/p>\n\n\n<hr class=\"wp-block-separator has-alpha-channel-opacity\"\/>\n\n\n\n<h3 class=\"wp-block-heading\">Cosa non far\u00e0 l'intelligenza artificiale<\/h3>\n\n\n<p>Siamo chiari sui limiti.<\/p>\n<p>L'intelligenza artificiale non sostituisce i professionisti del marketing e delle vendite. Non costruisce relazioni. Non negozia accordi complessi. Non crea la strategia del vostro marchio e non gestisce il cliente arrabbiato che ha bisogno di un tocco umano.<\/p>\n<p>Gestisce la routine. Il punteggio. La stesura. L'analisi. L'ottimizzazione.<\/p>\n<p>Il vostro team continua a pensare. Lo fa solo pi\u00f9 velocemente, perch\u00e9 i dati sono pronti e il lavoro di routine \u00e8 gi\u00e0 stato fatto.<\/p>\n\n\n<hr class=\"wp-block-separator has-alpha-channel-opacity\"\/>\n\n\n\n<h3 class=\"wp-block-heading\">Il bilancio<\/h3>\n\n\n<p>I team di marketing e di vendita che utilizzano bene l'IA non lavorano meno. Lavorano in modo diverso.<\/p>\n<p>Invece di indovinare quali lead chiamare, lavorano su quelli migliori. Invece di scrivere ogni e-mail da zero, perfezionano le bozze. Invece di chiedersi cosa funziona, lo vedono nei dati.<\/p>\n<p>Il risultato:<\/p>\n<ul>\n<li>Tassi di conversione pi\u00f9 elevati<\/li>\n<li>Cicli di vendita pi\u00f9 brevi<\/li>\n<li>Migliore ROI del marketing<\/li>\n<li>Professionisti delle vendite e del marketing che svolgono un lavoro che richiede effettivamente la loro competenza<\/li>\n<li>Crescita dei ricavi senza crescita proporzionale dell'organico<\/li>\n<\/ul>\n<p>Non si tratta di sostituire il vostro team. Si tratta di renderli pi\u00f9 efficaci.<\/p>\n\n\n<hr class=\"wp-block-separator has-alpha-channel-opacity\"\/>\n\n\n\n<h3 class=\"wp-block-heading\">Siete pronti a vedere cosa \u00e8 possibile fare?<\/h3>\n\n\n<p>Ogni team di marketing e vendite \u00e8 diverso. Il vostro imbuto non \u00e8 come quello degli altri. I vostri clienti hanno i loro schemi. Le vostre priorit\u00e0 dipendono dalla vostra attivit\u00e0.<\/p>\n<p>Non vendiamo soluzioni uniche per tutti. Analizziamo le vostre sfide specifiche. Identifichiamo i punti in cui l'IA pu\u00f2 essere effettivamente d'aiuto. Costruiamo sistemi che si adattano al vostro processo.<\/p>\n<p>Nessun clamore. Nessuna promessa che non possiamo mantenere. Solo AI pratica che vi aiuta a crescere.<\/p>\n\n<p><a href=\"https:\/\/www.leaplytics.de\/it\/kontakt\/\">Parliamo del vostro marketing e delle vostre vendite<\/a><\/p>\n\n<p><a href=\"https:\/\/www.leaplytics.de\/it\/intelligenza-artificiale\/\">Vedi tutti i servizi AI<\/a><\/p>","protected":false},"excerpt":{"rendered":"<p>Il vostro team di marketing e vendite ha troppo lavoro. L'intelligenza artificiale pu\u00f2 aiutarvi. Il lavoro di marketing e vendite \u00e8 un lavoro di persone. I contatti. Prospettive. Clienti. Campagne. Messaggi. Una spinta costante per trovare, convincere e mantenere gli acquirenti. La maggior parte di tutto questo segue degli schemi. Individuare il lead. Scrivere l'e-mail. Segmentare la lista. Aggiornare il CRM. Seguire di nuovo. L'intelligenza artificiale \u00e8 ... <\/p>","protected":false},"author":2,"featured_media":0,"parent":0,"menu_order":0,"comment_status":"closed","ping_status":"closed","template":"","meta":{"footnotes":""},"class_list":["post-14402","page","type-page","status-publish","hentry","latest_post"],"_links":{"self":[{"href":"https:\/\/www.leaplytics.de\/it\/wp-json\/wp\/v2\/pages\/14402","targetHints":{"allow":["GET"]}}],"collection":[{"href":"https:\/\/www.leaplytics.de\/it\/wp-json\/wp\/v2\/pages"}],"about":[{"href":"https:\/\/www.leaplytics.de\/it\/wp-json\/wp\/v2\/types\/page"}],"author":[{"embeddable":true,"href":"https:\/\/www.leaplytics.de\/it\/wp-json\/wp\/v2\/users\/2"}],"replies":[{"embeddable":true,"href":"https:\/\/www.leaplytics.de\/it\/wp-json\/wp\/v2\/comments?post=14402"}],"version-history":[{"count":3,"href":"https:\/\/www.leaplytics.de\/it\/wp-json\/wp\/v2\/pages\/14402\/revisions"}],"predecessor-version":[{"id":14492,"href":"https:\/\/www.leaplytics.de\/it\/wp-json\/wp\/v2\/pages\/14402\/revisions\/14492"}],"wp:attachment":[{"href":"https:\/\/www.leaplytics.de\/it\/wp-json\/wp\/v2\/media?parent=14402"}],"curies":[{"name":"wp","href":"https:\/\/api.w.org\/{rel}","templated":true}]}}