{"id":14425,"date":"2025-12-19T01:29:43","date_gmt":"2025-12-19T00:29:43","guid":{"rendered":"https:\/\/www.leaplytics.de\/?page_id=14425"},"modified":"2025-12-19T01:29:44","modified_gmt":"2025-12-19T00:29:44","slug":"conformita-allaudit-ai","status":"publish","type":"page","link":"https:\/\/www.leaplytics.de\/it\/conformita-allaudit-ai\/","title":{"rendered":"Audit e conformit\u00e0 AI"},"content":{"rendered":"<h2>L'intelligenza artificiale per l'audit e la conformit\u00e0: Monitoraggio continuo anzich\u00e9 panico puntuale<\/h2>\n\n<p>Le revisioni contabili sono stressanti. I revisori stanno arrivando. Dovete trovare la documentazione di supporto per migliaia di transazioni. Verificare i controlli. Dimostrare che i processi sono stati seguiti. Spiegare le eccezioni.<\/p>\n<p>Ci si affanna a raccogliere prove. Prelevare campioni. Creare file di audit. Rispondere alle domande. Sperare che non venga scoperto nulla di grave.<\/p>\n<p>I controlli interni richiedono un monitoraggio costante. Segregazione dei compiti. Flussi di lavoro di approvazione. Diritti di accesso. Revisione delle scritture contabili. La maggior parte delle aziende controlla una volta all'anno durante la revisione contabile. I problemi rimangono inosservati per mesi.<\/p>\n<p>Le normative cambiano continuamente. Nuovi principi contabili. Norme fiscali aggiornate. Requisiti del settore. Qualcuno deve tenere traccia di ci\u00f2 che si applica a voi e garantire la conformit\u00e0.<\/p>\n<p>Si tratta di un lavoro di controllo. Rilevamento di schemi. Identificazione delle eccezioni. Monitoraggio delle regole. L'intelligenza artificiale \u00e8 costruita proprio per questo.<\/p>\n<p>L'intelligenza artificiale non sostituisce i revisori o il giudizio. Monitora continuamente le transazioni. Segnala le eccezioni quando si verificano. Prepara automaticamente la documentazione. Consente di individuare i problemi in anticipo, invece di scoprirli durante la revisione.<\/p>\n\n\n<hr class=\"wp-block-separator has-alpha-channel-opacity\"\/>\n\n\n\n<h3 class=\"wp-block-heading\">La sfida dell'audit e della conformit\u00e0<\/h3>\n\n\n<p>L'audit e la conformit\u00e0 tradizionali sono point-in-time:<\/p>\n\n<p><strong>Audit annuale:<\/strong><br \/>\nI revisori si presentano. Verificate un campione di transazioni. Esaminare i saldi di fine mese o di fine anno. Verificano che i processi siano stati seguiti. I problemi riscontrati risalgono a mesi fa. Troppo tardi per essere risolti facilmente.<\/p>\n\n<p><strong>Recensioni trimestrali:<\/strong><br \/>\nUn po' pi\u00f9 frequenti, ma sempre puntuali. Guardare indietro. Individuare i problemi dopo che hanno gi\u00e0 avuto un impatto sulle finanze.<\/p>\n\n<p><strong>Test di controllo:<\/strong><br \/>\nTestate un campione di 25 o 50 transazioni. Speriamo che il campione rappresenti l'intera popolazione. Sperare che non sia sfuggito nulla nelle altre migliaia di transazioni.<\/p>\n\n<p><strong>Monitoraggio manuale:<\/strong><br \/>\nI controllori e i responsabili della contabilit\u00e0 effettuano controlli a campione. Esaminano le scritture contabili. Cercano transazioni insolite. Ma non possono controllare tutto. Si affidano al campionamento e al giudizio.<\/p>\n\n<p><strong>Monitoraggio della conformit\u00e0:<\/strong><br \/>\nQualcuno deve tenere traccia delle modifiche normative. Determinare l'impatto. Aggiornare i processi. Formare il personale. \u00c8 molto da tenere sotto controllo.<\/p>\n\n<p>Il risultato: I problemi si nascondono fino alla revisione. I controlli potrebbero non funzionare come previsto per mesi prima che qualcuno se ne accorga. I problemi di conformit\u00e0 si accumulano.<\/p>\n\n<p>L'intelligenza artificiale passa da un controllo periodico a un monitoraggio continuo.<\/p>\n\n\n<hr class=\"wp-block-separator has-alpha-channel-opacity\"\/>\n\n\n\n<h3 class=\"wp-block-heading\">Cosa fa l'intelligenza artificiale per l'audit e la conformit\u00e0<\/h3>\n\n\n\n<h4 class=\"wp-block-heading\">Monitoraggio continuo delle transazioni<\/h4>\n\n\n<p>Invece di un campionamento, l'intelligenza artificiale controlla ogni transazione. Non mensilmente. Non trimestralmente. Continuamente.<\/p>\n\n<p><strong>Monitoraggio basato su regole:<\/strong><br \/>\nL'utente definisce le regole. L'IA verifica ogni transazione in base a queste regole:<\/p>\n<ul>\n<li>Le scritture contabili superiori a $50K necessitano di approvazione<\/li>\n<li>I rapporti di spesa che superano i limiti della politica devono essere approvati dal direttore.<\/li>\n<li>I pagamenti dei fornitori senza PO necessitano di spiegazioni<\/li>\n<li>Le transazioni intercompany devono essere in equilibrio<\/li>\n<li>La rilevazione dei ricavi deve seguire i criteri<\/li>\n<\/ul>\n\n<p>Regola violata? L'IA la segnala immediatamente. Non durante la revisione del mese prossimo. In questo momento.<\/p>\n\n<p><strong>Test 100%, non campionamento:<\/strong><br \/>\nGli auditor testano i campioni perch\u00e9 testare tutto manualmente \u00e8 impossibile. L'IA verifica tutto. Ogni singola transazione. Ogni giorno.<\/p>\n\n<p>Se c'\u00e8 un problema, lo si scopre immediatamente. Se non c'\u00e8, si ha la prova che i controlli funzionano per l'intera popolazione, non solo per un campione.<\/p>\n\n<p><strong>Avvisi in tempo reale:<\/strong><br \/>\nRilevato un problema? La notifica viene inviata immediatamente. Email, Slack, Teams, push mobile. Qualsiasi cosa vada bene per il vostro team. I problemi vengono affrontati quando sono ancora freschi e risolvibili.<\/p>\n\n\n<h4 class=\"wp-block-heading\">Rileva automaticamente le anomalie<\/h4>\n\n\n<p>Alcuni problemi non violano regole specifiche. Sono solo insoliti. L'intelligenza artificiale se ne accorge.<\/p>\n\n<p><strong>Anomalie statistiche:<\/strong><br \/>\nL'importo della transazione \u00e8 di 3 deviazioni standard dalla media per questo conto. Potrebbe essere legittimo. Potrebbe essere un errore. Vale la pena controllare.<\/p>\n\n<p><strong>Interruzioni del modello:<\/strong><br \/>\nQuesto venditore viene normalmente pagato $5.000-$7.000 al mese. Questo mese \u00e8 di $25.000. Cosa \u00e8 cambiato?<\/p>\n\n<p><strong>Anomalie temporali:<\/strong><br \/>\nUn grande articolo del diario inviato alle 23:47 dell'ultimo giorno del trimestre. Potrebbe andare bene. Potrebbe essere una gestione degli utili. Segnala per la revisione.<\/p>\n\n<p><strong>Anomalie relazionali:<\/strong><br \/>\nIl fatturato \u00e8 aumentato 20% ma i costi di spedizione sono rimasti invariati. Di solito si muovono insieme. Perch\u00e9 questa volta no?<\/p>\n\n<p><strong>Anomalie del comportamento dell'utente:<\/strong><br \/>\nQuesto utente pubblica in genere 5-10 voci di diario al mese. Questo mese ne ha pubblicate 47. Che cosa sta succedendo?<\/p>\n\n<p>L'intelligenza artificiale non accusa. Segnala. \"Questo sembra insolito. Qualcuno dovrebbe controllare\". Il vostro team indaga e conferma che \u00e8 tutto a posto o che c'\u00e8 un problema.<\/p>\n\n\n<h4 class=\"wp-block-heading\">Test automatico dei controlli<\/h4>\n\n\n<p>I controlli interni devono essere testati. Di solito vengono effettuati annualmente o trimestralmente a campione. L'IA effettua test continui.<\/p>\n\n<p><strong>Segregazione dei compiti:<\/strong><br \/>\nL'IA controlla: La stessa persona ha creato e approvato? La stessa persona ha ordinato e ricevuto? La stessa persona ha inserito e pubblicato i dati? Le violazioni vengono segnalate immediatamente.<\/p>\n\n<p><strong>Flussi di lavoro di approvazione:<\/strong><br \/>\n\u00c8 stata ottenuta l'approvazione prima dell'elaborazione? L'approvazione proveniva da una persona autorizzata? L'importo dell'approvazione era sufficiente per l'entit\u00e0 della transazione? Ogni transazione \u00e8 stata controllata.<\/p>\n\n<p><strong>Controlli di accesso:<\/strong><br \/>\nChi ha accesso a cosa? L'accesso di qualcuno \u00e8 andato oltre il suo ruolo? I dipendenti terminati sono ancora attivi nei sistemi? L'IA effettua un monitoraggio continuo.<\/p>\n\n<p><strong>Conformit\u00e0 della riconciliazione:<\/strong><br \/>\nI conti vengono riconciliati in tempo? Le riconciliazioni vengono riviste? Le voci di riconciliazione vengono liquidate tempestivamente? L'AI tiene traccia di tutto questo.<\/p>\n\n<p><strong>Conformit\u00e0 alle politiche:<\/strong><br \/>\nLa politica delle spese dice che i pasti rientrano in $75. Qualcuno presenta $120. La politica dice che i viaggi internazionali devono essere approvati dal vicepresidente. Qualcuno ha prenotato senza. L'AI rileva le violazioni della politica.<\/p>\n\n<p>Risultato: Sapete che i controlli funzionano o sapete esattamente quali non funzionano e potete risolverli immediatamente.<\/p>\n\n\n<h4 class=\"wp-block-heading\">Prepara la documentazione di audit<\/h4>\n\n\n<p>Quando i revisori arrivano, chiedono la documentazione. L'IA l'ha gi\u00e0 pronta.<\/p>\n\n<p><strong>Tracce di controllo automatiche:<\/strong><br \/>\nPer ogni transazione, l'AI documenta:<\/p>\n<ul>\n<li>Chi l'ha creato e quando<\/li>\n<li>Chi l'ha approvato e quando<\/li>\n<li>Quale documentazione di supporto esiste<\/li>\n<li>Quali controlli sono stati testati e i risultati<\/li>\n<li>Eventuali eccezioni e modalit\u00e0 di risoluzione<\/li>\n<\/ul>\n\n<p>Percorso completo. Non \u00e8 necessaria la registrazione manuale.<\/p>\n\n<p><strong>Prove organizzate:<\/strong><br \/>\nI revisori vogliono vedere le transazioni per tipo? Per importo? Per data? L'intelligenza artificiale organizza tutto nel modo desiderato. Non c'\u00e8 bisogno di scartabellare tra i file.<\/p>\n\n<p><strong>Rapporti di eccezione:<\/strong><br \/>\nEcco tutte le transazioni che hanno violato i controlli. Ecco come sono state risolte. Ecco l'approvazione per superare la politica. Tutto documentato e organizzato.<\/p>\n\n<p><strong>Risultati dei test di controllo:<\/strong><br \/>\nAvete testato tutte le transazioni, non un campione. Ecco la metodologia di test. Ecco i risultati. Ecco la prova che i controlli funzionano. Non \u00e8 necessaria alcuna estrapolazione da campioni.<\/p>\n\n<p><strong>Documenti di supporto:<\/strong><br \/>\n\u00c8 necessaria una fattura per questa transazione? L'AI l'ha collegata. ORDINE DI PAGAMENTO? Collegato. Email di approvazione? Collegato. Ricevuta? Collegato. Tutto in un unico posto.<\/p>\n\n<p>Invece di passare due settimane a raccogliere la documentazione di audit, si passano due ore a rivedere ci\u00f2 che l'IA ha gi\u00e0 compilato.<\/p>\n\n\n<h4 class=\"wp-block-heading\">Traccia le modifiche normative<\/h4>\n\n\n<p>Le normative cambiano continuamente. L'IA vi aiuta a tenere il passo.<\/p>\n\n<p><strong>Monitora le fonti pertinenti:<\/strong><br \/>\nPronunce del FASB. Aggiornamenti dell'IRS. Annunci delle autorit\u00e0 di regolamentazione del settore. Modifiche fiscali statali. L'AI monitora le fonti rilevanti per la vostra attivit\u00e0.<\/p>\n\n<p><strong>Filtri per ci\u00f2 che conta:<\/strong><br \/>\nNon tutti i cambiamenti vi riguardano. L'intelligenza artificiale identifica ci\u00f2 che \u00e8 rilevante in base al vostro settore, alla vostra struttura e alle vostre operazioni.<\/p>\n\n<p><strong>Riassume l'impatto:<\/strong><br \/>\nNuovo standard di contabilizzazione del leasing? L'AI riassume cosa \u00e8 cambiato e come potrebbe influire sui vostri bilanci. Non \u00e8 una consulenza legale, ma una sintesi informata.<\/p>\n\n<p><strong>Scadenze delle bandiere:<\/strong><br \/>\nDate di entrata in vigore. Scadenze di conformit\u00e0. Requisiti di archiviazione. L'AI tiene traccia delle date importanti per non perdere nulla.<\/p>\n\n<p><strong>Suggerisce modifiche al processo:<\/strong><br \/>\nIn base alle modifiche normative, l'intelligenza artificiale suggerisce quali processi potrebbero richiedere un aggiornamento. Punto di partenza per la pianificazione della conformit\u00e0 del vostro team.<\/p>\n\n<p>\u00c8 comunque necessario disporre di competenze per l'interpretazione e l'implementazione. Ma l'intelligenza artificiale vi garantisce di conoscere in anticipo i cambiamenti e di non perdere nulla.<\/p>\n\n\n<h4 class=\"wp-block-heading\">Identifica gli indicatori di rischio di frode<\/h4>\n\n\n<p>L'intelligenza artificiale non pu\u00f2 provare le frodi. Ma pu\u00f2 segnalare modelli che giustificano un'indagine.<\/p>\n\n<p><strong>Modelli di transazione insoliti:<\/strong><br \/>\nFatture di fornitori appena sotto la soglia di approvazione. Importi arrotondati ripetuti. Transazioni nei fine settimana o nei giorni festivi. Numeri di fattura sequenziali di fornitori diversi.<\/p>\n\n<p><strong>Bandiere rosse comportamentali:<\/strong><br \/>\nUtenti che accedono ai sistemi in orari insoliti. Volume insolito di registrazioni manuali. Superamento dei controlli. Accesso ai sistemi al di l\u00e0 del ruolo normale.<\/p>\n\n<p><strong>Bandiere rosse dei fornitori:<\/strong><br \/>\nNuovo fornitore senza procedura di gara. L'indirizzo del fornitore corrisponde a quello del dipendente. Pi\u00f9 fornitori con lo stesso conto bancario. Fornitore che emette solo fatture e non effettua mai consegne.<\/p>\n\n<p><strong>Bandiere rosse finanziarie:<\/strong><br \/>\nRettifiche di inventario sempre svalutate, mai aumentate. Restituzione delle vendite subito dopo la fine del trimestre. Riclassificazioni tra conti in prossimit\u00e0 della fine del periodo.<\/p>\n\n<p>Non dimostrano nulla. Ma vale la pena indagare. L'IA li porta all'attenzione per evitare che si nascondano in migliaia di transazioni normali.<\/p>\n\n\n<hr class=\"wp-block-separator has-alpha-channel-opacity\"\/>\n\n\n\n<h3 class=\"wp-block-heading\">Cosa significa per voi<\/h3>\n\n\n\n<h4 class=\"wp-block-heading\">Per i CFO e i responsabili finanziari<\/h4>\n\n\n<p><strong>Dormire meglio prima delle telefonate sugli utili:<\/strong><br \/>\nQuando i controlli sono monitorati costantemente e i problemi vengono individuati per tempo, le sorprese sono minori. Meno panico da \"abbiamo trovato un problema durante la preparazione dell'audit\".<\/p>\n\n<p><strong>Riduzione dei costi di revisione:<\/strong><br \/>\nQuando la documentazione \u00e8 organizzata e i controlli sono testati continuamente, gli audit sono pi\u00f9 veloci. Gli audit pi\u00f9 rapidi costano meno. Alcune aziende risparmiano il 30-50% sulle spese di revisione.<\/p>\n\n<p><strong>Migliori controlli interni:<\/strong><br \/>\nI test point-in-time mostrano che i controlli hanno funzionato solo per il campione. Il monitoraggio continuo dimostra che funzionano per tutti. Prove migliori. Maggiore fiducia.<\/p>\n\n<p><strong>Individuazione precoce dei problemi:<\/strong><br \/>\nIndividuate i problemi in pochi giorni, non in mesi. Risolveteli finch\u00e9 sono piccoli. Evitate le debolezze materiali che richiedono la divulgazione.<\/p>\n\n<p><strong>Fiducia nella conformit\u00e0 normativa:<\/strong><br \/>\nSapere di essere al corrente delle modifiche rilevanti. Sapere che le scadenze sono rispettate. Sapere che i processi vengono aggiornati. Meno preoccupazioni di perdere qualcosa di importante.<\/p>\n\n\n<h4 class=\"wp-block-heading\">Per controllori e responsabili della contabilit\u00e0<\/h4>\n\n\n<p><strong>Smettete di rimescolare durante l'audit:<\/strong><br \/>\nLa documentazione \u00e8 pronta. I test di controllo sono stati eseguiti. Esistono rapporti sulle eccezioni. Si revisiona invece di compilare.<\/p>\n\n<p><strong>Cogliere tempestivamente gli errori:<\/strong><br \/>\nCodice GL sbagliato? Viene individuato immediatamente. Approvazione mancante? Individuato immediatamente. Risolvete subito il problema invece di spiegarlo ai revisori pi\u00f9 tardi.<\/p>\n\n<p><strong>La prova che i controlli funzionano:<\/strong><br \/>\nNon \"abbiamo testato 25 transazioni e sono passate\". Invece \"abbiamo testato tutte le 15.000 transazioni in modo continuo ed ecco i risultati\".<\/p>\n\n<p><strong>Concentratevi sul miglioramento, non sulla lotta agli incendi:<\/strong><br \/>\nQuando i problemi vengono segnalati immediatamente, si risolvono le cause alla radice invece di scoprire continuamente nuovi problemi.<\/p>\n\n<p><strong>Migliori rapporti di gestione:<\/strong><br \/>\nRiferire al CFO e al comitato di revisione sull'efficacia del controllo con dati effettivi, non con stime basate su campioni.<\/p>\n\n\n<h4 class=\"wp-block-heading\">Per i revisori (interni ed esterni)<\/h4>\n\n\n<p><strong>Migliori prove di audit:<\/strong><br \/>\nTest di popolazione invece che di campionamento. Tracce di controllo complete. Documentazione organizzata. Questa \u00e8 una prova migliore per i pareri di audit.<\/p>\n\n<p><strong>Audit pi\u00f9 rapidi:<\/strong><br \/>\nMeno tempo per raccogliere informazioni. Pi\u00f9 tempo dedicato al giudizio e alle aree di rischio. Gli audit vengono completati pi\u00f9 rapidamente.<\/p>\n\n<p><strong>Concentrarsi sulle aree di giudizio:<\/strong><br \/>\nVengono eseguiti i test di controllo di routine. Dedicare tempo alle stime, alle valutazioni e alle aree di giudizio della direzione. Svolgere un lavoro di revisione di valore superiore.<\/p>\n\n<p><strong>Opportunit\u00e0 di garanzia continua:<\/strong><br \/>\nPer l'audit interno, ci\u00f2 consente programmi di garanzia continua. Monitoraggio durante tutto l'anno invece di audit periodici.<\/p>\n\n\n<hr class=\"wp-block-separator has-alpha-channel-opacity\"\/>\n\n\n\n<h3 class=\"wp-block-heading\">Scenari comuni di audit e conformit\u00e0<\/h3>\n\n\n\n<h4 class=\"wp-block-heading\">Monitoraggio della segregazione dei compiti<\/h4>\n\n\n<p>La vostra politica: La stessa persona non pu\u00f2 creare e approvare fatture.<\/p>\n\n<p>L'IA monitora ogni fattura:<\/p>\n<ol>\n<li>Fattura creata dall'utente A<\/li>\n<li>Fattura approvata dall'utente A<\/li>\n<li>Rilevata violazione della segregazione dei compiti<\/li>\n<li>Avviso inviato al responsabile della contabilit\u00e0<\/li>\n<li>Il manager indaga: L'utente A ha coperto una persona in vacanza e ha dimenticato di inoltrare un'altra approvazione.<\/li>\n<li>Fattura reindirizzata all'approvatore appropriato<\/li>\n<li>Incidente registrato per la discussione sulle carenze di controllo<\/li>\n<\/ol>\n\n<p>Il problema \u00e8 stato individuato e risolto immediatamente. Non \u00e8 stato scoperto durante l'audit di fine anno.<\/p>\n\n\n<h4 class=\"wp-block-heading\">Rilevamento di voci insolite del giornale<\/h4>\n\n\n<p>L'IA monitora le voci del diario:<\/p>\n<ol>\n<li>Registrazione manuale di grandi dimensioni nel diario di bordo, l'ultimo giorno del trimestre<\/li>\n<li>L'iscrizione si inverte il primo giorno del trimestre successivo<\/li>\n<li>L'iscrizione ha una documentazione minima<\/li>\n<li>Il modello corrisponde agli indicatori di rischio della gestione degli utili<\/li>\n<li>Segnalato per la revisione del controllore<\/li>\n<li>Il controllore indaga: Accantonamento legittimo per spese note, documentazione insufficiente<\/li>\n<li>Documentazione aggiuntiva ottenuta e allegata<\/li>\n<li>Iscrizione rivista e approvata retroattivamente<\/li>\n<\/ol>\n\n<p>Inserimento legittimo, ma l'IA ha individuato la debolezza della documentazione prima dell'audit.<\/p>\n\n\n<h4 class=\"wp-block-heading\">Prevenzione delle frodi del Vendor Master<\/h4>\n\n\n<p>Nuovo fornitore aggiunto al sistema:<\/p>\n<ol>\n<li>L'intelligenza artificiale controlla l'indirizzo del fornitore rispetto a quello dei dipendenti<\/li>\n<li>Corrispondenza trovata: l'indirizzo del venditore corrisponde all'indirizzo di residenza dell'impiegato AP<\/li>\n<li>Allarme immediato al controllore e al CFO<\/li>\n<li>Avviata un'indagine<\/li>\n<li>Si scopre che un dipendente ha creato un fornitore di comodo per presentare fatture false<\/li>\n<li>Frode bloccata prima dell'elaborazione del primo pagamento<\/li>\n<\/ol>\n\n<p>Senza il monitoraggio dell'intelligenza artificiale, questo fenomeno sarebbe potuto passare inosservato per mesi o anni.<\/p>\n\n\n<h4 class=\"wp-block-heading\">Preparazione dell'audit<\/h4>\n\n\n<p>Arrivano i revisori dei conti per la revisione annuale:<\/p>\n<ol>\n<li>Richiesta elenco PBC (fornito dal cliente)<\/li>\n<li>L'intelligenza artificiale genera automaticamente la maggior parte del PBC:<\/li>\n<li>Bilancio di prova? Generato.<\/li>\n<li>Programmi di lead? Generato.<\/li>\n<li>Campione di transazioni per categoria? Generato.<\/li>\n<li>Risultati dei test di controllo? Gi\u00e0 effettuati per 100% della popolazione.<\/li>\n<li>Rapporti di eccezione? Pronto.<\/li>\n<li>Documentazione di supporto? Organizzata e collegata.<\/li>\n<\/ol>\n\n<p>Ci\u00f2 che prima richiedeva due settimane di preparazione ora richiede due giorni per la revisione e la finalizzazione.<\/p>\n\n\n<hr class=\"wp-block-separator has-alpha-channel-opacity\"\/>\n\n\n\n<h3 class=\"wp-block-heading\">Cosa non pu\u00f2 fare l'intelligenza artificiale<\/h3>\n\n\n<p>L'intelligenza artificiale \u00e8 potente per il monitoraggio e la documentazione. Ma ha dei limiti evidenti:<\/p>\n\n<p><strong>Non pu\u00f2 esprimere giudizi legali:<\/strong><br \/>\nQuesto trattamento contabile \u00e8 conforme ai GAAP? Dovremmo comunicarlo? Questi aspetti richiedono competenza e giudizio in materia di contabilit\u00e0.<\/p>\n\n<p><strong>Non pu\u00f2 progettare controlli:<\/strong><br \/>\nL'intelligenza artificiale pu\u00f2 verificare se i controlli funzionano. Non pu\u00f2 progettare i controlli che dovreste avere. Per questo \u00e8 necessario comprendere la vostra attivit\u00e0 e i vostri rischi.<\/p>\n\n<p><strong>Non pu\u00f2 fornire pareri di revisione:<\/strong><br \/>\nI revisori forniscono pareri basati sul giudizio professionale. L'IA fornisce prove e risultati di test. Il parere richiede la competenza umana.<\/p>\n\n<p><strong>Non \u00e8 in grado di interpretare regolamenti complessi:<\/strong><br \/>\nL'intelligenza artificiale \u00e8 in grado di segnalare e riassumere le modifiche normative. Determinare esattamente come si applicano alla vostra situazione specifica richiede esperienza.<\/p>\n\n<p><strong>Non pu\u00f2 dimostrare una frode:<\/strong><br \/>\nL'intelligenza artificiale individua modelli sospetti. Le indagini e le prove richiedono analisi, colloqui e giudizi umani.<\/p>\n\n<p><strong>Non pu\u00f2 sostituire la governance:<\/strong><br \/>\nComitati di revisione. Supervisione del Consiglio di amministrazione. Responsabilit\u00e0 della direzione. Queste rimangono funzioni umane. L'intelligenza artificiale le supporta, ma non le sostituisce.<\/p>\n\n<p>L'intelligenza artificiale gestisce brillantemente il controllo, il monitoraggio e la documentazione. La competenza, il giudizio e la responsabilit\u00e0 restano alle persone.<\/p>\n\n\n<hr class=\"wp-block-separator has-alpha-channel-opacity\"\/>\n\n\n\n<h3 class=\"wp-block-heading\">Come iniziare<\/h3>\n\n\n<p>Iniziate con l'area a pi\u00f9 alto rischio o a pi\u00f9 alto impegno:<\/p>\n\n<p><strong>Scegliete un controllo da monitorare per primo:<\/strong><br \/>\nSegregazione dei compiti? Flussi di lavoro di approvazione? Conformit\u00e0 alle politiche? Sceglietene uno importante e chiaramente definito. Dimostrate che il monitoraggio dell'intelligenza artificiale funziona.<\/p>\n\n<p><strong>Definire regole chiare:<\/strong><br \/>\nL'AI ha bisogno di regole chiare per il monitoraggio. \"Le spese devono essere ragionevoli\" \u00e8 troppo vago. \"Le spese per i pasti superiori a $75 richiedono l'approvazione del direttore\" \u00e8 chiaro.<\/p>\n\n<p><strong>Iniziate con le segnalazioni a un piccolo gruppo:<\/strong><br \/>\nInizialmente non inondate tutti di avvisi. Indirizzare al controllore o a un piccolo team. Affinare le regole. Ridurre i falsi positivi. Poi espandetevi.<\/p>\n\n<p><strong>Documentate i benefici:<\/strong><br \/>\nTracciare quanti problemi sono stati individuati. Quanto presto sono stati individuati. Quanto tempo di audit \u00e8 stato risparmiato. Costruire il business case per l'espansione.<\/p>\n\n<p><strong>Espandersi gradualmente:<\/strong><br \/>\nAggiungere altri controlli per il monitoraggio. Aggiungere altre regole. Aggiungete altre persone che ricevono gli avvisi. Costruire un monitoraggio completo nel tempo.<\/p>\n\n<p><strong>Collaborare con i revisori:<\/strong><br \/>\nMostrate loro cosa state facendo. Chiedete il loro contributo. Apprezzeranno i test di popolazione rispetto al campionamento. Questo pu\u00f2 ridurre la portata e i costi dell'audit.<\/p>\n\n<p>Il monitoraggio continuo non si realizza da un giorno all'altro. Ma si pu\u00f2 iniziare con poco e costruire nel tempo.<\/p>\n\n\n<hr class=\"wp-block-separator has-alpha-channel-opacity\"\/>\n\n\n\n<h3 class=\"wp-block-heading\">Siete pronti per il monitoraggio continuo invece che per il panico da punto in bianco?<\/h3>\n\n\n<p>Ogni azienda ha rischi diversi. Controlli diversi. Requisiti di revisione diversi. Regolamenti diversi.<\/p>\n<p>Non vendiamo liste di controllo di conformit\u00e0 generiche. Analizziamo i vostri controlli specifici. I vostri rischi. I vostri requisiti di audit.<\/p>\n<p>Poi costruiamo un monitoraggio AI che si adatta al vostro ambiente. Gli stessi controlli che avete ora. Solo monitorati continuamente invece che periodicamente.<\/p>\n<p>Iniziamo con un settore. Dimostriamo che il monitoraggio continuo funziona. Poi ci espandiamo. Automazione pratica della conformit\u00e0 che riduce i rischi e fa risparmiare tempo.<\/p>\n\n<p><strong><a href=\"https:\/\/www.leaplytics.de\/it\/kontakt\/\">Parlateci delle vostre esigenze di audit e conformit\u00e0<\/a><\/strong><\/p>\n\n<p><a href=\"https:\/\/www.leaplytics.de\/it\/finanza-ai\/\">Torna alla panoramica sull'intelligenza artificiale in ambito finanziario<\/a><\/p>","protected":false},"excerpt":{"rendered":"<p>Intelligenza Artificiale per Audit e Conformit\u00e0: Monitoraggio continuo invece di panico puntuale Gli audit sono stressanti. I revisori stanno arrivando. Dovete trovare la documentazione di supporto per migliaia di transazioni. Verificare i controlli. Dimostrare che i processi sono stati seguiti. Spiegare le eccezioni. Vi affannate a raccogliere prove. Prelevare campioni. Creare file di audit. Rispondere alle domande. Sperare che non venga trovato nulla di grave. Controlli interni... <\/p>","protected":false},"author":2,"featured_media":0,"parent":0,"menu_order":0,"comment_status":"closed","ping_status":"closed","template":"","meta":{"footnotes":""},"class_list":["post-14425","page","type-page","status-publish","hentry","latest_post"],"_links":{"self":[{"href":"https:\/\/www.leaplytics.de\/it\/wp-json\/wp\/v2\/pages\/14425","targetHints":{"allow":["GET"]}}],"collection":[{"href":"https:\/\/www.leaplytics.de\/it\/wp-json\/wp\/v2\/pages"}],"about":[{"href":"https:\/\/www.leaplytics.de\/it\/wp-json\/wp\/v2\/types\/page"}],"author":[{"embeddable":true,"href":"https:\/\/www.leaplytics.de\/it\/wp-json\/wp\/v2\/users\/2"}],"replies":[{"embeddable":true,"href":"https:\/\/www.leaplytics.de\/it\/wp-json\/wp\/v2\/comments?post=14425"}],"version-history":[{"count":1,"href":"https:\/\/www.leaplytics.de\/it\/wp-json\/wp\/v2\/pages\/14425\/revisions"}],"predecessor-version":[{"id":14426,"href":"https:\/\/www.leaplytics.de\/it\/wp-json\/wp\/v2\/pages\/14425\/revisions\/14426"}],"wp:attachment":[{"href":"https:\/\/www.leaplytics.de\/it\/wp-json\/wp\/v2\/media?parent=14425"}],"curies":[{"name":"wp","href":"https:\/\/api.w.org\/{rel}","templated":true}]}}