{"id":14429,"date":"2025-12-19T01:30:35","date_gmt":"2025-12-19T00:30:35","guid":{"rendered":"https:\/\/www.leaplytics.de\/?page_id=14429"},"modified":"2025-12-19T01:30:36","modified_gmt":"2025-12-19T00:30:36","slug":"elaborazione-di-documenti-finanziari-ai","status":"publish","type":"page","link":"https:\/\/www.leaplytics.de\/it\/elaborazione-di-documenti-finanziari-ai\/","title":{"rendered":"Elaborazione di documenti finanziari AI"},"content":{"rendered":"<h2>L'intelligenza artificiale per l'elaborazione dei documenti finanziari: Smettere di digitare. Iniziare ad analizzare.<\/h2>\n\n<p>Il vostro team finanziario elabora centinaia o migliaia di documenti ogni mese. Fatture. Ricevute. Estratti conto bancari. Rapporti di spesa. Ordini di acquisto. Contratti.<\/p>\n<p>Qualcuno deve leggere tutti i documenti. Estrarre i dati. Inserirli nel sistema. Controllare che siano corretti. Abbinarli ad altri documenti. Archiviare correttamente.<\/p>\n<p>Non \u00e8 un lavoro di finanza. \u00c8 inserimento di dati. Ma ci vogliono ore ogni giorno.<\/p>\n<p>L'intelligenza artificiale legge i documenti pi\u00f9 velocemente di qualsiasi essere umano. Estrae i dati senza errori di battitura. Non si stanca mai di leggere il documento 473. E lavora 24 ore su 24, 7 giorni su 7.<\/p>\n<p>Non si tratta di sostituire il vostro team. Si tratta di liberarli dall'elaborazione dei documenti per consentire loro di svolgere il vero lavoro di contabilit\u00e0.<\/p>\n\n\n<hr class=\"wp-block-separator has-alpha-channel-opacity\"\/>\n\n\n\n<h3 class=\"wp-block-heading\">Il problema dei documenti in finanza<\/h3>\n\n\n<p>I documenti arrivano in ogni formato immaginabile:<\/p>\n<ul>\n<li>Allegati e-mail da centinaia di fornitori diversi<\/li>\n<li>Documenti cartacei scansionati dall'ufficio posta<\/li>\n<li>Foto delle ricevute dei dipendenti<\/li>\n<li>PDF che sono in realt\u00e0 immagini, non testo ricercabile<\/li>\n<li>Rendiconti a pi\u00f9 pagine con tabelle e voci di riga<\/li>\n<li>Note scritte a mano sulle bolle di consegna<\/li>\n<\/ul>\n\n<p>Ogni fornitore formatta le fatture in modo diverso. Ogni banca ha un proprio layout di estratto conto. Ogni dipendente fotografa le ricevute da un'angolazione diversa.<\/p>\n<p>Il vostro team deve gestire tutto questo. Estrarre le informazioni chiave. Inserirle nel sistema ERP o di contabilit\u00e0. Assicuratevi che nulla vada perso.<\/p>\n<p>Non \u00e8 un lavoro impegnativo. Richiede solo tempo. E quando il volume aumenta, servono pi\u00f9 persone o si lavora pi\u00f9 a lungo.<\/p>\n\n\n<hr class=\"wp-block-separator has-alpha-channel-opacity\"\/>\n\n\n\n<h3 class=\"wp-block-heading\">Cosa fa l'intelligenza artificiale per l'elaborazione dei documenti<\/h3>\n\n\n\n<h4 class=\"wp-block-heading\">Legge qualsiasi formato di documento<\/h4>\n\n\n<p>L'intelligenza artificiale non ha bisogno di modelli. Non ha bisogno di dati strutturati. Legge:<\/p>\n<ul>\n<li><strong>PDF:<\/strong> Immagini sia testuali che scansionate<\/li>\n<li><strong>Immagini:<\/strong> JPEG, PNG, TIFF da qualsiasi fonte<\/li>\n<li><strong>E-mail:<\/strong> Testo del corpo, allegati, firme<\/li>\n<li><strong>Foto:<\/strong> Anche le ricevute sfocate dei telefoni<\/li>\n<li><strong>Documenti a pi\u00f9 pagine:<\/strong> Dichiarazioni con decine di pagine<\/li>\n<\/ul>\n\n<p>Gestisce lingue diverse. Diverse valute. Formati di data diversi. Diversi layout di documenti.<\/p>\n<p>Il vostro fornitore cambia il modello di fattura? L'intelligenza artificiale si adatta automaticamente. Non \u00e8 necessaria alcuna riprogrammazione.<\/p>\n\n\n<h4 class=\"wp-block-heading\">Estrae esattamente ci\u00f2 che serve<\/h4>\n\n\n<p>Per le fatture, l'AI estrae:<\/p>\n<ul>\n<li>Nome e indirizzo del fornitore<\/li>\n<li>Numero e data della fattura<\/li>\n<li>Scadenza e termini di pagamento<\/li>\n<li>Voci con descrizioni e importi<\/li>\n<li>Subtotali, imposte, importo totale<\/li>\n<li>Numeri di ordine di acquisto, se riferiti<\/li>\n<li>Coordinate bancarie per il pagamento<\/li>\n<\/ul>\n\n<p>Per le ricevute, estrae:<\/p>\n<ul>\n<li>Nome e sede dell'esercente<\/li>\n<li>Data e ora<\/li>\n<li>Importo totale<\/li>\n<li>Importo dell'imposta<\/li>\n<li>Metodo di pagamento<\/li>\n<li>Acquisti dettagliati<\/li>\n<\/ul>\n\n<p>Per gli estratti conto bancari, si:<\/p>\n<ul>\n<li>Numero di conto<\/li>\n<li>Periodo di dichiarazione<\/li>\n<li>Saldi di apertura e di chiusura<\/li>\n<li>Ogni transazione con data, descrizione, importo<\/li>\n<li>Commissioni e interessi<\/li>\n<\/ul>\n\n<p>L'intelligenza artificiale non si limita a trovare il testo. Capisce il significato dei dati. Conosce la differenza tra un numero di fattura e un numero di ordine. Tra un subtotale e un totale. Tra un debito e un credito.<\/p>\n\n\n<h4 class=\"wp-block-heading\">Convalida automatica dei dati<\/h4>\n\n\n<p>L'IA non si limita a estrarre e ad andare avanti. Controlla:<\/p>\n\n<p><strong>Precisione matematica:<\/strong><br \/>\nLe voci di riga si sommano al subtotale? Il totale parziale pi\u00f9 le tasse \u00e8 uguale al totale? In caso contrario, il documento viene segnalato.<\/p>\n\n<p><strong>Corrispondenza dei dati anagrafici:<\/strong><br \/>\nQuesto fornitore \u00e8 presente nel vostro sistema? L'indirizzo corrisponde? Il numero di conto \u00e8 corretto? I fornitori sconosciuti vengono segnalati per la revisione.<\/p>\n\n<p><strong>Convalida di riferimento:<\/strong><br \/>\nQuel numero di ordine esiste? \u00c8 per questo fornitore? L'importo corrisponde? Le discrepanze attivano gli avvisi.<\/p>\n\n<p><strong>Rilevamento dei duplicati:<\/strong><br \/>\nQuesta fattura \u00e8 gi\u00e0 stata presentata in precedenza? Stesso fornitore, stesso importo, stessa data? L'AI individua i tentativi di pagamento doppi.<\/p>\n\n<p><strong>Controlli di ragionevolezza:<\/strong><br \/>\nL'importo \u00e8 molto pi\u00f9 alto del normale per questo fornitore? La data di scadenza \u00e8 passata? C'\u00e8 qualcosa di insolito? L'intelligenza artificiale segnala i valori anomali.<\/p>\n\n<p>Nulla passa senza convalida. Il vostro team vede solo i documenti che hanno superato tutti i controlli o che necessitano di un giudizio umano specifico.<\/p>\n\n\n<h4 class=\"wp-block-heading\">Indirizza i documenti in modo intelligente<\/h4>\n\n\n<p>Una volta elaborati, i documenti devono andare nel posto giusto:<\/p>\n\n<p><strong>Percorso di approvazione:<\/strong><br \/>\nSpese di marketing? Va al responsabile marketing. Oltre $5.000? Va al direttore. Spese in conto capitale? Va al direttore finanziario. L'intelligenza artificiale conosce la matrice di approvazione.<\/p>\n\n<p><strong>Assegnazione del dipartimento:<\/strong><br \/>\nIn base ai codici GL, ai centri di costo o al contenuto dei documenti, l'AI li indirizza al reparto giusto per la codifica e l'approvazione.<\/p>\n\n<p><strong>Gestione delle eccezioni:<\/strong><br \/>\nConvalida fallita? Va nella coda degli specialisti AP. Nuovo fornitore? Va all'ufficio acquisti. Importo insolito? Va al controllore. Ogni tipo di eccezione ha un proprio percorso.<\/p>\n\n<p><strong>Ordinamento prioritario:<\/strong><br \/>\n\u00c8 disponibile uno sconto per il pagamento anticipato? Alta priorit\u00e0. Fattura scaduta? Alta priorit\u00e0. Termini standard di 30 giorni? Coda normale. L'intelligenza artificiale stabilisce le priorit\u00e0 di ci\u00f2 che conta.<\/p>\n\n<p>Niente pi\u00f9 documenti fermi nella posta elettronica di una persona in attesa di essere smistati manualmente. Tutto scorre automaticamente verso la destinazione desiderata.<\/p>\n\n\n<h4 class=\"wp-block-heading\">Crea automaticamente le tracce di controllo<\/h4>\n\n\n<p>Per ogni documento, l'AI registra:<\/p>\n<ul>\n<li>Quando \u00e8 stato ricevuto<\/li>\n<li>Quali dati sono stati estratti<\/li>\n<li>Quali convalide sono state eseguite<\/li>\n<li>Cosa \u00e8 passato o non \u00e8 passato<\/li>\n<li>Chi ha esaminato le eccezioni<\/li>\n<li>Quali decisioni sono state prese<\/li>\n<li>Quando \u00e8 stato inviato al sistema<\/li>\n<\/ul>\n\n<p>Documentazione completa. Non \u00e8 necessaria alcuna registrazione manuale. Tutto pronto per la revisione contabile.<\/p>\n\n\n<hr class=\"wp-block-separator has-alpha-channel-opacity\"\/>\n\n\n\n<h3 class=\"wp-block-heading\">Cosa significa per voi<\/h3>\n\n\n\n<h4 class=\"wp-block-heading\">Per i CFO e i responsabili finanziari<\/h4>\n\n\n<p><strong>Costo inferiore per transazione:<\/strong><br \/>\nL'elaborazione manuale di una fattura costa $10-$30 a seconda della complessit\u00e0. Con l'intelligenza artificiale, il costo scende a $2-$5. Su scala, tutto ci\u00f2 si somma rapidamente.<\/p>\n\n<p><strong>Gestire la crescita senza aumentare l'organico:<\/strong><br \/>\nLa vostra attivit\u00e0 raddoppia il volume delle transazioni? L'intelligenza artificiale scala istantaneamente. Nessuna assunzione. Nessuna formazione. Nessun tempo di avviamento.<\/p>\n\n<p><strong>Tempi di ciclo pi\u00f9 rapidi:<\/strong><br \/>\nI documenti vengono elaborati il giorno stesso invece di rimanere in coda per giorni. Sconti di pagamento anticipati. Migliore visibilit\u00e0 del flusso di cassa.<\/p>\n\n<p><strong>Migliore qualit\u00e0 dei dati:<\/strong><br \/>\nNessun errore di battitura. Nessun campo mancante. Nessun numero trasposto. Dati pi\u00f9 puliti significano report migliori e meno correzioni.<\/p>\n\n<p><strong>Visibilit\u00e0 in tempo reale:<\/strong><br \/>\nVedere esattamente cosa c'\u00e8 in cantiere. Quante fatture sono in attesa di approvazione? Qual \u00e8 la passivit\u00e0 totale? Basta con i fogli di calcolo.<\/p>\n\n\n<h4 class=\"wp-block-heading\">Per i team AP\/AR<\/h4>\n\n\n<p><strong>Smettere di inserire dati:<\/strong><br \/>\nNon dovrete pi\u00f9 digitare dai PDF. Non \u00e8 pi\u00f9 necessario ricontrollare i numeri. L'intelligenza artificiale gestisce l'estrazione. Voi gestite le eccezioni e le decisioni.<\/p>\n\n<p><strong>Concentrarsi sulla risoluzione dei problemi:<\/strong><br \/>\nInvece di gestire 50 fatture standard, vi occupate delle 5 che devono essere giudicate. Controversie con i fornitori. Ordini di pagamento mancanti. Domande sui prezzi. Le cose interessanti.<\/p>\n\n<p><strong>Meno stress ripetitivo:<\/strong><br \/>\nDigitare centinaia di fatture causa un vero e proprio stress fisico. L'intelligenza artificiale non si ammala di tunnel carpale. Il vostro team rimane pi\u00f9 sano.<\/p>\n\n<p><strong>Gestite facilmente i periodi di punta:<\/strong><br \/>\nImpennata di fine mese? Impennata di fine trimestre? L'IA non rallenta. Non sono necessari straordinari. Non c'\u00e8 bisogno di stress per superare la pila.<\/p>\n\n<p><strong>Risposte pi\u00f9 rapide da parte dei fornitori:<\/strong><br \/>\n\"Dov'\u00e8 il mio pagamento?\" Potete rispondere immediatamente perch\u00e9 tutto \u00e8 nel sistema. Non \u00e8 necessario cercare nelle e-mail o nei mucchi di carta.<\/p>\n\n\n<h4 class=\"wp-block-heading\">Per l'intera azienda<\/h4>\n\n\n<p><strong>Meno penali per i ritardi di pagamento:<\/strong><br \/>\nDocumenti elaborati pi\u00f9 rapidamente significa pagamenti puntuali. Niente pi\u00f9 $50 tasse di mora perch\u00e9 una fattura \u00e8 rimasta nella posta elettronica per una settimana.<\/p>\n\n<p><strong>Pi\u00f9 sconti per i pagamenti anticipati:<\/strong><br \/>\nI termini \"2\/10 netto 30\" significano risparmi reali. L'intelligenza artificiale elabora in modo sufficientemente rapido da catturare effettivamente tali sconti.<\/p>\n\n<p><strong>Migliori relazioni con i fornitori:<\/strong><br \/>\nUn'elaborazione coerente e puntuale fa di voi un cliente migliore. I fornitori apprezzano la prevedibilit\u00e0.<\/p>\n\n<p><strong>Rimborsi pi\u00f9 rapidi per i dipendenti:<\/strong><br \/>\nRapporti di spesa elaborati in giorni, non in settimane. Dipendenti pi\u00f9 felici che non aspettano i loro soldi.<\/p>\n\n\n<hr class=\"wp-block-separator has-alpha-channel-opacity\"\/>\n\n\n\n<h3 class=\"wp-block-heading\">Scenari comuni di elaborazione dei documenti<\/h3>\n\n\n\n<h4 class=\"wp-block-heading\">Elaborazione delle fatture<\/h4>\n\n\n<p>La fattura arriva via e-mail. L'IA:<\/p>\n<ol>\n<li>Estrae tutti i dati delle fatture in pochi secondi<\/li>\n<li>Controlla i fornitori rispetto all'elenco principale<\/li>\n<li>Corrisponde all'OP se esiste<\/li>\n<li>Convalida gli importi e i calcoli<\/li>\n<li>Percorsi di approvazione in base all'importo e al reparto<\/li>\n<li>Crea una voce AP nel sistema<\/li>\n<li>Notifica all'approvatore tramite il metodo preferito<\/li>\n<\/ol>\n\n<p>Tempo totale: Meno di un minuto. Coinvolgimento umano: Solo decisione di approvazione.<\/p>\n\n\n<h4 class=\"wp-block-heading\">Elaborazione delle note spese<\/h4>\n\n\n<p>Il dipendente presenta una nota spese con 12 ricevute. L'AI:<\/p>\n<ol>\n<li>Legge tutte le ricevute, comprese le foto di carta stropicciata.<\/li>\n<li>Estrae commerciante, data e importo da ciascun<\/li>\n<li>Controlli rispetto alla politica aziendale (limiti di importo, categorie consentite)<\/li>\n<li>Segnala gli elementi fuori politica<\/li>\n<li>Popola automaticamente la nota spese<\/li>\n<li>Invio al manager per l'approvazione<\/li>\n<li>Code per il pagamento dei rimborsi<\/li>\n<\/ol>\n\n<p>Il dipendente non digita nulla. Il manager vede un riepilogo pulito con tutte le ricevute allegate. Il rimborso avviene pi\u00f9 rapidamente.<\/p>\n\n\n<h4 class=\"wp-block-heading\">Riconciliazione delle dichiarazioni<\/h4>\n\n\n<p>Arriva l'estratto conto mensile. L'IA:<\/p>\n<ol>\n<li>Estrae ogni transazione dall'estratto conto<\/li>\n<li>Corrisponde alle transazioni presenti nel sistema<\/li>\n<li>Identifica gli elementi non abbinati su entrambi i lati<\/li>\n<li>Segnala transazioni insolite (importi elevati, beneficiari sconosciuti).<\/li>\n<li>Crea un rapporto di riconciliazione che mostra ci\u00f2 che corrisponde e ci\u00f2 che non corrisponde<\/li>\n<li>Presenta eccezioni per la revisione umana<\/li>\n<\/ol>\n\n<p>Ci\u00f2 che prima richiedeva ore ora richiede minuti. Il vostro team si concentra solo sugli elementi che non corrispondono automaticamente.<\/p>\n\n\n<hr class=\"wp-block-separator has-alpha-channel-opacity\"\/>\n\n\n\n<h3 class=\"wp-block-heading\">Cosa non pu\u00f2 fare l'intelligenza artificiale<\/h3>\n\n\n<p>Siamo onesti sulle limitazioni:<\/p>\n\n<p><strong>Non \u00e8 in grado di gestire situazioni davvero uniche:<\/strong><br \/>\nFatture standard? Perfetto. Ma quel contratto di licenza una tantum con termini di pagamento insoliti? Ha ancora bisogno di una revisione umana.<\/p>\n\n<p><strong>Non pu\u00f2 prendere decisioni di giudizio:<\/strong><br \/>\nDobbiamo pagare questa fattura contestata? Vale la pena mantenere questo rapporto con il fornitore? Si tratta di decisioni aziendali, non di decisioni di elaborazione.<\/p>\n\n<p><strong>Non \u00e8 in grado di leggere documenti completamente distrutti:<\/strong><br \/>\nSe un essere umano non \u00e8 in grado di distinguere i numeri, non lo \u00e8 nemmeno l'IA. I documenti gravemente danneggiati richiedono comunque l'intervento umano.<\/p>\n\n<p><strong>Non \u00e8 in grado di gestire accordi verbali:<\/strong><br \/>\n\"Ho detto loro che avremmo pagato entro venerd\u00ec\" conta solo se \u00e8 documentato. L'IA lavora su ci\u00f2 che \u00e8 scritto, non su ci\u00f2 che \u00e8 stato detto.<\/p>\n\n<p><strong>Ha bisogno di dati chiari da estrarre:<\/strong><br \/>\nSe nel documento mancano informazioni critiche, l'IA le segnala ma non pu\u00f2 inventare i dati. Qualcuno deve ancora trovare il numero di fattura mancante.<\/p>\n\n<p>L'intelligenza artificiale gestisce brillantemente le elaborazioni di routine. Per tutto il resto \u00e8 necessaria l'esperienza del vostro team.<\/p>\n\n\n<hr class=\"wp-block-separator has-alpha-channel-opacity\"\/>\n\n\n\n<h3 class=\"wp-block-heading\">Come iniziare<\/h3>\n\n\n<p>L'IA per l'elaborazione dei documenti funziona al meglio quando si inizia in modo mirato:<\/p>\n\n<p><strong>Scegliete prima un tipo di documento:<\/strong><br \/>\nNon cercate di automatizzare tutto in una volta. Iniziate dal tipo di documento con il volume pi\u00f9 elevato. Di solito fatture o ricevute di spesa.<\/p>\n\n<p><strong>Iniziate con i dati pi\u00f9 puliti:<\/strong><br \/>\nI principali fornitori con una formattazione coerente sono i pi\u00f9 facili. Prima di tutto, ottenete dei successi, poi allargatevi a documenti pi\u00f9 variabili.<\/p>\n\n<p><strong>Mantenere gli esseri umani nel giro inizialmente:<\/strong><br \/>\nLasciate che l'IA elabori, ma fate in modo che il vostro team riveda tutto all'inizio. Creare fiducia nel sistema. Mettere a punto le regole di convalida.<\/p>\n\n<p><strong>Misurare il risparmio di tempo:<\/strong><br \/>\nTracciare il tempo di elaborazione prima e dopo. Misurare i tassi di errore. Documentate il miglioramento. Questo dimostra il valore.<\/p>\n\n<p><strong>Espandersi gradualmente:<\/strong><br \/>\nUna volta che un tipo di documento funziona bene, aggiungetene un altro. Costruite le vostre capacit\u00e0 di elaborazione automatica nel tempo.<\/p>\n\n<p>Non si tratta di una scelta obbligata. Si pu\u00f2 iniziare in piccolo, dimostrare il proprio valore e poi scalare.<\/p>\n\n\n<hr class=\"wp-block-separator has-alpha-channel-opacity\"\/>\n\n\n\n<h3 class=\"wp-block-heading\">Siete pronti a smettere di elaborare manualmente i documenti?<\/h3>\n\n\n<p>Ogni dipartimento finanziario ha volumi di documenti, formati e flussi di lavoro diversi. Le soluzioni standard non funzionano.<\/p>\n<p>Esaminiamo i vostri documenti reali. I vostri sistemi. I vostri processi di approvazione. Le vostre esigenze di gestione delle eccezioni.<\/p>\n<p>Poi creiamo un'elaborazione di documenti AI che si adatta al vostro modo di lavorare. Non la teoria. Non modelli generici. I vostri flussi di lavoro specifici.<\/p>\n<p>Iniziamo in piccolo. Dimostriamo che funziona. Poi ci espandiamo. Nessun investimento iniziale massiccio. Nessuna interruzione delle operazioni in corso.<\/p>\n\n<p><strong><a href=\"https:\/\/www.leaplytics.de\/it\/kontakt\/\">Parlate con noi dell'elaborazione dei vostri documenti<\/a><\/strong><\/p>\n\n<p><a href=\"https:\/\/www.leaplytics.de\/it\/finanza-ai\/\">Torna alla panoramica sull'intelligenza artificiale in ambito finanziario<\/a><\/p>","protected":false},"excerpt":{"rendered":"<p>AI for Financial Document Processing: Stop Typing. Start Analyzing. Your finance team processes hundreds or thousands of documents every month. Invoices. Receipts. Bank statements. Expense reports. Purchase orders. Contracts. Someone has to read every one. Extract the data. Type it into your system. Check it&#8217;s correct. Match it to other documents. File it properly. That&#8217;s &hellip; <\/p>","protected":false},"author":2,"featured_media":0,"parent":0,"menu_order":0,"comment_status":"closed","ping_status":"closed","template":"","meta":{"footnotes":""},"class_list":["post-14429","page","type-page","status-publish","hentry","latest_post"],"_links":{"self":[{"href":"https:\/\/www.leaplytics.de\/it\/wp-json\/wp\/v2\/pages\/14429","targetHints":{"allow":["GET"]}}],"collection":[{"href":"https:\/\/www.leaplytics.de\/it\/wp-json\/wp\/v2\/pages"}],"about":[{"href":"https:\/\/www.leaplytics.de\/it\/wp-json\/wp\/v2\/types\/page"}],"author":[{"embeddable":true,"href":"https:\/\/www.leaplytics.de\/it\/wp-json\/wp\/v2\/users\/2"}],"replies":[{"embeddable":true,"href":"https:\/\/www.leaplytics.de\/it\/wp-json\/wp\/v2\/comments?post=14429"}],"version-history":[{"count":1,"href":"https:\/\/www.leaplytics.de\/it\/wp-json\/wp\/v2\/pages\/14429\/revisions"}],"predecessor-version":[{"id":14430,"href":"https:\/\/www.leaplytics.de\/it\/wp-json\/wp\/v2\/pages\/14429\/revisions\/14430"}],"wp:attachment":[{"href":"https:\/\/www.leaplytics.de\/it\/wp-json\/wp\/v2\/media?parent=14429"}],"curies":[{"name":"wp","href":"https:\/\/api.w.org\/{rel}","templated":true}]}}