{"id":14440,"date":"2025-12-19T01:44:28","date_gmt":"2025-12-19T00:44:28","guid":{"rendered":"https:\/\/www.leaplytics.de\/?page_id=14440"},"modified":"2025-12-19T01:44:29","modified_gmt":"2025-12-19T00:44:29","slug":"onboarding-dei-dipendenti-ai","status":"publish","type":"page","link":"https:\/\/www.leaplytics.de\/it\/onboarding-dei-dipendenti-ai\/","title":{"rendered":"IA per l'inserimento dei dipendenti"},"content":{"rendered":"<h2>AI per l'onboarding dei dipendenti: Fare un'ottima prima impressione su larga scala<\/h2>\n\n<p>La prima impressione \u00e8 importante. Quando un nuovo dipendente inizia a lavorare, la prima settimana gli racconta tutto della vostra azienda.<\/p>\n<p>Un'accoglienza senza intoppi? Professionale. Organizzato. Si sentono sicuri di aver fatto la scelta giusta.<\/p>\n<p>Onboarding disordinato? Persi. Confusi. Si chiedono in cosa si siano cacciati. Alcuni abbandonano prima di iniziare.<\/p>\n<p>Il problema: l'onboarding \u00e8 ripetitivo ma dettagliato. Lo stesso processo per ogni assunzione. Ma per ognuno di loro ci sono documenti, accesso ai sistemi, attrezzature, formazione, presentazioni. Se si dimentica qualcosa, si creano problemi.<\/p>\n<p>L'intelligenza artificiale gestisce questo aspetto in modo perfetto. Segue sempre lo stesso processo. Non dimentica mai un passaggio. Tiene traccia di ci\u00f2 che \u00e8 stato fatto e di ci\u00f2 che \u00e8 in sospeso. Risponde istantaneamente alle domande dei nuovi assunti.<\/p>\n<p>Il vostro team smette di inseguire le scartoffie e inizia ad accogliere le persone.<\/p>\n\n\n<hr class=\"wp-block-separator has-alpha-channel-opacity\"\/>\n\n\n\n<h3 class=\"wp-block-heading\">Perch\u00e9 l'onboarding \u00e8 pi\u00f9 difficile di quanto dovrebbe essere<\/h3>\n\n\n<p>L'onboarding sembra semplice sulla carta. Nuovo assunto. Documenti. Formazione. Fatto.<\/p>\n<p>La realt\u00e0 \u00e8 pi\u00f9 confusa.<\/p>\n<p>I moduli arrivano incompleti. L'accesso all'IT viene ritardato perch\u00e9 qualcuno ha dimenticato di inviare il ticket. Gli incarichi di formazione sono manuali: qualcuno deve cercare ci\u00f2 che \u00e8 richiesto per ogni ruolo. Gli ordini di attrezzature cadono nel vuoto. I nuovi assunti hanno domande, ma le risorse umane sono impegnate con altri incendi.<\/p>\n<p>Il nuovo dipendente rimane in attesa. Forse per l'accesso al sistema. Forse per le attrezzature. Forse perch\u00e9 qualcuno gli dica cosa deve fare. Non \u00e8 un buon inizio.<\/p>\n<p>Il vostro team delle risorse umane sa che questo non va bene. Non sono pigri o incompetenti. Sono sopraffatti. Ogni nuova assunzione comporta pi\u00f9 di 20 attivit\u00e0 su pi\u00f9 sistemi. Moltiplicate questo dato per ogni assunzione al mese e sar\u00e0 il caos.<\/p>\n<p>Alcuni nuovi assunti hanno un ottimo onboarding perch\u00e9 la persona giusta li ha aiutati. Altri hanno un'esperienza terribile perch\u00e9 hanno iniziato durante una settimana piena. La coerenza \u00e8 impossibile quando tutto \u00e8 manuale.<\/p>\n<p>Non \u00e8 un problema di persone. \u00c8 un problema di processi. E l'IA \u00e8 costruita per i processi.<\/p>\n\n\n<hr class=\"wp-block-separator has-alpha-channel-opacity\"\/>\n\n\n\n<h3 class=\"wp-block-heading\">Cosa fa l'intelligenza artificiale per l'onboarding<\/h3>\n\n\n<p>L'intelligenza artificiale non sostituisce le risorse umane nell'onboarding. Si assicura che nulla vada perso. Ecco come.<\/p>\n\n\n<h4 class=\"wp-block-heading\">Elaborazione dei documenti che funziona davvero<\/h4>\n\n\n<p>I nuovi assunti presentano i moduli. Documenti fiscali. Informazioni sul deposito diretto. Contatti di emergenza. Iscrizione ai benefit. Riconoscimento delle polizze.<\/p>\n<p>Qualcuno deve esaminare ogni modulo. Estrarre i dati. Inserirli nei sistemi. Archiviare i documenti. Assicurarsi che non manchi nulla.<\/p>\n<p>L'intelligenza artificiale lo fa automaticamente.<\/p>\n<p>Arriva il modulo. L'intelligenza artificiale estrae le informazioni. Convalida la completezza dei campi obbligatori. Inoltra i dati ai sistemi giusti: HRIS, buste paga, piattaforma di benefit. Archivia il documento nel record del dipendente. Segnala tutto ci\u00f2 che manca o non \u00e8 corretto.<\/p>\n<p>Nessun inserimento manuale dei dati. Nessun errore di trascrizione. Nessun modulo perso nella casella di posta di qualcuno. Semplicemente elaborati e fatti.<\/p>\n<p>Quando i moduli sono incompleti, l'AI lo comunica immediatamente al nuovo assunto: \"Nel modulo di deposito diretto manca il numero di conto. La preghiamo di inviarlo nuovamente\". Non tre giorni dopo, quando le Risorse Umane lo esaminano, ma immediatamente.<\/p>\n<p>Solo questo consente di risparmiare ore per ogni nuovo assunto. Se si considerano decine o centinaia di assunzioni all'anno, il conto torna in fretta.<\/p>\n\n\n<h4 class=\"wp-block-heading\">Un incarico di formazione realmente personalizzato<\/h4>\n\n\n<p>Ogni ruolo ha una formazione obbligatoria. Formazione sulla conformit\u00e0. Formazione sul sistema. Formazione specifica sul ruolo. Orientamento al reparto.<\/p>\n<p>Assegnare manualmente questo ruolo \u00e8 noioso. Cercate i requisiti richiesti per questo ruolo. Verificate i requisiti specifici della sede. Aggiungete i contenuti specifici del reparto. Creare il piano di formazione. Iscrivere la persona. Tracciare il completamento della formazione.<\/p>\n<p>L'intelligenza artificiale gestisce questo aspetto.<\/p>\n<p>I dati dei nuovi assunti entrano nel sistema: ruolo, reparto, sede. L'intelligenza artificiale sa quale formazione \u00e8 necessaria per ogni combinazione. Crea automaticamente un piano di onboarding personalizzato. Iscrive il nuovo assunto ai corsi giusti. Stabilisce le scadenze in base alla priorit\u00e0.<\/p>\n<p>Un rappresentante di vendita in California? Ricevono una formazione sulle vendite, sulla conformit\u00e0 specifica della California, sull'orientamento aziendale e sul CRM. Ingegnere software in Germania? Conformit\u00e0 diversa, strumenti diversi, percorso di inserimento diverso.<\/p>\n<p>Stessa qualit\u00e0 per tutti. Non si perde nulla. Nessuna ricerca manuale.<\/p>\n\n\n<h4 class=\"wp-block-heading\">Tracciamento del completamento che mantiene le cose in movimento<\/h4>\n\n\n<p>L'onboarding non \u00e8 un'unica attivit\u00e0, ma 30 attivit\u00e0. Alcune sono veloci. Alcune richiedono giorni. Alcuni dipendono dal fatto che altri compiti siano stati svolti per primi.<\/p>\n<p>Chi tiene traccia di tutto questo? Di solito un coordinatore delle risorse umane con un foglio di calcolo. \"L'IT ha configurato il loro account? Hanno completato la formazione sulla conformit\u00e0? Hanno presentato l'I-9? Il loro manager ha fissato un check-in?\".<\/p>\n<p>L'intelligenza artificiale tiene traccia di tutto in modo automatico.<\/p>\n<p>Ogni attivit\u00e0 ha uno stato. Non iniziato. In corso. Completato. In ritardo. L'intelligenza artificiale monitora tutto questo in tempo reale.<\/p>\n<p>Quando qualcosa \u00e8 in ritardo, l'intelligenza artificiale invia dei promemoria. Al nuovo assunto se deve fare qualcosa. Alle risorse umane se qualcosa \u00e8 bloccato. Ai manager se devono intervenire.<\/p>\n<p>Non c'\u00e8 nulla che sfugga. Nessuno deve tenere traccia manualmente di 30 compiti per 10 nuovi assunti. Il sistema se ne occupa.<\/p>\n<p>Le risorse umane vedono un cruscotto: lo stato di onboarding di ogni nuovo assunto in un colpo d'occhio. Chi \u00e8 in regola. Chi \u00e8 bloccato. Chi ha bisogno di attenzione. Tutto qui.<\/p>\n\n\n<h4 class=\"wp-block-heading\">Assistenza ai nuovi assunti sempre disponibile<\/h4>\n\n\n<p>I nuovi assunti hanno delle domande. Molte.<\/p>\n<p>\"Dove parcheggio?\" \"Come faccio a impostare la mia e-mail?\". \"Quando iniziano i benefici?\" \"Dove trovo il manuale per i dipendenti?\". \"Qual \u00e8 il codice di abbigliamento?\" \"Come faccio a presentare le spese?\".<\/p>\n<p>Sono domande semplici. Ma qualcuno deve rispondere. E i nuovi assunti spesso le hanno al di fuori dell'orario di lavoro, ad esempio la domenica sera prima di iniziare il luned\u00ec.<\/p>\n<p>Il chatbot AI se ne occupa. 24\/7. Immediatamente.<\/p>\n<p>Conosce le vostre politiche. Conosce le procedure. Conosce le domande pi\u00f9 comuni dei neoassunti. Risponde in modo accurato e immediato.<\/p>\n<p>Per le domande complesse o delicate, il sistema si rivolge a un operatore umano con un contesto. Ma per le 80% di routine, le gestisce senza coinvolgere le risorse umane.<\/p>\n<p>I nuovi assunti si sentono supportati. Le risorse umane non si trovano a dover rispondere ripetutamente alle stesse domande. Tutti sono pi\u00f9 felici.<\/p>\n\n\n<h4 class=\"wp-block-heading\">Esperienza costante indipendentemente dal volume<\/h4>\n\n\n<p>Ecco il vero problema dell'onboarding manuale: la qualit\u00e0 varia.<\/p>\n<p>Un nuovo assunto inizia quando le risorse umane sono tranquille. Ricevono un servizio in bianco. Tutto \u00e8 perfetto. L'assunzione successiva inizia durante una settimana di lavoro. L'onboarding \u00e8 affrettato. Le cose si perdono. Esperienza peggiore.<\/p>\n<p>Con l'IA, ogni nuovo assunto riceve la stessa qualit\u00e0. Stesso processo. Stessa completezza. Stessa reattivit\u00e0.<\/p>\n<p>Non importa se si tratta di un'attivit\u00e0 di onboarding per una persona o per 20 persone quella settimana. L'IA lo gestisce con la stessa qualit\u00e0.<\/p>\n<p>Questo \u00e8 particolarmente importante per le aziende con assunzioni variabili, picchi stagionali, fasi di crescita, blocchi delle assunzioni. L'intelligenza artificiale si adatta istantaneamente.<\/p>\n\n\n<hr class=\"wp-block-separator has-alpha-channel-opacity\"\/>\n\n\n\n<h3 class=\"wp-block-heading\">Cosa significa per voi<\/h3>\n\n\n\n<h4 class=\"wp-block-heading\">Per i direttori delle risorse umane e i responsabili delle persone<\/h4>\n\n\n<ul>\n<li><strong>Onboarding coerente su scala.<\/strong> La qualit\u00e0 \u00e8 la stessa, sia che si assumano 2 persone sia che se ne assumano 20 in quel mese.<\/li>\n<li><strong>Tempi pi\u00f9 rapidi per la produttivit\u00e0.<\/strong> I nuovi assunti hanno a disposizione ci\u00f2 di cui hanno bisogno fin dal primo giorno. Non c'\u00e8 bisogno di aspettare per avere accesso o informazioni.<\/li>\n<li><strong>Migliore fidelizzazione dei nuovi assunti.<\/strong> Una buona esperienza di onboarding \u00e8 direttamente correlata alla fidelizzazione. Le persone che si sentono supportate fin dall'inizio restano pi\u00f9 a lungo.<\/li>\n<li><strong>Riduzione del carico amministrativo delle risorse umane.<\/strong> Meno tempo a rincorrere i moduli. Meno tempo per monitorare il completamento dei lavori. Meno tempo per rispondere alle domande di routine.<\/li>\n<li><strong>Visibilit\u00e0 della qualit\u00e0 dell'onboarding.<\/strong> Dati sui tassi di completamento, sui colli di bottiglia, sui tempi di produzione. \u00c8 possibile vedere cosa funziona e cosa no.<\/li>\n<li><strong>Migliore marchio del datore di lavoro.<\/strong> I nuovi assunti parlano. Un buon onboarding crea un passaparola positivo. Un cattivo onboarding fa il contrario.<\/li>\n<\/ul>\n\n\n<h4 class=\"wp-block-heading\">Per i responsabili e i coordinatori delle risorse umane<\/h4>\n\n\n<ul>\n<li><strong>Smettete di inseguire le scartoffie.<\/strong> L'AI elabora i documenti automaticamente. L'utente esamina solo le eccezioni.<\/li>\n<li><strong>Smettere di tracciare manualmente le attivit\u00e0.<\/strong> Il sistema tiene traccia di tutto. Si vede ci\u00f2 che ha bisogno di attenzione, non tutti i dettagli.<\/li>\n<li><strong>Smettere di rispondere alle stesse domande.<\/strong> L'intelligenza artificiale gestisce le richieste di routine. L'utente gestisce quelle complesse o delicate.<\/li>\n<li><strong>Pi\u00f9 tempo per le cose umane.<\/strong> Far sentire i nuovi assunti i benvenuti. Rispondere alle preoccupazioni. Costruire relazioni. Le cose che contano davvero.<\/li>\n<li><strong>Meno stress durante i periodi di lavoro.<\/strong> Quando le assunzioni aumentano, l'intelligenza artificiale scala. Non si annega nell'amministrazione dell'onboarding.<\/li>\n<\/ul>\n\n\n<h4 class=\"wp-block-heading\">Per i nuovi dipendenti<\/h4>\n\n\n<ul>\n<li><strong>Processo chiaro fin dal primo giorno.<\/strong> Sapete cosa fare. Quando farlo. Cosa \u00e8 necessario fare. Non c'\u00e8 confusione.<\/li>\n<li><strong>Risposte rapide alle domande.<\/strong> Non aspettate giorni per semplici informazioni. L'intelligenza artificiale risponde istantaneamente.<\/li>\n<li><strong>Tutto ci\u00f2 che serve, quando serve.<\/strong> Accesso al sistema. Apparecchiature. Formazione. Niente attese per cose che dovrebbero essere gi\u00e0 pronte.<\/li>\n<li><strong>Esperienza professionale.<\/strong> Questa \u00e8 l'azienda in cui pensavate di entrare. Organizzata, efficiente, professionale.<\/li>\n<li><strong>Concentratevi sull'apprendimento del lavoro.<\/strong> Non dovrete rincorrere i moduli o risolvere la logistica di base. Potete concentrarvi sull'effettiva produttivit\u00e0.<\/li>\n<\/ul>\n\n\n<hr class=\"wp-block-separator has-alpha-channel-opacity\"\/>\n\n\n\n<h3 class=\"wp-block-heading\">Cosa non far\u00e0 l'intelligenza artificiale<\/h3>\n\n\n<p>Siamo realistici sui limiti.<\/p>\n<p>L'intelligenza artificiale non sostituisce l'accoglienza umana. Non ha il check-in del manager. Non costruisce relazioni di squadra. Non percepisce quando un nuovo assunto \u00e8 in difficolt\u00e0 e ha bisogno di supporto.<\/p>\n<p>Gestisce il processo amministrativo. Moduli. Assegnazioni di formazione. Tracciamento dei compiti. Domande di routine.<\/p>\n<p>Il legame umano viene ancora dagli esseri umani. La conversazione \"come ti stai ambientando?\". Il pranzo di squadra. La mentorship. La trasmissione della cultura.<\/p>\n<p>L'intelligenza artificiale fa in modo che le questioni amministrative non intralcino quelle umane. Quando i nuovi assunti non attendono l'accesso al sistema o non sono confusi con i moduli, il vostro team pu\u00f2 concentrarsi sull'accoglienza vera e propria.<\/p>\n<p>Inoltre, l'intelligenza artificiale non pu\u00f2 risolvere un processo di onboarding scadente. Se il vostro flusso di onboarding \u00e8 fondamentalmente sbagliato, l'intelligenza artificiale non far\u00e0 altro che eseguire un processo sbagliato in modo pi\u00f9 efficiente. \u00c8 necessario prima risolvere il processo e poi utilizzare l'IA per eseguirlo in modo coerente.<\/p>\n\n\n<hr class=\"wp-block-separator has-alpha-channel-opacity\"\/>\n\n\n\n<h3 class=\"wp-block-heading\">Impatto sul mondo reale<\/h3>\n\n\n<p>Come si presenta questo aspetto nella pratica?<\/p>\n<p>Un'azienda in crescita implementa l'intelligenza artificiale per l'onboarding. Prima: l'onboarding richiedeva ai coordinatori delle risorse umane 6-8 ore per ogni nuovo assunto. Dopo: 2 ore. Si tratta di 4-6 ore risparmiate per persona.<\/p>\n<p>Per un'azienda che assume 5 persone al mese, si tratta di 20-30 ore al mese. Si tratta di mezzo FTE solo per l'automazione.<\/p>\n<p>Il time-to-productivity dei nuovi assunti diminuisce. Prima, i nuovi assunti impiegavano in media 8 giorni per avere tutti gli accessi necessari e completare la formazione obbligatoria. Dopo: 3 giorni. Si tratta di 5 giorni di produttivit\u00e0 guadagnati per ogni assunzione.<\/p>\n<p>I punteggi di soddisfazione dei nuovi assunti migliorano. Risposte rapide. Processo chiaro. Esperienza professionale. Le persone si sentono a posto con la loro decisione di entrare a far parte del team.<\/p>\n<p>La retention a 90 giorni migliora di 8%. Quando l'onboarding \u00e8 agevole, meno persone abbandonano nei primi mesi.<\/p>\n<p>Non si tratta di una teoria. Questo \u00e8 ci\u00f2 che accade quando l'intelligenza artificiale gestisce correttamente l'amministrazione dell'onboarding.<\/p>\n\n\n<hr class=\"wp-block-separator has-alpha-channel-opacity\"\/>\n\n\n\n<h3 class=\"wp-block-heading\">Come iniziare<\/h3>\n\n\n<p>Non \u00e8 necessario automatizzare tutto in una volta. Iniziate dal punto pi\u00f9 doloroso.<\/p>\n<p>Per la maggior parte delle aziende, si tratta dell'elaborazione dei documenti. Moduli che arrivano incompleti. Inserimento manuale dei dati. Cose che si perdono. Iniziate da qui.<\/p>\n<p>O forse \u00e8 un incarico di formazione. Troppo manuale. Le cose si perdono. Persone diverse ottengono qualit\u00e0 diverse. Risolvete prima di tutto questo.<\/p>\n<p>O forse sono le domande dei nuovi assunti. Le stesse richieste in continuazione. Tempi di risposta lenti. Lasciate che sia l'intelligenza artificiale a occuparsene.<\/p>\n<p>Scegliete un collo di bottiglia. Implementate l'intelligenza artificiale. Misurare l'impatto. Poi estendetelo ad altre parti dell'onboarding.<\/p>\n<p>L'onboarding di ogni azienda \u00e8 diverso. I vostri moduli sono unici. I vostri sistemi hanno requisiti specifici. Il vostro processo prevede determinate fasi.<\/p>\n<p>Ecco perch\u00e9 l'IA per l'onboarding non \u00e8 plug-and-play. Deve adattarsi al vostro flusso di lavoro attuale. Ai vostri strumenti reali. I vostri requisiti reali.<\/p>\n\n\n<hr class=\"wp-block-separator has-alpha-channel-opacity\"\/>\n\n\n\n<h3 class=\"wp-block-heading\">Il bilancio<\/h3>\n\n\n<p>L'onboarding \u00e8 importante. Incide sulla fidelizzazione, sul tempo di produttivit\u00e0 e sull'esperienza dei dipendenti. Un cattivo onboarding \u00e8 costoso: le persone se ne vanno, oppure restano ma impiegano pi\u00f9 tempo per diventare produttive.<\/p>\n<p>L'intelligenza artificiale non sostituisce il lato umano dell'onboarding. Gestisce la parte amministrativa in modo che il vostro team possa concentrarsi sulla parte umana.<\/p>\n<p>Il risultato \u00e8 una qualit\u00e0 costante, una produttivit\u00e0 pi\u00f9 rapida, una migliore fidelizzazione e team HR che non affogano nelle scartoffie durante i periodi di crescita.<\/p>\n<p>Non \u00e8 un'illazione. Questo \u00e8 ci\u00f2 che l'intelligenza artificiale fa per l'onboarding quando \u00e8 fatto bene.<\/p>\n\n\n<hr class=\"wp-block-separator has-alpha-channel-opacity\"\/>\n\n\n\n<h3 class=\"wp-block-heading\">Siete pronti a migliorare il vostro Onboarding?<\/h3>\n\n\n<p>Non vendiamo AI generiche per l'onboarding. Analizziamo il vostro processo specifico. I vostri moduli. I vostri sistemi. I vostri requisiti. Il vostro volume.<\/p>\n<p>Poi costruiamo un'intelligenza artificiale che si adatta al modo in cui le persone vengono effettivamente assunte. Non un processo idealizzato, ma il vostro processo reale.<\/p>\n<p>Nessun clamore. Nessun eccesso di pubblicit\u00e0. Solo un'intelligenza artificiale pratica che migliora l'onboarding per tutti.<\/p>\n\n<p><a href=\"https:\/\/www.leaplytics.de\/it\/kontakt\/\">Parliamo del vostro processo di onboarding<\/a><\/p>\n\n<p><a href=\"https:\/\/www.leaplytics.de\/it\/risorse-umane-ai\/\">Torna a Soluzioni HR AI<\/a><\/p>","protected":false},"excerpt":{"rendered":"<p>AI for Employee Onboarding: Make Great First Impressions at Scale First impressions matter. When a new employee starts, the first week tells them everything about your company. Smooth onboarding? Professional. Organized. They feel confident they made the right choice. Messy onboarding? Lost. Confused. Wondering what they got themselves into. Some quit before they really start. &hellip; <\/p>","protected":false},"author":2,"featured_media":0,"parent":0,"menu_order":0,"comment_status":"closed","ping_status":"closed","template":"","meta":{"footnotes":""},"class_list":["post-14440","page","type-page","status-publish","hentry","latest_post"],"_links":{"self":[{"href":"https:\/\/www.leaplytics.de\/it\/wp-json\/wp\/v2\/pages\/14440","targetHints":{"allow":["GET"]}}],"collection":[{"href":"https:\/\/www.leaplytics.de\/it\/wp-json\/wp\/v2\/pages"}],"about":[{"href":"https:\/\/www.leaplytics.de\/it\/wp-json\/wp\/v2\/types\/page"}],"author":[{"embeddable":true,"href":"https:\/\/www.leaplytics.de\/it\/wp-json\/wp\/v2\/users\/2"}],"replies":[{"embeddable":true,"href":"https:\/\/www.leaplytics.de\/it\/wp-json\/wp\/v2\/comments?post=14440"}],"version-history":[{"count":1,"href":"https:\/\/www.leaplytics.de\/it\/wp-json\/wp\/v2\/pages\/14440\/revisions"}],"predecessor-version":[{"id":14449,"href":"https:\/\/www.leaplytics.de\/it\/wp-json\/wp\/v2\/pages\/14440\/revisions\/14449"}],"wp:attachment":[{"href":"https:\/\/www.leaplytics.de\/it\/wp-json\/wp\/v2\/media?parent=14440"}],"curies":[{"name":"wp","href":"https:\/\/api.w.org\/{rel}","templated":true}]}}